{"id":227331,"date":"2026-01-06T15:21:44","date_gmt":"2026-01-06T14:21:44","guid":{"rendered":"https:\/\/shop.bantam.ch\/produit\/satanlage-automatisch-oyster-5-85-premium-base-weiss\/"},"modified":"2026-04-19T02:22:28","modified_gmt":"2026-04-19T00:22:28","slug":"satanlage-automatisch-oyster-5-85-premium-base-weiss","status":"publish","type":"product","link":"https:\/\/shop.bantam.ch\/de\/produkt\/satanlage-automatisch-oyster-5-85-premium-base-weiss\/","title":{"rendered":"Satanlage automatisch Oyster 5 85 Premium Base wei\u00df"},"content":{"rendered":"<p><!--StartFragment -->Mit der Oyster\u00ae V schl\u00e4gt das Unternehmen ten Haaft ein neues Kapitel in der mobilen Antennen-Technologie auf: weniger Gewicht, kompaktere Konstruktion, technische Sch\u00e4rfungen gegen\u00fcber dem Vorg\u00e4ngermodell. Was unver\u00e4ndert bleibt, ist die Top-Qualit\u00e4t. \u00dcberzeugen Sie sich selbst und gehen Sie mit der neuen Oyster\u00ae V auf Empfang!<\/p>\n<p>Ein gewaltiger Schritt<\/p>\n<p>Mit 17 Zentimetern H\u00f6he punktet die Oyster\u00ae V-Generation mit ihrer Kompaktheit: Die geschwungene Form des Feedarms erlaubt ein platzsparendes Ablegen des Antennenk\u00f6rpers.<\/p>\n<p>Nicht suchen. Finden!<\/p>\n<p>Die Antenne \u201ewei\u00df\u201c zu jedem Zeitpunkt, wo sich die Satelliten befinden und richtet sich zielsicher aus \u2013 lange und nervige Rundum-Suchl\u00e4ufe sind damit pass\u00e9. Was hinter diesem technischen Vorsprung steckt? Das Zusammenspiel von GPS, 3D-Kompass und Neigungssensor.<\/p>\n<p>Das globale Positionsbestimmungssystem (GPS) ermittelt den Standort des Fahrzeugs, der 3D-Kompass stellt fest, in welche Richtung Ihr Fahrzeug und damit die Antenne zeigt \u2013 und der Neigungssensor identifiziert eine m\u00f6gliche Schieflage des Mobils. Diese Neigung auf einem Stellplatz wird oft untersch\u00e4tzt \u2013 wenige Grad k\u00f6nnen bereits ein erhebliches St\u00f6rpotenzial verursachen. Viel mehr als der H\u00f6henunterschied zwischen der Fahrzeugposition auf einem Berggipfel und im Tal. Deshalb gleicht der Sensor die Antennenposition bei Bedarf exakt aus.<\/p>\n<p>Ein Kabel ist ein Kabel<\/p>\n<p>Ein weiteres schlagkr\u00e4ftiges Argument f\u00fcr diese innovative Technik: Die \u201eEin-Kabel-L\u00f6sung\u201c bei ten Haaft k\u00f6nnen Sie w\u00f6rtlich nehmen. Steuerung, Stromversorgung und Signal\u00fcbertragung der Au\u00dfeneinheit laufen bei der neuen Oyster\u00ae V \u00fcber ein einziges Kabel. So wird der Einbau zur minimalinvasiven Operation \u2013 eine kleine Durchf\u00fchrung im Aufbau gen\u00fcgt. Im Falle der TWIN-Option wird ein zus\u00e4tzliches Antennenkabel ben\u00f6tigt (ist im Lieferumfang bei TWIN Anlagen enthalten).<\/p>\n<p>Bew\u00e4hrte Technik f\u00fcr h\u00f6chste Qualit\u00e4tsanspr\u00fcche<\/p>\n<p>Bei zehntausenden Oyster\u00ae-Anlagen hat sich die Drehkopf-Technik von ten Haaft bestens bew\u00e4hrt: Ausschlie\u00dflich der Kopf der Antenne dreht sich, der Antennenk\u00f6rper selbst ist fixiert. So muss weniger Gewicht bewegt werden \u2013 das reduziert den Stromverbrauch und die mechanische Belastung, au\u00dferdem spart es Platz. Und auch bei Schnee auf dem Dach bleibt die Antenne beweglich, da der Drehpunkt etwas erh\u00f6ht liegt. F\u00fcr die neue Oyster\u00ae V-Generation wurde diese Technik noch weiter verfeinert.<\/p>\n<p>Keine Chance f\u00fcr Wackelkandidaten!<\/p>\n<p>Die Oyster\u00ae Au\u00dfeneinheit wiegt gerade mal 11 kg. Fast verbl\u00fcffend, dass trotz Gewichtsreduktion die Stabilit\u00e4t zugenommen hat. Und die ist entscheidend. Nicht nur f\u00fcr die sprichw\u00f6rtliche \u201eOyster\u00ae-Langlebigkeit\u201c, sondern gerade f\u00fcr den unterbrechungsfreien Empfang. Hersteller, die an der falschen Stelle sparen, riskieren ein instabiles, windanf\u00e4lliges Antennensystem. Und damit sind Bildst\u00f6rungen vorprogrammiert. Die Stabilit\u00e4t der Oyster\u00ae ist das Ergebnis findiger Ingenieurskunst und modernster, hochwertiger Materialien, wie sie auch im Rennsport verwendet werden. Der Spiegelarm ist aus einem St\u00fcck gefertigt und besteht aus ultra-leichtem Magnesium. Das macht ihn bei geringstem Gewicht extrem stabil und verwindungssteif. Auch der Feed-Arm aus glasfaserverst\u00e4rktem Kunststoff gewinnt dank der pr\u00e4zise berechneten Streben im Inneren h\u00f6chste Torsionssteifigkeit. Im Klartext: Er l\u00e4sst sich nicht verdrehen. \u00dcberdies bietet dieses durchdachte Bauteil Platz f\u00fcr die Kabelf\u00fchrung und den Neigungssensor sowie den Kompass. Wird die Antenne mit SKEW ausgestattet (optional), ist auch dieser in den Feed-Arm integriert und damit vor Wind und Wetter gesch\u00fctzt.<\/p>\n<p>&nbsp;<\/p>\n<p>APP Bedienung Inklusive<\/p>\n<p>Bedienen l\u00e4sst sich die Oyster V jetzt auch bequem via ten haaft App, womit sich auch Updates kinderleicht aufspielen lassen und Ihre Anlage somit jederzeit auf dem neuesten softwarestand ist. Geeignet f\u00fcr Android und iOS.<\/p>\n<p><!--EndFragment --><\/p>\n","protected":false},"excerpt":{"rendered":"<p>Mit der Oyster\u00ae V schl\u00e4gt das Unternehmen ten Haaft ein neues Kapitel in der mobilen Antennen-Technologie auf: weniger Gewicht, kompaktere Konstruktion, technische Sch\u00e4rfungen gegen\u00fcber dem Vorg\u00e4ngermodell. Was unver\u00e4ndert bleibt, ist die Top-Qualit\u00e4t. \u00dcberzeugen Sie sich selbst und gehen Sie mit der neuen Oyster\u00ae V auf Empfang! Ein gewaltiger Schritt Mit 17 Zentimetern H\u00f6he punktet die [&hellip;]<\/p>\n","protected":false},"featured_media":227326,"template":"","meta":{"_acf_changed":false},"product_featured_cat":[],"product_brand":[],"product_cat":[4524],"product_tag":[],"class_list":{"0":"post-227331","1":"product","2":"type-product","3":"status-publish","4":"has-post-thumbnail","6":"product_cat-sat-anlagen","8":"first","9":"instock","10":"taxable","11":"shipping-taxable","12":"purchasable","13":"product-type-variable"},"acf":[],"yoast_head":"<!-- This site is optimized with the Yoast SEO plugin v27.4 - https:\/\/yoast.com\/product\/yoast-seo-wordpress\/ -->\n<title>Satanlage automatisch Oyster 5 85 Premium Base wei\u00df - Bantam Camping AG<\/title>\n<meta name=\"robots\" content=\"index, follow, max-snippet:-1, max-image-preview:large, max-video-preview:-1\" \/>\n<link rel=\"canonical\" href=\"https:\/\/shop.bantam.ch\/de\/produkt\/satanlage-automatisch-oyster-5-85-premium-base-weiss\/\" \/>\n<meta property=\"og:locale\" content=\"de_DE\" \/>\n<meta property=\"og:type\" content=\"article\" \/>\n<meta property=\"og:title\" content=\"Satanlage automatisch Oyster 5 85 Premium Base wei\u00df - Bantam Camping AG\" \/>\n<meta property=\"og:description\" content=\"Mit der Oyster\u00ae V schl\u00e4gt das Unternehmen ten Haaft ein neues Kapitel in der mobilen Antennen-Technologie auf: weniger Gewicht, kompaktere Konstruktion, technische Sch\u00e4rfungen gegen\u00fcber dem Vorg\u00e4ngermodell. Was unver\u00e4ndert bleibt, ist die Top-Qualit\u00e4t. \u00dcberzeugen Sie sich selbst und gehen Sie mit der neuen Oyster\u00ae V auf Empfang! Ein gewaltiger Schritt Mit 17 Zentimetern H\u00f6he punktet die [&hellip;]\" \/>\n<meta property=\"og:url\" content=\"https:\/\/shop.bantam.ch\/de\/produkt\/satanlage-automatisch-oyster-5-85-premium-base-weiss\/\" \/>\n<meta property=\"og:site_name\" content=\"Bantam Camping AG\" \/>\n<meta property=\"article:modified_time\" content=\"2026-04-19T00:22:28+00:00\" \/>\n<meta name=\"twitter:card\" content=\"summary_large_image\" \/>\n<meta name=\"twitter:label1\" content=\"Gesch\u00e4tzte Lesezeit\" \/>\n\t<meta name=\"twitter:data1\" content=\"3\u00a0Minuten\" \/>\n<script type=\"application\/ld+json\" class=\"yoast-schema-graph\">{\"@context\":\"https:\\\/\\\/schema.org\",\"@graph\":[{\"@type\":\"WebPage\",\"@id\":\"https:\\\/\\\/shop.bantam.ch\\\/de\\\/produkt\\\/satanlage-automatisch-oyster-5-85-premium-base-weiss\\\/\",\"url\":\"https:\\\/\\\/shop.bantam.ch\\\/de\\\/produkt\\\/satanlage-automatisch-oyster-5-85-premium-base-weiss\\\/\",\"name\":\"Satanlage automatisch Oyster 5 85 Premium Base wei\u00df - Bantam Camping AG\",\"isPartOf\":{\"@id\":\"https:\\\/\\\/shop.bantam.ch\\\/de\\\/#website\"},\"primaryImageOfPage\":{\"@id\":\"https:\\\/\\\/shop.bantam.ch\\\/de\\\/produkt\\\/satanlage-automatisch-oyster-5-85-premium-base-weiss\\\/#primaryimage\"},\"image\":{\"@id\":\"https:\\\/\\\/shop.bantam.ch\\\/de\\\/produkt\\\/satanlage-automatisch-oyster-5-85-premium-base-weiss\\\/#primaryimage\"},\"thumbnailUrl\":\"https:\\\/\\\/shop.bantam.ch\\\/wp-content\\\/uploads\\\/2026\\\/01\\\/Movera-L-9955251100.jpg\",\"datePublished\":\"2026-01-06T14:21:44+00:00\",\"dateModified\":\"2026-04-19T00:22:28+00:00\",\"breadcrumb\":{\"@id\":\"https:\\\/\\\/shop.bantam.ch\\\/de\\\/produkt\\\/satanlage-automatisch-oyster-5-85-premium-base-weiss\\\/#breadcrumb\"},\"inLanguage\":\"de\",\"potentialAction\":[{\"@type\":\"ReadAction\",\"target\":[\"https:\\\/\\\/shop.bantam.ch\\\/de\\\/produkt\\\/satanlage-automatisch-oyster-5-85-premium-base-weiss\\\/\"]}]},{\"@type\":\"ImageObject\",\"inLanguage\":\"de\",\"@id\":\"https:\\\/\\\/shop.bantam.ch\\\/de\\\/produkt\\\/satanlage-automatisch-oyster-5-85-premium-base-weiss\\\/#primaryimage\",\"url\":\"https:\\\/\\\/shop.bantam.ch\\\/wp-content\\\/uploads\\\/2026\\\/01\\\/Movera-L-9955251100.jpg\",\"contentUrl\":\"https:\\\/\\\/shop.bantam.ch\\\/wp-content\\\/uploads\\\/2026\\\/01\\\/Movera-L-9955251100.jpg\",\"width\":640,\"height\":810},{\"@type\":\"BreadcrumbList\",\"@id\":\"https:\\\/\\\/shop.bantam.ch\\\/de\\\/produkt\\\/satanlage-automatisch-oyster-5-85-premium-base-weiss\\\/#breadcrumb\",\"itemListElement\":[{\"@type\":\"ListItem\",\"position\":1,\"name\":\"Accueil\",\"item\":\"https:\\\/\\\/shop.bantam.ch\\\/de\\\/\"},{\"@type\":\"ListItem\",\"position\":2,\"name\":\"Shop\",\"item\":\"https:\\\/\\\/shop.bantam.ch\\\/de\\\/shop\\\/\"},{\"@type\":\"ListItem\",\"position\":3,\"name\":\"Satanlage automatisch Oyster 5 85 Premium Base wei\u00df\"}]},{\"@type\":\"WebSite\",\"@id\":\"https:\\\/\\\/shop.bantam.ch\\\/de\\\/#website\",\"url\":\"https:\\\/\\\/shop.bantam.ch\\\/de\\\/\",\"name\":\"Bantam Camping AG\",\"description\":\"\",\"publisher\":{\"@id\":\"https:\\\/\\\/shop.bantam.ch\\\/de\\\/#organization\"},\"inLanguage\":\"de\"},{\"@type\":\"Organization\",\"@id\":\"https:\\\/\\\/shop.bantam.ch\\\/de\\\/#organization\",\"name\":\"Bantam Camping AG\",\"url\":\"https:\\\/\\\/shop.bantam.ch\\\/de\\\/\",\"logo\":{\"@type\":\"ImageObject\",\"inLanguage\":\"de\",\"@id\":\"https:\\\/\\\/shop.bantam.ch\\\/de\\\/#\\\/schema\\\/logo\\\/image\\\/\",\"url\":\"https:\\\/\\\/shop.bantam.ch\\\/wp-content\\\/uploads\\\/2022\\\/12\\\/bantam-logo.png\",\"contentUrl\":\"https:\\\/\\\/shop.bantam.ch\\\/wp-content\\\/uploads\\\/2022\\\/12\\\/bantam-logo.png\",\"width\":320,\"height\":71,\"caption\":\"Bantam Camping AG\"},\"image\":{\"@id\":\"https:\\\/\\\/shop.bantam.ch\\\/de\\\/#\\\/schema\\\/logo\\\/image\\\/\"}}]}<\/script>\n<!-- \/ Yoast SEO plugin. -->","yoast_head_json":{"title":"Satanlage automatisch Oyster 5 85 Premium Base wei\u00df - Bantam Camping AG","robots":{"index":"index","follow":"follow","max-snippet":"max-snippet:-1","max-image-preview":"max-image-preview:large","max-video-preview":"max-video-preview:-1"},"canonical":"https:\/\/shop.bantam.ch\/de\/produkt\/satanlage-automatisch-oyster-5-85-premium-base-weiss\/","og_locale":"de_DE","og_type":"article","og_title":"Satanlage automatisch Oyster 5 85 Premium Base wei\u00df - Bantam Camping AG","og_description":"Mit der Oyster\u00ae V schl\u00e4gt das Unternehmen ten Haaft ein neues Kapitel in der mobilen Antennen-Technologie auf: weniger Gewicht, kompaktere Konstruktion, technische Sch\u00e4rfungen gegen\u00fcber dem Vorg\u00e4ngermodell. Was unver\u00e4ndert bleibt, ist die Top-Qualit\u00e4t. \u00dcberzeugen Sie sich selbst und gehen Sie mit der neuen Oyster\u00ae V auf Empfang! Ein gewaltiger Schritt Mit 17 Zentimetern H\u00f6he punktet die [&hellip;]","og_url":"https:\/\/shop.bantam.ch\/de\/produkt\/satanlage-automatisch-oyster-5-85-premium-base-weiss\/","og_site_name":"Bantam Camping AG","article_modified_time":"2026-04-19T00:22:28+00:00","twitter_card":"summary_large_image","twitter_misc":{"Gesch\u00e4tzte Lesezeit":"3\u00a0Minuten"},"schema":{"@context":"https:\/\/schema.org","@graph":[{"@type":"WebPage","@id":"https:\/\/shop.bantam.ch\/de\/produkt\/satanlage-automatisch-oyster-5-85-premium-base-weiss\/","url":"https:\/\/shop.bantam.ch\/de\/produkt\/satanlage-automatisch-oyster-5-85-premium-base-weiss\/","name":"Satanlage automatisch Oyster 5 85 Premium Base wei\u00df - Bantam Camping AG","isPartOf":{"@id":"https:\/\/shop.bantam.ch\/de\/#website"},"primaryImageOfPage":{"@id":"https:\/\/shop.bantam.ch\/de\/produkt\/satanlage-automatisch-oyster-5-85-premium-base-weiss\/#primaryimage"},"image":{"@id":"https:\/\/shop.bantam.ch\/de\/produkt\/satanlage-automatisch-oyster-5-85-premium-base-weiss\/#primaryimage"},"thumbnailUrl":"https:\/\/shop.bantam.ch\/wp-content\/uploads\/2026\/01\/Movera-L-9955251100.jpg","datePublished":"2026-01-06T14:21:44+00:00","dateModified":"2026-04-19T00:22:28+00:00","breadcrumb":{"@id":"https:\/\/shop.bantam.ch\/de\/produkt\/satanlage-automatisch-oyster-5-85-premium-base-weiss\/#breadcrumb"},"inLanguage":"de","potentialAction":[{"@type":"ReadAction","target":["https:\/\/shop.bantam.ch\/de\/produkt\/satanlage-automatisch-oyster-5-85-premium-base-weiss\/"]}]},{"@type":"ImageObject","inLanguage":"de","@id":"https:\/\/shop.bantam.ch\/de\/produkt\/satanlage-automatisch-oyster-5-85-premium-base-weiss\/#primaryimage","url":"https:\/\/shop.bantam.ch\/wp-content\/uploads\/2026\/01\/Movera-L-9955251100.jpg","contentUrl":"https:\/\/shop.bantam.ch\/wp-content\/uploads\/2026\/01\/Movera-L-9955251100.jpg","width":640,"height":810},{"@type":"BreadcrumbList","@id":"https:\/\/shop.bantam.ch\/de\/produkt\/satanlage-automatisch-oyster-5-85-premium-base-weiss\/#breadcrumb","itemListElement":[{"@type":"ListItem","position":1,"name":"Accueil","item":"https:\/\/shop.bantam.ch\/de\/"},{"@type":"ListItem","position":2,"name":"Shop","item":"https:\/\/shop.bantam.ch\/de\/shop\/"},{"@type":"ListItem","position":3,"name":"Satanlage automatisch Oyster 5 85 Premium Base wei\u00df"}]},{"@type":"WebSite","@id":"https:\/\/shop.bantam.ch\/de\/#website","url":"https:\/\/shop.bantam.ch\/de\/","name":"Bantam Camping AG","description":"","publisher":{"@id":"https:\/\/shop.bantam.ch\/de\/#organization"},"inLanguage":"de"},{"@type":"Organization","@id":"https:\/\/shop.bantam.ch\/de\/#organization","name":"Bantam Camping AG","url":"https:\/\/shop.bantam.ch\/de\/","logo":{"@type":"ImageObject","inLanguage":"de","@id":"https:\/\/shop.bantam.ch\/de\/#\/schema\/logo\/image\/","url":"https:\/\/shop.bantam.ch\/wp-content\/uploads\/2022\/12\/bantam-logo.png","contentUrl":"https:\/\/shop.bantam.ch\/wp-content\/uploads\/2022\/12\/bantam-logo.png","width":320,"height":71,"caption":"Bantam Camping AG"},"image":{"@id":"https:\/\/shop.bantam.ch\/de\/#\/schema\/logo\/image\/"}}]}},"_links":{"self":[{"href":"https:\/\/shop.bantam.ch\/de\/wp-json\/wp\/v2\/product\/227331","targetHints":{"allow":["GET"]}}],"collection":[{"href":"https:\/\/shop.bantam.ch\/de\/wp-json\/wp\/v2\/product"}],"about":[{"href":"https:\/\/shop.bantam.ch\/de\/wp-json\/wp\/v2\/types\/product"}],"wp:featuredmedia":[{"embeddable":true,"href":"https:\/\/shop.bantam.ch\/de\/wp-json\/wp\/v2\/media\/227326"}],"wp:attachment":[{"href":"https:\/\/shop.bantam.ch\/de\/wp-json\/wp\/v2\/media?parent=227331"}],"wp:term":[{"taxonomy":"product_featured_cat","embeddable":true,"href":"https:\/\/shop.bantam.ch\/de\/wp-json\/wp\/v2\/product_featured_cat?post=227331"},{"taxonomy":"product_brand","embeddable":true,"href":"https:\/\/shop.bantam.ch\/de\/wp-json\/wp\/v2\/product_brand?post=227331"},{"taxonomy":"product_cat","embeddable":true,"href":"https:\/\/shop.bantam.ch\/de\/wp-json\/wp\/v2\/product_cat?post=227331"},{"taxonomy":"product_tag","embeddable":true,"href":"https:\/\/shop.bantam.ch\/de\/wp-json\/wp\/v2\/product_tag?post=227331"}],"curies":[{"name":"wp","href":"https:\/\/api.w.org\/{rel}","templated":true}]}}