{"id":227288,"date":"2026-01-06T15:20:32","date_gmt":"2026-01-06T14:20:32","guid":{"rendered":"https:\/\/shop.bantam.ch\/produit\/multimatik-2-flaschenanlage-mit-pruefanschlussventil-ausgang-srv8mm\/"},"modified":"2026-04-18T23:50:12","modified_gmt":"2026-04-18T21:50:12","slug":"multimatik-2-flaschenanlage-mit-pruefanschlussventil-ausgang-srv8mm","status":"publish","type":"product","link":"https:\/\/shop.bantam.ch\/de\/produkt\/multimatik-2-flaschenanlage-mit-pruefanschlussventil-ausgang-srv8mm\/","title":{"rendered":"Multimatik 2-Flaschenanlage mit Pr\u00fcfanschlu\u00dfventil Ausgang SRV8mm"},"content":{"rendered":"<p><!--StartFragment -->Die Multimatik CPU wechselt automatisch von leerer Betriebsflasche zur vollen Reserveflasche. \u00dcber das Kontroll- und Schaltpanel im Innenraum des Fahrzeugs werden Sie \u00fcber den Betriebszustand der Gasanlage informiert.<\/p>\n<p>&nbsp;<\/p>\n<p>W\u00e4hrend der Fahrt K\u00fchlschrank, Heizofen oder andere Verbraucher betreiben und immer auf der sicheren Seite sein. Die patentierte &#8222;Crash Protection Unit&#8220; &#8211; CPU unterbricht im Ernstfall sofort die Gaszufuhr und verhindert so das Schlimmste.<\/p>\n<p>&nbsp;<\/p>\n<p>Mit Hochdruckschlauch und Schlauchbruchsicherung erf\u00fcllt sie dabei alle EU-Heizger\u00e4terichtlinien nach 2001\/56\/EG inkl. der Sonderregelungen f\u00fcr Frankreich.<\/p>\n<p>&nbsp;<\/p>\n<p>Ob bei Vollbremsungen, Unfall oder ungew\u00f6hnlich gro\u00dfen Schr\u00e4glagen, die elektronische CPU unterbricht die Gaszufuhr sofort. Au\u00dferdem k\u00f6nnen nahezu alle g\u00e4ngigen Gaswarnger\u00e4te direkt mit der CPU-Elektronik verbunden werden. Bei Gasalarm wird dann zu Ihrer gr\u00f6\u00dftm\u00f6glichen Sicherheit ebenfalls die Gaszufuhr sofort unterbrochen. W\u00e4hrend der Standzeit sowie bei der Fahrt genie\u00dfen Sie mit der CPU h\u00f6chsten Komfort bei maximaler Sicherheit.<\/p>\n<p>&nbsp;<\/p>\n<ul>\n<li>Ausgang SRV 10 mm<\/li>\n<li>1,5k g\/h 30mbar mit Pr\u00fcfanschlu\u00dfventil<\/li>\n<li>Nach EN 12864 Annex D<\/li>\n<\/ul>\n<p>&nbsp;<\/p>\n<p>Lieferumfang: Inklusive 2 x Anschlu\u00dfschlauch KLF-Kombi 45 cm<\/p>\n<p><!--EndFragment --><\/p>\n","protected":false},"excerpt":{"rendered":"<p>Die Multimatik CPU wechselt automatisch von leerer Betriebsflasche zur vollen Reserveflasche. \u00dcber das Kontroll- und Schaltpanel im Innenraum des Fahrzeugs werden Sie \u00fcber den Betriebszustand der Gasanlage informiert. &nbsp; W\u00e4hrend der Fahrt K\u00fchlschrank, Heizofen oder andere Verbraucher betreiben und immer auf der sicheren Seite sein. Die patentierte &#8222;Crash Protection Unit&#8220; &#8211; CPU unterbricht im Ernstfall [&hellip;]<\/p>\n","protected":false},"featured_media":227284,"template":"","meta":{"_acf_changed":false},"product_featured_cat":[],"product_brand":[],"product_cat":[4486],"product_tag":[],"class_list":{"0":"post-227288","1":"product","2":"type-product","3":"status-publish","4":"has-post-thumbnail","6":"product_cat-gasflaschen-kartuschen-zubehoer","8":"first","9":"instock","10":"taxable","11":"shipping-taxable","12":"purchasable","13":"product-type-simple"},"acf":[],"yoast_head":"<!-- This site is optimized with the Yoast SEO plugin v27.4 - https:\/\/yoast.com\/product\/yoast-seo-wordpress\/ -->\n<title>Multimatik 2-Flaschenanlage mit Pr\u00fcfanschlu\u00dfventil Ausgang SRV8mm - Bantam Camping AG<\/title>\n<meta name=\"robots\" content=\"index, follow, max-snippet:-1, max-image-preview:large, max-video-preview:-1\" \/>\n<link rel=\"canonical\" href=\"https:\/\/shop.bantam.ch\/de\/produkt\/multimatik-2-flaschenanlage-mit-pruefanschlussventil-ausgang-srv8mm\/\" \/>\n<meta property=\"og:locale\" content=\"de_DE\" \/>\n<meta property=\"og:type\" content=\"article\" \/>\n<meta property=\"og:title\" content=\"Multimatik 2-Flaschenanlage mit Pr\u00fcfanschlu\u00dfventil Ausgang SRV8mm - Bantam Camping AG\" \/>\n<meta property=\"og:description\" content=\"Die Multimatik CPU wechselt automatisch von leerer Betriebsflasche zur vollen Reserveflasche. \u00dcber das Kontroll- und Schaltpanel im Innenraum des Fahrzeugs werden Sie \u00fcber den Betriebszustand der Gasanlage informiert. &nbsp; W\u00e4hrend der Fahrt K\u00fchlschrank, Heizofen oder andere Verbraucher betreiben und immer auf der sicheren Seite sein. Die patentierte &#8222;Crash Protection Unit&#8220; &#8211; CPU unterbricht im Ernstfall [&hellip;]\" \/>\n<meta property=\"og:url\" content=\"https:\/\/shop.bantam.ch\/de\/produkt\/multimatik-2-flaschenanlage-mit-pruefanschlussventil-ausgang-srv8mm\/\" \/>\n<meta property=\"og:site_name\" content=\"Bantam Camping AG\" \/>\n<meta property=\"article:modified_time\" content=\"2026-04-18T21:50:12+00:00\" \/>\n<meta name=\"twitter:card\" content=\"summary_large_image\" \/>\n<meta name=\"twitter:label1\" content=\"Gesch\u00e4tzte Lesezeit\" \/>\n\t<meta name=\"twitter:data1\" content=\"1\u00a0Minute\" \/>\n<script type=\"application\/ld+json\" class=\"yoast-schema-graph\">{\"@context\":\"https:\\\/\\\/schema.org\",\"@graph\":[{\"@type\":\"WebPage\",\"@id\":\"https:\\\/\\\/shop.bantam.ch\\\/de\\\/produkt\\\/multimatik-2-flaschenanlage-mit-pruefanschlussventil-ausgang-srv8mm\\\/\",\"url\":\"https:\\\/\\\/shop.bantam.ch\\\/de\\\/produkt\\\/multimatik-2-flaschenanlage-mit-pruefanschlussventil-ausgang-srv8mm\\\/\",\"name\":\"Multimatik 2-Flaschenanlage mit Pr\u00fcfanschlu\u00dfventil Ausgang SRV8mm - Bantam Camping AG\",\"isPartOf\":{\"@id\":\"https:\\\/\\\/shop.bantam.ch\\\/de\\\/#website\"},\"primaryImageOfPage\":{\"@id\":\"https:\\\/\\\/shop.bantam.ch\\\/de\\\/produkt\\\/multimatik-2-flaschenanlage-mit-pruefanschlussventil-ausgang-srv8mm\\\/#primaryimage\"},\"image\":{\"@id\":\"https:\\\/\\\/shop.bantam.ch\\\/de\\\/produkt\\\/multimatik-2-flaschenanlage-mit-pruefanschlussventil-ausgang-srv8mm\\\/#primaryimage\"},\"thumbnailUrl\":\"https:\\\/\\\/shop.bantam.ch\\\/wp-content\\\/uploads\\\/2026\\\/01\\\/Movera-L-9949817100.jpg\",\"datePublished\":\"2026-01-06T14:20:32+00:00\",\"dateModified\":\"2026-04-18T21:50:12+00:00\",\"breadcrumb\":{\"@id\":\"https:\\\/\\\/shop.bantam.ch\\\/de\\\/produkt\\\/multimatik-2-flaschenanlage-mit-pruefanschlussventil-ausgang-srv8mm\\\/#breadcrumb\"},\"inLanguage\":\"de\",\"potentialAction\":[{\"@type\":\"ReadAction\",\"target\":[\"https:\\\/\\\/shop.bantam.ch\\\/de\\\/produkt\\\/multimatik-2-flaschenanlage-mit-pruefanschlussventil-ausgang-srv8mm\\\/\"]}]},{\"@type\":\"ImageObject\",\"inLanguage\":\"de\",\"@id\":\"https:\\\/\\\/shop.bantam.ch\\\/de\\\/produkt\\\/multimatik-2-flaschenanlage-mit-pruefanschlussventil-ausgang-srv8mm\\\/#primaryimage\",\"url\":\"https:\\\/\\\/shop.bantam.ch\\\/wp-content\\\/uploads\\\/2026\\\/01\\\/Movera-L-9949817100.jpg\",\"contentUrl\":\"https:\\\/\\\/shop.bantam.ch\\\/wp-content\\\/uploads\\\/2026\\\/01\\\/Movera-L-9949817100.jpg\",\"width\":471,\"height\":1000},{\"@type\":\"BreadcrumbList\",\"@id\":\"https:\\\/\\\/shop.bantam.ch\\\/de\\\/produkt\\\/multimatik-2-flaschenanlage-mit-pruefanschlussventil-ausgang-srv8mm\\\/#breadcrumb\",\"itemListElement\":[{\"@type\":\"ListItem\",\"position\":1,\"name\":\"Accueil\",\"item\":\"https:\\\/\\\/shop.bantam.ch\\\/de\\\/\"},{\"@type\":\"ListItem\",\"position\":2,\"name\":\"Shop\",\"item\":\"https:\\\/\\\/shop.bantam.ch\\\/de\\\/shop\\\/\"},{\"@type\":\"ListItem\",\"position\":3,\"name\":\"Multimatik 2-Flaschenanlage mit Pr\u00fcfanschlu\u00dfventil Ausgang SRV8mm\"}]},{\"@type\":\"WebSite\",\"@id\":\"https:\\\/\\\/shop.bantam.ch\\\/de\\\/#website\",\"url\":\"https:\\\/\\\/shop.bantam.ch\\\/de\\\/\",\"name\":\"Bantam Camping AG\",\"description\":\"\",\"publisher\":{\"@id\":\"https:\\\/\\\/shop.bantam.ch\\\/de\\\/#organization\"},\"inLanguage\":\"de\"},{\"@type\":\"Organization\",\"@id\":\"https:\\\/\\\/shop.bantam.ch\\\/de\\\/#organization\",\"name\":\"Bantam Camping AG\",\"url\":\"https:\\\/\\\/shop.bantam.ch\\\/de\\\/\",\"logo\":{\"@type\":\"ImageObject\",\"inLanguage\":\"de\",\"@id\":\"https:\\\/\\\/shop.bantam.ch\\\/de\\\/#\\\/schema\\\/logo\\\/image\\\/\",\"url\":\"https:\\\/\\\/shop.bantam.ch\\\/wp-content\\\/uploads\\\/2022\\\/12\\\/bantam-logo.png\",\"contentUrl\":\"https:\\\/\\\/shop.bantam.ch\\\/wp-content\\\/uploads\\\/2022\\\/12\\\/bantam-logo.png\",\"width\":320,\"height\":71,\"caption\":\"Bantam Camping AG\"},\"image\":{\"@id\":\"https:\\\/\\\/shop.bantam.ch\\\/de\\\/#\\\/schema\\\/logo\\\/image\\\/\"}}]}<\/script>\n<!-- \/ Yoast SEO plugin. -->","yoast_head_json":{"title":"Multimatik 2-Flaschenanlage mit Pr\u00fcfanschlu\u00dfventil Ausgang SRV8mm - Bantam Camping AG","robots":{"index":"index","follow":"follow","max-snippet":"max-snippet:-1","max-image-preview":"max-image-preview:large","max-video-preview":"max-video-preview:-1"},"canonical":"https:\/\/shop.bantam.ch\/de\/produkt\/multimatik-2-flaschenanlage-mit-pruefanschlussventil-ausgang-srv8mm\/","og_locale":"de_DE","og_type":"article","og_title":"Multimatik 2-Flaschenanlage mit Pr\u00fcfanschlu\u00dfventil Ausgang SRV8mm - Bantam Camping AG","og_description":"Die Multimatik CPU wechselt automatisch von leerer Betriebsflasche zur vollen Reserveflasche. \u00dcber das Kontroll- und Schaltpanel im Innenraum des Fahrzeugs werden Sie \u00fcber den Betriebszustand der Gasanlage informiert. &nbsp; W\u00e4hrend der Fahrt K\u00fchlschrank, Heizofen oder andere Verbraucher betreiben und immer auf der sicheren Seite sein. Die patentierte &#8222;Crash Protection Unit&#8220; &#8211; CPU unterbricht im Ernstfall [&hellip;]","og_url":"https:\/\/shop.bantam.ch\/de\/produkt\/multimatik-2-flaschenanlage-mit-pruefanschlussventil-ausgang-srv8mm\/","og_site_name":"Bantam Camping AG","article_modified_time":"2026-04-18T21:50:12+00:00","twitter_card":"summary_large_image","twitter_misc":{"Gesch\u00e4tzte Lesezeit":"1\u00a0Minute"},"schema":{"@context":"https:\/\/schema.org","@graph":[{"@type":"WebPage","@id":"https:\/\/shop.bantam.ch\/de\/produkt\/multimatik-2-flaschenanlage-mit-pruefanschlussventil-ausgang-srv8mm\/","url":"https:\/\/shop.bantam.ch\/de\/produkt\/multimatik-2-flaschenanlage-mit-pruefanschlussventil-ausgang-srv8mm\/","name":"Multimatik 2-Flaschenanlage mit Pr\u00fcfanschlu\u00dfventil Ausgang SRV8mm - Bantam Camping AG","isPartOf":{"@id":"https:\/\/shop.bantam.ch\/de\/#website"},"primaryImageOfPage":{"@id":"https:\/\/shop.bantam.ch\/de\/produkt\/multimatik-2-flaschenanlage-mit-pruefanschlussventil-ausgang-srv8mm\/#primaryimage"},"image":{"@id":"https:\/\/shop.bantam.ch\/de\/produkt\/multimatik-2-flaschenanlage-mit-pruefanschlussventil-ausgang-srv8mm\/#primaryimage"},"thumbnailUrl":"https:\/\/shop.bantam.ch\/wp-content\/uploads\/2026\/01\/Movera-L-9949817100.jpg","datePublished":"2026-01-06T14:20:32+00:00","dateModified":"2026-04-18T21:50:12+00:00","breadcrumb":{"@id":"https:\/\/shop.bantam.ch\/de\/produkt\/multimatik-2-flaschenanlage-mit-pruefanschlussventil-ausgang-srv8mm\/#breadcrumb"},"inLanguage":"de","potentialAction":[{"@type":"ReadAction","target":["https:\/\/shop.bantam.ch\/de\/produkt\/multimatik-2-flaschenanlage-mit-pruefanschlussventil-ausgang-srv8mm\/"]}]},{"@type":"ImageObject","inLanguage":"de","@id":"https:\/\/shop.bantam.ch\/de\/produkt\/multimatik-2-flaschenanlage-mit-pruefanschlussventil-ausgang-srv8mm\/#primaryimage","url":"https:\/\/shop.bantam.ch\/wp-content\/uploads\/2026\/01\/Movera-L-9949817100.jpg","contentUrl":"https:\/\/shop.bantam.ch\/wp-content\/uploads\/2026\/01\/Movera-L-9949817100.jpg","width":471,"height":1000},{"@type":"BreadcrumbList","@id":"https:\/\/shop.bantam.ch\/de\/produkt\/multimatik-2-flaschenanlage-mit-pruefanschlussventil-ausgang-srv8mm\/#breadcrumb","itemListElement":[{"@type":"ListItem","position":1,"name":"Accueil","item":"https:\/\/shop.bantam.ch\/de\/"},{"@type":"ListItem","position":2,"name":"Shop","item":"https:\/\/shop.bantam.ch\/de\/shop\/"},{"@type":"ListItem","position":3,"name":"Multimatik 2-Flaschenanlage mit Pr\u00fcfanschlu\u00dfventil Ausgang SRV8mm"}]},{"@type":"WebSite","@id":"https:\/\/shop.bantam.ch\/de\/#website","url":"https:\/\/shop.bantam.ch\/de\/","name":"Bantam Camping AG","description":"","publisher":{"@id":"https:\/\/shop.bantam.ch\/de\/#organization"},"inLanguage":"de"},{"@type":"Organization","@id":"https:\/\/shop.bantam.ch\/de\/#organization","name":"Bantam Camping AG","url":"https:\/\/shop.bantam.ch\/de\/","logo":{"@type":"ImageObject","inLanguage":"de","@id":"https:\/\/shop.bantam.ch\/de\/#\/schema\/logo\/image\/","url":"https:\/\/shop.bantam.ch\/wp-content\/uploads\/2022\/12\/bantam-logo.png","contentUrl":"https:\/\/shop.bantam.ch\/wp-content\/uploads\/2022\/12\/bantam-logo.png","width":320,"height":71,"caption":"Bantam Camping AG"},"image":{"@id":"https:\/\/shop.bantam.ch\/de\/#\/schema\/logo\/image\/"}}]}},"_links":{"self":[{"href":"https:\/\/shop.bantam.ch\/de\/wp-json\/wp\/v2\/product\/227288","targetHints":{"allow":["GET"]}}],"collection":[{"href":"https:\/\/shop.bantam.ch\/de\/wp-json\/wp\/v2\/product"}],"about":[{"href":"https:\/\/shop.bantam.ch\/de\/wp-json\/wp\/v2\/types\/product"}],"wp:featuredmedia":[{"embeddable":true,"href":"https:\/\/shop.bantam.ch\/de\/wp-json\/wp\/v2\/media\/227284"}],"wp:attachment":[{"href":"https:\/\/shop.bantam.ch\/de\/wp-json\/wp\/v2\/media?parent=227288"}],"wp:term":[{"taxonomy":"product_featured_cat","embeddable":true,"href":"https:\/\/shop.bantam.ch\/de\/wp-json\/wp\/v2\/product_featured_cat?post=227288"},{"taxonomy":"product_brand","embeddable":true,"href":"https:\/\/shop.bantam.ch\/de\/wp-json\/wp\/v2\/product_brand?post=227288"},{"taxonomy":"product_cat","embeddable":true,"href":"https:\/\/shop.bantam.ch\/de\/wp-json\/wp\/v2\/product_cat?post=227288"},{"taxonomy":"product_tag","embeddable":true,"href":"https:\/\/shop.bantam.ch\/de\/wp-json\/wp\/v2\/product_tag?post=227288"}],"curies":[{"name":"wp","href":"https:\/\/api.w.org\/{rel}","templated":true}]}}