{"id":227258,"date":"2026-01-06T15:19:48","date_gmt":"2026-01-06T14:19:48","guid":{"rendered":"https:\/\/shop.bantam.ch\/produit\/solarset-alden-high-power-easy-mount-3-120-w-inkl-solarregler-i-booster-mpp-370-w\/"},"modified":"2026-04-17T23:46:34","modified_gmt":"2026-04-17T21:46:34","slug":"solarset-alden-high-power-easy-mount-3-120-w-inkl-solarregler-i-booster-mpp-370-w","status":"publish","type":"product","link":"https:\/\/shop.bantam.ch\/de\/produkt\/solarset-alden-high-power-easy-mount-3-120-w-inkl-solarregler-i-booster-mpp-370-w\/","title":{"rendered":"Solarset ALDEN High Power Easy-Mount 3, 120 W inkl. Solarregler I-Booster MPP 370 W"},"content":{"rendered":"<p><!--StartFragment -->ALDEN Solarmodule haben sich tausendfach bew\u00e4hrt und sind zusammen mit praxisnahem Zubeh\u00f6r als durch dachtes Komplettset erh\u00e4ltlich. Durch das integrierte EasyMount3 Haltesystem sind sie einfach zu montieren.<\/p>\n<p>Die alternative Energiequelle von ALDEN wird mit dem exklusiven EasyMount3 System auf dem Dach befestigt. Die vorinstallierten Montagewinkel mit optimierter Klebef\u00e4che sorgen f\u00fcr leichte Installation ohne \u00fcbliche Montagefehler.<\/p>\n<p>&nbsp;<\/p>\n<p>I-BOOST 370 &#8211; Bis zu 30% mehr Ladeleistung<\/p>\n<p>Solarregler 12 Volt 370 WP<\/p>\n<p>Ladeprogrammumschaltung S\u00e4ure\/ Gel\/ AGM\/ LiFeP0\u02d9<\/p>\n<p>Anschluss: Fernanzeige, Starterbatterie<\/p>\n<p><!--EndFragment --><\/p>\n","protected":false},"excerpt":{"rendered":"<p>ALDEN Solarmodule haben sich tausendfach bew\u00e4hrt und sind zusammen mit praxisnahem Zubeh\u00f6r als durch dachtes Komplettset erh\u00e4ltlich. Durch das integrierte EasyMount3 Haltesystem sind sie einfach zu montieren. Die alternative Energiequelle von ALDEN wird mit dem exklusiven EasyMount3 System auf dem Dach befestigt. Die vorinstallierten Montagewinkel mit optimierter Klebef\u00e4che sorgen f\u00fcr leichte Installation ohne \u00fcbliche Montagefehler. [&hellip;]<\/p>\n","protected":false},"featured_media":227254,"template":"","meta":{"_acf_changed":false},"product_featured_cat":[],"product_brand":[],"product_cat":[4880],"product_tag":[],"class_list":{"0":"post-227258","1":"product","2":"type-product","3":"status-publish","4":"has-post-thumbnail","6":"product_cat-solar-sets","8":"first","9":"instock","10":"taxable","11":"shipping-taxable","12":"purchasable","13":"product-type-simple"},"acf":[],"yoast_head":"<!-- This site is optimized with the Yoast SEO plugin v27.4 - https:\/\/yoast.com\/product\/yoast-seo-wordpress\/ -->\n<title>Solarset ALDEN High Power Easy-Mount 3, 120 W inkl. Solarregler I-Booster MPP 370 W - Bantam Camping AG<\/title>\n<meta name=\"robots\" content=\"index, follow, max-snippet:-1, max-image-preview:large, max-video-preview:-1\" \/>\n<link rel=\"canonical\" href=\"https:\/\/shop.bantam.ch\/de\/produkt\/solarset-alden-high-power-easy-mount-3-120-w-inkl-solarregler-i-booster-mpp-370-w\/\" \/>\n<meta property=\"og:locale\" content=\"de_DE\" \/>\n<meta property=\"og:type\" content=\"article\" \/>\n<meta property=\"og:title\" content=\"Solarset ALDEN High Power Easy-Mount 3, 120 W inkl. Solarregler I-Booster MPP 370 W - Bantam Camping AG\" \/>\n<meta property=\"og:description\" content=\"ALDEN Solarmodule haben sich tausendfach bew\u00e4hrt und sind zusammen mit praxisnahem Zubeh\u00f6r als durch dachtes Komplettset erh\u00e4ltlich. Durch das integrierte EasyMount3 Haltesystem sind sie einfach zu montieren. Die alternative Energiequelle von ALDEN wird mit dem exklusiven EasyMount3 System auf dem Dach befestigt. Die vorinstallierten Montagewinkel mit optimierter Klebef\u00e4che sorgen f\u00fcr leichte Installation ohne \u00fcbliche Montagefehler. [&hellip;]\" \/>\n<meta property=\"og:url\" content=\"https:\/\/shop.bantam.ch\/de\/produkt\/solarset-alden-high-power-easy-mount-3-120-w-inkl-solarregler-i-booster-mpp-370-w\/\" \/>\n<meta property=\"og:site_name\" content=\"Bantam Camping AG\" \/>\n<meta property=\"article:modified_time\" content=\"2026-04-17T21:46:34+00:00\" \/>\n<meta name=\"twitter:card\" content=\"summary_large_image\" \/>\n<script type=\"application\/ld+json\" class=\"yoast-schema-graph\">{\"@context\":\"https:\\\/\\\/schema.org\",\"@graph\":[{\"@type\":\"WebPage\",\"@id\":\"https:\\\/\\\/shop.bantam.ch\\\/de\\\/produkt\\\/solarset-alden-high-power-easy-mount-3-120-w-inkl-solarregler-i-booster-mpp-370-w\\\/\",\"url\":\"https:\\\/\\\/shop.bantam.ch\\\/de\\\/produkt\\\/solarset-alden-high-power-easy-mount-3-120-w-inkl-solarregler-i-booster-mpp-370-w\\\/\",\"name\":\"Solarset ALDEN High Power Easy-Mount 3, 120 W inkl. Solarregler I-Booster MPP 370 W - Bantam Camping AG\",\"isPartOf\":{\"@id\":\"https:\\\/\\\/shop.bantam.ch\\\/de\\\/#website\"},\"primaryImageOfPage\":{\"@id\":\"https:\\\/\\\/shop.bantam.ch\\\/de\\\/produkt\\\/solarset-alden-high-power-easy-mount-3-120-w-inkl-solarregler-i-booster-mpp-370-w\\\/#primaryimage\"},\"image\":{\"@id\":\"https:\\\/\\\/shop.bantam.ch\\\/de\\\/produkt\\\/solarset-alden-high-power-easy-mount-3-120-w-inkl-solarregler-i-booster-mpp-370-w\\\/#primaryimage\"},\"thumbnailUrl\":\"https:\\\/\\\/shop.bantam.ch\\\/wp-content\\\/uploads\\\/2026\\\/01\\\/Movera-L-9947653100.jpg\",\"datePublished\":\"2026-01-06T14:19:48+00:00\",\"dateModified\":\"2026-04-17T21:46:34+00:00\",\"breadcrumb\":{\"@id\":\"https:\\\/\\\/shop.bantam.ch\\\/de\\\/produkt\\\/solarset-alden-high-power-easy-mount-3-120-w-inkl-solarregler-i-booster-mpp-370-w\\\/#breadcrumb\"},\"inLanguage\":\"de\",\"potentialAction\":[{\"@type\":\"ReadAction\",\"target\":[\"https:\\\/\\\/shop.bantam.ch\\\/de\\\/produkt\\\/solarset-alden-high-power-easy-mount-3-120-w-inkl-solarregler-i-booster-mpp-370-w\\\/\"]}]},{\"@type\":\"ImageObject\",\"inLanguage\":\"de\",\"@id\":\"https:\\\/\\\/shop.bantam.ch\\\/de\\\/produkt\\\/solarset-alden-high-power-easy-mount-3-120-w-inkl-solarregler-i-booster-mpp-370-w\\\/#primaryimage\",\"url\":\"https:\\\/\\\/shop.bantam.ch\\\/wp-content\\\/uploads\\\/2026\\\/01\\\/Movera-L-9947653100.jpg\",\"contentUrl\":\"https:\\\/\\\/shop.bantam.ch\\\/wp-content\\\/uploads\\\/2026\\\/01\\\/Movera-L-9947653100.jpg\",\"width\":461,\"height\":1000},{\"@type\":\"BreadcrumbList\",\"@id\":\"https:\\\/\\\/shop.bantam.ch\\\/de\\\/produkt\\\/solarset-alden-high-power-easy-mount-3-120-w-inkl-solarregler-i-booster-mpp-370-w\\\/#breadcrumb\",\"itemListElement\":[{\"@type\":\"ListItem\",\"position\":1,\"name\":\"Accueil\",\"item\":\"https:\\\/\\\/shop.bantam.ch\\\/de\\\/\"},{\"@type\":\"ListItem\",\"position\":2,\"name\":\"Shop\",\"item\":\"https:\\\/\\\/shop.bantam.ch\\\/de\\\/shop\\\/\"},{\"@type\":\"ListItem\",\"position\":3,\"name\":\"Solarset ALDEN High Power Easy-Mount 3, 120 W inkl. Solarregler I-Booster MPP 370 W\"}]},{\"@type\":\"WebSite\",\"@id\":\"https:\\\/\\\/shop.bantam.ch\\\/de\\\/#website\",\"url\":\"https:\\\/\\\/shop.bantam.ch\\\/de\\\/\",\"name\":\"Bantam Camping AG\",\"description\":\"\",\"publisher\":{\"@id\":\"https:\\\/\\\/shop.bantam.ch\\\/de\\\/#organization\"},\"inLanguage\":\"de\"},{\"@type\":\"Organization\",\"@id\":\"https:\\\/\\\/shop.bantam.ch\\\/de\\\/#organization\",\"name\":\"Bantam Camping AG\",\"url\":\"https:\\\/\\\/shop.bantam.ch\\\/de\\\/\",\"logo\":{\"@type\":\"ImageObject\",\"inLanguage\":\"de\",\"@id\":\"https:\\\/\\\/shop.bantam.ch\\\/de\\\/#\\\/schema\\\/logo\\\/image\\\/\",\"url\":\"https:\\\/\\\/shop.bantam.ch\\\/wp-content\\\/uploads\\\/2022\\\/12\\\/bantam-logo.png\",\"contentUrl\":\"https:\\\/\\\/shop.bantam.ch\\\/wp-content\\\/uploads\\\/2022\\\/12\\\/bantam-logo.png\",\"width\":320,\"height\":71,\"caption\":\"Bantam Camping AG\"},\"image\":{\"@id\":\"https:\\\/\\\/shop.bantam.ch\\\/de\\\/#\\\/schema\\\/logo\\\/image\\\/\"}}]}<\/script>\n<!-- \/ Yoast SEO plugin. -->","yoast_head_json":{"title":"Solarset ALDEN High Power Easy-Mount 3, 120 W inkl. Solarregler I-Booster MPP 370 W - Bantam Camping AG","robots":{"index":"index","follow":"follow","max-snippet":"max-snippet:-1","max-image-preview":"max-image-preview:large","max-video-preview":"max-video-preview:-1"},"canonical":"https:\/\/shop.bantam.ch\/de\/produkt\/solarset-alden-high-power-easy-mount-3-120-w-inkl-solarregler-i-booster-mpp-370-w\/","og_locale":"de_DE","og_type":"article","og_title":"Solarset ALDEN High Power Easy-Mount 3, 120 W inkl. Solarregler I-Booster MPP 370 W - Bantam Camping AG","og_description":"ALDEN Solarmodule haben sich tausendfach bew\u00e4hrt und sind zusammen mit praxisnahem Zubeh\u00f6r als durch dachtes Komplettset erh\u00e4ltlich. Durch das integrierte EasyMount3 Haltesystem sind sie einfach zu montieren. Die alternative Energiequelle von ALDEN wird mit dem exklusiven EasyMount3 System auf dem Dach befestigt. Die vorinstallierten Montagewinkel mit optimierter Klebef\u00e4che sorgen f\u00fcr leichte Installation ohne \u00fcbliche Montagefehler. [&hellip;]","og_url":"https:\/\/shop.bantam.ch\/de\/produkt\/solarset-alden-high-power-easy-mount-3-120-w-inkl-solarregler-i-booster-mpp-370-w\/","og_site_name":"Bantam Camping AG","article_modified_time":"2026-04-17T21:46:34+00:00","twitter_card":"summary_large_image","schema":{"@context":"https:\/\/schema.org","@graph":[{"@type":"WebPage","@id":"https:\/\/shop.bantam.ch\/de\/produkt\/solarset-alden-high-power-easy-mount-3-120-w-inkl-solarregler-i-booster-mpp-370-w\/","url":"https:\/\/shop.bantam.ch\/de\/produkt\/solarset-alden-high-power-easy-mount-3-120-w-inkl-solarregler-i-booster-mpp-370-w\/","name":"Solarset ALDEN High Power Easy-Mount 3, 120 W inkl. Solarregler I-Booster MPP 370 W - Bantam Camping AG","isPartOf":{"@id":"https:\/\/shop.bantam.ch\/de\/#website"},"primaryImageOfPage":{"@id":"https:\/\/shop.bantam.ch\/de\/produkt\/solarset-alden-high-power-easy-mount-3-120-w-inkl-solarregler-i-booster-mpp-370-w\/#primaryimage"},"image":{"@id":"https:\/\/shop.bantam.ch\/de\/produkt\/solarset-alden-high-power-easy-mount-3-120-w-inkl-solarregler-i-booster-mpp-370-w\/#primaryimage"},"thumbnailUrl":"https:\/\/shop.bantam.ch\/wp-content\/uploads\/2026\/01\/Movera-L-9947653100.jpg","datePublished":"2026-01-06T14:19:48+00:00","dateModified":"2026-04-17T21:46:34+00:00","breadcrumb":{"@id":"https:\/\/shop.bantam.ch\/de\/produkt\/solarset-alden-high-power-easy-mount-3-120-w-inkl-solarregler-i-booster-mpp-370-w\/#breadcrumb"},"inLanguage":"de","potentialAction":[{"@type":"ReadAction","target":["https:\/\/shop.bantam.ch\/de\/produkt\/solarset-alden-high-power-easy-mount-3-120-w-inkl-solarregler-i-booster-mpp-370-w\/"]}]},{"@type":"ImageObject","inLanguage":"de","@id":"https:\/\/shop.bantam.ch\/de\/produkt\/solarset-alden-high-power-easy-mount-3-120-w-inkl-solarregler-i-booster-mpp-370-w\/#primaryimage","url":"https:\/\/shop.bantam.ch\/wp-content\/uploads\/2026\/01\/Movera-L-9947653100.jpg","contentUrl":"https:\/\/shop.bantam.ch\/wp-content\/uploads\/2026\/01\/Movera-L-9947653100.jpg","width":461,"height":1000},{"@type":"BreadcrumbList","@id":"https:\/\/shop.bantam.ch\/de\/produkt\/solarset-alden-high-power-easy-mount-3-120-w-inkl-solarregler-i-booster-mpp-370-w\/#breadcrumb","itemListElement":[{"@type":"ListItem","position":1,"name":"Accueil","item":"https:\/\/shop.bantam.ch\/de\/"},{"@type":"ListItem","position":2,"name":"Shop","item":"https:\/\/shop.bantam.ch\/de\/shop\/"},{"@type":"ListItem","position":3,"name":"Solarset ALDEN High Power Easy-Mount 3, 120 W inkl. Solarregler I-Booster MPP 370 W"}]},{"@type":"WebSite","@id":"https:\/\/shop.bantam.ch\/de\/#website","url":"https:\/\/shop.bantam.ch\/de\/","name":"Bantam Camping AG","description":"","publisher":{"@id":"https:\/\/shop.bantam.ch\/de\/#organization"},"inLanguage":"de"},{"@type":"Organization","@id":"https:\/\/shop.bantam.ch\/de\/#organization","name":"Bantam Camping AG","url":"https:\/\/shop.bantam.ch\/de\/","logo":{"@type":"ImageObject","inLanguage":"de","@id":"https:\/\/shop.bantam.ch\/de\/#\/schema\/logo\/image\/","url":"https:\/\/shop.bantam.ch\/wp-content\/uploads\/2022\/12\/bantam-logo.png","contentUrl":"https:\/\/shop.bantam.ch\/wp-content\/uploads\/2022\/12\/bantam-logo.png","width":320,"height":71,"caption":"Bantam Camping AG"},"image":{"@id":"https:\/\/shop.bantam.ch\/de\/#\/schema\/logo\/image\/"}}]}},"_links":{"self":[{"href":"https:\/\/shop.bantam.ch\/de\/wp-json\/wp\/v2\/product\/227258","targetHints":{"allow":["GET"]}}],"collection":[{"href":"https:\/\/shop.bantam.ch\/de\/wp-json\/wp\/v2\/product"}],"about":[{"href":"https:\/\/shop.bantam.ch\/de\/wp-json\/wp\/v2\/types\/product"}],"wp:featuredmedia":[{"embeddable":true,"href":"https:\/\/shop.bantam.ch\/de\/wp-json\/wp\/v2\/media\/227254"}],"wp:attachment":[{"href":"https:\/\/shop.bantam.ch\/de\/wp-json\/wp\/v2\/media?parent=227258"}],"wp:term":[{"taxonomy":"product_featured_cat","embeddable":true,"href":"https:\/\/shop.bantam.ch\/de\/wp-json\/wp\/v2\/product_featured_cat?post=227258"},{"taxonomy":"product_brand","embeddable":true,"href":"https:\/\/shop.bantam.ch\/de\/wp-json\/wp\/v2\/product_brand?post=227258"},{"taxonomy":"product_cat","embeddable":true,"href":"https:\/\/shop.bantam.ch\/de\/wp-json\/wp\/v2\/product_cat?post=227258"},{"taxonomy":"product_tag","embeddable":true,"href":"https:\/\/shop.bantam.ch\/de\/wp-json\/wp\/v2\/product_tag?post=227258"}],"curies":[{"name":"wp","href":"https:\/\/api.w.org\/{rel}","templated":true}]}}