{"id":227252,"date":"2026-01-06T15:19:40","date_gmt":"2026-01-06T14:19:40","guid":{"rendered":"https:\/\/shop.bantam.ch\/produit\/magnet-kunststoffglas-wein-classic\/"},"modified":"2026-05-02T23:42:22","modified_gmt":"2026-05-02T21:42:22","slug":"magnet-kunststoffglas-wein-classic","status":"publish","type":"product","link":"https:\/\/shop.bantam.ch\/de\/produkt\/magnet-kunststoffglas-wein-classic\/","title":{"rendered":"Magnet Kunststoffglas WEIN CLASSIC"},"content":{"rendered":"<ul>\n<li>2 St\u00fcck<\/li>\n<li>Standsichere Magnetgl\u00e4ser aus Tritan-Kunststoff<\/li>\n<li>Hochwertiger, gepr\u00fcfter Kunststoff (BPA-frei)<\/li>\n<li>Geschmacksneutrales, robustes Material<\/li>\n<li>Formsch\u00f6n vergossener Magnet im Boden<\/li>\n<li>Leichte, nahezu unzerbrechliche Weingl\u00e4ser<\/li>\n<li>Kunststoffgl\u00e4ser im Look von echtem Kristallglas<\/li>\n<li>Perfekt ausbalanciert \u2013 Nano-Gel-Pad &amp; Magnetglas<\/li>\n<li>Nano-Gel-Pads sind r\u00fcckstandslos entfernbar<\/li>\n<li>Pads sind abwaschbar &amp; wieder verwendbar<\/li>\n<li>Pads auf versiegelten Oberfl\u00e4chen anbringen<\/li>\n<li>F\u00fcr die Reinigung der Gl\u00e4ser empfehlen wir Handw\u00e4sche<\/li>\n<li>Verstauen an der Wand \/ Decke nur mit der silwy\u00ae Leiste<\/li>\n<\/ul>\n","protected":false},"excerpt":{"rendered":"<p>2 St\u00fcck Standsichere Magnetgl\u00e4ser aus Tritan-Kunststoff Hochwertiger, gepr\u00fcfter Kunststoff (BPA-frei) Geschmacksneutrales, robustes Material Formsch\u00f6n vergossener Magnet im Boden Leichte, nahezu unzerbrechliche Weingl\u00e4ser Kunststoffgl\u00e4ser im Look von echtem Kristallglas Perfekt ausbalanciert \u2013 Nano-Gel-Pad &amp; Magnetglas Nano-Gel-Pads sind r\u00fcckstandslos entfernbar Pads sind abwaschbar &amp; wieder verwendbar Pads auf versiegelten Oberfl\u00e4chen anbringen F\u00fcr die Reinigung der Gl\u00e4ser empfehlen [&hellip;]<\/p>\n","protected":false},"featured_media":227250,"template":"","meta":{"_acf_changed":false},"product_featured_cat":[],"product_brand":[],"product_cat":[4270,5338],"product_tag":[],"class_list":{"0":"post-227252","1":"product","2":"type-product","3":"status-publish","4":"has-post-thumbnail","6":"product_cat-becher-tassen-glaeser","7":"product_cat-glaeser","9":"first","10":"instock","11":"taxable","12":"shipping-taxable","13":"purchasable","14":"product-type-simple"},"acf":[],"yoast_head":"<!-- This site is optimized with the Yoast SEO plugin v27.5 - https:\/\/yoast.com\/product\/yoast-seo-wordpress\/ -->\n<title>Magnet Kunststoffglas WEIN CLASSIC - Bantam<\/title>\n<meta name=\"robots\" content=\"index, follow, max-snippet:-1, max-image-preview:large, max-video-preview:-1\" \/>\n<link rel=\"canonical\" href=\"https:\/\/shop.bantam.ch\/de\/produkt\/magnet-kunststoffglas-wein-classic\/\" \/>\n<meta property=\"og:locale\" content=\"de_DE\" \/>\n<meta property=\"og:type\" content=\"article\" \/>\n<meta property=\"og:title\" content=\"Magnet Kunststoffglas WEIN CLASSIC - Bantam\" \/>\n<meta property=\"og:description\" content=\"2 St\u00fcck Standsichere Magnetgl\u00e4ser aus Tritan-Kunststoff Hochwertiger, gepr\u00fcfter Kunststoff (BPA-frei) Geschmacksneutrales, robustes Material Formsch\u00f6n vergossener Magnet im Boden Leichte, nahezu unzerbrechliche Weingl\u00e4ser Kunststoffgl\u00e4ser im Look von echtem Kristallglas Perfekt ausbalanciert \u2013 Nano-Gel-Pad &amp; Magnetglas Nano-Gel-Pads sind r\u00fcckstandslos entfernbar Pads sind abwaschbar &amp; wieder verwendbar Pads auf versiegelten Oberfl\u00e4chen anbringen F\u00fcr die Reinigung der Gl\u00e4ser empfehlen [&hellip;]\" \/>\n<meta property=\"og:url\" content=\"https:\/\/shop.bantam.ch\/de\/produkt\/magnet-kunststoffglas-wein-classic\/\" \/>\n<meta property=\"og:site_name\" content=\"Bantam\" \/>\n<meta property=\"article:modified_time\" content=\"2026-05-02T21:42:22+00:00\" \/>\n<meta name=\"twitter:card\" content=\"summary_large_image\" \/>\n<script type=\"application\/ld+json\" class=\"yoast-schema-graph\">{\"@context\":\"https:\\\/\\\/schema.org\",\"@graph\":[{\"@type\":\"WebPage\",\"@id\":\"https:\\\/\\\/shop.bantam.ch\\\/de\\\/produkt\\\/magnet-kunststoffglas-wein-classic\\\/\",\"url\":\"https:\\\/\\\/shop.bantam.ch\\\/de\\\/produkt\\\/magnet-kunststoffglas-wein-classic\\\/\",\"name\":\"Magnet Kunststoffglas WEIN CLASSIC - Bantam\",\"isPartOf\":{\"@id\":\"https:\\\/\\\/shop.bantam.ch\\\/de\\\/#website\"},\"primaryImageOfPage\":{\"@id\":\"https:\\\/\\\/shop.bantam.ch\\\/de\\\/produkt\\\/magnet-kunststoffglas-wein-classic\\\/#primaryimage\"},\"image\":{\"@id\":\"https:\\\/\\\/shop.bantam.ch\\\/de\\\/produkt\\\/magnet-kunststoffglas-wein-classic\\\/#primaryimage\"},\"thumbnailUrl\":\"https:\\\/\\\/shop.bantam.ch\\\/wp-content\\\/uploads\\\/2026\\\/01\\\/Movera-L-9947564100.jpg\",\"datePublished\":\"2026-01-06T14:19:40+00:00\",\"dateModified\":\"2026-05-02T21:42:22+00:00\",\"breadcrumb\":{\"@id\":\"https:\\\/\\\/shop.bantam.ch\\\/de\\\/produkt\\\/magnet-kunststoffglas-wein-classic\\\/#breadcrumb\"},\"inLanguage\":\"de\",\"potentialAction\":[{\"@type\":\"ReadAction\",\"target\":[\"https:\\\/\\\/shop.bantam.ch\\\/de\\\/produkt\\\/magnet-kunststoffglas-wein-classic\\\/\"]}]},{\"@type\":\"ImageObject\",\"inLanguage\":\"de\",\"@id\":\"https:\\\/\\\/shop.bantam.ch\\\/de\\\/produkt\\\/magnet-kunststoffglas-wein-classic\\\/#primaryimage\",\"url\":\"https:\\\/\\\/shop.bantam.ch\\\/wp-content\\\/uploads\\\/2026\\\/01\\\/Movera-L-9947564100.jpg\",\"contentUrl\":\"https:\\\/\\\/shop.bantam.ch\\\/wp-content\\\/uploads\\\/2026\\\/01\\\/Movera-L-9947564100.jpg\",\"width\":640,\"height\":640},{\"@type\":\"BreadcrumbList\",\"@id\":\"https:\\\/\\\/shop.bantam.ch\\\/de\\\/produkt\\\/magnet-kunststoffglas-wein-classic\\\/#breadcrumb\",\"itemListElement\":[{\"@type\":\"ListItem\",\"position\":1,\"name\":\"Accueil\",\"item\":\"https:\\\/\\\/shop.bantam.ch\\\/de\\\/\"},{\"@type\":\"ListItem\",\"position\":2,\"name\":\"Shop\",\"item\":\"https:\\\/\\\/shop.bantam.ch\\\/de\\\/shop\\\/\"},{\"@type\":\"ListItem\",\"position\":3,\"name\":\"Magnet Kunststoffglas WEIN CLASSIC\"}]},{\"@type\":\"WebSite\",\"@id\":\"https:\\\/\\\/shop.bantam.ch\\\/de\\\/#website\",\"url\":\"https:\\\/\\\/shop.bantam.ch\\\/de\\\/\",\"name\":\"Bantam\",\"description\":\"\",\"publisher\":{\"@id\":\"https:\\\/\\\/shop.bantam.ch\\\/de\\\/#organization\"},\"inLanguage\":\"de\"},{\"@type\":\"Organization\",\"@id\":\"https:\\\/\\\/shop.bantam.ch\\\/de\\\/#organization\",\"name\":\"Bantam\",\"url\":\"https:\\\/\\\/shop.bantam.ch\\\/de\\\/\",\"logo\":{\"@type\":\"ImageObject\",\"inLanguage\":\"de\",\"@id\":\"https:\\\/\\\/shop.bantam.ch\\\/de\\\/#\\\/schema\\\/logo\\\/image\\\/\",\"url\":\"https:\\\/\\\/shop.bantam.ch\\\/wp-content\\\/uploads\\\/2022\\\/12\\\/bantam-logo.png\",\"contentUrl\":\"https:\\\/\\\/shop.bantam.ch\\\/wp-content\\\/uploads\\\/2022\\\/12\\\/bantam-logo.png\",\"width\":320,\"height\":71,\"caption\":\"Bantam\"},\"image\":{\"@id\":\"https:\\\/\\\/shop.bantam.ch\\\/de\\\/#\\\/schema\\\/logo\\\/image\\\/\"}}]}<\/script>\n<!-- \/ Yoast SEO plugin. -->","yoast_head_json":{"title":"Magnet Kunststoffglas WEIN CLASSIC - Bantam","robots":{"index":"index","follow":"follow","max-snippet":"max-snippet:-1","max-image-preview":"max-image-preview:large","max-video-preview":"max-video-preview:-1"},"canonical":"https:\/\/shop.bantam.ch\/de\/produkt\/magnet-kunststoffglas-wein-classic\/","og_locale":"de_DE","og_type":"article","og_title":"Magnet Kunststoffglas WEIN CLASSIC - Bantam","og_description":"2 St\u00fcck Standsichere Magnetgl\u00e4ser aus Tritan-Kunststoff Hochwertiger, gepr\u00fcfter Kunststoff (BPA-frei) Geschmacksneutrales, robustes Material Formsch\u00f6n vergossener Magnet im Boden Leichte, nahezu unzerbrechliche Weingl\u00e4ser Kunststoffgl\u00e4ser im Look von echtem Kristallglas Perfekt ausbalanciert \u2013 Nano-Gel-Pad &amp; Magnetglas Nano-Gel-Pads sind r\u00fcckstandslos entfernbar Pads sind abwaschbar &amp; wieder verwendbar Pads auf versiegelten Oberfl\u00e4chen anbringen F\u00fcr die Reinigung der Gl\u00e4ser empfehlen [&hellip;]","og_url":"https:\/\/shop.bantam.ch\/de\/produkt\/magnet-kunststoffglas-wein-classic\/","og_site_name":"Bantam","article_modified_time":"2026-05-02T21:42:22+00:00","twitter_card":"summary_large_image","schema":{"@context":"https:\/\/schema.org","@graph":[{"@type":"WebPage","@id":"https:\/\/shop.bantam.ch\/de\/produkt\/magnet-kunststoffglas-wein-classic\/","url":"https:\/\/shop.bantam.ch\/de\/produkt\/magnet-kunststoffglas-wein-classic\/","name":"Magnet Kunststoffglas WEIN CLASSIC - Bantam","isPartOf":{"@id":"https:\/\/shop.bantam.ch\/de\/#website"},"primaryImageOfPage":{"@id":"https:\/\/shop.bantam.ch\/de\/produkt\/magnet-kunststoffglas-wein-classic\/#primaryimage"},"image":{"@id":"https:\/\/shop.bantam.ch\/de\/produkt\/magnet-kunststoffglas-wein-classic\/#primaryimage"},"thumbnailUrl":"https:\/\/shop.bantam.ch\/wp-content\/uploads\/2026\/01\/Movera-L-9947564100.jpg","datePublished":"2026-01-06T14:19:40+00:00","dateModified":"2026-05-02T21:42:22+00:00","breadcrumb":{"@id":"https:\/\/shop.bantam.ch\/de\/produkt\/magnet-kunststoffglas-wein-classic\/#breadcrumb"},"inLanguage":"de","potentialAction":[{"@type":"ReadAction","target":["https:\/\/shop.bantam.ch\/de\/produkt\/magnet-kunststoffglas-wein-classic\/"]}]},{"@type":"ImageObject","inLanguage":"de","@id":"https:\/\/shop.bantam.ch\/de\/produkt\/magnet-kunststoffglas-wein-classic\/#primaryimage","url":"https:\/\/shop.bantam.ch\/wp-content\/uploads\/2026\/01\/Movera-L-9947564100.jpg","contentUrl":"https:\/\/shop.bantam.ch\/wp-content\/uploads\/2026\/01\/Movera-L-9947564100.jpg","width":640,"height":640},{"@type":"BreadcrumbList","@id":"https:\/\/shop.bantam.ch\/de\/produkt\/magnet-kunststoffglas-wein-classic\/#breadcrumb","itemListElement":[{"@type":"ListItem","position":1,"name":"Accueil","item":"https:\/\/shop.bantam.ch\/de\/"},{"@type":"ListItem","position":2,"name":"Shop","item":"https:\/\/shop.bantam.ch\/de\/shop\/"},{"@type":"ListItem","position":3,"name":"Magnet Kunststoffglas WEIN CLASSIC"}]},{"@type":"WebSite","@id":"https:\/\/shop.bantam.ch\/de\/#website","url":"https:\/\/shop.bantam.ch\/de\/","name":"Bantam","description":"","publisher":{"@id":"https:\/\/shop.bantam.ch\/de\/#organization"},"inLanguage":"de"},{"@type":"Organization","@id":"https:\/\/shop.bantam.ch\/de\/#organization","name":"Bantam","url":"https:\/\/shop.bantam.ch\/de\/","logo":{"@type":"ImageObject","inLanguage":"de","@id":"https:\/\/shop.bantam.ch\/de\/#\/schema\/logo\/image\/","url":"https:\/\/shop.bantam.ch\/wp-content\/uploads\/2022\/12\/bantam-logo.png","contentUrl":"https:\/\/shop.bantam.ch\/wp-content\/uploads\/2022\/12\/bantam-logo.png","width":320,"height":71,"caption":"Bantam"},"image":{"@id":"https:\/\/shop.bantam.ch\/de\/#\/schema\/logo\/image\/"}}]}},"_links":{"self":[{"href":"https:\/\/shop.bantam.ch\/de\/wp-json\/wp\/v2\/product\/227252","targetHints":{"allow":["GET"]}}],"collection":[{"href":"https:\/\/shop.bantam.ch\/de\/wp-json\/wp\/v2\/product"}],"about":[{"href":"https:\/\/shop.bantam.ch\/de\/wp-json\/wp\/v2\/types\/product"}],"wp:featuredmedia":[{"embeddable":true,"href":"https:\/\/shop.bantam.ch\/de\/wp-json\/wp\/v2\/media\/227250"}],"wp:attachment":[{"href":"https:\/\/shop.bantam.ch\/de\/wp-json\/wp\/v2\/media?parent=227252"}],"wp:term":[{"taxonomy":"product_featured_cat","embeddable":true,"href":"https:\/\/shop.bantam.ch\/de\/wp-json\/wp\/v2\/product_featured_cat?post=227252"},{"taxonomy":"product_brand","embeddable":true,"href":"https:\/\/shop.bantam.ch\/de\/wp-json\/wp\/v2\/product_brand?post=227252"},{"taxonomy":"product_cat","embeddable":true,"href":"https:\/\/shop.bantam.ch\/de\/wp-json\/wp\/v2\/product_cat?post=227252"},{"taxonomy":"product_tag","embeddable":true,"href":"https:\/\/shop.bantam.ch\/de\/wp-json\/wp\/v2\/product_tag?post=227252"}],"curies":[{"name":"wp","href":"https:\/\/api.w.org\/{rel}","templated":true}]}}