{"id":227064,"date":"2025-12-23T11:37:18","date_gmt":"2025-12-23T10:37:18","guid":{"rendered":"https:\/\/shop.bantam.ch\/produit\/regionalstrassenkarte-nr-5-nordnorwegen\/"},"modified":"2026-04-18T23:49:43","modified_gmt":"2026-04-18T21:49:43","slug":"regionalstrassenkarte-nr-5-nordnorwegen","status":"publish","type":"product","link":"https:\/\/shop.bantam.ch\/de\/produkt\/regionalstrassenkarte-nr-5-nordnorwegen\/","title":{"rendered":"Regionalstra\u00dfenkarte Nr. 5 \u2013 Nordnorwegen"},"content":{"rendered":"<p>1 : 400.000 \/ 1 : 400&#8217;000<br \/>\nMit Troms\u00f8, Nordkap, Kirkenes. Inklusive Stra\u00dfenverzeichnis und Reiseinformationen &#8211; Niederl\u00e4ndisch \/ Englisch \/ Franz\u00f6sisch \/ Deutsch<\/p>\n","protected":false},"excerpt":{"rendered":"<p>1 : 400.000 \/ 1 : 400&#8217;000 Mit Troms\u00f8, Nordkap, Kirkenes. Inklusive Stra\u00dfenverzeichnis und Reiseinformationen &#8211; Niederl\u00e4ndisch \/ Englisch \/ Franz\u00f6sisch \/ Deutsch<\/p>\n","protected":false},"featured_media":227102,"template":"","meta":{"_acf_changed":false},"product_featured_cat":[],"product_brand":[3691],"product_cat":[4352],"product_tag":[],"class_list":{"0":"post-227064","1":"product","2":"type-product","3":"status-publish","4":"has-post-thumbnail","6":"product_brand-hallwag-de","7":"product_cat-reisefuehrer","9":"first","10":"instock","11":"taxable","12":"shipping-taxable","13":"purchasable","14":"product-type-simple"},"acf":[],"yoast_head":"<!-- This site is optimized with the Yoast SEO plugin v27.4 - https:\/\/yoast.com\/product\/yoast-seo-wordpress\/ -->\n<title>Regionalstra\u00dfenkarte Nr. 5 \u2013 Nordnorwegen - Bantam Camping AG<\/title>\n<meta name=\"robots\" content=\"index, follow, max-snippet:-1, max-image-preview:large, max-video-preview:-1\" \/>\n<link rel=\"canonical\" href=\"https:\/\/shop.bantam.ch\/de\/produkt\/regionalstrassenkarte-nr-5-nordnorwegen\/\" \/>\n<meta property=\"og:locale\" content=\"de_DE\" \/>\n<meta property=\"og:type\" content=\"article\" \/>\n<meta property=\"og:title\" content=\"Regionalstra\u00dfenkarte Nr. 5 \u2013 Nordnorwegen - Bantam Camping AG\" \/>\n<meta property=\"og:description\" content=\"1 : 400.000 \/ 1 : 400&#8217;000 Mit Troms\u00f8, Nordkap, Kirkenes. Inklusive Stra\u00dfenverzeichnis und Reiseinformationen &#8211; Niederl\u00e4ndisch \/ Englisch \/ Franz\u00f6sisch \/ Deutsch\" \/>\n<meta property=\"og:url\" content=\"https:\/\/shop.bantam.ch\/de\/produkt\/regionalstrassenkarte-nr-5-nordnorwegen\/\" \/>\n<meta property=\"og:site_name\" content=\"Bantam Camping AG\" \/>\n<meta property=\"article:modified_time\" content=\"2026-04-18T21:49:43+00:00\" \/>\n<meta property=\"og:image\" content=\"https:\/\/shop.bantam.ch\/wp-content\/uploads\/2025\/12\/49922255.jpg\" \/>\n\t<meta property=\"og:image:width\" content=\"160\" \/>\n\t<meta property=\"og:image:height\" content=\"300\" \/>\n\t<meta property=\"og:image:type\" content=\"image\/jpeg\" \/>\n<meta name=\"twitter:card\" content=\"summary_large_image\" \/>\n<script type=\"application\/ld+json\" class=\"yoast-schema-graph\">{\"@context\":\"https:\\\/\\\/schema.org\",\"@graph\":[{\"@type\":\"WebPage\",\"@id\":\"https:\\\/\\\/shop.bantam.ch\\\/de\\\/produkt\\\/regionalstrassenkarte-nr-5-nordnorwegen\\\/\",\"url\":\"https:\\\/\\\/shop.bantam.ch\\\/de\\\/produkt\\\/regionalstrassenkarte-nr-5-nordnorwegen\\\/\",\"name\":\"Regionalstra\u00dfenkarte Nr. 5 \u2013 Nordnorwegen - Bantam Camping AG\",\"isPartOf\":{\"@id\":\"https:\\\/\\\/shop.bantam.ch\\\/de\\\/#website\"},\"primaryImageOfPage\":{\"@id\":\"https:\\\/\\\/shop.bantam.ch\\\/de\\\/produkt\\\/regionalstrassenkarte-nr-5-nordnorwegen\\\/#primaryimage\"},\"image\":{\"@id\":\"https:\\\/\\\/shop.bantam.ch\\\/de\\\/produkt\\\/regionalstrassenkarte-nr-5-nordnorwegen\\\/#primaryimage\"},\"thumbnailUrl\":\"https:\\\/\\\/shop.bantam.ch\\\/wp-content\\\/uploads\\\/2025\\\/12\\\/49922255.jpg\",\"datePublished\":\"2025-12-23T10:37:18+00:00\",\"dateModified\":\"2026-04-18T21:49:43+00:00\",\"breadcrumb\":{\"@id\":\"https:\\\/\\\/shop.bantam.ch\\\/de\\\/produkt\\\/regionalstrassenkarte-nr-5-nordnorwegen\\\/#breadcrumb\"},\"inLanguage\":\"de\",\"potentialAction\":[{\"@type\":\"ReadAction\",\"target\":[\"https:\\\/\\\/shop.bantam.ch\\\/de\\\/produkt\\\/regionalstrassenkarte-nr-5-nordnorwegen\\\/\"]}]},{\"@type\":\"ImageObject\",\"inLanguage\":\"de\",\"@id\":\"https:\\\/\\\/shop.bantam.ch\\\/de\\\/produkt\\\/regionalstrassenkarte-nr-5-nordnorwegen\\\/#primaryimage\",\"url\":\"https:\\\/\\\/shop.bantam.ch\\\/wp-content\\\/uploads\\\/2025\\\/12\\\/49922255.jpg\",\"contentUrl\":\"https:\\\/\\\/shop.bantam.ch\\\/wp-content\\\/uploads\\\/2025\\\/12\\\/49922255.jpg\",\"width\":160,\"height\":300},{\"@type\":\"BreadcrumbList\",\"@id\":\"https:\\\/\\\/shop.bantam.ch\\\/de\\\/produkt\\\/regionalstrassenkarte-nr-5-nordnorwegen\\\/#breadcrumb\",\"itemListElement\":[{\"@type\":\"ListItem\",\"position\":1,\"name\":\"Accueil\",\"item\":\"https:\\\/\\\/shop.bantam.ch\\\/de\\\/\"},{\"@type\":\"ListItem\",\"position\":2,\"name\":\"Shop\",\"item\":\"https:\\\/\\\/shop.bantam.ch\\\/de\\\/shop\\\/\"},{\"@type\":\"ListItem\",\"position\":3,\"name\":\"Regionalstra\u00dfenkarte Nr. 5 \u2013 Nordnorwegen\"}]},{\"@type\":\"WebSite\",\"@id\":\"https:\\\/\\\/shop.bantam.ch\\\/de\\\/#website\",\"url\":\"https:\\\/\\\/shop.bantam.ch\\\/de\\\/\",\"name\":\"Bantam Camping AG\",\"description\":\"\",\"publisher\":{\"@id\":\"https:\\\/\\\/shop.bantam.ch\\\/de\\\/#organization\"},\"inLanguage\":\"de\"},{\"@type\":\"Organization\",\"@id\":\"https:\\\/\\\/shop.bantam.ch\\\/de\\\/#organization\",\"name\":\"Bantam Camping AG\",\"url\":\"https:\\\/\\\/shop.bantam.ch\\\/de\\\/\",\"logo\":{\"@type\":\"ImageObject\",\"inLanguage\":\"de\",\"@id\":\"https:\\\/\\\/shop.bantam.ch\\\/de\\\/#\\\/schema\\\/logo\\\/image\\\/\",\"url\":\"https:\\\/\\\/shop.bantam.ch\\\/wp-content\\\/uploads\\\/2022\\\/12\\\/bantam-logo.png\",\"contentUrl\":\"https:\\\/\\\/shop.bantam.ch\\\/wp-content\\\/uploads\\\/2022\\\/12\\\/bantam-logo.png\",\"width\":320,\"height\":71,\"caption\":\"Bantam Camping AG\"},\"image\":{\"@id\":\"https:\\\/\\\/shop.bantam.ch\\\/de\\\/#\\\/schema\\\/logo\\\/image\\\/\"}}]}<\/script>\n<!-- \/ Yoast SEO plugin. -->","yoast_head_json":{"title":"Regionalstra\u00dfenkarte Nr. 5 \u2013 Nordnorwegen - Bantam Camping AG","robots":{"index":"index","follow":"follow","max-snippet":"max-snippet:-1","max-image-preview":"max-image-preview:large","max-video-preview":"max-video-preview:-1"},"canonical":"https:\/\/shop.bantam.ch\/de\/produkt\/regionalstrassenkarte-nr-5-nordnorwegen\/","og_locale":"de_DE","og_type":"article","og_title":"Regionalstra\u00dfenkarte Nr. 5 \u2013 Nordnorwegen - Bantam Camping AG","og_description":"1 : 400.000 \/ 1 : 400&#8217;000 Mit Troms\u00f8, Nordkap, Kirkenes. Inklusive Stra\u00dfenverzeichnis und Reiseinformationen &#8211; Niederl\u00e4ndisch \/ Englisch \/ Franz\u00f6sisch \/ Deutsch","og_url":"https:\/\/shop.bantam.ch\/de\/produkt\/regionalstrassenkarte-nr-5-nordnorwegen\/","og_site_name":"Bantam Camping AG","article_modified_time":"2026-04-18T21:49:43+00:00","og_image":[{"width":160,"height":300,"url":"https:\/\/shop.bantam.ch\/wp-content\/uploads\/2025\/12\/49922255.jpg","type":"image\/jpeg"}],"twitter_card":"summary_large_image","schema":{"@context":"https:\/\/schema.org","@graph":[{"@type":"WebPage","@id":"https:\/\/shop.bantam.ch\/de\/produkt\/regionalstrassenkarte-nr-5-nordnorwegen\/","url":"https:\/\/shop.bantam.ch\/de\/produkt\/regionalstrassenkarte-nr-5-nordnorwegen\/","name":"Regionalstra\u00dfenkarte Nr. 5 \u2013 Nordnorwegen - Bantam Camping AG","isPartOf":{"@id":"https:\/\/shop.bantam.ch\/de\/#website"},"primaryImageOfPage":{"@id":"https:\/\/shop.bantam.ch\/de\/produkt\/regionalstrassenkarte-nr-5-nordnorwegen\/#primaryimage"},"image":{"@id":"https:\/\/shop.bantam.ch\/de\/produkt\/regionalstrassenkarte-nr-5-nordnorwegen\/#primaryimage"},"thumbnailUrl":"https:\/\/shop.bantam.ch\/wp-content\/uploads\/2025\/12\/49922255.jpg","datePublished":"2025-12-23T10:37:18+00:00","dateModified":"2026-04-18T21:49:43+00:00","breadcrumb":{"@id":"https:\/\/shop.bantam.ch\/de\/produkt\/regionalstrassenkarte-nr-5-nordnorwegen\/#breadcrumb"},"inLanguage":"de","potentialAction":[{"@type":"ReadAction","target":["https:\/\/shop.bantam.ch\/de\/produkt\/regionalstrassenkarte-nr-5-nordnorwegen\/"]}]},{"@type":"ImageObject","inLanguage":"de","@id":"https:\/\/shop.bantam.ch\/de\/produkt\/regionalstrassenkarte-nr-5-nordnorwegen\/#primaryimage","url":"https:\/\/shop.bantam.ch\/wp-content\/uploads\/2025\/12\/49922255.jpg","contentUrl":"https:\/\/shop.bantam.ch\/wp-content\/uploads\/2025\/12\/49922255.jpg","width":160,"height":300},{"@type":"BreadcrumbList","@id":"https:\/\/shop.bantam.ch\/de\/produkt\/regionalstrassenkarte-nr-5-nordnorwegen\/#breadcrumb","itemListElement":[{"@type":"ListItem","position":1,"name":"Accueil","item":"https:\/\/shop.bantam.ch\/de\/"},{"@type":"ListItem","position":2,"name":"Shop","item":"https:\/\/shop.bantam.ch\/de\/shop\/"},{"@type":"ListItem","position":3,"name":"Regionalstra\u00dfenkarte Nr. 5 \u2013 Nordnorwegen"}]},{"@type":"WebSite","@id":"https:\/\/shop.bantam.ch\/de\/#website","url":"https:\/\/shop.bantam.ch\/de\/","name":"Bantam Camping AG","description":"","publisher":{"@id":"https:\/\/shop.bantam.ch\/de\/#organization"},"inLanguage":"de"},{"@type":"Organization","@id":"https:\/\/shop.bantam.ch\/de\/#organization","name":"Bantam Camping AG","url":"https:\/\/shop.bantam.ch\/de\/","logo":{"@type":"ImageObject","inLanguage":"de","@id":"https:\/\/shop.bantam.ch\/de\/#\/schema\/logo\/image\/","url":"https:\/\/shop.bantam.ch\/wp-content\/uploads\/2022\/12\/bantam-logo.png","contentUrl":"https:\/\/shop.bantam.ch\/wp-content\/uploads\/2022\/12\/bantam-logo.png","width":320,"height":71,"caption":"Bantam Camping AG"},"image":{"@id":"https:\/\/shop.bantam.ch\/de\/#\/schema\/logo\/image\/"}}]}},"_links":{"self":[{"href":"https:\/\/shop.bantam.ch\/de\/wp-json\/wp\/v2\/product\/227064","targetHints":{"allow":["GET"]}}],"collection":[{"href":"https:\/\/shop.bantam.ch\/de\/wp-json\/wp\/v2\/product"}],"about":[{"href":"https:\/\/shop.bantam.ch\/de\/wp-json\/wp\/v2\/types\/product"}],"wp:featuredmedia":[{"embeddable":true,"href":"https:\/\/shop.bantam.ch\/de\/wp-json\/wp\/v2\/media\/227102"}],"wp:attachment":[{"href":"https:\/\/shop.bantam.ch\/de\/wp-json\/wp\/v2\/media?parent=227064"}],"wp:term":[{"taxonomy":"product_featured_cat","embeddable":true,"href":"https:\/\/shop.bantam.ch\/de\/wp-json\/wp\/v2\/product_featured_cat?post=227064"},{"taxonomy":"product_brand","embeddable":true,"href":"https:\/\/shop.bantam.ch\/de\/wp-json\/wp\/v2\/product_brand?post=227064"},{"taxonomy":"product_cat","embeddable":true,"href":"https:\/\/shop.bantam.ch\/de\/wp-json\/wp\/v2\/product_cat?post=227064"},{"taxonomy":"product_tag","embeddable":true,"href":"https:\/\/shop.bantam.ch\/de\/wp-json\/wp\/v2\/product_tag?post=227064"}],"curies":[{"name":"wp","href":"https:\/\/api.w.org\/{rel}","templated":true}]}}