{"id":227020,"date":"2025-12-17T16:40:50","date_gmt":"2025-12-17T15:40:50","guid":{"rendered":"https:\/\/shop.bantam.ch\/produit\/acrylglas-keramikbeschichtung\/"},"modified":"2026-04-21T23:51:04","modified_gmt":"2026-04-21T21:51:04","slug":"acrylglas-keramikbeschichtung","status":"publish","type":"product","link":"https:\/\/shop.bantam.ch\/de\/produkt\/acrylglas-keramikbeschichtung\/","title":{"rendered":"Acrylglas Keramikbeschichtung"},"content":{"rendered":"<p>Keramikbeschichtung f\u00fcr Acrylglasfl\u00e4chen<\/p>\n<p>BRILLIANT GESCH\u00dcTZT<br \/>\nUltraleichtes Gewicht, glasklarer Durchblick:<br \/>\nAcrylglas ist f\u00fcr Reisemobil- und Wohnwagenfenster erste Wahl. Damit diese Vorz\u00fcge erhalten bleiben, braucht es eine passende Beschichtung. Unsere innovative Keramikbeschichtung verleiht<br \/>\nAcrylglasfenstern eine ganz neue Dimension an Best\u00e4ndigkeit und Langlebigkeit. Sie sch\u00fctzt, versiegelt, wertet auf \u2013 f\u00fcr dauerhafte Transparenz und Brillanz. So hast Du ein Camperleben lang Freude an Deinem Fahrzeug.<\/p>\n<ul>\n<li>Effektive Oberfl\u00e4chenversiegelung \u2013 sch\u00fctzt vor UV-Strahlung, Chemikalien, Verwitterung und feinen Kratzern<\/li>\n<li>H\u00f6chste Transparenz \u2013 Beschichtung ist unsichtbar und bietet dennoch sp\u00fcrbaren Schutz<\/li>\n<li>Dauerhafter Glanz \u2013 Schmutz, Wasser und Ablagerungen perlen einfach ab<\/li>\n<li>Einfache Pflege dank Easy-Clean-Effekt<\/li>\n<\/ul>\n<p>Lieferumfang:<br \/>\nKeramikbeschichtung 10 Beutel je 5 ml \/ 2 x Poliertuch<br \/>\n&nbsp;<\/p>\n","protected":false},"excerpt":{"rendered":"<p>Keramikbeschichtung f\u00fcr Acrylglasfl\u00e4chen BRILLIANT GESCH\u00dcTZT Ultraleichtes Gewicht, glasklarer Durchblick: Acrylglas ist f\u00fcr Reisemobil- und Wohnwagenfenster erste Wahl. Damit diese Vorz\u00fcge erhalten bleiben, braucht es eine passende Beschichtung. Unsere innovative Keramikbeschichtung verleiht Acrylglasfenstern eine ganz neue Dimension an Best\u00e4ndigkeit und Langlebigkeit. Sie sch\u00fctzt, versiegelt, wertet auf \u2013 f\u00fcr dauerhafte Transparenz und Brillanz. So hast Du ein [&hellip;]<\/p>\n","protected":false},"featured_media":227018,"template":"","meta":{"_acf_changed":false},"product_featured_cat":[],"product_brand":[],"product_cat":[5094],"product_tag":[],"class_list":{"0":"post-227020","1":"product","2":"type-product","3":"status-publish","4":"has-post-thumbnail","6":"product_cat-versiegelung","8":"first","9":"instock","10":"taxable","11":"shipping-taxable","12":"purchasable","13":"product-type-simple"},"acf":[],"yoast_head":"<!-- This site is optimized with the Yoast SEO plugin v27.4 - https:\/\/yoast.com\/product\/yoast-seo-wordpress\/ -->\n<title>Acrylglas Keramikbeschichtung - Bantam Camping AG<\/title>\n<meta name=\"robots\" content=\"index, follow, max-snippet:-1, max-image-preview:large, max-video-preview:-1\" \/>\n<link rel=\"canonical\" href=\"https:\/\/shop.bantam.ch\/de\/produkt\/acrylglas-keramikbeschichtung\/\" \/>\n<meta property=\"og:locale\" content=\"de_DE\" \/>\n<meta property=\"og:type\" content=\"article\" \/>\n<meta property=\"og:title\" content=\"Acrylglas Keramikbeschichtung - Bantam Camping AG\" \/>\n<meta property=\"og:description\" content=\"Keramikbeschichtung f\u00fcr Acrylglasfl\u00e4chen BRILLIANT GESCH\u00dcTZT Ultraleichtes Gewicht, glasklarer Durchblick: Acrylglas ist f\u00fcr Reisemobil- und Wohnwagenfenster erste Wahl. Damit diese Vorz\u00fcge erhalten bleiben, braucht es eine passende Beschichtung. Unsere innovative Keramikbeschichtung verleiht Acrylglasfenstern eine ganz neue Dimension an Best\u00e4ndigkeit und Langlebigkeit. Sie sch\u00fctzt, versiegelt, wertet auf \u2013 f\u00fcr dauerhafte Transparenz und Brillanz. So hast Du ein [&hellip;]\" \/>\n<meta property=\"og:url\" content=\"https:\/\/shop.bantam.ch\/de\/produkt\/acrylglas-keramikbeschichtung\/\" \/>\n<meta property=\"og:site_name\" content=\"Bantam Camping AG\" \/>\n<meta property=\"article:modified_time\" content=\"2026-04-21T21:51:04+00:00\" \/>\n<meta name=\"twitter:card\" content=\"summary_large_image\" \/>\n<meta name=\"twitter:label1\" content=\"Gesch\u00e4tzte Lesezeit\" \/>\n\t<meta name=\"twitter:data1\" content=\"1\u00a0Minute\" \/>\n<script type=\"application\/ld+json\" class=\"yoast-schema-graph\">{\"@context\":\"https:\\\/\\\/schema.org\",\"@graph\":[{\"@type\":\"WebPage\",\"@id\":\"https:\\\/\\\/shop.bantam.ch\\\/de\\\/produkt\\\/acrylglas-keramikbeschichtung\\\/\",\"url\":\"https:\\\/\\\/shop.bantam.ch\\\/de\\\/produkt\\\/acrylglas-keramikbeschichtung\\\/\",\"name\":\"Acrylglas Keramikbeschichtung - Bantam Camping AG\",\"isPartOf\":{\"@id\":\"https:\\\/\\\/shop.bantam.ch\\\/de\\\/#website\"},\"primaryImageOfPage\":{\"@id\":\"https:\\\/\\\/shop.bantam.ch\\\/de\\\/produkt\\\/acrylglas-keramikbeschichtung\\\/#primaryimage\"},\"image\":{\"@id\":\"https:\\\/\\\/shop.bantam.ch\\\/de\\\/produkt\\\/acrylglas-keramikbeschichtung\\\/#primaryimage\"},\"thumbnailUrl\":\"https:\\\/\\\/shop.bantam.ch\\\/wp-content\\\/uploads\\\/2025\\\/12\\\/Movera-L-9987343100.jpg\",\"datePublished\":\"2025-12-17T15:40:50+00:00\",\"dateModified\":\"2026-04-21T21:51:04+00:00\",\"breadcrumb\":{\"@id\":\"https:\\\/\\\/shop.bantam.ch\\\/de\\\/produkt\\\/acrylglas-keramikbeschichtung\\\/#breadcrumb\"},\"inLanguage\":\"de\",\"potentialAction\":[{\"@type\":\"ReadAction\",\"target\":[\"https:\\\/\\\/shop.bantam.ch\\\/de\\\/produkt\\\/acrylglas-keramikbeschichtung\\\/\"]}]},{\"@type\":\"ImageObject\",\"inLanguage\":\"de\",\"@id\":\"https:\\\/\\\/shop.bantam.ch\\\/de\\\/produkt\\\/acrylglas-keramikbeschichtung\\\/#primaryimage\",\"url\":\"https:\\\/\\\/shop.bantam.ch\\\/wp-content\\\/uploads\\\/2025\\\/12\\\/Movera-L-9987343100.jpg\",\"contentUrl\":\"https:\\\/\\\/shop.bantam.ch\\\/wp-content\\\/uploads\\\/2025\\\/12\\\/Movera-L-9987343100.jpg\",\"width\":640,\"height\":640},{\"@type\":\"BreadcrumbList\",\"@id\":\"https:\\\/\\\/shop.bantam.ch\\\/de\\\/produkt\\\/acrylglas-keramikbeschichtung\\\/#breadcrumb\",\"itemListElement\":[{\"@type\":\"ListItem\",\"position\":1,\"name\":\"Accueil\",\"item\":\"https:\\\/\\\/shop.bantam.ch\\\/de\\\/\"},{\"@type\":\"ListItem\",\"position\":2,\"name\":\"Shop\",\"item\":\"https:\\\/\\\/shop.bantam.ch\\\/de\\\/shop\\\/\"},{\"@type\":\"ListItem\",\"position\":3,\"name\":\"Acrylglas Keramikbeschichtung\"}]},{\"@type\":\"WebSite\",\"@id\":\"https:\\\/\\\/shop.bantam.ch\\\/de\\\/#website\",\"url\":\"https:\\\/\\\/shop.bantam.ch\\\/de\\\/\",\"name\":\"Bantam Camping AG\",\"description\":\"\",\"publisher\":{\"@id\":\"https:\\\/\\\/shop.bantam.ch\\\/de\\\/#organization\"},\"inLanguage\":\"de\"},{\"@type\":\"Organization\",\"@id\":\"https:\\\/\\\/shop.bantam.ch\\\/de\\\/#organization\",\"name\":\"Bantam Camping AG\",\"url\":\"https:\\\/\\\/shop.bantam.ch\\\/de\\\/\",\"logo\":{\"@type\":\"ImageObject\",\"inLanguage\":\"de\",\"@id\":\"https:\\\/\\\/shop.bantam.ch\\\/de\\\/#\\\/schema\\\/logo\\\/image\\\/\",\"url\":\"https:\\\/\\\/shop.bantam.ch\\\/wp-content\\\/uploads\\\/2022\\\/12\\\/bantam-logo.png\",\"contentUrl\":\"https:\\\/\\\/shop.bantam.ch\\\/wp-content\\\/uploads\\\/2022\\\/12\\\/bantam-logo.png\",\"width\":320,\"height\":71,\"caption\":\"Bantam Camping AG\"},\"image\":{\"@id\":\"https:\\\/\\\/shop.bantam.ch\\\/de\\\/#\\\/schema\\\/logo\\\/image\\\/\"}}]}<\/script>\n<!-- \/ Yoast SEO plugin. -->","yoast_head_json":{"title":"Acrylglas Keramikbeschichtung - Bantam Camping AG","robots":{"index":"index","follow":"follow","max-snippet":"max-snippet:-1","max-image-preview":"max-image-preview:large","max-video-preview":"max-video-preview:-1"},"canonical":"https:\/\/shop.bantam.ch\/de\/produkt\/acrylglas-keramikbeschichtung\/","og_locale":"de_DE","og_type":"article","og_title":"Acrylglas Keramikbeschichtung - Bantam Camping AG","og_description":"Keramikbeschichtung f\u00fcr Acrylglasfl\u00e4chen BRILLIANT GESCH\u00dcTZT Ultraleichtes Gewicht, glasklarer Durchblick: Acrylglas ist f\u00fcr Reisemobil- und Wohnwagenfenster erste Wahl. Damit diese Vorz\u00fcge erhalten bleiben, braucht es eine passende Beschichtung. Unsere innovative Keramikbeschichtung verleiht Acrylglasfenstern eine ganz neue Dimension an Best\u00e4ndigkeit und Langlebigkeit. Sie sch\u00fctzt, versiegelt, wertet auf \u2013 f\u00fcr dauerhafte Transparenz und Brillanz. So hast Du ein [&hellip;]","og_url":"https:\/\/shop.bantam.ch\/de\/produkt\/acrylglas-keramikbeschichtung\/","og_site_name":"Bantam Camping AG","article_modified_time":"2026-04-21T21:51:04+00:00","twitter_card":"summary_large_image","twitter_misc":{"Gesch\u00e4tzte Lesezeit":"1\u00a0Minute"},"schema":{"@context":"https:\/\/schema.org","@graph":[{"@type":"WebPage","@id":"https:\/\/shop.bantam.ch\/de\/produkt\/acrylglas-keramikbeschichtung\/","url":"https:\/\/shop.bantam.ch\/de\/produkt\/acrylglas-keramikbeschichtung\/","name":"Acrylglas Keramikbeschichtung - Bantam Camping AG","isPartOf":{"@id":"https:\/\/shop.bantam.ch\/de\/#website"},"primaryImageOfPage":{"@id":"https:\/\/shop.bantam.ch\/de\/produkt\/acrylglas-keramikbeschichtung\/#primaryimage"},"image":{"@id":"https:\/\/shop.bantam.ch\/de\/produkt\/acrylglas-keramikbeschichtung\/#primaryimage"},"thumbnailUrl":"https:\/\/shop.bantam.ch\/wp-content\/uploads\/2025\/12\/Movera-L-9987343100.jpg","datePublished":"2025-12-17T15:40:50+00:00","dateModified":"2026-04-21T21:51:04+00:00","breadcrumb":{"@id":"https:\/\/shop.bantam.ch\/de\/produkt\/acrylglas-keramikbeschichtung\/#breadcrumb"},"inLanguage":"de","potentialAction":[{"@type":"ReadAction","target":["https:\/\/shop.bantam.ch\/de\/produkt\/acrylglas-keramikbeschichtung\/"]}]},{"@type":"ImageObject","inLanguage":"de","@id":"https:\/\/shop.bantam.ch\/de\/produkt\/acrylglas-keramikbeschichtung\/#primaryimage","url":"https:\/\/shop.bantam.ch\/wp-content\/uploads\/2025\/12\/Movera-L-9987343100.jpg","contentUrl":"https:\/\/shop.bantam.ch\/wp-content\/uploads\/2025\/12\/Movera-L-9987343100.jpg","width":640,"height":640},{"@type":"BreadcrumbList","@id":"https:\/\/shop.bantam.ch\/de\/produkt\/acrylglas-keramikbeschichtung\/#breadcrumb","itemListElement":[{"@type":"ListItem","position":1,"name":"Accueil","item":"https:\/\/shop.bantam.ch\/de\/"},{"@type":"ListItem","position":2,"name":"Shop","item":"https:\/\/shop.bantam.ch\/de\/shop\/"},{"@type":"ListItem","position":3,"name":"Acrylglas Keramikbeschichtung"}]},{"@type":"WebSite","@id":"https:\/\/shop.bantam.ch\/de\/#website","url":"https:\/\/shop.bantam.ch\/de\/","name":"Bantam Camping AG","description":"","publisher":{"@id":"https:\/\/shop.bantam.ch\/de\/#organization"},"inLanguage":"de"},{"@type":"Organization","@id":"https:\/\/shop.bantam.ch\/de\/#organization","name":"Bantam Camping AG","url":"https:\/\/shop.bantam.ch\/de\/","logo":{"@type":"ImageObject","inLanguage":"de","@id":"https:\/\/shop.bantam.ch\/de\/#\/schema\/logo\/image\/","url":"https:\/\/shop.bantam.ch\/wp-content\/uploads\/2022\/12\/bantam-logo.png","contentUrl":"https:\/\/shop.bantam.ch\/wp-content\/uploads\/2022\/12\/bantam-logo.png","width":320,"height":71,"caption":"Bantam Camping AG"},"image":{"@id":"https:\/\/shop.bantam.ch\/de\/#\/schema\/logo\/image\/"}}]}},"_links":{"self":[{"href":"https:\/\/shop.bantam.ch\/de\/wp-json\/wp\/v2\/product\/227020","targetHints":{"allow":["GET"]}}],"collection":[{"href":"https:\/\/shop.bantam.ch\/de\/wp-json\/wp\/v2\/product"}],"about":[{"href":"https:\/\/shop.bantam.ch\/de\/wp-json\/wp\/v2\/types\/product"}],"wp:featuredmedia":[{"embeddable":true,"href":"https:\/\/shop.bantam.ch\/de\/wp-json\/wp\/v2\/media\/227018"}],"wp:attachment":[{"href":"https:\/\/shop.bantam.ch\/de\/wp-json\/wp\/v2\/media?parent=227020"}],"wp:term":[{"taxonomy":"product_featured_cat","embeddable":true,"href":"https:\/\/shop.bantam.ch\/de\/wp-json\/wp\/v2\/product_featured_cat?post=227020"},{"taxonomy":"product_brand","embeddable":true,"href":"https:\/\/shop.bantam.ch\/de\/wp-json\/wp\/v2\/product_brand?post=227020"},{"taxonomy":"product_cat","embeddable":true,"href":"https:\/\/shop.bantam.ch\/de\/wp-json\/wp\/v2\/product_cat?post=227020"},{"taxonomy":"product_tag","embeddable":true,"href":"https:\/\/shop.bantam.ch\/de\/wp-json\/wp\/v2\/product_tag?post=227020"}],"curies":[{"name":"wp","href":"https:\/\/api.w.org\/{rel}","templated":true}]}}