{"id":227011,"date":"2025-12-17T16:40:14","date_gmt":"2025-12-17T15:40:14","guid":{"rendered":"https:\/\/shop.bantam.ch\/produit\/apapter-frame\/"},"modified":"2026-04-19T02:21:49","modified_gmt":"2026-04-19T00:21:49","slug":"apapter-frame","status":"publish","type":"product","link":"https:\/\/shop.bantam.ch\/de\/produkt\/apapter-frame\/","title":{"rendered":"Apapter Frame"},"content":{"rendered":"<p>Die neuen Adapterrahmen von Dometic sind speziell f\u00fcr Kastenwagen konzipiert und bieten eine passgenaue L\u00f6sung f\u00fcr verschiedene Dachaufbauten. Egal ob Mini-Heki, FanTastic Breathe 3100 Dachl\u00fcfter oder FreshJet FJZ Dachklimaanlage \u2013 die Adapterrahmen sind f\u00fcr alle drei Optionen geeignet. Unsere Produktdesigner haben fahrzeugspezifische Versionen f\u00fcr die drei derzeit beliebtesten Campervans entwickelt: Fiat Ducato III, Ford Transit (ab Baujahr 2014) und Mercedes Sprinter (ab Baujahr 2016). W\u00e4hle einfach das passende Modell aus! F\u00fcr die Montage einer FJZ Dachklimaanlage ben\u00f6tigst du zus\u00e4tzlich das entsprechende Verst\u00e4rkungsprofil.<\/p>\n<p>Merkmale der Dometic Adapterrahmen:<\/p>\n<p>&#8211; Einfacher Einbau in den bestehenden Dachausschnitt (400 x 400 mm)<br \/>\n&#8211; Perfekter Abschluss, wie eine Originalausstattung<br \/>\n&#8211; Universelle Anwendung: geeignet f\u00fcr Mini-Heki, FanTastic Breathe 3100, FreshJet FJZ4 1500\/1700\/2000 und FreshJet FJZ7 2200\/2600<br \/>\n&#8211; Erh\u00e4ltlich f\u00fcr Fiat Ducato III, Ford Transit und Mercedes Sprinter<\/p>\n","protected":false},"excerpt":{"rendered":"<p>Die neuen Adapterrahmen von Dometic sind speziell f\u00fcr Kastenwagen konzipiert und bieten eine passgenaue L\u00f6sung f\u00fcr verschiedene Dachaufbauten. Egal ob Mini-Heki, FanTastic Breathe 3100 Dachl\u00fcfter oder FreshJet FJZ Dachklimaanlage \u2013 die Adapterrahmen sind f\u00fcr alle drei Optionen geeignet. Unsere Produktdesigner haben fahrzeugspezifische Versionen f\u00fcr die drei derzeit beliebtesten Campervans entwickelt: Fiat Ducato III, Ford Transit [&hellip;]<\/p>\n","protected":false},"featured_media":226998,"template":"","meta":{"_acf_changed":false},"product_featured_cat":[],"product_brand":[],"product_cat":[4650,4204],"product_tag":[],"class_list":{"0":"post-227011","1":"product","2":"type-product","3":"status-publish","4":"has-post-thumbnail","6":"product_cat-dachluefter","7":"product_cat-fahrzeugtechnik-ersatzteile","9":"first","10":"instock","11":"taxable","12":"shipping-taxable","13":"purchasable","14":"product-type-variable"},"acf":[],"yoast_head":"<!-- This site is optimized with the Yoast SEO plugin v27.4 - https:\/\/yoast.com\/product\/yoast-seo-wordpress\/ -->\n<title>Apapter Frame - Bantam Camping AG<\/title>\n<meta name=\"robots\" content=\"index, follow, max-snippet:-1, max-image-preview:large, max-video-preview:-1\" \/>\n<link rel=\"canonical\" href=\"https:\/\/shop.bantam.ch\/de\/produkt\/apapter-frame\/\" \/>\n<meta property=\"og:locale\" content=\"de_DE\" \/>\n<meta property=\"og:type\" content=\"article\" \/>\n<meta property=\"og:title\" content=\"Apapter Frame - Bantam Camping AG\" \/>\n<meta property=\"og:description\" content=\"Die neuen Adapterrahmen von Dometic sind speziell f\u00fcr Kastenwagen konzipiert und bieten eine passgenaue L\u00f6sung f\u00fcr verschiedene Dachaufbauten. Egal ob Mini-Heki, FanTastic Breathe 3100 Dachl\u00fcfter oder FreshJet FJZ Dachklimaanlage \u2013 die Adapterrahmen sind f\u00fcr alle drei Optionen geeignet. Unsere Produktdesigner haben fahrzeugspezifische Versionen f\u00fcr die drei derzeit beliebtesten Campervans entwickelt: Fiat Ducato III, Ford Transit [&hellip;]\" \/>\n<meta property=\"og:url\" content=\"https:\/\/shop.bantam.ch\/de\/produkt\/apapter-frame\/\" \/>\n<meta property=\"og:site_name\" content=\"Bantam Camping AG\" \/>\n<meta property=\"article:modified_time\" content=\"2026-04-19T00:21:49+00:00\" \/>\n<meta name=\"twitter:card\" content=\"summary_large_image\" \/>\n<meta name=\"twitter:label1\" content=\"Gesch\u00e4tzte Lesezeit\" \/>\n\t<meta name=\"twitter:data1\" content=\"1\u00a0Minute\" \/>\n<script type=\"application\/ld+json\" class=\"yoast-schema-graph\">{\"@context\":\"https:\\\/\\\/schema.org\",\"@graph\":[{\"@type\":\"WebPage\",\"@id\":\"https:\\\/\\\/shop.bantam.ch\\\/de\\\/produkt\\\/apapter-frame\\\/\",\"url\":\"https:\\\/\\\/shop.bantam.ch\\\/de\\\/produkt\\\/apapter-frame\\\/\",\"name\":\"Apapter Frame - Bantam Camping AG\",\"isPartOf\":{\"@id\":\"https:\\\/\\\/shop.bantam.ch\\\/de\\\/#website\"},\"primaryImageOfPage\":{\"@id\":\"https:\\\/\\\/shop.bantam.ch\\\/de\\\/produkt\\\/apapter-frame\\\/#primaryimage\"},\"image\":{\"@id\":\"https:\\\/\\\/shop.bantam.ch\\\/de\\\/produkt\\\/apapter-frame\\\/#primaryimage\"},\"thumbnailUrl\":\"https:\\\/\\\/shop.bantam.ch\\\/wp-content\\\/uploads\\\/2025\\\/12\\\/Movera-L-9988106100.png\",\"datePublished\":\"2025-12-17T15:40:14+00:00\",\"dateModified\":\"2026-04-19T00:21:49+00:00\",\"breadcrumb\":{\"@id\":\"https:\\\/\\\/shop.bantam.ch\\\/de\\\/produkt\\\/apapter-frame\\\/#breadcrumb\"},\"inLanguage\":\"de\",\"potentialAction\":[{\"@type\":\"ReadAction\",\"target\":[\"https:\\\/\\\/shop.bantam.ch\\\/de\\\/produkt\\\/apapter-frame\\\/\"]}]},{\"@type\":\"ImageObject\",\"inLanguage\":\"de\",\"@id\":\"https:\\\/\\\/shop.bantam.ch\\\/de\\\/produkt\\\/apapter-frame\\\/#primaryimage\",\"url\":\"https:\\\/\\\/shop.bantam.ch\\\/wp-content\\\/uploads\\\/2025\\\/12\\\/Movera-L-9988106100.png\",\"contentUrl\":\"https:\\\/\\\/shop.bantam.ch\\\/wp-content\\\/uploads\\\/2025\\\/12\\\/Movera-L-9988106100.png\",\"width\":640,\"height\":640},{\"@type\":\"BreadcrumbList\",\"@id\":\"https:\\\/\\\/shop.bantam.ch\\\/de\\\/produkt\\\/apapter-frame\\\/#breadcrumb\",\"itemListElement\":[{\"@type\":\"ListItem\",\"position\":1,\"name\":\"Accueil\",\"item\":\"https:\\\/\\\/shop.bantam.ch\\\/de\\\/\"},{\"@type\":\"ListItem\",\"position\":2,\"name\":\"Shop\",\"item\":\"https:\\\/\\\/shop.bantam.ch\\\/de\\\/shop\\\/\"},{\"@type\":\"ListItem\",\"position\":3,\"name\":\"Apapter Frame\"}]},{\"@type\":\"WebSite\",\"@id\":\"https:\\\/\\\/shop.bantam.ch\\\/de\\\/#website\",\"url\":\"https:\\\/\\\/shop.bantam.ch\\\/de\\\/\",\"name\":\"Bantam Camping AG\",\"description\":\"\",\"publisher\":{\"@id\":\"https:\\\/\\\/shop.bantam.ch\\\/de\\\/#organization\"},\"inLanguage\":\"de\"},{\"@type\":\"Organization\",\"@id\":\"https:\\\/\\\/shop.bantam.ch\\\/de\\\/#organization\",\"name\":\"Bantam Camping AG\",\"url\":\"https:\\\/\\\/shop.bantam.ch\\\/de\\\/\",\"logo\":{\"@type\":\"ImageObject\",\"inLanguage\":\"de\",\"@id\":\"https:\\\/\\\/shop.bantam.ch\\\/de\\\/#\\\/schema\\\/logo\\\/image\\\/\",\"url\":\"https:\\\/\\\/shop.bantam.ch\\\/wp-content\\\/uploads\\\/2022\\\/12\\\/bantam-logo.png\",\"contentUrl\":\"https:\\\/\\\/shop.bantam.ch\\\/wp-content\\\/uploads\\\/2022\\\/12\\\/bantam-logo.png\",\"width\":320,\"height\":71,\"caption\":\"Bantam Camping AG\"},\"image\":{\"@id\":\"https:\\\/\\\/shop.bantam.ch\\\/de\\\/#\\\/schema\\\/logo\\\/image\\\/\"}}]}<\/script>\n<!-- \/ Yoast SEO plugin. -->","yoast_head_json":{"title":"Apapter Frame - Bantam Camping AG","robots":{"index":"index","follow":"follow","max-snippet":"max-snippet:-1","max-image-preview":"max-image-preview:large","max-video-preview":"max-video-preview:-1"},"canonical":"https:\/\/shop.bantam.ch\/de\/produkt\/apapter-frame\/","og_locale":"de_DE","og_type":"article","og_title":"Apapter Frame - Bantam Camping AG","og_description":"Die neuen Adapterrahmen von Dometic sind speziell f\u00fcr Kastenwagen konzipiert und bieten eine passgenaue L\u00f6sung f\u00fcr verschiedene Dachaufbauten. Egal ob Mini-Heki, FanTastic Breathe 3100 Dachl\u00fcfter oder FreshJet FJZ Dachklimaanlage \u2013 die Adapterrahmen sind f\u00fcr alle drei Optionen geeignet. Unsere Produktdesigner haben fahrzeugspezifische Versionen f\u00fcr die drei derzeit beliebtesten Campervans entwickelt: Fiat Ducato III, Ford Transit [&hellip;]","og_url":"https:\/\/shop.bantam.ch\/de\/produkt\/apapter-frame\/","og_site_name":"Bantam Camping AG","article_modified_time":"2026-04-19T00:21:49+00:00","twitter_card":"summary_large_image","twitter_misc":{"Gesch\u00e4tzte Lesezeit":"1\u00a0Minute"},"schema":{"@context":"https:\/\/schema.org","@graph":[{"@type":"WebPage","@id":"https:\/\/shop.bantam.ch\/de\/produkt\/apapter-frame\/","url":"https:\/\/shop.bantam.ch\/de\/produkt\/apapter-frame\/","name":"Apapter Frame - Bantam Camping AG","isPartOf":{"@id":"https:\/\/shop.bantam.ch\/de\/#website"},"primaryImageOfPage":{"@id":"https:\/\/shop.bantam.ch\/de\/produkt\/apapter-frame\/#primaryimage"},"image":{"@id":"https:\/\/shop.bantam.ch\/de\/produkt\/apapter-frame\/#primaryimage"},"thumbnailUrl":"https:\/\/shop.bantam.ch\/wp-content\/uploads\/2025\/12\/Movera-L-9988106100.png","datePublished":"2025-12-17T15:40:14+00:00","dateModified":"2026-04-19T00:21:49+00:00","breadcrumb":{"@id":"https:\/\/shop.bantam.ch\/de\/produkt\/apapter-frame\/#breadcrumb"},"inLanguage":"de","potentialAction":[{"@type":"ReadAction","target":["https:\/\/shop.bantam.ch\/de\/produkt\/apapter-frame\/"]}]},{"@type":"ImageObject","inLanguage":"de","@id":"https:\/\/shop.bantam.ch\/de\/produkt\/apapter-frame\/#primaryimage","url":"https:\/\/shop.bantam.ch\/wp-content\/uploads\/2025\/12\/Movera-L-9988106100.png","contentUrl":"https:\/\/shop.bantam.ch\/wp-content\/uploads\/2025\/12\/Movera-L-9988106100.png","width":640,"height":640},{"@type":"BreadcrumbList","@id":"https:\/\/shop.bantam.ch\/de\/produkt\/apapter-frame\/#breadcrumb","itemListElement":[{"@type":"ListItem","position":1,"name":"Accueil","item":"https:\/\/shop.bantam.ch\/de\/"},{"@type":"ListItem","position":2,"name":"Shop","item":"https:\/\/shop.bantam.ch\/de\/shop\/"},{"@type":"ListItem","position":3,"name":"Apapter Frame"}]},{"@type":"WebSite","@id":"https:\/\/shop.bantam.ch\/de\/#website","url":"https:\/\/shop.bantam.ch\/de\/","name":"Bantam Camping AG","description":"","publisher":{"@id":"https:\/\/shop.bantam.ch\/de\/#organization"},"inLanguage":"de"},{"@type":"Organization","@id":"https:\/\/shop.bantam.ch\/de\/#organization","name":"Bantam Camping AG","url":"https:\/\/shop.bantam.ch\/de\/","logo":{"@type":"ImageObject","inLanguage":"de","@id":"https:\/\/shop.bantam.ch\/de\/#\/schema\/logo\/image\/","url":"https:\/\/shop.bantam.ch\/wp-content\/uploads\/2022\/12\/bantam-logo.png","contentUrl":"https:\/\/shop.bantam.ch\/wp-content\/uploads\/2022\/12\/bantam-logo.png","width":320,"height":71,"caption":"Bantam Camping AG"},"image":{"@id":"https:\/\/shop.bantam.ch\/de\/#\/schema\/logo\/image\/"}}]}},"_links":{"self":[{"href":"https:\/\/shop.bantam.ch\/de\/wp-json\/wp\/v2\/product\/227011","targetHints":{"allow":["GET"]}}],"collection":[{"href":"https:\/\/shop.bantam.ch\/de\/wp-json\/wp\/v2\/product"}],"about":[{"href":"https:\/\/shop.bantam.ch\/de\/wp-json\/wp\/v2\/types\/product"}],"wp:featuredmedia":[{"embeddable":true,"href":"https:\/\/shop.bantam.ch\/de\/wp-json\/wp\/v2\/media\/226998"}],"wp:attachment":[{"href":"https:\/\/shop.bantam.ch\/de\/wp-json\/wp\/v2\/media?parent=227011"}],"wp:term":[{"taxonomy":"product_featured_cat","embeddable":true,"href":"https:\/\/shop.bantam.ch\/de\/wp-json\/wp\/v2\/product_featured_cat?post=227011"},{"taxonomy":"product_brand","embeddable":true,"href":"https:\/\/shop.bantam.ch\/de\/wp-json\/wp\/v2\/product_brand?post=227011"},{"taxonomy":"product_cat","embeddable":true,"href":"https:\/\/shop.bantam.ch\/de\/wp-json\/wp\/v2\/product_cat?post=227011"},{"taxonomy":"product_tag","embeddable":true,"href":"https:\/\/shop.bantam.ch\/de\/wp-json\/wp\/v2\/product_tag?post=227011"}],"curies":[{"name":"wp","href":"https:\/\/api.w.org\/{rel}","templated":true}]}}