{"id":226954,"date":"2025-12-17T16:39:18","date_gmt":"2025-12-17T15:39:18","guid":{"rendered":"https:\/\/shop.bantam.ch\/produit\/topfset-torralta-spacemaster-20-dunkelgrau\/"},"modified":"2026-04-18T23:49:22","modified_gmt":"2026-04-18T21:49:22","slug":"topfset-torralta-spacemaster-20-dunkelgrau","status":"publish","type":"product","link":"https:\/\/shop.bantam.ch\/de\/produkt\/topfset-torralta-spacemaster-20-dunkelgrau\/","title":{"rendered":"Topfset Torralta Spacemaster 20 dunkelgrau"},"content":{"rendered":"<p>Das stapelbare Topfset Torralta ist die ultimative L\u00f6sung f\u00fcr Wohnmobil- und Boots- besitzer, die effizientes Kochgeschirr suchen. Diese Kollektion wurde f\u00fcr kompakte Kochherde entwickelt und bietet ein optimales Verh\u00e4ltnis zwischen Oberfl\u00e4che und Volumen, um auch gr\u00f6\u00dfere Mengen an Speisen verarbeiten zu k\u00f6nnen. Dank des speziellen Kantendesigns sitzen die mitgelieferten Pfannen sicher, ohne dass die Gefahr des Verrutschens besteht. Die externen T\u00f6pfe und Pfannen sind aus recycelten Aluminiumdosen gefertigt und verf\u00fcgen \u00fcber klappbare Griffe f\u00fcr eine kompakte, platzsparende Aufbewahrung. Dieses vielseitige Set ist mit allen Herdarten, einschlie\u00dflich Induktion, kompatibel und in drei Gr\u00f6\u00dfenkombinationen erh\u00e4ltlich. Ein abnehmbarer Griff f\u00fcr die inneren T\u00f6pfe und Pfannen ist im Lieferumfang enthalten.<\/p>\n<p>&nbsp;<\/p>\n<p>12-tlg. Set bestehend aus:<br \/>\nTopf, \u00d8 20 cm<br \/>\nPfanne, \u00d8 20 cm<br \/>\nTopf, \u00d8 18 cm<br \/>\nTopf, \u00d8 16 cm<br \/>\nMessbecher<br \/>\nDeckel, \u00d8 20 cm<br \/>\nDeckel, \u00d8 20\/18\/16 cm<br \/>\n2 x Griffe<br \/>\n2 x Topfschutz<br \/>\nTopfhalteband<\/p>\n<ul>\n<li>Optimales Verh\u00e4ltnis zwischen Bodenfl\u00e4che und Volumen der T\u00f6pfe<\/li>\n<li>Spezielles Kantendesign f\u00fcr den sicheren Halt der Pfannen<\/li>\n<li>Aus recyceltem Aluminium gefertigt&nbsp;<\/li>\n<li>F\u00fcr alle Herdarten geeignet (inkl. Induktion)<\/li>\n<li>Klappbare, platzsparende Griffe f\u00fcr die au\u00dfenliegenden T\u00f6pfe und Pfannen&nbsp;<\/li>\n<li>Mit Stau- und Tragetasche<\/li>\n<\/ul>\n","protected":false},"excerpt":{"rendered":"<p>Das stapelbare Topfset Torralta ist die ultimative L\u00f6sung f\u00fcr Wohnmobil- und Boots- besitzer, die effizientes Kochgeschirr suchen. Diese Kollektion wurde f\u00fcr kompakte Kochherde entwickelt und bietet ein optimales Verh\u00e4ltnis zwischen Oberfl\u00e4che und Volumen, um auch gr\u00f6\u00dfere Mengen an Speisen verarbeiten zu k\u00f6nnen. Dank des speziellen Kantendesigns sitzen die mitgelieferten Pfannen sicher, ohne dass die Gefahr [&hellip;]<\/p>\n","protected":false},"featured_media":226950,"template":"","meta":{"_acf_changed":false},"product_featured_cat":[],"product_brand":[],"product_cat":[3992],"product_tag":[],"class_list":{"0":"post-226954","1":"product","2":"type-product","3":"status-publish","4":"has-post-thumbnail","6":"product_cat-kochgeschirr-sets","8":"first","9":"instock","10":"taxable","11":"shipping-taxable","12":"purchasable","13":"product-type-simple"},"acf":[],"yoast_head":"<!-- This site is optimized with the Yoast SEO plugin v27.4 - https:\/\/yoast.com\/product\/yoast-seo-wordpress\/ -->\n<title>Topfset Torralta Spacemaster 20 dunkelgrau - Bantam Camping AG<\/title>\n<meta name=\"robots\" content=\"index, follow, max-snippet:-1, max-image-preview:large, max-video-preview:-1\" \/>\n<link rel=\"canonical\" href=\"https:\/\/shop.bantam.ch\/de\/produkt\/topfset-torralta-spacemaster-20-dunkelgrau\/\" \/>\n<meta property=\"og:locale\" content=\"de_DE\" \/>\n<meta property=\"og:type\" content=\"article\" \/>\n<meta property=\"og:title\" content=\"Topfset Torralta Spacemaster 20 dunkelgrau - Bantam Camping AG\" \/>\n<meta property=\"og:description\" content=\"Das stapelbare Topfset Torralta ist die ultimative L\u00f6sung f\u00fcr Wohnmobil- und Boots- besitzer, die effizientes Kochgeschirr suchen. Diese Kollektion wurde f\u00fcr kompakte Kochherde entwickelt und bietet ein optimales Verh\u00e4ltnis zwischen Oberfl\u00e4che und Volumen, um auch gr\u00f6\u00dfere Mengen an Speisen verarbeiten zu k\u00f6nnen. Dank des speziellen Kantendesigns sitzen die mitgelieferten Pfannen sicher, ohne dass die Gefahr [&hellip;]\" \/>\n<meta property=\"og:url\" content=\"https:\/\/shop.bantam.ch\/de\/produkt\/topfset-torralta-spacemaster-20-dunkelgrau\/\" \/>\n<meta property=\"og:site_name\" content=\"Bantam Camping AG\" \/>\n<meta property=\"article:modified_time\" content=\"2026-04-18T21:49:22+00:00\" \/>\n<meta name=\"twitter:card\" content=\"summary_large_image\" \/>\n<meta name=\"twitter:label1\" content=\"Gesch\u00e4tzte Lesezeit\" \/>\n\t<meta name=\"twitter:data1\" content=\"1\u00a0Minute\" \/>\n<script type=\"application\/ld+json\" class=\"yoast-schema-graph\">{\"@context\":\"https:\\\/\\\/schema.org\",\"@graph\":[{\"@type\":\"WebPage\",\"@id\":\"https:\\\/\\\/shop.bantam.ch\\\/de\\\/produkt\\\/topfset-torralta-spacemaster-20-dunkelgrau\\\/\",\"url\":\"https:\\\/\\\/shop.bantam.ch\\\/de\\\/produkt\\\/topfset-torralta-spacemaster-20-dunkelgrau\\\/\",\"name\":\"Topfset Torralta Spacemaster 20 dunkelgrau - Bantam Camping AG\",\"isPartOf\":{\"@id\":\"https:\\\/\\\/shop.bantam.ch\\\/de\\\/#website\"},\"primaryImageOfPage\":{\"@id\":\"https:\\\/\\\/shop.bantam.ch\\\/de\\\/produkt\\\/topfset-torralta-spacemaster-20-dunkelgrau\\\/#primaryimage\"},\"image\":{\"@id\":\"https:\\\/\\\/shop.bantam.ch\\\/de\\\/produkt\\\/topfset-torralta-spacemaster-20-dunkelgrau\\\/#primaryimage\"},\"thumbnailUrl\":\"https:\\\/\\\/shop.bantam.ch\\\/wp-content\\\/uploads\\\/2025\\\/12\\\/Movera-L-9987147100.jpg\",\"datePublished\":\"2025-12-17T15:39:18+00:00\",\"dateModified\":\"2026-04-18T21:49:22+00:00\",\"breadcrumb\":{\"@id\":\"https:\\\/\\\/shop.bantam.ch\\\/de\\\/produkt\\\/topfset-torralta-spacemaster-20-dunkelgrau\\\/#breadcrumb\"},\"inLanguage\":\"de\",\"potentialAction\":[{\"@type\":\"ReadAction\",\"target\":[\"https:\\\/\\\/shop.bantam.ch\\\/de\\\/produkt\\\/topfset-torralta-spacemaster-20-dunkelgrau\\\/\"]}]},{\"@type\":\"ImageObject\",\"inLanguage\":\"de\",\"@id\":\"https:\\\/\\\/shop.bantam.ch\\\/de\\\/produkt\\\/topfset-torralta-spacemaster-20-dunkelgrau\\\/#primaryimage\",\"url\":\"https:\\\/\\\/shop.bantam.ch\\\/wp-content\\\/uploads\\\/2025\\\/12\\\/Movera-L-9987147100.jpg\",\"contentUrl\":\"https:\\\/\\\/shop.bantam.ch\\\/wp-content\\\/uploads\\\/2025\\\/12\\\/Movera-L-9987147100.jpg\",\"width\":640,\"height\":314},{\"@type\":\"BreadcrumbList\",\"@id\":\"https:\\\/\\\/shop.bantam.ch\\\/de\\\/produkt\\\/topfset-torralta-spacemaster-20-dunkelgrau\\\/#breadcrumb\",\"itemListElement\":[{\"@type\":\"ListItem\",\"position\":1,\"name\":\"Accueil\",\"item\":\"https:\\\/\\\/shop.bantam.ch\\\/de\\\/\"},{\"@type\":\"ListItem\",\"position\":2,\"name\":\"Shop\",\"item\":\"https:\\\/\\\/shop.bantam.ch\\\/de\\\/shop\\\/\"},{\"@type\":\"ListItem\",\"position\":3,\"name\":\"Topfset Torralta Spacemaster 20 dunkelgrau\"}]},{\"@type\":\"WebSite\",\"@id\":\"https:\\\/\\\/shop.bantam.ch\\\/de\\\/#website\",\"url\":\"https:\\\/\\\/shop.bantam.ch\\\/de\\\/\",\"name\":\"Bantam Camping AG\",\"description\":\"\",\"publisher\":{\"@id\":\"https:\\\/\\\/shop.bantam.ch\\\/de\\\/#organization\"},\"inLanguage\":\"de\"},{\"@type\":\"Organization\",\"@id\":\"https:\\\/\\\/shop.bantam.ch\\\/de\\\/#organization\",\"name\":\"Bantam Camping AG\",\"url\":\"https:\\\/\\\/shop.bantam.ch\\\/de\\\/\",\"logo\":{\"@type\":\"ImageObject\",\"inLanguage\":\"de\",\"@id\":\"https:\\\/\\\/shop.bantam.ch\\\/de\\\/#\\\/schema\\\/logo\\\/image\\\/\",\"url\":\"https:\\\/\\\/shop.bantam.ch\\\/wp-content\\\/uploads\\\/2022\\\/12\\\/bantam-logo.png\",\"contentUrl\":\"https:\\\/\\\/shop.bantam.ch\\\/wp-content\\\/uploads\\\/2022\\\/12\\\/bantam-logo.png\",\"width\":320,\"height\":71,\"caption\":\"Bantam Camping AG\"},\"image\":{\"@id\":\"https:\\\/\\\/shop.bantam.ch\\\/de\\\/#\\\/schema\\\/logo\\\/image\\\/\"}}]}<\/script>\n<!-- \/ Yoast SEO plugin. -->","yoast_head_json":{"title":"Topfset Torralta Spacemaster 20 dunkelgrau - Bantam Camping AG","robots":{"index":"index","follow":"follow","max-snippet":"max-snippet:-1","max-image-preview":"max-image-preview:large","max-video-preview":"max-video-preview:-1"},"canonical":"https:\/\/shop.bantam.ch\/de\/produkt\/topfset-torralta-spacemaster-20-dunkelgrau\/","og_locale":"de_DE","og_type":"article","og_title":"Topfset Torralta Spacemaster 20 dunkelgrau - Bantam Camping AG","og_description":"Das stapelbare Topfset Torralta ist die ultimative L\u00f6sung f\u00fcr Wohnmobil- und Boots- besitzer, die effizientes Kochgeschirr suchen. Diese Kollektion wurde f\u00fcr kompakte Kochherde entwickelt und bietet ein optimales Verh\u00e4ltnis zwischen Oberfl\u00e4che und Volumen, um auch gr\u00f6\u00dfere Mengen an Speisen verarbeiten zu k\u00f6nnen. Dank des speziellen Kantendesigns sitzen die mitgelieferten Pfannen sicher, ohne dass die Gefahr [&hellip;]","og_url":"https:\/\/shop.bantam.ch\/de\/produkt\/topfset-torralta-spacemaster-20-dunkelgrau\/","og_site_name":"Bantam Camping AG","article_modified_time":"2026-04-18T21:49:22+00:00","twitter_card":"summary_large_image","twitter_misc":{"Gesch\u00e4tzte Lesezeit":"1\u00a0Minute"},"schema":{"@context":"https:\/\/schema.org","@graph":[{"@type":"WebPage","@id":"https:\/\/shop.bantam.ch\/de\/produkt\/topfset-torralta-spacemaster-20-dunkelgrau\/","url":"https:\/\/shop.bantam.ch\/de\/produkt\/topfset-torralta-spacemaster-20-dunkelgrau\/","name":"Topfset Torralta Spacemaster 20 dunkelgrau - Bantam Camping AG","isPartOf":{"@id":"https:\/\/shop.bantam.ch\/de\/#website"},"primaryImageOfPage":{"@id":"https:\/\/shop.bantam.ch\/de\/produkt\/topfset-torralta-spacemaster-20-dunkelgrau\/#primaryimage"},"image":{"@id":"https:\/\/shop.bantam.ch\/de\/produkt\/topfset-torralta-spacemaster-20-dunkelgrau\/#primaryimage"},"thumbnailUrl":"https:\/\/shop.bantam.ch\/wp-content\/uploads\/2025\/12\/Movera-L-9987147100.jpg","datePublished":"2025-12-17T15:39:18+00:00","dateModified":"2026-04-18T21:49:22+00:00","breadcrumb":{"@id":"https:\/\/shop.bantam.ch\/de\/produkt\/topfset-torralta-spacemaster-20-dunkelgrau\/#breadcrumb"},"inLanguage":"de","potentialAction":[{"@type":"ReadAction","target":["https:\/\/shop.bantam.ch\/de\/produkt\/topfset-torralta-spacemaster-20-dunkelgrau\/"]}]},{"@type":"ImageObject","inLanguage":"de","@id":"https:\/\/shop.bantam.ch\/de\/produkt\/topfset-torralta-spacemaster-20-dunkelgrau\/#primaryimage","url":"https:\/\/shop.bantam.ch\/wp-content\/uploads\/2025\/12\/Movera-L-9987147100.jpg","contentUrl":"https:\/\/shop.bantam.ch\/wp-content\/uploads\/2025\/12\/Movera-L-9987147100.jpg","width":640,"height":314},{"@type":"BreadcrumbList","@id":"https:\/\/shop.bantam.ch\/de\/produkt\/topfset-torralta-spacemaster-20-dunkelgrau\/#breadcrumb","itemListElement":[{"@type":"ListItem","position":1,"name":"Accueil","item":"https:\/\/shop.bantam.ch\/de\/"},{"@type":"ListItem","position":2,"name":"Shop","item":"https:\/\/shop.bantam.ch\/de\/shop\/"},{"@type":"ListItem","position":3,"name":"Topfset Torralta Spacemaster 20 dunkelgrau"}]},{"@type":"WebSite","@id":"https:\/\/shop.bantam.ch\/de\/#website","url":"https:\/\/shop.bantam.ch\/de\/","name":"Bantam Camping AG","description":"","publisher":{"@id":"https:\/\/shop.bantam.ch\/de\/#organization"},"inLanguage":"de"},{"@type":"Organization","@id":"https:\/\/shop.bantam.ch\/de\/#organization","name":"Bantam Camping AG","url":"https:\/\/shop.bantam.ch\/de\/","logo":{"@type":"ImageObject","inLanguage":"de","@id":"https:\/\/shop.bantam.ch\/de\/#\/schema\/logo\/image\/","url":"https:\/\/shop.bantam.ch\/wp-content\/uploads\/2022\/12\/bantam-logo.png","contentUrl":"https:\/\/shop.bantam.ch\/wp-content\/uploads\/2022\/12\/bantam-logo.png","width":320,"height":71,"caption":"Bantam Camping AG"},"image":{"@id":"https:\/\/shop.bantam.ch\/de\/#\/schema\/logo\/image\/"}}]}},"_links":{"self":[{"href":"https:\/\/shop.bantam.ch\/de\/wp-json\/wp\/v2\/product\/226954","targetHints":{"allow":["GET"]}}],"collection":[{"href":"https:\/\/shop.bantam.ch\/de\/wp-json\/wp\/v2\/product"}],"about":[{"href":"https:\/\/shop.bantam.ch\/de\/wp-json\/wp\/v2\/types\/product"}],"wp:featuredmedia":[{"embeddable":true,"href":"https:\/\/shop.bantam.ch\/de\/wp-json\/wp\/v2\/media\/226950"}],"wp:attachment":[{"href":"https:\/\/shop.bantam.ch\/de\/wp-json\/wp\/v2\/media?parent=226954"}],"wp:term":[{"taxonomy":"product_featured_cat","embeddable":true,"href":"https:\/\/shop.bantam.ch\/de\/wp-json\/wp\/v2\/product_featured_cat?post=226954"},{"taxonomy":"product_brand","embeddable":true,"href":"https:\/\/shop.bantam.ch\/de\/wp-json\/wp\/v2\/product_brand?post=226954"},{"taxonomy":"product_cat","embeddable":true,"href":"https:\/\/shop.bantam.ch\/de\/wp-json\/wp\/v2\/product_cat?post=226954"},{"taxonomy":"product_tag","embeddable":true,"href":"https:\/\/shop.bantam.ch\/de\/wp-json\/wp\/v2\/product_tag?post=226954"}],"curies":[{"name":"wp","href":"https:\/\/api.w.org\/{rel}","templated":true}]}}