{"id":226867,"date":"2025-12-17T16:37:20","date_gmt":"2025-12-17T15:37:20","guid":{"rendered":"https:\/\/shop.bantam.ch\/produit\/glasdeckel-ballarini\/"},"modified":"2026-04-19T02:21:33","modified_gmt":"2026-04-19T00:21:33","slug":"glasdeckel-ballarini","status":"publish","type":"product","link":"https:\/\/shop.bantam.ch\/de\/produkt\/glasdeckel-ballarini\/","title":{"rendered":"Glasdeckel Ballarini"},"content":{"rendered":"<p>Mit seinem Durchmesser von 20 cm passt der Glasdeckel Dingerkus von BALLARINI auf alle g\u00e4ngigen T\u00f6pfe und Pfannen in dieser Gr\u00f6\u00dfe. Der Deckel verf\u00fcgt neben dem praktischen Kunststoffgriff \u00fcber ein Auslassventil, das ein Ausstr\u00f6men des Dampfes erm\u00f6glicht. Zudem ist der Deckel mit einem Edelstahlrand eingefasst. Der Glasdeckel erm\u00f6glicht es Ihnen, immer ein Auge auf Ihre Speisen zu haben, ohne den Deckel entfernen zu m\u00fcssen. Er ist au\u00dferdem sp\u00fclmaschinengeeignet. So sparen Sie nicht nur Energie, sondern auch Zeit, da Ihre Speisen mit gleichm\u00e4\u00dfiger Hitze schneller gar werden.<\/p>\n<ul>\n<li>Glasdeckel mit Edelstahlrand<\/li>\n<li>Besonders platzsparend<\/li>\n<li>Ausgestattet mit einem praktischen Kunststoffknauf<\/li>\n<\/ul>\n","protected":false},"excerpt":{"rendered":"<p>Mit seinem Durchmesser von 20 cm passt der Glasdeckel Dingerkus von BALLARINI auf alle g\u00e4ngigen T\u00f6pfe und Pfannen in dieser Gr\u00f6\u00dfe. Der Deckel verf\u00fcgt neben dem praktischen Kunststoffgriff \u00fcber ein Auslassventil, das ein Ausstr\u00f6men des Dampfes erm\u00f6glicht. Zudem ist der Deckel mit einem Edelstahlrand eingefasst. Der Glasdeckel erm\u00f6glicht es Ihnen, immer ein Auge auf Ihre [&hellip;]<\/p>\n","protected":false},"featured_media":226862,"template":"","meta":{"_acf_changed":false},"product_featured_cat":[],"product_brand":[],"product_cat":[4338],"product_tag":[],"class_list":{"0":"post-226867","1":"product","2":"type-product","3":"status-publish","4":"has-post-thumbnail","6":"product_cat-zubehoer-fuer-kochgeschirr","8":"first","9":"instock","10":"taxable","11":"shipping-taxable","12":"purchasable","13":"product-type-variable"},"acf":[],"yoast_head":"<!-- This site is optimized with the Yoast SEO plugin v27.4 - https:\/\/yoast.com\/product\/yoast-seo-wordpress\/ -->\n<title>Glasdeckel Ballarini - Bantam Camping AG<\/title>\n<meta name=\"robots\" content=\"index, follow, max-snippet:-1, max-image-preview:large, max-video-preview:-1\" \/>\n<link rel=\"canonical\" href=\"https:\/\/shop.bantam.ch\/de\/produkt\/glasdeckel-ballarini\/\" \/>\n<meta property=\"og:locale\" content=\"de_DE\" \/>\n<meta property=\"og:type\" content=\"article\" \/>\n<meta property=\"og:title\" content=\"Glasdeckel Ballarini - Bantam Camping AG\" \/>\n<meta property=\"og:description\" content=\"Mit seinem Durchmesser von 20 cm passt der Glasdeckel Dingerkus von BALLARINI auf alle g\u00e4ngigen T\u00f6pfe und Pfannen in dieser Gr\u00f6\u00dfe. Der Deckel verf\u00fcgt neben dem praktischen Kunststoffgriff \u00fcber ein Auslassventil, das ein Ausstr\u00f6men des Dampfes erm\u00f6glicht. Zudem ist der Deckel mit einem Edelstahlrand eingefasst. Der Glasdeckel erm\u00f6glicht es Ihnen, immer ein Auge auf Ihre [&hellip;]\" \/>\n<meta property=\"og:url\" content=\"https:\/\/shop.bantam.ch\/de\/produkt\/glasdeckel-ballarini\/\" \/>\n<meta property=\"og:site_name\" content=\"Bantam Camping AG\" \/>\n<meta property=\"article:modified_time\" content=\"2026-04-19T00:21:33+00:00\" \/>\n<meta name=\"twitter:card\" content=\"summary_large_image\" \/>\n<meta name=\"twitter:label1\" content=\"Gesch\u00e4tzte Lesezeit\" \/>\n\t<meta name=\"twitter:data1\" content=\"1\u00a0Minute\" \/>\n<script type=\"application\/ld+json\" class=\"yoast-schema-graph\">{\"@context\":\"https:\\\/\\\/schema.org\",\"@graph\":[{\"@type\":\"WebPage\",\"@id\":\"https:\\\/\\\/shop.bantam.ch\\\/de\\\/produkt\\\/glasdeckel-ballarini\\\/\",\"url\":\"https:\\\/\\\/shop.bantam.ch\\\/de\\\/produkt\\\/glasdeckel-ballarini\\\/\",\"name\":\"Glasdeckel Ballarini - Bantam Camping AG\",\"isPartOf\":{\"@id\":\"https:\\\/\\\/shop.bantam.ch\\\/de\\\/#website\"},\"primaryImageOfPage\":{\"@id\":\"https:\\\/\\\/shop.bantam.ch\\\/de\\\/produkt\\\/glasdeckel-ballarini\\\/#primaryimage\"},\"image\":{\"@id\":\"https:\\\/\\\/shop.bantam.ch\\\/de\\\/produkt\\\/glasdeckel-ballarini\\\/#primaryimage\"},\"thumbnailUrl\":\"https:\\\/\\\/shop.bantam.ch\\\/wp-content\\\/uploads\\\/2025\\\/12\\\/Movera-L-9987053100.jpg\",\"datePublished\":\"2025-12-17T15:37:20+00:00\",\"dateModified\":\"2026-04-19T00:21:33+00:00\",\"breadcrumb\":{\"@id\":\"https:\\\/\\\/shop.bantam.ch\\\/de\\\/produkt\\\/glasdeckel-ballarini\\\/#breadcrumb\"},\"inLanguage\":\"de\",\"potentialAction\":[{\"@type\":\"ReadAction\",\"target\":[\"https:\\\/\\\/shop.bantam.ch\\\/de\\\/produkt\\\/glasdeckel-ballarini\\\/\"]}]},{\"@type\":\"ImageObject\",\"inLanguage\":\"de\",\"@id\":\"https:\\\/\\\/shop.bantam.ch\\\/de\\\/produkt\\\/glasdeckel-ballarini\\\/#primaryimage\",\"url\":\"https:\\\/\\\/shop.bantam.ch\\\/wp-content\\\/uploads\\\/2025\\\/12\\\/Movera-L-9987053100.jpg\",\"contentUrl\":\"https:\\\/\\\/shop.bantam.ch\\\/wp-content\\\/uploads\\\/2025\\\/12\\\/Movera-L-9987053100.jpg\",\"width\":640,\"height\":360},{\"@type\":\"BreadcrumbList\",\"@id\":\"https:\\\/\\\/shop.bantam.ch\\\/de\\\/produkt\\\/glasdeckel-ballarini\\\/#breadcrumb\",\"itemListElement\":[{\"@type\":\"ListItem\",\"position\":1,\"name\":\"Accueil\",\"item\":\"https:\\\/\\\/shop.bantam.ch\\\/de\\\/\"},{\"@type\":\"ListItem\",\"position\":2,\"name\":\"Shop\",\"item\":\"https:\\\/\\\/shop.bantam.ch\\\/de\\\/shop\\\/\"},{\"@type\":\"ListItem\",\"position\":3,\"name\":\"Glasdeckel Ballarini\"}]},{\"@type\":\"WebSite\",\"@id\":\"https:\\\/\\\/shop.bantam.ch\\\/de\\\/#website\",\"url\":\"https:\\\/\\\/shop.bantam.ch\\\/de\\\/\",\"name\":\"Bantam Camping AG\",\"description\":\"\",\"publisher\":{\"@id\":\"https:\\\/\\\/shop.bantam.ch\\\/de\\\/#organization\"},\"inLanguage\":\"de\"},{\"@type\":\"Organization\",\"@id\":\"https:\\\/\\\/shop.bantam.ch\\\/de\\\/#organization\",\"name\":\"Bantam Camping AG\",\"url\":\"https:\\\/\\\/shop.bantam.ch\\\/de\\\/\",\"logo\":{\"@type\":\"ImageObject\",\"inLanguage\":\"de\",\"@id\":\"https:\\\/\\\/shop.bantam.ch\\\/de\\\/#\\\/schema\\\/logo\\\/image\\\/\",\"url\":\"https:\\\/\\\/shop.bantam.ch\\\/wp-content\\\/uploads\\\/2022\\\/12\\\/bantam-logo.png\",\"contentUrl\":\"https:\\\/\\\/shop.bantam.ch\\\/wp-content\\\/uploads\\\/2022\\\/12\\\/bantam-logo.png\",\"width\":320,\"height\":71,\"caption\":\"Bantam Camping AG\"},\"image\":{\"@id\":\"https:\\\/\\\/shop.bantam.ch\\\/de\\\/#\\\/schema\\\/logo\\\/image\\\/\"}}]}<\/script>\n<!-- \/ Yoast SEO plugin. -->","yoast_head_json":{"title":"Glasdeckel Ballarini - Bantam Camping AG","robots":{"index":"index","follow":"follow","max-snippet":"max-snippet:-1","max-image-preview":"max-image-preview:large","max-video-preview":"max-video-preview:-1"},"canonical":"https:\/\/shop.bantam.ch\/de\/produkt\/glasdeckel-ballarini\/","og_locale":"de_DE","og_type":"article","og_title":"Glasdeckel Ballarini - Bantam Camping AG","og_description":"Mit seinem Durchmesser von 20 cm passt der Glasdeckel Dingerkus von BALLARINI auf alle g\u00e4ngigen T\u00f6pfe und Pfannen in dieser Gr\u00f6\u00dfe. Der Deckel verf\u00fcgt neben dem praktischen Kunststoffgriff \u00fcber ein Auslassventil, das ein Ausstr\u00f6men des Dampfes erm\u00f6glicht. Zudem ist der Deckel mit einem Edelstahlrand eingefasst. Der Glasdeckel erm\u00f6glicht es Ihnen, immer ein Auge auf Ihre [&hellip;]","og_url":"https:\/\/shop.bantam.ch\/de\/produkt\/glasdeckel-ballarini\/","og_site_name":"Bantam Camping AG","article_modified_time":"2026-04-19T00:21:33+00:00","twitter_card":"summary_large_image","twitter_misc":{"Gesch\u00e4tzte Lesezeit":"1\u00a0Minute"},"schema":{"@context":"https:\/\/schema.org","@graph":[{"@type":"WebPage","@id":"https:\/\/shop.bantam.ch\/de\/produkt\/glasdeckel-ballarini\/","url":"https:\/\/shop.bantam.ch\/de\/produkt\/glasdeckel-ballarini\/","name":"Glasdeckel Ballarini - Bantam Camping AG","isPartOf":{"@id":"https:\/\/shop.bantam.ch\/de\/#website"},"primaryImageOfPage":{"@id":"https:\/\/shop.bantam.ch\/de\/produkt\/glasdeckel-ballarini\/#primaryimage"},"image":{"@id":"https:\/\/shop.bantam.ch\/de\/produkt\/glasdeckel-ballarini\/#primaryimage"},"thumbnailUrl":"https:\/\/shop.bantam.ch\/wp-content\/uploads\/2025\/12\/Movera-L-9987053100.jpg","datePublished":"2025-12-17T15:37:20+00:00","dateModified":"2026-04-19T00:21:33+00:00","breadcrumb":{"@id":"https:\/\/shop.bantam.ch\/de\/produkt\/glasdeckel-ballarini\/#breadcrumb"},"inLanguage":"de","potentialAction":[{"@type":"ReadAction","target":["https:\/\/shop.bantam.ch\/de\/produkt\/glasdeckel-ballarini\/"]}]},{"@type":"ImageObject","inLanguage":"de","@id":"https:\/\/shop.bantam.ch\/de\/produkt\/glasdeckel-ballarini\/#primaryimage","url":"https:\/\/shop.bantam.ch\/wp-content\/uploads\/2025\/12\/Movera-L-9987053100.jpg","contentUrl":"https:\/\/shop.bantam.ch\/wp-content\/uploads\/2025\/12\/Movera-L-9987053100.jpg","width":640,"height":360},{"@type":"BreadcrumbList","@id":"https:\/\/shop.bantam.ch\/de\/produkt\/glasdeckel-ballarini\/#breadcrumb","itemListElement":[{"@type":"ListItem","position":1,"name":"Accueil","item":"https:\/\/shop.bantam.ch\/de\/"},{"@type":"ListItem","position":2,"name":"Shop","item":"https:\/\/shop.bantam.ch\/de\/shop\/"},{"@type":"ListItem","position":3,"name":"Glasdeckel Ballarini"}]},{"@type":"WebSite","@id":"https:\/\/shop.bantam.ch\/de\/#website","url":"https:\/\/shop.bantam.ch\/de\/","name":"Bantam Camping AG","description":"","publisher":{"@id":"https:\/\/shop.bantam.ch\/de\/#organization"},"inLanguage":"de"},{"@type":"Organization","@id":"https:\/\/shop.bantam.ch\/de\/#organization","name":"Bantam Camping AG","url":"https:\/\/shop.bantam.ch\/de\/","logo":{"@type":"ImageObject","inLanguage":"de","@id":"https:\/\/shop.bantam.ch\/de\/#\/schema\/logo\/image\/","url":"https:\/\/shop.bantam.ch\/wp-content\/uploads\/2022\/12\/bantam-logo.png","contentUrl":"https:\/\/shop.bantam.ch\/wp-content\/uploads\/2022\/12\/bantam-logo.png","width":320,"height":71,"caption":"Bantam Camping AG"},"image":{"@id":"https:\/\/shop.bantam.ch\/de\/#\/schema\/logo\/image\/"}}]}},"_links":{"self":[{"href":"https:\/\/shop.bantam.ch\/de\/wp-json\/wp\/v2\/product\/226867","targetHints":{"allow":["GET"]}}],"collection":[{"href":"https:\/\/shop.bantam.ch\/de\/wp-json\/wp\/v2\/product"}],"about":[{"href":"https:\/\/shop.bantam.ch\/de\/wp-json\/wp\/v2\/types\/product"}],"wp:featuredmedia":[{"embeddable":true,"href":"https:\/\/shop.bantam.ch\/de\/wp-json\/wp\/v2\/media\/226862"}],"wp:attachment":[{"href":"https:\/\/shop.bantam.ch\/de\/wp-json\/wp\/v2\/media?parent=226867"}],"wp:term":[{"taxonomy":"product_featured_cat","embeddable":true,"href":"https:\/\/shop.bantam.ch\/de\/wp-json\/wp\/v2\/product_featured_cat?post=226867"},{"taxonomy":"product_brand","embeddable":true,"href":"https:\/\/shop.bantam.ch\/de\/wp-json\/wp\/v2\/product_brand?post=226867"},{"taxonomy":"product_cat","embeddable":true,"href":"https:\/\/shop.bantam.ch\/de\/wp-json\/wp\/v2\/product_cat?post=226867"},{"taxonomy":"product_tag","embeddable":true,"href":"https:\/\/shop.bantam.ch\/de\/wp-json\/wp\/v2\/product_tag?post=226867"}],"curies":[{"name":"wp","href":"https:\/\/api.w.org\/{rel}","templated":true}]}}