{"id":226850,"date":"2025-12-17T16:36:50","date_gmt":"2025-12-17T15:36:50","guid":{"rendered":"https:\/\/shop.bantam.ch\/produit\/bratpfannenset-torre-3-tlg\/"},"modified":"2026-04-18T23:49:01","modified_gmt":"2026-04-18T21:49:01","slug":"bratpfannenset-torre-3-tlg","status":"publish","type":"product","link":"https:\/\/shop.bantam.ch\/de\/produkt\/bratpfannenset-torre-3-tlg\/","title":{"rendered":"Bratpfannenset Torre 3-tlg."},"content":{"rendered":"<p>BALLARINI Torre: Die Essenz von Vielseitigkeit in deiner K\u00fcche! Die innovativen Pfannen plus abnehmbarem Griff bieten hervorragende Leistung und ganz neue Flexibilit\u00e4t, denn Torre kannst du in Kombination mit jedem Kochgeschirr nutzen. Die Hitzebest\u00e4ndigkeit des Kochgeschirrs reicht bis 230\u00b0C und erm\u00f6glicht dir das Zubereiten auf allen Herdarten und auch im Ofen.<\/p>\n<p>&nbsp;<\/p>\n<p>Genie\u00dfe Kochgenuss ohne Anbrennen dank der robusten Ceraforce\u00ae Granitium Keramikbeschichtung. Bis zu dreimal haltbarer als unsere bisherigen Keramikbeschichtungen. Mit hervorragenden Antihaft-Eigenschaften. Und produziert ohne PFAS. Dank des Radiant Induktionsbodens erw\u00e4rmen sich die Pfannen schnell und gleichm\u00e4\u00dfig, sodass jedes deiner Gerichte optimal zubereitet werden kann. Der Griff kann bis zu 10kg tragen und ist mit Silikoneinlagen ausgestattet. Ideal f\u00fcr dein Kochgeschirr, denn das ist so im Gebrauch vor Kratzern gesch\u00fctzt.&nbsp;<\/p>\n<p>&nbsp;<\/p>\n<p>Torre ist nicht nur funktional, sondern auch praktisch. Der abnehmbare Topf- und Pfannengriff erm\u00f6glicht eine platzsparende Aufbewahrung deiner Pfannen, wodurch deine K\u00fcche nicht nur aufger\u00e4umt ist, sondern du auch Platz im Schrank sparst. Dieses Set aus Pfannen und Griff kombiniert die Tradition der italienischen K\u00fcche mit einer echten Innovation f\u00fcr deine K\u00fcchen-Orga! Ein unverzichtbares Werkzeug in deiner cucina italiana! &nbsp;<\/p>\n<p>&nbsp;<\/p>\n<ul>\n<li>Set aus 24 cm + 28 cm Bratpfanne und abnehmbarem Griff<\/li>\n<li>Kochgeschirr f\u00fcr alle Herdarten und auch den Ofen &nbsp;<\/li>\n<li>Hitzebest\u00e4ndigkeit ohne Griff bis 230\u00b0C<\/li>\n<li>Langlebige Ceraforce\u00ae Granitium Keramikbeschichtung, bis zu dreimal haltbarer als unsere bisherigen Keramikbeschichtungen*<\/li>\n<li>Radiant Induktionsboden f\u00fcr schnelle, gleichm\u00e4\u00dfige W\u00e4rmeverteilung&nbsp;<\/li>\n<li>Griff mit Silikoneinlagen verhindert Kratzer auf dem Kochgeschirr &nbsp;<\/li>\n<li>Der Griff h\u00e4lt bis zu 10kg &nbsp;<\/li>\n<li>Einfaches Aufbewahren und Stapeln deines Kochgeschirrs &nbsp;<\/li>\n<li>Hergestellt ohne PFAS<\/li>\n<\/ul>\n","protected":false},"excerpt":{"rendered":"<p>BALLARINI Torre: Die Essenz von Vielseitigkeit in deiner K\u00fcche! Die innovativen Pfannen plus abnehmbarem Griff bieten hervorragende Leistung und ganz neue Flexibilit\u00e4t, denn Torre kannst du in Kombination mit jedem Kochgeschirr nutzen. Die Hitzebest\u00e4ndigkeit des Kochgeschirrs reicht bis 230\u00b0C und erm\u00f6glicht dir das Zubereiten auf allen Herdarten und auch im Ofen. &nbsp; Genie\u00dfe Kochgenuss ohne [&hellip;]<\/p>\n","protected":false},"featured_media":226848,"template":"","meta":{"_acf_changed":false},"product_featured_cat":[],"product_brand":[],"product_cat":[4266],"product_tag":[],"class_list":{"0":"post-226850","1":"product","2":"type-product","3":"status-publish","4":"has-post-thumbnail","6":"product_cat-kochtoepfe-pfannen-sets","8":"first","9":"instock","10":"taxable","11":"shipping-taxable","12":"purchasable","13":"product-type-simple"},"acf":[],"yoast_head":"<!-- This site is optimized with the Yoast SEO plugin v27.4 - https:\/\/yoast.com\/product\/yoast-seo-wordpress\/ -->\n<title>Bratpfannenset Torre 3-tlg. - Bantam Camping AG<\/title>\n<meta name=\"robots\" content=\"index, follow, max-snippet:-1, max-image-preview:large, max-video-preview:-1\" \/>\n<link rel=\"canonical\" href=\"https:\/\/shop.bantam.ch\/de\/produkt\/bratpfannenset-torre-3-tlg\/\" \/>\n<meta property=\"og:locale\" content=\"de_DE\" \/>\n<meta property=\"og:type\" content=\"article\" \/>\n<meta property=\"og:title\" content=\"Bratpfannenset Torre 3-tlg. - Bantam Camping AG\" \/>\n<meta property=\"og:description\" content=\"BALLARINI Torre: Die Essenz von Vielseitigkeit in deiner K\u00fcche! Die innovativen Pfannen plus abnehmbarem Griff bieten hervorragende Leistung und ganz neue Flexibilit\u00e4t, denn Torre kannst du in Kombination mit jedem Kochgeschirr nutzen. Die Hitzebest\u00e4ndigkeit des Kochgeschirrs reicht bis 230\u00b0C und erm\u00f6glicht dir das Zubereiten auf allen Herdarten und auch im Ofen. &nbsp; Genie\u00dfe Kochgenuss ohne [&hellip;]\" \/>\n<meta property=\"og:url\" content=\"https:\/\/shop.bantam.ch\/de\/produkt\/bratpfannenset-torre-3-tlg\/\" \/>\n<meta property=\"og:site_name\" content=\"Bantam Camping AG\" \/>\n<meta property=\"article:modified_time\" content=\"2026-04-18T21:49:01+00:00\" \/>\n<meta name=\"twitter:card\" content=\"summary_large_image\" \/>\n<meta name=\"twitter:label1\" content=\"Gesch\u00e4tzte Lesezeit\" \/>\n\t<meta name=\"twitter:data1\" content=\"1\u00a0Minute\" \/>\n<script type=\"application\/ld+json\" class=\"yoast-schema-graph\">{\"@context\":\"https:\\\/\\\/schema.org\",\"@graph\":[{\"@type\":\"WebPage\",\"@id\":\"https:\\\/\\\/shop.bantam.ch\\\/de\\\/produkt\\\/bratpfannenset-torre-3-tlg\\\/\",\"url\":\"https:\\\/\\\/shop.bantam.ch\\\/de\\\/produkt\\\/bratpfannenset-torre-3-tlg\\\/\",\"name\":\"Bratpfannenset Torre 3-tlg. - Bantam Camping AG\",\"isPartOf\":{\"@id\":\"https:\\\/\\\/shop.bantam.ch\\\/de\\\/#website\"},\"primaryImageOfPage\":{\"@id\":\"https:\\\/\\\/shop.bantam.ch\\\/de\\\/produkt\\\/bratpfannenset-torre-3-tlg\\\/#primaryimage\"},\"image\":{\"@id\":\"https:\\\/\\\/shop.bantam.ch\\\/de\\\/produkt\\\/bratpfannenset-torre-3-tlg\\\/#primaryimage\"},\"thumbnailUrl\":\"https:\\\/\\\/shop.bantam.ch\\\/wp-content\\\/uploads\\\/2025\\\/12\\\/Movera-L-9987049100.jpg\",\"datePublished\":\"2025-12-17T15:36:50+00:00\",\"dateModified\":\"2026-04-18T21:49:01+00:00\",\"breadcrumb\":{\"@id\":\"https:\\\/\\\/shop.bantam.ch\\\/de\\\/produkt\\\/bratpfannenset-torre-3-tlg\\\/#breadcrumb\"},\"inLanguage\":\"de\",\"potentialAction\":[{\"@type\":\"ReadAction\",\"target\":[\"https:\\\/\\\/shop.bantam.ch\\\/de\\\/produkt\\\/bratpfannenset-torre-3-tlg\\\/\"]}]},{\"@type\":\"ImageObject\",\"inLanguage\":\"de\",\"@id\":\"https:\\\/\\\/shop.bantam.ch\\\/de\\\/produkt\\\/bratpfannenset-torre-3-tlg\\\/#primaryimage\",\"url\":\"https:\\\/\\\/shop.bantam.ch\\\/wp-content\\\/uploads\\\/2025\\\/12\\\/Movera-L-9987049100.jpg\",\"contentUrl\":\"https:\\\/\\\/shop.bantam.ch\\\/wp-content\\\/uploads\\\/2025\\\/12\\\/Movera-L-9987049100.jpg\",\"width\":640,\"height\":640},{\"@type\":\"BreadcrumbList\",\"@id\":\"https:\\\/\\\/shop.bantam.ch\\\/de\\\/produkt\\\/bratpfannenset-torre-3-tlg\\\/#breadcrumb\",\"itemListElement\":[{\"@type\":\"ListItem\",\"position\":1,\"name\":\"Accueil\",\"item\":\"https:\\\/\\\/shop.bantam.ch\\\/de\\\/\"},{\"@type\":\"ListItem\",\"position\":2,\"name\":\"Shop\",\"item\":\"https:\\\/\\\/shop.bantam.ch\\\/de\\\/shop\\\/\"},{\"@type\":\"ListItem\",\"position\":3,\"name\":\"Bratpfannenset Torre 3-tlg.\"}]},{\"@type\":\"WebSite\",\"@id\":\"https:\\\/\\\/shop.bantam.ch\\\/de\\\/#website\",\"url\":\"https:\\\/\\\/shop.bantam.ch\\\/de\\\/\",\"name\":\"Bantam Camping AG\",\"description\":\"\",\"publisher\":{\"@id\":\"https:\\\/\\\/shop.bantam.ch\\\/de\\\/#organization\"},\"inLanguage\":\"de\"},{\"@type\":\"Organization\",\"@id\":\"https:\\\/\\\/shop.bantam.ch\\\/de\\\/#organization\",\"name\":\"Bantam Camping AG\",\"url\":\"https:\\\/\\\/shop.bantam.ch\\\/de\\\/\",\"logo\":{\"@type\":\"ImageObject\",\"inLanguage\":\"de\",\"@id\":\"https:\\\/\\\/shop.bantam.ch\\\/de\\\/#\\\/schema\\\/logo\\\/image\\\/\",\"url\":\"https:\\\/\\\/shop.bantam.ch\\\/wp-content\\\/uploads\\\/2022\\\/12\\\/bantam-logo.png\",\"contentUrl\":\"https:\\\/\\\/shop.bantam.ch\\\/wp-content\\\/uploads\\\/2022\\\/12\\\/bantam-logo.png\",\"width\":320,\"height\":71,\"caption\":\"Bantam Camping AG\"},\"image\":{\"@id\":\"https:\\\/\\\/shop.bantam.ch\\\/de\\\/#\\\/schema\\\/logo\\\/image\\\/\"}}]}<\/script>\n<!-- \/ Yoast SEO plugin. -->","yoast_head_json":{"title":"Bratpfannenset Torre 3-tlg. - Bantam Camping AG","robots":{"index":"index","follow":"follow","max-snippet":"max-snippet:-1","max-image-preview":"max-image-preview:large","max-video-preview":"max-video-preview:-1"},"canonical":"https:\/\/shop.bantam.ch\/de\/produkt\/bratpfannenset-torre-3-tlg\/","og_locale":"de_DE","og_type":"article","og_title":"Bratpfannenset Torre 3-tlg. - Bantam Camping AG","og_description":"BALLARINI Torre: Die Essenz von Vielseitigkeit in deiner K\u00fcche! Die innovativen Pfannen plus abnehmbarem Griff bieten hervorragende Leistung und ganz neue Flexibilit\u00e4t, denn Torre kannst du in Kombination mit jedem Kochgeschirr nutzen. Die Hitzebest\u00e4ndigkeit des Kochgeschirrs reicht bis 230\u00b0C und erm\u00f6glicht dir das Zubereiten auf allen Herdarten und auch im Ofen. &nbsp; Genie\u00dfe Kochgenuss ohne [&hellip;]","og_url":"https:\/\/shop.bantam.ch\/de\/produkt\/bratpfannenset-torre-3-tlg\/","og_site_name":"Bantam Camping AG","article_modified_time":"2026-04-18T21:49:01+00:00","twitter_card":"summary_large_image","twitter_misc":{"Gesch\u00e4tzte Lesezeit":"1\u00a0Minute"},"schema":{"@context":"https:\/\/schema.org","@graph":[{"@type":"WebPage","@id":"https:\/\/shop.bantam.ch\/de\/produkt\/bratpfannenset-torre-3-tlg\/","url":"https:\/\/shop.bantam.ch\/de\/produkt\/bratpfannenset-torre-3-tlg\/","name":"Bratpfannenset Torre 3-tlg. - Bantam Camping AG","isPartOf":{"@id":"https:\/\/shop.bantam.ch\/de\/#website"},"primaryImageOfPage":{"@id":"https:\/\/shop.bantam.ch\/de\/produkt\/bratpfannenset-torre-3-tlg\/#primaryimage"},"image":{"@id":"https:\/\/shop.bantam.ch\/de\/produkt\/bratpfannenset-torre-3-tlg\/#primaryimage"},"thumbnailUrl":"https:\/\/shop.bantam.ch\/wp-content\/uploads\/2025\/12\/Movera-L-9987049100.jpg","datePublished":"2025-12-17T15:36:50+00:00","dateModified":"2026-04-18T21:49:01+00:00","breadcrumb":{"@id":"https:\/\/shop.bantam.ch\/de\/produkt\/bratpfannenset-torre-3-tlg\/#breadcrumb"},"inLanguage":"de","potentialAction":[{"@type":"ReadAction","target":["https:\/\/shop.bantam.ch\/de\/produkt\/bratpfannenset-torre-3-tlg\/"]}]},{"@type":"ImageObject","inLanguage":"de","@id":"https:\/\/shop.bantam.ch\/de\/produkt\/bratpfannenset-torre-3-tlg\/#primaryimage","url":"https:\/\/shop.bantam.ch\/wp-content\/uploads\/2025\/12\/Movera-L-9987049100.jpg","contentUrl":"https:\/\/shop.bantam.ch\/wp-content\/uploads\/2025\/12\/Movera-L-9987049100.jpg","width":640,"height":640},{"@type":"BreadcrumbList","@id":"https:\/\/shop.bantam.ch\/de\/produkt\/bratpfannenset-torre-3-tlg\/#breadcrumb","itemListElement":[{"@type":"ListItem","position":1,"name":"Accueil","item":"https:\/\/shop.bantam.ch\/de\/"},{"@type":"ListItem","position":2,"name":"Shop","item":"https:\/\/shop.bantam.ch\/de\/shop\/"},{"@type":"ListItem","position":3,"name":"Bratpfannenset Torre 3-tlg."}]},{"@type":"WebSite","@id":"https:\/\/shop.bantam.ch\/de\/#website","url":"https:\/\/shop.bantam.ch\/de\/","name":"Bantam Camping AG","description":"","publisher":{"@id":"https:\/\/shop.bantam.ch\/de\/#organization"},"inLanguage":"de"},{"@type":"Organization","@id":"https:\/\/shop.bantam.ch\/de\/#organization","name":"Bantam Camping AG","url":"https:\/\/shop.bantam.ch\/de\/","logo":{"@type":"ImageObject","inLanguage":"de","@id":"https:\/\/shop.bantam.ch\/de\/#\/schema\/logo\/image\/","url":"https:\/\/shop.bantam.ch\/wp-content\/uploads\/2022\/12\/bantam-logo.png","contentUrl":"https:\/\/shop.bantam.ch\/wp-content\/uploads\/2022\/12\/bantam-logo.png","width":320,"height":71,"caption":"Bantam Camping AG"},"image":{"@id":"https:\/\/shop.bantam.ch\/de\/#\/schema\/logo\/image\/"}}]}},"_links":{"self":[{"href":"https:\/\/shop.bantam.ch\/de\/wp-json\/wp\/v2\/product\/226850","targetHints":{"allow":["GET"]}}],"collection":[{"href":"https:\/\/shop.bantam.ch\/de\/wp-json\/wp\/v2\/product"}],"about":[{"href":"https:\/\/shop.bantam.ch\/de\/wp-json\/wp\/v2\/types\/product"}],"wp:featuredmedia":[{"embeddable":true,"href":"https:\/\/shop.bantam.ch\/de\/wp-json\/wp\/v2\/media\/226848"}],"wp:attachment":[{"href":"https:\/\/shop.bantam.ch\/de\/wp-json\/wp\/v2\/media?parent=226850"}],"wp:term":[{"taxonomy":"product_featured_cat","embeddable":true,"href":"https:\/\/shop.bantam.ch\/de\/wp-json\/wp\/v2\/product_featured_cat?post=226850"},{"taxonomy":"product_brand","embeddable":true,"href":"https:\/\/shop.bantam.ch\/de\/wp-json\/wp\/v2\/product_brand?post=226850"},{"taxonomy":"product_cat","embeddable":true,"href":"https:\/\/shop.bantam.ch\/de\/wp-json\/wp\/v2\/product_cat?post=226850"},{"taxonomy":"product_tag","embeddable":true,"href":"https:\/\/shop.bantam.ch\/de\/wp-json\/wp\/v2\/product_tag?post=226850"}],"curies":[{"name":"wp","href":"https:\/\/api.w.org\/{rel}","templated":true}]}}