{"id":226838,"date":"2025-12-17T16:36:25","date_gmt":"2025-12-17T15:36:25","guid":{"rendered":"https:\/\/shop.bantam.ch\/produit\/teekessel-tea-break\/"},"modified":"2026-04-19T02:21:17","modified_gmt":"2026-04-19T00:21:17","slug":"teekessel-tea-break","status":"publish","type":"product","link":"https:\/\/shop.bantam.ch\/de\/produkt\/teekessel-tea-break\/","title":{"rendered":"Teekessel Tea Break"},"content":{"rendered":"<p>Der Outwell Tea Break Kettle Lux bietet einfache Bedienung und Effizienz beim schnellen Wasserkochen. Sein abnehmbarer Deckel sorgt f\u00fcr m\u00fcheloses Bef\u00fcllen und Reinigen, w\u00e4hrend der hitzebest\u00e4ndige Griff sicheres und komfortables Ausgie\u00dfen erm\u00f6glicht. Ausgestattet mit einer Pfeife, die Sie darauf hinweist, wenn Ihr Wasser kocht, ist dieser Wasserkocher mit allen W\u00e4rmequellen kompatibel und somit eine vielseitige Erg\u00e4nzung f\u00fcr Ihre Outdoor-Ausr\u00fcstung.<\/p>\n","protected":false},"excerpt":{"rendered":"<p>Der Outwell Tea Break Kettle Lux bietet einfache Bedienung und Effizienz beim schnellen Wasserkochen. Sein abnehmbarer Deckel sorgt f\u00fcr m\u00fcheloses Bef\u00fcllen und Reinigen, w\u00e4hrend der hitzebest\u00e4ndige Griff sicheres und komfortables Ausgie\u00dfen erm\u00f6glicht. Ausgestattet mit einer Pfeife, die Sie darauf hinweist, wenn Ihr Wasser kocht, ist dieser Wasserkocher mit allen W\u00e4rmequellen kompatibel und somit eine vielseitige [&hellip;]<\/p>\n","protected":false},"featured_media":226834,"template":"","meta":{"_acf_changed":false},"product_featured_cat":[],"product_brand":[],"product_cat":[4268],"product_tag":[],"class_list":{"0":"post-226838","1":"product","2":"type-product","3":"status-publish","4":"has-post-thumbnail","6":"product_cat-wasserkessel","8":"first","9":"instock","10":"taxable","11":"shipping-taxable","12":"purchasable","13":"product-type-variable"},"acf":[],"yoast_head":"<!-- This site is optimized with the Yoast SEO plugin v27.4 - https:\/\/yoast.com\/product\/yoast-seo-wordpress\/ -->\n<title>Teekessel Tea Break - Bantam Camping AG<\/title>\n<meta name=\"robots\" content=\"index, follow, max-snippet:-1, max-image-preview:large, max-video-preview:-1\" \/>\n<link rel=\"canonical\" href=\"https:\/\/shop.bantam.ch\/de\/produkt\/teekessel-tea-break\/\" \/>\n<meta property=\"og:locale\" content=\"de_DE\" \/>\n<meta property=\"og:type\" content=\"article\" \/>\n<meta property=\"og:title\" content=\"Teekessel Tea Break - Bantam Camping AG\" \/>\n<meta property=\"og:description\" content=\"Der Outwell Tea Break Kettle Lux bietet einfache Bedienung und Effizienz beim schnellen Wasserkochen. Sein abnehmbarer Deckel sorgt f\u00fcr m\u00fcheloses Bef\u00fcllen und Reinigen, w\u00e4hrend der hitzebest\u00e4ndige Griff sicheres und komfortables Ausgie\u00dfen erm\u00f6glicht. Ausgestattet mit einer Pfeife, die Sie darauf hinweist, wenn Ihr Wasser kocht, ist dieser Wasserkocher mit allen W\u00e4rmequellen kompatibel und somit eine vielseitige [&hellip;]\" \/>\n<meta property=\"og:url\" content=\"https:\/\/shop.bantam.ch\/de\/produkt\/teekessel-tea-break\/\" \/>\n<meta property=\"og:site_name\" content=\"Bantam Camping AG\" \/>\n<meta property=\"article:modified_time\" content=\"2026-04-19T00:21:17+00:00\" \/>\n<meta name=\"twitter:card\" content=\"summary_large_image\" \/>\n<script type=\"application\/ld+json\" class=\"yoast-schema-graph\">{\"@context\":\"https:\\\/\\\/schema.org\",\"@graph\":[{\"@type\":\"WebPage\",\"@id\":\"https:\\\/\\\/shop.bantam.ch\\\/de\\\/produkt\\\/teekessel-tea-break\\\/\",\"url\":\"https:\\\/\\\/shop.bantam.ch\\\/de\\\/produkt\\\/teekessel-tea-break\\\/\",\"name\":\"Teekessel Tea Break - Bantam Camping AG\",\"isPartOf\":{\"@id\":\"https:\\\/\\\/shop.bantam.ch\\\/de\\\/#website\"},\"primaryImageOfPage\":{\"@id\":\"https:\\\/\\\/shop.bantam.ch\\\/de\\\/produkt\\\/teekessel-tea-break\\\/#primaryimage\"},\"image\":{\"@id\":\"https:\\\/\\\/shop.bantam.ch\\\/de\\\/produkt\\\/teekessel-tea-break\\\/#primaryimage\"},\"thumbnailUrl\":\"https:\\\/\\\/shop.bantam.ch\\\/wp-content\\\/uploads\\\/2025\\\/12\\\/Movera-L-9987037100.jpg\",\"datePublished\":\"2025-12-17T15:36:25+00:00\",\"dateModified\":\"2026-04-19T00:21:17+00:00\",\"breadcrumb\":{\"@id\":\"https:\\\/\\\/shop.bantam.ch\\\/de\\\/produkt\\\/teekessel-tea-break\\\/#breadcrumb\"},\"inLanguage\":\"de\",\"potentialAction\":[{\"@type\":\"ReadAction\",\"target\":[\"https:\\\/\\\/shop.bantam.ch\\\/de\\\/produkt\\\/teekessel-tea-break\\\/\"]}]},{\"@type\":\"ImageObject\",\"inLanguage\":\"de\",\"@id\":\"https:\\\/\\\/shop.bantam.ch\\\/de\\\/produkt\\\/teekessel-tea-break\\\/#primaryimage\",\"url\":\"https:\\\/\\\/shop.bantam.ch\\\/wp-content\\\/uploads\\\/2025\\\/12\\\/Movera-L-9987037100.jpg\",\"contentUrl\":\"https:\\\/\\\/shop.bantam.ch\\\/wp-content\\\/uploads\\\/2025\\\/12\\\/Movera-L-9987037100.jpg\",\"width\":640,\"height\":360},{\"@type\":\"BreadcrumbList\",\"@id\":\"https:\\\/\\\/shop.bantam.ch\\\/de\\\/produkt\\\/teekessel-tea-break\\\/#breadcrumb\",\"itemListElement\":[{\"@type\":\"ListItem\",\"position\":1,\"name\":\"Accueil\",\"item\":\"https:\\\/\\\/shop.bantam.ch\\\/de\\\/\"},{\"@type\":\"ListItem\",\"position\":2,\"name\":\"Shop\",\"item\":\"https:\\\/\\\/shop.bantam.ch\\\/de\\\/shop\\\/\"},{\"@type\":\"ListItem\",\"position\":3,\"name\":\"Teekessel Tea Break\"}]},{\"@type\":\"WebSite\",\"@id\":\"https:\\\/\\\/shop.bantam.ch\\\/de\\\/#website\",\"url\":\"https:\\\/\\\/shop.bantam.ch\\\/de\\\/\",\"name\":\"Bantam Camping AG\",\"description\":\"\",\"publisher\":{\"@id\":\"https:\\\/\\\/shop.bantam.ch\\\/de\\\/#organization\"},\"inLanguage\":\"de\"},{\"@type\":\"Organization\",\"@id\":\"https:\\\/\\\/shop.bantam.ch\\\/de\\\/#organization\",\"name\":\"Bantam Camping AG\",\"url\":\"https:\\\/\\\/shop.bantam.ch\\\/de\\\/\",\"logo\":{\"@type\":\"ImageObject\",\"inLanguage\":\"de\",\"@id\":\"https:\\\/\\\/shop.bantam.ch\\\/de\\\/#\\\/schema\\\/logo\\\/image\\\/\",\"url\":\"https:\\\/\\\/shop.bantam.ch\\\/wp-content\\\/uploads\\\/2022\\\/12\\\/bantam-logo.png\",\"contentUrl\":\"https:\\\/\\\/shop.bantam.ch\\\/wp-content\\\/uploads\\\/2022\\\/12\\\/bantam-logo.png\",\"width\":320,\"height\":71,\"caption\":\"Bantam Camping AG\"},\"image\":{\"@id\":\"https:\\\/\\\/shop.bantam.ch\\\/de\\\/#\\\/schema\\\/logo\\\/image\\\/\"}}]}<\/script>\n<!-- \/ Yoast SEO plugin. -->","yoast_head_json":{"title":"Teekessel Tea Break - Bantam Camping AG","robots":{"index":"index","follow":"follow","max-snippet":"max-snippet:-1","max-image-preview":"max-image-preview:large","max-video-preview":"max-video-preview:-1"},"canonical":"https:\/\/shop.bantam.ch\/de\/produkt\/teekessel-tea-break\/","og_locale":"de_DE","og_type":"article","og_title":"Teekessel Tea Break - Bantam Camping AG","og_description":"Der Outwell Tea Break Kettle Lux bietet einfache Bedienung und Effizienz beim schnellen Wasserkochen. Sein abnehmbarer Deckel sorgt f\u00fcr m\u00fcheloses Bef\u00fcllen und Reinigen, w\u00e4hrend der hitzebest\u00e4ndige Griff sicheres und komfortables Ausgie\u00dfen erm\u00f6glicht. Ausgestattet mit einer Pfeife, die Sie darauf hinweist, wenn Ihr Wasser kocht, ist dieser Wasserkocher mit allen W\u00e4rmequellen kompatibel und somit eine vielseitige [&hellip;]","og_url":"https:\/\/shop.bantam.ch\/de\/produkt\/teekessel-tea-break\/","og_site_name":"Bantam Camping AG","article_modified_time":"2026-04-19T00:21:17+00:00","twitter_card":"summary_large_image","schema":{"@context":"https:\/\/schema.org","@graph":[{"@type":"WebPage","@id":"https:\/\/shop.bantam.ch\/de\/produkt\/teekessel-tea-break\/","url":"https:\/\/shop.bantam.ch\/de\/produkt\/teekessel-tea-break\/","name":"Teekessel Tea Break - Bantam Camping AG","isPartOf":{"@id":"https:\/\/shop.bantam.ch\/de\/#website"},"primaryImageOfPage":{"@id":"https:\/\/shop.bantam.ch\/de\/produkt\/teekessel-tea-break\/#primaryimage"},"image":{"@id":"https:\/\/shop.bantam.ch\/de\/produkt\/teekessel-tea-break\/#primaryimage"},"thumbnailUrl":"https:\/\/shop.bantam.ch\/wp-content\/uploads\/2025\/12\/Movera-L-9987037100.jpg","datePublished":"2025-12-17T15:36:25+00:00","dateModified":"2026-04-19T00:21:17+00:00","breadcrumb":{"@id":"https:\/\/shop.bantam.ch\/de\/produkt\/teekessel-tea-break\/#breadcrumb"},"inLanguage":"de","potentialAction":[{"@type":"ReadAction","target":["https:\/\/shop.bantam.ch\/de\/produkt\/teekessel-tea-break\/"]}]},{"@type":"ImageObject","inLanguage":"de","@id":"https:\/\/shop.bantam.ch\/de\/produkt\/teekessel-tea-break\/#primaryimage","url":"https:\/\/shop.bantam.ch\/wp-content\/uploads\/2025\/12\/Movera-L-9987037100.jpg","contentUrl":"https:\/\/shop.bantam.ch\/wp-content\/uploads\/2025\/12\/Movera-L-9987037100.jpg","width":640,"height":360},{"@type":"BreadcrumbList","@id":"https:\/\/shop.bantam.ch\/de\/produkt\/teekessel-tea-break\/#breadcrumb","itemListElement":[{"@type":"ListItem","position":1,"name":"Accueil","item":"https:\/\/shop.bantam.ch\/de\/"},{"@type":"ListItem","position":2,"name":"Shop","item":"https:\/\/shop.bantam.ch\/de\/shop\/"},{"@type":"ListItem","position":3,"name":"Teekessel Tea Break"}]},{"@type":"WebSite","@id":"https:\/\/shop.bantam.ch\/de\/#website","url":"https:\/\/shop.bantam.ch\/de\/","name":"Bantam Camping AG","description":"","publisher":{"@id":"https:\/\/shop.bantam.ch\/de\/#organization"},"inLanguage":"de"},{"@type":"Organization","@id":"https:\/\/shop.bantam.ch\/de\/#organization","name":"Bantam Camping AG","url":"https:\/\/shop.bantam.ch\/de\/","logo":{"@type":"ImageObject","inLanguage":"de","@id":"https:\/\/shop.bantam.ch\/de\/#\/schema\/logo\/image\/","url":"https:\/\/shop.bantam.ch\/wp-content\/uploads\/2022\/12\/bantam-logo.png","contentUrl":"https:\/\/shop.bantam.ch\/wp-content\/uploads\/2022\/12\/bantam-logo.png","width":320,"height":71,"caption":"Bantam Camping AG"},"image":{"@id":"https:\/\/shop.bantam.ch\/de\/#\/schema\/logo\/image\/"}}]}},"_links":{"self":[{"href":"https:\/\/shop.bantam.ch\/de\/wp-json\/wp\/v2\/product\/226838","targetHints":{"allow":["GET"]}}],"collection":[{"href":"https:\/\/shop.bantam.ch\/de\/wp-json\/wp\/v2\/product"}],"about":[{"href":"https:\/\/shop.bantam.ch\/de\/wp-json\/wp\/v2\/types\/product"}],"wp:featuredmedia":[{"embeddable":true,"href":"https:\/\/shop.bantam.ch\/de\/wp-json\/wp\/v2\/media\/226834"}],"wp:attachment":[{"href":"https:\/\/shop.bantam.ch\/de\/wp-json\/wp\/v2\/media?parent=226838"}],"wp:term":[{"taxonomy":"product_featured_cat","embeddable":true,"href":"https:\/\/shop.bantam.ch\/de\/wp-json\/wp\/v2\/product_featured_cat?post=226838"},{"taxonomy":"product_brand","embeddable":true,"href":"https:\/\/shop.bantam.ch\/de\/wp-json\/wp\/v2\/product_brand?post=226838"},{"taxonomy":"product_cat","embeddable":true,"href":"https:\/\/shop.bantam.ch\/de\/wp-json\/wp\/v2\/product_cat?post=226838"},{"taxonomy":"product_tag","embeddable":true,"href":"https:\/\/shop.bantam.ch\/de\/wp-json\/wp\/v2\/product_tag?post=226838"}],"curies":[{"name":"wp","href":"https:\/\/api.w.org\/{rel}","templated":true}]}}