{"id":226832,"date":"2025-12-17T16:36:19","date_gmt":"2025-12-17T15:36:19","guid":{"rendered":"https:\/\/shop.bantam.ch\/produit\/picknick-besteck-set-morella-blau\/"},"modified":"2026-04-17T00:01:25","modified_gmt":"2026-04-16T22:01:25","slug":"picknick-besteck-set-morella-blau","status":"publish","type":"product","link":"https:\/\/shop.bantam.ch\/de\/produkt\/picknick-besteck-set-morella-blau\/","title":{"rendered":"Picknick Besteck Set Morella blau"},"content":{"rendered":"<p>Das Morella Picknick-Besteckset ist darauf ausgelegt, Ihr Outdoor-Essvergn\u00fcgen zu verbessern, egal ob Sie picknicken oder campen. Dieses komplette K\u00fcchenset stellt sicher, dass Sie alle wesentlichen Besteckteile zur Hand haben, ordentlich verpackt in einer praktischen Tragetasche f\u00fcr einfachen Transport. Ideal f\u00fcr Familien und gelegentliche Outdoor-Enthusiasten, macht das leichte Design des Sets und der praktische Griff es leicht, es bei jedem Ausflug mitzunehmen. Gefertigt aus langlebigen Materialien, garantiert es eine zuverl\u00e4ssige Leistung, sodass Sie Ihre Mahlzeiten \u00fcberall bequem genie\u00dfen k\u00f6nnen.<\/p>\n","protected":false},"excerpt":{"rendered":"<p>Das Morella Picknick-Besteckset ist darauf ausgelegt, Ihr Outdoor-Essvergn\u00fcgen zu verbessern, egal ob Sie picknicken oder campen. Dieses komplette K\u00fcchenset stellt sicher, dass Sie alle wesentlichen Besteckteile zur Hand haben, ordentlich verpackt in einer praktischen Tragetasche f\u00fcr einfachen Transport. Ideal f\u00fcr Familien und gelegentliche Outdoor-Enthusiasten, macht das leichte Design des Sets und der praktische Griff es [&hellip;]<\/p>\n","protected":false},"featured_media":226830,"template":"","meta":{"_acf_changed":false},"product_featured_cat":[],"product_brand":[],"product_cat":[3990],"product_tag":[],"class_list":{"0":"post-226832","1":"product","2":"type-product","3":"status-publish","4":"has-post-thumbnail","6":"product_cat-besteck","8":"first","9":"instock","10":"taxable","11":"shipping-taxable","12":"purchasable","13":"product-type-simple"},"acf":[],"yoast_head":"<!-- This site is optimized with the Yoast SEO plugin v27.4 - https:\/\/yoast.com\/product\/yoast-seo-wordpress\/ -->\n<title>Picknick Besteck Set Morella blau - Bantam Camping AG<\/title>\n<meta name=\"robots\" content=\"index, follow, max-snippet:-1, max-image-preview:large, max-video-preview:-1\" \/>\n<link rel=\"canonical\" href=\"https:\/\/shop.bantam.ch\/de\/produkt\/picknick-besteck-set-morella-blau\/\" \/>\n<meta property=\"og:locale\" content=\"de_DE\" \/>\n<meta property=\"og:type\" content=\"article\" \/>\n<meta property=\"og:title\" content=\"Picknick Besteck Set Morella blau - Bantam Camping AG\" \/>\n<meta property=\"og:description\" content=\"Das Morella Picknick-Besteckset ist darauf ausgelegt, Ihr Outdoor-Essvergn\u00fcgen zu verbessern, egal ob Sie picknicken oder campen. Dieses komplette K\u00fcchenset stellt sicher, dass Sie alle wesentlichen Besteckteile zur Hand haben, ordentlich verpackt in einer praktischen Tragetasche f\u00fcr einfachen Transport. Ideal f\u00fcr Familien und gelegentliche Outdoor-Enthusiasten, macht das leichte Design des Sets und der praktische Griff es [&hellip;]\" \/>\n<meta property=\"og:url\" content=\"https:\/\/shop.bantam.ch\/de\/produkt\/picknick-besteck-set-morella-blau\/\" \/>\n<meta property=\"og:site_name\" content=\"Bantam Camping AG\" \/>\n<meta property=\"article:modified_time\" content=\"2026-04-16T22:01:25+00:00\" \/>\n<meta name=\"twitter:card\" content=\"summary_large_image\" \/>\n<script type=\"application\/ld+json\" class=\"yoast-schema-graph\">{\"@context\":\"https:\\\/\\\/schema.org\",\"@graph\":[{\"@type\":\"WebPage\",\"@id\":\"https:\\\/\\\/shop.bantam.ch\\\/de\\\/produkt\\\/picknick-besteck-set-morella-blau\\\/\",\"url\":\"https:\\\/\\\/shop.bantam.ch\\\/de\\\/produkt\\\/picknick-besteck-set-morella-blau\\\/\",\"name\":\"Picknick Besteck Set Morella blau - Bantam Camping AG\",\"isPartOf\":{\"@id\":\"https:\\\/\\\/shop.bantam.ch\\\/de\\\/#website\"},\"primaryImageOfPage\":{\"@id\":\"https:\\\/\\\/shop.bantam.ch\\\/de\\\/produkt\\\/picknick-besteck-set-morella-blau\\\/#primaryimage\"},\"image\":{\"@id\":\"https:\\\/\\\/shop.bantam.ch\\\/de\\\/produkt\\\/picknick-besteck-set-morella-blau\\\/#primaryimage\"},\"thumbnailUrl\":\"https:\\\/\\\/shop.bantam.ch\\\/wp-content\\\/uploads\\\/2025\\\/12\\\/Movera-L-9987035100.jpg\",\"datePublished\":\"2025-12-17T15:36:19+00:00\",\"dateModified\":\"2026-04-16T22:01:25+00:00\",\"breadcrumb\":{\"@id\":\"https:\\\/\\\/shop.bantam.ch\\\/de\\\/produkt\\\/picknick-besteck-set-morella-blau\\\/#breadcrumb\"},\"inLanguage\":\"de\",\"potentialAction\":[{\"@type\":\"ReadAction\",\"target\":[\"https:\\\/\\\/shop.bantam.ch\\\/de\\\/produkt\\\/picknick-besteck-set-morella-blau\\\/\"]}]},{\"@type\":\"ImageObject\",\"inLanguage\":\"de\",\"@id\":\"https:\\\/\\\/shop.bantam.ch\\\/de\\\/produkt\\\/picknick-besteck-set-morella-blau\\\/#primaryimage\",\"url\":\"https:\\\/\\\/shop.bantam.ch\\\/wp-content\\\/uploads\\\/2025\\\/12\\\/Movera-L-9987035100.jpg\",\"contentUrl\":\"https:\\\/\\\/shop.bantam.ch\\\/wp-content\\\/uploads\\\/2025\\\/12\\\/Movera-L-9987035100.jpg\",\"width\":640,\"height\":360},{\"@type\":\"BreadcrumbList\",\"@id\":\"https:\\\/\\\/shop.bantam.ch\\\/de\\\/produkt\\\/picknick-besteck-set-morella-blau\\\/#breadcrumb\",\"itemListElement\":[{\"@type\":\"ListItem\",\"position\":1,\"name\":\"Accueil\",\"item\":\"https:\\\/\\\/shop.bantam.ch\\\/de\\\/\"},{\"@type\":\"ListItem\",\"position\":2,\"name\":\"Shop\",\"item\":\"https:\\\/\\\/shop.bantam.ch\\\/de\\\/shop\\\/\"},{\"@type\":\"ListItem\",\"position\":3,\"name\":\"Picknick Besteck Set Morella blau\"}]},{\"@type\":\"WebSite\",\"@id\":\"https:\\\/\\\/shop.bantam.ch\\\/de\\\/#website\",\"url\":\"https:\\\/\\\/shop.bantam.ch\\\/de\\\/\",\"name\":\"Bantam Camping AG\",\"description\":\"\",\"publisher\":{\"@id\":\"https:\\\/\\\/shop.bantam.ch\\\/de\\\/#organization\"},\"inLanguage\":\"de\"},{\"@type\":\"Organization\",\"@id\":\"https:\\\/\\\/shop.bantam.ch\\\/de\\\/#organization\",\"name\":\"Bantam Camping AG\",\"url\":\"https:\\\/\\\/shop.bantam.ch\\\/de\\\/\",\"logo\":{\"@type\":\"ImageObject\",\"inLanguage\":\"de\",\"@id\":\"https:\\\/\\\/shop.bantam.ch\\\/de\\\/#\\\/schema\\\/logo\\\/image\\\/\",\"url\":\"https:\\\/\\\/shop.bantam.ch\\\/wp-content\\\/uploads\\\/2022\\\/12\\\/bantam-logo.png\",\"contentUrl\":\"https:\\\/\\\/shop.bantam.ch\\\/wp-content\\\/uploads\\\/2022\\\/12\\\/bantam-logo.png\",\"width\":320,\"height\":71,\"caption\":\"Bantam Camping AG\"},\"image\":{\"@id\":\"https:\\\/\\\/shop.bantam.ch\\\/de\\\/#\\\/schema\\\/logo\\\/image\\\/\"}}]}<\/script>\n<!-- \/ Yoast SEO plugin. -->","yoast_head_json":{"title":"Picknick Besteck Set Morella blau - Bantam Camping AG","robots":{"index":"index","follow":"follow","max-snippet":"max-snippet:-1","max-image-preview":"max-image-preview:large","max-video-preview":"max-video-preview:-1"},"canonical":"https:\/\/shop.bantam.ch\/de\/produkt\/picknick-besteck-set-morella-blau\/","og_locale":"de_DE","og_type":"article","og_title":"Picknick Besteck Set Morella blau - Bantam Camping AG","og_description":"Das Morella Picknick-Besteckset ist darauf ausgelegt, Ihr Outdoor-Essvergn\u00fcgen zu verbessern, egal ob Sie picknicken oder campen. Dieses komplette K\u00fcchenset stellt sicher, dass Sie alle wesentlichen Besteckteile zur Hand haben, ordentlich verpackt in einer praktischen Tragetasche f\u00fcr einfachen Transport. Ideal f\u00fcr Familien und gelegentliche Outdoor-Enthusiasten, macht das leichte Design des Sets und der praktische Griff es [&hellip;]","og_url":"https:\/\/shop.bantam.ch\/de\/produkt\/picknick-besteck-set-morella-blau\/","og_site_name":"Bantam Camping AG","article_modified_time":"2026-04-16T22:01:25+00:00","twitter_card":"summary_large_image","schema":{"@context":"https:\/\/schema.org","@graph":[{"@type":"WebPage","@id":"https:\/\/shop.bantam.ch\/de\/produkt\/picknick-besteck-set-morella-blau\/","url":"https:\/\/shop.bantam.ch\/de\/produkt\/picknick-besteck-set-morella-blau\/","name":"Picknick Besteck Set Morella blau - Bantam Camping AG","isPartOf":{"@id":"https:\/\/shop.bantam.ch\/de\/#website"},"primaryImageOfPage":{"@id":"https:\/\/shop.bantam.ch\/de\/produkt\/picknick-besteck-set-morella-blau\/#primaryimage"},"image":{"@id":"https:\/\/shop.bantam.ch\/de\/produkt\/picknick-besteck-set-morella-blau\/#primaryimage"},"thumbnailUrl":"https:\/\/shop.bantam.ch\/wp-content\/uploads\/2025\/12\/Movera-L-9987035100.jpg","datePublished":"2025-12-17T15:36:19+00:00","dateModified":"2026-04-16T22:01:25+00:00","breadcrumb":{"@id":"https:\/\/shop.bantam.ch\/de\/produkt\/picknick-besteck-set-morella-blau\/#breadcrumb"},"inLanguage":"de","potentialAction":[{"@type":"ReadAction","target":["https:\/\/shop.bantam.ch\/de\/produkt\/picknick-besteck-set-morella-blau\/"]}]},{"@type":"ImageObject","inLanguage":"de","@id":"https:\/\/shop.bantam.ch\/de\/produkt\/picknick-besteck-set-morella-blau\/#primaryimage","url":"https:\/\/shop.bantam.ch\/wp-content\/uploads\/2025\/12\/Movera-L-9987035100.jpg","contentUrl":"https:\/\/shop.bantam.ch\/wp-content\/uploads\/2025\/12\/Movera-L-9987035100.jpg","width":640,"height":360},{"@type":"BreadcrumbList","@id":"https:\/\/shop.bantam.ch\/de\/produkt\/picknick-besteck-set-morella-blau\/#breadcrumb","itemListElement":[{"@type":"ListItem","position":1,"name":"Accueil","item":"https:\/\/shop.bantam.ch\/de\/"},{"@type":"ListItem","position":2,"name":"Shop","item":"https:\/\/shop.bantam.ch\/de\/shop\/"},{"@type":"ListItem","position":3,"name":"Picknick Besteck Set Morella blau"}]},{"@type":"WebSite","@id":"https:\/\/shop.bantam.ch\/de\/#website","url":"https:\/\/shop.bantam.ch\/de\/","name":"Bantam Camping AG","description":"","publisher":{"@id":"https:\/\/shop.bantam.ch\/de\/#organization"},"inLanguage":"de"},{"@type":"Organization","@id":"https:\/\/shop.bantam.ch\/de\/#organization","name":"Bantam Camping AG","url":"https:\/\/shop.bantam.ch\/de\/","logo":{"@type":"ImageObject","inLanguage":"de","@id":"https:\/\/shop.bantam.ch\/de\/#\/schema\/logo\/image\/","url":"https:\/\/shop.bantam.ch\/wp-content\/uploads\/2022\/12\/bantam-logo.png","contentUrl":"https:\/\/shop.bantam.ch\/wp-content\/uploads\/2022\/12\/bantam-logo.png","width":320,"height":71,"caption":"Bantam Camping AG"},"image":{"@id":"https:\/\/shop.bantam.ch\/de\/#\/schema\/logo\/image\/"}}]}},"_links":{"self":[{"href":"https:\/\/shop.bantam.ch\/de\/wp-json\/wp\/v2\/product\/226832","targetHints":{"allow":["GET"]}}],"collection":[{"href":"https:\/\/shop.bantam.ch\/de\/wp-json\/wp\/v2\/product"}],"about":[{"href":"https:\/\/shop.bantam.ch\/de\/wp-json\/wp\/v2\/types\/product"}],"wp:featuredmedia":[{"embeddable":true,"href":"https:\/\/shop.bantam.ch\/de\/wp-json\/wp\/v2\/media\/226830"}],"wp:attachment":[{"href":"https:\/\/shop.bantam.ch\/de\/wp-json\/wp\/v2\/media?parent=226832"}],"wp:term":[{"taxonomy":"product_featured_cat","embeddable":true,"href":"https:\/\/shop.bantam.ch\/de\/wp-json\/wp\/v2\/product_featured_cat?post=226832"},{"taxonomy":"product_brand","embeddable":true,"href":"https:\/\/shop.bantam.ch\/de\/wp-json\/wp\/v2\/product_brand?post=226832"},{"taxonomy":"product_cat","embeddable":true,"href":"https:\/\/shop.bantam.ch\/de\/wp-json\/wp\/v2\/product_cat?post=226832"},{"taxonomy":"product_tag","embeddable":true,"href":"https:\/\/shop.bantam.ch\/de\/wp-json\/wp\/v2\/product_tag?post=226832"}],"curies":[{"name":"wp","href":"https:\/\/api.w.org\/{rel}","templated":true}]}}