{"id":226770,"date":"2025-12-17T16:35:25","date_gmt":"2025-12-17T15:35:25","guid":{"rendered":"https:\/\/shop.bantam.ch\/produit\/thermoflasche-mepal-ellipse-500-ml-edelstahl-gebuerstet\/"},"modified":"2026-05-10T23:44:18","modified_gmt":"2026-05-10T21:44:18","slug":"thermoflasche-mepal-ellipse-500-ml-edelstahl-gebuerstet","status":"publish","type":"product","link":"https:\/\/shop.bantam.ch\/de\/produkt\/thermoflasche-mepal-ellipse-500-ml-edelstahl-gebuerstet\/","title":{"rendered":"Thermoflasche MEPAL Ellipse 500 ml, Edelstahl geb\u00fcrstet"},"content":{"rendered":"<p>Dank der Thermoflasche Ellipse mit 500 ml Inhalt in Nordic denim hast du immer ein warmes oder kaltes Getr\u00e4nk in Griffweite. Perfekt zum Beispiel f\u00fcr lange Autofahrten. Ein gutes Mittel f\u00fcr gute Laune auf jeder Autofahrt: Laut die Musik aus den Lautsprechern mitsingen und ein erfrischendes Getr\u00e4nk dabeihaben &#8211; das gibt neue Energie! F\u00fclle deine Mepal Thermoflasche mit kaltem Wasser (auch Sprudelwasser geht) und dein Erfrischungsgetr\u00e4nk f\u00fcr unterwegs bleibt bis zum letzten Schluck (eis)kalt. So bleibst so erfrischt und wach. Da k\u00f6nnte man sich fast schon auf den n\u00e4chsten Stau freuen&#8230; aber nur fast! Die Thermoflasche Ellipse mit 500 ml Inhalt h\u00e4lt deine Getr\u00e4nke bis zu 12 Stunden warm und 24 Stunden k\u00fchl. Die Au\u00dfenh\u00fclle der Flasche bleibt dabei immer trocken und k\u00fchl, unabh\u00e4ngig von der Temperatur im Inneren. Ein praktischer Tipp: Sp\u00fcle die Flasche vor Gebrauch mit hei\u00dfem oder eiskaltem Wasser aus, das verl\u00e4ngert die Zeit, in der dein Getr\u00e4nk in der gew\u00fcnschten Temperatur bleibt. Die Thermoflasche aus geb\u00fcrstetem Edelstahl kann ebenso wie der Deckel samt seiner Kunststoffteile in der Sp\u00fclmaschine gereinigt werden.<\/p>\n","protected":false},"excerpt":{"rendered":"<p>Dank der Thermoflasche Ellipse mit 500 ml Inhalt in Nordic denim hast du immer ein warmes oder kaltes Getr\u00e4nk in Griffweite. Perfekt zum Beispiel f\u00fcr lange Autofahrten. Ein gutes Mittel f\u00fcr gute Laune auf jeder Autofahrt: Laut die Musik aus den Lautsprechern mitsingen und ein erfrischendes Getr\u00e4nk dabeihaben &#8211; das gibt neue Energie! F\u00fclle deine [&hellip;]<\/p>\n","protected":false},"featured_media":226768,"template":"","meta":{"_acf_changed":false},"product_featured_cat":[],"product_brand":[],"product_cat":[4328],"product_tag":[],"class_list":{"0":"post-226770","1":"product","2":"type-product","3":"status-publish","4":"has-post-thumbnail","6":"product_cat-thermoskannen-becher","8":"first","9":"instock","10":"taxable","11":"shipping-taxable","12":"purchasable","13":"product-type-simple"},"acf":[],"yoast_head":"<!-- This site is optimized with the Yoast SEO plugin v27.5 - https:\/\/yoast.com\/product\/yoast-seo-wordpress\/ -->\n<title>Thermoflasche MEPAL Ellipse 500 ml, Edelstahl geb\u00fcrstet - Bantam<\/title>\n<meta name=\"robots\" content=\"index, follow, max-snippet:-1, max-image-preview:large, max-video-preview:-1\" \/>\n<link rel=\"canonical\" href=\"https:\/\/shop.bantam.ch\/de\/produkt\/thermoflasche-mepal-ellipse-500-ml-edelstahl-gebuerstet\/\" \/>\n<meta property=\"og:locale\" content=\"de_DE\" \/>\n<meta property=\"og:type\" content=\"article\" \/>\n<meta property=\"og:title\" content=\"Thermoflasche MEPAL Ellipse 500 ml, Edelstahl geb\u00fcrstet - Bantam\" \/>\n<meta property=\"og:description\" content=\"Dank der Thermoflasche Ellipse mit 500 ml Inhalt in Nordic denim hast du immer ein warmes oder kaltes Getr\u00e4nk in Griffweite. Perfekt zum Beispiel f\u00fcr lange Autofahrten. Ein gutes Mittel f\u00fcr gute Laune auf jeder Autofahrt: Laut die Musik aus den Lautsprechern mitsingen und ein erfrischendes Getr\u00e4nk dabeihaben &#8211; das gibt neue Energie! F\u00fclle deine [&hellip;]\" \/>\n<meta property=\"og:url\" content=\"https:\/\/shop.bantam.ch\/de\/produkt\/thermoflasche-mepal-ellipse-500-ml-edelstahl-gebuerstet\/\" \/>\n<meta property=\"og:site_name\" content=\"Bantam\" \/>\n<meta property=\"article:modified_time\" content=\"2026-05-10T21:44:18+00:00\" \/>\n<meta name=\"twitter:card\" content=\"summary_large_image\" \/>\n<meta name=\"twitter:label1\" content=\"Gesch\u00e4tzte Lesezeit\" \/>\n\t<meta name=\"twitter:data1\" content=\"1\u00a0Minute\" \/>\n<script type=\"application\/ld+json\" class=\"yoast-schema-graph\">{\"@context\":\"https:\\\/\\\/schema.org\",\"@graph\":[{\"@type\":\"WebPage\",\"@id\":\"https:\\\/\\\/shop.bantam.ch\\\/de\\\/produkt\\\/thermoflasche-mepal-ellipse-500-ml-edelstahl-gebuerstet\\\/\",\"url\":\"https:\\\/\\\/shop.bantam.ch\\\/de\\\/produkt\\\/thermoflasche-mepal-ellipse-500-ml-edelstahl-gebuerstet\\\/\",\"name\":\"Thermoflasche MEPAL Ellipse 500 ml, Edelstahl geb\u00fcrstet - Bantam\",\"isPartOf\":{\"@id\":\"https:\\\/\\\/shop.bantam.ch\\\/de\\\/#website\"},\"primaryImageOfPage\":{\"@id\":\"https:\\\/\\\/shop.bantam.ch\\\/de\\\/produkt\\\/thermoflasche-mepal-ellipse-500-ml-edelstahl-gebuerstet\\\/#primaryimage\"},\"image\":{\"@id\":\"https:\\\/\\\/shop.bantam.ch\\\/de\\\/produkt\\\/thermoflasche-mepal-ellipse-500-ml-edelstahl-gebuerstet\\\/#primaryimage\"},\"thumbnailUrl\":\"https:\\\/\\\/shop.bantam.ch\\\/wp-content\\\/uploads\\\/2025\\\/12\\\/Movera-L-9984705100.jpg\",\"datePublished\":\"2025-12-17T15:35:25+00:00\",\"dateModified\":\"2026-05-10T21:44:18+00:00\",\"breadcrumb\":{\"@id\":\"https:\\\/\\\/shop.bantam.ch\\\/de\\\/produkt\\\/thermoflasche-mepal-ellipse-500-ml-edelstahl-gebuerstet\\\/#breadcrumb\"},\"inLanguage\":\"de\",\"potentialAction\":[{\"@type\":\"ReadAction\",\"target\":[\"https:\\\/\\\/shop.bantam.ch\\\/de\\\/produkt\\\/thermoflasche-mepal-ellipse-500-ml-edelstahl-gebuerstet\\\/\"]}]},{\"@type\":\"ImageObject\",\"inLanguage\":\"de\",\"@id\":\"https:\\\/\\\/shop.bantam.ch\\\/de\\\/produkt\\\/thermoflasche-mepal-ellipse-500-ml-edelstahl-gebuerstet\\\/#primaryimage\",\"url\":\"https:\\\/\\\/shop.bantam.ch\\\/wp-content\\\/uploads\\\/2025\\\/12\\\/Movera-L-9984705100.jpg\",\"contentUrl\":\"https:\\\/\\\/shop.bantam.ch\\\/wp-content\\\/uploads\\\/2025\\\/12\\\/Movera-L-9984705100.jpg\",\"width\":288,\"height\":1000},{\"@type\":\"BreadcrumbList\",\"@id\":\"https:\\\/\\\/shop.bantam.ch\\\/de\\\/produkt\\\/thermoflasche-mepal-ellipse-500-ml-edelstahl-gebuerstet\\\/#breadcrumb\",\"itemListElement\":[{\"@type\":\"ListItem\",\"position\":1,\"name\":\"Accueil\",\"item\":\"https:\\\/\\\/shop.bantam.ch\\\/de\\\/\"},{\"@type\":\"ListItem\",\"position\":2,\"name\":\"Shop\",\"item\":\"https:\\\/\\\/shop.bantam.ch\\\/de\\\/shop\\\/\"},{\"@type\":\"ListItem\",\"position\":3,\"name\":\"Thermoflasche MEPAL Ellipse 500 ml, Edelstahl geb\u00fcrstet\"}]},{\"@type\":\"WebSite\",\"@id\":\"https:\\\/\\\/shop.bantam.ch\\\/de\\\/#website\",\"url\":\"https:\\\/\\\/shop.bantam.ch\\\/de\\\/\",\"name\":\"Bantam\",\"description\":\"\",\"publisher\":{\"@id\":\"https:\\\/\\\/shop.bantam.ch\\\/de\\\/#organization\"},\"inLanguage\":\"de\"},{\"@type\":\"Organization\",\"@id\":\"https:\\\/\\\/shop.bantam.ch\\\/de\\\/#organization\",\"name\":\"Bantam\",\"url\":\"https:\\\/\\\/shop.bantam.ch\\\/de\\\/\",\"logo\":{\"@type\":\"ImageObject\",\"inLanguage\":\"de\",\"@id\":\"https:\\\/\\\/shop.bantam.ch\\\/de\\\/#\\\/schema\\\/logo\\\/image\\\/\",\"url\":\"https:\\\/\\\/shop.bantam.ch\\\/wp-content\\\/uploads\\\/2022\\\/12\\\/bantam-logo.png\",\"contentUrl\":\"https:\\\/\\\/shop.bantam.ch\\\/wp-content\\\/uploads\\\/2022\\\/12\\\/bantam-logo.png\",\"width\":320,\"height\":71,\"caption\":\"Bantam\"},\"image\":{\"@id\":\"https:\\\/\\\/shop.bantam.ch\\\/de\\\/#\\\/schema\\\/logo\\\/image\\\/\"}}]}<\/script>\n<!-- \/ Yoast SEO plugin. -->","yoast_head_json":{"title":"Thermoflasche MEPAL Ellipse 500 ml, Edelstahl geb\u00fcrstet - Bantam","robots":{"index":"index","follow":"follow","max-snippet":"max-snippet:-1","max-image-preview":"max-image-preview:large","max-video-preview":"max-video-preview:-1"},"canonical":"https:\/\/shop.bantam.ch\/de\/produkt\/thermoflasche-mepal-ellipse-500-ml-edelstahl-gebuerstet\/","og_locale":"de_DE","og_type":"article","og_title":"Thermoflasche MEPAL Ellipse 500 ml, Edelstahl geb\u00fcrstet - Bantam","og_description":"Dank der Thermoflasche Ellipse mit 500 ml Inhalt in Nordic denim hast du immer ein warmes oder kaltes Getr\u00e4nk in Griffweite. Perfekt zum Beispiel f\u00fcr lange Autofahrten. Ein gutes Mittel f\u00fcr gute Laune auf jeder Autofahrt: Laut die Musik aus den Lautsprechern mitsingen und ein erfrischendes Getr\u00e4nk dabeihaben &#8211; das gibt neue Energie! F\u00fclle deine [&hellip;]","og_url":"https:\/\/shop.bantam.ch\/de\/produkt\/thermoflasche-mepal-ellipse-500-ml-edelstahl-gebuerstet\/","og_site_name":"Bantam","article_modified_time":"2026-05-10T21:44:18+00:00","twitter_card":"summary_large_image","twitter_misc":{"Gesch\u00e4tzte Lesezeit":"1\u00a0Minute"},"schema":{"@context":"https:\/\/schema.org","@graph":[{"@type":"WebPage","@id":"https:\/\/shop.bantam.ch\/de\/produkt\/thermoflasche-mepal-ellipse-500-ml-edelstahl-gebuerstet\/","url":"https:\/\/shop.bantam.ch\/de\/produkt\/thermoflasche-mepal-ellipse-500-ml-edelstahl-gebuerstet\/","name":"Thermoflasche MEPAL Ellipse 500 ml, Edelstahl geb\u00fcrstet - Bantam","isPartOf":{"@id":"https:\/\/shop.bantam.ch\/de\/#website"},"primaryImageOfPage":{"@id":"https:\/\/shop.bantam.ch\/de\/produkt\/thermoflasche-mepal-ellipse-500-ml-edelstahl-gebuerstet\/#primaryimage"},"image":{"@id":"https:\/\/shop.bantam.ch\/de\/produkt\/thermoflasche-mepal-ellipse-500-ml-edelstahl-gebuerstet\/#primaryimage"},"thumbnailUrl":"https:\/\/shop.bantam.ch\/wp-content\/uploads\/2025\/12\/Movera-L-9984705100.jpg","datePublished":"2025-12-17T15:35:25+00:00","dateModified":"2026-05-10T21:44:18+00:00","breadcrumb":{"@id":"https:\/\/shop.bantam.ch\/de\/produkt\/thermoflasche-mepal-ellipse-500-ml-edelstahl-gebuerstet\/#breadcrumb"},"inLanguage":"de","potentialAction":[{"@type":"ReadAction","target":["https:\/\/shop.bantam.ch\/de\/produkt\/thermoflasche-mepal-ellipse-500-ml-edelstahl-gebuerstet\/"]}]},{"@type":"ImageObject","inLanguage":"de","@id":"https:\/\/shop.bantam.ch\/de\/produkt\/thermoflasche-mepal-ellipse-500-ml-edelstahl-gebuerstet\/#primaryimage","url":"https:\/\/shop.bantam.ch\/wp-content\/uploads\/2025\/12\/Movera-L-9984705100.jpg","contentUrl":"https:\/\/shop.bantam.ch\/wp-content\/uploads\/2025\/12\/Movera-L-9984705100.jpg","width":288,"height":1000},{"@type":"BreadcrumbList","@id":"https:\/\/shop.bantam.ch\/de\/produkt\/thermoflasche-mepal-ellipse-500-ml-edelstahl-gebuerstet\/#breadcrumb","itemListElement":[{"@type":"ListItem","position":1,"name":"Accueil","item":"https:\/\/shop.bantam.ch\/de\/"},{"@type":"ListItem","position":2,"name":"Shop","item":"https:\/\/shop.bantam.ch\/de\/shop\/"},{"@type":"ListItem","position":3,"name":"Thermoflasche MEPAL Ellipse 500 ml, Edelstahl geb\u00fcrstet"}]},{"@type":"WebSite","@id":"https:\/\/shop.bantam.ch\/de\/#website","url":"https:\/\/shop.bantam.ch\/de\/","name":"Bantam","description":"","publisher":{"@id":"https:\/\/shop.bantam.ch\/de\/#organization"},"inLanguage":"de"},{"@type":"Organization","@id":"https:\/\/shop.bantam.ch\/de\/#organization","name":"Bantam","url":"https:\/\/shop.bantam.ch\/de\/","logo":{"@type":"ImageObject","inLanguage":"de","@id":"https:\/\/shop.bantam.ch\/de\/#\/schema\/logo\/image\/","url":"https:\/\/shop.bantam.ch\/wp-content\/uploads\/2022\/12\/bantam-logo.png","contentUrl":"https:\/\/shop.bantam.ch\/wp-content\/uploads\/2022\/12\/bantam-logo.png","width":320,"height":71,"caption":"Bantam"},"image":{"@id":"https:\/\/shop.bantam.ch\/de\/#\/schema\/logo\/image\/"}}]}},"_links":{"self":[{"href":"https:\/\/shop.bantam.ch\/de\/wp-json\/wp\/v2\/product\/226770","targetHints":{"allow":["GET"]}}],"collection":[{"href":"https:\/\/shop.bantam.ch\/de\/wp-json\/wp\/v2\/product"}],"about":[{"href":"https:\/\/shop.bantam.ch\/de\/wp-json\/wp\/v2\/types\/product"}],"wp:featuredmedia":[{"embeddable":true,"href":"https:\/\/shop.bantam.ch\/de\/wp-json\/wp\/v2\/media\/226768"}],"wp:attachment":[{"href":"https:\/\/shop.bantam.ch\/de\/wp-json\/wp\/v2\/media?parent=226770"}],"wp:term":[{"taxonomy":"product_featured_cat","embeddable":true,"href":"https:\/\/shop.bantam.ch\/de\/wp-json\/wp\/v2\/product_featured_cat?post=226770"},{"taxonomy":"product_brand","embeddable":true,"href":"https:\/\/shop.bantam.ch\/de\/wp-json\/wp\/v2\/product_brand?post=226770"},{"taxonomy":"product_cat","embeddable":true,"href":"https:\/\/shop.bantam.ch\/de\/wp-json\/wp\/v2\/product_cat?post=226770"},{"taxonomy":"product_tag","embeddable":true,"href":"https:\/\/shop.bantam.ch\/de\/wp-json\/wp\/v2\/product_tag?post=226770"}],"curies":[{"name":"wp","href":"https:\/\/api.w.org\/{rel}","templated":true}]}}