{"id":226727,"date":"2025-12-17T16:34:26","date_gmt":"2025-12-17T15:34:26","guid":{"rendered":"https:\/\/shop.bantam.ch\/produit\/solarkomplettanlage-mt-powerline\/"},"modified":"2026-04-18T02:19:13","modified_gmt":"2026-04-18T00:19:13","slug":"solarkomplettanlage-mt-powerline","status":"publish","type":"product","link":"https:\/\/shop.bantam.ch\/de\/produkt\/solarkomplettanlage-mt-powerline\/","title":{"rendered":"Solarkomplettanlage MT PowerLine"},"content":{"rendered":"<p>Mit wenig Dachfl\u00e4che eine hohe Leistung erzielen. Die Solarkomplettanlagen enthalten alles, was ben\u00f6tigt wird, um eine Solaranlage f\u00fcr ein Reisefahrzeug aufzubauen. Alle Solarregler sind mit verbesserter MPPT Technologie ausgestattet und k\u00f6nnen per Bluetooth \u00fcber eine mobile App gesteuert werden. Zus\u00e4tzlich besitzen sie einen zweiten Ladeausgang zur Starterbatterie bis 10 A und einen Anschluss f\u00fcr die Solar-Fernanzeige wie N-Bus und Ci-Bus (optional) mit Temperaturf\u00fchler. Die Solarregler von MT 75 Slim, MT 80, MT 110 und MT 160 k\u00f6nnen bei Bedarf um ein Modul gleicher Leistung erweitert werden. Die Solarregler von MT 120 und MT 190 k\u00f6nnen bei Bedarf um ein Modul gleicher Leistung erweitert werden.<\/p>\n<p>Lieferumfang:<br \/>\nInklusive Monokristalline(s) Solarmodul(e)<br \/>\nSolarregler mit Temperaturf\u00fchler<br \/>\nDach-Spoilerset inkl. Zubeh\u00f6r,<br \/>\nDachdurchf\u00fchrung<br \/>\nService-\/Verteilerblock<br \/>\nKlebeset f\u00fcr Spoilerset und Dachdurchf\u00fchrung<br \/>\nKabelsatz innen\/ au\u00dfen<br \/>\nKabelsatz f\u00fcr Fahrzeuge mit EBL-Basisstation (Fahrzeuge der Hymer-Gruppe)<br \/>\nKleinteile<br \/>\nMontageanleitung<\/p>\n","protected":false},"excerpt":{"rendered":"<p>Mit wenig Dachfl\u00e4che eine hohe Leistung erzielen. Die Solarkomplettanlagen enthalten alles, was ben\u00f6tigt wird, um eine Solaranlage f\u00fcr ein Reisefahrzeug aufzubauen. Alle Solarregler sind mit verbesserter MPPT Technologie ausgestattet und k\u00f6nnen per Bluetooth \u00fcber eine mobile App gesteuert werden. Zus\u00e4tzlich besitzen sie einen zweiten Ladeausgang zur Starterbatterie bis 10 A und einen Anschluss f\u00fcr die [&hellip;]<\/p>\n","protected":false},"featured_media":226724,"template":"","meta":{"_acf_changed":false},"product_featured_cat":[],"product_brand":[],"product_cat":[4880],"product_tag":[],"class_list":{"0":"post-226727","1":"product","2":"type-product","3":"status-publish","4":"has-post-thumbnail","6":"product_cat-solar-sets","8":"first","9":"instock","10":"taxable","11":"shipping-taxable","12":"purchasable","13":"product-type-variable"},"acf":[],"yoast_head":"<!-- This site is optimized with the Yoast SEO plugin v27.4 - https:\/\/yoast.com\/product\/yoast-seo-wordpress\/ -->\n<title>Solarkomplettanlage MT PowerLine - Bantam Camping AG<\/title>\n<meta name=\"robots\" content=\"index, follow, max-snippet:-1, max-image-preview:large, max-video-preview:-1\" \/>\n<link rel=\"canonical\" href=\"https:\/\/shop.bantam.ch\/de\/produkt\/solarkomplettanlage-mt-powerline\/\" \/>\n<meta property=\"og:locale\" content=\"de_DE\" \/>\n<meta property=\"og:type\" content=\"article\" \/>\n<meta property=\"og:title\" content=\"Solarkomplettanlage MT PowerLine - Bantam Camping AG\" \/>\n<meta property=\"og:description\" content=\"Mit wenig Dachfl\u00e4che eine hohe Leistung erzielen. Die Solarkomplettanlagen enthalten alles, was ben\u00f6tigt wird, um eine Solaranlage f\u00fcr ein Reisefahrzeug aufzubauen. Alle Solarregler sind mit verbesserter MPPT Technologie ausgestattet und k\u00f6nnen per Bluetooth \u00fcber eine mobile App gesteuert werden. Zus\u00e4tzlich besitzen sie einen zweiten Ladeausgang zur Starterbatterie bis 10 A und einen Anschluss f\u00fcr die [&hellip;]\" \/>\n<meta property=\"og:url\" content=\"https:\/\/shop.bantam.ch\/de\/produkt\/solarkomplettanlage-mt-powerline\/\" \/>\n<meta property=\"og:site_name\" content=\"Bantam Camping AG\" \/>\n<meta property=\"article:modified_time\" content=\"2026-04-18T00:19:13+00:00\" \/>\n<meta name=\"twitter:card\" content=\"summary_large_image\" \/>\n<meta name=\"twitter:label1\" content=\"Gesch\u00e4tzte Lesezeit\" \/>\n\t<meta name=\"twitter:data1\" content=\"1\u00a0Minute\" \/>\n<script type=\"application\/ld+json\" class=\"yoast-schema-graph\">{\"@context\":\"https:\\\/\\\/schema.org\",\"@graph\":[{\"@type\":\"WebPage\",\"@id\":\"https:\\\/\\\/shop.bantam.ch\\\/de\\\/produkt\\\/solarkomplettanlage-mt-powerline\\\/\",\"url\":\"https:\\\/\\\/shop.bantam.ch\\\/de\\\/produkt\\\/solarkomplettanlage-mt-powerline\\\/\",\"name\":\"Solarkomplettanlage MT PowerLine - Bantam Camping AG\",\"isPartOf\":{\"@id\":\"https:\\\/\\\/shop.bantam.ch\\\/de\\\/#website\"},\"primaryImageOfPage\":{\"@id\":\"https:\\\/\\\/shop.bantam.ch\\\/de\\\/produkt\\\/solarkomplettanlage-mt-powerline\\\/#primaryimage\"},\"image\":{\"@id\":\"https:\\\/\\\/shop.bantam.ch\\\/de\\\/produkt\\\/solarkomplettanlage-mt-powerline\\\/#primaryimage\"},\"thumbnailUrl\":\"https:\\\/\\\/shop.bantam.ch\\\/wp-content\\\/uploads\\\/2025\\\/12\\\/Movera-L-9971448100.jpg\",\"datePublished\":\"2025-12-17T15:34:26+00:00\",\"dateModified\":\"2026-04-18T00:19:13+00:00\",\"breadcrumb\":{\"@id\":\"https:\\\/\\\/shop.bantam.ch\\\/de\\\/produkt\\\/solarkomplettanlage-mt-powerline\\\/#breadcrumb\"},\"inLanguage\":\"de\",\"potentialAction\":[{\"@type\":\"ReadAction\",\"target\":[\"https:\\\/\\\/shop.bantam.ch\\\/de\\\/produkt\\\/solarkomplettanlage-mt-powerline\\\/\"]}]},{\"@type\":\"ImageObject\",\"inLanguage\":\"de\",\"@id\":\"https:\\\/\\\/shop.bantam.ch\\\/de\\\/produkt\\\/solarkomplettanlage-mt-powerline\\\/#primaryimage\",\"url\":\"https:\\\/\\\/shop.bantam.ch\\\/wp-content\\\/uploads\\\/2025\\\/12\\\/Movera-L-9971448100.jpg\",\"contentUrl\":\"https:\\\/\\\/shop.bantam.ch\\\/wp-content\\\/uploads\\\/2025\\\/12\\\/Movera-L-9971448100.jpg\",\"width\":640,\"height\":640},{\"@type\":\"BreadcrumbList\",\"@id\":\"https:\\\/\\\/shop.bantam.ch\\\/de\\\/produkt\\\/solarkomplettanlage-mt-powerline\\\/#breadcrumb\",\"itemListElement\":[{\"@type\":\"ListItem\",\"position\":1,\"name\":\"Accueil\",\"item\":\"https:\\\/\\\/shop.bantam.ch\\\/de\\\/\"},{\"@type\":\"ListItem\",\"position\":2,\"name\":\"Shop\",\"item\":\"https:\\\/\\\/shop.bantam.ch\\\/de\\\/shop\\\/\"},{\"@type\":\"ListItem\",\"position\":3,\"name\":\"Solarkomplettanlage MT PowerLine\"}]},{\"@type\":\"WebSite\",\"@id\":\"https:\\\/\\\/shop.bantam.ch\\\/de\\\/#website\",\"url\":\"https:\\\/\\\/shop.bantam.ch\\\/de\\\/\",\"name\":\"Bantam Camping AG\",\"description\":\"\",\"publisher\":{\"@id\":\"https:\\\/\\\/shop.bantam.ch\\\/de\\\/#organization\"},\"inLanguage\":\"de\"},{\"@type\":\"Organization\",\"@id\":\"https:\\\/\\\/shop.bantam.ch\\\/de\\\/#organization\",\"name\":\"Bantam Camping AG\",\"url\":\"https:\\\/\\\/shop.bantam.ch\\\/de\\\/\",\"logo\":{\"@type\":\"ImageObject\",\"inLanguage\":\"de\",\"@id\":\"https:\\\/\\\/shop.bantam.ch\\\/de\\\/#\\\/schema\\\/logo\\\/image\\\/\",\"url\":\"https:\\\/\\\/shop.bantam.ch\\\/wp-content\\\/uploads\\\/2022\\\/12\\\/bantam-logo.png\",\"contentUrl\":\"https:\\\/\\\/shop.bantam.ch\\\/wp-content\\\/uploads\\\/2022\\\/12\\\/bantam-logo.png\",\"width\":320,\"height\":71,\"caption\":\"Bantam Camping AG\"},\"image\":{\"@id\":\"https:\\\/\\\/shop.bantam.ch\\\/de\\\/#\\\/schema\\\/logo\\\/image\\\/\"}}]}<\/script>\n<!-- \/ Yoast SEO plugin. -->","yoast_head_json":{"title":"Solarkomplettanlage MT PowerLine - Bantam Camping AG","robots":{"index":"index","follow":"follow","max-snippet":"max-snippet:-1","max-image-preview":"max-image-preview:large","max-video-preview":"max-video-preview:-1"},"canonical":"https:\/\/shop.bantam.ch\/de\/produkt\/solarkomplettanlage-mt-powerline\/","og_locale":"de_DE","og_type":"article","og_title":"Solarkomplettanlage MT PowerLine - Bantam Camping AG","og_description":"Mit wenig Dachfl\u00e4che eine hohe Leistung erzielen. Die Solarkomplettanlagen enthalten alles, was ben\u00f6tigt wird, um eine Solaranlage f\u00fcr ein Reisefahrzeug aufzubauen. Alle Solarregler sind mit verbesserter MPPT Technologie ausgestattet und k\u00f6nnen per Bluetooth \u00fcber eine mobile App gesteuert werden. Zus\u00e4tzlich besitzen sie einen zweiten Ladeausgang zur Starterbatterie bis 10 A und einen Anschluss f\u00fcr die [&hellip;]","og_url":"https:\/\/shop.bantam.ch\/de\/produkt\/solarkomplettanlage-mt-powerline\/","og_site_name":"Bantam Camping AG","article_modified_time":"2026-04-18T00:19:13+00:00","twitter_card":"summary_large_image","twitter_misc":{"Gesch\u00e4tzte Lesezeit":"1\u00a0Minute"},"schema":{"@context":"https:\/\/schema.org","@graph":[{"@type":"WebPage","@id":"https:\/\/shop.bantam.ch\/de\/produkt\/solarkomplettanlage-mt-powerline\/","url":"https:\/\/shop.bantam.ch\/de\/produkt\/solarkomplettanlage-mt-powerline\/","name":"Solarkomplettanlage MT PowerLine - Bantam Camping AG","isPartOf":{"@id":"https:\/\/shop.bantam.ch\/de\/#website"},"primaryImageOfPage":{"@id":"https:\/\/shop.bantam.ch\/de\/produkt\/solarkomplettanlage-mt-powerline\/#primaryimage"},"image":{"@id":"https:\/\/shop.bantam.ch\/de\/produkt\/solarkomplettanlage-mt-powerline\/#primaryimage"},"thumbnailUrl":"https:\/\/shop.bantam.ch\/wp-content\/uploads\/2025\/12\/Movera-L-9971448100.jpg","datePublished":"2025-12-17T15:34:26+00:00","dateModified":"2026-04-18T00:19:13+00:00","breadcrumb":{"@id":"https:\/\/shop.bantam.ch\/de\/produkt\/solarkomplettanlage-mt-powerline\/#breadcrumb"},"inLanguage":"de","potentialAction":[{"@type":"ReadAction","target":["https:\/\/shop.bantam.ch\/de\/produkt\/solarkomplettanlage-mt-powerline\/"]}]},{"@type":"ImageObject","inLanguage":"de","@id":"https:\/\/shop.bantam.ch\/de\/produkt\/solarkomplettanlage-mt-powerline\/#primaryimage","url":"https:\/\/shop.bantam.ch\/wp-content\/uploads\/2025\/12\/Movera-L-9971448100.jpg","contentUrl":"https:\/\/shop.bantam.ch\/wp-content\/uploads\/2025\/12\/Movera-L-9971448100.jpg","width":640,"height":640},{"@type":"BreadcrumbList","@id":"https:\/\/shop.bantam.ch\/de\/produkt\/solarkomplettanlage-mt-powerline\/#breadcrumb","itemListElement":[{"@type":"ListItem","position":1,"name":"Accueil","item":"https:\/\/shop.bantam.ch\/de\/"},{"@type":"ListItem","position":2,"name":"Shop","item":"https:\/\/shop.bantam.ch\/de\/shop\/"},{"@type":"ListItem","position":3,"name":"Solarkomplettanlage MT PowerLine"}]},{"@type":"WebSite","@id":"https:\/\/shop.bantam.ch\/de\/#website","url":"https:\/\/shop.bantam.ch\/de\/","name":"Bantam Camping AG","description":"","publisher":{"@id":"https:\/\/shop.bantam.ch\/de\/#organization"},"inLanguage":"de"},{"@type":"Organization","@id":"https:\/\/shop.bantam.ch\/de\/#organization","name":"Bantam Camping AG","url":"https:\/\/shop.bantam.ch\/de\/","logo":{"@type":"ImageObject","inLanguage":"de","@id":"https:\/\/shop.bantam.ch\/de\/#\/schema\/logo\/image\/","url":"https:\/\/shop.bantam.ch\/wp-content\/uploads\/2022\/12\/bantam-logo.png","contentUrl":"https:\/\/shop.bantam.ch\/wp-content\/uploads\/2022\/12\/bantam-logo.png","width":320,"height":71,"caption":"Bantam Camping AG"},"image":{"@id":"https:\/\/shop.bantam.ch\/de\/#\/schema\/logo\/image\/"}}]}},"_links":{"self":[{"href":"https:\/\/shop.bantam.ch\/de\/wp-json\/wp\/v2\/product\/226727","targetHints":{"allow":["GET"]}}],"collection":[{"href":"https:\/\/shop.bantam.ch\/de\/wp-json\/wp\/v2\/product"}],"about":[{"href":"https:\/\/shop.bantam.ch\/de\/wp-json\/wp\/v2\/types\/product"}],"wp:featuredmedia":[{"embeddable":true,"href":"https:\/\/shop.bantam.ch\/de\/wp-json\/wp\/v2\/media\/226724"}],"wp:attachment":[{"href":"https:\/\/shop.bantam.ch\/de\/wp-json\/wp\/v2\/media?parent=226727"}],"wp:term":[{"taxonomy":"product_featured_cat","embeddable":true,"href":"https:\/\/shop.bantam.ch\/de\/wp-json\/wp\/v2\/product_featured_cat?post=226727"},{"taxonomy":"product_brand","embeddable":true,"href":"https:\/\/shop.bantam.ch\/de\/wp-json\/wp\/v2\/product_brand?post=226727"},{"taxonomy":"product_cat","embeddable":true,"href":"https:\/\/shop.bantam.ch\/de\/wp-json\/wp\/v2\/product_cat?post=226727"},{"taxonomy":"product_tag","embeddable":true,"href":"https:\/\/shop.bantam.ch\/de\/wp-json\/wp\/v2\/product_tag?post=226727"}],"curies":[{"name":"wp","href":"https:\/\/api.w.org\/{rel}","templated":true}]}}