{"id":226674,"date":"2025-12-17T16:33:11","date_gmt":"2025-12-17T15:33:11","guid":{"rendered":"https:\/\/shop.bantam.ch\/produit\/legendaere-roadtrips-in-europa-lonely-planet\/"},"modified":"2026-05-11T23:42:25","modified_gmt":"2026-05-11T21:42:25","slug":"legendaere-roadtrips-in-europa-lonely-planet","status":"publish","type":"product","link":"https:\/\/shop.bantam.ch\/de\/produkt\/legendaere-roadtrips-in-europa-lonely-planet\/","title":{"rendered":"Legend\u00e4re Roadtrips in Europa, Lonely Planet"},"content":{"rendered":"<p>Ein Bildband mit 50 aufregenden Touren zwischen Island und Sizilien: Mach deine Abenteuer legend\u00e4r: Ob Roadtrips durch die Weiten Nordamerikas, Marathonlaufen \u00fcber die Gro\u00dfe Mauer in China, wandern \u00fcber einen Schweizer Alpenpass oder im Van quer durch Europa \u2013 entdecke dein n\u00e4chstes Abenteuer mit Lonely Planets \u201eLegend\u00e4ren\u201c. Jedes Buch bietet \u00fcber 200 Inspirationen f\u00fcr Aktivit\u00e4ten und Erlebnisse, die du nicht verpassen darfst. Zusammen mit atemberaubenden Fotos, Orientierungskarten und praktischen Zusatzinfos wird deine Reise auf jeden Fall eines: legend\u00e4r.<\/p>\n","protected":false},"excerpt":{"rendered":"<p>Ein Bildband mit 50 aufregenden Touren zwischen Island und Sizilien: Mach deine Abenteuer legend\u00e4r: Ob Roadtrips durch die Weiten Nordamerikas, Marathonlaufen \u00fcber die Gro\u00dfe Mauer in China, wandern \u00fcber einen Schweizer Alpenpass oder im Van quer durch Europa \u2013 entdecke dein n\u00e4chstes Abenteuer mit Lonely Planets \u201eLegend\u00e4ren\u201c. Jedes Buch bietet \u00fcber 200 Inspirationen f\u00fcr Aktivit\u00e4ten [&hellip;]<\/p>\n","protected":false},"featured_media":226672,"template":"","meta":{"_acf_changed":false},"product_featured_cat":[],"product_brand":[],"product_cat":[4352],"product_tag":[],"class_list":{"0":"post-226674","1":"product","2":"type-product","3":"status-publish","4":"has-post-thumbnail","6":"product_cat-reisefuehrer","8":"first","9":"instock","10":"taxable","11":"shipping-taxable","12":"purchasable","13":"product-type-simple"},"acf":[],"yoast_head":"<!-- This site is optimized with the Yoast SEO plugin v27.5 - https:\/\/yoast.com\/product\/yoast-seo-wordpress\/ -->\n<title>Legend\u00e4re Roadtrips in Europa, Lonely Planet - Bantam<\/title>\n<meta name=\"robots\" content=\"index, follow, max-snippet:-1, max-image-preview:large, max-video-preview:-1\" \/>\n<link rel=\"canonical\" href=\"https:\/\/shop.bantam.ch\/de\/produkt\/legendaere-roadtrips-in-europa-lonely-planet\/\" \/>\n<meta property=\"og:locale\" content=\"de_DE\" \/>\n<meta property=\"og:type\" content=\"article\" \/>\n<meta property=\"og:title\" content=\"Legend\u00e4re Roadtrips in Europa, Lonely Planet - Bantam\" \/>\n<meta property=\"og:description\" content=\"Ein Bildband mit 50 aufregenden Touren zwischen Island und Sizilien: Mach deine Abenteuer legend\u00e4r: Ob Roadtrips durch die Weiten Nordamerikas, Marathonlaufen \u00fcber die Gro\u00dfe Mauer in China, wandern \u00fcber einen Schweizer Alpenpass oder im Van quer durch Europa \u2013 entdecke dein n\u00e4chstes Abenteuer mit Lonely Planets \u201eLegend\u00e4ren\u201c. Jedes Buch bietet \u00fcber 200 Inspirationen f\u00fcr Aktivit\u00e4ten [&hellip;]\" \/>\n<meta property=\"og:url\" content=\"https:\/\/shop.bantam.ch\/de\/produkt\/legendaere-roadtrips-in-europa-lonely-planet\/\" \/>\n<meta property=\"og:site_name\" content=\"Bantam\" \/>\n<meta property=\"article:modified_time\" content=\"2026-05-11T21:42:25+00:00\" \/>\n<meta name=\"twitter:card\" content=\"summary_large_image\" \/>\n<script type=\"application\/ld+json\" class=\"yoast-schema-graph\">{\"@context\":\"https:\\\/\\\/schema.org\",\"@graph\":[{\"@type\":\"WebPage\",\"@id\":\"https:\\\/\\\/shop.bantam.ch\\\/de\\\/produkt\\\/legendaere-roadtrips-in-europa-lonely-planet\\\/\",\"url\":\"https:\\\/\\\/shop.bantam.ch\\\/de\\\/produkt\\\/legendaere-roadtrips-in-europa-lonely-planet\\\/\",\"name\":\"Legend\u00e4re Roadtrips in Europa, Lonely Planet - Bantam\",\"isPartOf\":{\"@id\":\"https:\\\/\\\/shop.bantam.ch\\\/de\\\/#website\"},\"primaryImageOfPage\":{\"@id\":\"https:\\\/\\\/shop.bantam.ch\\\/de\\\/produkt\\\/legendaere-roadtrips-in-europa-lonely-planet\\\/#primaryimage\"},\"image\":{\"@id\":\"https:\\\/\\\/shop.bantam.ch\\\/de\\\/produkt\\\/legendaere-roadtrips-in-europa-lonely-planet\\\/#primaryimage\"},\"thumbnailUrl\":\"https:\\\/\\\/shop.bantam.ch\\\/wp-content\\\/uploads\\\/2025\\\/12\\\/Movera-L-9962103100.jpg\",\"datePublished\":\"2025-12-17T15:33:11+00:00\",\"dateModified\":\"2026-05-11T21:42:25+00:00\",\"breadcrumb\":{\"@id\":\"https:\\\/\\\/shop.bantam.ch\\\/de\\\/produkt\\\/legendaere-roadtrips-in-europa-lonely-planet\\\/#breadcrumb\"},\"inLanguage\":\"de\",\"potentialAction\":[{\"@type\":\"ReadAction\",\"target\":[\"https:\\\/\\\/shop.bantam.ch\\\/de\\\/produkt\\\/legendaere-roadtrips-in-europa-lonely-planet\\\/\"]}]},{\"@type\":\"ImageObject\",\"inLanguage\":\"de\",\"@id\":\"https:\\\/\\\/shop.bantam.ch\\\/de\\\/produkt\\\/legendaere-roadtrips-in-europa-lonely-planet\\\/#primaryimage\",\"url\":\"https:\\\/\\\/shop.bantam.ch\\\/wp-content\\\/uploads\\\/2025\\\/12\\\/Movera-L-9962103100.jpg\",\"contentUrl\":\"https:\\\/\\\/shop.bantam.ch\\\/wp-content\\\/uploads\\\/2025\\\/12\\\/Movera-L-9962103100.jpg\",\"width\":640,\"height\":822},{\"@type\":\"BreadcrumbList\",\"@id\":\"https:\\\/\\\/shop.bantam.ch\\\/de\\\/produkt\\\/legendaere-roadtrips-in-europa-lonely-planet\\\/#breadcrumb\",\"itemListElement\":[{\"@type\":\"ListItem\",\"position\":1,\"name\":\"Accueil\",\"item\":\"https:\\\/\\\/shop.bantam.ch\\\/de\\\/\"},{\"@type\":\"ListItem\",\"position\":2,\"name\":\"Shop\",\"item\":\"https:\\\/\\\/shop.bantam.ch\\\/de\\\/shop\\\/\"},{\"@type\":\"ListItem\",\"position\":3,\"name\":\"Legend\u00e4re Roadtrips in Europa, Lonely Planet\"}]},{\"@type\":\"WebSite\",\"@id\":\"https:\\\/\\\/shop.bantam.ch\\\/de\\\/#website\",\"url\":\"https:\\\/\\\/shop.bantam.ch\\\/de\\\/\",\"name\":\"Bantam\",\"description\":\"\",\"publisher\":{\"@id\":\"https:\\\/\\\/shop.bantam.ch\\\/de\\\/#organization\"},\"inLanguage\":\"de\"},{\"@type\":\"Organization\",\"@id\":\"https:\\\/\\\/shop.bantam.ch\\\/de\\\/#organization\",\"name\":\"Bantam\",\"url\":\"https:\\\/\\\/shop.bantam.ch\\\/de\\\/\",\"logo\":{\"@type\":\"ImageObject\",\"inLanguage\":\"de\",\"@id\":\"https:\\\/\\\/shop.bantam.ch\\\/de\\\/#\\\/schema\\\/logo\\\/image\\\/\",\"url\":\"https:\\\/\\\/shop.bantam.ch\\\/wp-content\\\/uploads\\\/2022\\\/12\\\/bantam-logo.png\",\"contentUrl\":\"https:\\\/\\\/shop.bantam.ch\\\/wp-content\\\/uploads\\\/2022\\\/12\\\/bantam-logo.png\",\"width\":320,\"height\":71,\"caption\":\"Bantam\"},\"image\":{\"@id\":\"https:\\\/\\\/shop.bantam.ch\\\/de\\\/#\\\/schema\\\/logo\\\/image\\\/\"}}]}<\/script>\n<!-- \/ Yoast SEO plugin. -->","yoast_head_json":{"title":"Legend\u00e4re Roadtrips in Europa, Lonely Planet - Bantam","robots":{"index":"index","follow":"follow","max-snippet":"max-snippet:-1","max-image-preview":"max-image-preview:large","max-video-preview":"max-video-preview:-1"},"canonical":"https:\/\/shop.bantam.ch\/de\/produkt\/legendaere-roadtrips-in-europa-lonely-planet\/","og_locale":"de_DE","og_type":"article","og_title":"Legend\u00e4re Roadtrips in Europa, Lonely Planet - Bantam","og_description":"Ein Bildband mit 50 aufregenden Touren zwischen Island und Sizilien: Mach deine Abenteuer legend\u00e4r: Ob Roadtrips durch die Weiten Nordamerikas, Marathonlaufen \u00fcber die Gro\u00dfe Mauer in China, wandern \u00fcber einen Schweizer Alpenpass oder im Van quer durch Europa \u2013 entdecke dein n\u00e4chstes Abenteuer mit Lonely Planets \u201eLegend\u00e4ren\u201c. Jedes Buch bietet \u00fcber 200 Inspirationen f\u00fcr Aktivit\u00e4ten [&hellip;]","og_url":"https:\/\/shop.bantam.ch\/de\/produkt\/legendaere-roadtrips-in-europa-lonely-planet\/","og_site_name":"Bantam","article_modified_time":"2026-05-11T21:42:25+00:00","twitter_card":"summary_large_image","schema":{"@context":"https:\/\/schema.org","@graph":[{"@type":"WebPage","@id":"https:\/\/shop.bantam.ch\/de\/produkt\/legendaere-roadtrips-in-europa-lonely-planet\/","url":"https:\/\/shop.bantam.ch\/de\/produkt\/legendaere-roadtrips-in-europa-lonely-planet\/","name":"Legend\u00e4re Roadtrips in Europa, Lonely Planet - Bantam","isPartOf":{"@id":"https:\/\/shop.bantam.ch\/de\/#website"},"primaryImageOfPage":{"@id":"https:\/\/shop.bantam.ch\/de\/produkt\/legendaere-roadtrips-in-europa-lonely-planet\/#primaryimage"},"image":{"@id":"https:\/\/shop.bantam.ch\/de\/produkt\/legendaere-roadtrips-in-europa-lonely-planet\/#primaryimage"},"thumbnailUrl":"https:\/\/shop.bantam.ch\/wp-content\/uploads\/2025\/12\/Movera-L-9962103100.jpg","datePublished":"2025-12-17T15:33:11+00:00","dateModified":"2026-05-11T21:42:25+00:00","breadcrumb":{"@id":"https:\/\/shop.bantam.ch\/de\/produkt\/legendaere-roadtrips-in-europa-lonely-planet\/#breadcrumb"},"inLanguage":"de","potentialAction":[{"@type":"ReadAction","target":["https:\/\/shop.bantam.ch\/de\/produkt\/legendaere-roadtrips-in-europa-lonely-planet\/"]}]},{"@type":"ImageObject","inLanguage":"de","@id":"https:\/\/shop.bantam.ch\/de\/produkt\/legendaere-roadtrips-in-europa-lonely-planet\/#primaryimage","url":"https:\/\/shop.bantam.ch\/wp-content\/uploads\/2025\/12\/Movera-L-9962103100.jpg","contentUrl":"https:\/\/shop.bantam.ch\/wp-content\/uploads\/2025\/12\/Movera-L-9962103100.jpg","width":640,"height":822},{"@type":"BreadcrumbList","@id":"https:\/\/shop.bantam.ch\/de\/produkt\/legendaere-roadtrips-in-europa-lonely-planet\/#breadcrumb","itemListElement":[{"@type":"ListItem","position":1,"name":"Accueil","item":"https:\/\/shop.bantam.ch\/de\/"},{"@type":"ListItem","position":2,"name":"Shop","item":"https:\/\/shop.bantam.ch\/de\/shop\/"},{"@type":"ListItem","position":3,"name":"Legend\u00e4re Roadtrips in Europa, Lonely Planet"}]},{"@type":"WebSite","@id":"https:\/\/shop.bantam.ch\/de\/#website","url":"https:\/\/shop.bantam.ch\/de\/","name":"Bantam","description":"","publisher":{"@id":"https:\/\/shop.bantam.ch\/de\/#organization"},"inLanguage":"de"},{"@type":"Organization","@id":"https:\/\/shop.bantam.ch\/de\/#organization","name":"Bantam","url":"https:\/\/shop.bantam.ch\/de\/","logo":{"@type":"ImageObject","inLanguage":"de","@id":"https:\/\/shop.bantam.ch\/de\/#\/schema\/logo\/image\/","url":"https:\/\/shop.bantam.ch\/wp-content\/uploads\/2022\/12\/bantam-logo.png","contentUrl":"https:\/\/shop.bantam.ch\/wp-content\/uploads\/2022\/12\/bantam-logo.png","width":320,"height":71,"caption":"Bantam"},"image":{"@id":"https:\/\/shop.bantam.ch\/de\/#\/schema\/logo\/image\/"}}]}},"_links":{"self":[{"href":"https:\/\/shop.bantam.ch\/de\/wp-json\/wp\/v2\/product\/226674","targetHints":{"allow":["GET"]}}],"collection":[{"href":"https:\/\/shop.bantam.ch\/de\/wp-json\/wp\/v2\/product"}],"about":[{"href":"https:\/\/shop.bantam.ch\/de\/wp-json\/wp\/v2\/types\/product"}],"wp:featuredmedia":[{"embeddable":true,"href":"https:\/\/shop.bantam.ch\/de\/wp-json\/wp\/v2\/media\/226672"}],"wp:attachment":[{"href":"https:\/\/shop.bantam.ch\/de\/wp-json\/wp\/v2\/media?parent=226674"}],"wp:term":[{"taxonomy":"product_featured_cat","embeddable":true,"href":"https:\/\/shop.bantam.ch\/de\/wp-json\/wp\/v2\/product_featured_cat?post=226674"},{"taxonomy":"product_brand","embeddable":true,"href":"https:\/\/shop.bantam.ch\/de\/wp-json\/wp\/v2\/product_brand?post=226674"},{"taxonomy":"product_cat","embeddable":true,"href":"https:\/\/shop.bantam.ch\/de\/wp-json\/wp\/v2\/product_cat?post=226674"},{"taxonomy":"product_tag","embeddable":true,"href":"https:\/\/shop.bantam.ch\/de\/wp-json\/wp\/v2\/product_tag?post=226674"}],"curies":[{"name":"wp","href":"https:\/\/api.w.org\/{rel}","templated":true}]}}