{"id":226666,"date":"2025-12-17T16:32:57","date_gmt":"2025-12-17T15:32:57","guid":{"rendered":"https:\/\/shop.bantam.ch\/produit\/faltstuhl-uquip-infinity-lounger-grey\/"},"modified":"2026-04-18T23:48:24","modified_gmt":"2026-04-18T21:48:24","slug":"faltstuhl-uquip-infinity-lounger-grey","status":"publish","type":"product","link":"https:\/\/shop.bantam.ch\/de\/produkt\/faltstuhl-uquip-infinity-lounger-grey\/","title":{"rendered":"Faltstuhl uquip Infinity Lounger Grey"},"content":{"rendered":"<p>Zur\u00fccklehnen leicht gemacht! Die besonders hohe R\u00fcckenlehne des INFINITY LOUNGER sorgt f\u00fcr exzellenten Sitzkomfort, ohne dass dadurch Kompromisse beim Gewicht oder Packma\u00df gemacht werden m\u00fcssten.<br \/>\nSuperleicht und klein verpackt wird der INFINITY LOUNGER auch auf den l\u00e4ngsten Wegen nie zur Last. Hergestellt aus hochwertigen und strapazierf\u00e4higen Materialien \u00fcbersteht er m\u00fchelos auch die h\u00e4rtesten Belastungen und ist durch seine intelligente Bauart blitzschnell aufgebaut und einsatzbereit.<br \/>\nF\u00fcr Stauraum sorgt der mitgelieferte Packsack, der ganz einfach am Gest\u00e4nge befestigt werden kann und sich so im Handumdrehen in eine praktische Tasche verwandelt.<br \/>\nDer feste Stand, das robuste Aluminiumgest\u00e4nge sowie das strapazierf\u00e4hige Rip-Stop-Polyester sorgen f\u00fcr einen sicheren und bequemen Sitzplatz \u2013 und zwar genau dort, wo ihr ihn haben wollt.<\/p>\n","protected":false},"excerpt":{"rendered":"<p>Zur\u00fccklehnen leicht gemacht! Die besonders hohe R\u00fcckenlehne des INFINITY LOUNGER sorgt f\u00fcr exzellenten Sitzkomfort, ohne dass dadurch Kompromisse beim Gewicht oder Packma\u00df gemacht werden m\u00fcssten. Superleicht und klein verpackt wird der INFINITY LOUNGER auch auf den l\u00e4ngsten Wegen nie zur Last. Hergestellt aus hochwertigen und strapazierf\u00e4higen Materialien \u00fcbersteht er m\u00fchelos auch die h\u00e4rtesten Belastungen und [&hellip;]<\/p>\n","protected":false},"featured_media":226656,"template":"","meta":{"_acf_changed":false},"product_featured_cat":[],"product_brand":[],"product_cat":[4972],"product_tag":[],"class_list":{"0":"post-226666","1":"product","2":"type-product","3":"status-publish","4":"has-post-thumbnail","6":"product_cat-campingstuehle","8":"first","9":"instock","10":"taxable","11":"shipping-taxable","12":"purchasable","13":"product-type-simple"},"acf":[],"yoast_head":"<!-- This site is optimized with the Yoast SEO plugin v27.4 - https:\/\/yoast.com\/product\/yoast-seo-wordpress\/ -->\n<title>Faltstuhl uquip Infinity Lounger Grey - Bantam Camping AG<\/title>\n<meta name=\"robots\" content=\"index, follow, max-snippet:-1, max-image-preview:large, max-video-preview:-1\" \/>\n<link rel=\"canonical\" href=\"https:\/\/shop.bantam.ch\/de\/produkt\/faltstuhl-uquip-infinity-lounger-grey\/\" \/>\n<meta property=\"og:locale\" content=\"de_DE\" \/>\n<meta property=\"og:type\" content=\"article\" \/>\n<meta property=\"og:title\" content=\"Faltstuhl uquip Infinity Lounger Grey - Bantam Camping AG\" \/>\n<meta property=\"og:description\" content=\"Zur\u00fccklehnen leicht gemacht! Die besonders hohe R\u00fcckenlehne des INFINITY LOUNGER sorgt f\u00fcr exzellenten Sitzkomfort, ohne dass dadurch Kompromisse beim Gewicht oder Packma\u00df gemacht werden m\u00fcssten. Superleicht und klein verpackt wird der INFINITY LOUNGER auch auf den l\u00e4ngsten Wegen nie zur Last. Hergestellt aus hochwertigen und strapazierf\u00e4higen Materialien \u00fcbersteht er m\u00fchelos auch die h\u00e4rtesten Belastungen und [&hellip;]\" \/>\n<meta property=\"og:url\" content=\"https:\/\/shop.bantam.ch\/de\/produkt\/faltstuhl-uquip-infinity-lounger-grey\/\" \/>\n<meta property=\"og:site_name\" content=\"Bantam Camping AG\" \/>\n<meta property=\"article:modified_time\" content=\"2026-04-18T21:48:24+00:00\" \/>\n<meta name=\"twitter:card\" content=\"summary_large_image\" \/>\n<meta name=\"twitter:label1\" content=\"Gesch\u00e4tzte Lesezeit\" \/>\n\t<meta name=\"twitter:data1\" content=\"1\u00a0Minute\" \/>\n<script type=\"application\/ld+json\" class=\"yoast-schema-graph\">{\"@context\":\"https:\\\/\\\/schema.org\",\"@graph\":[{\"@type\":\"WebPage\",\"@id\":\"https:\\\/\\\/shop.bantam.ch\\\/de\\\/produkt\\\/faltstuhl-uquip-infinity-lounger-grey\\\/\",\"url\":\"https:\\\/\\\/shop.bantam.ch\\\/de\\\/produkt\\\/faltstuhl-uquip-infinity-lounger-grey\\\/\",\"name\":\"Faltstuhl uquip Infinity Lounger Grey - Bantam Camping AG\",\"isPartOf\":{\"@id\":\"https:\\\/\\\/shop.bantam.ch\\\/de\\\/#website\"},\"primaryImageOfPage\":{\"@id\":\"https:\\\/\\\/shop.bantam.ch\\\/de\\\/produkt\\\/faltstuhl-uquip-infinity-lounger-grey\\\/#primaryimage\"},\"image\":{\"@id\":\"https:\\\/\\\/shop.bantam.ch\\\/de\\\/produkt\\\/faltstuhl-uquip-infinity-lounger-grey\\\/#primaryimage\"},\"thumbnailUrl\":\"https:\\\/\\\/shop.bantam.ch\\\/wp-content\\\/uploads\\\/2025\\\/12\\\/Movera-L-9962083100.jpg\",\"datePublished\":\"2025-12-17T15:32:57+00:00\",\"dateModified\":\"2026-04-18T21:48:24+00:00\",\"breadcrumb\":{\"@id\":\"https:\\\/\\\/shop.bantam.ch\\\/de\\\/produkt\\\/faltstuhl-uquip-infinity-lounger-grey\\\/#breadcrumb\"},\"inLanguage\":\"de\",\"potentialAction\":[{\"@type\":\"ReadAction\",\"target\":[\"https:\\\/\\\/shop.bantam.ch\\\/de\\\/produkt\\\/faltstuhl-uquip-infinity-lounger-grey\\\/\"]}]},{\"@type\":\"ImageObject\",\"inLanguage\":\"de\",\"@id\":\"https:\\\/\\\/shop.bantam.ch\\\/de\\\/produkt\\\/faltstuhl-uquip-infinity-lounger-grey\\\/#primaryimage\",\"url\":\"https:\\\/\\\/shop.bantam.ch\\\/wp-content\\\/uploads\\\/2025\\\/12\\\/Movera-L-9962083100.jpg\",\"contentUrl\":\"https:\\\/\\\/shop.bantam.ch\\\/wp-content\\\/uploads\\\/2025\\\/12\\\/Movera-L-9962083100.jpg\",\"width\":640,\"height\":761},{\"@type\":\"BreadcrumbList\",\"@id\":\"https:\\\/\\\/shop.bantam.ch\\\/de\\\/produkt\\\/faltstuhl-uquip-infinity-lounger-grey\\\/#breadcrumb\",\"itemListElement\":[{\"@type\":\"ListItem\",\"position\":1,\"name\":\"Accueil\",\"item\":\"https:\\\/\\\/shop.bantam.ch\\\/de\\\/\"},{\"@type\":\"ListItem\",\"position\":2,\"name\":\"Shop\",\"item\":\"https:\\\/\\\/shop.bantam.ch\\\/de\\\/shop\\\/\"},{\"@type\":\"ListItem\",\"position\":3,\"name\":\"Faltstuhl uquip Infinity Lounger Grey\"}]},{\"@type\":\"WebSite\",\"@id\":\"https:\\\/\\\/shop.bantam.ch\\\/de\\\/#website\",\"url\":\"https:\\\/\\\/shop.bantam.ch\\\/de\\\/\",\"name\":\"Bantam Camping AG\",\"description\":\"\",\"publisher\":{\"@id\":\"https:\\\/\\\/shop.bantam.ch\\\/de\\\/#organization\"},\"inLanguage\":\"de\"},{\"@type\":\"Organization\",\"@id\":\"https:\\\/\\\/shop.bantam.ch\\\/de\\\/#organization\",\"name\":\"Bantam Camping AG\",\"url\":\"https:\\\/\\\/shop.bantam.ch\\\/de\\\/\",\"logo\":{\"@type\":\"ImageObject\",\"inLanguage\":\"de\",\"@id\":\"https:\\\/\\\/shop.bantam.ch\\\/de\\\/#\\\/schema\\\/logo\\\/image\\\/\",\"url\":\"https:\\\/\\\/shop.bantam.ch\\\/wp-content\\\/uploads\\\/2022\\\/12\\\/bantam-logo.png\",\"contentUrl\":\"https:\\\/\\\/shop.bantam.ch\\\/wp-content\\\/uploads\\\/2022\\\/12\\\/bantam-logo.png\",\"width\":320,\"height\":71,\"caption\":\"Bantam Camping AG\"},\"image\":{\"@id\":\"https:\\\/\\\/shop.bantam.ch\\\/de\\\/#\\\/schema\\\/logo\\\/image\\\/\"}}]}<\/script>\n<!-- \/ Yoast SEO plugin. -->","yoast_head_json":{"title":"Faltstuhl uquip Infinity Lounger Grey - Bantam Camping AG","robots":{"index":"index","follow":"follow","max-snippet":"max-snippet:-1","max-image-preview":"max-image-preview:large","max-video-preview":"max-video-preview:-1"},"canonical":"https:\/\/shop.bantam.ch\/de\/produkt\/faltstuhl-uquip-infinity-lounger-grey\/","og_locale":"de_DE","og_type":"article","og_title":"Faltstuhl uquip Infinity Lounger Grey - Bantam Camping AG","og_description":"Zur\u00fccklehnen leicht gemacht! Die besonders hohe R\u00fcckenlehne des INFINITY LOUNGER sorgt f\u00fcr exzellenten Sitzkomfort, ohne dass dadurch Kompromisse beim Gewicht oder Packma\u00df gemacht werden m\u00fcssten. Superleicht und klein verpackt wird der INFINITY LOUNGER auch auf den l\u00e4ngsten Wegen nie zur Last. Hergestellt aus hochwertigen und strapazierf\u00e4higen Materialien \u00fcbersteht er m\u00fchelos auch die h\u00e4rtesten Belastungen und [&hellip;]","og_url":"https:\/\/shop.bantam.ch\/de\/produkt\/faltstuhl-uquip-infinity-lounger-grey\/","og_site_name":"Bantam Camping AG","article_modified_time":"2026-04-18T21:48:24+00:00","twitter_card":"summary_large_image","twitter_misc":{"Gesch\u00e4tzte Lesezeit":"1\u00a0Minute"},"schema":{"@context":"https:\/\/schema.org","@graph":[{"@type":"WebPage","@id":"https:\/\/shop.bantam.ch\/de\/produkt\/faltstuhl-uquip-infinity-lounger-grey\/","url":"https:\/\/shop.bantam.ch\/de\/produkt\/faltstuhl-uquip-infinity-lounger-grey\/","name":"Faltstuhl uquip Infinity Lounger Grey - Bantam Camping AG","isPartOf":{"@id":"https:\/\/shop.bantam.ch\/de\/#website"},"primaryImageOfPage":{"@id":"https:\/\/shop.bantam.ch\/de\/produkt\/faltstuhl-uquip-infinity-lounger-grey\/#primaryimage"},"image":{"@id":"https:\/\/shop.bantam.ch\/de\/produkt\/faltstuhl-uquip-infinity-lounger-grey\/#primaryimage"},"thumbnailUrl":"https:\/\/shop.bantam.ch\/wp-content\/uploads\/2025\/12\/Movera-L-9962083100.jpg","datePublished":"2025-12-17T15:32:57+00:00","dateModified":"2026-04-18T21:48:24+00:00","breadcrumb":{"@id":"https:\/\/shop.bantam.ch\/de\/produkt\/faltstuhl-uquip-infinity-lounger-grey\/#breadcrumb"},"inLanguage":"de","potentialAction":[{"@type":"ReadAction","target":["https:\/\/shop.bantam.ch\/de\/produkt\/faltstuhl-uquip-infinity-lounger-grey\/"]}]},{"@type":"ImageObject","inLanguage":"de","@id":"https:\/\/shop.bantam.ch\/de\/produkt\/faltstuhl-uquip-infinity-lounger-grey\/#primaryimage","url":"https:\/\/shop.bantam.ch\/wp-content\/uploads\/2025\/12\/Movera-L-9962083100.jpg","contentUrl":"https:\/\/shop.bantam.ch\/wp-content\/uploads\/2025\/12\/Movera-L-9962083100.jpg","width":640,"height":761},{"@type":"BreadcrumbList","@id":"https:\/\/shop.bantam.ch\/de\/produkt\/faltstuhl-uquip-infinity-lounger-grey\/#breadcrumb","itemListElement":[{"@type":"ListItem","position":1,"name":"Accueil","item":"https:\/\/shop.bantam.ch\/de\/"},{"@type":"ListItem","position":2,"name":"Shop","item":"https:\/\/shop.bantam.ch\/de\/shop\/"},{"@type":"ListItem","position":3,"name":"Faltstuhl uquip Infinity Lounger Grey"}]},{"@type":"WebSite","@id":"https:\/\/shop.bantam.ch\/de\/#website","url":"https:\/\/shop.bantam.ch\/de\/","name":"Bantam Camping AG","description":"","publisher":{"@id":"https:\/\/shop.bantam.ch\/de\/#organization"},"inLanguage":"de"},{"@type":"Organization","@id":"https:\/\/shop.bantam.ch\/de\/#organization","name":"Bantam Camping AG","url":"https:\/\/shop.bantam.ch\/de\/","logo":{"@type":"ImageObject","inLanguage":"de","@id":"https:\/\/shop.bantam.ch\/de\/#\/schema\/logo\/image\/","url":"https:\/\/shop.bantam.ch\/wp-content\/uploads\/2022\/12\/bantam-logo.png","contentUrl":"https:\/\/shop.bantam.ch\/wp-content\/uploads\/2022\/12\/bantam-logo.png","width":320,"height":71,"caption":"Bantam Camping AG"},"image":{"@id":"https:\/\/shop.bantam.ch\/de\/#\/schema\/logo\/image\/"}}]}},"_links":{"self":[{"href":"https:\/\/shop.bantam.ch\/de\/wp-json\/wp\/v2\/product\/226666","targetHints":{"allow":["GET"]}}],"collection":[{"href":"https:\/\/shop.bantam.ch\/de\/wp-json\/wp\/v2\/product"}],"about":[{"href":"https:\/\/shop.bantam.ch\/de\/wp-json\/wp\/v2\/types\/product"}],"wp:featuredmedia":[{"embeddable":true,"href":"https:\/\/shop.bantam.ch\/de\/wp-json\/wp\/v2\/media\/226656"}],"wp:attachment":[{"href":"https:\/\/shop.bantam.ch\/de\/wp-json\/wp\/v2\/media?parent=226666"}],"wp:term":[{"taxonomy":"product_featured_cat","embeddable":true,"href":"https:\/\/shop.bantam.ch\/de\/wp-json\/wp\/v2\/product_featured_cat?post=226666"},{"taxonomy":"product_brand","embeddable":true,"href":"https:\/\/shop.bantam.ch\/de\/wp-json\/wp\/v2\/product_brand?post=226666"},{"taxonomy":"product_cat","embeddable":true,"href":"https:\/\/shop.bantam.ch\/de\/wp-json\/wp\/v2\/product_cat?post=226666"},{"taxonomy":"product_tag","embeddable":true,"href":"https:\/\/shop.bantam.ch\/de\/wp-json\/wp\/v2\/product_tag?post=226666"}],"curies":[{"name":"wp","href":"https:\/\/api.w.org\/{rel}","templated":true}]}}