{"id":226642,"date":"2025-12-17T16:32:39","date_gmt":"2025-12-17T15:32:39","guid":{"rendered":"https:\/\/shop.bantam.ch\/produit\/soundbar-alden-bluetooth\/"},"modified":"2026-04-19T23:51:51","modified_gmt":"2026-04-19T21:51:51","slug":"soundbar-alden-bluetooth","status":"publish","type":"product","link":"https:\/\/shop.bantam.ch\/de\/produkt\/soundbar-alden-bluetooth\/","title":{"rendered":"Soundbar Alden Bluetooth"},"content":{"rendered":"<p>Die I-Sound HD Stereo-Soundbar sorgt f\u00fcr brillante Tonqualit\u00e4t und mehr Klangf\u00fclle an entspannten Fernsehabenden. Die kompakte Bauweise und das ausgezeichnete Preis-Leistungs-Verh\u00e4ltnis machen den Lautsprecher f\u00fcr den mobilen Einsatz so attraktiv. Das moderne Design passt in nahezu jede Reisemobil-Umgebung. Ideal f\u00fcr ALDEN TVs, aber auch f\u00fcr Fremdanbieter geeignet.\u00a0TV-Ger\u00e4te in Reisemobilen erweisen sich mittlerweile als Hightech-Ger\u00e4te mit kompaktem, flachen Design. Die platzsparende Bauart hat zur Folge, dass die Lautsprecher aufgrund von Einsparungen im Bereich des Geh\u00e4uses immer kleiner werden und wegen des verminderten Volumens nicht nur die \u00acTonqualit\u00e4t, \u00acsondern auch die gesamte Klangf\u00fclle leidet. Die I-Sound HD Stereo-Soundbar bietet die L\u00f6sung.<\/p>\n","protected":false},"excerpt":{"rendered":"<p>Die I-Sound HD Stereo-Soundbar sorgt f\u00fcr brillante Tonqualit\u00e4t und mehr Klangf\u00fclle an entspannten Fernsehabenden. Die kompakte Bauweise und das ausgezeichnete Preis-Leistungs-Verh\u00e4ltnis machen den Lautsprecher f\u00fcr den mobilen Einsatz so attraktiv. Das moderne Design passt in nahezu jede Reisemobil-Umgebung. Ideal f\u00fcr ALDEN TVs, aber auch f\u00fcr Fremdanbieter geeignet.\u00a0TV-Ger\u00e4te in Reisemobilen erweisen sich mittlerweile als Hightech-Ger\u00e4te mit [&hellip;]<\/p>\n","protected":false},"featured_media":226636,"template":"","meta":{"_acf_changed":false},"product_featured_cat":[],"product_brand":[],"product_cat":[4498],"product_tag":[],"class_list":{"0":"post-226642","1":"product","2":"type-product","3":"status-publish","4":"has-post-thumbnail","6":"product_cat-soundbars","8":"first","9":"instock","10":"taxable","11":"shipping-taxable","12":"purchasable","13":"product-type-simple"},"acf":[],"yoast_head":"<!-- This site is optimized with the Yoast SEO plugin v27.4 - https:\/\/yoast.com\/product\/yoast-seo-wordpress\/ -->\n<title>Soundbar Alden Bluetooth - Bantam Camping AG<\/title>\n<meta name=\"robots\" content=\"index, follow, max-snippet:-1, max-image-preview:large, max-video-preview:-1\" \/>\n<link rel=\"canonical\" href=\"https:\/\/shop.bantam.ch\/de\/produkt\/soundbar-alden-bluetooth\/\" \/>\n<meta property=\"og:locale\" content=\"de_DE\" \/>\n<meta property=\"og:type\" content=\"article\" \/>\n<meta property=\"og:title\" content=\"Soundbar Alden Bluetooth - Bantam Camping AG\" \/>\n<meta property=\"og:description\" content=\"Die I-Sound HD Stereo-Soundbar sorgt f\u00fcr brillante Tonqualit\u00e4t und mehr Klangf\u00fclle an entspannten Fernsehabenden. Die kompakte Bauweise und das ausgezeichnete Preis-Leistungs-Verh\u00e4ltnis machen den Lautsprecher f\u00fcr den mobilen Einsatz so attraktiv. Das moderne Design passt in nahezu jede Reisemobil-Umgebung. Ideal f\u00fcr ALDEN TVs, aber auch f\u00fcr Fremdanbieter geeignet.\u00a0TV-Ger\u00e4te in Reisemobilen erweisen sich mittlerweile als Hightech-Ger\u00e4te mit [&hellip;]\" \/>\n<meta property=\"og:url\" content=\"https:\/\/shop.bantam.ch\/de\/produkt\/soundbar-alden-bluetooth\/\" \/>\n<meta property=\"og:site_name\" content=\"Bantam Camping AG\" \/>\n<meta property=\"article:modified_time\" content=\"2026-04-19T21:51:51+00:00\" \/>\n<meta name=\"twitter:card\" content=\"summary_large_image\" \/>\n<meta name=\"twitter:label1\" content=\"Gesch\u00e4tzte Lesezeit\" \/>\n\t<meta name=\"twitter:data1\" content=\"1\u00a0Minute\" \/>\n<script type=\"application\/ld+json\" class=\"yoast-schema-graph\">{\"@context\":\"https:\\\/\\\/schema.org\",\"@graph\":[{\"@type\":\"WebPage\",\"@id\":\"https:\\\/\\\/shop.bantam.ch\\\/de\\\/produkt\\\/soundbar-alden-bluetooth\\\/\",\"url\":\"https:\\\/\\\/shop.bantam.ch\\\/de\\\/produkt\\\/soundbar-alden-bluetooth\\\/\",\"name\":\"Soundbar Alden Bluetooth - Bantam Camping AG\",\"isPartOf\":{\"@id\":\"https:\\\/\\\/shop.bantam.ch\\\/de\\\/#website\"},\"primaryImageOfPage\":{\"@id\":\"https:\\\/\\\/shop.bantam.ch\\\/de\\\/produkt\\\/soundbar-alden-bluetooth\\\/#primaryimage\"},\"image\":{\"@id\":\"https:\\\/\\\/shop.bantam.ch\\\/de\\\/produkt\\\/soundbar-alden-bluetooth\\\/#primaryimage\"},\"thumbnailUrl\":\"https:\\\/\\\/shop.bantam.ch\\\/wp-content\\\/uploads\\\/2025\\\/12\\\/Movera-L-9961345100.jpg\",\"datePublished\":\"2025-12-17T15:32:39+00:00\",\"dateModified\":\"2026-04-19T21:51:51+00:00\",\"breadcrumb\":{\"@id\":\"https:\\\/\\\/shop.bantam.ch\\\/de\\\/produkt\\\/soundbar-alden-bluetooth\\\/#breadcrumb\"},\"inLanguage\":\"de\",\"potentialAction\":[{\"@type\":\"ReadAction\",\"target\":[\"https:\\\/\\\/shop.bantam.ch\\\/de\\\/produkt\\\/soundbar-alden-bluetooth\\\/\"]}]},{\"@type\":\"ImageObject\",\"inLanguage\":\"de\",\"@id\":\"https:\\\/\\\/shop.bantam.ch\\\/de\\\/produkt\\\/soundbar-alden-bluetooth\\\/#primaryimage\",\"url\":\"https:\\\/\\\/shop.bantam.ch\\\/wp-content\\\/uploads\\\/2025\\\/12\\\/Movera-L-9961345100.jpg\",\"contentUrl\":\"https:\\\/\\\/shop.bantam.ch\\\/wp-content\\\/uploads\\\/2025\\\/12\\\/Movera-L-9961345100.jpg\",\"width\":640,\"height\":232},{\"@type\":\"BreadcrumbList\",\"@id\":\"https:\\\/\\\/shop.bantam.ch\\\/de\\\/produkt\\\/soundbar-alden-bluetooth\\\/#breadcrumb\",\"itemListElement\":[{\"@type\":\"ListItem\",\"position\":1,\"name\":\"Accueil\",\"item\":\"https:\\\/\\\/shop.bantam.ch\\\/de\\\/\"},{\"@type\":\"ListItem\",\"position\":2,\"name\":\"Shop\",\"item\":\"https:\\\/\\\/shop.bantam.ch\\\/de\\\/shop\\\/\"},{\"@type\":\"ListItem\",\"position\":3,\"name\":\"Soundbar Alden Bluetooth\"}]},{\"@type\":\"WebSite\",\"@id\":\"https:\\\/\\\/shop.bantam.ch\\\/de\\\/#website\",\"url\":\"https:\\\/\\\/shop.bantam.ch\\\/de\\\/\",\"name\":\"Bantam Camping AG\",\"description\":\"\",\"publisher\":{\"@id\":\"https:\\\/\\\/shop.bantam.ch\\\/de\\\/#organization\"},\"inLanguage\":\"de\"},{\"@type\":\"Organization\",\"@id\":\"https:\\\/\\\/shop.bantam.ch\\\/de\\\/#organization\",\"name\":\"Bantam Camping AG\",\"url\":\"https:\\\/\\\/shop.bantam.ch\\\/de\\\/\",\"logo\":{\"@type\":\"ImageObject\",\"inLanguage\":\"de\",\"@id\":\"https:\\\/\\\/shop.bantam.ch\\\/de\\\/#\\\/schema\\\/logo\\\/image\\\/\",\"url\":\"https:\\\/\\\/shop.bantam.ch\\\/wp-content\\\/uploads\\\/2022\\\/12\\\/bantam-logo.png\",\"contentUrl\":\"https:\\\/\\\/shop.bantam.ch\\\/wp-content\\\/uploads\\\/2022\\\/12\\\/bantam-logo.png\",\"width\":320,\"height\":71,\"caption\":\"Bantam Camping AG\"},\"image\":{\"@id\":\"https:\\\/\\\/shop.bantam.ch\\\/de\\\/#\\\/schema\\\/logo\\\/image\\\/\"}}]}<\/script>\n<!-- \/ Yoast SEO plugin. -->","yoast_head_json":{"title":"Soundbar Alden Bluetooth - Bantam Camping AG","robots":{"index":"index","follow":"follow","max-snippet":"max-snippet:-1","max-image-preview":"max-image-preview:large","max-video-preview":"max-video-preview:-1"},"canonical":"https:\/\/shop.bantam.ch\/de\/produkt\/soundbar-alden-bluetooth\/","og_locale":"de_DE","og_type":"article","og_title":"Soundbar Alden Bluetooth - Bantam Camping AG","og_description":"Die I-Sound HD Stereo-Soundbar sorgt f\u00fcr brillante Tonqualit\u00e4t und mehr Klangf\u00fclle an entspannten Fernsehabenden. Die kompakte Bauweise und das ausgezeichnete Preis-Leistungs-Verh\u00e4ltnis machen den Lautsprecher f\u00fcr den mobilen Einsatz so attraktiv. Das moderne Design passt in nahezu jede Reisemobil-Umgebung. Ideal f\u00fcr ALDEN TVs, aber auch f\u00fcr Fremdanbieter geeignet.\u00a0TV-Ger\u00e4te in Reisemobilen erweisen sich mittlerweile als Hightech-Ger\u00e4te mit [&hellip;]","og_url":"https:\/\/shop.bantam.ch\/de\/produkt\/soundbar-alden-bluetooth\/","og_site_name":"Bantam Camping AG","article_modified_time":"2026-04-19T21:51:51+00:00","twitter_card":"summary_large_image","twitter_misc":{"Gesch\u00e4tzte Lesezeit":"1\u00a0Minute"},"schema":{"@context":"https:\/\/schema.org","@graph":[{"@type":"WebPage","@id":"https:\/\/shop.bantam.ch\/de\/produkt\/soundbar-alden-bluetooth\/","url":"https:\/\/shop.bantam.ch\/de\/produkt\/soundbar-alden-bluetooth\/","name":"Soundbar Alden Bluetooth - Bantam Camping AG","isPartOf":{"@id":"https:\/\/shop.bantam.ch\/de\/#website"},"primaryImageOfPage":{"@id":"https:\/\/shop.bantam.ch\/de\/produkt\/soundbar-alden-bluetooth\/#primaryimage"},"image":{"@id":"https:\/\/shop.bantam.ch\/de\/produkt\/soundbar-alden-bluetooth\/#primaryimage"},"thumbnailUrl":"https:\/\/shop.bantam.ch\/wp-content\/uploads\/2025\/12\/Movera-L-9961345100.jpg","datePublished":"2025-12-17T15:32:39+00:00","dateModified":"2026-04-19T21:51:51+00:00","breadcrumb":{"@id":"https:\/\/shop.bantam.ch\/de\/produkt\/soundbar-alden-bluetooth\/#breadcrumb"},"inLanguage":"de","potentialAction":[{"@type":"ReadAction","target":["https:\/\/shop.bantam.ch\/de\/produkt\/soundbar-alden-bluetooth\/"]}]},{"@type":"ImageObject","inLanguage":"de","@id":"https:\/\/shop.bantam.ch\/de\/produkt\/soundbar-alden-bluetooth\/#primaryimage","url":"https:\/\/shop.bantam.ch\/wp-content\/uploads\/2025\/12\/Movera-L-9961345100.jpg","contentUrl":"https:\/\/shop.bantam.ch\/wp-content\/uploads\/2025\/12\/Movera-L-9961345100.jpg","width":640,"height":232},{"@type":"BreadcrumbList","@id":"https:\/\/shop.bantam.ch\/de\/produkt\/soundbar-alden-bluetooth\/#breadcrumb","itemListElement":[{"@type":"ListItem","position":1,"name":"Accueil","item":"https:\/\/shop.bantam.ch\/de\/"},{"@type":"ListItem","position":2,"name":"Shop","item":"https:\/\/shop.bantam.ch\/de\/shop\/"},{"@type":"ListItem","position":3,"name":"Soundbar Alden Bluetooth"}]},{"@type":"WebSite","@id":"https:\/\/shop.bantam.ch\/de\/#website","url":"https:\/\/shop.bantam.ch\/de\/","name":"Bantam Camping AG","description":"","publisher":{"@id":"https:\/\/shop.bantam.ch\/de\/#organization"},"inLanguage":"de"},{"@type":"Organization","@id":"https:\/\/shop.bantam.ch\/de\/#organization","name":"Bantam Camping AG","url":"https:\/\/shop.bantam.ch\/de\/","logo":{"@type":"ImageObject","inLanguage":"de","@id":"https:\/\/shop.bantam.ch\/de\/#\/schema\/logo\/image\/","url":"https:\/\/shop.bantam.ch\/wp-content\/uploads\/2022\/12\/bantam-logo.png","contentUrl":"https:\/\/shop.bantam.ch\/wp-content\/uploads\/2022\/12\/bantam-logo.png","width":320,"height":71,"caption":"Bantam Camping AG"},"image":{"@id":"https:\/\/shop.bantam.ch\/de\/#\/schema\/logo\/image\/"}}]}},"_links":{"self":[{"href":"https:\/\/shop.bantam.ch\/de\/wp-json\/wp\/v2\/product\/226642","targetHints":{"allow":["GET"]}}],"collection":[{"href":"https:\/\/shop.bantam.ch\/de\/wp-json\/wp\/v2\/product"}],"about":[{"href":"https:\/\/shop.bantam.ch\/de\/wp-json\/wp\/v2\/types\/product"}],"wp:featuredmedia":[{"embeddable":true,"href":"https:\/\/shop.bantam.ch\/de\/wp-json\/wp\/v2\/media\/226636"}],"wp:attachment":[{"href":"https:\/\/shop.bantam.ch\/de\/wp-json\/wp\/v2\/media?parent=226642"}],"wp:term":[{"taxonomy":"product_featured_cat","embeddable":true,"href":"https:\/\/shop.bantam.ch\/de\/wp-json\/wp\/v2\/product_featured_cat?post=226642"},{"taxonomy":"product_brand","embeddable":true,"href":"https:\/\/shop.bantam.ch\/de\/wp-json\/wp\/v2\/product_brand?post=226642"},{"taxonomy":"product_cat","embeddable":true,"href":"https:\/\/shop.bantam.ch\/de\/wp-json\/wp\/v2\/product_cat?post=226642"},{"taxonomy":"product_tag","embeddable":true,"href":"https:\/\/shop.bantam.ch\/de\/wp-json\/wp\/v2\/product_tag?post=226642"}],"curies":[{"name":"wp","href":"https:\/\/api.w.org\/{rel}","templated":true}]}}