{"id":226618,"date":"2025-12-17T16:32:05","date_gmt":"2025-12-17T15:32:05","guid":{"rendered":"https:\/\/shop.bantam.ch\/produit\/stellplatzfuehrer-wellness-mit-dem-wohnmobil\/"},"modified":"2026-05-10T23:43:49","modified_gmt":"2026-05-10T21:43:49","slug":"stellplatzfuehrer-wellness-mit-dem-wohnmobil","status":"publish","type":"product","link":"https:\/\/shop.bantam.ch\/de\/produkt\/stellplatzfuehrer-wellness-mit-dem-wohnmobil\/","title":{"rendered":"Stellplatzf\u00fchrer Wellness mit dem Wohnmobil"},"content":{"rendered":"<p>Wellness mit dem Wohnmobil &#8211; der Stellplatzf\u00fchrer sch\u00f6nste Thermen. Reisemobil International stellt die sch\u00f6nsten 122 Thermen in Deutschland in Text und Bild vor und nennt deren charakteristischen Eigenheiten, \u00d6ffnungszeiten sowie Eintrittspreise, pr\u00e4sentiert in Text und Bild die dazu geh\u00f6rigen Stellpl\u00e4tze, auf denen Reisemobile \u00fcber Nacht stehen d\u00fcrfen, nennt deren Serviceangebot und die \u00dcbernachtungsgeb\u00fchren. Plus: spezielle redaktionelle Checks von Thermen mit dort nahegelegenen Stell- und Campingpl\u00e4tzen in Baden-W\u00fcrttemberg, im Schwarzwald und in Franken. Ein unverzichtbarer Ratgeber f\u00fcr kurze Wohlf\u00fchl-Trips am Wochenende wie f\u00fcr einen l\u00e4ngeren Genuss-Urlaub.<\/p>\n","protected":false},"excerpt":{"rendered":"<p>Wellness mit dem Wohnmobil &#8211; der Stellplatzf\u00fchrer sch\u00f6nste Thermen. Reisemobil International stellt die sch\u00f6nsten 122 Thermen in Deutschland in Text und Bild vor und nennt deren charakteristischen Eigenheiten, \u00d6ffnungszeiten sowie Eintrittspreise, pr\u00e4sentiert in Text und Bild die dazu geh\u00f6rigen Stellpl\u00e4tze, auf denen Reisemobile \u00fcber Nacht stehen d\u00fcrfen, nennt deren Serviceangebot und die \u00dcbernachtungsgeb\u00fchren. Plus: spezielle [&hellip;]<\/p>\n","protected":false},"featured_media":226616,"template":"","meta":{"_acf_changed":false},"product_featured_cat":[],"product_brand":[],"product_cat":[4346],"product_tag":[],"class_list":{"0":"post-226618","1":"product","2":"type-product","3":"status-publish","4":"has-post-thumbnail","6":"product_cat-stellplatzfuehrer","8":"first","9":"instock","10":"taxable","11":"shipping-taxable","12":"purchasable","13":"product-type-simple"},"acf":[],"yoast_head":"<!-- This site is optimized with the Yoast SEO plugin v27.5 - https:\/\/yoast.com\/product\/yoast-seo-wordpress\/ -->\n<title>Stellplatzf\u00fchrer Wellness mit dem Wohnmobil - Bantam<\/title>\n<meta name=\"robots\" content=\"index, follow, max-snippet:-1, max-image-preview:large, max-video-preview:-1\" \/>\n<link rel=\"canonical\" href=\"https:\/\/shop.bantam.ch\/de\/produkt\/stellplatzfuehrer-wellness-mit-dem-wohnmobil\/\" \/>\n<meta property=\"og:locale\" content=\"de_DE\" \/>\n<meta property=\"og:type\" content=\"article\" \/>\n<meta property=\"og:title\" content=\"Stellplatzf\u00fchrer Wellness mit dem Wohnmobil - Bantam\" \/>\n<meta property=\"og:description\" content=\"Wellness mit dem Wohnmobil &#8211; der Stellplatzf\u00fchrer sch\u00f6nste Thermen. Reisemobil International stellt die sch\u00f6nsten 122 Thermen in Deutschland in Text und Bild vor und nennt deren charakteristischen Eigenheiten, \u00d6ffnungszeiten sowie Eintrittspreise, pr\u00e4sentiert in Text und Bild die dazu geh\u00f6rigen Stellpl\u00e4tze, auf denen Reisemobile \u00fcber Nacht stehen d\u00fcrfen, nennt deren Serviceangebot und die \u00dcbernachtungsgeb\u00fchren. Plus: spezielle [&hellip;]\" \/>\n<meta property=\"og:url\" content=\"https:\/\/shop.bantam.ch\/de\/produkt\/stellplatzfuehrer-wellness-mit-dem-wohnmobil\/\" \/>\n<meta property=\"og:site_name\" content=\"Bantam\" \/>\n<meta property=\"article:modified_time\" content=\"2026-05-10T21:43:49+00:00\" \/>\n<meta name=\"twitter:card\" content=\"summary_large_image\" \/>\n<script type=\"application\/ld+json\" class=\"yoast-schema-graph\">{\"@context\":\"https:\\\/\\\/schema.org\",\"@graph\":[{\"@type\":\"WebPage\",\"@id\":\"https:\\\/\\\/shop.bantam.ch\\\/de\\\/produkt\\\/stellplatzfuehrer-wellness-mit-dem-wohnmobil\\\/\",\"url\":\"https:\\\/\\\/shop.bantam.ch\\\/de\\\/produkt\\\/stellplatzfuehrer-wellness-mit-dem-wohnmobil\\\/\",\"name\":\"Stellplatzf\u00fchrer Wellness mit dem Wohnmobil - Bantam\",\"isPartOf\":{\"@id\":\"https:\\\/\\\/shop.bantam.ch\\\/de\\\/#website\"},\"primaryImageOfPage\":{\"@id\":\"https:\\\/\\\/shop.bantam.ch\\\/de\\\/produkt\\\/stellplatzfuehrer-wellness-mit-dem-wohnmobil\\\/#primaryimage\"},\"image\":{\"@id\":\"https:\\\/\\\/shop.bantam.ch\\\/de\\\/produkt\\\/stellplatzfuehrer-wellness-mit-dem-wohnmobil\\\/#primaryimage\"},\"thumbnailUrl\":\"https:\\\/\\\/shop.bantam.ch\\\/wp-content\\\/uploads\\\/2025\\\/12\\\/Movera-L-9961727100.jpg\",\"datePublished\":\"2025-12-17T15:32:05+00:00\",\"dateModified\":\"2026-05-10T21:43:49+00:00\",\"breadcrumb\":{\"@id\":\"https:\\\/\\\/shop.bantam.ch\\\/de\\\/produkt\\\/stellplatzfuehrer-wellness-mit-dem-wohnmobil\\\/#breadcrumb\"},\"inLanguage\":\"de\",\"potentialAction\":[{\"@type\":\"ReadAction\",\"target\":[\"https:\\\/\\\/shop.bantam.ch\\\/de\\\/produkt\\\/stellplatzfuehrer-wellness-mit-dem-wohnmobil\\\/\"]}]},{\"@type\":\"ImageObject\",\"inLanguage\":\"de\",\"@id\":\"https:\\\/\\\/shop.bantam.ch\\\/de\\\/produkt\\\/stellplatzfuehrer-wellness-mit-dem-wohnmobil\\\/#primaryimage\",\"url\":\"https:\\\/\\\/shop.bantam.ch\\\/wp-content\\\/uploads\\\/2025\\\/12\\\/Movera-L-9961727100.jpg\",\"contentUrl\":\"https:\\\/\\\/shop.bantam.ch\\\/wp-content\\\/uploads\\\/2025\\\/12\\\/Movera-L-9961727100.jpg\",\"width\":640,\"height\":912},{\"@type\":\"BreadcrumbList\",\"@id\":\"https:\\\/\\\/shop.bantam.ch\\\/de\\\/produkt\\\/stellplatzfuehrer-wellness-mit-dem-wohnmobil\\\/#breadcrumb\",\"itemListElement\":[{\"@type\":\"ListItem\",\"position\":1,\"name\":\"Accueil\",\"item\":\"https:\\\/\\\/shop.bantam.ch\\\/de\\\/\"},{\"@type\":\"ListItem\",\"position\":2,\"name\":\"Shop\",\"item\":\"https:\\\/\\\/shop.bantam.ch\\\/de\\\/shop\\\/\"},{\"@type\":\"ListItem\",\"position\":3,\"name\":\"Stellplatzf\u00fchrer Wellness mit dem Wohnmobil\"}]},{\"@type\":\"WebSite\",\"@id\":\"https:\\\/\\\/shop.bantam.ch\\\/de\\\/#website\",\"url\":\"https:\\\/\\\/shop.bantam.ch\\\/de\\\/\",\"name\":\"Bantam\",\"description\":\"\",\"publisher\":{\"@id\":\"https:\\\/\\\/shop.bantam.ch\\\/de\\\/#organization\"},\"inLanguage\":\"de\"},{\"@type\":\"Organization\",\"@id\":\"https:\\\/\\\/shop.bantam.ch\\\/de\\\/#organization\",\"name\":\"Bantam\",\"url\":\"https:\\\/\\\/shop.bantam.ch\\\/de\\\/\",\"logo\":{\"@type\":\"ImageObject\",\"inLanguage\":\"de\",\"@id\":\"https:\\\/\\\/shop.bantam.ch\\\/de\\\/#\\\/schema\\\/logo\\\/image\\\/\",\"url\":\"https:\\\/\\\/shop.bantam.ch\\\/wp-content\\\/uploads\\\/2022\\\/12\\\/bantam-logo.png\",\"contentUrl\":\"https:\\\/\\\/shop.bantam.ch\\\/wp-content\\\/uploads\\\/2022\\\/12\\\/bantam-logo.png\",\"width\":320,\"height\":71,\"caption\":\"Bantam\"},\"image\":{\"@id\":\"https:\\\/\\\/shop.bantam.ch\\\/de\\\/#\\\/schema\\\/logo\\\/image\\\/\"}}]}<\/script>\n<!-- \/ Yoast SEO plugin. -->","yoast_head_json":{"title":"Stellplatzf\u00fchrer Wellness mit dem Wohnmobil - Bantam","robots":{"index":"index","follow":"follow","max-snippet":"max-snippet:-1","max-image-preview":"max-image-preview:large","max-video-preview":"max-video-preview:-1"},"canonical":"https:\/\/shop.bantam.ch\/de\/produkt\/stellplatzfuehrer-wellness-mit-dem-wohnmobil\/","og_locale":"de_DE","og_type":"article","og_title":"Stellplatzf\u00fchrer Wellness mit dem Wohnmobil - Bantam","og_description":"Wellness mit dem Wohnmobil &#8211; der Stellplatzf\u00fchrer sch\u00f6nste Thermen. Reisemobil International stellt die sch\u00f6nsten 122 Thermen in Deutschland in Text und Bild vor und nennt deren charakteristischen Eigenheiten, \u00d6ffnungszeiten sowie Eintrittspreise, pr\u00e4sentiert in Text und Bild die dazu geh\u00f6rigen Stellpl\u00e4tze, auf denen Reisemobile \u00fcber Nacht stehen d\u00fcrfen, nennt deren Serviceangebot und die \u00dcbernachtungsgeb\u00fchren. Plus: spezielle [&hellip;]","og_url":"https:\/\/shop.bantam.ch\/de\/produkt\/stellplatzfuehrer-wellness-mit-dem-wohnmobil\/","og_site_name":"Bantam","article_modified_time":"2026-05-10T21:43:49+00:00","twitter_card":"summary_large_image","schema":{"@context":"https:\/\/schema.org","@graph":[{"@type":"WebPage","@id":"https:\/\/shop.bantam.ch\/de\/produkt\/stellplatzfuehrer-wellness-mit-dem-wohnmobil\/","url":"https:\/\/shop.bantam.ch\/de\/produkt\/stellplatzfuehrer-wellness-mit-dem-wohnmobil\/","name":"Stellplatzf\u00fchrer Wellness mit dem Wohnmobil - Bantam","isPartOf":{"@id":"https:\/\/shop.bantam.ch\/de\/#website"},"primaryImageOfPage":{"@id":"https:\/\/shop.bantam.ch\/de\/produkt\/stellplatzfuehrer-wellness-mit-dem-wohnmobil\/#primaryimage"},"image":{"@id":"https:\/\/shop.bantam.ch\/de\/produkt\/stellplatzfuehrer-wellness-mit-dem-wohnmobil\/#primaryimage"},"thumbnailUrl":"https:\/\/shop.bantam.ch\/wp-content\/uploads\/2025\/12\/Movera-L-9961727100.jpg","datePublished":"2025-12-17T15:32:05+00:00","dateModified":"2026-05-10T21:43:49+00:00","breadcrumb":{"@id":"https:\/\/shop.bantam.ch\/de\/produkt\/stellplatzfuehrer-wellness-mit-dem-wohnmobil\/#breadcrumb"},"inLanguage":"de","potentialAction":[{"@type":"ReadAction","target":["https:\/\/shop.bantam.ch\/de\/produkt\/stellplatzfuehrer-wellness-mit-dem-wohnmobil\/"]}]},{"@type":"ImageObject","inLanguage":"de","@id":"https:\/\/shop.bantam.ch\/de\/produkt\/stellplatzfuehrer-wellness-mit-dem-wohnmobil\/#primaryimage","url":"https:\/\/shop.bantam.ch\/wp-content\/uploads\/2025\/12\/Movera-L-9961727100.jpg","contentUrl":"https:\/\/shop.bantam.ch\/wp-content\/uploads\/2025\/12\/Movera-L-9961727100.jpg","width":640,"height":912},{"@type":"BreadcrumbList","@id":"https:\/\/shop.bantam.ch\/de\/produkt\/stellplatzfuehrer-wellness-mit-dem-wohnmobil\/#breadcrumb","itemListElement":[{"@type":"ListItem","position":1,"name":"Accueil","item":"https:\/\/shop.bantam.ch\/de\/"},{"@type":"ListItem","position":2,"name":"Shop","item":"https:\/\/shop.bantam.ch\/de\/shop\/"},{"@type":"ListItem","position":3,"name":"Stellplatzf\u00fchrer Wellness mit dem Wohnmobil"}]},{"@type":"WebSite","@id":"https:\/\/shop.bantam.ch\/de\/#website","url":"https:\/\/shop.bantam.ch\/de\/","name":"Bantam","description":"","publisher":{"@id":"https:\/\/shop.bantam.ch\/de\/#organization"},"inLanguage":"de"},{"@type":"Organization","@id":"https:\/\/shop.bantam.ch\/de\/#organization","name":"Bantam","url":"https:\/\/shop.bantam.ch\/de\/","logo":{"@type":"ImageObject","inLanguage":"de","@id":"https:\/\/shop.bantam.ch\/de\/#\/schema\/logo\/image\/","url":"https:\/\/shop.bantam.ch\/wp-content\/uploads\/2022\/12\/bantam-logo.png","contentUrl":"https:\/\/shop.bantam.ch\/wp-content\/uploads\/2022\/12\/bantam-logo.png","width":320,"height":71,"caption":"Bantam"},"image":{"@id":"https:\/\/shop.bantam.ch\/de\/#\/schema\/logo\/image\/"}}]}},"_links":{"self":[{"href":"https:\/\/shop.bantam.ch\/de\/wp-json\/wp\/v2\/product\/226618","targetHints":{"allow":["GET"]}}],"collection":[{"href":"https:\/\/shop.bantam.ch\/de\/wp-json\/wp\/v2\/product"}],"about":[{"href":"https:\/\/shop.bantam.ch\/de\/wp-json\/wp\/v2\/types\/product"}],"wp:featuredmedia":[{"embeddable":true,"href":"https:\/\/shop.bantam.ch\/de\/wp-json\/wp\/v2\/media\/226616"}],"wp:attachment":[{"href":"https:\/\/shop.bantam.ch\/de\/wp-json\/wp\/v2\/media?parent=226618"}],"wp:term":[{"taxonomy":"product_featured_cat","embeddable":true,"href":"https:\/\/shop.bantam.ch\/de\/wp-json\/wp\/v2\/product_featured_cat?post=226618"},{"taxonomy":"product_brand","embeddable":true,"href":"https:\/\/shop.bantam.ch\/de\/wp-json\/wp\/v2\/product_brand?post=226618"},{"taxonomy":"product_cat","embeddable":true,"href":"https:\/\/shop.bantam.ch\/de\/wp-json\/wp\/v2\/product_cat?post=226618"},{"taxonomy":"product_tag","embeddable":true,"href":"https:\/\/shop.bantam.ch\/de\/wp-json\/wp\/v2\/product_tag?post=226618"}],"curies":[{"name":"wp","href":"https:\/\/api.w.org\/{rel}","templated":true}]}}