{"id":226498,"date":"2025-12-17T16:28:15","date_gmt":"2025-12-17T15:28:15","guid":{"rendered":"https:\/\/shop.bantam.ch\/produit\/solaranlage-buettner-elektronik-mt-power-pack-classic-power-plus-ii-340-wp\/"},"modified":"2026-04-17T23:44:13","modified_gmt":"2026-04-17T21:44:13","slug":"solaranlage-buettner-elektronik-mt-power-pack-classic-power-plus-ii-340-wp","status":"publish","type":"product","link":"https:\/\/shop.bantam.ch\/de\/produkt\/solaranlage-buettner-elektronik-mt-power-pack-classic-power-plus-ii-340-wp\/","title":{"rendered":"Solaranlage BUETTNER ELEKTRONIK MT Power Pack Classic Power Plus II, 340 Wp"},"content":{"rendered":"<p>Die leistungsst\u00e4rkeren PowerPack CLASSIC POWER und CLASSIC POWER-PLUS Sets sind mit einem BCB mit Ausgangsleistungen von 30 A bzw. 40 A ausgestattet. Sie eignen sich f\u00fcr Reisefahrzeuge zur schnelleren Aufladung, oder wenn etwas mehr Batteriekapazit\u00e4t vorgesehen bzw. beabsichtigt ist. Die Ladeleistung kann am Ger\u00e4t gedrosselt werden. Au\u00dfer den bereits erw\u00e4hnten Vorteilen aller BCB-Systeme, empfehlen sich diese Ger\u00e4te nicht nur zur Erweiterung eines bestehenden Ladesystems, sondern auch als alleinige zentrale Ladestation f\u00fcr den Selbstausbau oder Kastenwagenausbau. Optimale IUoU-Ladung an 230 V und auch w\u00e4hrend der Fahrt. Parallel in das vorhandene Bordnetz einspeisen oder als alleinige Basis mit direkter Verbindung zur Startbatterie. Es k\u00f6nnen alle Batterietypen (Nass, Gel, AGM) geladen werden und zus\u00e4tzlich auch umschaltbar g\u00e4ngige LiFePO4-Batterien. Durchgehende Ladung bei &#8222;Euro 5&#8220; und &#8222;Euro 6&#8220; ist garantiert. PowerPack CLASSIC POWER und CLASSIC POWER-PLUS sind mit einem Batterie Computer MT 5000iQ ausgestattet und zus\u00e4tzlich mit einem oder zwei Solarmodulen ( MT BLACK LINE 110 Wp bzw. 160 Wp.) <\/p>\n<p>Lieferumfang:<br \/>MT BCB 40\/40\/30<br \/> MT 5000iQ<br \/>MT 340 MC<br \/>Montagematerial Solar<br \/>Kabelverbinder<br \/>St\u00fctzpunkt<\/p>\n","protected":false},"excerpt":{"rendered":"<p>Die leistungsst\u00e4rkeren PowerPack CLASSIC POWER und CLASSIC POWER-PLUS Sets sind mit einem BCB mit Ausgangsleistungen von 30 A bzw. 40 A ausgestattet. Sie eignen sich f\u00fcr Reisefahrzeuge zur schnelleren Aufladung, oder wenn etwas mehr Batteriekapazit\u00e4t vorgesehen bzw. beabsichtigt ist. Die Ladeleistung kann am Ger\u00e4t gedrosselt werden. Au\u00dfer den bereits erw\u00e4hnten Vorteilen aller BCB-Systeme, empfehlen sich [&hellip;]<\/p>\n","protected":false},"featured_media":226496,"template":"","meta":{"_acf_changed":false},"product_featured_cat":[],"product_brand":[],"product_cat":[4880],"product_tag":[],"class_list":{"0":"post-226498","1":"product","2":"type-product","3":"status-publish","4":"has-post-thumbnail","6":"product_cat-solar-sets","8":"first","9":"instock","10":"taxable","11":"shipping-taxable","12":"purchasable","13":"product-type-simple"},"acf":[],"yoast_head":"<!-- This site is optimized with the Yoast SEO plugin v27.4 - https:\/\/yoast.com\/product\/yoast-seo-wordpress\/ -->\n<title>Solaranlage BUETTNER ELEKTRONIK MT Power Pack Classic Power Plus II, 340 Wp - Bantam Camping AG<\/title>\n<meta name=\"robots\" content=\"index, follow, max-snippet:-1, max-image-preview:large, max-video-preview:-1\" \/>\n<link rel=\"canonical\" href=\"https:\/\/shop.bantam.ch\/de\/produkt\/solaranlage-buettner-elektronik-mt-power-pack-classic-power-plus-ii-340-wp\/\" \/>\n<meta property=\"og:locale\" content=\"de_DE\" \/>\n<meta property=\"og:type\" content=\"article\" \/>\n<meta property=\"og:title\" content=\"Solaranlage BUETTNER ELEKTRONIK MT Power Pack Classic Power Plus II, 340 Wp - Bantam Camping AG\" \/>\n<meta property=\"og:description\" content=\"Die leistungsst\u00e4rkeren PowerPack CLASSIC POWER und CLASSIC POWER-PLUS Sets sind mit einem BCB mit Ausgangsleistungen von 30 A bzw. 40 A ausgestattet. Sie eignen sich f\u00fcr Reisefahrzeuge zur schnelleren Aufladung, oder wenn etwas mehr Batteriekapazit\u00e4t vorgesehen bzw. beabsichtigt ist. Die Ladeleistung kann am Ger\u00e4t gedrosselt werden. Au\u00dfer den bereits erw\u00e4hnten Vorteilen aller BCB-Systeme, empfehlen sich [&hellip;]\" \/>\n<meta property=\"og:url\" content=\"https:\/\/shop.bantam.ch\/de\/produkt\/solaranlage-buettner-elektronik-mt-power-pack-classic-power-plus-ii-340-wp\/\" \/>\n<meta property=\"og:site_name\" content=\"Bantam Camping AG\" \/>\n<meta property=\"article:modified_time\" content=\"2026-04-17T21:44:13+00:00\" \/>\n<meta name=\"twitter:card\" content=\"summary_large_image\" \/>\n<meta name=\"twitter:label1\" content=\"Gesch\u00e4tzte Lesezeit\" \/>\n\t<meta name=\"twitter:data1\" content=\"1\u00a0Minute\" \/>\n<script type=\"application\/ld+json\" class=\"yoast-schema-graph\">{\"@context\":\"https:\\\/\\\/schema.org\",\"@graph\":[{\"@type\":\"WebPage\",\"@id\":\"https:\\\/\\\/shop.bantam.ch\\\/de\\\/produkt\\\/solaranlage-buettner-elektronik-mt-power-pack-classic-power-plus-ii-340-wp\\\/\",\"url\":\"https:\\\/\\\/shop.bantam.ch\\\/de\\\/produkt\\\/solaranlage-buettner-elektronik-mt-power-pack-classic-power-plus-ii-340-wp\\\/\",\"name\":\"Solaranlage BUETTNER ELEKTRONIK MT Power Pack Classic Power Plus II, 340 Wp - Bantam Camping AG\",\"isPartOf\":{\"@id\":\"https:\\\/\\\/shop.bantam.ch\\\/de\\\/#website\"},\"primaryImageOfPage\":{\"@id\":\"https:\\\/\\\/shop.bantam.ch\\\/de\\\/produkt\\\/solaranlage-buettner-elektronik-mt-power-pack-classic-power-plus-ii-340-wp\\\/#primaryimage\"},\"image\":{\"@id\":\"https:\\\/\\\/shop.bantam.ch\\\/de\\\/produkt\\\/solaranlage-buettner-elektronik-mt-power-pack-classic-power-plus-ii-340-wp\\\/#primaryimage\"},\"thumbnailUrl\":\"https:\\\/\\\/shop.bantam.ch\\\/wp-content\\\/uploads\\\/2025\\\/12\\\/Movera-L-9960618100.jpg\",\"datePublished\":\"2025-12-17T15:28:15+00:00\",\"dateModified\":\"2026-04-17T21:44:13+00:00\",\"breadcrumb\":{\"@id\":\"https:\\\/\\\/shop.bantam.ch\\\/de\\\/produkt\\\/solaranlage-buettner-elektronik-mt-power-pack-classic-power-plus-ii-340-wp\\\/#breadcrumb\"},\"inLanguage\":\"de\",\"potentialAction\":[{\"@type\":\"ReadAction\",\"target\":[\"https:\\\/\\\/shop.bantam.ch\\\/de\\\/produkt\\\/solaranlage-buettner-elektronik-mt-power-pack-classic-power-plus-ii-340-wp\\\/\"]}]},{\"@type\":\"ImageObject\",\"inLanguage\":\"de\",\"@id\":\"https:\\\/\\\/shop.bantam.ch\\\/de\\\/produkt\\\/solaranlage-buettner-elektronik-mt-power-pack-classic-power-plus-ii-340-wp\\\/#primaryimage\",\"url\":\"https:\\\/\\\/shop.bantam.ch\\\/wp-content\\\/uploads\\\/2025\\\/12\\\/Movera-L-9960618100.jpg\",\"contentUrl\":\"https:\\\/\\\/shop.bantam.ch\\\/wp-content\\\/uploads\\\/2025\\\/12\\\/Movera-L-9960618100.jpg\",\"width\":640,\"height\":537},{\"@type\":\"BreadcrumbList\",\"@id\":\"https:\\\/\\\/shop.bantam.ch\\\/de\\\/produkt\\\/solaranlage-buettner-elektronik-mt-power-pack-classic-power-plus-ii-340-wp\\\/#breadcrumb\",\"itemListElement\":[{\"@type\":\"ListItem\",\"position\":1,\"name\":\"Accueil\",\"item\":\"https:\\\/\\\/shop.bantam.ch\\\/de\\\/\"},{\"@type\":\"ListItem\",\"position\":2,\"name\":\"Shop\",\"item\":\"https:\\\/\\\/shop.bantam.ch\\\/de\\\/shop\\\/\"},{\"@type\":\"ListItem\",\"position\":3,\"name\":\"Solaranlage BUETTNER ELEKTRONIK MT Power Pack Classic Power Plus II, 340 Wp\"}]},{\"@type\":\"WebSite\",\"@id\":\"https:\\\/\\\/shop.bantam.ch\\\/de\\\/#website\",\"url\":\"https:\\\/\\\/shop.bantam.ch\\\/de\\\/\",\"name\":\"Bantam Camping AG\",\"description\":\"\",\"publisher\":{\"@id\":\"https:\\\/\\\/shop.bantam.ch\\\/de\\\/#organization\"},\"inLanguage\":\"de\"},{\"@type\":\"Organization\",\"@id\":\"https:\\\/\\\/shop.bantam.ch\\\/de\\\/#organization\",\"name\":\"Bantam Camping AG\",\"url\":\"https:\\\/\\\/shop.bantam.ch\\\/de\\\/\",\"logo\":{\"@type\":\"ImageObject\",\"inLanguage\":\"de\",\"@id\":\"https:\\\/\\\/shop.bantam.ch\\\/de\\\/#\\\/schema\\\/logo\\\/image\\\/\",\"url\":\"https:\\\/\\\/shop.bantam.ch\\\/wp-content\\\/uploads\\\/2022\\\/12\\\/bantam-logo.png\",\"contentUrl\":\"https:\\\/\\\/shop.bantam.ch\\\/wp-content\\\/uploads\\\/2022\\\/12\\\/bantam-logo.png\",\"width\":320,\"height\":71,\"caption\":\"Bantam Camping AG\"},\"image\":{\"@id\":\"https:\\\/\\\/shop.bantam.ch\\\/de\\\/#\\\/schema\\\/logo\\\/image\\\/\"}}]}<\/script>\n<!-- \/ Yoast SEO plugin. -->","yoast_head_json":{"title":"Solaranlage BUETTNER ELEKTRONIK MT Power Pack Classic Power Plus II, 340 Wp - Bantam Camping AG","robots":{"index":"index","follow":"follow","max-snippet":"max-snippet:-1","max-image-preview":"max-image-preview:large","max-video-preview":"max-video-preview:-1"},"canonical":"https:\/\/shop.bantam.ch\/de\/produkt\/solaranlage-buettner-elektronik-mt-power-pack-classic-power-plus-ii-340-wp\/","og_locale":"de_DE","og_type":"article","og_title":"Solaranlage BUETTNER ELEKTRONIK MT Power Pack Classic Power Plus II, 340 Wp - Bantam Camping AG","og_description":"Die leistungsst\u00e4rkeren PowerPack CLASSIC POWER und CLASSIC POWER-PLUS Sets sind mit einem BCB mit Ausgangsleistungen von 30 A bzw. 40 A ausgestattet. Sie eignen sich f\u00fcr Reisefahrzeuge zur schnelleren Aufladung, oder wenn etwas mehr Batteriekapazit\u00e4t vorgesehen bzw. beabsichtigt ist. Die Ladeleistung kann am Ger\u00e4t gedrosselt werden. Au\u00dfer den bereits erw\u00e4hnten Vorteilen aller BCB-Systeme, empfehlen sich [&hellip;]","og_url":"https:\/\/shop.bantam.ch\/de\/produkt\/solaranlage-buettner-elektronik-mt-power-pack-classic-power-plus-ii-340-wp\/","og_site_name":"Bantam Camping AG","article_modified_time":"2026-04-17T21:44:13+00:00","twitter_card":"summary_large_image","twitter_misc":{"Gesch\u00e4tzte Lesezeit":"1\u00a0Minute"},"schema":{"@context":"https:\/\/schema.org","@graph":[{"@type":"WebPage","@id":"https:\/\/shop.bantam.ch\/de\/produkt\/solaranlage-buettner-elektronik-mt-power-pack-classic-power-plus-ii-340-wp\/","url":"https:\/\/shop.bantam.ch\/de\/produkt\/solaranlage-buettner-elektronik-mt-power-pack-classic-power-plus-ii-340-wp\/","name":"Solaranlage BUETTNER ELEKTRONIK MT Power Pack Classic Power Plus II, 340 Wp - Bantam Camping AG","isPartOf":{"@id":"https:\/\/shop.bantam.ch\/de\/#website"},"primaryImageOfPage":{"@id":"https:\/\/shop.bantam.ch\/de\/produkt\/solaranlage-buettner-elektronik-mt-power-pack-classic-power-plus-ii-340-wp\/#primaryimage"},"image":{"@id":"https:\/\/shop.bantam.ch\/de\/produkt\/solaranlage-buettner-elektronik-mt-power-pack-classic-power-plus-ii-340-wp\/#primaryimage"},"thumbnailUrl":"https:\/\/shop.bantam.ch\/wp-content\/uploads\/2025\/12\/Movera-L-9960618100.jpg","datePublished":"2025-12-17T15:28:15+00:00","dateModified":"2026-04-17T21:44:13+00:00","breadcrumb":{"@id":"https:\/\/shop.bantam.ch\/de\/produkt\/solaranlage-buettner-elektronik-mt-power-pack-classic-power-plus-ii-340-wp\/#breadcrumb"},"inLanguage":"de","potentialAction":[{"@type":"ReadAction","target":["https:\/\/shop.bantam.ch\/de\/produkt\/solaranlage-buettner-elektronik-mt-power-pack-classic-power-plus-ii-340-wp\/"]}]},{"@type":"ImageObject","inLanguage":"de","@id":"https:\/\/shop.bantam.ch\/de\/produkt\/solaranlage-buettner-elektronik-mt-power-pack-classic-power-plus-ii-340-wp\/#primaryimage","url":"https:\/\/shop.bantam.ch\/wp-content\/uploads\/2025\/12\/Movera-L-9960618100.jpg","contentUrl":"https:\/\/shop.bantam.ch\/wp-content\/uploads\/2025\/12\/Movera-L-9960618100.jpg","width":640,"height":537},{"@type":"BreadcrumbList","@id":"https:\/\/shop.bantam.ch\/de\/produkt\/solaranlage-buettner-elektronik-mt-power-pack-classic-power-plus-ii-340-wp\/#breadcrumb","itemListElement":[{"@type":"ListItem","position":1,"name":"Accueil","item":"https:\/\/shop.bantam.ch\/de\/"},{"@type":"ListItem","position":2,"name":"Shop","item":"https:\/\/shop.bantam.ch\/de\/shop\/"},{"@type":"ListItem","position":3,"name":"Solaranlage BUETTNER ELEKTRONIK MT Power Pack Classic Power Plus II, 340 Wp"}]},{"@type":"WebSite","@id":"https:\/\/shop.bantam.ch\/de\/#website","url":"https:\/\/shop.bantam.ch\/de\/","name":"Bantam Camping AG","description":"","publisher":{"@id":"https:\/\/shop.bantam.ch\/de\/#organization"},"inLanguage":"de"},{"@type":"Organization","@id":"https:\/\/shop.bantam.ch\/de\/#organization","name":"Bantam Camping AG","url":"https:\/\/shop.bantam.ch\/de\/","logo":{"@type":"ImageObject","inLanguage":"de","@id":"https:\/\/shop.bantam.ch\/de\/#\/schema\/logo\/image\/","url":"https:\/\/shop.bantam.ch\/wp-content\/uploads\/2022\/12\/bantam-logo.png","contentUrl":"https:\/\/shop.bantam.ch\/wp-content\/uploads\/2022\/12\/bantam-logo.png","width":320,"height":71,"caption":"Bantam Camping AG"},"image":{"@id":"https:\/\/shop.bantam.ch\/de\/#\/schema\/logo\/image\/"}}]}},"_links":{"self":[{"href":"https:\/\/shop.bantam.ch\/de\/wp-json\/wp\/v2\/product\/226498","targetHints":{"allow":["GET"]}}],"collection":[{"href":"https:\/\/shop.bantam.ch\/de\/wp-json\/wp\/v2\/product"}],"about":[{"href":"https:\/\/shop.bantam.ch\/de\/wp-json\/wp\/v2\/types\/product"}],"wp:featuredmedia":[{"embeddable":true,"href":"https:\/\/shop.bantam.ch\/de\/wp-json\/wp\/v2\/media\/226496"}],"wp:attachment":[{"href":"https:\/\/shop.bantam.ch\/de\/wp-json\/wp\/v2\/media?parent=226498"}],"wp:term":[{"taxonomy":"product_featured_cat","embeddable":true,"href":"https:\/\/shop.bantam.ch\/de\/wp-json\/wp\/v2\/product_featured_cat?post=226498"},{"taxonomy":"product_brand","embeddable":true,"href":"https:\/\/shop.bantam.ch\/de\/wp-json\/wp\/v2\/product_brand?post=226498"},{"taxonomy":"product_cat","embeddable":true,"href":"https:\/\/shop.bantam.ch\/de\/wp-json\/wp\/v2\/product_cat?post=226498"},{"taxonomy":"product_tag","embeddable":true,"href":"https:\/\/shop.bantam.ch\/de\/wp-json\/wp\/v2\/product_tag?post=226498"}],"curies":[{"name":"wp","href":"https:\/\/api.w.org\/{rel}","templated":true}]}}