{"id":226480,"date":"2025-12-17T16:27:36","date_gmt":"2025-12-17T15:27:36","guid":{"rendered":"https:\/\/shop.bantam.ch\/produit\/rueckfahr-radarsystem-camos-cr-6010-fb-schwarz\/"},"modified":"2026-04-17T23:44:12","modified_gmt":"2026-04-17T21:44:12","slug":"rueckfahr-radarsystem-camos-cr-6010-fb-schwarz","status":"publish","type":"product","link":"https:\/\/shop.bantam.ch\/de\/produkt\/rueckfahr-radarsystem-camos-cr-6010-fb-schwarz\/","title":{"rendered":"R\u00fcckfahr-Radarsystem CAMOS CR-6010, Fb. schwarz"},"content":{"rendered":"<p>Das radargest\u00fctzte Einparksystem zeichnet sich durch die einfache Montage und den erweiterten Detektionsbereich aus. Das System eignet sich besonders f\u00fcr Fahrzeuge mit Fahrradtr\u00e4ger oder Sonderanbauten, da es die ge\u00e4nderte Fahrzeugl\u00e4nge mit ber\u00fccksichtigt. \u00dcbertragung Kabel gebunden.<\/p>\n","protected":false},"excerpt":{"rendered":"<p>Das radargest\u00fctzte Einparksystem zeichnet sich durch die einfache Montage und den erweiterten Detektionsbereich aus. Das System eignet sich besonders f\u00fcr Fahrzeuge mit Fahrradtr\u00e4ger oder Sonderanbauten, da es die ge\u00e4nderte Fahrzeugl\u00e4nge mit ber\u00fccksichtigt. \u00dcbertragung Kabel gebunden.<\/p>\n","protected":false},"featured_media":226476,"template":"","meta":{"_acf_changed":false},"product_featured_cat":[],"product_brand":[],"product_cat":[5154],"product_tag":[],"class_list":{"0":"post-226480","1":"product","2":"type-product","3":"status-publish","4":"has-post-thumbnail","6":"product_cat-rueckfahrvideosystem-sets","8":"first","9":"instock","10":"taxable","11":"shipping-taxable","12":"purchasable","13":"product-type-simple"},"acf":[],"yoast_head":"<!-- This site is optimized with the Yoast SEO plugin v27.4 - https:\/\/yoast.com\/product\/yoast-seo-wordpress\/ -->\n<title>R\u00fcckfahr-Radarsystem CAMOS CR-6010, Fb. schwarz - Bantam Camping AG<\/title>\n<meta name=\"robots\" content=\"index, follow, max-snippet:-1, max-image-preview:large, max-video-preview:-1\" \/>\n<link rel=\"canonical\" href=\"https:\/\/shop.bantam.ch\/de\/produkt\/rueckfahr-radarsystem-camos-cr-6010-fb-schwarz\/\" \/>\n<meta property=\"og:locale\" content=\"de_DE\" \/>\n<meta property=\"og:type\" content=\"article\" \/>\n<meta property=\"og:title\" content=\"R\u00fcckfahr-Radarsystem CAMOS CR-6010, Fb. schwarz - Bantam Camping AG\" \/>\n<meta property=\"og:description\" content=\"Das radargest\u00fctzte Einparksystem zeichnet sich durch die einfache Montage und den erweiterten Detektionsbereich aus. Das System eignet sich besonders f\u00fcr Fahrzeuge mit Fahrradtr\u00e4ger oder Sonderanbauten, da es die ge\u00e4nderte Fahrzeugl\u00e4nge mit ber\u00fccksichtigt. \u00dcbertragung Kabel gebunden.\" \/>\n<meta property=\"og:url\" content=\"https:\/\/shop.bantam.ch\/de\/produkt\/rueckfahr-radarsystem-camos-cr-6010-fb-schwarz\/\" \/>\n<meta property=\"og:site_name\" content=\"Bantam Camping AG\" \/>\n<meta property=\"article:modified_time\" content=\"2026-04-17T21:44:12+00:00\" \/>\n<meta name=\"twitter:card\" content=\"summary_large_image\" \/>\n<script type=\"application\/ld+json\" class=\"yoast-schema-graph\">{\"@context\":\"https:\\\/\\\/schema.org\",\"@graph\":[{\"@type\":\"WebPage\",\"@id\":\"https:\\\/\\\/shop.bantam.ch\\\/de\\\/produkt\\\/rueckfahr-radarsystem-camos-cr-6010-fb-schwarz\\\/\",\"url\":\"https:\\\/\\\/shop.bantam.ch\\\/de\\\/produkt\\\/rueckfahr-radarsystem-camos-cr-6010-fb-schwarz\\\/\",\"name\":\"R\u00fcckfahr-Radarsystem CAMOS CR-6010, Fb. schwarz - Bantam Camping AG\",\"isPartOf\":{\"@id\":\"https:\\\/\\\/shop.bantam.ch\\\/de\\\/#website\"},\"primaryImageOfPage\":{\"@id\":\"https:\\\/\\\/shop.bantam.ch\\\/de\\\/produkt\\\/rueckfahr-radarsystem-camos-cr-6010-fb-schwarz\\\/#primaryimage\"},\"image\":{\"@id\":\"https:\\\/\\\/shop.bantam.ch\\\/de\\\/produkt\\\/rueckfahr-radarsystem-camos-cr-6010-fb-schwarz\\\/#primaryimage\"},\"thumbnailUrl\":\"https:\\\/\\\/shop.bantam.ch\\\/wp-content\\\/uploads\\\/2025\\\/12\\\/Movera-L-9957664100.jpg\",\"datePublished\":\"2025-12-17T15:27:36+00:00\",\"dateModified\":\"2026-04-17T21:44:12+00:00\",\"breadcrumb\":{\"@id\":\"https:\\\/\\\/shop.bantam.ch\\\/de\\\/produkt\\\/rueckfahr-radarsystem-camos-cr-6010-fb-schwarz\\\/#breadcrumb\"},\"inLanguage\":\"de\",\"potentialAction\":[{\"@type\":\"ReadAction\",\"target\":[\"https:\\\/\\\/shop.bantam.ch\\\/de\\\/produkt\\\/rueckfahr-radarsystem-camos-cr-6010-fb-schwarz\\\/\"]}]},{\"@type\":\"ImageObject\",\"inLanguage\":\"de\",\"@id\":\"https:\\\/\\\/shop.bantam.ch\\\/de\\\/produkt\\\/rueckfahr-radarsystem-camos-cr-6010-fb-schwarz\\\/#primaryimage\",\"url\":\"https:\\\/\\\/shop.bantam.ch\\\/wp-content\\\/uploads\\\/2025\\\/12\\\/Movera-L-9957664100.jpg\",\"contentUrl\":\"https:\\\/\\\/shop.bantam.ch\\\/wp-content\\\/uploads\\\/2025\\\/12\\\/Movera-L-9957664100.jpg\",\"width\":640,\"height\":435},{\"@type\":\"BreadcrumbList\",\"@id\":\"https:\\\/\\\/shop.bantam.ch\\\/de\\\/produkt\\\/rueckfahr-radarsystem-camos-cr-6010-fb-schwarz\\\/#breadcrumb\",\"itemListElement\":[{\"@type\":\"ListItem\",\"position\":1,\"name\":\"Accueil\",\"item\":\"https:\\\/\\\/shop.bantam.ch\\\/de\\\/\"},{\"@type\":\"ListItem\",\"position\":2,\"name\":\"Shop\",\"item\":\"https:\\\/\\\/shop.bantam.ch\\\/de\\\/shop\\\/\"},{\"@type\":\"ListItem\",\"position\":3,\"name\":\"R\u00fcckfahr-Radarsystem CAMOS CR-6010, Fb. schwarz\"}]},{\"@type\":\"WebSite\",\"@id\":\"https:\\\/\\\/shop.bantam.ch\\\/de\\\/#website\",\"url\":\"https:\\\/\\\/shop.bantam.ch\\\/de\\\/\",\"name\":\"Bantam Camping AG\",\"description\":\"\",\"publisher\":{\"@id\":\"https:\\\/\\\/shop.bantam.ch\\\/de\\\/#organization\"},\"inLanguage\":\"de\"},{\"@type\":\"Organization\",\"@id\":\"https:\\\/\\\/shop.bantam.ch\\\/de\\\/#organization\",\"name\":\"Bantam Camping AG\",\"url\":\"https:\\\/\\\/shop.bantam.ch\\\/de\\\/\",\"logo\":{\"@type\":\"ImageObject\",\"inLanguage\":\"de\",\"@id\":\"https:\\\/\\\/shop.bantam.ch\\\/de\\\/#\\\/schema\\\/logo\\\/image\\\/\",\"url\":\"https:\\\/\\\/shop.bantam.ch\\\/wp-content\\\/uploads\\\/2022\\\/12\\\/bantam-logo.png\",\"contentUrl\":\"https:\\\/\\\/shop.bantam.ch\\\/wp-content\\\/uploads\\\/2022\\\/12\\\/bantam-logo.png\",\"width\":320,\"height\":71,\"caption\":\"Bantam Camping AG\"},\"image\":{\"@id\":\"https:\\\/\\\/shop.bantam.ch\\\/de\\\/#\\\/schema\\\/logo\\\/image\\\/\"}}]}<\/script>\n<!-- \/ Yoast SEO plugin. -->","yoast_head_json":{"title":"R\u00fcckfahr-Radarsystem CAMOS CR-6010, Fb. schwarz - Bantam Camping AG","robots":{"index":"index","follow":"follow","max-snippet":"max-snippet:-1","max-image-preview":"max-image-preview:large","max-video-preview":"max-video-preview:-1"},"canonical":"https:\/\/shop.bantam.ch\/de\/produkt\/rueckfahr-radarsystem-camos-cr-6010-fb-schwarz\/","og_locale":"de_DE","og_type":"article","og_title":"R\u00fcckfahr-Radarsystem CAMOS CR-6010, Fb. schwarz - Bantam Camping AG","og_description":"Das radargest\u00fctzte Einparksystem zeichnet sich durch die einfache Montage und den erweiterten Detektionsbereich aus. Das System eignet sich besonders f\u00fcr Fahrzeuge mit Fahrradtr\u00e4ger oder Sonderanbauten, da es die ge\u00e4nderte Fahrzeugl\u00e4nge mit ber\u00fccksichtigt. \u00dcbertragung Kabel gebunden.","og_url":"https:\/\/shop.bantam.ch\/de\/produkt\/rueckfahr-radarsystem-camos-cr-6010-fb-schwarz\/","og_site_name":"Bantam Camping AG","article_modified_time":"2026-04-17T21:44:12+00:00","twitter_card":"summary_large_image","schema":{"@context":"https:\/\/schema.org","@graph":[{"@type":"WebPage","@id":"https:\/\/shop.bantam.ch\/de\/produkt\/rueckfahr-radarsystem-camos-cr-6010-fb-schwarz\/","url":"https:\/\/shop.bantam.ch\/de\/produkt\/rueckfahr-radarsystem-camos-cr-6010-fb-schwarz\/","name":"R\u00fcckfahr-Radarsystem CAMOS CR-6010, Fb. schwarz - Bantam Camping AG","isPartOf":{"@id":"https:\/\/shop.bantam.ch\/de\/#website"},"primaryImageOfPage":{"@id":"https:\/\/shop.bantam.ch\/de\/produkt\/rueckfahr-radarsystem-camos-cr-6010-fb-schwarz\/#primaryimage"},"image":{"@id":"https:\/\/shop.bantam.ch\/de\/produkt\/rueckfahr-radarsystem-camos-cr-6010-fb-schwarz\/#primaryimage"},"thumbnailUrl":"https:\/\/shop.bantam.ch\/wp-content\/uploads\/2025\/12\/Movera-L-9957664100.jpg","datePublished":"2025-12-17T15:27:36+00:00","dateModified":"2026-04-17T21:44:12+00:00","breadcrumb":{"@id":"https:\/\/shop.bantam.ch\/de\/produkt\/rueckfahr-radarsystem-camos-cr-6010-fb-schwarz\/#breadcrumb"},"inLanguage":"de","potentialAction":[{"@type":"ReadAction","target":["https:\/\/shop.bantam.ch\/de\/produkt\/rueckfahr-radarsystem-camos-cr-6010-fb-schwarz\/"]}]},{"@type":"ImageObject","inLanguage":"de","@id":"https:\/\/shop.bantam.ch\/de\/produkt\/rueckfahr-radarsystem-camos-cr-6010-fb-schwarz\/#primaryimage","url":"https:\/\/shop.bantam.ch\/wp-content\/uploads\/2025\/12\/Movera-L-9957664100.jpg","contentUrl":"https:\/\/shop.bantam.ch\/wp-content\/uploads\/2025\/12\/Movera-L-9957664100.jpg","width":640,"height":435},{"@type":"BreadcrumbList","@id":"https:\/\/shop.bantam.ch\/de\/produkt\/rueckfahr-radarsystem-camos-cr-6010-fb-schwarz\/#breadcrumb","itemListElement":[{"@type":"ListItem","position":1,"name":"Accueil","item":"https:\/\/shop.bantam.ch\/de\/"},{"@type":"ListItem","position":2,"name":"Shop","item":"https:\/\/shop.bantam.ch\/de\/shop\/"},{"@type":"ListItem","position":3,"name":"R\u00fcckfahr-Radarsystem CAMOS CR-6010, Fb. schwarz"}]},{"@type":"WebSite","@id":"https:\/\/shop.bantam.ch\/de\/#website","url":"https:\/\/shop.bantam.ch\/de\/","name":"Bantam Camping AG","description":"","publisher":{"@id":"https:\/\/shop.bantam.ch\/de\/#organization"},"inLanguage":"de"},{"@type":"Organization","@id":"https:\/\/shop.bantam.ch\/de\/#organization","name":"Bantam Camping AG","url":"https:\/\/shop.bantam.ch\/de\/","logo":{"@type":"ImageObject","inLanguage":"de","@id":"https:\/\/shop.bantam.ch\/de\/#\/schema\/logo\/image\/","url":"https:\/\/shop.bantam.ch\/wp-content\/uploads\/2022\/12\/bantam-logo.png","contentUrl":"https:\/\/shop.bantam.ch\/wp-content\/uploads\/2022\/12\/bantam-logo.png","width":320,"height":71,"caption":"Bantam Camping AG"},"image":{"@id":"https:\/\/shop.bantam.ch\/de\/#\/schema\/logo\/image\/"}}]}},"_links":{"self":[{"href":"https:\/\/shop.bantam.ch\/de\/wp-json\/wp\/v2\/product\/226480","targetHints":{"allow":["GET"]}}],"collection":[{"href":"https:\/\/shop.bantam.ch\/de\/wp-json\/wp\/v2\/product"}],"about":[{"href":"https:\/\/shop.bantam.ch\/de\/wp-json\/wp\/v2\/types\/product"}],"wp:featuredmedia":[{"embeddable":true,"href":"https:\/\/shop.bantam.ch\/de\/wp-json\/wp\/v2\/media\/226476"}],"wp:attachment":[{"href":"https:\/\/shop.bantam.ch\/de\/wp-json\/wp\/v2\/media?parent=226480"}],"wp:term":[{"taxonomy":"product_featured_cat","embeddable":true,"href":"https:\/\/shop.bantam.ch\/de\/wp-json\/wp\/v2\/product_featured_cat?post=226480"},{"taxonomy":"product_brand","embeddable":true,"href":"https:\/\/shop.bantam.ch\/de\/wp-json\/wp\/v2\/product_brand?post=226480"},{"taxonomy":"product_cat","embeddable":true,"href":"https:\/\/shop.bantam.ch\/de\/wp-json\/wp\/v2\/product_cat?post=226480"},{"taxonomy":"product_tag","embeddable":true,"href":"https:\/\/shop.bantam.ch\/de\/wp-json\/wp\/v2\/product_tag?post=226480"}],"curies":[{"name":"wp","href":"https:\/\/api.w.org\/{rel}","templated":true}]}}