{"id":226454,"date":"2025-12-17T16:26:44","date_gmt":"2025-12-17T15:26:44","guid":{"rendered":"https:\/\/shop.bantam.ch\/produit\/campingtasche-outdoorchef-fuer-grill-chelsea-420-g\/"},"modified":"2026-04-17T23:44:05","modified_gmt":"2026-04-17T21:44:05","slug":"campingtasche-outdoorchef-fuer-grill-chelsea-420-g","status":"publish","type":"product","link":"https:\/\/shop.bantam.ch\/de\/produkt\/campingtasche-outdoorchef-fuer-grill-chelsea-420-g\/","title":{"rendered":"Campingtasche Outdoorchef f\u00fcr Grill Chelsea 420 G"},"content":{"rendered":"<p>L\u00e4sst Camper Herzen h\u00f6her schlagen.<br \/>Der CAMPING BAG wurde speziell f\u00fcr Camper mit gehobenen Grillanspr\u00fcchen entwickelt und ist die perfekte Erg\u00e4nzung zum OUTDOORCHEF Grill Chelsea 420 G.<br \/>Im CAMPING BAG l\u00e4sst sich der Chelsea 420 G sehr platzsparend verstauen, damit dieser in jedem Wohnmobil Platz findet und jederzeit einsatzbereit ist. Denn der Chelsea 420 G ist aufgrund seinem Teleskop Steck-System in nur 3 Minuten aufgebaut und zerlegt.<br \/>Der CAMPING BAG besteht aus einem formstabilen, abwaschbaren Material und verf\u00fcgt \u00fcber integrierte Seitenteile, in welchen die Teleskop-Stangen einfach versorgt werden, zudem verf\u00fcgt der Camping Bag im Innern \u00fcber eine kleine Tasche mit Reissverschluss, wo sich Kleinteile versorgen lassen.<br \/>Der CAMPING BAG l\u00e4sst sich bequem mit einem Schultergurt oder den vorhandenen Grill-Laschen transportieren. Wird der Grill mit dem Deckelgriff verstaut, kann man den Camping Bag auch direkt am Deckelgriff des Grills fassen und transportieren.<br \/>Noch nie hat das Grillen beim Camping mehr Spass gemacht!<\/p>\n","protected":false},"excerpt":{"rendered":"<p>L\u00e4sst Camper Herzen h\u00f6her schlagen.Der CAMPING BAG wurde speziell f\u00fcr Camper mit gehobenen Grillanspr\u00fcchen entwickelt und ist die perfekte Erg\u00e4nzung zum OUTDOORCHEF Grill Chelsea 420 G.Im CAMPING BAG l\u00e4sst sich der Chelsea 420 G sehr platzsparend verstauen, damit dieser in jedem Wohnmobil Platz findet und jederzeit einsatzbereit ist. Denn der Chelsea 420 G ist aufgrund [&hellip;]<\/p>\n","protected":false},"featured_media":226444,"template":"","meta":{"_acf_changed":false},"product_featured_cat":[],"product_brand":[],"product_cat":[4340],"product_tag":[],"class_list":{"0":"post-226454","1":"product","2":"type-product","3":"status-publish","4":"has-post-thumbnail","6":"product_cat-grillzubehoer","8":"first","9":"instock","10":"taxable","11":"shipping-taxable","12":"purchasable","13":"product-type-simple"},"acf":[],"yoast_head":"<!-- This site is optimized with the Yoast SEO plugin v27.4 - https:\/\/yoast.com\/product\/yoast-seo-wordpress\/ -->\n<title>Campingtasche Outdoorchef f\u00fcr Grill Chelsea 420 G - Bantam Camping AG<\/title>\n<meta name=\"robots\" content=\"index, follow, max-snippet:-1, max-image-preview:large, max-video-preview:-1\" \/>\n<link rel=\"canonical\" href=\"https:\/\/shop.bantam.ch\/de\/produkt\/campingtasche-outdoorchef-fuer-grill-chelsea-420-g\/\" \/>\n<meta property=\"og:locale\" content=\"de_DE\" \/>\n<meta property=\"og:type\" content=\"article\" \/>\n<meta property=\"og:title\" content=\"Campingtasche Outdoorchef f\u00fcr Grill Chelsea 420 G - Bantam Camping AG\" \/>\n<meta property=\"og:description\" content=\"L\u00e4sst Camper Herzen h\u00f6her schlagen.Der CAMPING BAG wurde speziell f\u00fcr Camper mit gehobenen Grillanspr\u00fcchen entwickelt und ist die perfekte Erg\u00e4nzung zum OUTDOORCHEF Grill Chelsea 420 G.Im CAMPING BAG l\u00e4sst sich der Chelsea 420 G sehr platzsparend verstauen, damit dieser in jedem Wohnmobil Platz findet und jederzeit einsatzbereit ist. Denn der Chelsea 420 G ist aufgrund [&hellip;]\" \/>\n<meta property=\"og:url\" content=\"https:\/\/shop.bantam.ch\/de\/produkt\/campingtasche-outdoorchef-fuer-grill-chelsea-420-g\/\" \/>\n<meta property=\"og:site_name\" content=\"Bantam Camping AG\" \/>\n<meta property=\"article:modified_time\" content=\"2026-04-17T21:44:05+00:00\" \/>\n<meta name=\"twitter:card\" content=\"summary_large_image\" \/>\n<meta name=\"twitter:label1\" content=\"Gesch\u00e4tzte Lesezeit\" \/>\n\t<meta name=\"twitter:data1\" content=\"1\u00a0Minute\" \/>\n<script type=\"application\/ld+json\" class=\"yoast-schema-graph\">{\"@context\":\"https:\\\/\\\/schema.org\",\"@graph\":[{\"@type\":\"WebPage\",\"@id\":\"https:\\\/\\\/shop.bantam.ch\\\/de\\\/produkt\\\/campingtasche-outdoorchef-fuer-grill-chelsea-420-g\\\/\",\"url\":\"https:\\\/\\\/shop.bantam.ch\\\/de\\\/produkt\\\/campingtasche-outdoorchef-fuer-grill-chelsea-420-g\\\/\",\"name\":\"Campingtasche Outdoorchef f\u00fcr Grill Chelsea 420 G - Bantam Camping AG\",\"isPartOf\":{\"@id\":\"https:\\\/\\\/shop.bantam.ch\\\/de\\\/#website\"},\"primaryImageOfPage\":{\"@id\":\"https:\\\/\\\/shop.bantam.ch\\\/de\\\/produkt\\\/campingtasche-outdoorchef-fuer-grill-chelsea-420-g\\\/#primaryimage\"},\"image\":{\"@id\":\"https:\\\/\\\/shop.bantam.ch\\\/de\\\/produkt\\\/campingtasche-outdoorchef-fuer-grill-chelsea-420-g\\\/#primaryimage\"},\"thumbnailUrl\":\"https:\\\/\\\/shop.bantam.ch\\\/wp-content\\\/uploads\\\/2025\\\/12\\\/Movera-L-9955626100.jpg\",\"datePublished\":\"2025-12-17T15:26:44+00:00\",\"dateModified\":\"2026-04-17T21:44:05+00:00\",\"breadcrumb\":{\"@id\":\"https:\\\/\\\/shop.bantam.ch\\\/de\\\/produkt\\\/campingtasche-outdoorchef-fuer-grill-chelsea-420-g\\\/#breadcrumb\"},\"inLanguage\":\"de\",\"potentialAction\":[{\"@type\":\"ReadAction\",\"target\":[\"https:\\\/\\\/shop.bantam.ch\\\/de\\\/produkt\\\/campingtasche-outdoorchef-fuer-grill-chelsea-420-g\\\/\"]}]},{\"@type\":\"ImageObject\",\"inLanguage\":\"de\",\"@id\":\"https:\\\/\\\/shop.bantam.ch\\\/de\\\/produkt\\\/campingtasche-outdoorchef-fuer-grill-chelsea-420-g\\\/#primaryimage\",\"url\":\"https:\\\/\\\/shop.bantam.ch\\\/wp-content\\\/uploads\\\/2025\\\/12\\\/Movera-L-9955626100.jpg\",\"contentUrl\":\"https:\\\/\\\/shop.bantam.ch\\\/wp-content\\\/uploads\\\/2025\\\/12\\\/Movera-L-9955626100.jpg\",\"width\":640,\"height\":427},{\"@type\":\"BreadcrumbList\",\"@id\":\"https:\\\/\\\/shop.bantam.ch\\\/de\\\/produkt\\\/campingtasche-outdoorchef-fuer-grill-chelsea-420-g\\\/#breadcrumb\",\"itemListElement\":[{\"@type\":\"ListItem\",\"position\":1,\"name\":\"Accueil\",\"item\":\"https:\\\/\\\/shop.bantam.ch\\\/de\\\/\"},{\"@type\":\"ListItem\",\"position\":2,\"name\":\"Shop\",\"item\":\"https:\\\/\\\/shop.bantam.ch\\\/de\\\/shop\\\/\"},{\"@type\":\"ListItem\",\"position\":3,\"name\":\"Campingtasche Outdoorchef f\u00fcr Grill Chelsea 420 G\"}]},{\"@type\":\"WebSite\",\"@id\":\"https:\\\/\\\/shop.bantam.ch\\\/de\\\/#website\",\"url\":\"https:\\\/\\\/shop.bantam.ch\\\/de\\\/\",\"name\":\"Bantam Camping AG\",\"description\":\"\",\"publisher\":{\"@id\":\"https:\\\/\\\/shop.bantam.ch\\\/de\\\/#organization\"},\"inLanguage\":\"de\"},{\"@type\":\"Organization\",\"@id\":\"https:\\\/\\\/shop.bantam.ch\\\/de\\\/#organization\",\"name\":\"Bantam Camping AG\",\"url\":\"https:\\\/\\\/shop.bantam.ch\\\/de\\\/\",\"logo\":{\"@type\":\"ImageObject\",\"inLanguage\":\"de\",\"@id\":\"https:\\\/\\\/shop.bantam.ch\\\/de\\\/#\\\/schema\\\/logo\\\/image\\\/\",\"url\":\"https:\\\/\\\/shop.bantam.ch\\\/wp-content\\\/uploads\\\/2022\\\/12\\\/bantam-logo.png\",\"contentUrl\":\"https:\\\/\\\/shop.bantam.ch\\\/wp-content\\\/uploads\\\/2022\\\/12\\\/bantam-logo.png\",\"width\":320,\"height\":71,\"caption\":\"Bantam Camping AG\"},\"image\":{\"@id\":\"https:\\\/\\\/shop.bantam.ch\\\/de\\\/#\\\/schema\\\/logo\\\/image\\\/\"}}]}<\/script>\n<!-- \/ Yoast SEO plugin. -->","yoast_head_json":{"title":"Campingtasche Outdoorchef f\u00fcr Grill Chelsea 420 G - Bantam Camping AG","robots":{"index":"index","follow":"follow","max-snippet":"max-snippet:-1","max-image-preview":"max-image-preview:large","max-video-preview":"max-video-preview:-1"},"canonical":"https:\/\/shop.bantam.ch\/de\/produkt\/campingtasche-outdoorchef-fuer-grill-chelsea-420-g\/","og_locale":"de_DE","og_type":"article","og_title":"Campingtasche Outdoorchef f\u00fcr Grill Chelsea 420 G - Bantam Camping AG","og_description":"L\u00e4sst Camper Herzen h\u00f6her schlagen.Der CAMPING BAG wurde speziell f\u00fcr Camper mit gehobenen Grillanspr\u00fcchen entwickelt und ist die perfekte Erg\u00e4nzung zum OUTDOORCHEF Grill Chelsea 420 G.Im CAMPING BAG l\u00e4sst sich der Chelsea 420 G sehr platzsparend verstauen, damit dieser in jedem Wohnmobil Platz findet und jederzeit einsatzbereit ist. Denn der Chelsea 420 G ist aufgrund [&hellip;]","og_url":"https:\/\/shop.bantam.ch\/de\/produkt\/campingtasche-outdoorchef-fuer-grill-chelsea-420-g\/","og_site_name":"Bantam Camping AG","article_modified_time":"2026-04-17T21:44:05+00:00","twitter_card":"summary_large_image","twitter_misc":{"Gesch\u00e4tzte Lesezeit":"1\u00a0Minute"},"schema":{"@context":"https:\/\/schema.org","@graph":[{"@type":"WebPage","@id":"https:\/\/shop.bantam.ch\/de\/produkt\/campingtasche-outdoorchef-fuer-grill-chelsea-420-g\/","url":"https:\/\/shop.bantam.ch\/de\/produkt\/campingtasche-outdoorchef-fuer-grill-chelsea-420-g\/","name":"Campingtasche Outdoorchef f\u00fcr Grill Chelsea 420 G - Bantam Camping AG","isPartOf":{"@id":"https:\/\/shop.bantam.ch\/de\/#website"},"primaryImageOfPage":{"@id":"https:\/\/shop.bantam.ch\/de\/produkt\/campingtasche-outdoorchef-fuer-grill-chelsea-420-g\/#primaryimage"},"image":{"@id":"https:\/\/shop.bantam.ch\/de\/produkt\/campingtasche-outdoorchef-fuer-grill-chelsea-420-g\/#primaryimage"},"thumbnailUrl":"https:\/\/shop.bantam.ch\/wp-content\/uploads\/2025\/12\/Movera-L-9955626100.jpg","datePublished":"2025-12-17T15:26:44+00:00","dateModified":"2026-04-17T21:44:05+00:00","breadcrumb":{"@id":"https:\/\/shop.bantam.ch\/de\/produkt\/campingtasche-outdoorchef-fuer-grill-chelsea-420-g\/#breadcrumb"},"inLanguage":"de","potentialAction":[{"@type":"ReadAction","target":["https:\/\/shop.bantam.ch\/de\/produkt\/campingtasche-outdoorchef-fuer-grill-chelsea-420-g\/"]}]},{"@type":"ImageObject","inLanguage":"de","@id":"https:\/\/shop.bantam.ch\/de\/produkt\/campingtasche-outdoorchef-fuer-grill-chelsea-420-g\/#primaryimage","url":"https:\/\/shop.bantam.ch\/wp-content\/uploads\/2025\/12\/Movera-L-9955626100.jpg","contentUrl":"https:\/\/shop.bantam.ch\/wp-content\/uploads\/2025\/12\/Movera-L-9955626100.jpg","width":640,"height":427},{"@type":"BreadcrumbList","@id":"https:\/\/shop.bantam.ch\/de\/produkt\/campingtasche-outdoorchef-fuer-grill-chelsea-420-g\/#breadcrumb","itemListElement":[{"@type":"ListItem","position":1,"name":"Accueil","item":"https:\/\/shop.bantam.ch\/de\/"},{"@type":"ListItem","position":2,"name":"Shop","item":"https:\/\/shop.bantam.ch\/de\/shop\/"},{"@type":"ListItem","position":3,"name":"Campingtasche Outdoorchef f\u00fcr Grill Chelsea 420 G"}]},{"@type":"WebSite","@id":"https:\/\/shop.bantam.ch\/de\/#website","url":"https:\/\/shop.bantam.ch\/de\/","name":"Bantam Camping AG","description":"","publisher":{"@id":"https:\/\/shop.bantam.ch\/de\/#organization"},"inLanguage":"de"},{"@type":"Organization","@id":"https:\/\/shop.bantam.ch\/de\/#organization","name":"Bantam Camping AG","url":"https:\/\/shop.bantam.ch\/de\/","logo":{"@type":"ImageObject","inLanguage":"de","@id":"https:\/\/shop.bantam.ch\/de\/#\/schema\/logo\/image\/","url":"https:\/\/shop.bantam.ch\/wp-content\/uploads\/2022\/12\/bantam-logo.png","contentUrl":"https:\/\/shop.bantam.ch\/wp-content\/uploads\/2022\/12\/bantam-logo.png","width":320,"height":71,"caption":"Bantam Camping AG"},"image":{"@id":"https:\/\/shop.bantam.ch\/de\/#\/schema\/logo\/image\/"}}]}},"_links":{"self":[{"href":"https:\/\/shop.bantam.ch\/de\/wp-json\/wp\/v2\/product\/226454","targetHints":{"allow":["GET"]}}],"collection":[{"href":"https:\/\/shop.bantam.ch\/de\/wp-json\/wp\/v2\/product"}],"about":[{"href":"https:\/\/shop.bantam.ch\/de\/wp-json\/wp\/v2\/types\/product"}],"wp:featuredmedia":[{"embeddable":true,"href":"https:\/\/shop.bantam.ch\/de\/wp-json\/wp\/v2\/media\/226444"}],"wp:attachment":[{"href":"https:\/\/shop.bantam.ch\/de\/wp-json\/wp\/v2\/media?parent=226454"}],"wp:term":[{"taxonomy":"product_featured_cat","embeddable":true,"href":"https:\/\/shop.bantam.ch\/de\/wp-json\/wp\/v2\/product_featured_cat?post=226454"},{"taxonomy":"product_brand","embeddable":true,"href":"https:\/\/shop.bantam.ch\/de\/wp-json\/wp\/v2\/product_brand?post=226454"},{"taxonomy":"product_cat","embeddable":true,"href":"https:\/\/shop.bantam.ch\/de\/wp-json\/wp\/v2\/product_cat?post=226454"},{"taxonomy":"product_tag","embeddable":true,"href":"https:\/\/shop.bantam.ch\/de\/wp-json\/wp\/v2\/product_tag?post=226454"}],"curies":[{"name":"wp","href":"https:\/\/api.w.org\/{rel}","templated":true}]}}