{"id":226441,"date":"2025-12-17T16:26:26","date_gmt":"2025-12-17T15:26:26","guid":{"rendered":"https:\/\/shop.bantam.ch\/produit\/gaskugelgrill-minichef-420-g-inkl-gasschlauch\/"},"modified":"2026-04-22T02:23:54","modified_gmt":"2026-04-22T00:23:54","slug":"gaskugelgrill-minichef-420-g-inkl-gasschlauch","status":"publish","type":"product","link":"https:\/\/shop.bantam.ch\/de\/produkt\/gaskugelgrill-minichef-420-g-inkl-gasschlauch\/","title":{"rendered":"Gaskugelgrill Minichef 420 G inkl. Gasschlauch"},"content":{"rendered":"<p>Tisch-Gasgrill mit dem einzigartigen OUTDOORCHEF Trichter System. Kein Fettbrand &#8211; gesundes und sicheres System zur Reduzierung von Rauchentwicklung. Ideal f\u00fcr indirektes Grillen, Kochen und Backen, sowie direkte Hitze f\u00fcr das perfekte Steak. Porzellan emaillierte Kugel, Brenner, Trichter und Grillrost. Piezo Z\u00fcndung. Deckelhalterung und Thermometer im Deckel integriert. 2 abnehmbare Seitenablagen.<\/p>\n<ul>\n<li>1 Ring Brennersystem mit Piezo Z\u00fcnder<\/li>\n<li>Integriertes Thermometer<\/li>\n<li>Perfekte Hitzeverteilung f\u00fcr direktes und indirektes fettfreies Grillen<\/li>\n<li>Seitenablagen platzsparend abnehmbar<\/li>\n<li>Leistung: 4,3 KW<\/li>\n<li>Grillrost: ca. 39,5 cm<\/li>\n<li>Arbeitsh\u00f6he: ca. 30 cm<\/li>\n<\/ul>\n","protected":false},"excerpt":{"rendered":"<p>Tisch-Gasgrill mit dem einzigartigen OUTDOORCHEF Trichter System. Kein Fettbrand &#8211; gesundes und sicheres System zur Reduzierung von Rauchentwicklung. Ideal f\u00fcr indirektes Grillen, Kochen und Backen, sowie direkte Hitze f\u00fcr das perfekte Steak. Porzellan emaillierte Kugel, Brenner, Trichter und Grillrost. Piezo Z\u00fcndung. Deckelhalterung und Thermometer im Deckel integriert. 2 abnehmbare Seitenablagen. 1 Ring Brennersystem mit Piezo [&hellip;]<\/p>\n","protected":false},"featured_media":226432,"template":"","meta":{"_acf_changed":false},"product_featured_cat":[],"product_brand":[],"product_cat":[4280],"product_tag":[],"class_list":{"0":"post-226441","1":"product","2":"type-product","3":"status-publish","4":"has-post-thumbnail","6":"product_cat-gasgrills","8":"first","9":"instock","10":"taxable","11":"shipping-taxable","12":"purchasable","13":"product-type-variable"},"acf":[],"yoast_head":"<!-- This site is optimized with the Yoast SEO plugin v27.4 - https:\/\/yoast.com\/product\/yoast-seo-wordpress\/ -->\n<title>Gaskugelgrill Minichef 420 G inkl. Gasschlauch - Bantam Camping AG<\/title>\n<meta name=\"robots\" content=\"index, follow, max-snippet:-1, max-image-preview:large, max-video-preview:-1\" \/>\n<link rel=\"canonical\" href=\"https:\/\/shop.bantam.ch\/de\/produkt\/gaskugelgrill-minichef-420-g-inkl-gasschlauch\/\" \/>\n<meta property=\"og:locale\" content=\"de_DE\" \/>\n<meta property=\"og:type\" content=\"article\" \/>\n<meta property=\"og:title\" content=\"Gaskugelgrill Minichef 420 G inkl. Gasschlauch - Bantam Camping AG\" \/>\n<meta property=\"og:description\" content=\"Tisch-Gasgrill mit dem einzigartigen OUTDOORCHEF Trichter System. Kein Fettbrand &#8211; gesundes und sicheres System zur Reduzierung von Rauchentwicklung. Ideal f\u00fcr indirektes Grillen, Kochen und Backen, sowie direkte Hitze f\u00fcr das perfekte Steak. Porzellan emaillierte Kugel, Brenner, Trichter und Grillrost. Piezo Z\u00fcndung. Deckelhalterung und Thermometer im Deckel integriert. 2 abnehmbare Seitenablagen. 1 Ring Brennersystem mit Piezo [&hellip;]\" \/>\n<meta property=\"og:url\" content=\"https:\/\/shop.bantam.ch\/de\/produkt\/gaskugelgrill-minichef-420-g-inkl-gasschlauch\/\" \/>\n<meta property=\"og:site_name\" content=\"Bantam Camping AG\" \/>\n<meta property=\"article:modified_time\" content=\"2026-04-22T00:23:54+00:00\" \/>\n<meta name=\"twitter:card\" content=\"summary_large_image\" \/>\n<script type=\"application\/ld+json\" class=\"yoast-schema-graph\">{\"@context\":\"https:\\\/\\\/schema.org\",\"@graph\":[{\"@type\":\"WebPage\",\"@id\":\"https:\\\/\\\/shop.bantam.ch\\\/de\\\/produkt\\\/gaskugelgrill-minichef-420-g-inkl-gasschlauch\\\/\",\"url\":\"https:\\\/\\\/shop.bantam.ch\\\/de\\\/produkt\\\/gaskugelgrill-minichef-420-g-inkl-gasschlauch\\\/\",\"name\":\"Gaskugelgrill Minichef 420 G inkl. Gasschlauch - Bantam Camping AG\",\"isPartOf\":{\"@id\":\"https:\\\/\\\/shop.bantam.ch\\\/de\\\/#website\"},\"primaryImageOfPage\":{\"@id\":\"https:\\\/\\\/shop.bantam.ch\\\/de\\\/produkt\\\/gaskugelgrill-minichef-420-g-inkl-gasschlauch\\\/#primaryimage\"},\"image\":{\"@id\":\"https:\\\/\\\/shop.bantam.ch\\\/de\\\/produkt\\\/gaskugelgrill-minichef-420-g-inkl-gasschlauch\\\/#primaryimage\"},\"thumbnailUrl\":\"https:\\\/\\\/shop.bantam.ch\\\/wp-content\\\/uploads\\\/2025\\\/12\\\/Movera-L-0016527100.jpg\",\"datePublished\":\"2025-12-17T15:26:26+00:00\",\"dateModified\":\"2026-04-22T00:23:54+00:00\",\"breadcrumb\":{\"@id\":\"https:\\\/\\\/shop.bantam.ch\\\/de\\\/produkt\\\/gaskugelgrill-minichef-420-g-inkl-gasschlauch\\\/#breadcrumb\"},\"inLanguage\":\"de\",\"potentialAction\":[{\"@type\":\"ReadAction\",\"target\":[\"https:\\\/\\\/shop.bantam.ch\\\/de\\\/produkt\\\/gaskugelgrill-minichef-420-g-inkl-gasschlauch\\\/\"]}]},{\"@type\":\"ImageObject\",\"inLanguage\":\"de\",\"@id\":\"https:\\\/\\\/shop.bantam.ch\\\/de\\\/produkt\\\/gaskugelgrill-minichef-420-g-inkl-gasschlauch\\\/#primaryimage\",\"url\":\"https:\\\/\\\/shop.bantam.ch\\\/wp-content\\\/uploads\\\/2025\\\/12\\\/Movera-L-0016527100.jpg\",\"contentUrl\":\"https:\\\/\\\/shop.bantam.ch\\\/wp-content\\\/uploads\\\/2025\\\/12\\\/Movera-L-0016527100.jpg\",\"width\":640,\"height\":398},{\"@type\":\"BreadcrumbList\",\"@id\":\"https:\\\/\\\/shop.bantam.ch\\\/de\\\/produkt\\\/gaskugelgrill-minichef-420-g-inkl-gasschlauch\\\/#breadcrumb\",\"itemListElement\":[{\"@type\":\"ListItem\",\"position\":1,\"name\":\"Accueil\",\"item\":\"https:\\\/\\\/shop.bantam.ch\\\/de\\\/\"},{\"@type\":\"ListItem\",\"position\":2,\"name\":\"Shop\",\"item\":\"https:\\\/\\\/shop.bantam.ch\\\/de\\\/shop\\\/\"},{\"@type\":\"ListItem\",\"position\":3,\"name\":\"Gaskugelgrill Minichef 420 G inkl. Gasschlauch\"}]},{\"@type\":\"WebSite\",\"@id\":\"https:\\\/\\\/shop.bantam.ch\\\/de\\\/#website\",\"url\":\"https:\\\/\\\/shop.bantam.ch\\\/de\\\/\",\"name\":\"Bantam Camping AG\",\"description\":\"\",\"publisher\":{\"@id\":\"https:\\\/\\\/shop.bantam.ch\\\/de\\\/#organization\"},\"inLanguage\":\"de\"},{\"@type\":\"Organization\",\"@id\":\"https:\\\/\\\/shop.bantam.ch\\\/de\\\/#organization\",\"name\":\"Bantam Camping AG\",\"url\":\"https:\\\/\\\/shop.bantam.ch\\\/de\\\/\",\"logo\":{\"@type\":\"ImageObject\",\"inLanguage\":\"de\",\"@id\":\"https:\\\/\\\/shop.bantam.ch\\\/de\\\/#\\\/schema\\\/logo\\\/image\\\/\",\"url\":\"https:\\\/\\\/shop.bantam.ch\\\/wp-content\\\/uploads\\\/2022\\\/12\\\/bantam-logo.png\",\"contentUrl\":\"https:\\\/\\\/shop.bantam.ch\\\/wp-content\\\/uploads\\\/2022\\\/12\\\/bantam-logo.png\",\"width\":320,\"height\":71,\"caption\":\"Bantam Camping AG\"},\"image\":{\"@id\":\"https:\\\/\\\/shop.bantam.ch\\\/de\\\/#\\\/schema\\\/logo\\\/image\\\/\"}}]}<\/script>\n<!-- \/ Yoast SEO plugin. -->","yoast_head_json":{"title":"Gaskugelgrill Minichef 420 G inkl. Gasschlauch - Bantam Camping AG","robots":{"index":"index","follow":"follow","max-snippet":"max-snippet:-1","max-image-preview":"max-image-preview:large","max-video-preview":"max-video-preview:-1"},"canonical":"https:\/\/shop.bantam.ch\/de\/produkt\/gaskugelgrill-minichef-420-g-inkl-gasschlauch\/","og_locale":"de_DE","og_type":"article","og_title":"Gaskugelgrill Minichef 420 G inkl. Gasschlauch - Bantam Camping AG","og_description":"Tisch-Gasgrill mit dem einzigartigen OUTDOORCHEF Trichter System. Kein Fettbrand &#8211; gesundes und sicheres System zur Reduzierung von Rauchentwicklung. Ideal f\u00fcr indirektes Grillen, Kochen und Backen, sowie direkte Hitze f\u00fcr das perfekte Steak. Porzellan emaillierte Kugel, Brenner, Trichter und Grillrost. Piezo Z\u00fcndung. Deckelhalterung und Thermometer im Deckel integriert. 2 abnehmbare Seitenablagen. 1 Ring Brennersystem mit Piezo [&hellip;]","og_url":"https:\/\/shop.bantam.ch\/de\/produkt\/gaskugelgrill-minichef-420-g-inkl-gasschlauch\/","og_site_name":"Bantam Camping AG","article_modified_time":"2026-04-22T00:23:54+00:00","twitter_card":"summary_large_image","schema":{"@context":"https:\/\/schema.org","@graph":[{"@type":"WebPage","@id":"https:\/\/shop.bantam.ch\/de\/produkt\/gaskugelgrill-minichef-420-g-inkl-gasschlauch\/","url":"https:\/\/shop.bantam.ch\/de\/produkt\/gaskugelgrill-minichef-420-g-inkl-gasschlauch\/","name":"Gaskugelgrill Minichef 420 G inkl. Gasschlauch - Bantam Camping AG","isPartOf":{"@id":"https:\/\/shop.bantam.ch\/de\/#website"},"primaryImageOfPage":{"@id":"https:\/\/shop.bantam.ch\/de\/produkt\/gaskugelgrill-minichef-420-g-inkl-gasschlauch\/#primaryimage"},"image":{"@id":"https:\/\/shop.bantam.ch\/de\/produkt\/gaskugelgrill-minichef-420-g-inkl-gasschlauch\/#primaryimage"},"thumbnailUrl":"https:\/\/shop.bantam.ch\/wp-content\/uploads\/2025\/12\/Movera-L-0016527100.jpg","datePublished":"2025-12-17T15:26:26+00:00","dateModified":"2026-04-22T00:23:54+00:00","breadcrumb":{"@id":"https:\/\/shop.bantam.ch\/de\/produkt\/gaskugelgrill-minichef-420-g-inkl-gasschlauch\/#breadcrumb"},"inLanguage":"de","potentialAction":[{"@type":"ReadAction","target":["https:\/\/shop.bantam.ch\/de\/produkt\/gaskugelgrill-minichef-420-g-inkl-gasschlauch\/"]}]},{"@type":"ImageObject","inLanguage":"de","@id":"https:\/\/shop.bantam.ch\/de\/produkt\/gaskugelgrill-minichef-420-g-inkl-gasschlauch\/#primaryimage","url":"https:\/\/shop.bantam.ch\/wp-content\/uploads\/2025\/12\/Movera-L-0016527100.jpg","contentUrl":"https:\/\/shop.bantam.ch\/wp-content\/uploads\/2025\/12\/Movera-L-0016527100.jpg","width":640,"height":398},{"@type":"BreadcrumbList","@id":"https:\/\/shop.bantam.ch\/de\/produkt\/gaskugelgrill-minichef-420-g-inkl-gasschlauch\/#breadcrumb","itemListElement":[{"@type":"ListItem","position":1,"name":"Accueil","item":"https:\/\/shop.bantam.ch\/de\/"},{"@type":"ListItem","position":2,"name":"Shop","item":"https:\/\/shop.bantam.ch\/de\/shop\/"},{"@type":"ListItem","position":3,"name":"Gaskugelgrill Minichef 420 G inkl. Gasschlauch"}]},{"@type":"WebSite","@id":"https:\/\/shop.bantam.ch\/de\/#website","url":"https:\/\/shop.bantam.ch\/de\/","name":"Bantam Camping AG","description":"","publisher":{"@id":"https:\/\/shop.bantam.ch\/de\/#organization"},"inLanguage":"de"},{"@type":"Organization","@id":"https:\/\/shop.bantam.ch\/de\/#organization","name":"Bantam Camping AG","url":"https:\/\/shop.bantam.ch\/de\/","logo":{"@type":"ImageObject","inLanguage":"de","@id":"https:\/\/shop.bantam.ch\/de\/#\/schema\/logo\/image\/","url":"https:\/\/shop.bantam.ch\/wp-content\/uploads\/2022\/12\/bantam-logo.png","contentUrl":"https:\/\/shop.bantam.ch\/wp-content\/uploads\/2022\/12\/bantam-logo.png","width":320,"height":71,"caption":"Bantam Camping AG"},"image":{"@id":"https:\/\/shop.bantam.ch\/de\/#\/schema\/logo\/image\/"}}]}},"_links":{"self":[{"href":"https:\/\/shop.bantam.ch\/de\/wp-json\/wp\/v2\/product\/226441","targetHints":{"allow":["GET"]}}],"collection":[{"href":"https:\/\/shop.bantam.ch\/de\/wp-json\/wp\/v2\/product"}],"about":[{"href":"https:\/\/shop.bantam.ch\/de\/wp-json\/wp\/v2\/types\/product"}],"wp:featuredmedia":[{"embeddable":true,"href":"https:\/\/shop.bantam.ch\/de\/wp-json\/wp\/v2\/media\/226432"}],"wp:attachment":[{"href":"https:\/\/shop.bantam.ch\/de\/wp-json\/wp\/v2\/media?parent=226441"}],"wp:term":[{"taxonomy":"product_featured_cat","embeddable":true,"href":"https:\/\/shop.bantam.ch\/de\/wp-json\/wp\/v2\/product_featured_cat?post=226441"},{"taxonomy":"product_brand","embeddable":true,"href":"https:\/\/shop.bantam.ch\/de\/wp-json\/wp\/v2\/product_brand?post=226441"},{"taxonomy":"product_cat","embeddable":true,"href":"https:\/\/shop.bantam.ch\/de\/wp-json\/wp\/v2\/product_cat?post=226441"},{"taxonomy":"product_tag","embeddable":true,"href":"https:\/\/shop.bantam.ch\/de\/wp-json\/wp\/v2\/product_tag?post=226441"}],"curies":[{"name":"wp","href":"https:\/\/api.w.org\/{rel}","templated":true}]}}