{"id":226429,"date":"2025-12-17T16:26:10","date_gmt":"2025-12-17T15:26:10","guid":{"rendered":"https:\/\/shop.bantam.ch\/produit\/gaskugelgrill-chelsea-420-g-inkl-gasschlauch\/"},"modified":"2026-04-19T02:20:10","modified_gmt":"2026-04-19T00:20:10","slug":"gaskugelgrill-chelsea-420-g-inkl-gasschlauch","status":"publish","type":"product","link":"https:\/\/shop.bantam.ch\/de\/produkt\/gaskugelgrill-chelsea-420-g-inkl-gasschlauch\/","title":{"rendered":"Gaskugelgrill Chelsea 420 G inkl. Gasschlauch"},"content":{"rendered":"<p>Gasgrill mit dem einzigartigen OUTDOORCHEF Trichter System. Kein Fettbrand &#8211; gesundes und sicheres System zur Reduzierung von Rauchentwicklung. Ideal f\u00fcr indirektes Grillen, Kochen und Backen, sowie direkte Hitze f\u00fcr das perfekte Steak. Porzellan emaillierte Kugel, Brenner, Trichter und Grillrost. Piezo Z\u00fcndung. Deckelhalterung und Thermometer im Deckel integriert. Beim direkten Grillen und Kochen arbeiten Sie mit hoher Temperatur, die sich auf den Rost konzentriert. Beim indirekten Grillen, Kochen und Backen verteilt sich die Hitze gleichm\u00e4\u00dfig in der geschlossenen Grillkugel. Ideal z.B. zum D\u00fcnsten von Gem\u00fcse oder Niedergaren eines Bratens.<\/p>\n<ul>\n<li>1 Ring Brennersystem mit Piezo Z\u00fcnder<\/li>\n<li>Integriertes Thermometer<\/li>\n<li>Perfekte Hitzeverteilung f\u00fcr direktes und indirektes fettfreies Grillen<\/li>\n<li>Dank dem einfachen Stecksystem in wenigen Minuten aufgebaut.<\/li>\n<li>Leistung: 4,3 KW<\/li>\n<li>Grillrost: ca. 39,5 cm<\/li>\n<li>Arbeitsh\u00f6he: ca. 75 cm<\/li>\n<\/ul>\n","protected":false},"excerpt":{"rendered":"<p>Gasgrill mit dem einzigartigen OUTDOORCHEF Trichter System. Kein Fettbrand &#8211; gesundes und sicheres System zur Reduzierung von Rauchentwicklung. Ideal f\u00fcr indirektes Grillen, Kochen und Backen, sowie direkte Hitze f\u00fcr das perfekte Steak. Porzellan emaillierte Kugel, Brenner, Trichter und Grillrost. Piezo Z\u00fcndung. Deckelhalterung und Thermometer im Deckel integriert. Beim direkten Grillen und Kochen arbeiten Sie mit [&hellip;]<\/p>\n","protected":false},"featured_media":226426,"template":"","meta":{"_acf_changed":false},"product_featured_cat":[],"product_brand":[],"product_cat":[4280],"product_tag":[],"class_list":{"0":"post-226429","1":"product","2":"type-product","3":"status-publish","4":"has-post-thumbnail","6":"product_cat-gasgrills","8":"first","9":"instock","10":"taxable","11":"shipping-taxable","12":"purchasable","13":"product-type-variable"},"acf":[],"yoast_head":"<!-- This site is optimized with the Yoast SEO plugin v27.4 - https:\/\/yoast.com\/product\/yoast-seo-wordpress\/ -->\n<title>Gaskugelgrill Chelsea 420 G inkl. Gasschlauch - Bantam Camping AG<\/title>\n<meta name=\"robots\" content=\"index, follow, max-snippet:-1, max-image-preview:large, max-video-preview:-1\" \/>\n<link rel=\"canonical\" href=\"https:\/\/shop.bantam.ch\/de\/produkt\/gaskugelgrill-chelsea-420-g-inkl-gasschlauch\/\" \/>\n<meta property=\"og:locale\" content=\"de_DE\" \/>\n<meta property=\"og:type\" content=\"article\" \/>\n<meta property=\"og:title\" content=\"Gaskugelgrill Chelsea 420 G inkl. Gasschlauch - Bantam Camping AG\" \/>\n<meta property=\"og:description\" content=\"Gasgrill mit dem einzigartigen OUTDOORCHEF Trichter System. Kein Fettbrand &#8211; gesundes und sicheres System zur Reduzierung von Rauchentwicklung. Ideal f\u00fcr indirektes Grillen, Kochen und Backen, sowie direkte Hitze f\u00fcr das perfekte Steak. Porzellan emaillierte Kugel, Brenner, Trichter und Grillrost. Piezo Z\u00fcndung. Deckelhalterung und Thermometer im Deckel integriert. Beim direkten Grillen und Kochen arbeiten Sie mit [&hellip;]\" \/>\n<meta property=\"og:url\" content=\"https:\/\/shop.bantam.ch\/de\/produkt\/gaskugelgrill-chelsea-420-g-inkl-gasschlauch\/\" \/>\n<meta property=\"og:site_name\" content=\"Bantam Camping AG\" \/>\n<meta property=\"article:modified_time\" content=\"2026-04-19T00:20:10+00:00\" \/>\n<meta name=\"twitter:card\" content=\"summary_large_image\" \/>\n<meta name=\"twitter:label1\" content=\"Gesch\u00e4tzte Lesezeit\" \/>\n\t<meta name=\"twitter:data1\" content=\"1\u00a0Minute\" \/>\n<script type=\"application\/ld+json\" class=\"yoast-schema-graph\">{\"@context\":\"https:\\\/\\\/schema.org\",\"@graph\":[{\"@type\":\"WebPage\",\"@id\":\"https:\\\/\\\/shop.bantam.ch\\\/de\\\/produkt\\\/gaskugelgrill-chelsea-420-g-inkl-gasschlauch\\\/\",\"url\":\"https:\\\/\\\/shop.bantam.ch\\\/de\\\/produkt\\\/gaskugelgrill-chelsea-420-g-inkl-gasschlauch\\\/\",\"name\":\"Gaskugelgrill Chelsea 420 G inkl. Gasschlauch - Bantam Camping AG\",\"isPartOf\":{\"@id\":\"https:\\\/\\\/shop.bantam.ch\\\/de\\\/#website\"},\"primaryImageOfPage\":{\"@id\":\"https:\\\/\\\/shop.bantam.ch\\\/de\\\/produkt\\\/gaskugelgrill-chelsea-420-g-inkl-gasschlauch\\\/#primaryimage\"},\"image\":{\"@id\":\"https:\\\/\\\/shop.bantam.ch\\\/de\\\/produkt\\\/gaskugelgrill-chelsea-420-g-inkl-gasschlauch\\\/#primaryimage\"},\"thumbnailUrl\":\"https:\\\/\\\/shop.bantam.ch\\\/wp-content\\\/uploads\\\/2025\\\/12\\\/Movera-L-0016526100.jpg\",\"datePublished\":\"2025-12-17T15:26:10+00:00\",\"dateModified\":\"2026-04-19T00:20:10+00:00\",\"breadcrumb\":{\"@id\":\"https:\\\/\\\/shop.bantam.ch\\\/de\\\/produkt\\\/gaskugelgrill-chelsea-420-g-inkl-gasschlauch\\\/#breadcrumb\"},\"inLanguage\":\"de\",\"potentialAction\":[{\"@type\":\"ReadAction\",\"target\":[\"https:\\\/\\\/shop.bantam.ch\\\/de\\\/produkt\\\/gaskugelgrill-chelsea-420-g-inkl-gasschlauch\\\/\"]}]},{\"@type\":\"ImageObject\",\"inLanguage\":\"de\",\"@id\":\"https:\\\/\\\/shop.bantam.ch\\\/de\\\/produkt\\\/gaskugelgrill-chelsea-420-g-inkl-gasschlauch\\\/#primaryimage\",\"url\":\"https:\\\/\\\/shop.bantam.ch\\\/wp-content\\\/uploads\\\/2025\\\/12\\\/Movera-L-0016526100.jpg\",\"contentUrl\":\"https:\\\/\\\/shop.bantam.ch\\\/wp-content\\\/uploads\\\/2025\\\/12\\\/Movera-L-0016526100.jpg\",\"width\":337,\"height\":500},{\"@type\":\"BreadcrumbList\",\"@id\":\"https:\\\/\\\/shop.bantam.ch\\\/de\\\/produkt\\\/gaskugelgrill-chelsea-420-g-inkl-gasschlauch\\\/#breadcrumb\",\"itemListElement\":[{\"@type\":\"ListItem\",\"position\":1,\"name\":\"Accueil\",\"item\":\"https:\\\/\\\/shop.bantam.ch\\\/de\\\/\"},{\"@type\":\"ListItem\",\"position\":2,\"name\":\"Shop\",\"item\":\"https:\\\/\\\/shop.bantam.ch\\\/de\\\/shop\\\/\"},{\"@type\":\"ListItem\",\"position\":3,\"name\":\"Gaskugelgrill Chelsea 420 G inkl. Gasschlauch\"}]},{\"@type\":\"WebSite\",\"@id\":\"https:\\\/\\\/shop.bantam.ch\\\/de\\\/#website\",\"url\":\"https:\\\/\\\/shop.bantam.ch\\\/de\\\/\",\"name\":\"Bantam Camping AG\",\"description\":\"\",\"publisher\":{\"@id\":\"https:\\\/\\\/shop.bantam.ch\\\/de\\\/#organization\"},\"inLanguage\":\"de\"},{\"@type\":\"Organization\",\"@id\":\"https:\\\/\\\/shop.bantam.ch\\\/de\\\/#organization\",\"name\":\"Bantam Camping AG\",\"url\":\"https:\\\/\\\/shop.bantam.ch\\\/de\\\/\",\"logo\":{\"@type\":\"ImageObject\",\"inLanguage\":\"de\",\"@id\":\"https:\\\/\\\/shop.bantam.ch\\\/de\\\/#\\\/schema\\\/logo\\\/image\\\/\",\"url\":\"https:\\\/\\\/shop.bantam.ch\\\/wp-content\\\/uploads\\\/2022\\\/12\\\/bantam-logo.png\",\"contentUrl\":\"https:\\\/\\\/shop.bantam.ch\\\/wp-content\\\/uploads\\\/2022\\\/12\\\/bantam-logo.png\",\"width\":320,\"height\":71,\"caption\":\"Bantam Camping AG\"},\"image\":{\"@id\":\"https:\\\/\\\/shop.bantam.ch\\\/de\\\/#\\\/schema\\\/logo\\\/image\\\/\"}}]}<\/script>\n<!-- \/ Yoast SEO plugin. -->","yoast_head_json":{"title":"Gaskugelgrill Chelsea 420 G inkl. Gasschlauch - Bantam Camping AG","robots":{"index":"index","follow":"follow","max-snippet":"max-snippet:-1","max-image-preview":"max-image-preview:large","max-video-preview":"max-video-preview:-1"},"canonical":"https:\/\/shop.bantam.ch\/de\/produkt\/gaskugelgrill-chelsea-420-g-inkl-gasschlauch\/","og_locale":"de_DE","og_type":"article","og_title":"Gaskugelgrill Chelsea 420 G inkl. Gasschlauch - Bantam Camping AG","og_description":"Gasgrill mit dem einzigartigen OUTDOORCHEF Trichter System. Kein Fettbrand &#8211; gesundes und sicheres System zur Reduzierung von Rauchentwicklung. Ideal f\u00fcr indirektes Grillen, Kochen und Backen, sowie direkte Hitze f\u00fcr das perfekte Steak. Porzellan emaillierte Kugel, Brenner, Trichter und Grillrost. Piezo Z\u00fcndung. Deckelhalterung und Thermometer im Deckel integriert. Beim direkten Grillen und Kochen arbeiten Sie mit [&hellip;]","og_url":"https:\/\/shop.bantam.ch\/de\/produkt\/gaskugelgrill-chelsea-420-g-inkl-gasschlauch\/","og_site_name":"Bantam Camping AG","article_modified_time":"2026-04-19T00:20:10+00:00","twitter_card":"summary_large_image","twitter_misc":{"Gesch\u00e4tzte Lesezeit":"1\u00a0Minute"},"schema":{"@context":"https:\/\/schema.org","@graph":[{"@type":"WebPage","@id":"https:\/\/shop.bantam.ch\/de\/produkt\/gaskugelgrill-chelsea-420-g-inkl-gasschlauch\/","url":"https:\/\/shop.bantam.ch\/de\/produkt\/gaskugelgrill-chelsea-420-g-inkl-gasschlauch\/","name":"Gaskugelgrill Chelsea 420 G inkl. Gasschlauch - Bantam Camping AG","isPartOf":{"@id":"https:\/\/shop.bantam.ch\/de\/#website"},"primaryImageOfPage":{"@id":"https:\/\/shop.bantam.ch\/de\/produkt\/gaskugelgrill-chelsea-420-g-inkl-gasschlauch\/#primaryimage"},"image":{"@id":"https:\/\/shop.bantam.ch\/de\/produkt\/gaskugelgrill-chelsea-420-g-inkl-gasschlauch\/#primaryimage"},"thumbnailUrl":"https:\/\/shop.bantam.ch\/wp-content\/uploads\/2025\/12\/Movera-L-0016526100.jpg","datePublished":"2025-12-17T15:26:10+00:00","dateModified":"2026-04-19T00:20:10+00:00","breadcrumb":{"@id":"https:\/\/shop.bantam.ch\/de\/produkt\/gaskugelgrill-chelsea-420-g-inkl-gasschlauch\/#breadcrumb"},"inLanguage":"de","potentialAction":[{"@type":"ReadAction","target":["https:\/\/shop.bantam.ch\/de\/produkt\/gaskugelgrill-chelsea-420-g-inkl-gasschlauch\/"]}]},{"@type":"ImageObject","inLanguage":"de","@id":"https:\/\/shop.bantam.ch\/de\/produkt\/gaskugelgrill-chelsea-420-g-inkl-gasschlauch\/#primaryimage","url":"https:\/\/shop.bantam.ch\/wp-content\/uploads\/2025\/12\/Movera-L-0016526100.jpg","contentUrl":"https:\/\/shop.bantam.ch\/wp-content\/uploads\/2025\/12\/Movera-L-0016526100.jpg","width":337,"height":500},{"@type":"BreadcrumbList","@id":"https:\/\/shop.bantam.ch\/de\/produkt\/gaskugelgrill-chelsea-420-g-inkl-gasschlauch\/#breadcrumb","itemListElement":[{"@type":"ListItem","position":1,"name":"Accueil","item":"https:\/\/shop.bantam.ch\/de\/"},{"@type":"ListItem","position":2,"name":"Shop","item":"https:\/\/shop.bantam.ch\/de\/shop\/"},{"@type":"ListItem","position":3,"name":"Gaskugelgrill Chelsea 420 G inkl. Gasschlauch"}]},{"@type":"WebSite","@id":"https:\/\/shop.bantam.ch\/de\/#website","url":"https:\/\/shop.bantam.ch\/de\/","name":"Bantam Camping AG","description":"","publisher":{"@id":"https:\/\/shop.bantam.ch\/de\/#organization"},"inLanguage":"de"},{"@type":"Organization","@id":"https:\/\/shop.bantam.ch\/de\/#organization","name":"Bantam Camping AG","url":"https:\/\/shop.bantam.ch\/de\/","logo":{"@type":"ImageObject","inLanguage":"de","@id":"https:\/\/shop.bantam.ch\/de\/#\/schema\/logo\/image\/","url":"https:\/\/shop.bantam.ch\/wp-content\/uploads\/2022\/12\/bantam-logo.png","contentUrl":"https:\/\/shop.bantam.ch\/wp-content\/uploads\/2022\/12\/bantam-logo.png","width":320,"height":71,"caption":"Bantam Camping AG"},"image":{"@id":"https:\/\/shop.bantam.ch\/de\/#\/schema\/logo\/image\/"}}]}},"_links":{"self":[{"href":"https:\/\/shop.bantam.ch\/de\/wp-json\/wp\/v2\/product\/226429","targetHints":{"allow":["GET"]}}],"collection":[{"href":"https:\/\/shop.bantam.ch\/de\/wp-json\/wp\/v2\/product"}],"about":[{"href":"https:\/\/shop.bantam.ch\/de\/wp-json\/wp\/v2\/types\/product"}],"wp:featuredmedia":[{"embeddable":true,"href":"https:\/\/shop.bantam.ch\/de\/wp-json\/wp\/v2\/media\/226426"}],"wp:attachment":[{"href":"https:\/\/shop.bantam.ch\/de\/wp-json\/wp\/v2\/media?parent=226429"}],"wp:term":[{"taxonomy":"product_featured_cat","embeddable":true,"href":"https:\/\/shop.bantam.ch\/de\/wp-json\/wp\/v2\/product_featured_cat?post=226429"},{"taxonomy":"product_brand","embeddable":true,"href":"https:\/\/shop.bantam.ch\/de\/wp-json\/wp\/v2\/product_brand?post=226429"},{"taxonomy":"product_cat","embeddable":true,"href":"https:\/\/shop.bantam.ch\/de\/wp-json\/wp\/v2\/product_cat?post=226429"},{"taxonomy":"product_tag","embeddable":true,"href":"https:\/\/shop.bantam.ch\/de\/wp-json\/wp\/v2\/product_tag?post=226429"}],"curies":[{"name":"wp","href":"https:\/\/api.w.org\/{rel}","templated":true}]}}