{"id":226418,"date":"2025-12-17T16:25:53","date_gmt":"2025-12-17T15:25:53","guid":{"rendered":"https:\/\/shop.bantam.ch\/produit\/universal-rack-outdoorchef\/"},"modified":"2026-04-17T23:44:05","modified_gmt":"2026-04-17T21:44:05","slug":"universal-rack-outdoorchef","status":"publish","type":"product","link":"https:\/\/shop.bantam.ch\/de\/produkt\/universal-rack-outdoorchef\/","title":{"rendered":"Universal Rack Outdoorchef"},"content":{"rendered":"<p>Das neue UNIVERSAL RACK ist, wie es der Name schon verr\u00e4t, ein Allesk\u00f6nner. Ob ganze H\u00e4hnchen, gro\u00dfe Bratenst\u00fccke oder Spareribs- alles kann ausgezeichnet darin zubereitet werden. Auch f\u00fcr Fisch eignet sich das clevere Rack aus Edelstahl perfekt. Das passende Tray aus emailliertem Stahlblech sorgt daf\u00fcr, dass kein Tropfen des guten Fleichschsaftes verloren geht. Beides ist getrennt voneinander einsetzbar und passt auf alle Grills.<\/p>\n<p>Material:<br \/>Edelstahl<\/p>\n","protected":false},"excerpt":{"rendered":"<p>Das neue UNIVERSAL RACK ist, wie es der Name schon verr\u00e4t, ein Allesk\u00f6nner. Ob ganze H\u00e4hnchen, gro\u00dfe Bratenst\u00fccke oder Spareribs- alles kann ausgezeichnet darin zubereitet werden. Auch f\u00fcr Fisch eignet sich das clevere Rack aus Edelstahl perfekt. Das passende Tray aus emailliertem Stahlblech sorgt daf\u00fcr, dass kein Tropfen des guten Fleichschsaftes verloren geht. Beides ist [&hellip;]<\/p>\n","protected":false},"featured_media":226412,"template":"","meta":{"_acf_changed":false},"product_featured_cat":[],"product_brand":[],"product_cat":[4340],"product_tag":[],"class_list":{"0":"post-226418","1":"product","2":"type-product","3":"status-publish","4":"has-post-thumbnail","6":"product_cat-grillzubehoer","8":"first","9":"instock","10":"taxable","11":"shipping-taxable","12":"purchasable","13":"product-type-simple"},"acf":[],"yoast_head":"<!-- This site is optimized with the Yoast SEO plugin v27.4 - https:\/\/yoast.com\/product\/yoast-seo-wordpress\/ -->\n<title>Universal Rack Outdoorchef - Bantam Camping AG<\/title>\n<meta name=\"robots\" content=\"index, follow, max-snippet:-1, max-image-preview:large, max-video-preview:-1\" \/>\n<link rel=\"canonical\" href=\"https:\/\/shop.bantam.ch\/de\/produkt\/universal-rack-outdoorchef\/\" \/>\n<meta property=\"og:locale\" content=\"de_DE\" \/>\n<meta property=\"og:type\" content=\"article\" \/>\n<meta property=\"og:title\" content=\"Universal Rack Outdoorchef - Bantam Camping AG\" \/>\n<meta property=\"og:description\" content=\"Das neue UNIVERSAL RACK ist, wie es der Name schon verr\u00e4t, ein Allesk\u00f6nner. Ob ganze H\u00e4hnchen, gro\u00dfe Bratenst\u00fccke oder Spareribs- alles kann ausgezeichnet darin zubereitet werden. Auch f\u00fcr Fisch eignet sich das clevere Rack aus Edelstahl perfekt. Das passende Tray aus emailliertem Stahlblech sorgt daf\u00fcr, dass kein Tropfen des guten Fleichschsaftes verloren geht. Beides ist [&hellip;]\" \/>\n<meta property=\"og:url\" content=\"https:\/\/shop.bantam.ch\/de\/produkt\/universal-rack-outdoorchef\/\" \/>\n<meta property=\"og:site_name\" content=\"Bantam Camping AG\" \/>\n<meta property=\"article:modified_time\" content=\"2026-04-17T21:44:05+00:00\" \/>\n<meta name=\"twitter:card\" content=\"summary_large_image\" \/>\n<script type=\"application\/ld+json\" class=\"yoast-schema-graph\">{\"@context\":\"https:\\\/\\\/schema.org\",\"@graph\":[{\"@type\":\"WebPage\",\"@id\":\"https:\\\/\\\/shop.bantam.ch\\\/de\\\/produkt\\\/universal-rack-outdoorchef\\\/\",\"url\":\"https:\\\/\\\/shop.bantam.ch\\\/de\\\/produkt\\\/universal-rack-outdoorchef\\\/\",\"name\":\"Universal Rack Outdoorchef - Bantam Camping AG\",\"isPartOf\":{\"@id\":\"https:\\\/\\\/shop.bantam.ch\\\/de\\\/#website\"},\"primaryImageOfPage\":{\"@id\":\"https:\\\/\\\/shop.bantam.ch\\\/de\\\/produkt\\\/universal-rack-outdoorchef\\\/#primaryimage\"},\"image\":{\"@id\":\"https:\\\/\\\/shop.bantam.ch\\\/de\\\/produkt\\\/universal-rack-outdoorchef\\\/#primaryimage\"},\"thumbnailUrl\":\"https:\\\/\\\/shop.bantam.ch\\\/wp-content\\\/uploads\\\/2025\\\/12\\\/Movera-L-9955631100.jpg\",\"datePublished\":\"2025-12-17T15:25:53+00:00\",\"dateModified\":\"2026-04-17T21:44:05+00:00\",\"breadcrumb\":{\"@id\":\"https:\\\/\\\/shop.bantam.ch\\\/de\\\/produkt\\\/universal-rack-outdoorchef\\\/#breadcrumb\"},\"inLanguage\":\"de\",\"potentialAction\":[{\"@type\":\"ReadAction\",\"target\":[\"https:\\\/\\\/shop.bantam.ch\\\/de\\\/produkt\\\/universal-rack-outdoorchef\\\/\"]}]},{\"@type\":\"ImageObject\",\"inLanguage\":\"de\",\"@id\":\"https:\\\/\\\/shop.bantam.ch\\\/de\\\/produkt\\\/universal-rack-outdoorchef\\\/#primaryimage\",\"url\":\"https:\\\/\\\/shop.bantam.ch\\\/wp-content\\\/uploads\\\/2025\\\/12\\\/Movera-L-9955631100.jpg\",\"contentUrl\":\"https:\\\/\\\/shop.bantam.ch\\\/wp-content\\\/uploads\\\/2025\\\/12\\\/Movera-L-9955631100.jpg\",\"width\":640,\"height\":426},{\"@type\":\"BreadcrumbList\",\"@id\":\"https:\\\/\\\/shop.bantam.ch\\\/de\\\/produkt\\\/universal-rack-outdoorchef\\\/#breadcrumb\",\"itemListElement\":[{\"@type\":\"ListItem\",\"position\":1,\"name\":\"Accueil\",\"item\":\"https:\\\/\\\/shop.bantam.ch\\\/de\\\/\"},{\"@type\":\"ListItem\",\"position\":2,\"name\":\"Shop\",\"item\":\"https:\\\/\\\/shop.bantam.ch\\\/de\\\/shop\\\/\"},{\"@type\":\"ListItem\",\"position\":3,\"name\":\"Universal Rack Outdoorchef\"}]},{\"@type\":\"WebSite\",\"@id\":\"https:\\\/\\\/shop.bantam.ch\\\/de\\\/#website\",\"url\":\"https:\\\/\\\/shop.bantam.ch\\\/de\\\/\",\"name\":\"Bantam Camping AG\",\"description\":\"\",\"publisher\":{\"@id\":\"https:\\\/\\\/shop.bantam.ch\\\/de\\\/#organization\"},\"inLanguage\":\"de\"},{\"@type\":\"Organization\",\"@id\":\"https:\\\/\\\/shop.bantam.ch\\\/de\\\/#organization\",\"name\":\"Bantam Camping AG\",\"url\":\"https:\\\/\\\/shop.bantam.ch\\\/de\\\/\",\"logo\":{\"@type\":\"ImageObject\",\"inLanguage\":\"de\",\"@id\":\"https:\\\/\\\/shop.bantam.ch\\\/de\\\/#\\\/schema\\\/logo\\\/image\\\/\",\"url\":\"https:\\\/\\\/shop.bantam.ch\\\/wp-content\\\/uploads\\\/2022\\\/12\\\/bantam-logo.png\",\"contentUrl\":\"https:\\\/\\\/shop.bantam.ch\\\/wp-content\\\/uploads\\\/2022\\\/12\\\/bantam-logo.png\",\"width\":320,\"height\":71,\"caption\":\"Bantam Camping AG\"},\"image\":{\"@id\":\"https:\\\/\\\/shop.bantam.ch\\\/de\\\/#\\\/schema\\\/logo\\\/image\\\/\"}}]}<\/script>\n<!-- \/ Yoast SEO plugin. -->","yoast_head_json":{"title":"Universal Rack Outdoorchef - Bantam Camping AG","robots":{"index":"index","follow":"follow","max-snippet":"max-snippet:-1","max-image-preview":"max-image-preview:large","max-video-preview":"max-video-preview:-1"},"canonical":"https:\/\/shop.bantam.ch\/de\/produkt\/universal-rack-outdoorchef\/","og_locale":"de_DE","og_type":"article","og_title":"Universal Rack Outdoorchef - Bantam Camping AG","og_description":"Das neue UNIVERSAL RACK ist, wie es der Name schon verr\u00e4t, ein Allesk\u00f6nner. Ob ganze H\u00e4hnchen, gro\u00dfe Bratenst\u00fccke oder Spareribs- alles kann ausgezeichnet darin zubereitet werden. Auch f\u00fcr Fisch eignet sich das clevere Rack aus Edelstahl perfekt. Das passende Tray aus emailliertem Stahlblech sorgt daf\u00fcr, dass kein Tropfen des guten Fleichschsaftes verloren geht. Beides ist [&hellip;]","og_url":"https:\/\/shop.bantam.ch\/de\/produkt\/universal-rack-outdoorchef\/","og_site_name":"Bantam Camping AG","article_modified_time":"2026-04-17T21:44:05+00:00","twitter_card":"summary_large_image","schema":{"@context":"https:\/\/schema.org","@graph":[{"@type":"WebPage","@id":"https:\/\/shop.bantam.ch\/de\/produkt\/universal-rack-outdoorchef\/","url":"https:\/\/shop.bantam.ch\/de\/produkt\/universal-rack-outdoorchef\/","name":"Universal Rack Outdoorchef - Bantam Camping AG","isPartOf":{"@id":"https:\/\/shop.bantam.ch\/de\/#website"},"primaryImageOfPage":{"@id":"https:\/\/shop.bantam.ch\/de\/produkt\/universal-rack-outdoorchef\/#primaryimage"},"image":{"@id":"https:\/\/shop.bantam.ch\/de\/produkt\/universal-rack-outdoorchef\/#primaryimage"},"thumbnailUrl":"https:\/\/shop.bantam.ch\/wp-content\/uploads\/2025\/12\/Movera-L-9955631100.jpg","datePublished":"2025-12-17T15:25:53+00:00","dateModified":"2026-04-17T21:44:05+00:00","breadcrumb":{"@id":"https:\/\/shop.bantam.ch\/de\/produkt\/universal-rack-outdoorchef\/#breadcrumb"},"inLanguage":"de","potentialAction":[{"@type":"ReadAction","target":["https:\/\/shop.bantam.ch\/de\/produkt\/universal-rack-outdoorchef\/"]}]},{"@type":"ImageObject","inLanguage":"de","@id":"https:\/\/shop.bantam.ch\/de\/produkt\/universal-rack-outdoorchef\/#primaryimage","url":"https:\/\/shop.bantam.ch\/wp-content\/uploads\/2025\/12\/Movera-L-9955631100.jpg","contentUrl":"https:\/\/shop.bantam.ch\/wp-content\/uploads\/2025\/12\/Movera-L-9955631100.jpg","width":640,"height":426},{"@type":"BreadcrumbList","@id":"https:\/\/shop.bantam.ch\/de\/produkt\/universal-rack-outdoorchef\/#breadcrumb","itemListElement":[{"@type":"ListItem","position":1,"name":"Accueil","item":"https:\/\/shop.bantam.ch\/de\/"},{"@type":"ListItem","position":2,"name":"Shop","item":"https:\/\/shop.bantam.ch\/de\/shop\/"},{"@type":"ListItem","position":3,"name":"Universal Rack Outdoorchef"}]},{"@type":"WebSite","@id":"https:\/\/shop.bantam.ch\/de\/#website","url":"https:\/\/shop.bantam.ch\/de\/","name":"Bantam Camping AG","description":"","publisher":{"@id":"https:\/\/shop.bantam.ch\/de\/#organization"},"inLanguage":"de"},{"@type":"Organization","@id":"https:\/\/shop.bantam.ch\/de\/#organization","name":"Bantam Camping AG","url":"https:\/\/shop.bantam.ch\/de\/","logo":{"@type":"ImageObject","inLanguage":"de","@id":"https:\/\/shop.bantam.ch\/de\/#\/schema\/logo\/image\/","url":"https:\/\/shop.bantam.ch\/wp-content\/uploads\/2022\/12\/bantam-logo.png","contentUrl":"https:\/\/shop.bantam.ch\/wp-content\/uploads\/2022\/12\/bantam-logo.png","width":320,"height":71,"caption":"Bantam Camping AG"},"image":{"@id":"https:\/\/shop.bantam.ch\/de\/#\/schema\/logo\/image\/"}}]}},"_links":{"self":[{"href":"https:\/\/shop.bantam.ch\/de\/wp-json\/wp\/v2\/product\/226418","targetHints":{"allow":["GET"]}}],"collection":[{"href":"https:\/\/shop.bantam.ch\/de\/wp-json\/wp\/v2\/product"}],"about":[{"href":"https:\/\/shop.bantam.ch\/de\/wp-json\/wp\/v2\/types\/product"}],"wp:featuredmedia":[{"embeddable":true,"href":"https:\/\/shop.bantam.ch\/de\/wp-json\/wp\/v2\/media\/226412"}],"wp:attachment":[{"href":"https:\/\/shop.bantam.ch\/de\/wp-json\/wp\/v2\/media?parent=226418"}],"wp:term":[{"taxonomy":"product_featured_cat","embeddable":true,"href":"https:\/\/shop.bantam.ch\/de\/wp-json\/wp\/v2\/product_featured_cat?post=226418"},{"taxonomy":"product_brand","embeddable":true,"href":"https:\/\/shop.bantam.ch\/de\/wp-json\/wp\/v2\/product_brand?post=226418"},{"taxonomy":"product_cat","embeddable":true,"href":"https:\/\/shop.bantam.ch\/de\/wp-json\/wp\/v2\/product_cat?post=226418"},{"taxonomy":"product_tag","embeddable":true,"href":"https:\/\/shop.bantam.ch\/de\/wp-json\/wp\/v2\/product_tag?post=226418"}],"curies":[{"name":"wp","href":"https:\/\/api.w.org\/{rel}","templated":true}]}}