{"id":226308,"date":"2025-12-17T16:22:44","date_gmt":"2025-12-17T15:22:44","guid":{"rendered":"https:\/\/shop.bantam.ch\/produit\/tasche-moovi-pro-comfort\/"},"modified":"2026-05-11T23:41:06","modified_gmt":"2026-05-11T21:41:06","slug":"tasche-moovi-pro-comfort","status":"publish","type":"product","link":"https:\/\/shop.bantam.ch\/de\/produkt\/tasche-moovi-pro-comfort\/","title":{"rendered":"Tasche Moovi Pro Comfort"},"content":{"rendered":"<p>\u00a0<\/p>\n<p>Die Moovi Tragetasche ist das Richtige f\u00fcr Sie, wenn Sie Ihren Moovi gerne sicher und kompakt verstauen und transportieren wollen. Sie ist ideal um Ihren Moovi E Scooter mit auf Reisen zu nehmen, oder auch im Alltag von A nach B zu bringen (wenn Moovi fahren keine Option ist). An der Innenseite der Tasche sind Sicherheitsgurte angebracht, mit denen Sie Ihren Moovi E Scooter fixieren k\u00f6nnen. Eine Tasche mit Rei\u00dfverschluss an der Au\u00dfenseite erm\u00f6glicht Ihnen das verstauen des Ladekabels, wenn Sie Ihren Moovi auf l\u00e4ngere Reisen minehmen. Durch den zentimetergenauen Schnitt vergr\u00f6\u00dfert sich das Packma\u00df nur marginal und Ihr Moovi E Scooter bleibt kompakt und handlich bei einem Packma\u00df von unter einem Meter. F\u00fcr Moovi Pro.<\/p>\n<p>Material:<br \/>100 % Nylon<\/p>\n","protected":false},"excerpt":{"rendered":"<p>\u00a0 Die Moovi Tragetasche ist das Richtige f\u00fcr Sie, wenn Sie Ihren Moovi gerne sicher und kompakt verstauen und transportieren wollen. Sie ist ideal um Ihren Moovi E Scooter mit auf Reisen zu nehmen, oder auch im Alltag von A nach B zu bringen (wenn Moovi fahren keine Option ist). An der Innenseite der Tasche [&hellip;]<\/p>\n","protected":false},"featured_media":226300,"template":"","meta":{"_acf_changed":false},"product_featured_cat":[],"product_brand":[],"product_cat":[5128],"product_tag":[],"class_list":{"0":"post-226308","1":"product","2":"type-product","3":"status-publish","4":"has-post-thumbnail","6":"product_cat-e-scooter","8":"first","9":"instock","10":"taxable","11":"shipping-taxable","12":"purchasable","13":"product-type-simple"},"acf":[],"yoast_head":"<!-- This site is optimized with the Yoast SEO plugin v27.5 - https:\/\/yoast.com\/product\/yoast-seo-wordpress\/ -->\n<title>Tasche Moovi Pro Comfort - Bantam<\/title>\n<meta name=\"robots\" content=\"index, follow, max-snippet:-1, max-image-preview:large, max-video-preview:-1\" \/>\n<link rel=\"canonical\" href=\"https:\/\/shop.bantam.ch\/de\/produkt\/tasche-moovi-pro-comfort\/\" \/>\n<meta property=\"og:locale\" content=\"de_DE\" \/>\n<meta property=\"og:type\" content=\"article\" \/>\n<meta property=\"og:title\" content=\"Tasche Moovi Pro Comfort - Bantam\" \/>\n<meta property=\"og:description\" content=\"\u00a0 Die Moovi Tragetasche ist das Richtige f\u00fcr Sie, wenn Sie Ihren Moovi gerne sicher und kompakt verstauen und transportieren wollen. Sie ist ideal um Ihren Moovi E Scooter mit auf Reisen zu nehmen, oder auch im Alltag von A nach B zu bringen (wenn Moovi fahren keine Option ist). An der Innenseite der Tasche [&hellip;]\" \/>\n<meta property=\"og:url\" content=\"https:\/\/shop.bantam.ch\/de\/produkt\/tasche-moovi-pro-comfort\/\" \/>\n<meta property=\"og:site_name\" content=\"Bantam\" \/>\n<meta property=\"article:modified_time\" content=\"2026-05-11T21:41:06+00:00\" \/>\n<meta name=\"twitter:card\" content=\"summary_large_image\" \/>\n<meta name=\"twitter:label1\" content=\"Gesch\u00e4tzte Lesezeit\" \/>\n\t<meta name=\"twitter:data1\" content=\"1\u00a0Minute\" \/>\n<script type=\"application\/ld+json\" class=\"yoast-schema-graph\">{\"@context\":\"https:\\\/\\\/schema.org\",\"@graph\":[{\"@type\":\"WebPage\",\"@id\":\"https:\\\/\\\/shop.bantam.ch\\\/de\\\/produkt\\\/tasche-moovi-pro-comfort\\\/\",\"url\":\"https:\\\/\\\/shop.bantam.ch\\\/de\\\/produkt\\\/tasche-moovi-pro-comfort\\\/\",\"name\":\"Tasche Moovi Pro Comfort - Bantam\",\"isPartOf\":{\"@id\":\"https:\\\/\\\/shop.bantam.ch\\\/de\\\/#website\"},\"primaryImageOfPage\":{\"@id\":\"https:\\\/\\\/shop.bantam.ch\\\/de\\\/produkt\\\/tasche-moovi-pro-comfort\\\/#primaryimage\"},\"image\":{\"@id\":\"https:\\\/\\\/shop.bantam.ch\\\/de\\\/produkt\\\/tasche-moovi-pro-comfort\\\/#primaryimage\"},\"thumbnailUrl\":\"https:\\\/\\\/shop.bantam.ch\\\/wp-content\\\/uploads\\\/2025\\\/12\\\/Movera-L-9944558100.jpg\",\"datePublished\":\"2025-12-17T15:22:44+00:00\",\"dateModified\":\"2026-05-11T21:41:06+00:00\",\"breadcrumb\":{\"@id\":\"https:\\\/\\\/shop.bantam.ch\\\/de\\\/produkt\\\/tasche-moovi-pro-comfort\\\/#breadcrumb\"},\"inLanguage\":\"de\",\"potentialAction\":[{\"@type\":\"ReadAction\",\"target\":[\"https:\\\/\\\/shop.bantam.ch\\\/de\\\/produkt\\\/tasche-moovi-pro-comfort\\\/\"]}]},{\"@type\":\"ImageObject\",\"inLanguage\":\"de\",\"@id\":\"https:\\\/\\\/shop.bantam.ch\\\/de\\\/produkt\\\/tasche-moovi-pro-comfort\\\/#primaryimage\",\"url\":\"https:\\\/\\\/shop.bantam.ch\\\/wp-content\\\/uploads\\\/2025\\\/12\\\/Movera-L-9944558100.jpg\",\"contentUrl\":\"https:\\\/\\\/shop.bantam.ch\\\/wp-content\\\/uploads\\\/2025\\\/12\\\/Movera-L-9944558100.jpg\",\"width\":640,\"height\":243},{\"@type\":\"BreadcrumbList\",\"@id\":\"https:\\\/\\\/shop.bantam.ch\\\/de\\\/produkt\\\/tasche-moovi-pro-comfort\\\/#breadcrumb\",\"itemListElement\":[{\"@type\":\"ListItem\",\"position\":1,\"name\":\"Accueil\",\"item\":\"https:\\\/\\\/shop.bantam.ch\\\/de\\\/\"},{\"@type\":\"ListItem\",\"position\":2,\"name\":\"Shop\",\"item\":\"https:\\\/\\\/shop.bantam.ch\\\/de\\\/shop\\\/\"},{\"@type\":\"ListItem\",\"position\":3,\"name\":\"Tasche Moovi Pro Comfort\"}]},{\"@type\":\"WebSite\",\"@id\":\"https:\\\/\\\/shop.bantam.ch\\\/de\\\/#website\",\"url\":\"https:\\\/\\\/shop.bantam.ch\\\/de\\\/\",\"name\":\"Bantam\",\"description\":\"\",\"publisher\":{\"@id\":\"https:\\\/\\\/shop.bantam.ch\\\/de\\\/#organization\"},\"inLanguage\":\"de\"},{\"@type\":\"Organization\",\"@id\":\"https:\\\/\\\/shop.bantam.ch\\\/de\\\/#organization\",\"name\":\"Bantam\",\"url\":\"https:\\\/\\\/shop.bantam.ch\\\/de\\\/\",\"logo\":{\"@type\":\"ImageObject\",\"inLanguage\":\"de\",\"@id\":\"https:\\\/\\\/shop.bantam.ch\\\/de\\\/#\\\/schema\\\/logo\\\/image\\\/\",\"url\":\"https:\\\/\\\/shop.bantam.ch\\\/wp-content\\\/uploads\\\/2022\\\/12\\\/bantam-logo.png\",\"contentUrl\":\"https:\\\/\\\/shop.bantam.ch\\\/wp-content\\\/uploads\\\/2022\\\/12\\\/bantam-logo.png\",\"width\":320,\"height\":71,\"caption\":\"Bantam\"},\"image\":{\"@id\":\"https:\\\/\\\/shop.bantam.ch\\\/de\\\/#\\\/schema\\\/logo\\\/image\\\/\"}}]}<\/script>\n<!-- \/ Yoast SEO plugin. -->","yoast_head_json":{"title":"Tasche Moovi Pro Comfort - Bantam","robots":{"index":"index","follow":"follow","max-snippet":"max-snippet:-1","max-image-preview":"max-image-preview:large","max-video-preview":"max-video-preview:-1"},"canonical":"https:\/\/shop.bantam.ch\/de\/produkt\/tasche-moovi-pro-comfort\/","og_locale":"de_DE","og_type":"article","og_title":"Tasche Moovi Pro Comfort - Bantam","og_description":"\u00a0 Die Moovi Tragetasche ist das Richtige f\u00fcr Sie, wenn Sie Ihren Moovi gerne sicher und kompakt verstauen und transportieren wollen. Sie ist ideal um Ihren Moovi E Scooter mit auf Reisen zu nehmen, oder auch im Alltag von A nach B zu bringen (wenn Moovi fahren keine Option ist). An der Innenseite der Tasche [&hellip;]","og_url":"https:\/\/shop.bantam.ch\/de\/produkt\/tasche-moovi-pro-comfort\/","og_site_name":"Bantam","article_modified_time":"2026-05-11T21:41:06+00:00","twitter_card":"summary_large_image","twitter_misc":{"Gesch\u00e4tzte Lesezeit":"1\u00a0Minute"},"schema":{"@context":"https:\/\/schema.org","@graph":[{"@type":"WebPage","@id":"https:\/\/shop.bantam.ch\/de\/produkt\/tasche-moovi-pro-comfort\/","url":"https:\/\/shop.bantam.ch\/de\/produkt\/tasche-moovi-pro-comfort\/","name":"Tasche Moovi Pro Comfort - Bantam","isPartOf":{"@id":"https:\/\/shop.bantam.ch\/de\/#website"},"primaryImageOfPage":{"@id":"https:\/\/shop.bantam.ch\/de\/produkt\/tasche-moovi-pro-comfort\/#primaryimage"},"image":{"@id":"https:\/\/shop.bantam.ch\/de\/produkt\/tasche-moovi-pro-comfort\/#primaryimage"},"thumbnailUrl":"https:\/\/shop.bantam.ch\/wp-content\/uploads\/2025\/12\/Movera-L-9944558100.jpg","datePublished":"2025-12-17T15:22:44+00:00","dateModified":"2026-05-11T21:41:06+00:00","breadcrumb":{"@id":"https:\/\/shop.bantam.ch\/de\/produkt\/tasche-moovi-pro-comfort\/#breadcrumb"},"inLanguage":"de","potentialAction":[{"@type":"ReadAction","target":["https:\/\/shop.bantam.ch\/de\/produkt\/tasche-moovi-pro-comfort\/"]}]},{"@type":"ImageObject","inLanguage":"de","@id":"https:\/\/shop.bantam.ch\/de\/produkt\/tasche-moovi-pro-comfort\/#primaryimage","url":"https:\/\/shop.bantam.ch\/wp-content\/uploads\/2025\/12\/Movera-L-9944558100.jpg","contentUrl":"https:\/\/shop.bantam.ch\/wp-content\/uploads\/2025\/12\/Movera-L-9944558100.jpg","width":640,"height":243},{"@type":"BreadcrumbList","@id":"https:\/\/shop.bantam.ch\/de\/produkt\/tasche-moovi-pro-comfort\/#breadcrumb","itemListElement":[{"@type":"ListItem","position":1,"name":"Accueil","item":"https:\/\/shop.bantam.ch\/de\/"},{"@type":"ListItem","position":2,"name":"Shop","item":"https:\/\/shop.bantam.ch\/de\/shop\/"},{"@type":"ListItem","position":3,"name":"Tasche Moovi Pro Comfort"}]},{"@type":"WebSite","@id":"https:\/\/shop.bantam.ch\/de\/#website","url":"https:\/\/shop.bantam.ch\/de\/","name":"Bantam","description":"","publisher":{"@id":"https:\/\/shop.bantam.ch\/de\/#organization"},"inLanguage":"de"},{"@type":"Organization","@id":"https:\/\/shop.bantam.ch\/de\/#organization","name":"Bantam","url":"https:\/\/shop.bantam.ch\/de\/","logo":{"@type":"ImageObject","inLanguage":"de","@id":"https:\/\/shop.bantam.ch\/de\/#\/schema\/logo\/image\/","url":"https:\/\/shop.bantam.ch\/wp-content\/uploads\/2022\/12\/bantam-logo.png","contentUrl":"https:\/\/shop.bantam.ch\/wp-content\/uploads\/2022\/12\/bantam-logo.png","width":320,"height":71,"caption":"Bantam"},"image":{"@id":"https:\/\/shop.bantam.ch\/de\/#\/schema\/logo\/image\/"}}]}},"_links":{"self":[{"href":"https:\/\/shop.bantam.ch\/de\/wp-json\/wp\/v2\/product\/226308","targetHints":{"allow":["GET"]}}],"collection":[{"href":"https:\/\/shop.bantam.ch\/de\/wp-json\/wp\/v2\/product"}],"about":[{"href":"https:\/\/shop.bantam.ch\/de\/wp-json\/wp\/v2\/types\/product"}],"wp:featuredmedia":[{"embeddable":true,"href":"https:\/\/shop.bantam.ch\/de\/wp-json\/wp\/v2\/media\/226300"}],"wp:attachment":[{"href":"https:\/\/shop.bantam.ch\/de\/wp-json\/wp\/v2\/media?parent=226308"}],"wp:term":[{"taxonomy":"product_featured_cat","embeddable":true,"href":"https:\/\/shop.bantam.ch\/de\/wp-json\/wp\/v2\/product_featured_cat?post=226308"},{"taxonomy":"product_brand","embeddable":true,"href":"https:\/\/shop.bantam.ch\/de\/wp-json\/wp\/v2\/product_brand?post=226308"},{"taxonomy":"product_cat","embeddable":true,"href":"https:\/\/shop.bantam.ch\/de\/wp-json\/wp\/v2\/product_cat?post=226308"},{"taxonomy":"product_tag","embeddable":true,"href":"https:\/\/shop.bantam.ch\/de\/wp-json\/wp\/v2\/product_tag?post=226308"}],"curies":[{"name":"wp","href":"https:\/\/api.w.org\/{rel}","templated":true}]}}