{"id":226292,"date":"2025-12-17T16:22:24","date_gmt":"2025-12-17T15:22:24","guid":{"rendered":"https:\/\/shop.bantam.ch\/produit\/geschirrset-melamin-brunner-astralys-all-inclusive-36-tlg-farbe-weiss-grau\/"},"modified":"2026-04-18T23:47:00","modified_gmt":"2026-04-18T21:47:00","slug":"geschirrset-melamin-brunner-astralys-all-inclusive-36-tlg-farbe-weiss-grau","status":"publish","type":"product","link":"https:\/\/shop.bantam.ch\/de\/produkt\/geschirrset-melamin-brunner-astralys-all-inclusive-36-tlg-farbe-weiss-grau\/","title":{"rendered":"Geschirrset Melamin BRUNNER Astralys All inclusive 36-tlg. Farbe wei\u00df \/ grau"},"content":{"rendered":"<p>Geschirr-Set aus Melamin mit rutschfester Antislip-Unterseite. Modernes elegantes Design, bruchfest, leicht und formstabil. Ideal f\u00fcr den Einsatz in Freizeitfahrzeugen, Booten, beim Campen, Grillen, uvm.<\/p>\n<p>36-teiliges Set bestehend aus:<\/p>\n<ul>\n<li>4 x Essteller, \u00d8 25 cm<\/li>\n<li>4 x Suppenteller, \u00d8 22 cm<\/li>\n<li>4 x Dessertteller, \u00d8 20 cm<\/li>\n<li>4 x Henkelbecher, 200 ml<\/li>\n<li>4 x Trinkglas, 300 ml<\/li>\n<li>16-tlg. Besteckset<\/li>\n<li>1 x Transportbox<\/li>\n<\/ul>\n","protected":false},"excerpt":{"rendered":"<p>Geschirr-Set aus Melamin mit rutschfester Antislip-Unterseite. Modernes elegantes Design, bruchfest, leicht und formstabil. Ideal f\u00fcr den Einsatz in Freizeitfahrzeugen, Booten, beim Campen, Grillen, uvm. 36-teiliges Set bestehend aus: 4 x Essteller, \u00d8 25 cm 4 x Suppenteller, \u00d8 22 cm 4 x Dessertteller, \u00d8 20 cm 4 x Henkelbecher, 200 ml 4 x Trinkglas, 300 [&hellip;]<\/p>\n","protected":false},"featured_media":226290,"template":"","meta":{"_acf_changed":false},"product_featured_cat":[],"product_brand":[],"product_cat":[4274],"product_tag":[],"class_list":{"0":"post-226292","1":"product","2":"type-product","3":"status-publish","4":"has-post-thumbnail","6":"product_cat-geschirrsets","8":"first","9":"instock","10":"taxable","11":"shipping-taxable","12":"purchasable","13":"product-type-simple"},"acf":[],"yoast_head":"<!-- This site is optimized with the Yoast SEO plugin v27.4 - https:\/\/yoast.com\/product\/yoast-seo-wordpress\/ -->\n<title>Geschirrset Melamin BRUNNER Astralys All inclusive 36-tlg. Farbe wei\u00df \/ grau - Bantam Camping AG<\/title>\n<meta name=\"robots\" content=\"index, follow, max-snippet:-1, max-image-preview:large, max-video-preview:-1\" \/>\n<link rel=\"canonical\" href=\"https:\/\/shop.bantam.ch\/de\/produkt\/geschirrset-melamin-brunner-astralys-all-inclusive-36-tlg-farbe-weiss-grau\/\" \/>\n<meta property=\"og:locale\" content=\"de_DE\" \/>\n<meta property=\"og:type\" content=\"article\" \/>\n<meta property=\"og:title\" content=\"Geschirrset Melamin BRUNNER Astralys All inclusive 36-tlg. Farbe wei\u00df \/ grau - Bantam Camping AG\" \/>\n<meta property=\"og:description\" content=\"Geschirr-Set aus Melamin mit rutschfester Antislip-Unterseite. Modernes elegantes Design, bruchfest, leicht und formstabil. Ideal f\u00fcr den Einsatz in Freizeitfahrzeugen, Booten, beim Campen, Grillen, uvm. 36-teiliges Set bestehend aus: 4 x Essteller, \u00d8 25 cm 4 x Suppenteller, \u00d8 22 cm 4 x Dessertteller, \u00d8 20 cm 4 x Henkelbecher, 200 ml 4 x Trinkglas, 300 [&hellip;]\" \/>\n<meta property=\"og:url\" content=\"https:\/\/shop.bantam.ch\/de\/produkt\/geschirrset-melamin-brunner-astralys-all-inclusive-36-tlg-farbe-weiss-grau\/\" \/>\n<meta property=\"og:site_name\" content=\"Bantam Camping AG\" \/>\n<meta property=\"article:modified_time\" content=\"2026-04-18T21:47:00+00:00\" \/>\n<meta name=\"twitter:card\" content=\"summary_large_image\" \/>\n<script type=\"application\/ld+json\" class=\"yoast-schema-graph\">{\"@context\":\"https:\\\/\\\/schema.org\",\"@graph\":[{\"@type\":\"WebPage\",\"@id\":\"https:\\\/\\\/shop.bantam.ch\\\/de\\\/produkt\\\/geschirrset-melamin-brunner-astralys-all-inclusive-36-tlg-farbe-weiss-grau\\\/\",\"url\":\"https:\\\/\\\/shop.bantam.ch\\\/de\\\/produkt\\\/geschirrset-melamin-brunner-astralys-all-inclusive-36-tlg-farbe-weiss-grau\\\/\",\"name\":\"Geschirrset Melamin BRUNNER Astralys All inclusive 36-tlg. Farbe wei\u00df \\\/ grau - Bantam Camping AG\",\"isPartOf\":{\"@id\":\"https:\\\/\\\/shop.bantam.ch\\\/de\\\/#website\"},\"primaryImageOfPage\":{\"@id\":\"https:\\\/\\\/shop.bantam.ch\\\/de\\\/produkt\\\/geschirrset-melamin-brunner-astralys-all-inclusive-36-tlg-farbe-weiss-grau\\\/#primaryimage\"},\"image\":{\"@id\":\"https:\\\/\\\/shop.bantam.ch\\\/de\\\/produkt\\\/geschirrset-melamin-brunner-astralys-all-inclusive-36-tlg-farbe-weiss-grau\\\/#primaryimage\"},\"thumbnailUrl\":\"https:\\\/\\\/shop.bantam.ch\\\/wp-content\\\/uploads\\\/2025\\\/12\\\/Movera-L-9944361100.jpg\",\"datePublished\":\"2025-12-17T15:22:24+00:00\",\"dateModified\":\"2026-04-18T21:47:00+00:00\",\"breadcrumb\":{\"@id\":\"https:\\\/\\\/shop.bantam.ch\\\/de\\\/produkt\\\/geschirrset-melamin-brunner-astralys-all-inclusive-36-tlg-farbe-weiss-grau\\\/#breadcrumb\"},\"inLanguage\":\"de\",\"potentialAction\":[{\"@type\":\"ReadAction\",\"target\":[\"https:\\\/\\\/shop.bantam.ch\\\/de\\\/produkt\\\/geschirrset-melamin-brunner-astralys-all-inclusive-36-tlg-farbe-weiss-grau\\\/\"]}]},{\"@type\":\"ImageObject\",\"inLanguage\":\"de\",\"@id\":\"https:\\\/\\\/shop.bantam.ch\\\/de\\\/produkt\\\/geschirrset-melamin-brunner-astralys-all-inclusive-36-tlg-farbe-weiss-grau\\\/#primaryimage\",\"url\":\"https:\\\/\\\/shop.bantam.ch\\\/wp-content\\\/uploads\\\/2025\\\/12\\\/Movera-L-9944361100.jpg\",\"contentUrl\":\"https:\\\/\\\/shop.bantam.ch\\\/wp-content\\\/uploads\\\/2025\\\/12\\\/Movera-L-9944361100.jpg\",\"width\":640,\"height\":363},{\"@type\":\"BreadcrumbList\",\"@id\":\"https:\\\/\\\/shop.bantam.ch\\\/de\\\/produkt\\\/geschirrset-melamin-brunner-astralys-all-inclusive-36-tlg-farbe-weiss-grau\\\/#breadcrumb\",\"itemListElement\":[{\"@type\":\"ListItem\",\"position\":1,\"name\":\"Accueil\",\"item\":\"https:\\\/\\\/shop.bantam.ch\\\/de\\\/\"},{\"@type\":\"ListItem\",\"position\":2,\"name\":\"Shop\",\"item\":\"https:\\\/\\\/shop.bantam.ch\\\/de\\\/shop\\\/\"},{\"@type\":\"ListItem\",\"position\":3,\"name\":\"Geschirrset Melamin BRUNNER Astralys All inclusive 36-tlg. Farbe wei\u00df \\\/ grau\"}]},{\"@type\":\"WebSite\",\"@id\":\"https:\\\/\\\/shop.bantam.ch\\\/de\\\/#website\",\"url\":\"https:\\\/\\\/shop.bantam.ch\\\/de\\\/\",\"name\":\"Bantam Camping AG\",\"description\":\"\",\"publisher\":{\"@id\":\"https:\\\/\\\/shop.bantam.ch\\\/de\\\/#organization\"},\"inLanguage\":\"de\"},{\"@type\":\"Organization\",\"@id\":\"https:\\\/\\\/shop.bantam.ch\\\/de\\\/#organization\",\"name\":\"Bantam Camping AG\",\"url\":\"https:\\\/\\\/shop.bantam.ch\\\/de\\\/\",\"logo\":{\"@type\":\"ImageObject\",\"inLanguage\":\"de\",\"@id\":\"https:\\\/\\\/shop.bantam.ch\\\/de\\\/#\\\/schema\\\/logo\\\/image\\\/\",\"url\":\"https:\\\/\\\/shop.bantam.ch\\\/wp-content\\\/uploads\\\/2022\\\/12\\\/bantam-logo.png\",\"contentUrl\":\"https:\\\/\\\/shop.bantam.ch\\\/wp-content\\\/uploads\\\/2022\\\/12\\\/bantam-logo.png\",\"width\":320,\"height\":71,\"caption\":\"Bantam Camping AG\"},\"image\":{\"@id\":\"https:\\\/\\\/shop.bantam.ch\\\/de\\\/#\\\/schema\\\/logo\\\/image\\\/\"}}]}<\/script>\n<!-- \/ Yoast SEO plugin. -->","yoast_head_json":{"title":"Geschirrset Melamin BRUNNER Astralys All inclusive 36-tlg. Farbe wei\u00df \/ grau - Bantam Camping AG","robots":{"index":"index","follow":"follow","max-snippet":"max-snippet:-1","max-image-preview":"max-image-preview:large","max-video-preview":"max-video-preview:-1"},"canonical":"https:\/\/shop.bantam.ch\/de\/produkt\/geschirrset-melamin-brunner-astralys-all-inclusive-36-tlg-farbe-weiss-grau\/","og_locale":"de_DE","og_type":"article","og_title":"Geschirrset Melamin BRUNNER Astralys All inclusive 36-tlg. Farbe wei\u00df \/ grau - Bantam Camping AG","og_description":"Geschirr-Set aus Melamin mit rutschfester Antislip-Unterseite. Modernes elegantes Design, bruchfest, leicht und formstabil. Ideal f\u00fcr den Einsatz in Freizeitfahrzeugen, Booten, beim Campen, Grillen, uvm. 36-teiliges Set bestehend aus: 4 x Essteller, \u00d8 25 cm 4 x Suppenteller, \u00d8 22 cm 4 x Dessertteller, \u00d8 20 cm 4 x Henkelbecher, 200 ml 4 x Trinkglas, 300 [&hellip;]","og_url":"https:\/\/shop.bantam.ch\/de\/produkt\/geschirrset-melamin-brunner-astralys-all-inclusive-36-tlg-farbe-weiss-grau\/","og_site_name":"Bantam Camping AG","article_modified_time":"2026-04-18T21:47:00+00:00","twitter_card":"summary_large_image","schema":{"@context":"https:\/\/schema.org","@graph":[{"@type":"WebPage","@id":"https:\/\/shop.bantam.ch\/de\/produkt\/geschirrset-melamin-brunner-astralys-all-inclusive-36-tlg-farbe-weiss-grau\/","url":"https:\/\/shop.bantam.ch\/de\/produkt\/geschirrset-melamin-brunner-astralys-all-inclusive-36-tlg-farbe-weiss-grau\/","name":"Geschirrset Melamin BRUNNER Astralys All inclusive 36-tlg. Farbe wei\u00df \/ grau - Bantam Camping AG","isPartOf":{"@id":"https:\/\/shop.bantam.ch\/de\/#website"},"primaryImageOfPage":{"@id":"https:\/\/shop.bantam.ch\/de\/produkt\/geschirrset-melamin-brunner-astralys-all-inclusive-36-tlg-farbe-weiss-grau\/#primaryimage"},"image":{"@id":"https:\/\/shop.bantam.ch\/de\/produkt\/geschirrset-melamin-brunner-astralys-all-inclusive-36-tlg-farbe-weiss-grau\/#primaryimage"},"thumbnailUrl":"https:\/\/shop.bantam.ch\/wp-content\/uploads\/2025\/12\/Movera-L-9944361100.jpg","datePublished":"2025-12-17T15:22:24+00:00","dateModified":"2026-04-18T21:47:00+00:00","breadcrumb":{"@id":"https:\/\/shop.bantam.ch\/de\/produkt\/geschirrset-melamin-brunner-astralys-all-inclusive-36-tlg-farbe-weiss-grau\/#breadcrumb"},"inLanguage":"de","potentialAction":[{"@type":"ReadAction","target":["https:\/\/shop.bantam.ch\/de\/produkt\/geschirrset-melamin-brunner-astralys-all-inclusive-36-tlg-farbe-weiss-grau\/"]}]},{"@type":"ImageObject","inLanguage":"de","@id":"https:\/\/shop.bantam.ch\/de\/produkt\/geschirrset-melamin-brunner-astralys-all-inclusive-36-tlg-farbe-weiss-grau\/#primaryimage","url":"https:\/\/shop.bantam.ch\/wp-content\/uploads\/2025\/12\/Movera-L-9944361100.jpg","contentUrl":"https:\/\/shop.bantam.ch\/wp-content\/uploads\/2025\/12\/Movera-L-9944361100.jpg","width":640,"height":363},{"@type":"BreadcrumbList","@id":"https:\/\/shop.bantam.ch\/de\/produkt\/geschirrset-melamin-brunner-astralys-all-inclusive-36-tlg-farbe-weiss-grau\/#breadcrumb","itemListElement":[{"@type":"ListItem","position":1,"name":"Accueil","item":"https:\/\/shop.bantam.ch\/de\/"},{"@type":"ListItem","position":2,"name":"Shop","item":"https:\/\/shop.bantam.ch\/de\/shop\/"},{"@type":"ListItem","position":3,"name":"Geschirrset Melamin BRUNNER Astralys All inclusive 36-tlg. Farbe wei\u00df \/ grau"}]},{"@type":"WebSite","@id":"https:\/\/shop.bantam.ch\/de\/#website","url":"https:\/\/shop.bantam.ch\/de\/","name":"Bantam Camping AG","description":"","publisher":{"@id":"https:\/\/shop.bantam.ch\/de\/#organization"},"inLanguage":"de"},{"@type":"Organization","@id":"https:\/\/shop.bantam.ch\/de\/#organization","name":"Bantam Camping AG","url":"https:\/\/shop.bantam.ch\/de\/","logo":{"@type":"ImageObject","inLanguage":"de","@id":"https:\/\/shop.bantam.ch\/de\/#\/schema\/logo\/image\/","url":"https:\/\/shop.bantam.ch\/wp-content\/uploads\/2022\/12\/bantam-logo.png","contentUrl":"https:\/\/shop.bantam.ch\/wp-content\/uploads\/2022\/12\/bantam-logo.png","width":320,"height":71,"caption":"Bantam Camping AG"},"image":{"@id":"https:\/\/shop.bantam.ch\/de\/#\/schema\/logo\/image\/"}}]}},"_links":{"self":[{"href":"https:\/\/shop.bantam.ch\/de\/wp-json\/wp\/v2\/product\/226292","targetHints":{"allow":["GET"]}}],"collection":[{"href":"https:\/\/shop.bantam.ch\/de\/wp-json\/wp\/v2\/product"}],"about":[{"href":"https:\/\/shop.bantam.ch\/de\/wp-json\/wp\/v2\/types\/product"}],"wp:featuredmedia":[{"embeddable":true,"href":"https:\/\/shop.bantam.ch\/de\/wp-json\/wp\/v2\/media\/226290"}],"wp:attachment":[{"href":"https:\/\/shop.bantam.ch\/de\/wp-json\/wp\/v2\/media?parent=226292"}],"wp:term":[{"taxonomy":"product_featured_cat","embeddable":true,"href":"https:\/\/shop.bantam.ch\/de\/wp-json\/wp\/v2\/product_featured_cat?post=226292"},{"taxonomy":"product_brand","embeddable":true,"href":"https:\/\/shop.bantam.ch\/de\/wp-json\/wp\/v2\/product_brand?post=226292"},{"taxonomy":"product_cat","embeddable":true,"href":"https:\/\/shop.bantam.ch\/de\/wp-json\/wp\/v2\/product_cat?post=226292"},{"taxonomy":"product_tag","embeddable":true,"href":"https:\/\/shop.bantam.ch\/de\/wp-json\/wp\/v2\/product_tag?post=226292"}],"curies":[{"name":"wp","href":"https:\/\/api.w.org\/{rel}","templated":true}]}}