{"id":226224,"date":"2025-12-17T16:20:19","date_gmt":"2025-12-17T15:20:19","guid":{"rendered":"https:\/\/shop.bantam.ch\/produit\/henkelbecher-mepal-flow-160-ml-farbe-schwarz\/"},"modified":"2026-05-02T23:39:04","modified_gmt":"2026-05-02T21:39:04","slug":"henkelbecher-mepal-flow-160-ml-farbe-schwarz","status":"publish","type":"product","link":"https:\/\/shop.bantam.ch\/de\/produkt\/henkelbecher-mepal-flow-160-ml-farbe-schwarz\/","title":{"rendered":"Henkelbecher MEPAL Flow 160 ml Farbe schwarz"},"content":{"rendered":"<p>Becher Flow 160 ml in der Farbe schwarz. Dieser kleine Flow Becher von Mepal wird aus Melamin hergestellt, hat einen Inhalt von 160 ml und ist Teil der Geschirr Serie Flow. Das Flow Geschirr zeichnet sich durch seine zeitgem\u00e4\u00dfe Formgebung und gute Stapelbarkeit aus. Du kannst die Flow Becher ganz einfach stapeln, so passen sie gut in die (K\u00fcchen)Schr\u00e4nke deines Caravans, Bootes oder Wohnwagens. Erh\u00e4ltlich ist das Flow Freizeitgeschirr in mehreren Farben und Dekoren, es besteht aus verschiedenen Tellern, Servierschalen, Gl\u00e4sern und Bechern. Alles l\u00e4sst sich prima miteianander kombinieren!<\/p>\n","protected":false},"excerpt":{"rendered":"<p>Becher Flow 160 ml in der Farbe schwarz. Dieser kleine Flow Becher von Mepal wird aus Melamin hergestellt, hat einen Inhalt von 160 ml und ist Teil der Geschirr Serie Flow. Das Flow Geschirr zeichnet sich durch seine zeitgem\u00e4\u00dfe Formgebung und gute Stapelbarkeit aus. Du kannst die Flow Becher ganz einfach stapeln, so passen sie [&hellip;]<\/p>\n","protected":false},"featured_media":226222,"template":"","meta":{"_acf_changed":false},"product_featured_cat":[],"product_brand":[],"product_cat":[4270],"product_tag":[],"class_list":{"0":"post-226224","1":"product","2":"type-product","3":"status-publish","4":"has-post-thumbnail","6":"product_cat-becher-tassen-glaeser","8":"first","9":"instock","10":"taxable","11":"shipping-taxable","12":"purchasable","13":"product-type-simple"},"acf":[],"yoast_head":"<!-- This site is optimized with the Yoast SEO plugin v27.5 - https:\/\/yoast.com\/product\/yoast-seo-wordpress\/ -->\n<title>Henkelbecher MEPAL Flow 160 ml Farbe schwarz - Bantam<\/title>\n<meta name=\"robots\" content=\"index, follow, max-snippet:-1, max-image-preview:large, max-video-preview:-1\" \/>\n<link rel=\"canonical\" href=\"https:\/\/shop.bantam.ch\/de\/produkt\/henkelbecher-mepal-flow-160-ml-farbe-schwarz\/\" \/>\n<meta property=\"og:locale\" content=\"de_DE\" \/>\n<meta property=\"og:type\" content=\"article\" \/>\n<meta property=\"og:title\" content=\"Henkelbecher MEPAL Flow 160 ml Farbe schwarz - Bantam\" \/>\n<meta property=\"og:description\" content=\"Becher Flow 160 ml in der Farbe schwarz. Dieser kleine Flow Becher von Mepal wird aus Melamin hergestellt, hat einen Inhalt von 160 ml und ist Teil der Geschirr Serie Flow. Das Flow Geschirr zeichnet sich durch seine zeitgem\u00e4\u00dfe Formgebung und gute Stapelbarkeit aus. Du kannst die Flow Becher ganz einfach stapeln, so passen sie [&hellip;]\" \/>\n<meta property=\"og:url\" content=\"https:\/\/shop.bantam.ch\/de\/produkt\/henkelbecher-mepal-flow-160-ml-farbe-schwarz\/\" \/>\n<meta property=\"og:site_name\" content=\"Bantam\" \/>\n<meta property=\"article:modified_time\" content=\"2026-05-02T21:39:04+00:00\" \/>\n<meta name=\"twitter:card\" content=\"summary_large_image\" \/>\n<script type=\"application\/ld+json\" class=\"yoast-schema-graph\">{\"@context\":\"https:\\\/\\\/schema.org\",\"@graph\":[{\"@type\":\"WebPage\",\"@id\":\"https:\\\/\\\/shop.bantam.ch\\\/de\\\/produkt\\\/henkelbecher-mepal-flow-160-ml-farbe-schwarz\\\/\",\"url\":\"https:\\\/\\\/shop.bantam.ch\\\/de\\\/produkt\\\/henkelbecher-mepal-flow-160-ml-farbe-schwarz\\\/\",\"name\":\"Henkelbecher MEPAL Flow 160 ml Farbe schwarz - Bantam\",\"isPartOf\":{\"@id\":\"https:\\\/\\\/shop.bantam.ch\\\/de\\\/#website\"},\"primaryImageOfPage\":{\"@id\":\"https:\\\/\\\/shop.bantam.ch\\\/de\\\/produkt\\\/henkelbecher-mepal-flow-160-ml-farbe-schwarz\\\/#primaryimage\"},\"image\":{\"@id\":\"https:\\\/\\\/shop.bantam.ch\\\/de\\\/produkt\\\/henkelbecher-mepal-flow-160-ml-farbe-schwarz\\\/#primaryimage\"},\"thumbnailUrl\":\"https:\\\/\\\/shop.bantam.ch\\\/wp-content\\\/uploads\\\/2025\\\/12\\\/Movera-L-9934866200.jpg\",\"datePublished\":\"2025-12-17T15:20:19+00:00\",\"dateModified\":\"2026-05-02T21:39:04+00:00\",\"breadcrumb\":{\"@id\":\"https:\\\/\\\/shop.bantam.ch\\\/de\\\/produkt\\\/henkelbecher-mepal-flow-160-ml-farbe-schwarz\\\/#breadcrumb\"},\"inLanguage\":\"de\",\"potentialAction\":[{\"@type\":\"ReadAction\",\"target\":[\"https:\\\/\\\/shop.bantam.ch\\\/de\\\/produkt\\\/henkelbecher-mepal-flow-160-ml-farbe-schwarz\\\/\"]}]},{\"@type\":\"ImageObject\",\"inLanguage\":\"de\",\"@id\":\"https:\\\/\\\/shop.bantam.ch\\\/de\\\/produkt\\\/henkelbecher-mepal-flow-160-ml-farbe-schwarz\\\/#primaryimage\",\"url\":\"https:\\\/\\\/shop.bantam.ch\\\/wp-content\\\/uploads\\\/2025\\\/12\\\/Movera-L-9934866200.jpg\",\"contentUrl\":\"https:\\\/\\\/shop.bantam.ch\\\/wp-content\\\/uploads\\\/2025\\\/12\\\/Movera-L-9934866200.jpg\",\"width\":640,\"height\":427},{\"@type\":\"BreadcrumbList\",\"@id\":\"https:\\\/\\\/shop.bantam.ch\\\/de\\\/produkt\\\/henkelbecher-mepal-flow-160-ml-farbe-schwarz\\\/#breadcrumb\",\"itemListElement\":[{\"@type\":\"ListItem\",\"position\":1,\"name\":\"Accueil\",\"item\":\"https:\\\/\\\/shop.bantam.ch\\\/de\\\/\"},{\"@type\":\"ListItem\",\"position\":2,\"name\":\"Shop\",\"item\":\"https:\\\/\\\/shop.bantam.ch\\\/de\\\/shop\\\/\"},{\"@type\":\"ListItem\",\"position\":3,\"name\":\"Henkelbecher MEPAL Flow 160 ml Farbe schwarz\"}]},{\"@type\":\"WebSite\",\"@id\":\"https:\\\/\\\/shop.bantam.ch\\\/de\\\/#website\",\"url\":\"https:\\\/\\\/shop.bantam.ch\\\/de\\\/\",\"name\":\"Bantam\",\"description\":\"\",\"publisher\":{\"@id\":\"https:\\\/\\\/shop.bantam.ch\\\/de\\\/#organization\"},\"inLanguage\":\"de\"},{\"@type\":\"Organization\",\"@id\":\"https:\\\/\\\/shop.bantam.ch\\\/de\\\/#organization\",\"name\":\"Bantam\",\"url\":\"https:\\\/\\\/shop.bantam.ch\\\/de\\\/\",\"logo\":{\"@type\":\"ImageObject\",\"inLanguage\":\"de\",\"@id\":\"https:\\\/\\\/shop.bantam.ch\\\/de\\\/#\\\/schema\\\/logo\\\/image\\\/\",\"url\":\"https:\\\/\\\/shop.bantam.ch\\\/wp-content\\\/uploads\\\/2022\\\/12\\\/bantam-logo.png\",\"contentUrl\":\"https:\\\/\\\/shop.bantam.ch\\\/wp-content\\\/uploads\\\/2022\\\/12\\\/bantam-logo.png\",\"width\":320,\"height\":71,\"caption\":\"Bantam\"},\"image\":{\"@id\":\"https:\\\/\\\/shop.bantam.ch\\\/de\\\/#\\\/schema\\\/logo\\\/image\\\/\"}}]}<\/script>\n<!-- \/ Yoast SEO plugin. -->","yoast_head_json":{"title":"Henkelbecher MEPAL Flow 160 ml Farbe schwarz - Bantam","robots":{"index":"index","follow":"follow","max-snippet":"max-snippet:-1","max-image-preview":"max-image-preview:large","max-video-preview":"max-video-preview:-1"},"canonical":"https:\/\/shop.bantam.ch\/de\/produkt\/henkelbecher-mepal-flow-160-ml-farbe-schwarz\/","og_locale":"de_DE","og_type":"article","og_title":"Henkelbecher MEPAL Flow 160 ml Farbe schwarz - Bantam","og_description":"Becher Flow 160 ml in der Farbe schwarz. Dieser kleine Flow Becher von Mepal wird aus Melamin hergestellt, hat einen Inhalt von 160 ml und ist Teil der Geschirr Serie Flow. Das Flow Geschirr zeichnet sich durch seine zeitgem\u00e4\u00dfe Formgebung und gute Stapelbarkeit aus. Du kannst die Flow Becher ganz einfach stapeln, so passen sie [&hellip;]","og_url":"https:\/\/shop.bantam.ch\/de\/produkt\/henkelbecher-mepal-flow-160-ml-farbe-schwarz\/","og_site_name":"Bantam","article_modified_time":"2026-05-02T21:39:04+00:00","twitter_card":"summary_large_image","schema":{"@context":"https:\/\/schema.org","@graph":[{"@type":"WebPage","@id":"https:\/\/shop.bantam.ch\/de\/produkt\/henkelbecher-mepal-flow-160-ml-farbe-schwarz\/","url":"https:\/\/shop.bantam.ch\/de\/produkt\/henkelbecher-mepal-flow-160-ml-farbe-schwarz\/","name":"Henkelbecher MEPAL Flow 160 ml Farbe schwarz - Bantam","isPartOf":{"@id":"https:\/\/shop.bantam.ch\/de\/#website"},"primaryImageOfPage":{"@id":"https:\/\/shop.bantam.ch\/de\/produkt\/henkelbecher-mepal-flow-160-ml-farbe-schwarz\/#primaryimage"},"image":{"@id":"https:\/\/shop.bantam.ch\/de\/produkt\/henkelbecher-mepal-flow-160-ml-farbe-schwarz\/#primaryimage"},"thumbnailUrl":"https:\/\/shop.bantam.ch\/wp-content\/uploads\/2025\/12\/Movera-L-9934866200.jpg","datePublished":"2025-12-17T15:20:19+00:00","dateModified":"2026-05-02T21:39:04+00:00","breadcrumb":{"@id":"https:\/\/shop.bantam.ch\/de\/produkt\/henkelbecher-mepal-flow-160-ml-farbe-schwarz\/#breadcrumb"},"inLanguage":"de","potentialAction":[{"@type":"ReadAction","target":["https:\/\/shop.bantam.ch\/de\/produkt\/henkelbecher-mepal-flow-160-ml-farbe-schwarz\/"]}]},{"@type":"ImageObject","inLanguage":"de","@id":"https:\/\/shop.bantam.ch\/de\/produkt\/henkelbecher-mepal-flow-160-ml-farbe-schwarz\/#primaryimage","url":"https:\/\/shop.bantam.ch\/wp-content\/uploads\/2025\/12\/Movera-L-9934866200.jpg","contentUrl":"https:\/\/shop.bantam.ch\/wp-content\/uploads\/2025\/12\/Movera-L-9934866200.jpg","width":640,"height":427},{"@type":"BreadcrumbList","@id":"https:\/\/shop.bantam.ch\/de\/produkt\/henkelbecher-mepal-flow-160-ml-farbe-schwarz\/#breadcrumb","itemListElement":[{"@type":"ListItem","position":1,"name":"Accueil","item":"https:\/\/shop.bantam.ch\/de\/"},{"@type":"ListItem","position":2,"name":"Shop","item":"https:\/\/shop.bantam.ch\/de\/shop\/"},{"@type":"ListItem","position":3,"name":"Henkelbecher MEPAL Flow 160 ml Farbe schwarz"}]},{"@type":"WebSite","@id":"https:\/\/shop.bantam.ch\/de\/#website","url":"https:\/\/shop.bantam.ch\/de\/","name":"Bantam","description":"","publisher":{"@id":"https:\/\/shop.bantam.ch\/de\/#organization"},"inLanguage":"de"},{"@type":"Organization","@id":"https:\/\/shop.bantam.ch\/de\/#organization","name":"Bantam","url":"https:\/\/shop.bantam.ch\/de\/","logo":{"@type":"ImageObject","inLanguage":"de","@id":"https:\/\/shop.bantam.ch\/de\/#\/schema\/logo\/image\/","url":"https:\/\/shop.bantam.ch\/wp-content\/uploads\/2022\/12\/bantam-logo.png","contentUrl":"https:\/\/shop.bantam.ch\/wp-content\/uploads\/2022\/12\/bantam-logo.png","width":320,"height":71,"caption":"Bantam"},"image":{"@id":"https:\/\/shop.bantam.ch\/de\/#\/schema\/logo\/image\/"}}]}},"_links":{"self":[{"href":"https:\/\/shop.bantam.ch\/de\/wp-json\/wp\/v2\/product\/226224","targetHints":{"allow":["GET"]}}],"collection":[{"href":"https:\/\/shop.bantam.ch\/de\/wp-json\/wp\/v2\/product"}],"about":[{"href":"https:\/\/shop.bantam.ch\/de\/wp-json\/wp\/v2\/types\/product"}],"wp:featuredmedia":[{"embeddable":true,"href":"https:\/\/shop.bantam.ch\/de\/wp-json\/wp\/v2\/media\/226222"}],"wp:attachment":[{"href":"https:\/\/shop.bantam.ch\/de\/wp-json\/wp\/v2\/media?parent=226224"}],"wp:term":[{"taxonomy":"product_featured_cat","embeddable":true,"href":"https:\/\/shop.bantam.ch\/de\/wp-json\/wp\/v2\/product_featured_cat?post=226224"},{"taxonomy":"product_brand","embeddable":true,"href":"https:\/\/shop.bantam.ch\/de\/wp-json\/wp\/v2\/product_brand?post=226224"},{"taxonomy":"product_cat","embeddable":true,"href":"https:\/\/shop.bantam.ch\/de\/wp-json\/wp\/v2\/product_cat?post=226224"},{"taxonomy":"product_tag","embeddable":true,"href":"https:\/\/shop.bantam.ch\/de\/wp-json\/wp\/v2\/product_tag?post=226224"}],"curies":[{"name":"wp","href":"https:\/\/api.w.org\/{rel}","templated":true}]}}