{"id":226220,"date":"2025-12-17T16:20:07","date_gmt":"2025-12-17T15:20:07","guid":{"rendered":"https:\/\/shop.bantam.ch\/produit\/fernbedienung-buettner-e-bike-on-fuer-600-si-n-1200-si-si-n\/"},"modified":"2026-04-18T23:46:39","modified_gmt":"2026-04-18T21:46:39","slug":"fernbedienung-buettner-e-bike-on-fuer-600-si-n-1200-si-si-n","status":"publish","type":"product","link":"https:\/\/shop.bantam.ch\/de\/produkt\/fernbedienung-buettner-e-bike-on-fuer-600-si-n-1200-si-si-n\/","title":{"rendered":"Fernbedienung B\u00fcttner E-Bike-ON f\u00fcr 600 SI-N\/ 1200 SI\/ SI-N"},"content":{"rendered":"<p>F\u00fcr die MT-Ger\u00e4te in der 600 W und 1200 W Ausf\u00fchrung gibt es optional die &#8222;e-bike&#8220;-Funktion. Hiermit ist es m\u00f6glich w\u00e4hrend der Fahrt zwei handels\u00fcbliche Fahrradakkus zu laden. Einfach die vorhandene Ladestation in den Wechselrichter einstecken. Wird dann das Fahrzeug gestartet (bzw. Z\u00fcndung EIN) startet vollautomatisch der Wechselrichter und l\u00e4dt. Wird das Fahrzeug abgestellt wird der Wechselrichter abgeschaltet und die Ladung unterbrochen. Beachten Sie aber, dass die Verkabelung zur Bordbatterie sowie ein u.U. vorhandener Booster f\u00fcr die erforderliche Leistung ausgelegt ist.<\/p>\n<p>\u00a0<\/p>\n<ul>\n<li>F\u00fcr MT 600 SI-N<\/li>\n<\/ul>\n<p>\u00a0<\/p>\n<p>\u00a0<\/p>\n","protected":false},"excerpt":{"rendered":"<p>F\u00fcr die MT-Ger\u00e4te in der 600 W und 1200 W Ausf\u00fchrung gibt es optional die &#8222;e-bike&#8220;-Funktion. Hiermit ist es m\u00f6glich w\u00e4hrend der Fahrt zwei handels\u00fcbliche Fahrradakkus zu laden. Einfach die vorhandene Ladestation in den Wechselrichter einstecken. Wird dann das Fahrzeug gestartet (bzw. Z\u00fcndung EIN) startet vollautomatisch der Wechselrichter und l\u00e4dt. Wird das Fahrzeug abgestellt wird [&hellip;]<\/p>\n","protected":false},"featured_media":226218,"template":"","meta":{"_acf_changed":false},"product_featured_cat":[],"product_brand":[],"product_cat":[4170],"product_tag":[],"class_list":{"0":"post-226220","1":"product","2":"type-product","3":"status-publish","4":"has-post-thumbnail","6":"product_cat-wechselrichter","8":"first","9":"instock","10":"taxable","11":"shipping-taxable","12":"purchasable","13":"product-type-simple"},"acf":[],"yoast_head":"<!-- This site is optimized with the Yoast SEO plugin v27.4 - https:\/\/yoast.com\/product\/yoast-seo-wordpress\/ -->\n<title>Fernbedienung B\u00fcttner E-Bike-ON f\u00fcr 600 SI-N\/ 1200 SI\/ SI-N - Bantam Camping AG<\/title>\n<meta name=\"robots\" content=\"index, follow, max-snippet:-1, max-image-preview:large, max-video-preview:-1\" \/>\n<link rel=\"canonical\" href=\"https:\/\/shop.bantam.ch\/de\/produkt\/fernbedienung-buettner-e-bike-on-fuer-600-si-n-1200-si-si-n\/\" \/>\n<meta property=\"og:locale\" content=\"de_DE\" \/>\n<meta property=\"og:type\" content=\"article\" \/>\n<meta property=\"og:title\" content=\"Fernbedienung B\u00fcttner E-Bike-ON f\u00fcr 600 SI-N\/ 1200 SI\/ SI-N - Bantam Camping AG\" \/>\n<meta property=\"og:description\" content=\"F\u00fcr die MT-Ger\u00e4te in der 600 W und 1200 W Ausf\u00fchrung gibt es optional die &#8222;e-bike&#8220;-Funktion. Hiermit ist es m\u00f6glich w\u00e4hrend der Fahrt zwei handels\u00fcbliche Fahrradakkus zu laden. Einfach die vorhandene Ladestation in den Wechselrichter einstecken. Wird dann das Fahrzeug gestartet (bzw. Z\u00fcndung EIN) startet vollautomatisch der Wechselrichter und l\u00e4dt. Wird das Fahrzeug abgestellt wird [&hellip;]\" \/>\n<meta property=\"og:url\" content=\"https:\/\/shop.bantam.ch\/de\/produkt\/fernbedienung-buettner-e-bike-on-fuer-600-si-n-1200-si-si-n\/\" \/>\n<meta property=\"og:site_name\" content=\"Bantam Camping AG\" \/>\n<meta property=\"article:modified_time\" content=\"2026-04-18T21:46:39+00:00\" \/>\n<meta name=\"twitter:card\" content=\"summary_large_image\" \/>\n<script type=\"application\/ld+json\" class=\"yoast-schema-graph\">{\"@context\":\"https:\\\/\\\/schema.org\",\"@graph\":[{\"@type\":\"WebPage\",\"@id\":\"https:\\\/\\\/shop.bantam.ch\\\/de\\\/produkt\\\/fernbedienung-buettner-e-bike-on-fuer-600-si-n-1200-si-si-n\\\/\",\"url\":\"https:\\\/\\\/shop.bantam.ch\\\/de\\\/produkt\\\/fernbedienung-buettner-e-bike-on-fuer-600-si-n-1200-si-si-n\\\/\",\"name\":\"Fernbedienung B\u00fcttner E-Bike-ON f\u00fcr 600 SI-N\\\/ 1200 SI\\\/ SI-N - Bantam Camping AG\",\"isPartOf\":{\"@id\":\"https:\\\/\\\/shop.bantam.ch\\\/de\\\/#website\"},\"primaryImageOfPage\":{\"@id\":\"https:\\\/\\\/shop.bantam.ch\\\/de\\\/produkt\\\/fernbedienung-buettner-e-bike-on-fuer-600-si-n-1200-si-si-n\\\/#primaryimage\"},\"image\":{\"@id\":\"https:\\\/\\\/shop.bantam.ch\\\/de\\\/produkt\\\/fernbedienung-buettner-e-bike-on-fuer-600-si-n-1200-si-si-n\\\/#primaryimage\"},\"thumbnailUrl\":\"https:\\\/\\\/shop.bantam.ch\\\/wp-content\\\/uploads\\\/2025\\\/12\\\/Movera-L-9930713100.jpg\",\"datePublished\":\"2025-12-17T15:20:07+00:00\",\"dateModified\":\"2026-04-18T21:46:39+00:00\",\"breadcrumb\":{\"@id\":\"https:\\\/\\\/shop.bantam.ch\\\/de\\\/produkt\\\/fernbedienung-buettner-e-bike-on-fuer-600-si-n-1200-si-si-n\\\/#breadcrumb\"},\"inLanguage\":\"de\",\"potentialAction\":[{\"@type\":\"ReadAction\",\"target\":[\"https:\\\/\\\/shop.bantam.ch\\\/de\\\/produkt\\\/fernbedienung-buettner-e-bike-on-fuer-600-si-n-1200-si-si-n\\\/\"]}]},{\"@type\":\"ImageObject\",\"inLanguage\":\"de\",\"@id\":\"https:\\\/\\\/shop.bantam.ch\\\/de\\\/produkt\\\/fernbedienung-buettner-e-bike-on-fuer-600-si-n-1200-si-si-n\\\/#primaryimage\",\"url\":\"https:\\\/\\\/shop.bantam.ch\\\/wp-content\\\/uploads\\\/2025\\\/12\\\/Movera-L-9930713100.jpg\",\"contentUrl\":\"https:\\\/\\\/shop.bantam.ch\\\/wp-content\\\/uploads\\\/2025\\\/12\\\/Movera-L-9930713100.jpg\",\"width\":640,\"height\":221},{\"@type\":\"BreadcrumbList\",\"@id\":\"https:\\\/\\\/shop.bantam.ch\\\/de\\\/produkt\\\/fernbedienung-buettner-e-bike-on-fuer-600-si-n-1200-si-si-n\\\/#breadcrumb\",\"itemListElement\":[{\"@type\":\"ListItem\",\"position\":1,\"name\":\"Accueil\",\"item\":\"https:\\\/\\\/shop.bantam.ch\\\/de\\\/\"},{\"@type\":\"ListItem\",\"position\":2,\"name\":\"Shop\",\"item\":\"https:\\\/\\\/shop.bantam.ch\\\/de\\\/shop\\\/\"},{\"@type\":\"ListItem\",\"position\":3,\"name\":\"Fernbedienung B\u00fcttner E-Bike-ON f\u00fcr 600 SI-N\\\/ 1200 SI\\\/ SI-N\"}]},{\"@type\":\"WebSite\",\"@id\":\"https:\\\/\\\/shop.bantam.ch\\\/de\\\/#website\",\"url\":\"https:\\\/\\\/shop.bantam.ch\\\/de\\\/\",\"name\":\"Bantam Camping AG\",\"description\":\"\",\"publisher\":{\"@id\":\"https:\\\/\\\/shop.bantam.ch\\\/de\\\/#organization\"},\"inLanguage\":\"de\"},{\"@type\":\"Organization\",\"@id\":\"https:\\\/\\\/shop.bantam.ch\\\/de\\\/#organization\",\"name\":\"Bantam Camping AG\",\"url\":\"https:\\\/\\\/shop.bantam.ch\\\/de\\\/\",\"logo\":{\"@type\":\"ImageObject\",\"inLanguage\":\"de\",\"@id\":\"https:\\\/\\\/shop.bantam.ch\\\/de\\\/#\\\/schema\\\/logo\\\/image\\\/\",\"url\":\"https:\\\/\\\/shop.bantam.ch\\\/wp-content\\\/uploads\\\/2022\\\/12\\\/bantam-logo.png\",\"contentUrl\":\"https:\\\/\\\/shop.bantam.ch\\\/wp-content\\\/uploads\\\/2022\\\/12\\\/bantam-logo.png\",\"width\":320,\"height\":71,\"caption\":\"Bantam Camping AG\"},\"image\":{\"@id\":\"https:\\\/\\\/shop.bantam.ch\\\/de\\\/#\\\/schema\\\/logo\\\/image\\\/\"}}]}<\/script>\n<!-- \/ Yoast SEO plugin. -->","yoast_head_json":{"title":"Fernbedienung B\u00fcttner E-Bike-ON f\u00fcr 600 SI-N\/ 1200 SI\/ SI-N - Bantam Camping AG","robots":{"index":"index","follow":"follow","max-snippet":"max-snippet:-1","max-image-preview":"max-image-preview:large","max-video-preview":"max-video-preview:-1"},"canonical":"https:\/\/shop.bantam.ch\/de\/produkt\/fernbedienung-buettner-e-bike-on-fuer-600-si-n-1200-si-si-n\/","og_locale":"de_DE","og_type":"article","og_title":"Fernbedienung B\u00fcttner E-Bike-ON f\u00fcr 600 SI-N\/ 1200 SI\/ SI-N - Bantam Camping AG","og_description":"F\u00fcr die MT-Ger\u00e4te in der 600 W und 1200 W Ausf\u00fchrung gibt es optional die &#8222;e-bike&#8220;-Funktion. Hiermit ist es m\u00f6glich w\u00e4hrend der Fahrt zwei handels\u00fcbliche Fahrradakkus zu laden. Einfach die vorhandene Ladestation in den Wechselrichter einstecken. Wird dann das Fahrzeug gestartet (bzw. Z\u00fcndung EIN) startet vollautomatisch der Wechselrichter und l\u00e4dt. Wird das Fahrzeug abgestellt wird [&hellip;]","og_url":"https:\/\/shop.bantam.ch\/de\/produkt\/fernbedienung-buettner-e-bike-on-fuer-600-si-n-1200-si-si-n\/","og_site_name":"Bantam Camping AG","article_modified_time":"2026-04-18T21:46:39+00:00","twitter_card":"summary_large_image","schema":{"@context":"https:\/\/schema.org","@graph":[{"@type":"WebPage","@id":"https:\/\/shop.bantam.ch\/de\/produkt\/fernbedienung-buettner-e-bike-on-fuer-600-si-n-1200-si-si-n\/","url":"https:\/\/shop.bantam.ch\/de\/produkt\/fernbedienung-buettner-e-bike-on-fuer-600-si-n-1200-si-si-n\/","name":"Fernbedienung B\u00fcttner E-Bike-ON f\u00fcr 600 SI-N\/ 1200 SI\/ SI-N - Bantam Camping AG","isPartOf":{"@id":"https:\/\/shop.bantam.ch\/de\/#website"},"primaryImageOfPage":{"@id":"https:\/\/shop.bantam.ch\/de\/produkt\/fernbedienung-buettner-e-bike-on-fuer-600-si-n-1200-si-si-n\/#primaryimage"},"image":{"@id":"https:\/\/shop.bantam.ch\/de\/produkt\/fernbedienung-buettner-e-bike-on-fuer-600-si-n-1200-si-si-n\/#primaryimage"},"thumbnailUrl":"https:\/\/shop.bantam.ch\/wp-content\/uploads\/2025\/12\/Movera-L-9930713100.jpg","datePublished":"2025-12-17T15:20:07+00:00","dateModified":"2026-04-18T21:46:39+00:00","breadcrumb":{"@id":"https:\/\/shop.bantam.ch\/de\/produkt\/fernbedienung-buettner-e-bike-on-fuer-600-si-n-1200-si-si-n\/#breadcrumb"},"inLanguage":"de","potentialAction":[{"@type":"ReadAction","target":["https:\/\/shop.bantam.ch\/de\/produkt\/fernbedienung-buettner-e-bike-on-fuer-600-si-n-1200-si-si-n\/"]}]},{"@type":"ImageObject","inLanguage":"de","@id":"https:\/\/shop.bantam.ch\/de\/produkt\/fernbedienung-buettner-e-bike-on-fuer-600-si-n-1200-si-si-n\/#primaryimage","url":"https:\/\/shop.bantam.ch\/wp-content\/uploads\/2025\/12\/Movera-L-9930713100.jpg","contentUrl":"https:\/\/shop.bantam.ch\/wp-content\/uploads\/2025\/12\/Movera-L-9930713100.jpg","width":640,"height":221},{"@type":"BreadcrumbList","@id":"https:\/\/shop.bantam.ch\/de\/produkt\/fernbedienung-buettner-e-bike-on-fuer-600-si-n-1200-si-si-n\/#breadcrumb","itemListElement":[{"@type":"ListItem","position":1,"name":"Accueil","item":"https:\/\/shop.bantam.ch\/de\/"},{"@type":"ListItem","position":2,"name":"Shop","item":"https:\/\/shop.bantam.ch\/de\/shop\/"},{"@type":"ListItem","position":3,"name":"Fernbedienung B\u00fcttner E-Bike-ON f\u00fcr 600 SI-N\/ 1200 SI\/ SI-N"}]},{"@type":"WebSite","@id":"https:\/\/shop.bantam.ch\/de\/#website","url":"https:\/\/shop.bantam.ch\/de\/","name":"Bantam Camping AG","description":"","publisher":{"@id":"https:\/\/shop.bantam.ch\/de\/#organization"},"inLanguage":"de"},{"@type":"Organization","@id":"https:\/\/shop.bantam.ch\/de\/#organization","name":"Bantam Camping AG","url":"https:\/\/shop.bantam.ch\/de\/","logo":{"@type":"ImageObject","inLanguage":"de","@id":"https:\/\/shop.bantam.ch\/de\/#\/schema\/logo\/image\/","url":"https:\/\/shop.bantam.ch\/wp-content\/uploads\/2022\/12\/bantam-logo.png","contentUrl":"https:\/\/shop.bantam.ch\/wp-content\/uploads\/2022\/12\/bantam-logo.png","width":320,"height":71,"caption":"Bantam Camping AG"},"image":{"@id":"https:\/\/shop.bantam.ch\/de\/#\/schema\/logo\/image\/"}}]}},"_links":{"self":[{"href":"https:\/\/shop.bantam.ch\/de\/wp-json\/wp\/v2\/product\/226220","targetHints":{"allow":["GET"]}}],"collection":[{"href":"https:\/\/shop.bantam.ch\/de\/wp-json\/wp\/v2\/product"}],"about":[{"href":"https:\/\/shop.bantam.ch\/de\/wp-json\/wp\/v2\/types\/product"}],"wp:featuredmedia":[{"embeddable":true,"href":"https:\/\/shop.bantam.ch\/de\/wp-json\/wp\/v2\/media\/226218"}],"wp:attachment":[{"href":"https:\/\/shop.bantam.ch\/de\/wp-json\/wp\/v2\/media?parent=226220"}],"wp:term":[{"taxonomy":"product_featured_cat","embeddable":true,"href":"https:\/\/shop.bantam.ch\/de\/wp-json\/wp\/v2\/product_featured_cat?post=226220"},{"taxonomy":"product_brand","embeddable":true,"href":"https:\/\/shop.bantam.ch\/de\/wp-json\/wp\/v2\/product_brand?post=226220"},{"taxonomy":"product_cat","embeddable":true,"href":"https:\/\/shop.bantam.ch\/de\/wp-json\/wp\/v2\/product_cat?post=226220"},{"taxonomy":"product_tag","embeddable":true,"href":"https:\/\/shop.bantam.ch\/de\/wp-json\/wp\/v2\/product_tag?post=226220"}],"curies":[{"name":"wp","href":"https:\/\/api.w.org\/{rel}","templated":true}]}}