{"id":226208,"date":"2025-12-17T16:19:40","date_gmt":"2025-12-17T15:19:40","guid":{"rendered":"https:\/\/shop.bantam.ch\/produit\/gusseisenrost-outdoorchef-rost-diamond-420\/"},"modified":"2026-04-17T23:43:05","modified_gmt":"2026-04-17T21:43:05","slug":"gusseisenrost-outdoorchef-rost-diamond-420","status":"publish","type":"product","link":"https:\/\/shop.bantam.ch\/de\/produkt\/gusseisenrost-outdoorchef-rost-diamond-420\/","title":{"rendered":"Gusseisenrost OUTDOORCHEF Rost Diamond 420"},"content":{"rendered":"<p>Ph\u00e4nomenale Hitze f\u00fcr das perfekte Branding!<br \/>Ein gutes Steak braucht ein starkes Branding. Der neue porzellanemaillierte Gusseisenrost Diamond zaubert das perfekte Grillmuster auf die Speisen, denn er speichert sehr viel Hitze und gibt diese an das Grillgut ab. Das Fleisch karamellisiert beim Kontakt mit dem Rost und es bleibt ein wunderbares Wabenmuster zur\u00fcck. Ein weiterer Vorteil der Waben: Kleine Teile fallen nicht durch den Rost. In drei verschiedenen Gr\u00f6\u00dfen erh\u00e4ltlich.<br \/>Outdoorchef bietet neben innovativen Grills ein umfangreiches Zubeh\u00f6r-Sortiment f\u00fcr die besonderen Grillmomente an. Damit k\u00f6nnen sich Barbecue-Liebhaber so richtig austoben und ihrer Kreativit\u00e4t und Experimentierlust freien Lauf lassen.<\/p>\n","protected":false},"excerpt":{"rendered":"<p>Ph\u00e4nomenale Hitze f\u00fcr das perfekte Branding!Ein gutes Steak braucht ein starkes Branding. Der neue porzellanemaillierte Gusseisenrost Diamond zaubert das perfekte Grillmuster auf die Speisen, denn er speichert sehr viel Hitze und gibt diese an das Grillgut ab. Das Fleisch karamellisiert beim Kontakt mit dem Rost und es bleibt ein wunderbares Wabenmuster zur\u00fcck. Ein weiterer Vorteil [&hellip;]<\/p>\n","protected":false},"featured_media":226202,"template":"","meta":{"_acf_changed":false},"product_featured_cat":[],"product_brand":[],"product_cat":[4340],"product_tag":[],"class_list":{"0":"post-226208","1":"product","2":"type-product","3":"status-publish","4":"has-post-thumbnail","6":"product_cat-grillzubehoer","8":"first","9":"instock","10":"taxable","11":"shipping-taxable","12":"purchasable","13":"product-type-simple"},"acf":[],"yoast_head":"<!-- This site is optimized with the Yoast SEO plugin v27.4 - https:\/\/yoast.com\/product\/yoast-seo-wordpress\/ -->\n<title>Gusseisenrost OUTDOORCHEF Rost Diamond 420 - Bantam Camping AG<\/title>\n<meta name=\"robots\" content=\"index, follow, max-snippet:-1, max-image-preview:large, max-video-preview:-1\" \/>\n<link rel=\"canonical\" href=\"https:\/\/shop.bantam.ch\/de\/produkt\/gusseisenrost-outdoorchef-rost-diamond-420\/\" \/>\n<meta property=\"og:locale\" content=\"de_DE\" \/>\n<meta property=\"og:type\" content=\"article\" \/>\n<meta property=\"og:title\" content=\"Gusseisenrost OUTDOORCHEF Rost Diamond 420 - Bantam Camping AG\" \/>\n<meta property=\"og:description\" content=\"Ph\u00e4nomenale Hitze f\u00fcr das perfekte Branding!Ein gutes Steak braucht ein starkes Branding. Der neue porzellanemaillierte Gusseisenrost Diamond zaubert das perfekte Grillmuster auf die Speisen, denn er speichert sehr viel Hitze und gibt diese an das Grillgut ab. Das Fleisch karamellisiert beim Kontakt mit dem Rost und es bleibt ein wunderbares Wabenmuster zur\u00fcck. Ein weiterer Vorteil [&hellip;]\" \/>\n<meta property=\"og:url\" content=\"https:\/\/shop.bantam.ch\/de\/produkt\/gusseisenrost-outdoorchef-rost-diamond-420\/\" \/>\n<meta property=\"og:site_name\" content=\"Bantam Camping AG\" \/>\n<meta property=\"article:modified_time\" content=\"2026-04-17T21:43:05+00:00\" \/>\n<meta name=\"twitter:card\" content=\"summary_large_image\" \/>\n<meta name=\"twitter:label1\" content=\"Gesch\u00e4tzte Lesezeit\" \/>\n\t<meta name=\"twitter:data1\" content=\"1\u00a0Minute\" \/>\n<script type=\"application\/ld+json\" class=\"yoast-schema-graph\">{\"@context\":\"https:\\\/\\\/schema.org\",\"@graph\":[{\"@type\":\"WebPage\",\"@id\":\"https:\\\/\\\/shop.bantam.ch\\\/de\\\/produkt\\\/gusseisenrost-outdoorchef-rost-diamond-420\\\/\",\"url\":\"https:\\\/\\\/shop.bantam.ch\\\/de\\\/produkt\\\/gusseisenrost-outdoorchef-rost-diamond-420\\\/\",\"name\":\"Gusseisenrost OUTDOORCHEF Rost Diamond 420 - Bantam Camping AG\",\"isPartOf\":{\"@id\":\"https:\\\/\\\/shop.bantam.ch\\\/de\\\/#website\"},\"primaryImageOfPage\":{\"@id\":\"https:\\\/\\\/shop.bantam.ch\\\/de\\\/produkt\\\/gusseisenrost-outdoorchef-rost-diamond-420\\\/#primaryimage\"},\"image\":{\"@id\":\"https:\\\/\\\/shop.bantam.ch\\\/de\\\/produkt\\\/gusseisenrost-outdoorchef-rost-diamond-420\\\/#primaryimage\"},\"thumbnailUrl\":\"https:\\\/\\\/shop.bantam.ch\\\/wp-content\\\/uploads\\\/2025\\\/12\\\/Movera-L-9933179100.jpg\",\"datePublished\":\"2025-12-17T15:19:40+00:00\",\"dateModified\":\"2026-04-17T21:43:05+00:00\",\"breadcrumb\":{\"@id\":\"https:\\\/\\\/shop.bantam.ch\\\/de\\\/produkt\\\/gusseisenrost-outdoorchef-rost-diamond-420\\\/#breadcrumb\"},\"inLanguage\":\"de\",\"potentialAction\":[{\"@type\":\"ReadAction\",\"target\":[\"https:\\\/\\\/shop.bantam.ch\\\/de\\\/produkt\\\/gusseisenrost-outdoorchef-rost-diamond-420\\\/\"]}]},{\"@type\":\"ImageObject\",\"inLanguage\":\"de\",\"@id\":\"https:\\\/\\\/shop.bantam.ch\\\/de\\\/produkt\\\/gusseisenrost-outdoorchef-rost-diamond-420\\\/#primaryimage\",\"url\":\"https:\\\/\\\/shop.bantam.ch\\\/wp-content\\\/uploads\\\/2025\\\/12\\\/Movera-L-9933179100.jpg\",\"contentUrl\":\"https:\\\/\\\/shop.bantam.ch\\\/wp-content\\\/uploads\\\/2025\\\/12\\\/Movera-L-9933179100.jpg\",\"width\":640,\"height\":480},{\"@type\":\"BreadcrumbList\",\"@id\":\"https:\\\/\\\/shop.bantam.ch\\\/de\\\/produkt\\\/gusseisenrost-outdoorchef-rost-diamond-420\\\/#breadcrumb\",\"itemListElement\":[{\"@type\":\"ListItem\",\"position\":1,\"name\":\"Accueil\",\"item\":\"https:\\\/\\\/shop.bantam.ch\\\/de\\\/\"},{\"@type\":\"ListItem\",\"position\":2,\"name\":\"Shop\",\"item\":\"https:\\\/\\\/shop.bantam.ch\\\/de\\\/shop\\\/\"},{\"@type\":\"ListItem\",\"position\":3,\"name\":\"Gusseisenrost OUTDOORCHEF Rost Diamond 420\"}]},{\"@type\":\"WebSite\",\"@id\":\"https:\\\/\\\/shop.bantam.ch\\\/de\\\/#website\",\"url\":\"https:\\\/\\\/shop.bantam.ch\\\/de\\\/\",\"name\":\"Bantam Camping AG\",\"description\":\"\",\"publisher\":{\"@id\":\"https:\\\/\\\/shop.bantam.ch\\\/de\\\/#organization\"},\"inLanguage\":\"de\"},{\"@type\":\"Organization\",\"@id\":\"https:\\\/\\\/shop.bantam.ch\\\/de\\\/#organization\",\"name\":\"Bantam Camping AG\",\"url\":\"https:\\\/\\\/shop.bantam.ch\\\/de\\\/\",\"logo\":{\"@type\":\"ImageObject\",\"inLanguage\":\"de\",\"@id\":\"https:\\\/\\\/shop.bantam.ch\\\/de\\\/#\\\/schema\\\/logo\\\/image\\\/\",\"url\":\"https:\\\/\\\/shop.bantam.ch\\\/wp-content\\\/uploads\\\/2022\\\/12\\\/bantam-logo.png\",\"contentUrl\":\"https:\\\/\\\/shop.bantam.ch\\\/wp-content\\\/uploads\\\/2022\\\/12\\\/bantam-logo.png\",\"width\":320,\"height\":71,\"caption\":\"Bantam Camping AG\"},\"image\":{\"@id\":\"https:\\\/\\\/shop.bantam.ch\\\/de\\\/#\\\/schema\\\/logo\\\/image\\\/\"}}]}<\/script>\n<!-- \/ Yoast SEO plugin. -->","yoast_head_json":{"title":"Gusseisenrost OUTDOORCHEF Rost Diamond 420 - Bantam Camping AG","robots":{"index":"index","follow":"follow","max-snippet":"max-snippet:-1","max-image-preview":"max-image-preview:large","max-video-preview":"max-video-preview:-1"},"canonical":"https:\/\/shop.bantam.ch\/de\/produkt\/gusseisenrost-outdoorchef-rost-diamond-420\/","og_locale":"de_DE","og_type":"article","og_title":"Gusseisenrost OUTDOORCHEF Rost Diamond 420 - Bantam Camping AG","og_description":"Ph\u00e4nomenale Hitze f\u00fcr das perfekte Branding!Ein gutes Steak braucht ein starkes Branding. Der neue porzellanemaillierte Gusseisenrost Diamond zaubert das perfekte Grillmuster auf die Speisen, denn er speichert sehr viel Hitze und gibt diese an das Grillgut ab. Das Fleisch karamellisiert beim Kontakt mit dem Rost und es bleibt ein wunderbares Wabenmuster zur\u00fcck. Ein weiterer Vorteil [&hellip;]","og_url":"https:\/\/shop.bantam.ch\/de\/produkt\/gusseisenrost-outdoorchef-rost-diamond-420\/","og_site_name":"Bantam Camping AG","article_modified_time":"2026-04-17T21:43:05+00:00","twitter_card":"summary_large_image","twitter_misc":{"Gesch\u00e4tzte Lesezeit":"1\u00a0Minute"},"schema":{"@context":"https:\/\/schema.org","@graph":[{"@type":"WebPage","@id":"https:\/\/shop.bantam.ch\/de\/produkt\/gusseisenrost-outdoorchef-rost-diamond-420\/","url":"https:\/\/shop.bantam.ch\/de\/produkt\/gusseisenrost-outdoorchef-rost-diamond-420\/","name":"Gusseisenrost OUTDOORCHEF Rost Diamond 420 - Bantam Camping AG","isPartOf":{"@id":"https:\/\/shop.bantam.ch\/de\/#website"},"primaryImageOfPage":{"@id":"https:\/\/shop.bantam.ch\/de\/produkt\/gusseisenrost-outdoorchef-rost-diamond-420\/#primaryimage"},"image":{"@id":"https:\/\/shop.bantam.ch\/de\/produkt\/gusseisenrost-outdoorchef-rost-diamond-420\/#primaryimage"},"thumbnailUrl":"https:\/\/shop.bantam.ch\/wp-content\/uploads\/2025\/12\/Movera-L-9933179100.jpg","datePublished":"2025-12-17T15:19:40+00:00","dateModified":"2026-04-17T21:43:05+00:00","breadcrumb":{"@id":"https:\/\/shop.bantam.ch\/de\/produkt\/gusseisenrost-outdoorchef-rost-diamond-420\/#breadcrumb"},"inLanguage":"de","potentialAction":[{"@type":"ReadAction","target":["https:\/\/shop.bantam.ch\/de\/produkt\/gusseisenrost-outdoorchef-rost-diamond-420\/"]}]},{"@type":"ImageObject","inLanguage":"de","@id":"https:\/\/shop.bantam.ch\/de\/produkt\/gusseisenrost-outdoorchef-rost-diamond-420\/#primaryimage","url":"https:\/\/shop.bantam.ch\/wp-content\/uploads\/2025\/12\/Movera-L-9933179100.jpg","contentUrl":"https:\/\/shop.bantam.ch\/wp-content\/uploads\/2025\/12\/Movera-L-9933179100.jpg","width":640,"height":480},{"@type":"BreadcrumbList","@id":"https:\/\/shop.bantam.ch\/de\/produkt\/gusseisenrost-outdoorchef-rost-diamond-420\/#breadcrumb","itemListElement":[{"@type":"ListItem","position":1,"name":"Accueil","item":"https:\/\/shop.bantam.ch\/de\/"},{"@type":"ListItem","position":2,"name":"Shop","item":"https:\/\/shop.bantam.ch\/de\/shop\/"},{"@type":"ListItem","position":3,"name":"Gusseisenrost OUTDOORCHEF Rost Diamond 420"}]},{"@type":"WebSite","@id":"https:\/\/shop.bantam.ch\/de\/#website","url":"https:\/\/shop.bantam.ch\/de\/","name":"Bantam Camping AG","description":"","publisher":{"@id":"https:\/\/shop.bantam.ch\/de\/#organization"},"inLanguage":"de"},{"@type":"Organization","@id":"https:\/\/shop.bantam.ch\/de\/#organization","name":"Bantam Camping AG","url":"https:\/\/shop.bantam.ch\/de\/","logo":{"@type":"ImageObject","inLanguage":"de","@id":"https:\/\/shop.bantam.ch\/de\/#\/schema\/logo\/image\/","url":"https:\/\/shop.bantam.ch\/wp-content\/uploads\/2022\/12\/bantam-logo.png","contentUrl":"https:\/\/shop.bantam.ch\/wp-content\/uploads\/2022\/12\/bantam-logo.png","width":320,"height":71,"caption":"Bantam Camping AG"},"image":{"@id":"https:\/\/shop.bantam.ch\/de\/#\/schema\/logo\/image\/"}}]}},"_links":{"self":[{"href":"https:\/\/shop.bantam.ch\/de\/wp-json\/wp\/v2\/product\/226208","targetHints":{"allow":["GET"]}}],"collection":[{"href":"https:\/\/shop.bantam.ch\/de\/wp-json\/wp\/v2\/product"}],"about":[{"href":"https:\/\/shop.bantam.ch\/de\/wp-json\/wp\/v2\/types\/product"}],"wp:featuredmedia":[{"embeddable":true,"href":"https:\/\/shop.bantam.ch\/de\/wp-json\/wp\/v2\/media\/226202"}],"wp:attachment":[{"href":"https:\/\/shop.bantam.ch\/de\/wp-json\/wp\/v2\/media?parent=226208"}],"wp:term":[{"taxonomy":"product_featured_cat","embeddable":true,"href":"https:\/\/shop.bantam.ch\/de\/wp-json\/wp\/v2\/product_featured_cat?post=226208"},{"taxonomy":"product_brand","embeddable":true,"href":"https:\/\/shop.bantam.ch\/de\/wp-json\/wp\/v2\/product_brand?post=226208"},{"taxonomy":"product_cat","embeddable":true,"href":"https:\/\/shop.bantam.ch\/de\/wp-json\/wp\/v2\/product_cat?post=226208"},{"taxonomy":"product_tag","embeddable":true,"href":"https:\/\/shop.bantam.ch\/de\/wp-json\/wp\/v2\/product_tag?post=226208"}],"curies":[{"name":"wp","href":"https:\/\/api.w.org\/{rel}","templated":true}]}}