{"id":226192,"date":"2025-12-17T16:19:14","date_gmt":"2025-12-17T15:19:14","guid":{"rendered":"https:\/\/shop.bantam.ch\/produit\/solaranlage-buettner-mt-power-pack-classic-ii-mit-220-w-bcb-25-20-mt-01265\/"},"modified":"2026-04-17T23:43:04","modified_gmt":"2026-04-17T21:43:04","slug":"solaranlage-buettner-mt-power-pack-classic-ii-mit-220-w-bcb-25-20-mt-01265","status":"publish","type":"product","link":"https:\/\/shop.bantam.ch\/de\/produkt\/solaranlage-buettner-mt-power-pack-classic-ii-mit-220-w-bcb-25-20-mt-01265\/","title":{"rendered":"Solaranlage B\u00fcttner MT Power Pack Classic II mit 220 W , BCB 25 \/ 20 MT 01265"},"content":{"rendered":"<p>Die PowerPack\u00b4s Classic k\u00f6nnen einfach parallel zu einer bestehenden Basiselektronik in jedem Reisefahrzeug installiert werden. Das Kombiger\u00e4t BCB 25\/20<br \/>sorgt daf\u00fcr, dass bei Netzanschluss (230 V) ein zus\u00e4tzlicher Ladestrom von 20 A zur Verf\u00fcgung steht. W\u00e4hrend der Fahrt arbeitet der BCB im Boosterbetrieb.<br \/>Er schaltet sich bei Bedarf zu, fordert 25 A Ladestrom an, reguliert auf die geforderte Ladespannung (Batterietyp einstellbar) und l\u00e4dt mit optimaler<br \/>Kennlinie die Bordbatterie\/n voll. Er garantiert auch konstanten Ladestrom bei &#8222;Euro 5&#8220; und &#8222;Euro 6&#8220; Fahrzeugen, die mit einer Abregelung der Lichtmaschine ausgestattet sind. Der BCB 25\/20 verf\u00fcgt \u00fcber die modernsten Kennlinien (IUoU) um Nass-, Gel-, LiFePO4- und AGM-Batterien, entsprechend der Batterietemperatur (F\u00fchler im Lieferumfang) optimal zu laden. <br \/>Der Batterie Computer MT 5000iQ steuert und \u00fcberwacht das System. Auf Knopfdruck wird z. B., die noch vorhandene Kapazit\u00e4t oder die Restlaufzeit angezeigt. Auch die Solaranlage integriert sich perfekt ins System. Die PowerPack\u00b4s sind mit 110 Wp &#8211; 72 zelligen MT-Black-Line Modulen ausgestattet. Speziell f\u00fcr Reisefahrzeuge entwickelt und optimal auf das Komplettset abgestimmt, garantieren sie optimale Ladeleistung auch bei ung\u00fcnstigen Wetterbedingungen.<br \/>Das PowerPack Classic I ist ausgestattet mit einem Solarmodul MT 110 MC ( 110 Wp). Optimale Ladung in der klassischen Reisezeit zwischen Fr\u00fchjahr und Herbst f\u00fcr kleine bis mittlere Reisefahrzeuge. Das PowerPack Classic II liefert mehr Solarpower und ist mit 2 Solarmodulen je 110 Wp ausgestattet um auch gr\u00f6\u00dfere Reisemobile oder auch Fahrzeuge mit mehr Verbrauchern an Bord autark zu versorgen.<\/p>\n<p>Lieferumfang:<br \/>Lade-Booster MT BCB 25\/20<br \/>Batterie-Computer MT 5000iQ<br \/>Solarmodul MT 220 MC<br \/>Montagematerial Solar<br \/>Kabelsatz BCB<br \/>Hochlastrelais 12 V \/ 80 A<br \/>Kabelverbinder<br \/>St\u00fctzpunkt<\/p>\n","protected":false},"excerpt":{"rendered":"<p>Die PowerPack\u00b4s Classic k\u00f6nnen einfach parallel zu einer bestehenden Basiselektronik in jedem Reisefahrzeug installiert werden. Das Kombiger\u00e4t BCB 25\/20sorgt daf\u00fcr, dass bei Netzanschluss (230 V) ein zus\u00e4tzlicher Ladestrom von 20 A zur Verf\u00fcgung steht. W\u00e4hrend der Fahrt arbeitet der BCB im Boosterbetrieb.Er schaltet sich bei Bedarf zu, fordert 25 A Ladestrom an, reguliert auf die [&hellip;]<\/p>\n","protected":false},"featured_media":226190,"template":"","meta":{"_acf_changed":false},"product_featured_cat":[],"product_brand":[],"product_cat":[4880],"product_tag":[],"class_list":{"0":"post-226192","1":"product","2":"type-product","3":"status-publish","4":"has-post-thumbnail","6":"product_cat-solar-sets","8":"first","9":"instock","10":"taxable","11":"shipping-taxable","12":"purchasable","13":"product-type-simple"},"acf":[],"yoast_head":"<!-- This site is optimized with the Yoast SEO plugin v27.4 - https:\/\/yoast.com\/product\/yoast-seo-wordpress\/ -->\n<title>Solaranlage B\u00fcttner MT Power Pack Classic II mit 220 W , BCB 25 \/ 20 MT 01265 - Bantam Camping AG<\/title>\n<meta name=\"robots\" content=\"index, follow, max-snippet:-1, max-image-preview:large, max-video-preview:-1\" \/>\n<link rel=\"canonical\" href=\"https:\/\/shop.bantam.ch\/de\/produkt\/solaranlage-buettner-mt-power-pack-classic-ii-mit-220-w-bcb-25-20-mt-01265\/\" \/>\n<meta property=\"og:locale\" content=\"de_DE\" \/>\n<meta property=\"og:type\" content=\"article\" \/>\n<meta property=\"og:title\" content=\"Solaranlage B\u00fcttner MT Power Pack Classic II mit 220 W , BCB 25 \/ 20 MT 01265 - Bantam Camping AG\" \/>\n<meta property=\"og:description\" content=\"Die PowerPack\u00b4s Classic k\u00f6nnen einfach parallel zu einer bestehenden Basiselektronik in jedem Reisefahrzeug installiert werden. Das Kombiger\u00e4t BCB 25\/20sorgt daf\u00fcr, dass bei Netzanschluss (230 V) ein zus\u00e4tzlicher Ladestrom von 20 A zur Verf\u00fcgung steht. W\u00e4hrend der Fahrt arbeitet der BCB im Boosterbetrieb.Er schaltet sich bei Bedarf zu, fordert 25 A Ladestrom an, reguliert auf die [&hellip;]\" \/>\n<meta property=\"og:url\" content=\"https:\/\/shop.bantam.ch\/de\/produkt\/solaranlage-buettner-mt-power-pack-classic-ii-mit-220-w-bcb-25-20-mt-01265\/\" \/>\n<meta property=\"og:site_name\" content=\"Bantam Camping AG\" \/>\n<meta property=\"article:modified_time\" content=\"2026-04-17T21:43:04+00:00\" \/>\n<meta name=\"twitter:card\" content=\"summary_large_image\" \/>\n<meta name=\"twitter:label1\" content=\"Gesch\u00e4tzte Lesezeit\" \/>\n\t<meta name=\"twitter:data1\" content=\"1\u00a0Minute\" \/>\n<script type=\"application\/ld+json\" class=\"yoast-schema-graph\">{\"@context\":\"https:\\\/\\\/schema.org\",\"@graph\":[{\"@type\":\"WebPage\",\"@id\":\"https:\\\/\\\/shop.bantam.ch\\\/de\\\/produkt\\\/solaranlage-buettner-mt-power-pack-classic-ii-mit-220-w-bcb-25-20-mt-01265\\\/\",\"url\":\"https:\\\/\\\/shop.bantam.ch\\\/de\\\/produkt\\\/solaranlage-buettner-mt-power-pack-classic-ii-mit-220-w-bcb-25-20-mt-01265\\\/\",\"name\":\"Solaranlage B\u00fcttner MT Power Pack Classic II mit 220 W , BCB 25 \\\/ 20 MT 01265 - Bantam Camping AG\",\"isPartOf\":{\"@id\":\"https:\\\/\\\/shop.bantam.ch\\\/de\\\/#website\"},\"primaryImageOfPage\":{\"@id\":\"https:\\\/\\\/shop.bantam.ch\\\/de\\\/produkt\\\/solaranlage-buettner-mt-power-pack-classic-ii-mit-220-w-bcb-25-20-mt-01265\\\/#primaryimage\"},\"image\":{\"@id\":\"https:\\\/\\\/shop.bantam.ch\\\/de\\\/produkt\\\/solaranlage-buettner-mt-power-pack-classic-ii-mit-220-w-bcb-25-20-mt-01265\\\/#primaryimage\"},\"thumbnailUrl\":\"https:\\\/\\\/shop.bantam.ch\\\/wp-content\\\/uploads\\\/2025\\\/12\\\/Movera-L-9932156100.jpg\",\"datePublished\":\"2025-12-17T15:19:14+00:00\",\"dateModified\":\"2026-04-17T21:43:04+00:00\",\"breadcrumb\":{\"@id\":\"https:\\\/\\\/shop.bantam.ch\\\/de\\\/produkt\\\/solaranlage-buettner-mt-power-pack-classic-ii-mit-220-w-bcb-25-20-mt-01265\\\/#breadcrumb\"},\"inLanguage\":\"de\",\"potentialAction\":[{\"@type\":\"ReadAction\",\"target\":[\"https:\\\/\\\/shop.bantam.ch\\\/de\\\/produkt\\\/solaranlage-buettner-mt-power-pack-classic-ii-mit-220-w-bcb-25-20-mt-01265\\\/\"]}]},{\"@type\":\"ImageObject\",\"inLanguage\":\"de\",\"@id\":\"https:\\\/\\\/shop.bantam.ch\\\/de\\\/produkt\\\/solaranlage-buettner-mt-power-pack-classic-ii-mit-220-w-bcb-25-20-mt-01265\\\/#primaryimage\",\"url\":\"https:\\\/\\\/shop.bantam.ch\\\/wp-content\\\/uploads\\\/2025\\\/12\\\/Movera-L-9932156100.jpg\",\"contentUrl\":\"https:\\\/\\\/shop.bantam.ch\\\/wp-content\\\/uploads\\\/2025\\\/12\\\/Movera-L-9932156100.jpg\",\"width\":640,\"height\":397},{\"@type\":\"BreadcrumbList\",\"@id\":\"https:\\\/\\\/shop.bantam.ch\\\/de\\\/produkt\\\/solaranlage-buettner-mt-power-pack-classic-ii-mit-220-w-bcb-25-20-mt-01265\\\/#breadcrumb\",\"itemListElement\":[{\"@type\":\"ListItem\",\"position\":1,\"name\":\"Accueil\",\"item\":\"https:\\\/\\\/shop.bantam.ch\\\/de\\\/\"},{\"@type\":\"ListItem\",\"position\":2,\"name\":\"Shop\",\"item\":\"https:\\\/\\\/shop.bantam.ch\\\/de\\\/shop\\\/\"},{\"@type\":\"ListItem\",\"position\":3,\"name\":\"Solaranlage B\u00fcttner MT Power Pack Classic II mit 220 W , BCB 25 \\\/ 20 MT 01265\"}]},{\"@type\":\"WebSite\",\"@id\":\"https:\\\/\\\/shop.bantam.ch\\\/de\\\/#website\",\"url\":\"https:\\\/\\\/shop.bantam.ch\\\/de\\\/\",\"name\":\"Bantam Camping AG\",\"description\":\"\",\"publisher\":{\"@id\":\"https:\\\/\\\/shop.bantam.ch\\\/de\\\/#organization\"},\"inLanguage\":\"de\"},{\"@type\":\"Organization\",\"@id\":\"https:\\\/\\\/shop.bantam.ch\\\/de\\\/#organization\",\"name\":\"Bantam Camping AG\",\"url\":\"https:\\\/\\\/shop.bantam.ch\\\/de\\\/\",\"logo\":{\"@type\":\"ImageObject\",\"inLanguage\":\"de\",\"@id\":\"https:\\\/\\\/shop.bantam.ch\\\/de\\\/#\\\/schema\\\/logo\\\/image\\\/\",\"url\":\"https:\\\/\\\/shop.bantam.ch\\\/wp-content\\\/uploads\\\/2022\\\/12\\\/bantam-logo.png\",\"contentUrl\":\"https:\\\/\\\/shop.bantam.ch\\\/wp-content\\\/uploads\\\/2022\\\/12\\\/bantam-logo.png\",\"width\":320,\"height\":71,\"caption\":\"Bantam Camping AG\"},\"image\":{\"@id\":\"https:\\\/\\\/shop.bantam.ch\\\/de\\\/#\\\/schema\\\/logo\\\/image\\\/\"}}]}<\/script>\n<!-- \/ Yoast SEO plugin. -->","yoast_head_json":{"title":"Solaranlage B\u00fcttner MT Power Pack Classic II mit 220 W , BCB 25 \/ 20 MT 01265 - Bantam Camping AG","robots":{"index":"index","follow":"follow","max-snippet":"max-snippet:-1","max-image-preview":"max-image-preview:large","max-video-preview":"max-video-preview:-1"},"canonical":"https:\/\/shop.bantam.ch\/de\/produkt\/solaranlage-buettner-mt-power-pack-classic-ii-mit-220-w-bcb-25-20-mt-01265\/","og_locale":"de_DE","og_type":"article","og_title":"Solaranlage B\u00fcttner MT Power Pack Classic II mit 220 W , BCB 25 \/ 20 MT 01265 - Bantam Camping AG","og_description":"Die PowerPack\u00b4s Classic k\u00f6nnen einfach parallel zu einer bestehenden Basiselektronik in jedem Reisefahrzeug installiert werden. Das Kombiger\u00e4t BCB 25\/20sorgt daf\u00fcr, dass bei Netzanschluss (230 V) ein zus\u00e4tzlicher Ladestrom von 20 A zur Verf\u00fcgung steht. W\u00e4hrend der Fahrt arbeitet der BCB im Boosterbetrieb.Er schaltet sich bei Bedarf zu, fordert 25 A Ladestrom an, reguliert auf die [&hellip;]","og_url":"https:\/\/shop.bantam.ch\/de\/produkt\/solaranlage-buettner-mt-power-pack-classic-ii-mit-220-w-bcb-25-20-mt-01265\/","og_site_name":"Bantam Camping AG","article_modified_time":"2026-04-17T21:43:04+00:00","twitter_card":"summary_large_image","twitter_misc":{"Gesch\u00e4tzte Lesezeit":"1\u00a0Minute"},"schema":{"@context":"https:\/\/schema.org","@graph":[{"@type":"WebPage","@id":"https:\/\/shop.bantam.ch\/de\/produkt\/solaranlage-buettner-mt-power-pack-classic-ii-mit-220-w-bcb-25-20-mt-01265\/","url":"https:\/\/shop.bantam.ch\/de\/produkt\/solaranlage-buettner-mt-power-pack-classic-ii-mit-220-w-bcb-25-20-mt-01265\/","name":"Solaranlage B\u00fcttner MT Power Pack Classic II mit 220 W , BCB 25 \/ 20 MT 01265 - Bantam Camping AG","isPartOf":{"@id":"https:\/\/shop.bantam.ch\/de\/#website"},"primaryImageOfPage":{"@id":"https:\/\/shop.bantam.ch\/de\/produkt\/solaranlage-buettner-mt-power-pack-classic-ii-mit-220-w-bcb-25-20-mt-01265\/#primaryimage"},"image":{"@id":"https:\/\/shop.bantam.ch\/de\/produkt\/solaranlage-buettner-mt-power-pack-classic-ii-mit-220-w-bcb-25-20-mt-01265\/#primaryimage"},"thumbnailUrl":"https:\/\/shop.bantam.ch\/wp-content\/uploads\/2025\/12\/Movera-L-9932156100.jpg","datePublished":"2025-12-17T15:19:14+00:00","dateModified":"2026-04-17T21:43:04+00:00","breadcrumb":{"@id":"https:\/\/shop.bantam.ch\/de\/produkt\/solaranlage-buettner-mt-power-pack-classic-ii-mit-220-w-bcb-25-20-mt-01265\/#breadcrumb"},"inLanguage":"de","potentialAction":[{"@type":"ReadAction","target":["https:\/\/shop.bantam.ch\/de\/produkt\/solaranlage-buettner-mt-power-pack-classic-ii-mit-220-w-bcb-25-20-mt-01265\/"]}]},{"@type":"ImageObject","inLanguage":"de","@id":"https:\/\/shop.bantam.ch\/de\/produkt\/solaranlage-buettner-mt-power-pack-classic-ii-mit-220-w-bcb-25-20-mt-01265\/#primaryimage","url":"https:\/\/shop.bantam.ch\/wp-content\/uploads\/2025\/12\/Movera-L-9932156100.jpg","contentUrl":"https:\/\/shop.bantam.ch\/wp-content\/uploads\/2025\/12\/Movera-L-9932156100.jpg","width":640,"height":397},{"@type":"BreadcrumbList","@id":"https:\/\/shop.bantam.ch\/de\/produkt\/solaranlage-buettner-mt-power-pack-classic-ii-mit-220-w-bcb-25-20-mt-01265\/#breadcrumb","itemListElement":[{"@type":"ListItem","position":1,"name":"Accueil","item":"https:\/\/shop.bantam.ch\/de\/"},{"@type":"ListItem","position":2,"name":"Shop","item":"https:\/\/shop.bantam.ch\/de\/shop\/"},{"@type":"ListItem","position":3,"name":"Solaranlage B\u00fcttner MT Power Pack Classic II mit 220 W , BCB 25 \/ 20 MT 01265"}]},{"@type":"WebSite","@id":"https:\/\/shop.bantam.ch\/de\/#website","url":"https:\/\/shop.bantam.ch\/de\/","name":"Bantam Camping AG","description":"","publisher":{"@id":"https:\/\/shop.bantam.ch\/de\/#organization"},"inLanguage":"de"},{"@type":"Organization","@id":"https:\/\/shop.bantam.ch\/de\/#organization","name":"Bantam Camping AG","url":"https:\/\/shop.bantam.ch\/de\/","logo":{"@type":"ImageObject","inLanguage":"de","@id":"https:\/\/shop.bantam.ch\/de\/#\/schema\/logo\/image\/","url":"https:\/\/shop.bantam.ch\/wp-content\/uploads\/2022\/12\/bantam-logo.png","contentUrl":"https:\/\/shop.bantam.ch\/wp-content\/uploads\/2022\/12\/bantam-logo.png","width":320,"height":71,"caption":"Bantam Camping AG"},"image":{"@id":"https:\/\/shop.bantam.ch\/de\/#\/schema\/logo\/image\/"}}]}},"_links":{"self":[{"href":"https:\/\/shop.bantam.ch\/de\/wp-json\/wp\/v2\/product\/226192","targetHints":{"allow":["GET"]}}],"collection":[{"href":"https:\/\/shop.bantam.ch\/de\/wp-json\/wp\/v2\/product"}],"about":[{"href":"https:\/\/shop.bantam.ch\/de\/wp-json\/wp\/v2\/types\/product"}],"wp:featuredmedia":[{"embeddable":true,"href":"https:\/\/shop.bantam.ch\/de\/wp-json\/wp\/v2\/media\/226190"}],"wp:attachment":[{"href":"https:\/\/shop.bantam.ch\/de\/wp-json\/wp\/v2\/media?parent=226192"}],"wp:term":[{"taxonomy":"product_featured_cat","embeddable":true,"href":"https:\/\/shop.bantam.ch\/de\/wp-json\/wp\/v2\/product_featured_cat?post=226192"},{"taxonomy":"product_brand","embeddable":true,"href":"https:\/\/shop.bantam.ch\/de\/wp-json\/wp\/v2\/product_brand?post=226192"},{"taxonomy":"product_cat","embeddable":true,"href":"https:\/\/shop.bantam.ch\/de\/wp-json\/wp\/v2\/product_cat?post=226192"},{"taxonomy":"product_tag","embeddable":true,"href":"https:\/\/shop.bantam.ch\/de\/wp-json\/wp\/v2\/product_tag?post=226192"}],"curies":[{"name":"wp","href":"https:\/\/api.w.org\/{rel}","templated":true}]}}