{"id":226180,"date":"2025-12-17T16:18:48","date_gmt":"2025-12-17T15:18:48","guid":{"rendered":"https:\/\/shop.bantam.ch\/produit\/universalhalterung-buettner-dometic-passend-fuer-fiat-ducato-sitzgestell-fuer-ladebooster\/"},"modified":"2026-04-17T23:42:57","modified_gmt":"2026-04-17T21:42:57","slug":"universalhalterung-buettner-dometic-passend-fuer-fiat-ducato-sitzgestell-fuer-ladebooster","status":"publish","type":"product","link":"https:\/\/shop.bantam.ch\/de\/produkt\/universalhalterung-buettner-dometic-passend-fuer-fiat-ducato-sitzgestell-fuer-ladebooster\/","title":{"rendered":"Universalhalterung B\u00dcTTNER DOMETIC passend f\u00fcr Fiat Ducato Sitzgestell f\u00fcr Ladebooster"},"content":{"rendered":"<p>Ladebooster und Batterie Controlbooster MT BCB 25\/20&nbsp;<\/p>\n<p>&nbsp;<\/p>\n<p>Lieferumfang:<br \/>\nInklusive Haltewinkel<br \/>\nBefestigungsmaterial&nbsp;<br \/>\nMoosgummistreifen.<\/p>\n<p>&nbsp;<\/p>\n<ul>\n<li>Passend f\u00fcr Fiat Ducato<\/li>\n<\/ul>\n","protected":false},"excerpt":{"rendered":"<p>Ladebooster und Batterie Controlbooster MT BCB 25\/20&nbsp; &nbsp; Lieferumfang: Inklusive Haltewinkel Befestigungsmaterial&nbsp; Moosgummistreifen. &nbsp; Passend f\u00fcr Fiat Ducato<\/p>\n","protected":false},"featured_media":226178,"template":"","meta":{"_acf_changed":false},"product_featured_cat":[],"product_brand":[],"product_cat":[4912,4908],"product_tag":[],"class_list":{"0":"post-226180","1":"product","2":"type-product","3":"status-publish","4":"has-post-thumbnail","6":"product_cat-ladegeraete","7":"product_cat-zubehoer-fuer-batterien","9":"first","10":"instock","11":"taxable","12":"shipping-taxable","13":"purchasable","14":"product-type-simple"},"acf":[],"yoast_head":"<!-- This site is optimized with the Yoast SEO plugin v27.4 - https:\/\/yoast.com\/product\/yoast-seo-wordpress\/ -->\n<title>Universalhalterung B\u00dcTTNER DOMETIC passend f\u00fcr Fiat Ducato Sitzgestell f\u00fcr Ladebooster - Bantam Camping AG<\/title>\n<meta name=\"robots\" content=\"index, follow, max-snippet:-1, max-image-preview:large, max-video-preview:-1\" \/>\n<link rel=\"canonical\" href=\"https:\/\/shop.bantam.ch\/de\/produkt\/universalhalterung-buettner-dometic-passend-fuer-fiat-ducato-sitzgestell-fuer-ladebooster\/\" \/>\n<meta property=\"og:locale\" content=\"de_DE\" \/>\n<meta property=\"og:type\" content=\"article\" \/>\n<meta property=\"og:title\" content=\"Universalhalterung B\u00dcTTNER DOMETIC passend f\u00fcr Fiat Ducato Sitzgestell f\u00fcr Ladebooster - Bantam Camping AG\" \/>\n<meta property=\"og:description\" content=\"Ladebooster und Batterie Controlbooster MT BCB 25\/20&nbsp; &nbsp; Lieferumfang: Inklusive Haltewinkel Befestigungsmaterial&nbsp; Moosgummistreifen. &nbsp; Passend f\u00fcr Fiat Ducato\" \/>\n<meta property=\"og:url\" content=\"https:\/\/shop.bantam.ch\/de\/produkt\/universalhalterung-buettner-dometic-passend-fuer-fiat-ducato-sitzgestell-fuer-ladebooster\/\" \/>\n<meta property=\"og:site_name\" content=\"Bantam Camping AG\" \/>\n<meta property=\"article:modified_time\" content=\"2026-04-17T21:42:57+00:00\" \/>\n<meta name=\"twitter:card\" content=\"summary_large_image\" \/>\n<script type=\"application\/ld+json\" class=\"yoast-schema-graph\">{\"@context\":\"https:\\\/\\\/schema.org\",\"@graph\":[{\"@type\":\"WebPage\",\"@id\":\"https:\\\/\\\/shop.bantam.ch\\\/de\\\/produkt\\\/universalhalterung-buettner-dometic-passend-fuer-fiat-ducato-sitzgestell-fuer-ladebooster\\\/\",\"url\":\"https:\\\/\\\/shop.bantam.ch\\\/de\\\/produkt\\\/universalhalterung-buettner-dometic-passend-fuer-fiat-ducato-sitzgestell-fuer-ladebooster\\\/\",\"name\":\"Universalhalterung B\u00dcTTNER DOMETIC passend f\u00fcr Fiat Ducato Sitzgestell f\u00fcr Ladebooster - Bantam Camping AG\",\"isPartOf\":{\"@id\":\"https:\\\/\\\/shop.bantam.ch\\\/de\\\/#website\"},\"primaryImageOfPage\":{\"@id\":\"https:\\\/\\\/shop.bantam.ch\\\/de\\\/produkt\\\/universalhalterung-buettner-dometic-passend-fuer-fiat-ducato-sitzgestell-fuer-ladebooster\\\/#primaryimage\"},\"image\":{\"@id\":\"https:\\\/\\\/shop.bantam.ch\\\/de\\\/produkt\\\/universalhalterung-buettner-dometic-passend-fuer-fiat-ducato-sitzgestell-fuer-ladebooster\\\/#primaryimage\"},\"thumbnailUrl\":\"https:\\\/\\\/shop.bantam.ch\\\/wp-content\\\/uploads\\\/2025\\\/12\\\/Movera-L-9924818100.jpg\",\"datePublished\":\"2025-12-17T15:18:48+00:00\",\"dateModified\":\"2026-04-17T21:42:57+00:00\",\"breadcrumb\":{\"@id\":\"https:\\\/\\\/shop.bantam.ch\\\/de\\\/produkt\\\/universalhalterung-buettner-dometic-passend-fuer-fiat-ducato-sitzgestell-fuer-ladebooster\\\/#breadcrumb\"},\"inLanguage\":\"de\",\"potentialAction\":[{\"@type\":\"ReadAction\",\"target\":[\"https:\\\/\\\/shop.bantam.ch\\\/de\\\/produkt\\\/universalhalterung-buettner-dometic-passend-fuer-fiat-ducato-sitzgestell-fuer-ladebooster\\\/\"]}]},{\"@type\":\"ImageObject\",\"inLanguage\":\"de\",\"@id\":\"https:\\\/\\\/shop.bantam.ch\\\/de\\\/produkt\\\/universalhalterung-buettner-dometic-passend-fuer-fiat-ducato-sitzgestell-fuer-ladebooster\\\/#primaryimage\",\"url\":\"https:\\\/\\\/shop.bantam.ch\\\/wp-content\\\/uploads\\\/2025\\\/12\\\/Movera-L-9924818100.jpg\",\"contentUrl\":\"https:\\\/\\\/shop.bantam.ch\\\/wp-content\\\/uploads\\\/2025\\\/12\\\/Movera-L-9924818100.jpg\",\"width\":640,\"height\":640},{\"@type\":\"BreadcrumbList\",\"@id\":\"https:\\\/\\\/shop.bantam.ch\\\/de\\\/produkt\\\/universalhalterung-buettner-dometic-passend-fuer-fiat-ducato-sitzgestell-fuer-ladebooster\\\/#breadcrumb\",\"itemListElement\":[{\"@type\":\"ListItem\",\"position\":1,\"name\":\"Accueil\",\"item\":\"https:\\\/\\\/shop.bantam.ch\\\/de\\\/\"},{\"@type\":\"ListItem\",\"position\":2,\"name\":\"Shop\",\"item\":\"https:\\\/\\\/shop.bantam.ch\\\/de\\\/shop\\\/\"},{\"@type\":\"ListItem\",\"position\":3,\"name\":\"Universalhalterung B\u00dcTTNER DOMETIC passend f\u00fcr Fiat Ducato Sitzgestell f\u00fcr Ladebooster\"}]},{\"@type\":\"WebSite\",\"@id\":\"https:\\\/\\\/shop.bantam.ch\\\/de\\\/#website\",\"url\":\"https:\\\/\\\/shop.bantam.ch\\\/de\\\/\",\"name\":\"Bantam Camping AG\",\"description\":\"\",\"publisher\":{\"@id\":\"https:\\\/\\\/shop.bantam.ch\\\/de\\\/#organization\"},\"inLanguage\":\"de\"},{\"@type\":\"Organization\",\"@id\":\"https:\\\/\\\/shop.bantam.ch\\\/de\\\/#organization\",\"name\":\"Bantam Camping AG\",\"url\":\"https:\\\/\\\/shop.bantam.ch\\\/de\\\/\",\"logo\":{\"@type\":\"ImageObject\",\"inLanguage\":\"de\",\"@id\":\"https:\\\/\\\/shop.bantam.ch\\\/de\\\/#\\\/schema\\\/logo\\\/image\\\/\",\"url\":\"https:\\\/\\\/shop.bantam.ch\\\/wp-content\\\/uploads\\\/2022\\\/12\\\/bantam-logo.png\",\"contentUrl\":\"https:\\\/\\\/shop.bantam.ch\\\/wp-content\\\/uploads\\\/2022\\\/12\\\/bantam-logo.png\",\"width\":320,\"height\":71,\"caption\":\"Bantam Camping AG\"},\"image\":{\"@id\":\"https:\\\/\\\/shop.bantam.ch\\\/de\\\/#\\\/schema\\\/logo\\\/image\\\/\"}}]}<\/script>\n<!-- \/ Yoast SEO plugin. -->","yoast_head_json":{"title":"Universalhalterung B\u00dcTTNER DOMETIC passend f\u00fcr Fiat Ducato Sitzgestell f\u00fcr Ladebooster - Bantam Camping AG","robots":{"index":"index","follow":"follow","max-snippet":"max-snippet:-1","max-image-preview":"max-image-preview:large","max-video-preview":"max-video-preview:-1"},"canonical":"https:\/\/shop.bantam.ch\/de\/produkt\/universalhalterung-buettner-dometic-passend-fuer-fiat-ducato-sitzgestell-fuer-ladebooster\/","og_locale":"de_DE","og_type":"article","og_title":"Universalhalterung B\u00dcTTNER DOMETIC passend f\u00fcr Fiat Ducato Sitzgestell f\u00fcr Ladebooster - Bantam Camping AG","og_description":"Ladebooster und Batterie Controlbooster MT BCB 25\/20&nbsp; &nbsp; Lieferumfang: Inklusive Haltewinkel Befestigungsmaterial&nbsp; Moosgummistreifen. &nbsp; Passend f\u00fcr Fiat Ducato","og_url":"https:\/\/shop.bantam.ch\/de\/produkt\/universalhalterung-buettner-dometic-passend-fuer-fiat-ducato-sitzgestell-fuer-ladebooster\/","og_site_name":"Bantam Camping AG","article_modified_time":"2026-04-17T21:42:57+00:00","twitter_card":"summary_large_image","schema":{"@context":"https:\/\/schema.org","@graph":[{"@type":"WebPage","@id":"https:\/\/shop.bantam.ch\/de\/produkt\/universalhalterung-buettner-dometic-passend-fuer-fiat-ducato-sitzgestell-fuer-ladebooster\/","url":"https:\/\/shop.bantam.ch\/de\/produkt\/universalhalterung-buettner-dometic-passend-fuer-fiat-ducato-sitzgestell-fuer-ladebooster\/","name":"Universalhalterung B\u00dcTTNER DOMETIC passend f\u00fcr Fiat Ducato Sitzgestell f\u00fcr Ladebooster - Bantam Camping AG","isPartOf":{"@id":"https:\/\/shop.bantam.ch\/de\/#website"},"primaryImageOfPage":{"@id":"https:\/\/shop.bantam.ch\/de\/produkt\/universalhalterung-buettner-dometic-passend-fuer-fiat-ducato-sitzgestell-fuer-ladebooster\/#primaryimage"},"image":{"@id":"https:\/\/shop.bantam.ch\/de\/produkt\/universalhalterung-buettner-dometic-passend-fuer-fiat-ducato-sitzgestell-fuer-ladebooster\/#primaryimage"},"thumbnailUrl":"https:\/\/shop.bantam.ch\/wp-content\/uploads\/2025\/12\/Movera-L-9924818100.jpg","datePublished":"2025-12-17T15:18:48+00:00","dateModified":"2026-04-17T21:42:57+00:00","breadcrumb":{"@id":"https:\/\/shop.bantam.ch\/de\/produkt\/universalhalterung-buettner-dometic-passend-fuer-fiat-ducato-sitzgestell-fuer-ladebooster\/#breadcrumb"},"inLanguage":"de","potentialAction":[{"@type":"ReadAction","target":["https:\/\/shop.bantam.ch\/de\/produkt\/universalhalterung-buettner-dometic-passend-fuer-fiat-ducato-sitzgestell-fuer-ladebooster\/"]}]},{"@type":"ImageObject","inLanguage":"de","@id":"https:\/\/shop.bantam.ch\/de\/produkt\/universalhalterung-buettner-dometic-passend-fuer-fiat-ducato-sitzgestell-fuer-ladebooster\/#primaryimage","url":"https:\/\/shop.bantam.ch\/wp-content\/uploads\/2025\/12\/Movera-L-9924818100.jpg","contentUrl":"https:\/\/shop.bantam.ch\/wp-content\/uploads\/2025\/12\/Movera-L-9924818100.jpg","width":640,"height":640},{"@type":"BreadcrumbList","@id":"https:\/\/shop.bantam.ch\/de\/produkt\/universalhalterung-buettner-dometic-passend-fuer-fiat-ducato-sitzgestell-fuer-ladebooster\/#breadcrumb","itemListElement":[{"@type":"ListItem","position":1,"name":"Accueil","item":"https:\/\/shop.bantam.ch\/de\/"},{"@type":"ListItem","position":2,"name":"Shop","item":"https:\/\/shop.bantam.ch\/de\/shop\/"},{"@type":"ListItem","position":3,"name":"Universalhalterung B\u00dcTTNER DOMETIC passend f\u00fcr Fiat Ducato Sitzgestell f\u00fcr Ladebooster"}]},{"@type":"WebSite","@id":"https:\/\/shop.bantam.ch\/de\/#website","url":"https:\/\/shop.bantam.ch\/de\/","name":"Bantam Camping AG","description":"","publisher":{"@id":"https:\/\/shop.bantam.ch\/de\/#organization"},"inLanguage":"de"},{"@type":"Organization","@id":"https:\/\/shop.bantam.ch\/de\/#organization","name":"Bantam Camping AG","url":"https:\/\/shop.bantam.ch\/de\/","logo":{"@type":"ImageObject","inLanguage":"de","@id":"https:\/\/shop.bantam.ch\/de\/#\/schema\/logo\/image\/","url":"https:\/\/shop.bantam.ch\/wp-content\/uploads\/2022\/12\/bantam-logo.png","contentUrl":"https:\/\/shop.bantam.ch\/wp-content\/uploads\/2022\/12\/bantam-logo.png","width":320,"height":71,"caption":"Bantam Camping AG"},"image":{"@id":"https:\/\/shop.bantam.ch\/de\/#\/schema\/logo\/image\/"}}]}},"_links":{"self":[{"href":"https:\/\/shop.bantam.ch\/de\/wp-json\/wp\/v2\/product\/226180","targetHints":{"allow":["GET"]}}],"collection":[{"href":"https:\/\/shop.bantam.ch\/de\/wp-json\/wp\/v2\/product"}],"about":[{"href":"https:\/\/shop.bantam.ch\/de\/wp-json\/wp\/v2\/types\/product"}],"wp:featuredmedia":[{"embeddable":true,"href":"https:\/\/shop.bantam.ch\/de\/wp-json\/wp\/v2\/media\/226178"}],"wp:attachment":[{"href":"https:\/\/shop.bantam.ch\/de\/wp-json\/wp\/v2\/media?parent=226180"}],"wp:term":[{"taxonomy":"product_featured_cat","embeddable":true,"href":"https:\/\/shop.bantam.ch\/de\/wp-json\/wp\/v2\/product_featured_cat?post=226180"},{"taxonomy":"product_brand","embeddable":true,"href":"https:\/\/shop.bantam.ch\/de\/wp-json\/wp\/v2\/product_brand?post=226180"},{"taxonomy":"product_cat","embeddable":true,"href":"https:\/\/shop.bantam.ch\/de\/wp-json\/wp\/v2\/product_cat?post=226180"},{"taxonomy":"product_tag","embeddable":true,"href":"https:\/\/shop.bantam.ch\/de\/wp-json\/wp\/v2\/product_tag?post=226180"}],"curies":[{"name":"wp","href":"https:\/\/api.w.org\/{rel}","templated":true}]}}