{"id":226131,"date":"2025-12-17T15:35:07","date_gmt":"2025-12-17T14:35:07","guid":{"rendered":"https:\/\/shop.bantam.ch\/produit\/sackkarre-campingboy\/"},"modified":"2026-04-19T23:49:44","modified_gmt":"2026-04-19T21:49:44","slug":"sackkarre-campingboy","status":"publish","type":"product","link":"https:\/\/shop.bantam.ch\/de\/produkt\/sackkarre-campingboy\/","title":{"rendered":"Sackkarre Campingboy"},"content":{"rendered":"<p>Der ECKLA&nbsp;Campingboy wurde speziell f\u00fcr den schweren Camping- und Freizeiteinsatz entwickelt. Die Abmessung ist an die dort verwendeten Gasflaschen, Wasserbeh\u00e4ltnisse und an die viel verwendete Thetford-Cassette C2-C4 und C 200 angepasst. Die Cassetten werden ohne festspannen einfach nur eingelegt, genau wie die Gasflaschen (11kg \u00d8 300mm). Es wird f\u00fcr passenden Sitz von Cassette und Gasflasche nur die hintere Bespannung hochgeschoben. F\u00fcr alle weiteren Transportg\u00fcter wie Wasser- und Abwassertanks oder bei der Benutzung als Einkaufswagen bleibt die Bespannung unten. Der Wagen ist f\u00fcr den weichen Lauf mit R\u00e4dern \u00d8 200mm ausgestattet. Die R\u00e4der sind Dank Schnellverschl\u00fcssen schnell abgenommen. Der leichtgewichtige Campingboy ist aus dickwandigem, eloxiertem Aluminiumrohr. Made in Germany.<\/p>\n<p>Ma\u00dfe:<br \/>\nZusammengeklappt: 105 x 47 x 7 cm (B x H x T) bei abgenommenen R\u00e4dern<br \/>\nLadefl\u00e4che: 27 x 22 cm (B x T)<\/p>\n<p>Material:<br \/>\nBezug 100 % Polyester<br \/>\nGestell Aluminium&nbsp;<\/p>\n","protected":false},"excerpt":{"rendered":"<p>Der ECKLA&nbsp;Campingboy wurde speziell f\u00fcr den schweren Camping- und Freizeiteinsatz entwickelt. Die Abmessung ist an die dort verwendeten Gasflaschen, Wasserbeh\u00e4ltnisse und an die viel verwendete Thetford-Cassette C2-C4 und C 200 angepasst. Die Cassetten werden ohne festspannen einfach nur eingelegt, genau wie die Gasflaschen (11kg \u00d8 300mm). Es wird f\u00fcr passenden Sitz von Cassette und Gasflasche [&hellip;]<\/p>\n","protected":false},"featured_media":226121,"template":"","meta":{"_acf_changed":false},"product_featured_cat":[],"product_brand":[],"product_cat":[4050],"product_tag":[],"class_list":{"0":"post-226131","1":"product","2":"type-product","3":"status-publish","4":"has-post-thumbnail","6":"product_cat-transport-aufbewahrung","8":"first","9":"instock","10":"taxable","11":"shipping-taxable","12":"purchasable","13":"product-type-simple"},"acf":[],"yoast_head":"<!-- This site is optimized with the Yoast SEO plugin v27.4 - https:\/\/yoast.com\/product\/yoast-seo-wordpress\/ -->\n<title>Sackkarre Campingboy - Bantam Camping AG<\/title>\n<meta name=\"robots\" content=\"index, follow, max-snippet:-1, max-image-preview:large, max-video-preview:-1\" \/>\n<link rel=\"canonical\" href=\"https:\/\/shop.bantam.ch\/de\/produkt\/sackkarre-campingboy\/\" \/>\n<meta property=\"og:locale\" content=\"de_DE\" \/>\n<meta property=\"og:type\" content=\"article\" \/>\n<meta property=\"og:title\" content=\"Sackkarre Campingboy - Bantam Camping AG\" \/>\n<meta property=\"og:description\" content=\"Der ECKLA&nbsp;Campingboy wurde speziell f\u00fcr den schweren Camping- und Freizeiteinsatz entwickelt. Die Abmessung ist an die dort verwendeten Gasflaschen, Wasserbeh\u00e4ltnisse und an die viel verwendete Thetford-Cassette C2-C4 und C 200 angepasst. Die Cassetten werden ohne festspannen einfach nur eingelegt, genau wie die Gasflaschen (11kg \u00d8 300mm). Es wird f\u00fcr passenden Sitz von Cassette und Gasflasche [&hellip;]\" \/>\n<meta property=\"og:url\" content=\"https:\/\/shop.bantam.ch\/de\/produkt\/sackkarre-campingboy\/\" \/>\n<meta property=\"og:site_name\" content=\"Bantam Camping AG\" \/>\n<meta property=\"article:modified_time\" content=\"2026-04-19T21:49:44+00:00\" \/>\n<meta name=\"twitter:card\" content=\"summary_large_image\" \/>\n<meta name=\"twitter:label1\" content=\"Gesch\u00e4tzte Lesezeit\" \/>\n\t<meta name=\"twitter:data1\" content=\"1\u00a0Minute\" \/>\n<script type=\"application\/ld+json\" class=\"yoast-schema-graph\">{\"@context\":\"https:\\\/\\\/schema.org\",\"@graph\":[{\"@type\":\"WebPage\",\"@id\":\"https:\\\/\\\/shop.bantam.ch\\\/de\\\/produkt\\\/sackkarre-campingboy\\\/\",\"url\":\"https:\\\/\\\/shop.bantam.ch\\\/de\\\/produkt\\\/sackkarre-campingboy\\\/\",\"name\":\"Sackkarre Campingboy - Bantam Camping AG\",\"isPartOf\":{\"@id\":\"https:\\\/\\\/shop.bantam.ch\\\/de\\\/#website\"},\"primaryImageOfPage\":{\"@id\":\"https:\\\/\\\/shop.bantam.ch\\\/de\\\/produkt\\\/sackkarre-campingboy\\\/#primaryimage\"},\"image\":{\"@id\":\"https:\\\/\\\/shop.bantam.ch\\\/de\\\/produkt\\\/sackkarre-campingboy\\\/#primaryimage\"},\"thumbnailUrl\":\"https:\\\/\\\/shop.bantam.ch\\\/wp-content\\\/uploads\\\/2025\\\/12\\\/Movera-L-9995110100.jpg\",\"datePublished\":\"2025-12-17T14:35:07+00:00\",\"dateModified\":\"2026-04-19T21:49:44+00:00\",\"breadcrumb\":{\"@id\":\"https:\\\/\\\/shop.bantam.ch\\\/de\\\/produkt\\\/sackkarre-campingboy\\\/#breadcrumb\"},\"inLanguage\":\"de\",\"potentialAction\":[{\"@type\":\"ReadAction\",\"target\":[\"https:\\\/\\\/shop.bantam.ch\\\/de\\\/produkt\\\/sackkarre-campingboy\\\/\"]}]},{\"@type\":\"ImageObject\",\"inLanguage\":\"de\",\"@id\":\"https:\\\/\\\/shop.bantam.ch\\\/de\\\/produkt\\\/sackkarre-campingboy\\\/#primaryimage\",\"url\":\"https:\\\/\\\/shop.bantam.ch\\\/wp-content\\\/uploads\\\/2025\\\/12\\\/Movera-L-9995110100.jpg\",\"contentUrl\":\"https:\\\/\\\/shop.bantam.ch\\\/wp-content\\\/uploads\\\/2025\\\/12\\\/Movera-L-9995110100.jpg\",\"width\":640,\"height\":640},{\"@type\":\"BreadcrumbList\",\"@id\":\"https:\\\/\\\/shop.bantam.ch\\\/de\\\/produkt\\\/sackkarre-campingboy\\\/#breadcrumb\",\"itemListElement\":[{\"@type\":\"ListItem\",\"position\":1,\"name\":\"Accueil\",\"item\":\"https:\\\/\\\/shop.bantam.ch\\\/de\\\/\"},{\"@type\":\"ListItem\",\"position\":2,\"name\":\"Shop\",\"item\":\"https:\\\/\\\/shop.bantam.ch\\\/de\\\/shop\\\/\"},{\"@type\":\"ListItem\",\"position\":3,\"name\":\"Sackkarre Campingboy\"}]},{\"@type\":\"WebSite\",\"@id\":\"https:\\\/\\\/shop.bantam.ch\\\/de\\\/#website\",\"url\":\"https:\\\/\\\/shop.bantam.ch\\\/de\\\/\",\"name\":\"Bantam Camping AG\",\"description\":\"\",\"publisher\":{\"@id\":\"https:\\\/\\\/shop.bantam.ch\\\/de\\\/#organization\"},\"inLanguage\":\"de\"},{\"@type\":\"Organization\",\"@id\":\"https:\\\/\\\/shop.bantam.ch\\\/de\\\/#organization\",\"name\":\"Bantam Camping AG\",\"url\":\"https:\\\/\\\/shop.bantam.ch\\\/de\\\/\",\"logo\":{\"@type\":\"ImageObject\",\"inLanguage\":\"de\",\"@id\":\"https:\\\/\\\/shop.bantam.ch\\\/de\\\/#\\\/schema\\\/logo\\\/image\\\/\",\"url\":\"https:\\\/\\\/shop.bantam.ch\\\/wp-content\\\/uploads\\\/2022\\\/12\\\/bantam-logo.png\",\"contentUrl\":\"https:\\\/\\\/shop.bantam.ch\\\/wp-content\\\/uploads\\\/2022\\\/12\\\/bantam-logo.png\",\"width\":320,\"height\":71,\"caption\":\"Bantam Camping AG\"},\"image\":{\"@id\":\"https:\\\/\\\/shop.bantam.ch\\\/de\\\/#\\\/schema\\\/logo\\\/image\\\/\"}}]}<\/script>\n<!-- \/ Yoast SEO plugin. -->","yoast_head_json":{"title":"Sackkarre Campingboy - Bantam Camping AG","robots":{"index":"index","follow":"follow","max-snippet":"max-snippet:-1","max-image-preview":"max-image-preview:large","max-video-preview":"max-video-preview:-1"},"canonical":"https:\/\/shop.bantam.ch\/de\/produkt\/sackkarre-campingboy\/","og_locale":"de_DE","og_type":"article","og_title":"Sackkarre Campingboy - Bantam Camping AG","og_description":"Der ECKLA&nbsp;Campingboy wurde speziell f\u00fcr den schweren Camping- und Freizeiteinsatz entwickelt. Die Abmessung ist an die dort verwendeten Gasflaschen, Wasserbeh\u00e4ltnisse und an die viel verwendete Thetford-Cassette C2-C4 und C 200 angepasst. Die Cassetten werden ohne festspannen einfach nur eingelegt, genau wie die Gasflaschen (11kg \u00d8 300mm). Es wird f\u00fcr passenden Sitz von Cassette und Gasflasche [&hellip;]","og_url":"https:\/\/shop.bantam.ch\/de\/produkt\/sackkarre-campingboy\/","og_site_name":"Bantam Camping AG","article_modified_time":"2026-04-19T21:49:44+00:00","twitter_card":"summary_large_image","twitter_misc":{"Gesch\u00e4tzte Lesezeit":"1\u00a0Minute"},"schema":{"@context":"https:\/\/schema.org","@graph":[{"@type":"WebPage","@id":"https:\/\/shop.bantam.ch\/de\/produkt\/sackkarre-campingboy\/","url":"https:\/\/shop.bantam.ch\/de\/produkt\/sackkarre-campingboy\/","name":"Sackkarre Campingboy - Bantam Camping AG","isPartOf":{"@id":"https:\/\/shop.bantam.ch\/de\/#website"},"primaryImageOfPage":{"@id":"https:\/\/shop.bantam.ch\/de\/produkt\/sackkarre-campingboy\/#primaryimage"},"image":{"@id":"https:\/\/shop.bantam.ch\/de\/produkt\/sackkarre-campingboy\/#primaryimage"},"thumbnailUrl":"https:\/\/shop.bantam.ch\/wp-content\/uploads\/2025\/12\/Movera-L-9995110100.jpg","datePublished":"2025-12-17T14:35:07+00:00","dateModified":"2026-04-19T21:49:44+00:00","breadcrumb":{"@id":"https:\/\/shop.bantam.ch\/de\/produkt\/sackkarre-campingboy\/#breadcrumb"},"inLanguage":"de","potentialAction":[{"@type":"ReadAction","target":["https:\/\/shop.bantam.ch\/de\/produkt\/sackkarre-campingboy\/"]}]},{"@type":"ImageObject","inLanguage":"de","@id":"https:\/\/shop.bantam.ch\/de\/produkt\/sackkarre-campingboy\/#primaryimage","url":"https:\/\/shop.bantam.ch\/wp-content\/uploads\/2025\/12\/Movera-L-9995110100.jpg","contentUrl":"https:\/\/shop.bantam.ch\/wp-content\/uploads\/2025\/12\/Movera-L-9995110100.jpg","width":640,"height":640},{"@type":"BreadcrumbList","@id":"https:\/\/shop.bantam.ch\/de\/produkt\/sackkarre-campingboy\/#breadcrumb","itemListElement":[{"@type":"ListItem","position":1,"name":"Accueil","item":"https:\/\/shop.bantam.ch\/de\/"},{"@type":"ListItem","position":2,"name":"Shop","item":"https:\/\/shop.bantam.ch\/de\/shop\/"},{"@type":"ListItem","position":3,"name":"Sackkarre Campingboy"}]},{"@type":"WebSite","@id":"https:\/\/shop.bantam.ch\/de\/#website","url":"https:\/\/shop.bantam.ch\/de\/","name":"Bantam Camping AG","description":"","publisher":{"@id":"https:\/\/shop.bantam.ch\/de\/#organization"},"inLanguage":"de"},{"@type":"Organization","@id":"https:\/\/shop.bantam.ch\/de\/#organization","name":"Bantam Camping AG","url":"https:\/\/shop.bantam.ch\/de\/","logo":{"@type":"ImageObject","inLanguage":"de","@id":"https:\/\/shop.bantam.ch\/de\/#\/schema\/logo\/image\/","url":"https:\/\/shop.bantam.ch\/wp-content\/uploads\/2022\/12\/bantam-logo.png","contentUrl":"https:\/\/shop.bantam.ch\/wp-content\/uploads\/2022\/12\/bantam-logo.png","width":320,"height":71,"caption":"Bantam Camping AG"},"image":{"@id":"https:\/\/shop.bantam.ch\/de\/#\/schema\/logo\/image\/"}}]}},"_links":{"self":[{"href":"https:\/\/shop.bantam.ch\/de\/wp-json\/wp\/v2\/product\/226131","targetHints":{"allow":["GET"]}}],"collection":[{"href":"https:\/\/shop.bantam.ch\/de\/wp-json\/wp\/v2\/product"}],"about":[{"href":"https:\/\/shop.bantam.ch\/de\/wp-json\/wp\/v2\/types\/product"}],"wp:featuredmedia":[{"embeddable":true,"href":"https:\/\/shop.bantam.ch\/de\/wp-json\/wp\/v2\/media\/226121"}],"wp:attachment":[{"href":"https:\/\/shop.bantam.ch\/de\/wp-json\/wp\/v2\/media?parent=226131"}],"wp:term":[{"taxonomy":"product_featured_cat","embeddable":true,"href":"https:\/\/shop.bantam.ch\/de\/wp-json\/wp\/v2\/product_featured_cat?post=226131"},{"taxonomy":"product_brand","embeddable":true,"href":"https:\/\/shop.bantam.ch\/de\/wp-json\/wp\/v2\/product_brand?post=226131"},{"taxonomy":"product_cat","embeddable":true,"href":"https:\/\/shop.bantam.ch\/de\/wp-json\/wp\/v2\/product_cat?post=226131"},{"taxonomy":"product_tag","embeddable":true,"href":"https:\/\/shop.bantam.ch\/de\/wp-json\/wp\/v2\/product_tag?post=226131"}],"curies":[{"name":"wp","href":"https:\/\/api.w.org\/{rel}","templated":true}]}}