{"id":226114,"date":"2025-12-17T15:34:43","date_gmt":"2025-12-17T14:34:43","guid":{"rendered":"https:\/\/shop.bantam.ch\/produit\/einbautoilette-bravura\/"},"modified":"2026-04-20T02:29:36","modified_gmt":"2026-04-20T00:29:36","slug":"einbautoilette-bravura","status":"publish","type":"product","link":"https:\/\/shop.bantam.ch\/de\/produkt\/einbautoilette-bravura\/","title":{"rendered":"Einbautoilette Bravura"},"content":{"rendered":"<p>Thetford bietet auch Einbautoiletten f\u00fcr Fahrzeuge an, die \u00fcber einen fest eingebauten F\u00e4kalientank verf\u00fcgen. Das Sp\u00fclsystem dieser Toiletten l\u00e4sst sich einfach mit dem zentralen Wassertank des Fahrzeugs verbinden.<br \/>\n&nbsp;<\/p>\n<ul>\n<li>Bet\u00e4tigung \u00fcber ein Fu\u00dfpedal<\/li>\n<li>Tiefsitzende Sch\u00fcssel sorgt f\u00fcr wenig Spritzer<\/li>\n<li>Leichter Einbau und Zugang zu den Einzelteilen<\/li>\n<li>F\u00e4kalientankkapazit\u00e4t h\u00e4ngt vom Abwassertank des Fahrzeugs ab<\/li>\n<li>Sp\u00fclwassertankkapazit\u00e4t h\u00e4ngt von zentralem Wassertank des Fahrzeugs ab<\/li>\n<\/ul>\n<p>Material:<\/p>\n<p>Kanister: Polyethylen<\/p>\n<p>Deckel und Sitz: Polypropylen<\/p>\n<p>&nbsp;<\/p>\n","protected":false},"excerpt":{"rendered":"<p>Thetford bietet auch Einbautoiletten f\u00fcr Fahrzeuge an, die \u00fcber einen fest eingebauten F\u00e4kalientank verf\u00fcgen. Das Sp\u00fclsystem dieser Toiletten l\u00e4sst sich einfach mit dem zentralen Wassertank des Fahrzeugs verbinden. &nbsp; Bet\u00e4tigung \u00fcber ein Fu\u00dfpedal Tiefsitzende Sch\u00fcssel sorgt f\u00fcr wenig Spritzer Leichter Einbau und Zugang zu den Einzelteilen F\u00e4kalientankkapazit\u00e4t h\u00e4ngt vom Abwassertank des Fahrzeugs ab Sp\u00fclwassertankkapazit\u00e4t h\u00e4ngt [&hellip;]<\/p>\n","protected":false},"featured_media":226107,"template":"","meta":{"_acf_changed":false},"product_featured_cat":[],"product_brand":[],"product_cat":[4596],"product_tag":[],"class_list":{"0":"post-226114","1":"product","2":"type-product","3":"status-publish","4":"has-post-thumbnail","6":"product_cat-einbautoiletten","8":"first","9":"instock","10":"taxable","11":"shipping-taxable","12":"purchasable","13":"product-type-variable"},"acf":[],"yoast_head":"<!-- This site is optimized with the Yoast SEO plugin v27.4 - https:\/\/yoast.com\/product\/yoast-seo-wordpress\/ -->\n<title>Einbautoilette Bravura - Bantam Camping AG<\/title>\n<meta name=\"robots\" content=\"index, follow, max-snippet:-1, max-image-preview:large, max-video-preview:-1\" \/>\n<link rel=\"canonical\" href=\"https:\/\/shop.bantam.ch\/de\/produkt\/einbautoilette-bravura\/\" \/>\n<meta property=\"og:locale\" content=\"de_DE\" \/>\n<meta property=\"og:type\" content=\"article\" \/>\n<meta property=\"og:title\" content=\"Einbautoilette Bravura - Bantam Camping AG\" \/>\n<meta property=\"og:description\" content=\"Thetford bietet auch Einbautoiletten f\u00fcr Fahrzeuge an, die \u00fcber einen fest eingebauten F\u00e4kalientank verf\u00fcgen. Das Sp\u00fclsystem dieser Toiletten l\u00e4sst sich einfach mit dem zentralen Wassertank des Fahrzeugs verbinden. &nbsp; Bet\u00e4tigung \u00fcber ein Fu\u00dfpedal Tiefsitzende Sch\u00fcssel sorgt f\u00fcr wenig Spritzer Leichter Einbau und Zugang zu den Einzelteilen F\u00e4kalientankkapazit\u00e4t h\u00e4ngt vom Abwassertank des Fahrzeugs ab Sp\u00fclwassertankkapazit\u00e4t h\u00e4ngt [&hellip;]\" \/>\n<meta property=\"og:url\" content=\"https:\/\/shop.bantam.ch\/de\/produkt\/einbautoilette-bravura\/\" \/>\n<meta property=\"og:site_name\" content=\"Bantam Camping AG\" \/>\n<meta property=\"article:modified_time\" content=\"2026-04-20T00:29:36+00:00\" \/>\n<meta name=\"twitter:card\" content=\"summary_large_image\" \/>\n<script type=\"application\/ld+json\" class=\"yoast-schema-graph\">{\"@context\":\"https:\\\/\\\/schema.org\",\"@graph\":[{\"@type\":\"WebPage\",\"@id\":\"https:\\\/\\\/shop.bantam.ch\\\/de\\\/produkt\\\/einbautoilette-bravura\\\/\",\"url\":\"https:\\\/\\\/shop.bantam.ch\\\/de\\\/produkt\\\/einbautoilette-bravura\\\/\",\"name\":\"Einbautoilette Bravura - Bantam Camping AG\",\"isPartOf\":{\"@id\":\"https:\\\/\\\/shop.bantam.ch\\\/de\\\/#website\"},\"primaryImageOfPage\":{\"@id\":\"https:\\\/\\\/shop.bantam.ch\\\/de\\\/produkt\\\/einbautoilette-bravura\\\/#primaryimage\"},\"image\":{\"@id\":\"https:\\\/\\\/shop.bantam.ch\\\/de\\\/produkt\\\/einbautoilette-bravura\\\/#primaryimage\"},\"thumbnailUrl\":\"https:\\\/\\\/shop.bantam.ch\\\/wp-content\\\/uploads\\\/2025\\\/12\\\/Movera-L-0070419100.jpg\",\"datePublished\":\"2025-12-17T14:34:43+00:00\",\"dateModified\":\"2026-04-20T00:29:36+00:00\",\"breadcrumb\":{\"@id\":\"https:\\\/\\\/shop.bantam.ch\\\/de\\\/produkt\\\/einbautoilette-bravura\\\/#breadcrumb\"},\"inLanguage\":\"de\",\"potentialAction\":[{\"@type\":\"ReadAction\",\"target\":[\"https:\\\/\\\/shop.bantam.ch\\\/de\\\/produkt\\\/einbautoilette-bravura\\\/\"]}]},{\"@type\":\"ImageObject\",\"inLanguage\":\"de\",\"@id\":\"https:\\\/\\\/shop.bantam.ch\\\/de\\\/produkt\\\/einbautoilette-bravura\\\/#primaryimage\",\"url\":\"https:\\\/\\\/shop.bantam.ch\\\/wp-content\\\/uploads\\\/2025\\\/12\\\/Movera-L-0070419100.jpg\",\"contentUrl\":\"https:\\\/\\\/shop.bantam.ch\\\/wp-content\\\/uploads\\\/2025\\\/12\\\/Movera-L-0070419100.jpg\",\"width\":640,\"height\":658},{\"@type\":\"BreadcrumbList\",\"@id\":\"https:\\\/\\\/shop.bantam.ch\\\/de\\\/produkt\\\/einbautoilette-bravura\\\/#breadcrumb\",\"itemListElement\":[{\"@type\":\"ListItem\",\"position\":1,\"name\":\"Accueil\",\"item\":\"https:\\\/\\\/shop.bantam.ch\\\/de\\\/\"},{\"@type\":\"ListItem\",\"position\":2,\"name\":\"Shop\",\"item\":\"https:\\\/\\\/shop.bantam.ch\\\/de\\\/shop\\\/\"},{\"@type\":\"ListItem\",\"position\":3,\"name\":\"Einbautoilette Bravura\"}]},{\"@type\":\"WebSite\",\"@id\":\"https:\\\/\\\/shop.bantam.ch\\\/de\\\/#website\",\"url\":\"https:\\\/\\\/shop.bantam.ch\\\/de\\\/\",\"name\":\"Bantam Camping AG\",\"description\":\"\",\"publisher\":{\"@id\":\"https:\\\/\\\/shop.bantam.ch\\\/de\\\/#organization\"},\"inLanguage\":\"de\"},{\"@type\":\"Organization\",\"@id\":\"https:\\\/\\\/shop.bantam.ch\\\/de\\\/#organization\",\"name\":\"Bantam Camping AG\",\"url\":\"https:\\\/\\\/shop.bantam.ch\\\/de\\\/\",\"logo\":{\"@type\":\"ImageObject\",\"inLanguage\":\"de\",\"@id\":\"https:\\\/\\\/shop.bantam.ch\\\/de\\\/#\\\/schema\\\/logo\\\/image\\\/\",\"url\":\"https:\\\/\\\/shop.bantam.ch\\\/wp-content\\\/uploads\\\/2022\\\/12\\\/bantam-logo.png\",\"contentUrl\":\"https:\\\/\\\/shop.bantam.ch\\\/wp-content\\\/uploads\\\/2022\\\/12\\\/bantam-logo.png\",\"width\":320,\"height\":71,\"caption\":\"Bantam Camping AG\"},\"image\":{\"@id\":\"https:\\\/\\\/shop.bantam.ch\\\/de\\\/#\\\/schema\\\/logo\\\/image\\\/\"}}]}<\/script>\n<!-- \/ Yoast SEO plugin. -->","yoast_head_json":{"title":"Einbautoilette Bravura - Bantam Camping AG","robots":{"index":"index","follow":"follow","max-snippet":"max-snippet:-1","max-image-preview":"max-image-preview:large","max-video-preview":"max-video-preview:-1"},"canonical":"https:\/\/shop.bantam.ch\/de\/produkt\/einbautoilette-bravura\/","og_locale":"de_DE","og_type":"article","og_title":"Einbautoilette Bravura - Bantam Camping AG","og_description":"Thetford bietet auch Einbautoiletten f\u00fcr Fahrzeuge an, die \u00fcber einen fest eingebauten F\u00e4kalientank verf\u00fcgen. Das Sp\u00fclsystem dieser Toiletten l\u00e4sst sich einfach mit dem zentralen Wassertank des Fahrzeugs verbinden. &nbsp; Bet\u00e4tigung \u00fcber ein Fu\u00dfpedal Tiefsitzende Sch\u00fcssel sorgt f\u00fcr wenig Spritzer Leichter Einbau und Zugang zu den Einzelteilen F\u00e4kalientankkapazit\u00e4t h\u00e4ngt vom Abwassertank des Fahrzeugs ab Sp\u00fclwassertankkapazit\u00e4t h\u00e4ngt [&hellip;]","og_url":"https:\/\/shop.bantam.ch\/de\/produkt\/einbautoilette-bravura\/","og_site_name":"Bantam Camping AG","article_modified_time":"2026-04-20T00:29:36+00:00","twitter_card":"summary_large_image","schema":{"@context":"https:\/\/schema.org","@graph":[{"@type":"WebPage","@id":"https:\/\/shop.bantam.ch\/de\/produkt\/einbautoilette-bravura\/","url":"https:\/\/shop.bantam.ch\/de\/produkt\/einbautoilette-bravura\/","name":"Einbautoilette Bravura - Bantam Camping AG","isPartOf":{"@id":"https:\/\/shop.bantam.ch\/de\/#website"},"primaryImageOfPage":{"@id":"https:\/\/shop.bantam.ch\/de\/produkt\/einbautoilette-bravura\/#primaryimage"},"image":{"@id":"https:\/\/shop.bantam.ch\/de\/produkt\/einbautoilette-bravura\/#primaryimage"},"thumbnailUrl":"https:\/\/shop.bantam.ch\/wp-content\/uploads\/2025\/12\/Movera-L-0070419100.jpg","datePublished":"2025-12-17T14:34:43+00:00","dateModified":"2026-04-20T00:29:36+00:00","breadcrumb":{"@id":"https:\/\/shop.bantam.ch\/de\/produkt\/einbautoilette-bravura\/#breadcrumb"},"inLanguage":"de","potentialAction":[{"@type":"ReadAction","target":["https:\/\/shop.bantam.ch\/de\/produkt\/einbautoilette-bravura\/"]}]},{"@type":"ImageObject","inLanguage":"de","@id":"https:\/\/shop.bantam.ch\/de\/produkt\/einbautoilette-bravura\/#primaryimage","url":"https:\/\/shop.bantam.ch\/wp-content\/uploads\/2025\/12\/Movera-L-0070419100.jpg","contentUrl":"https:\/\/shop.bantam.ch\/wp-content\/uploads\/2025\/12\/Movera-L-0070419100.jpg","width":640,"height":658},{"@type":"BreadcrumbList","@id":"https:\/\/shop.bantam.ch\/de\/produkt\/einbautoilette-bravura\/#breadcrumb","itemListElement":[{"@type":"ListItem","position":1,"name":"Accueil","item":"https:\/\/shop.bantam.ch\/de\/"},{"@type":"ListItem","position":2,"name":"Shop","item":"https:\/\/shop.bantam.ch\/de\/shop\/"},{"@type":"ListItem","position":3,"name":"Einbautoilette Bravura"}]},{"@type":"WebSite","@id":"https:\/\/shop.bantam.ch\/de\/#website","url":"https:\/\/shop.bantam.ch\/de\/","name":"Bantam Camping AG","description":"","publisher":{"@id":"https:\/\/shop.bantam.ch\/de\/#organization"},"inLanguage":"de"},{"@type":"Organization","@id":"https:\/\/shop.bantam.ch\/de\/#organization","name":"Bantam Camping AG","url":"https:\/\/shop.bantam.ch\/de\/","logo":{"@type":"ImageObject","inLanguage":"de","@id":"https:\/\/shop.bantam.ch\/de\/#\/schema\/logo\/image\/","url":"https:\/\/shop.bantam.ch\/wp-content\/uploads\/2022\/12\/bantam-logo.png","contentUrl":"https:\/\/shop.bantam.ch\/wp-content\/uploads\/2022\/12\/bantam-logo.png","width":320,"height":71,"caption":"Bantam Camping AG"},"image":{"@id":"https:\/\/shop.bantam.ch\/de\/#\/schema\/logo\/image\/"}}]}},"_links":{"self":[{"href":"https:\/\/shop.bantam.ch\/de\/wp-json\/wp\/v2\/product\/226114","targetHints":{"allow":["GET"]}}],"collection":[{"href":"https:\/\/shop.bantam.ch\/de\/wp-json\/wp\/v2\/product"}],"about":[{"href":"https:\/\/shop.bantam.ch\/de\/wp-json\/wp\/v2\/types\/product"}],"wp:featuredmedia":[{"embeddable":true,"href":"https:\/\/shop.bantam.ch\/de\/wp-json\/wp\/v2\/media\/226107"}],"wp:attachment":[{"href":"https:\/\/shop.bantam.ch\/de\/wp-json\/wp\/v2\/media?parent=226114"}],"wp:term":[{"taxonomy":"product_featured_cat","embeddable":true,"href":"https:\/\/shop.bantam.ch\/de\/wp-json\/wp\/v2\/product_featured_cat?post=226114"},{"taxonomy":"product_brand","embeddable":true,"href":"https:\/\/shop.bantam.ch\/de\/wp-json\/wp\/v2\/product_brand?post=226114"},{"taxonomy":"product_cat","embeddable":true,"href":"https:\/\/shop.bantam.ch\/de\/wp-json\/wp\/v2\/product_cat?post=226114"},{"taxonomy":"product_tag","embeddable":true,"href":"https:\/\/shop.bantam.ch\/de\/wp-json\/wp\/v2\/product_tag?post=226114"}],"curies":[{"name":"wp","href":"https:\/\/api.w.org\/{rel}","templated":true}]}}