{"id":226099,"date":"2025-12-17T15:34:12","date_gmt":"2025-12-17T14:34:12","guid":{"rendered":"https:\/\/shop.bantam.ch\/produit\/wandmarkise-fiamma-f43van\/"},"modified":"2026-04-20T02:29:29","modified_gmt":"2026-04-20T00:29:29","slug":"wandmarkise-fiamma-f43van","status":"publish","type":"product","link":"https:\/\/shop.bantam.ch\/de\/produkt\/wandmarkise-fiamma-f43van\/","title":{"rendered":"Wandmarkise FIAMMA F43van"},"content":{"rendered":"<p>Wandmarkise mit Magnetkurbel, spezielle Version entwickelt f\u00fcr den Campingbus auch mit Aufstelldach. Kompakt und mit innovativem Design, welches sich harmonisch an die Optik des Fahrzeugs anpasst, egal ob mit oder ohne Aufstelldach.<\/p>\n<ul>\n<li>\u00d6ffnung \u00fcber Kurbel mit Magnetverschluss in der Endkappe, bequeme Position durch die<\/li>\n<li>Montageh\u00f6he der Markise am Transporter<\/li>\n<li>Markisen\u00f6ffnung mit negativer Neigung um bei maximaler H\u00f6he (2,20 m) den gesamten Platz<\/li>\n<li>zu nutzen<\/li>\n<li>LED-Vorrichtung im Geh\u00e4use das auch bei geschlossener Markise sichtbar ist. Eingelassener<\/li>\n<li>Frontblendenverschluss<\/li>\n<li>Zwei versteckte Kederschienen, eine in der Frontblende, die andere im Geh\u00e4use (zur<\/li>\n<li>Anbringung des Vorzeltes Room Van Premium)<\/li>\n<li>Frontblendenverschluss und St\u00fctzfu\u00dfhalterung einteilig<\/li>\n<li>Die kompakte Form reduziert die maximale H\u00f6he und erm\u00f6glicht auch mit montierter Markise<\/li>\n<li>die Einfahrt in Parkh\u00e4user<\/li>\n<li>L\u00e4nge 270 mit 225 cm Auszug, 300 mit 250 cm Auszug<\/li>\n<li>Kompatibel mit F40van-Zubeh\u00f6r: Vorderw\u00e4nde, Room Van Premium und Rafter LED Van (nur f\u00fcr L\u00e4nge 270)<\/li>\n<\/ul>\n<p>Material:<br \/>\nTuch: 90 % PVC, 10 % Polyester<br \/>\nGeh\u00e4use: Aluminium<\/p>\n","protected":false},"excerpt":{"rendered":"<p>Wandmarkise mit Magnetkurbel, spezielle Version entwickelt f\u00fcr den Campingbus auch mit Aufstelldach. Kompakt und mit innovativem Design, welches sich harmonisch an die Optik des Fahrzeugs anpasst, egal ob mit oder ohne Aufstelldach. \u00d6ffnung \u00fcber Kurbel mit Magnetverschluss in der Endkappe, bequeme Position durch die Montageh\u00f6he der Markise am Transporter Markisen\u00f6ffnung mit negativer Neigung um bei [&hellip;]<\/p>\n","protected":false},"featured_media":226083,"template":"","meta":{"_acf_changed":false},"product_featured_cat":[],"product_brand":[],"product_cat":[4214],"product_tag":[],"class_list":{"0":"post-226099","1":"product","2":"type-product","3":"status-publish","4":"has-post-thumbnail","6":"product_cat-markisen-dachseitenwand","8":"first","9":"instock","10":"taxable","11":"shipping-taxable","12":"purchasable","13":"product-type-variable"},"acf":[],"yoast_head":"<!-- This site is optimized with the Yoast SEO plugin v27.4 - https:\/\/yoast.com\/product\/yoast-seo-wordpress\/ -->\n<title>Wandmarkise FIAMMA F43van - Bantam Camping AG<\/title>\n<meta name=\"robots\" content=\"index, follow, max-snippet:-1, max-image-preview:large, max-video-preview:-1\" \/>\n<link rel=\"canonical\" href=\"https:\/\/shop.bantam.ch\/de\/produkt\/wandmarkise-fiamma-f43van\/\" \/>\n<meta property=\"og:locale\" content=\"de_DE\" \/>\n<meta property=\"og:type\" content=\"article\" \/>\n<meta property=\"og:title\" content=\"Wandmarkise FIAMMA F43van - Bantam Camping AG\" \/>\n<meta property=\"og:description\" content=\"Wandmarkise mit Magnetkurbel, spezielle Version entwickelt f\u00fcr den Campingbus auch mit Aufstelldach. Kompakt und mit innovativem Design, welches sich harmonisch an die Optik des Fahrzeugs anpasst, egal ob mit oder ohne Aufstelldach. \u00d6ffnung \u00fcber Kurbel mit Magnetverschluss in der Endkappe, bequeme Position durch die Montageh\u00f6he der Markise am Transporter Markisen\u00f6ffnung mit negativer Neigung um bei [&hellip;]\" \/>\n<meta property=\"og:url\" content=\"https:\/\/shop.bantam.ch\/de\/produkt\/wandmarkise-fiamma-f43van\/\" \/>\n<meta property=\"og:site_name\" content=\"Bantam Camping AG\" \/>\n<meta property=\"article:modified_time\" content=\"2026-04-20T00:29:29+00:00\" \/>\n<meta name=\"twitter:card\" content=\"summary_large_image\" \/>\n<meta name=\"twitter:label1\" content=\"Gesch\u00e4tzte Lesezeit\" \/>\n\t<meta name=\"twitter:data1\" content=\"1\u00a0Minute\" \/>\n<script type=\"application\/ld+json\" class=\"yoast-schema-graph\">{\"@context\":\"https:\\\/\\\/schema.org\",\"@graph\":[{\"@type\":\"WebPage\",\"@id\":\"https:\\\/\\\/shop.bantam.ch\\\/de\\\/produkt\\\/wandmarkise-fiamma-f43van\\\/\",\"url\":\"https:\\\/\\\/shop.bantam.ch\\\/de\\\/produkt\\\/wandmarkise-fiamma-f43van\\\/\",\"name\":\"Wandmarkise FIAMMA F43van - Bantam Camping AG\",\"isPartOf\":{\"@id\":\"https:\\\/\\\/shop.bantam.ch\\\/de\\\/#website\"},\"primaryImageOfPage\":{\"@id\":\"https:\\\/\\\/shop.bantam.ch\\\/de\\\/produkt\\\/wandmarkise-fiamma-f43van\\\/#primaryimage\"},\"image\":{\"@id\":\"https:\\\/\\\/shop.bantam.ch\\\/de\\\/produkt\\\/wandmarkise-fiamma-f43van\\\/#primaryimage\"},\"thumbnailUrl\":\"https:\\\/\\\/shop.bantam.ch\\\/wp-content\\\/uploads\\\/2025\\\/12\\\/Movera-L-0106772100.jpg\",\"datePublished\":\"2025-12-17T14:34:12+00:00\",\"dateModified\":\"2026-04-20T00:29:29+00:00\",\"breadcrumb\":{\"@id\":\"https:\\\/\\\/shop.bantam.ch\\\/de\\\/produkt\\\/wandmarkise-fiamma-f43van\\\/#breadcrumb\"},\"inLanguage\":\"de\",\"potentialAction\":[{\"@type\":\"ReadAction\",\"target\":[\"https:\\\/\\\/shop.bantam.ch\\\/de\\\/produkt\\\/wandmarkise-fiamma-f43van\\\/\"]}]},{\"@type\":\"ImageObject\",\"inLanguage\":\"de\",\"@id\":\"https:\\\/\\\/shop.bantam.ch\\\/de\\\/produkt\\\/wandmarkise-fiamma-f43van\\\/#primaryimage\",\"url\":\"https:\\\/\\\/shop.bantam.ch\\\/wp-content\\\/uploads\\\/2025\\\/12\\\/Movera-L-0106772100.jpg\",\"contentUrl\":\"https:\\\/\\\/shop.bantam.ch\\\/wp-content\\\/uploads\\\/2025\\\/12\\\/Movera-L-0106772100.jpg\",\"width\":640,\"height\":360},{\"@type\":\"BreadcrumbList\",\"@id\":\"https:\\\/\\\/shop.bantam.ch\\\/de\\\/produkt\\\/wandmarkise-fiamma-f43van\\\/#breadcrumb\",\"itemListElement\":[{\"@type\":\"ListItem\",\"position\":1,\"name\":\"Accueil\",\"item\":\"https:\\\/\\\/shop.bantam.ch\\\/de\\\/\"},{\"@type\":\"ListItem\",\"position\":2,\"name\":\"Shop\",\"item\":\"https:\\\/\\\/shop.bantam.ch\\\/de\\\/shop\\\/\"},{\"@type\":\"ListItem\",\"position\":3,\"name\":\"Wandmarkise FIAMMA F43van\"}]},{\"@type\":\"WebSite\",\"@id\":\"https:\\\/\\\/shop.bantam.ch\\\/de\\\/#website\",\"url\":\"https:\\\/\\\/shop.bantam.ch\\\/de\\\/\",\"name\":\"Bantam Camping AG\",\"description\":\"\",\"publisher\":{\"@id\":\"https:\\\/\\\/shop.bantam.ch\\\/de\\\/#organization\"},\"inLanguage\":\"de\"},{\"@type\":\"Organization\",\"@id\":\"https:\\\/\\\/shop.bantam.ch\\\/de\\\/#organization\",\"name\":\"Bantam Camping AG\",\"url\":\"https:\\\/\\\/shop.bantam.ch\\\/de\\\/\",\"logo\":{\"@type\":\"ImageObject\",\"inLanguage\":\"de\",\"@id\":\"https:\\\/\\\/shop.bantam.ch\\\/de\\\/#\\\/schema\\\/logo\\\/image\\\/\",\"url\":\"https:\\\/\\\/shop.bantam.ch\\\/wp-content\\\/uploads\\\/2022\\\/12\\\/bantam-logo.png\",\"contentUrl\":\"https:\\\/\\\/shop.bantam.ch\\\/wp-content\\\/uploads\\\/2022\\\/12\\\/bantam-logo.png\",\"width\":320,\"height\":71,\"caption\":\"Bantam Camping AG\"},\"image\":{\"@id\":\"https:\\\/\\\/shop.bantam.ch\\\/de\\\/#\\\/schema\\\/logo\\\/image\\\/\"}}]}<\/script>\n<!-- \/ Yoast SEO plugin. -->","yoast_head_json":{"title":"Wandmarkise FIAMMA F43van - Bantam Camping AG","robots":{"index":"index","follow":"follow","max-snippet":"max-snippet:-1","max-image-preview":"max-image-preview:large","max-video-preview":"max-video-preview:-1"},"canonical":"https:\/\/shop.bantam.ch\/de\/produkt\/wandmarkise-fiamma-f43van\/","og_locale":"de_DE","og_type":"article","og_title":"Wandmarkise FIAMMA F43van - Bantam Camping AG","og_description":"Wandmarkise mit Magnetkurbel, spezielle Version entwickelt f\u00fcr den Campingbus auch mit Aufstelldach. Kompakt und mit innovativem Design, welches sich harmonisch an die Optik des Fahrzeugs anpasst, egal ob mit oder ohne Aufstelldach. \u00d6ffnung \u00fcber Kurbel mit Magnetverschluss in der Endkappe, bequeme Position durch die Montageh\u00f6he der Markise am Transporter Markisen\u00f6ffnung mit negativer Neigung um bei [&hellip;]","og_url":"https:\/\/shop.bantam.ch\/de\/produkt\/wandmarkise-fiamma-f43van\/","og_site_name":"Bantam Camping AG","article_modified_time":"2026-04-20T00:29:29+00:00","twitter_card":"summary_large_image","twitter_misc":{"Gesch\u00e4tzte Lesezeit":"1\u00a0Minute"},"schema":{"@context":"https:\/\/schema.org","@graph":[{"@type":"WebPage","@id":"https:\/\/shop.bantam.ch\/de\/produkt\/wandmarkise-fiamma-f43van\/","url":"https:\/\/shop.bantam.ch\/de\/produkt\/wandmarkise-fiamma-f43van\/","name":"Wandmarkise FIAMMA F43van - Bantam Camping AG","isPartOf":{"@id":"https:\/\/shop.bantam.ch\/de\/#website"},"primaryImageOfPage":{"@id":"https:\/\/shop.bantam.ch\/de\/produkt\/wandmarkise-fiamma-f43van\/#primaryimage"},"image":{"@id":"https:\/\/shop.bantam.ch\/de\/produkt\/wandmarkise-fiamma-f43van\/#primaryimage"},"thumbnailUrl":"https:\/\/shop.bantam.ch\/wp-content\/uploads\/2025\/12\/Movera-L-0106772100.jpg","datePublished":"2025-12-17T14:34:12+00:00","dateModified":"2026-04-20T00:29:29+00:00","breadcrumb":{"@id":"https:\/\/shop.bantam.ch\/de\/produkt\/wandmarkise-fiamma-f43van\/#breadcrumb"},"inLanguage":"de","potentialAction":[{"@type":"ReadAction","target":["https:\/\/shop.bantam.ch\/de\/produkt\/wandmarkise-fiamma-f43van\/"]}]},{"@type":"ImageObject","inLanguage":"de","@id":"https:\/\/shop.bantam.ch\/de\/produkt\/wandmarkise-fiamma-f43van\/#primaryimage","url":"https:\/\/shop.bantam.ch\/wp-content\/uploads\/2025\/12\/Movera-L-0106772100.jpg","contentUrl":"https:\/\/shop.bantam.ch\/wp-content\/uploads\/2025\/12\/Movera-L-0106772100.jpg","width":640,"height":360},{"@type":"BreadcrumbList","@id":"https:\/\/shop.bantam.ch\/de\/produkt\/wandmarkise-fiamma-f43van\/#breadcrumb","itemListElement":[{"@type":"ListItem","position":1,"name":"Accueil","item":"https:\/\/shop.bantam.ch\/de\/"},{"@type":"ListItem","position":2,"name":"Shop","item":"https:\/\/shop.bantam.ch\/de\/shop\/"},{"@type":"ListItem","position":3,"name":"Wandmarkise FIAMMA F43van"}]},{"@type":"WebSite","@id":"https:\/\/shop.bantam.ch\/de\/#website","url":"https:\/\/shop.bantam.ch\/de\/","name":"Bantam Camping AG","description":"","publisher":{"@id":"https:\/\/shop.bantam.ch\/de\/#organization"},"inLanguage":"de"},{"@type":"Organization","@id":"https:\/\/shop.bantam.ch\/de\/#organization","name":"Bantam Camping AG","url":"https:\/\/shop.bantam.ch\/de\/","logo":{"@type":"ImageObject","inLanguage":"de","@id":"https:\/\/shop.bantam.ch\/de\/#\/schema\/logo\/image\/","url":"https:\/\/shop.bantam.ch\/wp-content\/uploads\/2022\/12\/bantam-logo.png","contentUrl":"https:\/\/shop.bantam.ch\/wp-content\/uploads\/2022\/12\/bantam-logo.png","width":320,"height":71,"caption":"Bantam Camping AG"},"image":{"@id":"https:\/\/shop.bantam.ch\/de\/#\/schema\/logo\/image\/"}}]}},"_links":{"self":[{"href":"https:\/\/shop.bantam.ch\/de\/wp-json\/wp\/v2\/product\/226099","targetHints":{"allow":["GET"]}}],"collection":[{"href":"https:\/\/shop.bantam.ch\/de\/wp-json\/wp\/v2\/product"}],"about":[{"href":"https:\/\/shop.bantam.ch\/de\/wp-json\/wp\/v2\/types\/product"}],"wp:featuredmedia":[{"embeddable":true,"href":"https:\/\/shop.bantam.ch\/de\/wp-json\/wp\/v2\/media\/226083"}],"wp:attachment":[{"href":"https:\/\/shop.bantam.ch\/de\/wp-json\/wp\/v2\/media?parent=226099"}],"wp:term":[{"taxonomy":"product_featured_cat","embeddable":true,"href":"https:\/\/shop.bantam.ch\/de\/wp-json\/wp\/v2\/product_featured_cat?post=226099"},{"taxonomy":"product_brand","embeddable":true,"href":"https:\/\/shop.bantam.ch\/de\/wp-json\/wp\/v2\/product_brand?post=226099"},{"taxonomy":"product_cat","embeddable":true,"href":"https:\/\/shop.bantam.ch\/de\/wp-json\/wp\/v2\/product_cat?post=226099"},{"taxonomy":"product_tag","embeddable":true,"href":"https:\/\/shop.bantam.ch\/de\/wp-json\/wp\/v2\/product_tag?post=226099"}],"curies":[{"name":"wp","href":"https:\/\/api.w.org\/{rel}","templated":true}]}}