{"id":225931,"date":"2025-12-17T15:29:25","date_gmt":"2025-12-17T14:29:25","guid":{"rendered":"https:\/\/shop.bantam.ch\/produit\/infotainer-z-e2065-passend-fuer-vw\/"},"modified":"2026-04-21T23:47:20","modified_gmt":"2026-04-21T21:47:20","slug":"infotainer-z-e2065-passend-fuer-vw","status":"publish","type":"product","link":"https:\/\/shop.bantam.ch\/de\/produkt\/infotainer-z-e2065-passend-fuer-vw\/","title":{"rendered":"Infotainer Z-E2065 passend f\u00fcr VW"},"content":{"rendered":"<p>ZENEC E&gt;GO Z-E2065 &#8211; Infotainer f\u00fcr VW, Seat, Skoda (Golf 5 + 6 Plattformen &amp; T5\/T6)*, Mediencenter mit 9&#8243;&#8220; \/ 22,9 cm Touchscreen, Multimediasystem mit Apple CarPlay, Google Android Auto, DAB+. Dieses fahrzeugspezifische Multimediasystem von ZENEC ist optisch und technisch kompatibel mit diversen VW, Skoda und Seat Modellen. Via CAN-Bus mit der Fahrzeugelektronik vernetzt, integriert sich der Z-E2065 in die Bedienarchitektur &#8211; die Anzeigen von MFA\/MFA+, OPS und Climatronic sowie das Multifunktionslenkrad sind f\u00fcr Sie dadurch wie gewohnt nutzbar. Auch ab Werk verbaute Aktiv- Soundsysteme werden unterst\u00fctzt. Der Z-E2065 ist ein top ausgestattetes Media Center mit DAB+ Twin Tuner, Bluetooth f\u00fcr Freisprechen und A2DP Musikstreaming, zwei USB-Anschl\u00fcssen zur Audio- und Videowiedergabe, 4 x 50 Watt Verst\u00e4rker, HDMI Eingang und Kamera Eingang. Der Phase Diversity UKW Triple Tuner mit dynamischer Senderliste ist f\u00fcr VAG Diversity Antennenanlagen entwickelt und nutzt die Signale von beiden FM Antennen, um jederzeit besten Empfang zu erm\u00f6glichen &#8211; auch unter schlechten Empfangsbedingungen. Verbinden Sie Ihr Smartphone via USB mit dem Media Receiver oder pairen Sie es per WiFi &#8211; der Z-E2065 unterst\u00fctzt dann Wireless Apple CarPlay und Wireless Google Android Auto. Navigieren, Telefonieren, Nachrichten senden und empfangen, Musik h\u00f6ren &#8211; alle Funktionen steuern Sie bequem per Siri, den Google Sprachassistenten oder \u00fcber das Display des Infotainers. Der kapazitive 9&#8243;&#8220;\/22,9 cm LCD-TFT Touchscreen aus Echtglas \u00fcberzeugt mit hoher Farbbrillianz, Leuchtkraft und Kontrastreichtum. Der Z-E2065 erm\u00f6glicht Ihnen ein umfassendes Soundtuning \u00fcber seine per DSP-IC erweiterten Audioeinstellungen. Die Optimierung der Stereo-Abbildung per 5-Kanal Laufzeitkorrektur und die Begradigung des Cockpit-Frequenzgangs \u00fcber den graphischen 16-Band Equalizer sind ein grosses Plus. Der Z-E2065 verf\u00fcgt ebenfalls \u00fcber eine DSP-basierte aktive Frequenzweiche mit w\u00e4hlbaren 12 dB und 24 dB\/Okt. Flankensteilheiten.<\/p>\n<p>Hauptmerkmale:<\/p>\n<ul>\n<li>Kapazitives 9&#8243;&#8220; \/ 22,9 cm Touchscreen-Glasdisplay<\/li>\n<li>Wireless Apple Car Play, Wireless Google Android Auto<\/li>\n<li>DAB+ Twin-Tuner mit dynamischer Senderliste, DAB-FM und DAB-DAB Seamless Blending, MOT Slideshow und DLS Text<\/li>\n<li>UKW RDS Phase Diversity Triple-Tuner<\/li>\n<li>2 x USB-Port, 4 x 50 W Verst\u00e4rker<\/li>\n<li>Bluetooth f\u00fcr Freisprechen und Musikstreaming<\/li>\n<li>5-CH Laufzeitkorrektur durch Audio-DSP, grafischer 16-Band EQ, 12 \/ 24 dB\/Okt. Hoch- und Tiefpassfilter<\/li>\n<li>Tastenbeleuchtung: weiss \/ rot<\/li>\n<li>CAN-Bus Anbindung der Tasten des Multifunktions-Lenkrads, der MFA\/MFA+, des OPS, der Climatronic-Statusanzeige und von Werks-Aktivsoundsystemen<\/li>\n<li>4.2 Cinch Vorverst\u00e4rkerausgang (3 V)<\/li>\n<li>Cinch Eingang f\u00fcr Kamera-Videosignal (CVBS \/ AHD 720p) mit geschalteter Stromversorgung<\/li>\n<li>Doppel-Fakra UKW Antenneneingang mit 12 V Phantom Antennenversorgung, SMB DAB Antenneneingang mit schaltbarer 12 V Phantom Stromversorgung<\/li>\n<li>Cinch A\/V Eingang f\u00fcr 2-CH A\/V (CVBS, PAL, NTSC) Signal<\/li>\n<li>Fakra GPS Antenneneingang<\/li>\n<li>HDMI Eingang &nbsp; &nbsp; &nbsp; &nbsp; &nbsp; &nbsp; &nbsp; &nbsp; &nbsp; &nbsp; &nbsp; &nbsp; &nbsp; &nbsp; &nbsp; &nbsp; &nbsp; &nbsp; &nbsp; &nbsp; &nbsp; &nbsp; &nbsp; &nbsp; &nbsp; &nbsp; &nbsp; &nbsp; &nbsp; &nbsp; &nbsp;&nbsp;<\/li>\n<\/ul>\n<p>*F\u00fcr Quadlock III basierte VAG-Fahrzeuge (z.B. T6) wird der Artikel<br \/>\nN-ZE2065-QL3 (Hauptkabelbaum) ben\u00f6tigt. Die physische Bauform des OE Ger\u00e4ts bzw. der Frontplatte muss mit dem Z-E2065 \u00fcbereinstimmen.<\/p>\n<p>Lieferumfang: inklusive externes Bluetooth-Mikro, GPS Antenne, 2 x USB-Kabel, div. Anschlusskabel und Adapter und 2 x Fernbedienung.<\/p>\n","protected":false},"excerpt":{"rendered":"<p>ZENEC E&gt;GO Z-E2065 &#8211; Infotainer f\u00fcr VW, Seat, Skoda (Golf 5 + 6 Plattformen &amp; T5\/T6)*, Mediencenter mit 9&#8243;&#8220; \/ 22,9 cm Touchscreen, Multimediasystem mit Apple CarPlay, Google Android Auto, DAB+. Dieses fahrzeugspezifische Multimediasystem von ZENEC ist optisch und technisch kompatibel mit diversen VW, Skoda und Seat Modellen. Via CAN-Bus mit der Fahrzeugelektronik vernetzt, integriert [&hellip;]<\/p>\n","protected":false},"featured_media":225923,"template":"","meta":{"_acf_changed":false},"product_featured_cat":[],"product_brand":[],"product_cat":[5000],"product_tag":[],"class_list":{"0":"post-225931","1":"product","2":"type-product","3":"status-publish","4":"has-post-thumbnail","6":"product_cat-monitore","8":"first","9":"instock","10":"taxable","11":"shipping-taxable","12":"purchasable","13":"product-type-simple"},"acf":[],"yoast_head":"<!-- This site is optimized with the Yoast SEO plugin v27.4 - https:\/\/yoast.com\/product\/yoast-seo-wordpress\/ -->\n<title>Infotainer Z-E2065 passend f\u00fcr VW - Bantam Camping AG<\/title>\n<meta name=\"robots\" content=\"index, follow, max-snippet:-1, max-image-preview:large, max-video-preview:-1\" \/>\n<link rel=\"canonical\" href=\"https:\/\/shop.bantam.ch\/de\/produkt\/infotainer-z-e2065-passend-fuer-vw\/\" \/>\n<meta property=\"og:locale\" content=\"de_DE\" \/>\n<meta property=\"og:type\" content=\"article\" \/>\n<meta property=\"og:title\" content=\"Infotainer Z-E2065 passend f\u00fcr VW - Bantam Camping AG\" \/>\n<meta property=\"og:description\" content=\"ZENEC E&gt;GO Z-E2065 &#8211; Infotainer f\u00fcr VW, Seat, Skoda (Golf 5 + 6 Plattformen &amp; T5\/T6)*, Mediencenter mit 9&#8243;&#8220; \/ 22,9 cm Touchscreen, Multimediasystem mit Apple CarPlay, Google Android Auto, DAB+. Dieses fahrzeugspezifische Multimediasystem von ZENEC ist optisch und technisch kompatibel mit diversen VW, Skoda und Seat Modellen. Via CAN-Bus mit der Fahrzeugelektronik vernetzt, integriert [&hellip;]\" \/>\n<meta property=\"og:url\" content=\"https:\/\/shop.bantam.ch\/de\/produkt\/infotainer-z-e2065-passend-fuer-vw\/\" \/>\n<meta property=\"og:site_name\" content=\"Bantam Camping AG\" \/>\n<meta property=\"article:modified_time\" content=\"2026-04-21T21:47:20+00:00\" \/>\n<meta name=\"twitter:card\" content=\"summary_large_image\" \/>\n<meta name=\"twitter:label1\" content=\"Gesch\u00e4tzte Lesezeit\" \/>\n\t<meta name=\"twitter:data1\" content=\"2\u00a0Minuten\" \/>\n<script type=\"application\/ld+json\" class=\"yoast-schema-graph\">{\"@context\":\"https:\\\/\\\/schema.org\",\"@graph\":[{\"@type\":\"WebPage\",\"@id\":\"https:\\\/\\\/shop.bantam.ch\\\/de\\\/produkt\\\/infotainer-z-e2065-passend-fuer-vw\\\/\",\"url\":\"https:\\\/\\\/shop.bantam.ch\\\/de\\\/produkt\\\/infotainer-z-e2065-passend-fuer-vw\\\/\",\"name\":\"Infotainer Z-E2065 passend f\u00fcr VW - Bantam Camping AG\",\"isPartOf\":{\"@id\":\"https:\\\/\\\/shop.bantam.ch\\\/de\\\/#website\"},\"primaryImageOfPage\":{\"@id\":\"https:\\\/\\\/shop.bantam.ch\\\/de\\\/produkt\\\/infotainer-z-e2065-passend-fuer-vw\\\/#primaryimage\"},\"image\":{\"@id\":\"https:\\\/\\\/shop.bantam.ch\\\/de\\\/produkt\\\/infotainer-z-e2065-passend-fuer-vw\\\/#primaryimage\"},\"thumbnailUrl\":\"https:\\\/\\\/shop.bantam.ch\\\/wp-content\\\/uploads\\\/2025\\\/12\\\/Movera-L-9975885100.png\",\"datePublished\":\"2025-12-17T14:29:25+00:00\",\"dateModified\":\"2026-04-21T21:47:20+00:00\",\"breadcrumb\":{\"@id\":\"https:\\\/\\\/shop.bantam.ch\\\/de\\\/produkt\\\/infotainer-z-e2065-passend-fuer-vw\\\/#breadcrumb\"},\"inLanguage\":\"de\",\"potentialAction\":[{\"@type\":\"ReadAction\",\"target\":[\"https:\\\/\\\/shop.bantam.ch\\\/de\\\/produkt\\\/infotainer-z-e2065-passend-fuer-vw\\\/\"]}]},{\"@type\":\"ImageObject\",\"inLanguage\":\"de\",\"@id\":\"https:\\\/\\\/shop.bantam.ch\\\/de\\\/produkt\\\/infotainer-z-e2065-passend-fuer-vw\\\/#primaryimage\",\"url\":\"https:\\\/\\\/shop.bantam.ch\\\/wp-content\\\/uploads\\\/2025\\\/12\\\/Movera-L-9975885100.png\",\"contentUrl\":\"https:\\\/\\\/shop.bantam.ch\\\/wp-content\\\/uploads\\\/2025\\\/12\\\/Movera-L-9975885100.png\",\"width\":640,\"height\":427},{\"@type\":\"BreadcrumbList\",\"@id\":\"https:\\\/\\\/shop.bantam.ch\\\/de\\\/produkt\\\/infotainer-z-e2065-passend-fuer-vw\\\/#breadcrumb\",\"itemListElement\":[{\"@type\":\"ListItem\",\"position\":1,\"name\":\"Accueil\",\"item\":\"https:\\\/\\\/shop.bantam.ch\\\/de\\\/\"},{\"@type\":\"ListItem\",\"position\":2,\"name\":\"Shop\",\"item\":\"https:\\\/\\\/shop.bantam.ch\\\/de\\\/shop\\\/\"},{\"@type\":\"ListItem\",\"position\":3,\"name\":\"Infotainer Z-E2065 passend f\u00fcr VW\"}]},{\"@type\":\"WebSite\",\"@id\":\"https:\\\/\\\/shop.bantam.ch\\\/de\\\/#website\",\"url\":\"https:\\\/\\\/shop.bantam.ch\\\/de\\\/\",\"name\":\"Bantam Camping AG\",\"description\":\"\",\"publisher\":{\"@id\":\"https:\\\/\\\/shop.bantam.ch\\\/de\\\/#organization\"},\"inLanguage\":\"de\"},{\"@type\":\"Organization\",\"@id\":\"https:\\\/\\\/shop.bantam.ch\\\/de\\\/#organization\",\"name\":\"Bantam Camping AG\",\"url\":\"https:\\\/\\\/shop.bantam.ch\\\/de\\\/\",\"logo\":{\"@type\":\"ImageObject\",\"inLanguage\":\"de\",\"@id\":\"https:\\\/\\\/shop.bantam.ch\\\/de\\\/#\\\/schema\\\/logo\\\/image\\\/\",\"url\":\"https:\\\/\\\/shop.bantam.ch\\\/wp-content\\\/uploads\\\/2022\\\/12\\\/bantam-logo.png\",\"contentUrl\":\"https:\\\/\\\/shop.bantam.ch\\\/wp-content\\\/uploads\\\/2022\\\/12\\\/bantam-logo.png\",\"width\":320,\"height\":71,\"caption\":\"Bantam Camping AG\"},\"image\":{\"@id\":\"https:\\\/\\\/shop.bantam.ch\\\/de\\\/#\\\/schema\\\/logo\\\/image\\\/\"}}]}<\/script>\n<!-- \/ Yoast SEO plugin. -->","yoast_head_json":{"title":"Infotainer Z-E2065 passend f\u00fcr VW - Bantam Camping AG","robots":{"index":"index","follow":"follow","max-snippet":"max-snippet:-1","max-image-preview":"max-image-preview:large","max-video-preview":"max-video-preview:-1"},"canonical":"https:\/\/shop.bantam.ch\/de\/produkt\/infotainer-z-e2065-passend-fuer-vw\/","og_locale":"de_DE","og_type":"article","og_title":"Infotainer Z-E2065 passend f\u00fcr VW - Bantam Camping AG","og_description":"ZENEC E&gt;GO Z-E2065 &#8211; Infotainer f\u00fcr VW, Seat, Skoda (Golf 5 + 6 Plattformen &amp; T5\/T6)*, Mediencenter mit 9&#8243;&#8220; \/ 22,9 cm Touchscreen, Multimediasystem mit Apple CarPlay, Google Android Auto, DAB+. Dieses fahrzeugspezifische Multimediasystem von ZENEC ist optisch und technisch kompatibel mit diversen VW, Skoda und Seat Modellen. Via CAN-Bus mit der Fahrzeugelektronik vernetzt, integriert [&hellip;]","og_url":"https:\/\/shop.bantam.ch\/de\/produkt\/infotainer-z-e2065-passend-fuer-vw\/","og_site_name":"Bantam Camping AG","article_modified_time":"2026-04-21T21:47:20+00:00","twitter_card":"summary_large_image","twitter_misc":{"Gesch\u00e4tzte Lesezeit":"2\u00a0Minuten"},"schema":{"@context":"https:\/\/schema.org","@graph":[{"@type":"WebPage","@id":"https:\/\/shop.bantam.ch\/de\/produkt\/infotainer-z-e2065-passend-fuer-vw\/","url":"https:\/\/shop.bantam.ch\/de\/produkt\/infotainer-z-e2065-passend-fuer-vw\/","name":"Infotainer Z-E2065 passend f\u00fcr VW - Bantam Camping AG","isPartOf":{"@id":"https:\/\/shop.bantam.ch\/de\/#website"},"primaryImageOfPage":{"@id":"https:\/\/shop.bantam.ch\/de\/produkt\/infotainer-z-e2065-passend-fuer-vw\/#primaryimage"},"image":{"@id":"https:\/\/shop.bantam.ch\/de\/produkt\/infotainer-z-e2065-passend-fuer-vw\/#primaryimage"},"thumbnailUrl":"https:\/\/shop.bantam.ch\/wp-content\/uploads\/2025\/12\/Movera-L-9975885100.png","datePublished":"2025-12-17T14:29:25+00:00","dateModified":"2026-04-21T21:47:20+00:00","breadcrumb":{"@id":"https:\/\/shop.bantam.ch\/de\/produkt\/infotainer-z-e2065-passend-fuer-vw\/#breadcrumb"},"inLanguage":"de","potentialAction":[{"@type":"ReadAction","target":["https:\/\/shop.bantam.ch\/de\/produkt\/infotainer-z-e2065-passend-fuer-vw\/"]}]},{"@type":"ImageObject","inLanguage":"de","@id":"https:\/\/shop.bantam.ch\/de\/produkt\/infotainer-z-e2065-passend-fuer-vw\/#primaryimage","url":"https:\/\/shop.bantam.ch\/wp-content\/uploads\/2025\/12\/Movera-L-9975885100.png","contentUrl":"https:\/\/shop.bantam.ch\/wp-content\/uploads\/2025\/12\/Movera-L-9975885100.png","width":640,"height":427},{"@type":"BreadcrumbList","@id":"https:\/\/shop.bantam.ch\/de\/produkt\/infotainer-z-e2065-passend-fuer-vw\/#breadcrumb","itemListElement":[{"@type":"ListItem","position":1,"name":"Accueil","item":"https:\/\/shop.bantam.ch\/de\/"},{"@type":"ListItem","position":2,"name":"Shop","item":"https:\/\/shop.bantam.ch\/de\/shop\/"},{"@type":"ListItem","position":3,"name":"Infotainer Z-E2065 passend f\u00fcr VW"}]},{"@type":"WebSite","@id":"https:\/\/shop.bantam.ch\/de\/#website","url":"https:\/\/shop.bantam.ch\/de\/","name":"Bantam Camping AG","description":"","publisher":{"@id":"https:\/\/shop.bantam.ch\/de\/#organization"},"inLanguage":"de"},{"@type":"Organization","@id":"https:\/\/shop.bantam.ch\/de\/#organization","name":"Bantam Camping AG","url":"https:\/\/shop.bantam.ch\/de\/","logo":{"@type":"ImageObject","inLanguage":"de","@id":"https:\/\/shop.bantam.ch\/de\/#\/schema\/logo\/image\/","url":"https:\/\/shop.bantam.ch\/wp-content\/uploads\/2022\/12\/bantam-logo.png","contentUrl":"https:\/\/shop.bantam.ch\/wp-content\/uploads\/2022\/12\/bantam-logo.png","width":320,"height":71,"caption":"Bantam Camping AG"},"image":{"@id":"https:\/\/shop.bantam.ch\/de\/#\/schema\/logo\/image\/"}}]}},"_links":{"self":[{"href":"https:\/\/shop.bantam.ch\/de\/wp-json\/wp\/v2\/product\/225931","targetHints":{"allow":["GET"]}}],"collection":[{"href":"https:\/\/shop.bantam.ch\/de\/wp-json\/wp\/v2\/product"}],"about":[{"href":"https:\/\/shop.bantam.ch\/de\/wp-json\/wp\/v2\/types\/product"}],"wp:featuredmedia":[{"embeddable":true,"href":"https:\/\/shop.bantam.ch\/de\/wp-json\/wp\/v2\/media\/225923"}],"wp:attachment":[{"href":"https:\/\/shop.bantam.ch\/de\/wp-json\/wp\/v2\/media?parent=225931"}],"wp:term":[{"taxonomy":"product_featured_cat","embeddable":true,"href":"https:\/\/shop.bantam.ch\/de\/wp-json\/wp\/v2\/product_featured_cat?post=225931"},{"taxonomy":"product_brand","embeddable":true,"href":"https:\/\/shop.bantam.ch\/de\/wp-json\/wp\/v2\/product_brand?post=225931"},{"taxonomy":"product_cat","embeddable":true,"href":"https:\/\/shop.bantam.ch\/de\/wp-json\/wp\/v2\/product_cat?post=225931"},{"taxonomy":"product_tag","embeddable":true,"href":"https:\/\/shop.bantam.ch\/de\/wp-json\/wp\/v2\/product_tag?post=225931"}],"curies":[{"name":"wp","href":"https:\/\/api.w.org\/{rel}","templated":true}]}}