{"id":225863,"date":"2025-12-17T15:27:49","date_gmt":"2025-12-17T14:27:49","guid":{"rendered":"https:\/\/shop.bantam.ch\/produit\/elgena-nautic-compact-e-6-ltr-12-v-200-w-schwarz-l39cm-h23cm-b22cm\/"},"modified":"2026-04-17T23:42:02","modified_gmt":"2026-04-17T21:42:02","slug":"elgena-nautic-compact-e-6-ltr-12-v-200-w-schwarz-l39cm-h23cm-b22cm","status":"publish","type":"product","link":"https:\/\/shop.bantam.ch\/de\/produkt\/elgena-nautic-compact-e-6-ltr-12-v-200-w-schwarz-l39cm-h23cm-b22cm\/","title":{"rendered":"ELGENA-Nautic compact e 6 Ltr. 12 V\/200 W schwarz L39cm, H23cm B22cm"},"content":{"rendered":"<p>Nautic-Compact &nbsp;ist druckfest und kann serienm\u00e4\u00dfig oder nachtr\u00e4glich an jede Kaltwasserversorgung<br \/>\nmit Schlauchleitungen montiert werden. Der Wasseranschluss ist sowohl f\u00fcr Tauchpumpe, Fu\u00df- oder<br \/>\nHandpumpe als auch f\u00fcr eine Druckpumpe m\u00f6glich. &nbsp;Falls eine Wasserleitung mit h\u00f6herem Druck als<br \/>\n2,5 bar angeschlossen werden soll, ist ein Druckminderer einzusetzen. Die Ger\u00e4te sind f\u00fcr Schlauchanschl\u00fcsse vorgesehen, um den Vibrationen im maritimen und mobilen Bereich entgegenzuwirken. Nautic-Compact ist so konstruiert, dass selbst bei leerem Brauchwassertank der Kessel immer gef\u00fcllt bleibt und niemals leer gepumpt werden kann.&nbsp;<\/p>\n<p>Eine v\u00f6llige Entleerung ist daher nur bei \u00d6ffnung des Wasserablassventils m\u00f6glich.&nbsp;<\/p>\n<p>Nautic-Compact &nbsp;Kessel und W\u00e4rmetauscher sind aus bestem &nbsp;s\u00e4urefestem Niromaterial V4A &nbsp; hergestellt und vollst\u00e4ndig isoliert.<br \/>\nDie ausgezeichnete Isolierung sorgt daf\u00fcr, dass auch am n\u00e4chsten Tag warmes Wasser zur Verf\u00fcgung steht.<br \/>\nDie Montage kann zB einfach im Stauraum, unter einer Sitzgruppe oder wo immer ein geeigneter Platz zur Verf\u00fcgung steht, vorgenommen werden. Eine ausf\u00fchrliche Montageanleitung liegt jedem Ger\u00e4t bei.<\/p>\n<p>\n&nbsp;<\/p>\n","protected":false},"excerpt":{"rendered":"<p>Nautic-Compact &nbsp;ist druckfest und kann serienm\u00e4\u00dfig oder nachtr\u00e4glich an jede Kaltwasserversorgung mit Schlauchleitungen montiert werden. Der Wasseranschluss ist sowohl f\u00fcr Tauchpumpe, Fu\u00df- oder Handpumpe als auch f\u00fcr eine Druckpumpe m\u00f6glich. &nbsp;Falls eine Wasserleitung mit h\u00f6herem Druck als 2,5 bar angeschlossen werden soll, ist ein Druckminderer einzusetzen. Die Ger\u00e4te sind f\u00fcr Schlauchanschl\u00fcsse vorgesehen, um den Vibrationen [&hellip;]<\/p>\n","protected":false},"featured_media":225861,"template":"","meta":{"_acf_changed":false},"product_featured_cat":[],"product_brand":[],"product_cat":[4104],"product_tag":[],"class_list":{"0":"post-225863","1":"product","2":"type-product","3":"status-publish","4":"has-post-thumbnail","6":"product_cat-boiler","8":"first","9":"instock","10":"taxable","11":"shipping-taxable","12":"purchasable","13":"product-type-simple"},"acf":[],"yoast_head":"<!-- This site is optimized with the Yoast SEO plugin v27.4 - https:\/\/yoast.com\/product\/yoast-seo-wordpress\/ -->\n<title>ELGENA-Nautic compact e 6 Ltr. 12 V\/200 W schwarz L39cm, H23cm B22cm - Bantam Camping AG<\/title>\n<meta name=\"robots\" content=\"index, follow, max-snippet:-1, max-image-preview:large, max-video-preview:-1\" \/>\n<link rel=\"canonical\" href=\"https:\/\/shop.bantam.ch\/de\/produkt\/elgena-nautic-compact-e-6-ltr-12-v-200-w-schwarz-l39cm-h23cm-b22cm\/\" \/>\n<meta property=\"og:locale\" content=\"de_DE\" \/>\n<meta property=\"og:type\" content=\"article\" \/>\n<meta property=\"og:title\" content=\"ELGENA-Nautic compact e 6 Ltr. 12 V\/200 W schwarz L39cm, H23cm B22cm - Bantam Camping AG\" \/>\n<meta property=\"og:description\" content=\"Nautic-Compact &nbsp;ist druckfest und kann serienm\u00e4\u00dfig oder nachtr\u00e4glich an jede Kaltwasserversorgung mit Schlauchleitungen montiert werden. Der Wasseranschluss ist sowohl f\u00fcr Tauchpumpe, Fu\u00df- oder Handpumpe als auch f\u00fcr eine Druckpumpe m\u00f6glich. &nbsp;Falls eine Wasserleitung mit h\u00f6herem Druck als 2,5 bar angeschlossen werden soll, ist ein Druckminderer einzusetzen. Die Ger\u00e4te sind f\u00fcr Schlauchanschl\u00fcsse vorgesehen, um den Vibrationen [&hellip;]\" \/>\n<meta property=\"og:url\" content=\"https:\/\/shop.bantam.ch\/de\/produkt\/elgena-nautic-compact-e-6-ltr-12-v-200-w-schwarz-l39cm-h23cm-b22cm\/\" \/>\n<meta property=\"og:site_name\" content=\"Bantam Camping AG\" \/>\n<meta property=\"article:modified_time\" content=\"2026-04-17T21:42:02+00:00\" \/>\n<meta name=\"twitter:card\" content=\"summary_large_image\" \/>\n<meta name=\"twitter:label1\" content=\"Gesch\u00e4tzte Lesezeit\" \/>\n\t<meta name=\"twitter:data1\" content=\"1\u00a0Minute\" \/>\n<script type=\"application\/ld+json\" class=\"yoast-schema-graph\">{\"@context\":\"https:\\\/\\\/schema.org\",\"@graph\":[{\"@type\":\"WebPage\",\"@id\":\"https:\\\/\\\/shop.bantam.ch\\\/de\\\/produkt\\\/elgena-nautic-compact-e-6-ltr-12-v-200-w-schwarz-l39cm-h23cm-b22cm\\\/\",\"url\":\"https:\\\/\\\/shop.bantam.ch\\\/de\\\/produkt\\\/elgena-nautic-compact-e-6-ltr-12-v-200-w-schwarz-l39cm-h23cm-b22cm\\\/\",\"name\":\"ELGENA-Nautic compact e 6 Ltr. 12 V\\\/200 W schwarz L39cm, H23cm B22cm - Bantam Camping AG\",\"isPartOf\":{\"@id\":\"https:\\\/\\\/shop.bantam.ch\\\/de\\\/#website\"},\"primaryImageOfPage\":{\"@id\":\"https:\\\/\\\/shop.bantam.ch\\\/de\\\/produkt\\\/elgena-nautic-compact-e-6-ltr-12-v-200-w-schwarz-l39cm-h23cm-b22cm\\\/#primaryimage\"},\"image\":{\"@id\":\"https:\\\/\\\/shop.bantam.ch\\\/de\\\/produkt\\\/elgena-nautic-compact-e-6-ltr-12-v-200-w-schwarz-l39cm-h23cm-b22cm\\\/#primaryimage\"},\"thumbnailUrl\":\"https:\\\/\\\/shop.bantam.ch\\\/wp-content\\\/uploads\\\/2025\\\/12\\\/Movera-L-9977921100.jpg\",\"datePublished\":\"2025-12-17T14:27:49+00:00\",\"dateModified\":\"2026-04-17T21:42:02+00:00\",\"breadcrumb\":{\"@id\":\"https:\\\/\\\/shop.bantam.ch\\\/de\\\/produkt\\\/elgena-nautic-compact-e-6-ltr-12-v-200-w-schwarz-l39cm-h23cm-b22cm\\\/#breadcrumb\"},\"inLanguage\":\"de\",\"potentialAction\":[{\"@type\":\"ReadAction\",\"target\":[\"https:\\\/\\\/shop.bantam.ch\\\/de\\\/produkt\\\/elgena-nautic-compact-e-6-ltr-12-v-200-w-schwarz-l39cm-h23cm-b22cm\\\/\"]}]},{\"@type\":\"ImageObject\",\"inLanguage\":\"de\",\"@id\":\"https:\\\/\\\/shop.bantam.ch\\\/de\\\/produkt\\\/elgena-nautic-compact-e-6-ltr-12-v-200-w-schwarz-l39cm-h23cm-b22cm\\\/#primaryimage\",\"url\":\"https:\\\/\\\/shop.bantam.ch\\\/wp-content\\\/uploads\\\/2025\\\/12\\\/Movera-L-9977921100.jpg\",\"contentUrl\":\"https:\\\/\\\/shop.bantam.ch\\\/wp-content\\\/uploads\\\/2025\\\/12\\\/Movera-L-9977921100.jpg\",\"width\":600,\"height\":518},{\"@type\":\"BreadcrumbList\",\"@id\":\"https:\\\/\\\/shop.bantam.ch\\\/de\\\/produkt\\\/elgena-nautic-compact-e-6-ltr-12-v-200-w-schwarz-l39cm-h23cm-b22cm\\\/#breadcrumb\",\"itemListElement\":[{\"@type\":\"ListItem\",\"position\":1,\"name\":\"Accueil\",\"item\":\"https:\\\/\\\/shop.bantam.ch\\\/de\\\/\"},{\"@type\":\"ListItem\",\"position\":2,\"name\":\"Shop\",\"item\":\"https:\\\/\\\/shop.bantam.ch\\\/de\\\/shop\\\/\"},{\"@type\":\"ListItem\",\"position\":3,\"name\":\"ELGENA-Nautic compact e 6 Ltr. 12 V\\\/200 W schwarz L39cm, H23cm B22cm\"}]},{\"@type\":\"WebSite\",\"@id\":\"https:\\\/\\\/shop.bantam.ch\\\/de\\\/#website\",\"url\":\"https:\\\/\\\/shop.bantam.ch\\\/de\\\/\",\"name\":\"Bantam Camping AG\",\"description\":\"\",\"publisher\":{\"@id\":\"https:\\\/\\\/shop.bantam.ch\\\/de\\\/#organization\"},\"inLanguage\":\"de\"},{\"@type\":\"Organization\",\"@id\":\"https:\\\/\\\/shop.bantam.ch\\\/de\\\/#organization\",\"name\":\"Bantam Camping AG\",\"url\":\"https:\\\/\\\/shop.bantam.ch\\\/de\\\/\",\"logo\":{\"@type\":\"ImageObject\",\"inLanguage\":\"de\",\"@id\":\"https:\\\/\\\/shop.bantam.ch\\\/de\\\/#\\\/schema\\\/logo\\\/image\\\/\",\"url\":\"https:\\\/\\\/shop.bantam.ch\\\/wp-content\\\/uploads\\\/2022\\\/12\\\/bantam-logo.png\",\"contentUrl\":\"https:\\\/\\\/shop.bantam.ch\\\/wp-content\\\/uploads\\\/2022\\\/12\\\/bantam-logo.png\",\"width\":320,\"height\":71,\"caption\":\"Bantam Camping AG\"},\"image\":{\"@id\":\"https:\\\/\\\/shop.bantam.ch\\\/de\\\/#\\\/schema\\\/logo\\\/image\\\/\"}}]}<\/script>\n<!-- \/ Yoast SEO plugin. -->","yoast_head_json":{"title":"ELGENA-Nautic compact e 6 Ltr. 12 V\/200 W schwarz L39cm, H23cm B22cm - Bantam Camping AG","robots":{"index":"index","follow":"follow","max-snippet":"max-snippet:-1","max-image-preview":"max-image-preview:large","max-video-preview":"max-video-preview:-1"},"canonical":"https:\/\/shop.bantam.ch\/de\/produkt\/elgena-nautic-compact-e-6-ltr-12-v-200-w-schwarz-l39cm-h23cm-b22cm\/","og_locale":"de_DE","og_type":"article","og_title":"ELGENA-Nautic compact e 6 Ltr. 12 V\/200 W schwarz L39cm, H23cm B22cm - Bantam Camping AG","og_description":"Nautic-Compact &nbsp;ist druckfest und kann serienm\u00e4\u00dfig oder nachtr\u00e4glich an jede Kaltwasserversorgung mit Schlauchleitungen montiert werden. Der Wasseranschluss ist sowohl f\u00fcr Tauchpumpe, Fu\u00df- oder Handpumpe als auch f\u00fcr eine Druckpumpe m\u00f6glich. &nbsp;Falls eine Wasserleitung mit h\u00f6herem Druck als 2,5 bar angeschlossen werden soll, ist ein Druckminderer einzusetzen. Die Ger\u00e4te sind f\u00fcr Schlauchanschl\u00fcsse vorgesehen, um den Vibrationen [&hellip;]","og_url":"https:\/\/shop.bantam.ch\/de\/produkt\/elgena-nautic-compact-e-6-ltr-12-v-200-w-schwarz-l39cm-h23cm-b22cm\/","og_site_name":"Bantam Camping AG","article_modified_time":"2026-04-17T21:42:02+00:00","twitter_card":"summary_large_image","twitter_misc":{"Gesch\u00e4tzte Lesezeit":"1\u00a0Minute"},"schema":{"@context":"https:\/\/schema.org","@graph":[{"@type":"WebPage","@id":"https:\/\/shop.bantam.ch\/de\/produkt\/elgena-nautic-compact-e-6-ltr-12-v-200-w-schwarz-l39cm-h23cm-b22cm\/","url":"https:\/\/shop.bantam.ch\/de\/produkt\/elgena-nautic-compact-e-6-ltr-12-v-200-w-schwarz-l39cm-h23cm-b22cm\/","name":"ELGENA-Nautic compact e 6 Ltr. 12 V\/200 W schwarz L39cm, H23cm B22cm - Bantam Camping AG","isPartOf":{"@id":"https:\/\/shop.bantam.ch\/de\/#website"},"primaryImageOfPage":{"@id":"https:\/\/shop.bantam.ch\/de\/produkt\/elgena-nautic-compact-e-6-ltr-12-v-200-w-schwarz-l39cm-h23cm-b22cm\/#primaryimage"},"image":{"@id":"https:\/\/shop.bantam.ch\/de\/produkt\/elgena-nautic-compact-e-6-ltr-12-v-200-w-schwarz-l39cm-h23cm-b22cm\/#primaryimage"},"thumbnailUrl":"https:\/\/shop.bantam.ch\/wp-content\/uploads\/2025\/12\/Movera-L-9977921100.jpg","datePublished":"2025-12-17T14:27:49+00:00","dateModified":"2026-04-17T21:42:02+00:00","breadcrumb":{"@id":"https:\/\/shop.bantam.ch\/de\/produkt\/elgena-nautic-compact-e-6-ltr-12-v-200-w-schwarz-l39cm-h23cm-b22cm\/#breadcrumb"},"inLanguage":"de","potentialAction":[{"@type":"ReadAction","target":["https:\/\/shop.bantam.ch\/de\/produkt\/elgena-nautic-compact-e-6-ltr-12-v-200-w-schwarz-l39cm-h23cm-b22cm\/"]}]},{"@type":"ImageObject","inLanguage":"de","@id":"https:\/\/shop.bantam.ch\/de\/produkt\/elgena-nautic-compact-e-6-ltr-12-v-200-w-schwarz-l39cm-h23cm-b22cm\/#primaryimage","url":"https:\/\/shop.bantam.ch\/wp-content\/uploads\/2025\/12\/Movera-L-9977921100.jpg","contentUrl":"https:\/\/shop.bantam.ch\/wp-content\/uploads\/2025\/12\/Movera-L-9977921100.jpg","width":600,"height":518},{"@type":"BreadcrumbList","@id":"https:\/\/shop.bantam.ch\/de\/produkt\/elgena-nautic-compact-e-6-ltr-12-v-200-w-schwarz-l39cm-h23cm-b22cm\/#breadcrumb","itemListElement":[{"@type":"ListItem","position":1,"name":"Accueil","item":"https:\/\/shop.bantam.ch\/de\/"},{"@type":"ListItem","position":2,"name":"Shop","item":"https:\/\/shop.bantam.ch\/de\/shop\/"},{"@type":"ListItem","position":3,"name":"ELGENA-Nautic compact e 6 Ltr. 12 V\/200 W schwarz L39cm, H23cm B22cm"}]},{"@type":"WebSite","@id":"https:\/\/shop.bantam.ch\/de\/#website","url":"https:\/\/shop.bantam.ch\/de\/","name":"Bantam Camping AG","description":"","publisher":{"@id":"https:\/\/shop.bantam.ch\/de\/#organization"},"inLanguage":"de"},{"@type":"Organization","@id":"https:\/\/shop.bantam.ch\/de\/#organization","name":"Bantam Camping AG","url":"https:\/\/shop.bantam.ch\/de\/","logo":{"@type":"ImageObject","inLanguage":"de","@id":"https:\/\/shop.bantam.ch\/de\/#\/schema\/logo\/image\/","url":"https:\/\/shop.bantam.ch\/wp-content\/uploads\/2022\/12\/bantam-logo.png","contentUrl":"https:\/\/shop.bantam.ch\/wp-content\/uploads\/2022\/12\/bantam-logo.png","width":320,"height":71,"caption":"Bantam Camping AG"},"image":{"@id":"https:\/\/shop.bantam.ch\/de\/#\/schema\/logo\/image\/"}}]}},"_links":{"self":[{"href":"https:\/\/shop.bantam.ch\/de\/wp-json\/wp\/v2\/product\/225863","targetHints":{"allow":["GET"]}}],"collection":[{"href":"https:\/\/shop.bantam.ch\/de\/wp-json\/wp\/v2\/product"}],"about":[{"href":"https:\/\/shop.bantam.ch\/de\/wp-json\/wp\/v2\/types\/product"}],"wp:featuredmedia":[{"embeddable":true,"href":"https:\/\/shop.bantam.ch\/de\/wp-json\/wp\/v2\/media\/225861"}],"wp:attachment":[{"href":"https:\/\/shop.bantam.ch\/de\/wp-json\/wp\/v2\/media?parent=225863"}],"wp:term":[{"taxonomy":"product_featured_cat","embeddable":true,"href":"https:\/\/shop.bantam.ch\/de\/wp-json\/wp\/v2\/product_featured_cat?post=225863"},{"taxonomy":"product_brand","embeddable":true,"href":"https:\/\/shop.bantam.ch\/de\/wp-json\/wp\/v2\/product_brand?post=225863"},{"taxonomy":"product_cat","embeddable":true,"href":"https:\/\/shop.bantam.ch\/de\/wp-json\/wp\/v2\/product_cat?post=225863"},{"taxonomy":"product_tag","embeddable":true,"href":"https:\/\/shop.bantam.ch\/de\/wp-json\/wp\/v2\/product_tag?post=225863"}],"curies":[{"name":"wp","href":"https:\/\/api.w.org\/{rel}","templated":true}]}}