{"id":225761,"date":"2025-12-17T15:24:29","date_gmt":"2025-12-17T14:24:29","guid":{"rendered":"https:\/\/shop.bantam.ch\/produit\/lithium-batterie-bluetooth-easy\/"},"modified":"2026-04-19T02:18:21","modified_gmt":"2026-04-19T00:18:21","slug":"lithium-batterie-bluetooth-easy","status":"publish","type":"product","link":"https:\/\/shop.bantam.ch\/de\/produkt\/lithium-batterie-bluetooth-easy\/","title":{"rendered":"Lithium Batterie Bluetooth EASY+"},"content":{"rendered":"<p>NEUE REIHE VON LITHIUMBATTERIEN EASY + FORMAT L5 BLUETOOTH<br \/>\nDiese Lithium-Eisen-Phosphat-Batterien wurden speziell entwickelt und konzipiert, um die Lithium-Technologie f\u00fcr alle Reisemobilisten unabh\u00e4ngig von ihrem Budget zug\u00e4nglich zu machen!<\/p>\n<p>Diese Batterien k\u00f6nnen anstelle der Originalbatterie in stehender oder liegender Position eingebaut werden.<\/p>\n<p>Mit 100 % nutzbarer Energie und einer doppelt so langen Lebensdauer wie die besten GEL-Batterien auf dem Markt ist dies die ideale L\u00f6sung f\u00fcr alle, die eine gro\u00dfe Energiereserve zu einem niedrigen Preis w\u00fcnschen.<\/p>\n<ul>\n<li>Integriertes BMS und Schutzrelais.<\/li>\n<li>Dauerleistung: 1.800 W<\/li>\n<li>Wechselrichter bis zu 1 500 W<\/li>\n<li>Last bis zu 50 A<\/li>\n<li>Hohe Lebensdauer bis zu 2.500 Zyklen<\/li>\n<li>Kann stehend oder liegend installiert werden<\/li>\n<li>Bluetooth ist integriert<\/li>\n<li>2 Jahre Garantie<\/li>\n<\/ul>\n","protected":false},"excerpt":{"rendered":"<p>NEUE REIHE VON LITHIUMBATTERIEN EASY + FORMAT L5 BLUETOOTH Diese Lithium-Eisen-Phosphat-Batterien wurden speziell entwickelt und konzipiert, um die Lithium-Technologie f\u00fcr alle Reisemobilisten unabh\u00e4ngig von ihrem Budget zug\u00e4nglich zu machen! Diese Batterien k\u00f6nnen anstelle der Originalbatterie in stehender oder liegender Position eingebaut werden. Mit 100 % nutzbarer Energie und einer doppelt so langen Lebensdauer wie die [&hellip;]<\/p>\n","protected":false},"featured_media":225757,"template":"","meta":{"_acf_changed":false},"product_featured_cat":[],"product_brand":[],"product_cat":[4904],"product_tag":[],"class_list":{"0":"post-225761","1":"product","2":"type-product","3":"status-publish","4":"has-post-thumbnail","6":"product_cat-bordbatterien","8":"first","9":"instock","10":"taxable","11":"shipping-taxable","12":"purchasable","13":"product-type-variable"},"acf":[],"yoast_head":"<!-- This site is optimized with the Yoast SEO plugin v27.4 - https:\/\/yoast.com\/product\/yoast-seo-wordpress\/ -->\n<title>Lithium Batterie Bluetooth EASY+ - Bantam Camping AG<\/title>\n<meta name=\"robots\" content=\"index, follow, max-snippet:-1, max-image-preview:large, max-video-preview:-1\" \/>\n<link rel=\"canonical\" href=\"https:\/\/shop.bantam.ch\/de\/produkt\/lithium-batterie-bluetooth-easy\/\" \/>\n<meta property=\"og:locale\" content=\"de_DE\" \/>\n<meta property=\"og:type\" content=\"article\" \/>\n<meta property=\"og:title\" content=\"Lithium Batterie Bluetooth EASY+ - Bantam Camping AG\" \/>\n<meta property=\"og:description\" content=\"NEUE REIHE VON LITHIUMBATTERIEN EASY + FORMAT L5 BLUETOOTH Diese Lithium-Eisen-Phosphat-Batterien wurden speziell entwickelt und konzipiert, um die Lithium-Technologie f\u00fcr alle Reisemobilisten unabh\u00e4ngig von ihrem Budget zug\u00e4nglich zu machen! Diese Batterien k\u00f6nnen anstelle der Originalbatterie in stehender oder liegender Position eingebaut werden. Mit 100 % nutzbarer Energie und einer doppelt so langen Lebensdauer wie die [&hellip;]\" \/>\n<meta property=\"og:url\" content=\"https:\/\/shop.bantam.ch\/de\/produkt\/lithium-batterie-bluetooth-easy\/\" \/>\n<meta property=\"og:site_name\" content=\"Bantam Camping AG\" \/>\n<meta property=\"article:modified_time\" content=\"2026-04-19T00:18:21+00:00\" \/>\n<meta name=\"twitter:card\" content=\"summary_large_image\" \/>\n<meta name=\"twitter:label1\" content=\"Gesch\u00e4tzte Lesezeit\" \/>\n\t<meta name=\"twitter:data1\" content=\"1\u00a0Minute\" \/>\n<script type=\"application\/ld+json\" class=\"yoast-schema-graph\">{\"@context\":\"https:\\\/\\\/schema.org\",\"@graph\":[{\"@type\":\"WebPage\",\"@id\":\"https:\\\/\\\/shop.bantam.ch\\\/de\\\/produkt\\\/lithium-batterie-bluetooth-easy\\\/\",\"url\":\"https:\\\/\\\/shop.bantam.ch\\\/de\\\/produkt\\\/lithium-batterie-bluetooth-easy\\\/\",\"name\":\"Lithium Batterie Bluetooth EASY+ - Bantam Camping AG\",\"isPartOf\":{\"@id\":\"https:\\\/\\\/shop.bantam.ch\\\/de\\\/#website\"},\"primaryImageOfPage\":{\"@id\":\"https:\\\/\\\/shop.bantam.ch\\\/de\\\/produkt\\\/lithium-batterie-bluetooth-easy\\\/#primaryimage\"},\"image\":{\"@id\":\"https:\\\/\\\/shop.bantam.ch\\\/de\\\/produkt\\\/lithium-batterie-bluetooth-easy\\\/#primaryimage\"},\"thumbnailUrl\":\"https:\\\/\\\/shop.bantam.ch\\\/wp-content\\\/uploads\\\/2025\\\/12\\\/Movera-L-9971427100.jpg\",\"datePublished\":\"2025-12-17T14:24:29+00:00\",\"dateModified\":\"2026-04-19T00:18:21+00:00\",\"breadcrumb\":{\"@id\":\"https:\\\/\\\/shop.bantam.ch\\\/de\\\/produkt\\\/lithium-batterie-bluetooth-easy\\\/#breadcrumb\"},\"inLanguage\":\"de\",\"potentialAction\":[{\"@type\":\"ReadAction\",\"target\":[\"https:\\\/\\\/shop.bantam.ch\\\/de\\\/produkt\\\/lithium-batterie-bluetooth-easy\\\/\"]}]},{\"@type\":\"ImageObject\",\"inLanguage\":\"de\",\"@id\":\"https:\\\/\\\/shop.bantam.ch\\\/de\\\/produkt\\\/lithium-batterie-bluetooth-easy\\\/#primaryimage\",\"url\":\"https:\\\/\\\/shop.bantam.ch\\\/wp-content\\\/uploads\\\/2025\\\/12\\\/Movera-L-9971427100.jpg\",\"contentUrl\":\"https:\\\/\\\/shop.bantam.ch\\\/wp-content\\\/uploads\\\/2025\\\/12\\\/Movera-L-9971427100.jpg\",\"width\":640,\"height\":640},{\"@type\":\"BreadcrumbList\",\"@id\":\"https:\\\/\\\/shop.bantam.ch\\\/de\\\/produkt\\\/lithium-batterie-bluetooth-easy\\\/#breadcrumb\",\"itemListElement\":[{\"@type\":\"ListItem\",\"position\":1,\"name\":\"Accueil\",\"item\":\"https:\\\/\\\/shop.bantam.ch\\\/de\\\/\"},{\"@type\":\"ListItem\",\"position\":2,\"name\":\"Shop\",\"item\":\"https:\\\/\\\/shop.bantam.ch\\\/de\\\/shop\\\/\"},{\"@type\":\"ListItem\",\"position\":3,\"name\":\"Lithium Batterie Bluetooth EASY+\"}]},{\"@type\":\"WebSite\",\"@id\":\"https:\\\/\\\/shop.bantam.ch\\\/de\\\/#website\",\"url\":\"https:\\\/\\\/shop.bantam.ch\\\/de\\\/\",\"name\":\"Bantam Camping AG\",\"description\":\"\",\"publisher\":{\"@id\":\"https:\\\/\\\/shop.bantam.ch\\\/de\\\/#organization\"},\"inLanguage\":\"de\"},{\"@type\":\"Organization\",\"@id\":\"https:\\\/\\\/shop.bantam.ch\\\/de\\\/#organization\",\"name\":\"Bantam Camping AG\",\"url\":\"https:\\\/\\\/shop.bantam.ch\\\/de\\\/\",\"logo\":{\"@type\":\"ImageObject\",\"inLanguage\":\"de\",\"@id\":\"https:\\\/\\\/shop.bantam.ch\\\/de\\\/#\\\/schema\\\/logo\\\/image\\\/\",\"url\":\"https:\\\/\\\/shop.bantam.ch\\\/wp-content\\\/uploads\\\/2022\\\/12\\\/bantam-logo.png\",\"contentUrl\":\"https:\\\/\\\/shop.bantam.ch\\\/wp-content\\\/uploads\\\/2022\\\/12\\\/bantam-logo.png\",\"width\":320,\"height\":71,\"caption\":\"Bantam Camping AG\"},\"image\":{\"@id\":\"https:\\\/\\\/shop.bantam.ch\\\/de\\\/#\\\/schema\\\/logo\\\/image\\\/\"}}]}<\/script>\n<!-- \/ Yoast SEO plugin. -->","yoast_head_json":{"title":"Lithium Batterie Bluetooth EASY+ - Bantam Camping AG","robots":{"index":"index","follow":"follow","max-snippet":"max-snippet:-1","max-image-preview":"max-image-preview:large","max-video-preview":"max-video-preview:-1"},"canonical":"https:\/\/shop.bantam.ch\/de\/produkt\/lithium-batterie-bluetooth-easy\/","og_locale":"de_DE","og_type":"article","og_title":"Lithium Batterie Bluetooth EASY+ - Bantam Camping AG","og_description":"NEUE REIHE VON LITHIUMBATTERIEN EASY + FORMAT L5 BLUETOOTH Diese Lithium-Eisen-Phosphat-Batterien wurden speziell entwickelt und konzipiert, um die Lithium-Technologie f\u00fcr alle Reisemobilisten unabh\u00e4ngig von ihrem Budget zug\u00e4nglich zu machen! Diese Batterien k\u00f6nnen anstelle der Originalbatterie in stehender oder liegender Position eingebaut werden. Mit 100 % nutzbarer Energie und einer doppelt so langen Lebensdauer wie die [&hellip;]","og_url":"https:\/\/shop.bantam.ch\/de\/produkt\/lithium-batterie-bluetooth-easy\/","og_site_name":"Bantam Camping AG","article_modified_time":"2026-04-19T00:18:21+00:00","twitter_card":"summary_large_image","twitter_misc":{"Gesch\u00e4tzte Lesezeit":"1\u00a0Minute"},"schema":{"@context":"https:\/\/schema.org","@graph":[{"@type":"WebPage","@id":"https:\/\/shop.bantam.ch\/de\/produkt\/lithium-batterie-bluetooth-easy\/","url":"https:\/\/shop.bantam.ch\/de\/produkt\/lithium-batterie-bluetooth-easy\/","name":"Lithium Batterie Bluetooth EASY+ - Bantam Camping AG","isPartOf":{"@id":"https:\/\/shop.bantam.ch\/de\/#website"},"primaryImageOfPage":{"@id":"https:\/\/shop.bantam.ch\/de\/produkt\/lithium-batterie-bluetooth-easy\/#primaryimage"},"image":{"@id":"https:\/\/shop.bantam.ch\/de\/produkt\/lithium-batterie-bluetooth-easy\/#primaryimage"},"thumbnailUrl":"https:\/\/shop.bantam.ch\/wp-content\/uploads\/2025\/12\/Movera-L-9971427100.jpg","datePublished":"2025-12-17T14:24:29+00:00","dateModified":"2026-04-19T00:18:21+00:00","breadcrumb":{"@id":"https:\/\/shop.bantam.ch\/de\/produkt\/lithium-batterie-bluetooth-easy\/#breadcrumb"},"inLanguage":"de","potentialAction":[{"@type":"ReadAction","target":["https:\/\/shop.bantam.ch\/de\/produkt\/lithium-batterie-bluetooth-easy\/"]}]},{"@type":"ImageObject","inLanguage":"de","@id":"https:\/\/shop.bantam.ch\/de\/produkt\/lithium-batterie-bluetooth-easy\/#primaryimage","url":"https:\/\/shop.bantam.ch\/wp-content\/uploads\/2025\/12\/Movera-L-9971427100.jpg","contentUrl":"https:\/\/shop.bantam.ch\/wp-content\/uploads\/2025\/12\/Movera-L-9971427100.jpg","width":640,"height":640},{"@type":"BreadcrumbList","@id":"https:\/\/shop.bantam.ch\/de\/produkt\/lithium-batterie-bluetooth-easy\/#breadcrumb","itemListElement":[{"@type":"ListItem","position":1,"name":"Accueil","item":"https:\/\/shop.bantam.ch\/de\/"},{"@type":"ListItem","position":2,"name":"Shop","item":"https:\/\/shop.bantam.ch\/de\/shop\/"},{"@type":"ListItem","position":3,"name":"Lithium Batterie Bluetooth EASY+"}]},{"@type":"WebSite","@id":"https:\/\/shop.bantam.ch\/de\/#website","url":"https:\/\/shop.bantam.ch\/de\/","name":"Bantam Camping AG","description":"","publisher":{"@id":"https:\/\/shop.bantam.ch\/de\/#organization"},"inLanguage":"de"},{"@type":"Organization","@id":"https:\/\/shop.bantam.ch\/de\/#organization","name":"Bantam Camping AG","url":"https:\/\/shop.bantam.ch\/de\/","logo":{"@type":"ImageObject","inLanguage":"de","@id":"https:\/\/shop.bantam.ch\/de\/#\/schema\/logo\/image\/","url":"https:\/\/shop.bantam.ch\/wp-content\/uploads\/2022\/12\/bantam-logo.png","contentUrl":"https:\/\/shop.bantam.ch\/wp-content\/uploads\/2022\/12\/bantam-logo.png","width":320,"height":71,"caption":"Bantam Camping AG"},"image":{"@id":"https:\/\/shop.bantam.ch\/de\/#\/schema\/logo\/image\/"}}]}},"_links":{"self":[{"href":"https:\/\/shop.bantam.ch\/de\/wp-json\/wp\/v2\/product\/225761","targetHints":{"allow":["GET"]}}],"collection":[{"href":"https:\/\/shop.bantam.ch\/de\/wp-json\/wp\/v2\/product"}],"about":[{"href":"https:\/\/shop.bantam.ch\/de\/wp-json\/wp\/v2\/types\/product"}],"wp:featuredmedia":[{"embeddable":true,"href":"https:\/\/shop.bantam.ch\/de\/wp-json\/wp\/v2\/media\/225757"}],"wp:attachment":[{"href":"https:\/\/shop.bantam.ch\/de\/wp-json\/wp\/v2\/media?parent=225761"}],"wp:term":[{"taxonomy":"product_featured_cat","embeddable":true,"href":"https:\/\/shop.bantam.ch\/de\/wp-json\/wp\/v2\/product_featured_cat?post=225761"},{"taxonomy":"product_brand","embeddable":true,"href":"https:\/\/shop.bantam.ch\/de\/wp-json\/wp\/v2\/product_brand?post=225761"},{"taxonomy":"product_cat","embeddable":true,"href":"https:\/\/shop.bantam.ch\/de\/wp-json\/wp\/v2\/product_cat?post=225761"},{"taxonomy":"product_tag","embeddable":true,"href":"https:\/\/shop.bantam.ch\/de\/wp-json\/wp\/v2\/product_tag?post=225761"}],"curies":[{"name":"wp","href":"https:\/\/api.w.org\/{rel}","templated":true}]}}