{"id":225735,"date":"2025-12-17T15:22:15","date_gmt":"2025-12-17T14:22:15","guid":{"rendered":"https:\/\/shop.bantam.ch\/produit\/sackmarkise-caravanstore-evo\/"},"modified":"2026-04-19T02:18:13","modified_gmt":"2026-04-19T00:18:13","slug":"sackmarkise-caravanstore-evo","status":"publish","type":"product","link":"https:\/\/shop.bantam.ch\/de\/produkt\/sackmarkise-caravanstore-evo\/","title":{"rendered":"Sackmarkise CaravanStore Evo"},"content":{"rendered":"<p>Eine Weiterentwicklung der Markise CaravanStore, die sich durch die robuste Mechanik und einer modernen, eleganten \u00c4sthetik auszeichnet und sich so optimal am Fahrzeug erg\u00e4nzt.<\/p>\n<ul>\n<li>Manuell ein- und ausrollbare Markise mit in der Rolle integrierter Teleskopst\u00fctzen und Armen<\/li>\n<li>Doppelte Kederschiene: Auf der Rolle zur Anbringung einer Frontwand oder eines Vorzeltes und weiteres Zubeh\u00f6r<\/li>\n<li>St\u00fctzf\u00fcsse und Spannarmen mit quadratischem Querschnitt f\u00fcr Stabilit\u00e4t und Robustheit, effektives und praktisches progressives Spannsystem<\/li>\n<li>PVC-Tasche und Ton-in-Ton-Ummantelung<\/li>\n<li>Vergr\u00f6\u00dfertes Scharnier, gr\u00f6\u00dferer Schieber f\u00fcr besseren Halt<\/li>\n<li>Rolle \u00f8 66 mm<\/li>\n<\/ul>\n<p>Material:&nbsp;<br \/>\nTuch: 90 % PVC, 10 % Polyester<\/p>\n<p>Lieferumfang:<\/p>\n<p>425: Ein Rafter CaravanStore mitgeliefert<br \/>\n450: Ein Rafter CaravanStore und ein CaravanStore Support Leg mitgeliefert<br \/>\n500: Zwei CaravanStore Support Leg mitgeliefert<br \/>\n550: Zwei CaravanStore Support Leg mitgeliefert<\/p>\n","protected":false},"excerpt":{"rendered":"<p>Eine Weiterentwicklung der Markise CaravanStore, die sich durch die robuste Mechanik und einer modernen, eleganten \u00c4sthetik auszeichnet und sich so optimal am Fahrzeug erg\u00e4nzt. Manuell ein- und ausrollbare Markise mit in der Rolle integrierter Teleskopst\u00fctzen und Armen Doppelte Kederschiene: Auf der Rolle zur Anbringung einer Frontwand oder eines Vorzeltes und weiteres Zubeh\u00f6r St\u00fctzf\u00fcsse und Spannarmen [&hellip;]<\/p>\n","protected":false},"featured_media":225665,"template":"","meta":{"_acf_changed":false},"product_featured_cat":[],"product_brand":[],"product_cat":[4216],"product_tag":[],"class_list":{"0":"post-225735","1":"product","2":"type-product","3":"status-publish","4":"has-post-thumbnail","6":"product_cat-sackmarkisen","8":"first","9":"instock","10":"taxable","11":"shipping-taxable","12":"purchasable","13":"product-type-variable"},"acf":[],"yoast_head":"<!-- This site is optimized with the Yoast SEO plugin v27.4 - https:\/\/yoast.com\/product\/yoast-seo-wordpress\/ -->\n<title>Sackmarkise CaravanStore Evo - Bantam Camping AG<\/title>\n<meta name=\"robots\" content=\"index, follow, max-snippet:-1, max-image-preview:large, max-video-preview:-1\" \/>\n<link rel=\"canonical\" href=\"https:\/\/shop.bantam.ch\/de\/produkt\/sackmarkise-caravanstore-evo\/\" \/>\n<meta property=\"og:locale\" content=\"de_DE\" \/>\n<meta property=\"og:type\" content=\"article\" \/>\n<meta property=\"og:title\" content=\"Sackmarkise CaravanStore Evo - Bantam Camping AG\" \/>\n<meta property=\"og:description\" content=\"Eine Weiterentwicklung der Markise CaravanStore, die sich durch die robuste Mechanik und einer modernen, eleganten \u00c4sthetik auszeichnet und sich so optimal am Fahrzeug erg\u00e4nzt. Manuell ein- und ausrollbare Markise mit in der Rolle integrierter Teleskopst\u00fctzen und Armen Doppelte Kederschiene: Auf der Rolle zur Anbringung einer Frontwand oder eines Vorzeltes und weiteres Zubeh\u00f6r St\u00fctzf\u00fcsse und Spannarmen [&hellip;]\" \/>\n<meta property=\"og:url\" content=\"https:\/\/shop.bantam.ch\/de\/produkt\/sackmarkise-caravanstore-evo\/\" \/>\n<meta property=\"og:site_name\" content=\"Bantam Camping AG\" \/>\n<meta property=\"article:modified_time\" content=\"2026-04-19T00:18:13+00:00\" \/>\n<meta name=\"twitter:card\" content=\"summary_large_image\" \/>\n<meta name=\"twitter:label1\" content=\"Gesch\u00e4tzte Lesezeit\" \/>\n\t<meta name=\"twitter:data1\" content=\"1\u00a0Minute\" \/>\n<script type=\"application\/ld+json\" class=\"yoast-schema-graph\">{\"@context\":\"https:\\\/\\\/schema.org\",\"@graph\":[{\"@type\":\"WebPage\",\"@id\":\"https:\\\/\\\/shop.bantam.ch\\\/de\\\/produkt\\\/sackmarkise-caravanstore-evo\\\/\",\"url\":\"https:\\\/\\\/shop.bantam.ch\\\/de\\\/produkt\\\/sackmarkise-caravanstore-evo\\\/\",\"name\":\"Sackmarkise CaravanStore Evo - Bantam Camping AG\",\"isPartOf\":{\"@id\":\"https:\\\/\\\/shop.bantam.ch\\\/de\\\/#website\"},\"primaryImageOfPage\":{\"@id\":\"https:\\\/\\\/shop.bantam.ch\\\/de\\\/produkt\\\/sackmarkise-caravanstore-evo\\\/#primaryimage\"},\"image\":{\"@id\":\"https:\\\/\\\/shop.bantam.ch\\\/de\\\/produkt\\\/sackmarkise-caravanstore-evo\\\/#primaryimage\"},\"thumbnailUrl\":\"https:\\\/\\\/shop.bantam.ch\\\/wp-content\\\/uploads\\\/2025\\\/12\\\/Movera-L-0106773100.jpg\",\"datePublished\":\"2025-12-17T14:22:15+00:00\",\"dateModified\":\"2026-04-19T00:18:13+00:00\",\"breadcrumb\":{\"@id\":\"https:\\\/\\\/shop.bantam.ch\\\/de\\\/produkt\\\/sackmarkise-caravanstore-evo\\\/#breadcrumb\"},\"inLanguage\":\"de\",\"potentialAction\":[{\"@type\":\"ReadAction\",\"target\":[\"https:\\\/\\\/shop.bantam.ch\\\/de\\\/produkt\\\/sackmarkise-caravanstore-evo\\\/\"]}]},{\"@type\":\"ImageObject\",\"inLanguage\":\"de\",\"@id\":\"https:\\\/\\\/shop.bantam.ch\\\/de\\\/produkt\\\/sackmarkise-caravanstore-evo\\\/#primaryimage\",\"url\":\"https:\\\/\\\/shop.bantam.ch\\\/wp-content\\\/uploads\\\/2025\\\/12\\\/Movera-L-0106773100.jpg\",\"contentUrl\":\"https:\\\/\\\/shop.bantam.ch\\\/wp-content\\\/uploads\\\/2025\\\/12\\\/Movera-L-0106773100.jpg\",\"width\":640,\"height\":360},{\"@type\":\"BreadcrumbList\",\"@id\":\"https:\\\/\\\/shop.bantam.ch\\\/de\\\/produkt\\\/sackmarkise-caravanstore-evo\\\/#breadcrumb\",\"itemListElement\":[{\"@type\":\"ListItem\",\"position\":1,\"name\":\"Accueil\",\"item\":\"https:\\\/\\\/shop.bantam.ch\\\/de\\\/\"},{\"@type\":\"ListItem\",\"position\":2,\"name\":\"Shop\",\"item\":\"https:\\\/\\\/shop.bantam.ch\\\/de\\\/shop\\\/\"},{\"@type\":\"ListItem\",\"position\":3,\"name\":\"Sackmarkise CaravanStore Evo\"}]},{\"@type\":\"WebSite\",\"@id\":\"https:\\\/\\\/shop.bantam.ch\\\/de\\\/#website\",\"url\":\"https:\\\/\\\/shop.bantam.ch\\\/de\\\/\",\"name\":\"Bantam Camping AG\",\"description\":\"\",\"publisher\":{\"@id\":\"https:\\\/\\\/shop.bantam.ch\\\/de\\\/#organization\"},\"inLanguage\":\"de\"},{\"@type\":\"Organization\",\"@id\":\"https:\\\/\\\/shop.bantam.ch\\\/de\\\/#organization\",\"name\":\"Bantam Camping AG\",\"url\":\"https:\\\/\\\/shop.bantam.ch\\\/de\\\/\",\"logo\":{\"@type\":\"ImageObject\",\"inLanguage\":\"de\",\"@id\":\"https:\\\/\\\/shop.bantam.ch\\\/de\\\/#\\\/schema\\\/logo\\\/image\\\/\",\"url\":\"https:\\\/\\\/shop.bantam.ch\\\/wp-content\\\/uploads\\\/2022\\\/12\\\/bantam-logo.png\",\"contentUrl\":\"https:\\\/\\\/shop.bantam.ch\\\/wp-content\\\/uploads\\\/2022\\\/12\\\/bantam-logo.png\",\"width\":320,\"height\":71,\"caption\":\"Bantam Camping AG\"},\"image\":{\"@id\":\"https:\\\/\\\/shop.bantam.ch\\\/de\\\/#\\\/schema\\\/logo\\\/image\\\/\"}}]}<\/script>\n<!-- \/ Yoast SEO plugin. -->","yoast_head_json":{"title":"Sackmarkise CaravanStore Evo - Bantam Camping AG","robots":{"index":"index","follow":"follow","max-snippet":"max-snippet:-1","max-image-preview":"max-image-preview:large","max-video-preview":"max-video-preview:-1"},"canonical":"https:\/\/shop.bantam.ch\/de\/produkt\/sackmarkise-caravanstore-evo\/","og_locale":"de_DE","og_type":"article","og_title":"Sackmarkise CaravanStore Evo - Bantam Camping AG","og_description":"Eine Weiterentwicklung der Markise CaravanStore, die sich durch die robuste Mechanik und einer modernen, eleganten \u00c4sthetik auszeichnet und sich so optimal am Fahrzeug erg\u00e4nzt. Manuell ein- und ausrollbare Markise mit in der Rolle integrierter Teleskopst\u00fctzen und Armen Doppelte Kederschiene: Auf der Rolle zur Anbringung einer Frontwand oder eines Vorzeltes und weiteres Zubeh\u00f6r St\u00fctzf\u00fcsse und Spannarmen [&hellip;]","og_url":"https:\/\/shop.bantam.ch\/de\/produkt\/sackmarkise-caravanstore-evo\/","og_site_name":"Bantam Camping AG","article_modified_time":"2026-04-19T00:18:13+00:00","twitter_card":"summary_large_image","twitter_misc":{"Gesch\u00e4tzte Lesezeit":"1\u00a0Minute"},"schema":{"@context":"https:\/\/schema.org","@graph":[{"@type":"WebPage","@id":"https:\/\/shop.bantam.ch\/de\/produkt\/sackmarkise-caravanstore-evo\/","url":"https:\/\/shop.bantam.ch\/de\/produkt\/sackmarkise-caravanstore-evo\/","name":"Sackmarkise CaravanStore Evo - Bantam Camping AG","isPartOf":{"@id":"https:\/\/shop.bantam.ch\/de\/#website"},"primaryImageOfPage":{"@id":"https:\/\/shop.bantam.ch\/de\/produkt\/sackmarkise-caravanstore-evo\/#primaryimage"},"image":{"@id":"https:\/\/shop.bantam.ch\/de\/produkt\/sackmarkise-caravanstore-evo\/#primaryimage"},"thumbnailUrl":"https:\/\/shop.bantam.ch\/wp-content\/uploads\/2025\/12\/Movera-L-0106773100.jpg","datePublished":"2025-12-17T14:22:15+00:00","dateModified":"2026-04-19T00:18:13+00:00","breadcrumb":{"@id":"https:\/\/shop.bantam.ch\/de\/produkt\/sackmarkise-caravanstore-evo\/#breadcrumb"},"inLanguage":"de","potentialAction":[{"@type":"ReadAction","target":["https:\/\/shop.bantam.ch\/de\/produkt\/sackmarkise-caravanstore-evo\/"]}]},{"@type":"ImageObject","inLanguage":"de","@id":"https:\/\/shop.bantam.ch\/de\/produkt\/sackmarkise-caravanstore-evo\/#primaryimage","url":"https:\/\/shop.bantam.ch\/wp-content\/uploads\/2025\/12\/Movera-L-0106773100.jpg","contentUrl":"https:\/\/shop.bantam.ch\/wp-content\/uploads\/2025\/12\/Movera-L-0106773100.jpg","width":640,"height":360},{"@type":"BreadcrumbList","@id":"https:\/\/shop.bantam.ch\/de\/produkt\/sackmarkise-caravanstore-evo\/#breadcrumb","itemListElement":[{"@type":"ListItem","position":1,"name":"Accueil","item":"https:\/\/shop.bantam.ch\/de\/"},{"@type":"ListItem","position":2,"name":"Shop","item":"https:\/\/shop.bantam.ch\/de\/shop\/"},{"@type":"ListItem","position":3,"name":"Sackmarkise CaravanStore Evo"}]},{"@type":"WebSite","@id":"https:\/\/shop.bantam.ch\/de\/#website","url":"https:\/\/shop.bantam.ch\/de\/","name":"Bantam Camping AG","description":"","publisher":{"@id":"https:\/\/shop.bantam.ch\/de\/#organization"},"inLanguage":"de"},{"@type":"Organization","@id":"https:\/\/shop.bantam.ch\/de\/#organization","name":"Bantam Camping AG","url":"https:\/\/shop.bantam.ch\/de\/","logo":{"@type":"ImageObject","inLanguage":"de","@id":"https:\/\/shop.bantam.ch\/de\/#\/schema\/logo\/image\/","url":"https:\/\/shop.bantam.ch\/wp-content\/uploads\/2022\/12\/bantam-logo.png","contentUrl":"https:\/\/shop.bantam.ch\/wp-content\/uploads\/2022\/12\/bantam-logo.png","width":320,"height":71,"caption":"Bantam Camping AG"},"image":{"@id":"https:\/\/shop.bantam.ch\/de\/#\/schema\/logo\/image\/"}}]}},"_links":{"self":[{"href":"https:\/\/shop.bantam.ch\/de\/wp-json\/wp\/v2\/product\/225735","targetHints":{"allow":["GET"]}}],"collection":[{"href":"https:\/\/shop.bantam.ch\/de\/wp-json\/wp\/v2\/product"}],"about":[{"href":"https:\/\/shop.bantam.ch\/de\/wp-json\/wp\/v2\/types\/product"}],"wp:featuredmedia":[{"embeddable":true,"href":"https:\/\/shop.bantam.ch\/de\/wp-json\/wp\/v2\/media\/225665"}],"wp:attachment":[{"href":"https:\/\/shop.bantam.ch\/de\/wp-json\/wp\/v2\/media?parent=225735"}],"wp:term":[{"taxonomy":"product_featured_cat","embeddable":true,"href":"https:\/\/shop.bantam.ch\/de\/wp-json\/wp\/v2\/product_featured_cat?post=225735"},{"taxonomy":"product_brand","embeddable":true,"href":"https:\/\/shop.bantam.ch\/de\/wp-json\/wp\/v2\/product_brand?post=225735"},{"taxonomy":"product_cat","embeddable":true,"href":"https:\/\/shop.bantam.ch\/de\/wp-json\/wp\/v2\/product_cat?post=225735"},{"taxonomy":"product_tag","embeddable":true,"href":"https:\/\/shop.bantam.ch\/de\/wp-json\/wp\/v2\/product_tag?post=225735"}],"curies":[{"name":"wp","href":"https:\/\/api.w.org\/{rel}","templated":true}]}}