{"id":225579,"date":"2025-12-17T15:18:48","date_gmt":"2025-12-17T14:18:48","guid":{"rendered":"https:\/\/shop.bantam.ch\/produit\/batterie-bulltron-polar-100-ah-lifepo4-512-v-akku-mit-doppel-bms-bluetooth-app-aktiver-balancer-und-heizung\/"},"modified":"2026-04-17T23:41:33","modified_gmt":"2026-04-17T21:41:33","slug":"batterie-bulltron-polar-100-ah-lifepo4-512-v-akku-mit-doppel-bms-bluetooth-app-aktiver-balancer-und-heizung","status":"publish","type":"product","link":"https:\/\/shop.bantam.ch\/de\/produkt\/batterie-bulltron-polar-100-ah-lifepo4-512-v-akku-mit-doppel-bms-bluetooth-app-aktiver-balancer-und-heizung\/","title":{"rendered":"Batterie BullTron Polar 100 Ah LiFePO4 51,2 V Akku mit Doppel-BMS, Bluetooth App, aktiver Balancer und Heizung"},"content":{"rendered":"<p>BullTron LifePO4 Batterien sind ein optimaler Bleibatterie-Ersatz mit allen Vorteilen von Lithium-Eisenphosphat-Batterien. Sie bieten eine Gewichtsreduzierung bis zu 80%, hohe Energiereserven und stabile Spannung auch bei extremen\u00a0Belastungen. Die Batterien wurden speziell daf\u00fcr entwickelt, ein optimales\u00a0Verh\u00e4ltnis aus Gr\u00f6\u00dfe, Gewicht, Leistung und Lebensdauer zu erreichen. Eine extrem lange Lebensdauer ist auch bei regelm\u00e4\u00dfig tiefer Entladung (3500 Zyklen bei 100% DOD\/Entladungstiefe oder 6000\u00a0Zyklen bei 80% DOD\/Entladungstiefe), dank neuster LithiumTechnologie garantiert und macht die BullTron\u00ae Batterien zur\u00a0optimalen Versorgungsbatterie.\u00a0<\/p>\n<p>Die Batterie ist f\u00fcr 12V-48V Systeme geeignet.\u00a0<\/p>\n<ul>\n<li>Parallelschaltung 12V ist m\u00f6glich (Erh\u00f6hung der Kapazit\u00e4t)<\/li>\n<li>Reihenschaltung 24V, 36V, 48V ist auch m\u00f6glich<\/li>\n<\/ul>\n<p>.Vorteile von BullTron Batterien:<\/p>\n<ul>\n<li>Konfektionierung &amp; Montage in Deutschland<\/li>\n<li>5 Jahre deutsche Herstellergarantie<\/li>\n<li>Service, Wartung und Reparatur in Deutschland (innerhalb 1 Tag)<\/li>\n<li>Verschraubtes Geh\u00e4use (kann ge\u00f6ffnet werden)<\/li>\n<li>Keine verklebten &amp; verschwei\u00dften Bauteile<\/li>\n<li>Alle Komponenten (Zellen &amp; BMS) auswechselbar (geschraubt)<\/li>\n<li>Verwendung hochwertiger &amp; langlebiger Komponenten<\/li>\n<li>Bis 75 % h\u00f6here Zyklen-Lebensdauer als andere LiFePO4 Batterien<\/li>\n<li>Bis 45 % kleiner und bis 35 % leichter als andere LiFePO4 Batterien<\/li>\n<li>Batterie-Gr\u00f6\u00dfen bis 480 Ah f\u00fcr die Untersitzmontage geeignet<\/li>\n<li>Automatische Abschaltung der Batterie bei Kurzschluss<\/li>\n<\/ul>\n","protected":false},"excerpt":{"rendered":"<p>BullTron LifePO4 Batterien sind ein optimaler Bleibatterie-Ersatz mit allen Vorteilen von Lithium-Eisenphosphat-Batterien. Sie bieten eine Gewichtsreduzierung bis zu 80%, hohe Energiereserven und stabile Spannung auch bei extremen\u00a0Belastungen. Die Batterien wurden speziell daf\u00fcr entwickelt, ein optimales\u00a0Verh\u00e4ltnis aus Gr\u00f6\u00dfe, Gewicht, Leistung und Lebensdauer zu erreichen. Eine extrem lange Lebensdauer ist auch bei regelm\u00e4\u00dfig tiefer Entladung (3500 Zyklen [&hellip;]<\/p>\n","protected":false},"featured_media":225569,"template":"","meta":{"_acf_changed":false},"product_featured_cat":[],"product_brand":[],"product_cat":[4904],"product_tag":[],"class_list":{"0":"post-225579","1":"product","2":"type-product","3":"status-publish","4":"has-post-thumbnail","6":"product_cat-bordbatterien","8":"first","9":"instock","10":"taxable","11":"shipping-taxable","12":"purchasable","13":"product-type-simple"},"acf":[],"yoast_head":"<!-- This site is optimized with the Yoast SEO plugin v27.4 - https:\/\/yoast.com\/product\/yoast-seo-wordpress\/ -->\n<title>Batterie BullTron Polar 100 Ah LiFePO4 51,2 V Akku mit Doppel-BMS, Bluetooth App, aktiver Balancer und Heizung - Bantam Camping AG<\/title>\n<meta name=\"robots\" content=\"index, follow, max-snippet:-1, max-image-preview:large, max-video-preview:-1\" \/>\n<link rel=\"canonical\" href=\"https:\/\/shop.bantam.ch\/de\/produkt\/batterie-bulltron-polar-100-ah-lifepo4-512-v-akku-mit-doppel-bms-bluetooth-app-aktiver-balancer-und-heizung\/\" \/>\n<meta property=\"og:locale\" content=\"de_DE\" \/>\n<meta property=\"og:type\" content=\"article\" \/>\n<meta property=\"og:title\" content=\"Batterie BullTron Polar 100 Ah LiFePO4 51,2 V Akku mit Doppel-BMS, Bluetooth App, aktiver Balancer und Heizung - Bantam Camping AG\" \/>\n<meta property=\"og:description\" content=\"BullTron LifePO4 Batterien sind ein optimaler Bleibatterie-Ersatz mit allen Vorteilen von Lithium-Eisenphosphat-Batterien. Sie bieten eine Gewichtsreduzierung bis zu 80%, hohe Energiereserven und stabile Spannung auch bei extremen\u00a0Belastungen. Die Batterien wurden speziell daf\u00fcr entwickelt, ein optimales\u00a0Verh\u00e4ltnis aus Gr\u00f6\u00dfe, Gewicht, Leistung und Lebensdauer zu erreichen. Eine extrem lange Lebensdauer ist auch bei regelm\u00e4\u00dfig tiefer Entladung (3500 Zyklen [&hellip;]\" \/>\n<meta property=\"og:url\" content=\"https:\/\/shop.bantam.ch\/de\/produkt\/batterie-bulltron-polar-100-ah-lifepo4-512-v-akku-mit-doppel-bms-bluetooth-app-aktiver-balancer-und-heizung\/\" \/>\n<meta property=\"og:site_name\" content=\"Bantam Camping AG\" \/>\n<meta property=\"article:modified_time\" content=\"2026-04-17T21:41:33+00:00\" \/>\n<meta name=\"twitter:card\" content=\"summary_large_image\" \/>\n<meta name=\"twitter:label1\" content=\"Gesch\u00e4tzte Lesezeit\" \/>\n\t<meta name=\"twitter:data1\" content=\"1\u00a0Minute\" \/>\n<script type=\"application\/ld+json\" class=\"yoast-schema-graph\">{\"@context\":\"https:\\\/\\\/schema.org\",\"@graph\":[{\"@type\":\"WebPage\",\"@id\":\"https:\\\/\\\/shop.bantam.ch\\\/de\\\/produkt\\\/batterie-bulltron-polar-100-ah-lifepo4-512-v-akku-mit-doppel-bms-bluetooth-app-aktiver-balancer-und-heizung\\\/\",\"url\":\"https:\\\/\\\/shop.bantam.ch\\\/de\\\/produkt\\\/batterie-bulltron-polar-100-ah-lifepo4-512-v-akku-mit-doppel-bms-bluetooth-app-aktiver-balancer-und-heizung\\\/\",\"name\":\"Batterie BullTron Polar 100 Ah LiFePO4 51,2 V Akku mit Doppel-BMS, Bluetooth App, aktiver Balancer und Heizung - Bantam Camping AG\",\"isPartOf\":{\"@id\":\"https:\\\/\\\/shop.bantam.ch\\\/de\\\/#website\"},\"primaryImageOfPage\":{\"@id\":\"https:\\\/\\\/shop.bantam.ch\\\/de\\\/produkt\\\/batterie-bulltron-polar-100-ah-lifepo4-512-v-akku-mit-doppel-bms-bluetooth-app-aktiver-balancer-und-heizung\\\/#primaryimage\"},\"image\":{\"@id\":\"https:\\\/\\\/shop.bantam.ch\\\/de\\\/produkt\\\/batterie-bulltron-polar-100-ah-lifepo4-512-v-akku-mit-doppel-bms-bluetooth-app-aktiver-balancer-und-heizung\\\/#primaryimage\"},\"thumbnailUrl\":\"https:\\\/\\\/shop.bantam.ch\\\/wp-content\\\/uploads\\\/2025\\\/12\\\/Movera-L-9970917100.png\",\"datePublished\":\"2025-12-17T14:18:48+00:00\",\"dateModified\":\"2026-04-17T21:41:33+00:00\",\"breadcrumb\":{\"@id\":\"https:\\\/\\\/shop.bantam.ch\\\/de\\\/produkt\\\/batterie-bulltron-polar-100-ah-lifepo4-512-v-akku-mit-doppel-bms-bluetooth-app-aktiver-balancer-und-heizung\\\/#breadcrumb\"},\"inLanguage\":\"de\",\"potentialAction\":[{\"@type\":\"ReadAction\",\"target\":[\"https:\\\/\\\/shop.bantam.ch\\\/de\\\/produkt\\\/batterie-bulltron-polar-100-ah-lifepo4-512-v-akku-mit-doppel-bms-bluetooth-app-aktiver-balancer-und-heizung\\\/\"]}]},{\"@type\":\"ImageObject\",\"inLanguage\":\"de\",\"@id\":\"https:\\\/\\\/shop.bantam.ch\\\/de\\\/produkt\\\/batterie-bulltron-polar-100-ah-lifepo4-512-v-akku-mit-doppel-bms-bluetooth-app-aktiver-balancer-und-heizung\\\/#primaryimage\",\"url\":\"https:\\\/\\\/shop.bantam.ch\\\/wp-content\\\/uploads\\\/2025\\\/12\\\/Movera-L-9970917100.png\",\"contentUrl\":\"https:\\\/\\\/shop.bantam.ch\\\/wp-content\\\/uploads\\\/2025\\\/12\\\/Movera-L-9970917100.png\",\"width\":640,\"height\":437},{\"@type\":\"BreadcrumbList\",\"@id\":\"https:\\\/\\\/shop.bantam.ch\\\/de\\\/produkt\\\/batterie-bulltron-polar-100-ah-lifepo4-512-v-akku-mit-doppel-bms-bluetooth-app-aktiver-balancer-und-heizung\\\/#breadcrumb\",\"itemListElement\":[{\"@type\":\"ListItem\",\"position\":1,\"name\":\"Accueil\",\"item\":\"https:\\\/\\\/shop.bantam.ch\\\/de\\\/\"},{\"@type\":\"ListItem\",\"position\":2,\"name\":\"Shop\",\"item\":\"https:\\\/\\\/shop.bantam.ch\\\/de\\\/shop\\\/\"},{\"@type\":\"ListItem\",\"position\":3,\"name\":\"Batterie BullTron Polar 100 Ah LiFePO4 51,2 V Akku mit Doppel-BMS, Bluetooth App, aktiver Balancer und Heizung\"}]},{\"@type\":\"WebSite\",\"@id\":\"https:\\\/\\\/shop.bantam.ch\\\/de\\\/#website\",\"url\":\"https:\\\/\\\/shop.bantam.ch\\\/de\\\/\",\"name\":\"Bantam Camping AG\",\"description\":\"\",\"publisher\":{\"@id\":\"https:\\\/\\\/shop.bantam.ch\\\/de\\\/#organization\"},\"inLanguage\":\"de\"},{\"@type\":\"Organization\",\"@id\":\"https:\\\/\\\/shop.bantam.ch\\\/de\\\/#organization\",\"name\":\"Bantam Camping AG\",\"url\":\"https:\\\/\\\/shop.bantam.ch\\\/de\\\/\",\"logo\":{\"@type\":\"ImageObject\",\"inLanguage\":\"de\",\"@id\":\"https:\\\/\\\/shop.bantam.ch\\\/de\\\/#\\\/schema\\\/logo\\\/image\\\/\",\"url\":\"https:\\\/\\\/shop.bantam.ch\\\/wp-content\\\/uploads\\\/2022\\\/12\\\/bantam-logo.png\",\"contentUrl\":\"https:\\\/\\\/shop.bantam.ch\\\/wp-content\\\/uploads\\\/2022\\\/12\\\/bantam-logo.png\",\"width\":320,\"height\":71,\"caption\":\"Bantam Camping AG\"},\"image\":{\"@id\":\"https:\\\/\\\/shop.bantam.ch\\\/de\\\/#\\\/schema\\\/logo\\\/image\\\/\"}}]}<\/script>\n<!-- \/ Yoast SEO plugin. -->","yoast_head_json":{"title":"Batterie BullTron Polar 100 Ah LiFePO4 51,2 V Akku mit Doppel-BMS, Bluetooth App, aktiver Balancer und Heizung - Bantam Camping AG","robots":{"index":"index","follow":"follow","max-snippet":"max-snippet:-1","max-image-preview":"max-image-preview:large","max-video-preview":"max-video-preview:-1"},"canonical":"https:\/\/shop.bantam.ch\/de\/produkt\/batterie-bulltron-polar-100-ah-lifepo4-512-v-akku-mit-doppel-bms-bluetooth-app-aktiver-balancer-und-heizung\/","og_locale":"de_DE","og_type":"article","og_title":"Batterie BullTron Polar 100 Ah LiFePO4 51,2 V Akku mit Doppel-BMS, Bluetooth App, aktiver Balancer und Heizung - Bantam Camping AG","og_description":"BullTron LifePO4 Batterien sind ein optimaler Bleibatterie-Ersatz mit allen Vorteilen von Lithium-Eisenphosphat-Batterien. Sie bieten eine Gewichtsreduzierung bis zu 80%, hohe Energiereserven und stabile Spannung auch bei extremen\u00a0Belastungen. Die Batterien wurden speziell daf\u00fcr entwickelt, ein optimales\u00a0Verh\u00e4ltnis aus Gr\u00f6\u00dfe, Gewicht, Leistung und Lebensdauer zu erreichen. Eine extrem lange Lebensdauer ist auch bei regelm\u00e4\u00dfig tiefer Entladung (3500 Zyklen [&hellip;]","og_url":"https:\/\/shop.bantam.ch\/de\/produkt\/batterie-bulltron-polar-100-ah-lifepo4-512-v-akku-mit-doppel-bms-bluetooth-app-aktiver-balancer-und-heizung\/","og_site_name":"Bantam Camping AG","article_modified_time":"2026-04-17T21:41:33+00:00","twitter_card":"summary_large_image","twitter_misc":{"Gesch\u00e4tzte Lesezeit":"1\u00a0Minute"},"schema":{"@context":"https:\/\/schema.org","@graph":[{"@type":"WebPage","@id":"https:\/\/shop.bantam.ch\/de\/produkt\/batterie-bulltron-polar-100-ah-lifepo4-512-v-akku-mit-doppel-bms-bluetooth-app-aktiver-balancer-und-heizung\/","url":"https:\/\/shop.bantam.ch\/de\/produkt\/batterie-bulltron-polar-100-ah-lifepo4-512-v-akku-mit-doppel-bms-bluetooth-app-aktiver-balancer-und-heizung\/","name":"Batterie BullTron Polar 100 Ah LiFePO4 51,2 V Akku mit Doppel-BMS, Bluetooth App, aktiver Balancer und Heizung - Bantam Camping AG","isPartOf":{"@id":"https:\/\/shop.bantam.ch\/de\/#website"},"primaryImageOfPage":{"@id":"https:\/\/shop.bantam.ch\/de\/produkt\/batterie-bulltron-polar-100-ah-lifepo4-512-v-akku-mit-doppel-bms-bluetooth-app-aktiver-balancer-und-heizung\/#primaryimage"},"image":{"@id":"https:\/\/shop.bantam.ch\/de\/produkt\/batterie-bulltron-polar-100-ah-lifepo4-512-v-akku-mit-doppel-bms-bluetooth-app-aktiver-balancer-und-heizung\/#primaryimage"},"thumbnailUrl":"https:\/\/shop.bantam.ch\/wp-content\/uploads\/2025\/12\/Movera-L-9970917100.png","datePublished":"2025-12-17T14:18:48+00:00","dateModified":"2026-04-17T21:41:33+00:00","breadcrumb":{"@id":"https:\/\/shop.bantam.ch\/de\/produkt\/batterie-bulltron-polar-100-ah-lifepo4-512-v-akku-mit-doppel-bms-bluetooth-app-aktiver-balancer-und-heizung\/#breadcrumb"},"inLanguage":"de","potentialAction":[{"@type":"ReadAction","target":["https:\/\/shop.bantam.ch\/de\/produkt\/batterie-bulltron-polar-100-ah-lifepo4-512-v-akku-mit-doppel-bms-bluetooth-app-aktiver-balancer-und-heizung\/"]}]},{"@type":"ImageObject","inLanguage":"de","@id":"https:\/\/shop.bantam.ch\/de\/produkt\/batterie-bulltron-polar-100-ah-lifepo4-512-v-akku-mit-doppel-bms-bluetooth-app-aktiver-balancer-und-heizung\/#primaryimage","url":"https:\/\/shop.bantam.ch\/wp-content\/uploads\/2025\/12\/Movera-L-9970917100.png","contentUrl":"https:\/\/shop.bantam.ch\/wp-content\/uploads\/2025\/12\/Movera-L-9970917100.png","width":640,"height":437},{"@type":"BreadcrumbList","@id":"https:\/\/shop.bantam.ch\/de\/produkt\/batterie-bulltron-polar-100-ah-lifepo4-512-v-akku-mit-doppel-bms-bluetooth-app-aktiver-balancer-und-heizung\/#breadcrumb","itemListElement":[{"@type":"ListItem","position":1,"name":"Accueil","item":"https:\/\/shop.bantam.ch\/de\/"},{"@type":"ListItem","position":2,"name":"Shop","item":"https:\/\/shop.bantam.ch\/de\/shop\/"},{"@type":"ListItem","position":3,"name":"Batterie BullTron Polar 100 Ah LiFePO4 51,2 V Akku mit Doppel-BMS, Bluetooth App, aktiver Balancer und Heizung"}]},{"@type":"WebSite","@id":"https:\/\/shop.bantam.ch\/de\/#website","url":"https:\/\/shop.bantam.ch\/de\/","name":"Bantam Camping AG","description":"","publisher":{"@id":"https:\/\/shop.bantam.ch\/de\/#organization"},"inLanguage":"de"},{"@type":"Organization","@id":"https:\/\/shop.bantam.ch\/de\/#organization","name":"Bantam Camping AG","url":"https:\/\/shop.bantam.ch\/de\/","logo":{"@type":"ImageObject","inLanguage":"de","@id":"https:\/\/shop.bantam.ch\/de\/#\/schema\/logo\/image\/","url":"https:\/\/shop.bantam.ch\/wp-content\/uploads\/2022\/12\/bantam-logo.png","contentUrl":"https:\/\/shop.bantam.ch\/wp-content\/uploads\/2022\/12\/bantam-logo.png","width":320,"height":71,"caption":"Bantam Camping AG"},"image":{"@id":"https:\/\/shop.bantam.ch\/de\/#\/schema\/logo\/image\/"}}]}},"_links":{"self":[{"href":"https:\/\/shop.bantam.ch\/de\/wp-json\/wp\/v2\/product\/225579","targetHints":{"allow":["GET"]}}],"collection":[{"href":"https:\/\/shop.bantam.ch\/de\/wp-json\/wp\/v2\/product"}],"about":[{"href":"https:\/\/shop.bantam.ch\/de\/wp-json\/wp\/v2\/types\/product"}],"wp:featuredmedia":[{"embeddable":true,"href":"https:\/\/shop.bantam.ch\/de\/wp-json\/wp\/v2\/media\/225569"}],"wp:attachment":[{"href":"https:\/\/shop.bantam.ch\/de\/wp-json\/wp\/v2\/media?parent=225579"}],"wp:term":[{"taxonomy":"product_featured_cat","embeddable":true,"href":"https:\/\/shop.bantam.ch\/de\/wp-json\/wp\/v2\/product_featured_cat?post=225579"},{"taxonomy":"product_brand","embeddable":true,"href":"https:\/\/shop.bantam.ch\/de\/wp-json\/wp\/v2\/product_brand?post=225579"},{"taxonomy":"product_cat","embeddable":true,"href":"https:\/\/shop.bantam.ch\/de\/wp-json\/wp\/v2\/product_cat?post=225579"},{"taxonomy":"product_tag","embeddable":true,"href":"https:\/\/shop.bantam.ch\/de\/wp-json\/wp\/v2\/product_tag?post=225579"}],"curies":[{"name":"wp","href":"https:\/\/api.w.org\/{rel}","templated":true}]}}