{"id":225511,"date":"2025-12-17T15:17:15","date_gmt":"2025-12-17T14:17:15","guid":{"rendered":"https:\/\/shop.bantam.ch\/produit\/solarladeregler-victron-energy-mppt-wechselrichter-ladegeraet-easysolar-12-1600-70\/"},"modified":"2026-04-19T23:48:17","modified_gmt":"2026-04-19T21:48:17","slug":"solarladeregler-victron-energy-mppt-wechselrichter-ladegeraet-easysolar-12-1600-70","status":"publish","type":"product","link":"https:\/\/shop.bantam.ch\/de\/produkt\/solarladeregler-victron-energy-mppt-wechselrichter-ladegeraet-easysolar-12-1600-70\/","title":{"rendered":"Solarladeregler Victron Energy MPPT Wechselrichter\/Ladeger\u00e4t EasySolar 12\/1600\/70"},"content":{"rendered":"<p>Das EasySolar vereint einen MPPT Solar-Laderegler, ein Wechselrichter-\/Ladeger\u00e4t und Wechseltromverteilung in einem einzigen Ger\u00e4t. Die Installation des Ger\u00e4tes ist einfach und es ist nur wenig Verkabelung n\u00f6tig. Der MPPT-Lade-Regler und das MultiPlus Compact Wechselrichter\/Ladeger\u00e4t nutzen dieselben Gleichstrombatteriekabel (mitgeliefert). Die Batterien lassen sich mit Solarstrom (SmartSolar MPPT) und\/oder mit Wechselstrom (Wechselrichter-\/Ladeger\u00e4t) aus dem Stromnetz oder von einem Aggregat laden. Die Schutzklasse ist IP21.<\/p>\n<p>Wechselrichter:<\/p>\n<ul>\n<li>Einspannungbereich: 9,5 &#8211; 17<\/li>\n<\/ul>\n<p>Ladeger\u00e4t:<\/p>\n<ul>\n<li>Wechselstrom-Eingang: Eingangsspannungsbereich: 187-265 VAC Eingangsfrequenz: 45 \u2013 65 Hz \/ Leistungsfaktor : 1<\/li>\n<li>Konstant-Ladespannung (absorption): 14,4 V<\/li>\n<li>Erhaltungs-Ladespannung (float): 13,8 V<\/li>\n<li>Lagermodus: 13,2 V<\/li>\n<li>Ladestrom Hausbatterie (4): 70 A<\/li>\n<\/ul>\n<p>Solar-Lade-Regler:<\/p>\n<ul>\n<li>Maximaler Ausgangsstrom: 50 A<\/li>\n<li>Maximale PV-Leistung 6 a,b): 700 W<\/li>\n<li>Maximale PV-Leerspannung: 100 V<\/li>\n<li>Eigenverbrauch: 10 mA<\/li>\n<li>Konstant-Ladespannung, Standardeinstellung: 14,4 V<\/li>\n<\/ul>\n<p>\u00a0<\/p>\n<p>\u00a0<\/p>\n","protected":false},"excerpt":{"rendered":"<p>Das EasySolar vereint einen MPPT Solar-Laderegler, ein Wechselrichter-\/Ladeger\u00e4t und Wechseltromverteilung in einem einzigen Ger\u00e4t. Die Installation des Ger\u00e4tes ist einfach und es ist nur wenig Verkabelung n\u00f6tig. Der MPPT-Lade-Regler und das MultiPlus Compact Wechselrichter\/Ladeger\u00e4t nutzen dieselben Gleichstrombatteriekabel (mitgeliefert). Die Batterien lassen sich mit Solarstrom (SmartSolar MPPT) und\/oder mit Wechselstrom (Wechselrichter-\/Ladeger\u00e4t) aus dem Stromnetz oder von [&hellip;]<\/p>\n","protected":false},"featured_media":225509,"template":"","meta":{"_acf_changed":false},"product_featured_cat":[],"product_brand":[],"product_cat":[4170],"product_tag":[],"class_list":{"0":"post-225511","1":"product","2":"type-product","3":"status-publish","4":"has-post-thumbnail","6":"product_cat-wechselrichter","8":"first","9":"instock","10":"taxable","11":"shipping-taxable","12":"purchasable","13":"product-type-simple"},"acf":[],"yoast_head":"<!-- This site is optimized with the Yoast SEO plugin v27.4 - https:\/\/yoast.com\/product\/yoast-seo-wordpress\/ -->\n<title>Solarladeregler Victron Energy MPPT Wechselrichter\/Ladeger\u00e4t EasySolar 12\/1600\/70 - Bantam Camping AG<\/title>\n<meta name=\"robots\" content=\"index, follow, max-snippet:-1, max-image-preview:large, max-video-preview:-1\" \/>\n<link rel=\"canonical\" href=\"https:\/\/shop.bantam.ch\/de\/produkt\/solarladeregler-victron-energy-mppt-wechselrichter-ladegeraet-easysolar-12-1600-70\/\" \/>\n<meta property=\"og:locale\" content=\"de_DE\" \/>\n<meta property=\"og:type\" content=\"article\" \/>\n<meta property=\"og:title\" content=\"Solarladeregler Victron Energy MPPT Wechselrichter\/Ladeger\u00e4t EasySolar 12\/1600\/70 - Bantam Camping AG\" \/>\n<meta property=\"og:description\" content=\"Das EasySolar vereint einen MPPT Solar-Laderegler, ein Wechselrichter-\/Ladeger\u00e4t und Wechseltromverteilung in einem einzigen Ger\u00e4t. Die Installation des Ger\u00e4tes ist einfach und es ist nur wenig Verkabelung n\u00f6tig. Der MPPT-Lade-Regler und das MultiPlus Compact Wechselrichter\/Ladeger\u00e4t nutzen dieselben Gleichstrombatteriekabel (mitgeliefert). Die Batterien lassen sich mit Solarstrom (SmartSolar MPPT) und\/oder mit Wechselstrom (Wechselrichter-\/Ladeger\u00e4t) aus dem Stromnetz oder von [&hellip;]\" \/>\n<meta property=\"og:url\" content=\"https:\/\/shop.bantam.ch\/de\/produkt\/solarladeregler-victron-energy-mppt-wechselrichter-ladegeraet-easysolar-12-1600-70\/\" \/>\n<meta property=\"og:site_name\" content=\"Bantam Camping AG\" \/>\n<meta property=\"article:modified_time\" content=\"2026-04-19T21:48:17+00:00\" \/>\n<meta name=\"twitter:card\" content=\"summary_large_image\" \/>\n<meta name=\"twitter:label1\" content=\"Gesch\u00e4tzte Lesezeit\" \/>\n\t<meta name=\"twitter:data1\" content=\"1\u00a0Minute\" \/>\n<script type=\"application\/ld+json\" class=\"yoast-schema-graph\">{\"@context\":\"https:\\\/\\\/schema.org\",\"@graph\":[{\"@type\":\"WebPage\",\"@id\":\"https:\\\/\\\/shop.bantam.ch\\\/de\\\/produkt\\\/solarladeregler-victron-energy-mppt-wechselrichter-ladegeraet-easysolar-12-1600-70\\\/\",\"url\":\"https:\\\/\\\/shop.bantam.ch\\\/de\\\/produkt\\\/solarladeregler-victron-energy-mppt-wechselrichter-ladegeraet-easysolar-12-1600-70\\\/\",\"name\":\"Solarladeregler Victron Energy MPPT Wechselrichter\\\/Ladeger\u00e4t EasySolar 12\\\/1600\\\/70 - Bantam Camping AG\",\"isPartOf\":{\"@id\":\"https:\\\/\\\/shop.bantam.ch\\\/de\\\/#website\"},\"primaryImageOfPage\":{\"@id\":\"https:\\\/\\\/shop.bantam.ch\\\/de\\\/produkt\\\/solarladeregler-victron-energy-mppt-wechselrichter-ladegeraet-easysolar-12-1600-70\\\/#primaryimage\"},\"image\":{\"@id\":\"https:\\\/\\\/shop.bantam.ch\\\/de\\\/produkt\\\/solarladeregler-victron-energy-mppt-wechselrichter-ladegeraet-easysolar-12-1600-70\\\/#primaryimage\"},\"thumbnailUrl\":\"https:\\\/\\\/shop.bantam.ch\\\/wp-content\\\/uploads\\\/2025\\\/12\\\/Movera-L-9970847100.jpg\",\"datePublished\":\"2025-12-17T14:17:15+00:00\",\"dateModified\":\"2026-04-19T21:48:17+00:00\",\"breadcrumb\":{\"@id\":\"https:\\\/\\\/shop.bantam.ch\\\/de\\\/produkt\\\/solarladeregler-victron-energy-mppt-wechselrichter-ladegeraet-easysolar-12-1600-70\\\/#breadcrumb\"},\"inLanguage\":\"de\",\"potentialAction\":[{\"@type\":\"ReadAction\",\"target\":[\"https:\\\/\\\/shop.bantam.ch\\\/de\\\/produkt\\\/solarladeregler-victron-energy-mppt-wechselrichter-ladegeraet-easysolar-12-1600-70\\\/\"]}]},{\"@type\":\"ImageObject\",\"inLanguage\":\"de\",\"@id\":\"https:\\\/\\\/shop.bantam.ch\\\/de\\\/produkt\\\/solarladeregler-victron-energy-mppt-wechselrichter-ladegeraet-easysolar-12-1600-70\\\/#primaryimage\",\"url\":\"https:\\\/\\\/shop.bantam.ch\\\/wp-content\\\/uploads\\\/2025\\\/12\\\/Movera-L-9970847100.jpg\",\"contentUrl\":\"https:\\\/\\\/shop.bantam.ch\\\/wp-content\\\/uploads\\\/2025\\\/12\\\/Movera-L-9970847100.jpg\",\"width\":500,\"height\":500},{\"@type\":\"BreadcrumbList\",\"@id\":\"https:\\\/\\\/shop.bantam.ch\\\/de\\\/produkt\\\/solarladeregler-victron-energy-mppt-wechselrichter-ladegeraet-easysolar-12-1600-70\\\/#breadcrumb\",\"itemListElement\":[{\"@type\":\"ListItem\",\"position\":1,\"name\":\"Accueil\",\"item\":\"https:\\\/\\\/shop.bantam.ch\\\/de\\\/\"},{\"@type\":\"ListItem\",\"position\":2,\"name\":\"Shop\",\"item\":\"https:\\\/\\\/shop.bantam.ch\\\/de\\\/shop\\\/\"},{\"@type\":\"ListItem\",\"position\":3,\"name\":\"Solarladeregler Victron Energy MPPT Wechselrichter\\\/Ladeger\u00e4t EasySolar 12\\\/1600\\\/70\"}]},{\"@type\":\"WebSite\",\"@id\":\"https:\\\/\\\/shop.bantam.ch\\\/de\\\/#website\",\"url\":\"https:\\\/\\\/shop.bantam.ch\\\/de\\\/\",\"name\":\"Bantam Camping AG\",\"description\":\"\",\"publisher\":{\"@id\":\"https:\\\/\\\/shop.bantam.ch\\\/de\\\/#organization\"},\"inLanguage\":\"de\"},{\"@type\":\"Organization\",\"@id\":\"https:\\\/\\\/shop.bantam.ch\\\/de\\\/#organization\",\"name\":\"Bantam Camping AG\",\"url\":\"https:\\\/\\\/shop.bantam.ch\\\/de\\\/\",\"logo\":{\"@type\":\"ImageObject\",\"inLanguage\":\"de\",\"@id\":\"https:\\\/\\\/shop.bantam.ch\\\/de\\\/#\\\/schema\\\/logo\\\/image\\\/\",\"url\":\"https:\\\/\\\/shop.bantam.ch\\\/wp-content\\\/uploads\\\/2022\\\/12\\\/bantam-logo.png\",\"contentUrl\":\"https:\\\/\\\/shop.bantam.ch\\\/wp-content\\\/uploads\\\/2022\\\/12\\\/bantam-logo.png\",\"width\":320,\"height\":71,\"caption\":\"Bantam Camping AG\"},\"image\":{\"@id\":\"https:\\\/\\\/shop.bantam.ch\\\/de\\\/#\\\/schema\\\/logo\\\/image\\\/\"}}]}<\/script>\n<!-- \/ Yoast SEO plugin. -->","yoast_head_json":{"title":"Solarladeregler Victron Energy MPPT Wechselrichter\/Ladeger\u00e4t EasySolar 12\/1600\/70 - Bantam Camping AG","robots":{"index":"index","follow":"follow","max-snippet":"max-snippet:-1","max-image-preview":"max-image-preview:large","max-video-preview":"max-video-preview:-1"},"canonical":"https:\/\/shop.bantam.ch\/de\/produkt\/solarladeregler-victron-energy-mppt-wechselrichter-ladegeraet-easysolar-12-1600-70\/","og_locale":"de_DE","og_type":"article","og_title":"Solarladeregler Victron Energy MPPT Wechselrichter\/Ladeger\u00e4t EasySolar 12\/1600\/70 - Bantam Camping AG","og_description":"Das EasySolar vereint einen MPPT Solar-Laderegler, ein Wechselrichter-\/Ladeger\u00e4t und Wechseltromverteilung in einem einzigen Ger\u00e4t. Die Installation des Ger\u00e4tes ist einfach und es ist nur wenig Verkabelung n\u00f6tig. Der MPPT-Lade-Regler und das MultiPlus Compact Wechselrichter\/Ladeger\u00e4t nutzen dieselben Gleichstrombatteriekabel (mitgeliefert). Die Batterien lassen sich mit Solarstrom (SmartSolar MPPT) und\/oder mit Wechselstrom (Wechselrichter-\/Ladeger\u00e4t) aus dem Stromnetz oder von [&hellip;]","og_url":"https:\/\/shop.bantam.ch\/de\/produkt\/solarladeregler-victron-energy-mppt-wechselrichter-ladegeraet-easysolar-12-1600-70\/","og_site_name":"Bantam Camping AG","article_modified_time":"2026-04-19T21:48:17+00:00","twitter_card":"summary_large_image","twitter_misc":{"Gesch\u00e4tzte Lesezeit":"1\u00a0Minute"},"schema":{"@context":"https:\/\/schema.org","@graph":[{"@type":"WebPage","@id":"https:\/\/shop.bantam.ch\/de\/produkt\/solarladeregler-victron-energy-mppt-wechselrichter-ladegeraet-easysolar-12-1600-70\/","url":"https:\/\/shop.bantam.ch\/de\/produkt\/solarladeregler-victron-energy-mppt-wechselrichter-ladegeraet-easysolar-12-1600-70\/","name":"Solarladeregler Victron Energy MPPT Wechselrichter\/Ladeger\u00e4t EasySolar 12\/1600\/70 - Bantam Camping AG","isPartOf":{"@id":"https:\/\/shop.bantam.ch\/de\/#website"},"primaryImageOfPage":{"@id":"https:\/\/shop.bantam.ch\/de\/produkt\/solarladeregler-victron-energy-mppt-wechselrichter-ladegeraet-easysolar-12-1600-70\/#primaryimage"},"image":{"@id":"https:\/\/shop.bantam.ch\/de\/produkt\/solarladeregler-victron-energy-mppt-wechselrichter-ladegeraet-easysolar-12-1600-70\/#primaryimage"},"thumbnailUrl":"https:\/\/shop.bantam.ch\/wp-content\/uploads\/2025\/12\/Movera-L-9970847100.jpg","datePublished":"2025-12-17T14:17:15+00:00","dateModified":"2026-04-19T21:48:17+00:00","breadcrumb":{"@id":"https:\/\/shop.bantam.ch\/de\/produkt\/solarladeregler-victron-energy-mppt-wechselrichter-ladegeraet-easysolar-12-1600-70\/#breadcrumb"},"inLanguage":"de","potentialAction":[{"@type":"ReadAction","target":["https:\/\/shop.bantam.ch\/de\/produkt\/solarladeregler-victron-energy-mppt-wechselrichter-ladegeraet-easysolar-12-1600-70\/"]}]},{"@type":"ImageObject","inLanguage":"de","@id":"https:\/\/shop.bantam.ch\/de\/produkt\/solarladeregler-victron-energy-mppt-wechselrichter-ladegeraet-easysolar-12-1600-70\/#primaryimage","url":"https:\/\/shop.bantam.ch\/wp-content\/uploads\/2025\/12\/Movera-L-9970847100.jpg","contentUrl":"https:\/\/shop.bantam.ch\/wp-content\/uploads\/2025\/12\/Movera-L-9970847100.jpg","width":500,"height":500},{"@type":"BreadcrumbList","@id":"https:\/\/shop.bantam.ch\/de\/produkt\/solarladeregler-victron-energy-mppt-wechselrichter-ladegeraet-easysolar-12-1600-70\/#breadcrumb","itemListElement":[{"@type":"ListItem","position":1,"name":"Accueil","item":"https:\/\/shop.bantam.ch\/de\/"},{"@type":"ListItem","position":2,"name":"Shop","item":"https:\/\/shop.bantam.ch\/de\/shop\/"},{"@type":"ListItem","position":3,"name":"Solarladeregler Victron Energy MPPT Wechselrichter\/Ladeger\u00e4t EasySolar 12\/1600\/70"}]},{"@type":"WebSite","@id":"https:\/\/shop.bantam.ch\/de\/#website","url":"https:\/\/shop.bantam.ch\/de\/","name":"Bantam Camping AG","description":"","publisher":{"@id":"https:\/\/shop.bantam.ch\/de\/#organization"},"inLanguage":"de"},{"@type":"Organization","@id":"https:\/\/shop.bantam.ch\/de\/#organization","name":"Bantam Camping AG","url":"https:\/\/shop.bantam.ch\/de\/","logo":{"@type":"ImageObject","inLanguage":"de","@id":"https:\/\/shop.bantam.ch\/de\/#\/schema\/logo\/image\/","url":"https:\/\/shop.bantam.ch\/wp-content\/uploads\/2022\/12\/bantam-logo.png","contentUrl":"https:\/\/shop.bantam.ch\/wp-content\/uploads\/2022\/12\/bantam-logo.png","width":320,"height":71,"caption":"Bantam Camping AG"},"image":{"@id":"https:\/\/shop.bantam.ch\/de\/#\/schema\/logo\/image\/"}}]}},"_links":{"self":[{"href":"https:\/\/shop.bantam.ch\/de\/wp-json\/wp\/v2\/product\/225511","targetHints":{"allow":["GET"]}}],"collection":[{"href":"https:\/\/shop.bantam.ch\/de\/wp-json\/wp\/v2\/product"}],"about":[{"href":"https:\/\/shop.bantam.ch\/de\/wp-json\/wp\/v2\/types\/product"}],"wp:featuredmedia":[{"embeddable":true,"href":"https:\/\/shop.bantam.ch\/de\/wp-json\/wp\/v2\/media\/225509"}],"wp:attachment":[{"href":"https:\/\/shop.bantam.ch\/de\/wp-json\/wp\/v2\/media?parent=225511"}],"wp:term":[{"taxonomy":"product_featured_cat","embeddable":true,"href":"https:\/\/shop.bantam.ch\/de\/wp-json\/wp\/v2\/product_featured_cat?post=225511"},{"taxonomy":"product_brand","embeddable":true,"href":"https:\/\/shop.bantam.ch\/de\/wp-json\/wp\/v2\/product_brand?post=225511"},{"taxonomy":"product_cat","embeddable":true,"href":"https:\/\/shop.bantam.ch\/de\/wp-json\/wp\/v2\/product_cat?post=225511"},{"taxonomy":"product_tag","embeddable":true,"href":"https:\/\/shop.bantam.ch\/de\/wp-json\/wp\/v2\/product_tag?post=225511"}],"curies":[{"name":"wp","href":"https:\/\/api.w.org\/{rel}","templated":true}]}}