{"id":225503,"date":"2025-12-17T15:17:01","date_gmt":"2025-12-17T14:17:01","guid":{"rendered":"https:\/\/shop.bantam.ch\/produit\/wandmarkise-dometic-perfectwall-pw1100-35-m-gehaeuse-anthrazit-tuchfarbe-horizon-grey\/"},"modified":"2026-04-18T23:44:40","modified_gmt":"2026-04-18T21:44:40","slug":"wandmarkise-dometic-perfectwall-pw1100-35-m-gehaeuse-anthrazit-tuchfarbe-horizon-grey","status":"publish","type":"product","link":"https:\/\/shop.bantam.ch\/de\/produkt\/wandmarkise-dometic-perfectwall-pw1100-35-m-gehaeuse-anthrazit-tuchfarbe-horizon-grey\/","title":{"rendered":"Wandmarkise DOMETIC PerfectWall PW1100 3,5 m, Geh\u00e4use anthrazit Tuchfarbe horizon grey"},"content":{"rendered":"<p>Diese kompakte und robuste wandmontierte Markise bietet zahlreiche innovative Funktionen f\u00fcr eine einfache Aufstellung und Handhabung. Sie ist in ein neuartiges, elegantes S-Flow-Geh\u00e4usedesign ohne sichtbare Schrauben integriert. Hinzu kommen viele patentierte Funktionen f\u00fcr ein H\u00f6chstma\u00df an Komfort.<\/p>\n","protected":false},"excerpt":{"rendered":"<p>Diese kompakte und robuste wandmontierte Markise bietet zahlreiche innovative Funktionen f\u00fcr eine einfache Aufstellung und Handhabung. Sie ist in ein neuartiges, elegantes S-Flow-Geh\u00e4usedesign ohne sichtbare Schrauben integriert. Hinzu kommen viele patentierte Funktionen f\u00fcr ein H\u00f6chstma\u00df an Komfort.<\/p>\n","protected":false},"featured_media":225499,"template":"","meta":{"_acf_changed":false},"product_featured_cat":[],"product_brand":[],"product_cat":[4214],"product_tag":[],"class_list":{"0":"post-225503","1":"product","2":"type-product","3":"status-publish","4":"has-post-thumbnail","6":"product_cat-markisen-dachseitenwand","8":"first","9":"instock","10":"taxable","11":"shipping-taxable","12":"purchasable","13":"product-type-simple"},"acf":[],"yoast_head":"<!-- This site is optimized with the Yoast SEO plugin v27.4 - https:\/\/yoast.com\/product\/yoast-seo-wordpress\/ -->\n<title>Wandmarkise DOMETIC PerfectWall PW1100 3,5 m, Geh\u00e4use anthrazit Tuchfarbe horizon grey - Bantam Camping AG<\/title>\n<meta name=\"robots\" content=\"index, follow, max-snippet:-1, max-image-preview:large, max-video-preview:-1\" \/>\n<link rel=\"canonical\" href=\"https:\/\/shop.bantam.ch\/de\/produkt\/wandmarkise-dometic-perfectwall-pw1100-35-m-gehaeuse-anthrazit-tuchfarbe-horizon-grey\/\" \/>\n<meta property=\"og:locale\" content=\"de_DE\" \/>\n<meta property=\"og:type\" content=\"article\" \/>\n<meta property=\"og:title\" content=\"Wandmarkise DOMETIC PerfectWall PW1100 3,5 m, Geh\u00e4use anthrazit Tuchfarbe horizon grey - Bantam Camping AG\" \/>\n<meta property=\"og:description\" content=\"Diese kompakte und robuste wandmontierte Markise bietet zahlreiche innovative Funktionen f\u00fcr eine einfache Aufstellung und Handhabung. Sie ist in ein neuartiges, elegantes S-Flow-Geh\u00e4usedesign ohne sichtbare Schrauben integriert. Hinzu kommen viele patentierte Funktionen f\u00fcr ein H\u00f6chstma\u00df an Komfort.\" \/>\n<meta property=\"og:url\" content=\"https:\/\/shop.bantam.ch\/de\/produkt\/wandmarkise-dometic-perfectwall-pw1100-35-m-gehaeuse-anthrazit-tuchfarbe-horizon-grey\/\" \/>\n<meta property=\"og:site_name\" content=\"Bantam Camping AG\" \/>\n<meta property=\"article:modified_time\" content=\"2026-04-18T21:44:40+00:00\" \/>\n<meta name=\"twitter:card\" content=\"summary_large_image\" \/>\n<script type=\"application\/ld+json\" class=\"yoast-schema-graph\">{\"@context\":\"https:\\\/\\\/schema.org\",\"@graph\":[{\"@type\":\"WebPage\",\"@id\":\"https:\\\/\\\/shop.bantam.ch\\\/de\\\/produkt\\\/wandmarkise-dometic-perfectwall-pw1100-35-m-gehaeuse-anthrazit-tuchfarbe-horizon-grey\\\/\",\"url\":\"https:\\\/\\\/shop.bantam.ch\\\/de\\\/produkt\\\/wandmarkise-dometic-perfectwall-pw1100-35-m-gehaeuse-anthrazit-tuchfarbe-horizon-grey\\\/\",\"name\":\"Wandmarkise DOMETIC PerfectWall PW1100 3,5 m, Geh\u00e4use anthrazit Tuchfarbe horizon grey - Bantam Camping AG\",\"isPartOf\":{\"@id\":\"https:\\\/\\\/shop.bantam.ch\\\/de\\\/#website\"},\"primaryImageOfPage\":{\"@id\":\"https:\\\/\\\/shop.bantam.ch\\\/de\\\/produkt\\\/wandmarkise-dometic-perfectwall-pw1100-35-m-gehaeuse-anthrazit-tuchfarbe-horizon-grey\\\/#primaryimage\"},\"image\":{\"@id\":\"https:\\\/\\\/shop.bantam.ch\\\/de\\\/produkt\\\/wandmarkise-dometic-perfectwall-pw1100-35-m-gehaeuse-anthrazit-tuchfarbe-horizon-grey\\\/#primaryimage\"},\"thumbnailUrl\":\"https:\\\/\\\/shop.bantam.ch\\\/wp-content\\\/uploads\\\/2025\\\/12\\\/Movera-L-9970936200.jpg\",\"datePublished\":\"2025-12-17T14:17:01+00:00\",\"dateModified\":\"2026-04-18T21:44:40+00:00\",\"breadcrumb\":{\"@id\":\"https:\\\/\\\/shop.bantam.ch\\\/de\\\/produkt\\\/wandmarkise-dometic-perfectwall-pw1100-35-m-gehaeuse-anthrazit-tuchfarbe-horizon-grey\\\/#breadcrumb\"},\"inLanguage\":\"de\",\"potentialAction\":[{\"@type\":\"ReadAction\",\"target\":[\"https:\\\/\\\/shop.bantam.ch\\\/de\\\/produkt\\\/wandmarkise-dometic-perfectwall-pw1100-35-m-gehaeuse-anthrazit-tuchfarbe-horizon-grey\\\/\"]}]},{\"@type\":\"ImageObject\",\"inLanguage\":\"de\",\"@id\":\"https:\\\/\\\/shop.bantam.ch\\\/de\\\/produkt\\\/wandmarkise-dometic-perfectwall-pw1100-35-m-gehaeuse-anthrazit-tuchfarbe-horizon-grey\\\/#primaryimage\",\"url\":\"https:\\\/\\\/shop.bantam.ch\\\/wp-content\\\/uploads\\\/2025\\\/12\\\/Movera-L-9970936200.jpg\",\"contentUrl\":\"https:\\\/\\\/shop.bantam.ch\\\/wp-content\\\/uploads\\\/2025\\\/12\\\/Movera-L-9970936200.jpg\",\"width\":640,\"height\":147},{\"@type\":\"BreadcrumbList\",\"@id\":\"https:\\\/\\\/shop.bantam.ch\\\/de\\\/produkt\\\/wandmarkise-dometic-perfectwall-pw1100-35-m-gehaeuse-anthrazit-tuchfarbe-horizon-grey\\\/#breadcrumb\",\"itemListElement\":[{\"@type\":\"ListItem\",\"position\":1,\"name\":\"Accueil\",\"item\":\"https:\\\/\\\/shop.bantam.ch\\\/de\\\/\"},{\"@type\":\"ListItem\",\"position\":2,\"name\":\"Shop\",\"item\":\"https:\\\/\\\/shop.bantam.ch\\\/de\\\/shop\\\/\"},{\"@type\":\"ListItem\",\"position\":3,\"name\":\"Wandmarkise DOMETIC PerfectWall PW1100 3,5 m, Geh\u00e4use anthrazit Tuchfarbe horizon grey\"}]},{\"@type\":\"WebSite\",\"@id\":\"https:\\\/\\\/shop.bantam.ch\\\/de\\\/#website\",\"url\":\"https:\\\/\\\/shop.bantam.ch\\\/de\\\/\",\"name\":\"Bantam Camping AG\",\"description\":\"\",\"publisher\":{\"@id\":\"https:\\\/\\\/shop.bantam.ch\\\/de\\\/#organization\"},\"inLanguage\":\"de\"},{\"@type\":\"Organization\",\"@id\":\"https:\\\/\\\/shop.bantam.ch\\\/de\\\/#organization\",\"name\":\"Bantam Camping AG\",\"url\":\"https:\\\/\\\/shop.bantam.ch\\\/de\\\/\",\"logo\":{\"@type\":\"ImageObject\",\"inLanguage\":\"de\",\"@id\":\"https:\\\/\\\/shop.bantam.ch\\\/de\\\/#\\\/schema\\\/logo\\\/image\\\/\",\"url\":\"https:\\\/\\\/shop.bantam.ch\\\/wp-content\\\/uploads\\\/2022\\\/12\\\/bantam-logo.png\",\"contentUrl\":\"https:\\\/\\\/shop.bantam.ch\\\/wp-content\\\/uploads\\\/2022\\\/12\\\/bantam-logo.png\",\"width\":320,\"height\":71,\"caption\":\"Bantam Camping AG\"},\"image\":{\"@id\":\"https:\\\/\\\/shop.bantam.ch\\\/de\\\/#\\\/schema\\\/logo\\\/image\\\/\"}}]}<\/script>\n<!-- \/ Yoast SEO plugin. -->","yoast_head_json":{"title":"Wandmarkise DOMETIC PerfectWall PW1100 3,5 m, Geh\u00e4use anthrazit Tuchfarbe horizon grey - Bantam Camping AG","robots":{"index":"index","follow":"follow","max-snippet":"max-snippet:-1","max-image-preview":"max-image-preview:large","max-video-preview":"max-video-preview:-1"},"canonical":"https:\/\/shop.bantam.ch\/de\/produkt\/wandmarkise-dometic-perfectwall-pw1100-35-m-gehaeuse-anthrazit-tuchfarbe-horizon-grey\/","og_locale":"de_DE","og_type":"article","og_title":"Wandmarkise DOMETIC PerfectWall PW1100 3,5 m, Geh\u00e4use anthrazit Tuchfarbe horizon grey - Bantam Camping AG","og_description":"Diese kompakte und robuste wandmontierte Markise bietet zahlreiche innovative Funktionen f\u00fcr eine einfache Aufstellung und Handhabung. Sie ist in ein neuartiges, elegantes S-Flow-Geh\u00e4usedesign ohne sichtbare Schrauben integriert. Hinzu kommen viele patentierte Funktionen f\u00fcr ein H\u00f6chstma\u00df an Komfort.","og_url":"https:\/\/shop.bantam.ch\/de\/produkt\/wandmarkise-dometic-perfectwall-pw1100-35-m-gehaeuse-anthrazit-tuchfarbe-horizon-grey\/","og_site_name":"Bantam Camping AG","article_modified_time":"2026-04-18T21:44:40+00:00","twitter_card":"summary_large_image","schema":{"@context":"https:\/\/schema.org","@graph":[{"@type":"WebPage","@id":"https:\/\/shop.bantam.ch\/de\/produkt\/wandmarkise-dometic-perfectwall-pw1100-35-m-gehaeuse-anthrazit-tuchfarbe-horizon-grey\/","url":"https:\/\/shop.bantam.ch\/de\/produkt\/wandmarkise-dometic-perfectwall-pw1100-35-m-gehaeuse-anthrazit-tuchfarbe-horizon-grey\/","name":"Wandmarkise DOMETIC PerfectWall PW1100 3,5 m, Geh\u00e4use anthrazit Tuchfarbe horizon grey - Bantam Camping AG","isPartOf":{"@id":"https:\/\/shop.bantam.ch\/de\/#website"},"primaryImageOfPage":{"@id":"https:\/\/shop.bantam.ch\/de\/produkt\/wandmarkise-dometic-perfectwall-pw1100-35-m-gehaeuse-anthrazit-tuchfarbe-horizon-grey\/#primaryimage"},"image":{"@id":"https:\/\/shop.bantam.ch\/de\/produkt\/wandmarkise-dometic-perfectwall-pw1100-35-m-gehaeuse-anthrazit-tuchfarbe-horizon-grey\/#primaryimage"},"thumbnailUrl":"https:\/\/shop.bantam.ch\/wp-content\/uploads\/2025\/12\/Movera-L-9970936200.jpg","datePublished":"2025-12-17T14:17:01+00:00","dateModified":"2026-04-18T21:44:40+00:00","breadcrumb":{"@id":"https:\/\/shop.bantam.ch\/de\/produkt\/wandmarkise-dometic-perfectwall-pw1100-35-m-gehaeuse-anthrazit-tuchfarbe-horizon-grey\/#breadcrumb"},"inLanguage":"de","potentialAction":[{"@type":"ReadAction","target":["https:\/\/shop.bantam.ch\/de\/produkt\/wandmarkise-dometic-perfectwall-pw1100-35-m-gehaeuse-anthrazit-tuchfarbe-horizon-grey\/"]}]},{"@type":"ImageObject","inLanguage":"de","@id":"https:\/\/shop.bantam.ch\/de\/produkt\/wandmarkise-dometic-perfectwall-pw1100-35-m-gehaeuse-anthrazit-tuchfarbe-horizon-grey\/#primaryimage","url":"https:\/\/shop.bantam.ch\/wp-content\/uploads\/2025\/12\/Movera-L-9970936200.jpg","contentUrl":"https:\/\/shop.bantam.ch\/wp-content\/uploads\/2025\/12\/Movera-L-9970936200.jpg","width":640,"height":147},{"@type":"BreadcrumbList","@id":"https:\/\/shop.bantam.ch\/de\/produkt\/wandmarkise-dometic-perfectwall-pw1100-35-m-gehaeuse-anthrazit-tuchfarbe-horizon-grey\/#breadcrumb","itemListElement":[{"@type":"ListItem","position":1,"name":"Accueil","item":"https:\/\/shop.bantam.ch\/de\/"},{"@type":"ListItem","position":2,"name":"Shop","item":"https:\/\/shop.bantam.ch\/de\/shop\/"},{"@type":"ListItem","position":3,"name":"Wandmarkise DOMETIC PerfectWall PW1100 3,5 m, Geh\u00e4use anthrazit Tuchfarbe horizon grey"}]},{"@type":"WebSite","@id":"https:\/\/shop.bantam.ch\/de\/#website","url":"https:\/\/shop.bantam.ch\/de\/","name":"Bantam Camping AG","description":"","publisher":{"@id":"https:\/\/shop.bantam.ch\/de\/#organization"},"inLanguage":"de"},{"@type":"Organization","@id":"https:\/\/shop.bantam.ch\/de\/#organization","name":"Bantam Camping AG","url":"https:\/\/shop.bantam.ch\/de\/","logo":{"@type":"ImageObject","inLanguage":"de","@id":"https:\/\/shop.bantam.ch\/de\/#\/schema\/logo\/image\/","url":"https:\/\/shop.bantam.ch\/wp-content\/uploads\/2022\/12\/bantam-logo.png","contentUrl":"https:\/\/shop.bantam.ch\/wp-content\/uploads\/2022\/12\/bantam-logo.png","width":320,"height":71,"caption":"Bantam Camping AG"},"image":{"@id":"https:\/\/shop.bantam.ch\/de\/#\/schema\/logo\/image\/"}}]}},"_links":{"self":[{"href":"https:\/\/shop.bantam.ch\/de\/wp-json\/wp\/v2\/product\/225503","targetHints":{"allow":["GET"]}}],"collection":[{"href":"https:\/\/shop.bantam.ch\/de\/wp-json\/wp\/v2\/product"}],"about":[{"href":"https:\/\/shop.bantam.ch\/de\/wp-json\/wp\/v2\/types\/product"}],"wp:featuredmedia":[{"embeddable":true,"href":"https:\/\/shop.bantam.ch\/de\/wp-json\/wp\/v2\/media\/225499"}],"wp:attachment":[{"href":"https:\/\/shop.bantam.ch\/de\/wp-json\/wp\/v2\/media?parent=225503"}],"wp:term":[{"taxonomy":"product_featured_cat","embeddable":true,"href":"https:\/\/shop.bantam.ch\/de\/wp-json\/wp\/v2\/product_featured_cat?post=225503"},{"taxonomy":"product_brand","embeddable":true,"href":"https:\/\/shop.bantam.ch\/de\/wp-json\/wp\/v2\/product_brand?post=225503"},{"taxonomy":"product_cat","embeddable":true,"href":"https:\/\/shop.bantam.ch\/de\/wp-json\/wp\/v2\/product_cat?post=225503"},{"taxonomy":"product_tag","embeddable":true,"href":"https:\/\/shop.bantam.ch\/de\/wp-json\/wp\/v2\/product_tag?post=225503"}],"curies":[{"name":"wp","href":"https:\/\/api.w.org\/{rel}","templated":true}]}}