{"id":225379,"date":"2025-12-17T15:14:12","date_gmt":"2025-12-17T14:14:12","guid":{"rendered":"https:\/\/shop.bantam.ch\/produit\/spoilerprofile-clever-mount-41-black\/"},"modified":"2026-04-22T23:40:55","modified_gmt":"2026-04-22T21:40:55","slug":"spoilerprofile-clever-mount-41-black","status":"publish","type":"product","link":"https:\/\/shop.bantam.ch\/de\/produkt\/spoilerprofile-clever-mount-41-black\/","title":{"rendered":"Spoilerprofile Clever Mount 41 Black"},"content":{"rendered":"<p>Die salzwasserbest\u00e4ndigen Profile Clever Mount eignen sich&nbsp;hervorragend f\u00fcr die einfache und sichere Befestigung von&nbsp;Solarmodulen auf Fahrzeugen und Booten. Durch die Bauform&nbsp;sind diese Halteprofile deutlich leichter als vergleichbare Profile&nbsp;aus Kunststoff und erf\u00fcllen h\u00f6chste Anspr\u00fcche an Qualit\u00e4t. Das&nbsp;aerodynamischen Design reduziert die Windger\u00e4usche und integriert&nbsp;Module formschl\u00fcssig auf dem Dach.<\/p>\n<p>Eigenschaften:<\/p>\n<ul>\n<li>2 x Aluminium Spoiler f\u00fcr die Montage von Solarmoduler<\/li>\n<li>Seitenl\u00e4nge 41 cm<\/li>\n<li>eloxiert, schwarz,<\/li>\n<li>salzwasserbest\u00e4ndige Legierung (EN AW-6063)<\/li>\n<li>Wandst\u00e4rke 1,9 mm<\/li>\n<\/ul>\n","protected":false},"excerpt":{"rendered":"<p>Die salzwasserbest\u00e4ndigen Profile Clever Mount eignen sich&nbsp;hervorragend f\u00fcr die einfache und sichere Befestigung von&nbsp;Solarmodulen auf Fahrzeugen und Booten. Durch die Bauform&nbsp;sind diese Halteprofile deutlich leichter als vergleichbare Profile&nbsp;aus Kunststoff und erf\u00fcllen h\u00f6chste Anspr\u00fcche an Qualit\u00e4t. Das&nbsp;aerodynamischen Design reduziert die Windger\u00e4usche und integriert&nbsp;Module formschl\u00fcssig auf dem Dach. Eigenschaften: 2 x Aluminium Spoiler f\u00fcr die Montage von [&hellip;]<\/p>\n","protected":false},"featured_media":225377,"template":"","meta":{"_acf_changed":false},"product_featured_cat":[],"product_brand":[],"product_cat":[4876],"product_tag":[],"class_list":{"0":"post-225379","1":"product","2":"type-product","3":"status-publish","4":"has-post-thumbnail","6":"product_cat-modul-halterungen","8":"first","9":"instock","10":"taxable","11":"shipping-taxable","12":"purchasable","13":"product-type-simple"},"acf":[],"yoast_head":"<!-- This site is optimized with the Yoast SEO plugin v27.4 - https:\/\/yoast.com\/product\/yoast-seo-wordpress\/ -->\n<title>Spoilerprofile Clever Mount 41 Black - Bantam Camping AG<\/title>\n<meta name=\"robots\" content=\"index, follow, max-snippet:-1, max-image-preview:large, max-video-preview:-1\" \/>\n<link rel=\"canonical\" href=\"https:\/\/shop.bantam.ch\/de\/produkt\/spoilerprofile-clever-mount-41-black\/\" \/>\n<meta property=\"og:locale\" content=\"de_DE\" \/>\n<meta property=\"og:type\" content=\"article\" \/>\n<meta property=\"og:title\" content=\"Spoilerprofile Clever Mount 41 Black - Bantam Camping AG\" \/>\n<meta property=\"og:description\" content=\"Die salzwasserbest\u00e4ndigen Profile Clever Mount eignen sich&nbsp;hervorragend f\u00fcr die einfache und sichere Befestigung von&nbsp;Solarmodulen auf Fahrzeugen und Booten. Durch die Bauform&nbsp;sind diese Halteprofile deutlich leichter als vergleichbare Profile&nbsp;aus Kunststoff und erf\u00fcllen h\u00f6chste Anspr\u00fcche an Qualit\u00e4t. Das&nbsp;aerodynamischen Design reduziert die Windger\u00e4usche und integriert&nbsp;Module formschl\u00fcssig auf dem Dach. Eigenschaften: 2 x Aluminium Spoiler f\u00fcr die Montage von [&hellip;]\" \/>\n<meta property=\"og:url\" content=\"https:\/\/shop.bantam.ch\/de\/produkt\/spoilerprofile-clever-mount-41-black\/\" \/>\n<meta property=\"og:site_name\" content=\"Bantam Camping AG\" \/>\n<meta property=\"article:modified_time\" content=\"2026-04-22T21:40:55+00:00\" \/>\n<meta name=\"twitter:card\" content=\"summary_large_image\" \/>\n<script type=\"application\/ld+json\" class=\"yoast-schema-graph\">{\"@context\":\"https:\\\/\\\/schema.org\",\"@graph\":[{\"@type\":\"WebPage\",\"@id\":\"https:\\\/\\\/shop.bantam.ch\\\/de\\\/produkt\\\/spoilerprofile-clever-mount-41-black\\\/\",\"url\":\"https:\\\/\\\/shop.bantam.ch\\\/de\\\/produkt\\\/spoilerprofile-clever-mount-41-black\\\/\",\"name\":\"Spoilerprofile Clever Mount 41 Black - Bantam Camping AG\",\"isPartOf\":{\"@id\":\"https:\\\/\\\/shop.bantam.ch\\\/de\\\/#website\"},\"primaryImageOfPage\":{\"@id\":\"https:\\\/\\\/shop.bantam.ch\\\/de\\\/produkt\\\/spoilerprofile-clever-mount-41-black\\\/#primaryimage\"},\"image\":{\"@id\":\"https:\\\/\\\/shop.bantam.ch\\\/de\\\/produkt\\\/spoilerprofile-clever-mount-41-black\\\/#primaryimage\"},\"thumbnailUrl\":\"https:\\\/\\\/shop.bantam.ch\\\/wp-content\\\/uploads\\\/2025\\\/12\\\/Movera-L-9962990100.png\",\"datePublished\":\"2025-12-17T14:14:12+00:00\",\"dateModified\":\"2026-04-22T21:40:55+00:00\",\"breadcrumb\":{\"@id\":\"https:\\\/\\\/shop.bantam.ch\\\/de\\\/produkt\\\/spoilerprofile-clever-mount-41-black\\\/#breadcrumb\"},\"inLanguage\":\"de\",\"potentialAction\":[{\"@type\":\"ReadAction\",\"target\":[\"https:\\\/\\\/shop.bantam.ch\\\/de\\\/produkt\\\/spoilerprofile-clever-mount-41-black\\\/\"]}]},{\"@type\":\"ImageObject\",\"inLanguage\":\"de\",\"@id\":\"https:\\\/\\\/shop.bantam.ch\\\/de\\\/produkt\\\/spoilerprofile-clever-mount-41-black\\\/#primaryimage\",\"url\":\"https:\\\/\\\/shop.bantam.ch\\\/wp-content\\\/uploads\\\/2025\\\/12\\\/Movera-L-9962990100.png\",\"contentUrl\":\"https:\\\/\\\/shop.bantam.ch\\\/wp-content\\\/uploads\\\/2025\\\/12\\\/Movera-L-9962990100.png\",\"width\":500,\"height\":500},{\"@type\":\"BreadcrumbList\",\"@id\":\"https:\\\/\\\/shop.bantam.ch\\\/de\\\/produkt\\\/spoilerprofile-clever-mount-41-black\\\/#breadcrumb\",\"itemListElement\":[{\"@type\":\"ListItem\",\"position\":1,\"name\":\"Accueil\",\"item\":\"https:\\\/\\\/shop.bantam.ch\\\/de\\\/\"},{\"@type\":\"ListItem\",\"position\":2,\"name\":\"Shop\",\"item\":\"https:\\\/\\\/shop.bantam.ch\\\/de\\\/shop\\\/\"},{\"@type\":\"ListItem\",\"position\":3,\"name\":\"Spoilerprofile Clever Mount 41 Black\"}]},{\"@type\":\"WebSite\",\"@id\":\"https:\\\/\\\/shop.bantam.ch\\\/de\\\/#website\",\"url\":\"https:\\\/\\\/shop.bantam.ch\\\/de\\\/\",\"name\":\"Bantam Camping AG\",\"description\":\"\",\"publisher\":{\"@id\":\"https:\\\/\\\/shop.bantam.ch\\\/de\\\/#organization\"},\"inLanguage\":\"de\"},{\"@type\":\"Organization\",\"@id\":\"https:\\\/\\\/shop.bantam.ch\\\/de\\\/#organization\",\"name\":\"Bantam Camping AG\",\"url\":\"https:\\\/\\\/shop.bantam.ch\\\/de\\\/\",\"logo\":{\"@type\":\"ImageObject\",\"inLanguage\":\"de\",\"@id\":\"https:\\\/\\\/shop.bantam.ch\\\/de\\\/#\\\/schema\\\/logo\\\/image\\\/\",\"url\":\"https:\\\/\\\/shop.bantam.ch\\\/wp-content\\\/uploads\\\/2022\\\/12\\\/bantam-logo.png\",\"contentUrl\":\"https:\\\/\\\/shop.bantam.ch\\\/wp-content\\\/uploads\\\/2022\\\/12\\\/bantam-logo.png\",\"width\":320,\"height\":71,\"caption\":\"Bantam Camping AG\"},\"image\":{\"@id\":\"https:\\\/\\\/shop.bantam.ch\\\/de\\\/#\\\/schema\\\/logo\\\/image\\\/\"}}]}<\/script>\n<!-- \/ Yoast SEO plugin. -->","yoast_head_json":{"title":"Spoilerprofile Clever Mount 41 Black - Bantam Camping AG","robots":{"index":"index","follow":"follow","max-snippet":"max-snippet:-1","max-image-preview":"max-image-preview:large","max-video-preview":"max-video-preview:-1"},"canonical":"https:\/\/shop.bantam.ch\/de\/produkt\/spoilerprofile-clever-mount-41-black\/","og_locale":"de_DE","og_type":"article","og_title":"Spoilerprofile Clever Mount 41 Black - Bantam Camping AG","og_description":"Die salzwasserbest\u00e4ndigen Profile Clever Mount eignen sich&nbsp;hervorragend f\u00fcr die einfache und sichere Befestigung von&nbsp;Solarmodulen auf Fahrzeugen und Booten. Durch die Bauform&nbsp;sind diese Halteprofile deutlich leichter als vergleichbare Profile&nbsp;aus Kunststoff und erf\u00fcllen h\u00f6chste Anspr\u00fcche an Qualit\u00e4t. Das&nbsp;aerodynamischen Design reduziert die Windger\u00e4usche und integriert&nbsp;Module formschl\u00fcssig auf dem Dach. Eigenschaften: 2 x Aluminium Spoiler f\u00fcr die Montage von [&hellip;]","og_url":"https:\/\/shop.bantam.ch\/de\/produkt\/spoilerprofile-clever-mount-41-black\/","og_site_name":"Bantam Camping AG","article_modified_time":"2026-04-22T21:40:55+00:00","twitter_card":"summary_large_image","schema":{"@context":"https:\/\/schema.org","@graph":[{"@type":"WebPage","@id":"https:\/\/shop.bantam.ch\/de\/produkt\/spoilerprofile-clever-mount-41-black\/","url":"https:\/\/shop.bantam.ch\/de\/produkt\/spoilerprofile-clever-mount-41-black\/","name":"Spoilerprofile Clever Mount 41 Black - Bantam Camping AG","isPartOf":{"@id":"https:\/\/shop.bantam.ch\/de\/#website"},"primaryImageOfPage":{"@id":"https:\/\/shop.bantam.ch\/de\/produkt\/spoilerprofile-clever-mount-41-black\/#primaryimage"},"image":{"@id":"https:\/\/shop.bantam.ch\/de\/produkt\/spoilerprofile-clever-mount-41-black\/#primaryimage"},"thumbnailUrl":"https:\/\/shop.bantam.ch\/wp-content\/uploads\/2025\/12\/Movera-L-9962990100.png","datePublished":"2025-12-17T14:14:12+00:00","dateModified":"2026-04-22T21:40:55+00:00","breadcrumb":{"@id":"https:\/\/shop.bantam.ch\/de\/produkt\/spoilerprofile-clever-mount-41-black\/#breadcrumb"},"inLanguage":"de","potentialAction":[{"@type":"ReadAction","target":["https:\/\/shop.bantam.ch\/de\/produkt\/spoilerprofile-clever-mount-41-black\/"]}]},{"@type":"ImageObject","inLanguage":"de","@id":"https:\/\/shop.bantam.ch\/de\/produkt\/spoilerprofile-clever-mount-41-black\/#primaryimage","url":"https:\/\/shop.bantam.ch\/wp-content\/uploads\/2025\/12\/Movera-L-9962990100.png","contentUrl":"https:\/\/shop.bantam.ch\/wp-content\/uploads\/2025\/12\/Movera-L-9962990100.png","width":500,"height":500},{"@type":"BreadcrumbList","@id":"https:\/\/shop.bantam.ch\/de\/produkt\/spoilerprofile-clever-mount-41-black\/#breadcrumb","itemListElement":[{"@type":"ListItem","position":1,"name":"Accueil","item":"https:\/\/shop.bantam.ch\/de\/"},{"@type":"ListItem","position":2,"name":"Shop","item":"https:\/\/shop.bantam.ch\/de\/shop\/"},{"@type":"ListItem","position":3,"name":"Spoilerprofile Clever Mount 41 Black"}]},{"@type":"WebSite","@id":"https:\/\/shop.bantam.ch\/de\/#website","url":"https:\/\/shop.bantam.ch\/de\/","name":"Bantam Camping AG","description":"","publisher":{"@id":"https:\/\/shop.bantam.ch\/de\/#organization"},"inLanguage":"de"},{"@type":"Organization","@id":"https:\/\/shop.bantam.ch\/de\/#organization","name":"Bantam Camping AG","url":"https:\/\/shop.bantam.ch\/de\/","logo":{"@type":"ImageObject","inLanguage":"de","@id":"https:\/\/shop.bantam.ch\/de\/#\/schema\/logo\/image\/","url":"https:\/\/shop.bantam.ch\/wp-content\/uploads\/2022\/12\/bantam-logo.png","contentUrl":"https:\/\/shop.bantam.ch\/wp-content\/uploads\/2022\/12\/bantam-logo.png","width":320,"height":71,"caption":"Bantam Camping AG"},"image":{"@id":"https:\/\/shop.bantam.ch\/de\/#\/schema\/logo\/image\/"}}]}},"_links":{"self":[{"href":"https:\/\/shop.bantam.ch\/de\/wp-json\/wp\/v2\/product\/225379","targetHints":{"allow":["GET"]}}],"collection":[{"href":"https:\/\/shop.bantam.ch\/de\/wp-json\/wp\/v2\/product"}],"about":[{"href":"https:\/\/shop.bantam.ch\/de\/wp-json\/wp\/v2\/types\/product"}],"wp:featuredmedia":[{"embeddable":true,"href":"https:\/\/shop.bantam.ch\/de\/wp-json\/wp\/v2\/media\/225377"}],"wp:attachment":[{"href":"https:\/\/shop.bantam.ch\/de\/wp-json\/wp\/v2\/media?parent=225379"}],"wp:term":[{"taxonomy":"product_featured_cat","embeddable":true,"href":"https:\/\/shop.bantam.ch\/de\/wp-json\/wp\/v2\/product_featured_cat?post=225379"},{"taxonomy":"product_brand","embeddable":true,"href":"https:\/\/shop.bantam.ch\/de\/wp-json\/wp\/v2\/product_brand?post=225379"},{"taxonomy":"product_cat","embeddable":true,"href":"https:\/\/shop.bantam.ch\/de\/wp-json\/wp\/v2\/product_cat?post=225379"},{"taxonomy":"product_tag","embeddable":true,"href":"https:\/\/shop.bantam.ch\/de\/wp-json\/wp\/v2\/product_tag?post=225379"}],"curies":[{"name":"wp","href":"https:\/\/api.w.org\/{rel}","templated":true}]}}