{"id":225296,"date":"2025-12-17T15:12:01","date_gmt":"2025-12-17T14:12:01","guid":{"rendered":"https:\/\/shop.bantam.ch\/produit\/solarzubehoer-kit-antarion-inkl-mppt-klebeset-dekalin-dachdurchfuehrung\/"},"modified":"2026-05-02T02:09:44","modified_gmt":"2026-05-02T00:09:44","slug":"solarzubehoer-kit-antarion-inkl-mppt-klebeset-dekalin-dachdurchfuehrung","status":"publish","type":"product","link":"https:\/\/shop.bantam.ch\/de\/produkt\/solarzubehoer-kit-antarion-inkl-mppt-klebeset-dekalin-dachdurchfuehrung\/","title":{"rendered":"Solarzubeh\u00f6r Kit Antarion inkl. MPPT, Klebeset Dekalin, Dachdurchf\u00fchrung"},"content":{"rendered":"<p>Das Blister-Installationsset enth\u00e4lt:<\/p>\n<ul>\n<li>Je nach Variante einen SC oder MPPT ANTARION Solarregler mit einem Ausgang<\/li>\n<li>Ein wasserdichter Dachsitz<\/li>\n<li>Eine Dekasyl MS1 Patrone<\/li>\n<li>Ein Dekaclean-Tuch<\/li>\n<\/ul>\n","protected":false},"excerpt":{"rendered":"<p>Das Blister-Installationsset enth\u00e4lt: Je nach Variante einen SC oder MPPT ANTARION Solarregler mit einem Ausgang Ein wasserdichter Dachsitz Eine Dekasyl MS1 Patrone Ein Dekaclean-Tuch<\/p>\n","protected":false},"featured_media":225283,"template":"","meta":{"_acf_changed":false},"product_featured_cat":[],"product_brand":[],"product_cat":[5124],"product_tag":[],"class_list":{"0":"post-225296","1":"product","2":"type-product","3":"status-publish","4":"has-post-thumbnail","6":"product_cat-weiteres-zubehoer-fuer-solartechnik","8":"first","9":"instock","10":"taxable","11":"shipping-taxable","12":"purchasable","13":"product-type-variable"},"acf":[],"yoast_head":"<!-- This site is optimized with the Yoast SEO plugin v27.5 - https:\/\/yoast.com\/product\/yoast-seo-wordpress\/ -->\n<title>Solarzubeh\u00f6r Kit Antarion inkl. MPPT, Klebeset Dekalin, Dachdurchf\u00fchrung - Bantam<\/title>\n<meta name=\"robots\" content=\"index, follow, max-snippet:-1, max-image-preview:large, max-video-preview:-1\" \/>\n<link rel=\"canonical\" href=\"https:\/\/shop.bantam.ch\/de\/produkt\/solarzubehoer-kit-antarion-inkl-mppt-klebeset-dekalin-dachdurchfuehrung\/\" \/>\n<meta property=\"og:locale\" content=\"de_DE\" \/>\n<meta property=\"og:type\" content=\"article\" \/>\n<meta property=\"og:title\" content=\"Solarzubeh\u00f6r Kit Antarion inkl. MPPT, Klebeset Dekalin, Dachdurchf\u00fchrung - Bantam\" \/>\n<meta property=\"og:description\" content=\"Das Blister-Installationsset enth\u00e4lt: Je nach Variante einen SC oder MPPT ANTARION Solarregler mit einem Ausgang Ein wasserdichter Dachsitz Eine Dekasyl MS1 Patrone Ein Dekaclean-Tuch\" \/>\n<meta property=\"og:url\" content=\"https:\/\/shop.bantam.ch\/de\/produkt\/solarzubehoer-kit-antarion-inkl-mppt-klebeset-dekalin-dachdurchfuehrung\/\" \/>\n<meta property=\"og:site_name\" content=\"Bantam\" \/>\n<meta property=\"article:modified_time\" content=\"2026-05-02T00:09:44+00:00\" \/>\n<meta name=\"twitter:card\" content=\"summary_large_image\" \/>\n<script type=\"application\/ld+json\" class=\"yoast-schema-graph\">{\"@context\":\"https:\\\/\\\/schema.org\",\"@graph\":[{\"@type\":\"WebPage\",\"@id\":\"https:\\\/\\\/shop.bantam.ch\\\/de\\\/produkt\\\/solarzubehoer-kit-antarion-inkl-mppt-klebeset-dekalin-dachdurchfuehrung\\\/\",\"url\":\"https:\\\/\\\/shop.bantam.ch\\\/de\\\/produkt\\\/solarzubehoer-kit-antarion-inkl-mppt-klebeset-dekalin-dachdurchfuehrung\\\/\",\"name\":\"Solarzubeh\u00f6r Kit Antarion inkl. MPPT, Klebeset Dekalin, Dachdurchf\u00fchrung - Bantam\",\"isPartOf\":{\"@id\":\"https:\\\/\\\/shop.bantam.ch\\\/de\\\/#website\"},\"primaryImageOfPage\":{\"@id\":\"https:\\\/\\\/shop.bantam.ch\\\/de\\\/produkt\\\/solarzubehoer-kit-antarion-inkl-mppt-klebeset-dekalin-dachdurchfuehrung\\\/#primaryimage\"},\"image\":{\"@id\":\"https:\\\/\\\/shop.bantam.ch\\\/de\\\/produkt\\\/solarzubehoer-kit-antarion-inkl-mppt-klebeset-dekalin-dachdurchfuehrung\\\/#primaryimage\"},\"thumbnailUrl\":\"https:\\\/\\\/shop.bantam.ch\\\/wp-content\\\/uploads\\\/2025\\\/12\\\/Movera-L-9962934100.jpg\",\"datePublished\":\"2025-12-17T14:12:01+00:00\",\"dateModified\":\"2026-05-02T00:09:44+00:00\",\"breadcrumb\":{\"@id\":\"https:\\\/\\\/shop.bantam.ch\\\/de\\\/produkt\\\/solarzubehoer-kit-antarion-inkl-mppt-klebeset-dekalin-dachdurchfuehrung\\\/#breadcrumb\"},\"inLanguage\":\"de\",\"potentialAction\":[{\"@type\":\"ReadAction\",\"target\":[\"https:\\\/\\\/shop.bantam.ch\\\/de\\\/produkt\\\/solarzubehoer-kit-antarion-inkl-mppt-klebeset-dekalin-dachdurchfuehrung\\\/\"]}]},{\"@type\":\"ImageObject\",\"inLanguage\":\"de\",\"@id\":\"https:\\\/\\\/shop.bantam.ch\\\/de\\\/produkt\\\/solarzubehoer-kit-antarion-inkl-mppt-klebeset-dekalin-dachdurchfuehrung\\\/#primaryimage\",\"url\":\"https:\\\/\\\/shop.bantam.ch\\\/wp-content\\\/uploads\\\/2025\\\/12\\\/Movera-L-9962934100.jpg\",\"contentUrl\":\"https:\\\/\\\/shop.bantam.ch\\\/wp-content\\\/uploads\\\/2025\\\/12\\\/Movera-L-9962934100.jpg\",\"width\":640,\"height\":490},{\"@type\":\"BreadcrumbList\",\"@id\":\"https:\\\/\\\/shop.bantam.ch\\\/de\\\/produkt\\\/solarzubehoer-kit-antarion-inkl-mppt-klebeset-dekalin-dachdurchfuehrung\\\/#breadcrumb\",\"itemListElement\":[{\"@type\":\"ListItem\",\"position\":1,\"name\":\"Accueil\",\"item\":\"https:\\\/\\\/shop.bantam.ch\\\/de\\\/\"},{\"@type\":\"ListItem\",\"position\":2,\"name\":\"Shop\",\"item\":\"https:\\\/\\\/shop.bantam.ch\\\/de\\\/shop\\\/\"},{\"@type\":\"ListItem\",\"position\":3,\"name\":\"Solarzubeh\u00f6r Kit Antarion inkl. MPPT, Klebeset Dekalin, Dachdurchf\u00fchrung\"}]},{\"@type\":\"WebSite\",\"@id\":\"https:\\\/\\\/shop.bantam.ch\\\/de\\\/#website\",\"url\":\"https:\\\/\\\/shop.bantam.ch\\\/de\\\/\",\"name\":\"Bantam\",\"description\":\"\",\"publisher\":{\"@id\":\"https:\\\/\\\/shop.bantam.ch\\\/de\\\/#organization\"},\"inLanguage\":\"de\"},{\"@type\":\"Organization\",\"@id\":\"https:\\\/\\\/shop.bantam.ch\\\/de\\\/#organization\",\"name\":\"Bantam\",\"url\":\"https:\\\/\\\/shop.bantam.ch\\\/de\\\/\",\"logo\":{\"@type\":\"ImageObject\",\"inLanguage\":\"de\",\"@id\":\"https:\\\/\\\/shop.bantam.ch\\\/de\\\/#\\\/schema\\\/logo\\\/image\\\/\",\"url\":\"https:\\\/\\\/shop.bantam.ch\\\/wp-content\\\/uploads\\\/2022\\\/12\\\/bantam-logo.png\",\"contentUrl\":\"https:\\\/\\\/shop.bantam.ch\\\/wp-content\\\/uploads\\\/2022\\\/12\\\/bantam-logo.png\",\"width\":320,\"height\":71,\"caption\":\"Bantam\"},\"image\":{\"@id\":\"https:\\\/\\\/shop.bantam.ch\\\/de\\\/#\\\/schema\\\/logo\\\/image\\\/\"}}]}<\/script>\n<!-- \/ Yoast SEO plugin. -->","yoast_head_json":{"title":"Solarzubeh\u00f6r Kit Antarion inkl. MPPT, Klebeset Dekalin, Dachdurchf\u00fchrung - Bantam","robots":{"index":"index","follow":"follow","max-snippet":"max-snippet:-1","max-image-preview":"max-image-preview:large","max-video-preview":"max-video-preview:-1"},"canonical":"https:\/\/shop.bantam.ch\/de\/produkt\/solarzubehoer-kit-antarion-inkl-mppt-klebeset-dekalin-dachdurchfuehrung\/","og_locale":"de_DE","og_type":"article","og_title":"Solarzubeh\u00f6r Kit Antarion inkl. MPPT, Klebeset Dekalin, Dachdurchf\u00fchrung - Bantam","og_description":"Das Blister-Installationsset enth\u00e4lt: Je nach Variante einen SC oder MPPT ANTARION Solarregler mit einem Ausgang Ein wasserdichter Dachsitz Eine Dekasyl MS1 Patrone Ein Dekaclean-Tuch","og_url":"https:\/\/shop.bantam.ch\/de\/produkt\/solarzubehoer-kit-antarion-inkl-mppt-klebeset-dekalin-dachdurchfuehrung\/","og_site_name":"Bantam","article_modified_time":"2026-05-02T00:09:44+00:00","twitter_card":"summary_large_image","schema":{"@context":"https:\/\/schema.org","@graph":[{"@type":"WebPage","@id":"https:\/\/shop.bantam.ch\/de\/produkt\/solarzubehoer-kit-antarion-inkl-mppt-klebeset-dekalin-dachdurchfuehrung\/","url":"https:\/\/shop.bantam.ch\/de\/produkt\/solarzubehoer-kit-antarion-inkl-mppt-klebeset-dekalin-dachdurchfuehrung\/","name":"Solarzubeh\u00f6r Kit Antarion inkl. MPPT, Klebeset Dekalin, Dachdurchf\u00fchrung - Bantam","isPartOf":{"@id":"https:\/\/shop.bantam.ch\/de\/#website"},"primaryImageOfPage":{"@id":"https:\/\/shop.bantam.ch\/de\/produkt\/solarzubehoer-kit-antarion-inkl-mppt-klebeset-dekalin-dachdurchfuehrung\/#primaryimage"},"image":{"@id":"https:\/\/shop.bantam.ch\/de\/produkt\/solarzubehoer-kit-antarion-inkl-mppt-klebeset-dekalin-dachdurchfuehrung\/#primaryimage"},"thumbnailUrl":"https:\/\/shop.bantam.ch\/wp-content\/uploads\/2025\/12\/Movera-L-9962934100.jpg","datePublished":"2025-12-17T14:12:01+00:00","dateModified":"2026-05-02T00:09:44+00:00","breadcrumb":{"@id":"https:\/\/shop.bantam.ch\/de\/produkt\/solarzubehoer-kit-antarion-inkl-mppt-klebeset-dekalin-dachdurchfuehrung\/#breadcrumb"},"inLanguage":"de","potentialAction":[{"@type":"ReadAction","target":["https:\/\/shop.bantam.ch\/de\/produkt\/solarzubehoer-kit-antarion-inkl-mppt-klebeset-dekalin-dachdurchfuehrung\/"]}]},{"@type":"ImageObject","inLanguage":"de","@id":"https:\/\/shop.bantam.ch\/de\/produkt\/solarzubehoer-kit-antarion-inkl-mppt-klebeset-dekalin-dachdurchfuehrung\/#primaryimage","url":"https:\/\/shop.bantam.ch\/wp-content\/uploads\/2025\/12\/Movera-L-9962934100.jpg","contentUrl":"https:\/\/shop.bantam.ch\/wp-content\/uploads\/2025\/12\/Movera-L-9962934100.jpg","width":640,"height":490},{"@type":"BreadcrumbList","@id":"https:\/\/shop.bantam.ch\/de\/produkt\/solarzubehoer-kit-antarion-inkl-mppt-klebeset-dekalin-dachdurchfuehrung\/#breadcrumb","itemListElement":[{"@type":"ListItem","position":1,"name":"Accueil","item":"https:\/\/shop.bantam.ch\/de\/"},{"@type":"ListItem","position":2,"name":"Shop","item":"https:\/\/shop.bantam.ch\/de\/shop\/"},{"@type":"ListItem","position":3,"name":"Solarzubeh\u00f6r Kit Antarion inkl. MPPT, Klebeset Dekalin, Dachdurchf\u00fchrung"}]},{"@type":"WebSite","@id":"https:\/\/shop.bantam.ch\/de\/#website","url":"https:\/\/shop.bantam.ch\/de\/","name":"Bantam","description":"","publisher":{"@id":"https:\/\/shop.bantam.ch\/de\/#organization"},"inLanguage":"de"},{"@type":"Organization","@id":"https:\/\/shop.bantam.ch\/de\/#organization","name":"Bantam","url":"https:\/\/shop.bantam.ch\/de\/","logo":{"@type":"ImageObject","inLanguage":"de","@id":"https:\/\/shop.bantam.ch\/de\/#\/schema\/logo\/image\/","url":"https:\/\/shop.bantam.ch\/wp-content\/uploads\/2022\/12\/bantam-logo.png","contentUrl":"https:\/\/shop.bantam.ch\/wp-content\/uploads\/2022\/12\/bantam-logo.png","width":320,"height":71,"caption":"Bantam"},"image":{"@id":"https:\/\/shop.bantam.ch\/de\/#\/schema\/logo\/image\/"}}]}},"_links":{"self":[{"href":"https:\/\/shop.bantam.ch\/de\/wp-json\/wp\/v2\/product\/225296","targetHints":{"allow":["GET"]}}],"collection":[{"href":"https:\/\/shop.bantam.ch\/de\/wp-json\/wp\/v2\/product"}],"about":[{"href":"https:\/\/shop.bantam.ch\/de\/wp-json\/wp\/v2\/types\/product"}],"wp:featuredmedia":[{"embeddable":true,"href":"https:\/\/shop.bantam.ch\/de\/wp-json\/wp\/v2\/media\/225283"}],"wp:attachment":[{"href":"https:\/\/shop.bantam.ch\/de\/wp-json\/wp\/v2\/media?parent=225296"}],"wp:term":[{"taxonomy":"product_featured_cat","embeddable":true,"href":"https:\/\/shop.bantam.ch\/de\/wp-json\/wp\/v2\/product_featured_cat?post=225296"},{"taxonomy":"product_brand","embeddable":true,"href":"https:\/\/shop.bantam.ch\/de\/wp-json\/wp\/v2\/product_brand?post=225296"},{"taxonomy":"product_cat","embeddable":true,"href":"https:\/\/shop.bantam.ch\/de\/wp-json\/wp\/v2\/product_cat?post=225296"},{"taxonomy":"product_tag","embeddable":true,"href":"https:\/\/shop.bantam.ch\/de\/wp-json\/wp\/v2\/product_tag?post=225296"}],"curies":[{"name":"wp","href":"https:\/\/api.w.org\/{rel}","templated":true}]}}