{"id":225251,"date":"2025-12-17T15:11:01","date_gmt":"2025-12-17T14:11:01","guid":{"rendered":"https:\/\/shop.bantam.ch\/produit\/klimaanlage-ultra-comfort-6000\/"},"modified":"2026-04-18T23:44:26","modified_gmt":"2026-04-18T21:44:26","slug":"klimaanlage-ultra-comfort-6000","status":"publish","type":"product","link":"https:\/\/shop.bantam.ch\/de\/produkt\/klimaanlage-ultra-comfort-6000\/","title":{"rendered":"Klimaanlage Ultra Comfort 6000"},"content":{"rendered":"<p>Die ULTRA COMFORT 6000 Klimaanlage besteht aus zwei Einheiten: Die Inneneinheit wird in das Armaturenbrett im Fahrzeuginneren eingesetzt. Die Au\u00dfeneinheit besteht aus zwei mit einem Schlauch verbundenen Teilen, die hinter der Sto\u00dfstange des Fahrzeugs installiert werden.<br \/>\nAlle Einheiten sind durch Schl\u00e4uche verbunden und verf\u00fcgen \u00fcber automatische Anschl\u00fcsse. Das K\u00e4ltemittelgas ist bereits in der Klimaanlage eingef\u00fcllt und auf alle Teile einschlie\u00dflich der wasserdichten Verbindungsschl\u00e4uche verteilt. Das Klimager\u00e4t hat eine Doppelfunktion und kann sowohl k\u00fchlen als auch heizen dank einer eingebauten W\u00e4rmepumpe.<\/p>\n<p>&nbsp;<\/p>\n<p>-Keine gro\u00dfen und schweren Ger\u00e4te mehr auf dem Dach!<br \/>\n-Kein Ausbau des Dachfensters mehr n\u00f6tig<br \/>\n-Kein Kaltluft-Diffuser mehr im Gang<br \/>\n-Leise und leistungsf\u00e4hig mit minimalem Verbrauch<br \/>\n-K\u00fchlt nicht nur, sondern verf\u00fcgt auch \u00fcber eine W\u00e4rmepumpe<br \/>\n230 V.a.c.<br \/>\n-Duale Funktion: K\u00fchlen und Heizen (W\u00e4rmepumpe)<br \/>\n-Drei L\u00fcftungsgeschwindigkeiten + Automatik Funktion<br \/>\n-Niedriger Stromverbrauch (weniger als 3 A)<br \/>\n-Vertikal und horizontal verstellbare Gitter des Diffusors<br \/>\n-Display mit Temperaturanzeige<br \/>\n-Die Anlage wird \u00fcber die Fernbedienung gesteuert<\/p>\n","protected":false},"excerpt":{"rendered":"<p>Die ULTRA COMFORT 6000 Klimaanlage besteht aus zwei Einheiten: Die Inneneinheit wird in das Armaturenbrett im Fahrzeuginneren eingesetzt. Die Au\u00dfeneinheit besteht aus zwei mit einem Schlauch verbundenen Teilen, die hinter der Sto\u00dfstange des Fahrzeugs installiert werden. Alle Einheiten sind durch Schl\u00e4uche verbunden und verf\u00fcgen \u00fcber automatische Anschl\u00fcsse. Das K\u00e4ltemittelgas ist bereits in der Klimaanlage eingef\u00fcllt [&hellip;]<\/p>\n","protected":false},"featured_media":225243,"template":"","meta":{"_acf_changed":false},"product_featured_cat":[],"product_brand":[],"product_cat":[4090],"product_tag":[],"class_list":{"0":"post-225251","1":"product","2":"type-product","3":"status-publish","4":"has-post-thumbnail","6":"product_cat-klimaanlagen","8":"first","9":"instock","10":"taxable","11":"shipping-taxable","12":"purchasable","13":"product-type-simple"},"acf":[],"yoast_head":"<!-- This site is optimized with the Yoast SEO plugin v27.4 - https:\/\/yoast.com\/product\/yoast-seo-wordpress\/ -->\n<title>Klimaanlage Ultra Comfort 6000 - Bantam Camping AG<\/title>\n<meta name=\"robots\" content=\"index, follow, max-snippet:-1, max-image-preview:large, max-video-preview:-1\" \/>\n<link rel=\"canonical\" href=\"https:\/\/shop.bantam.ch\/de\/produkt\/klimaanlage-ultra-comfort-6000\/\" \/>\n<meta property=\"og:locale\" content=\"de_DE\" \/>\n<meta property=\"og:type\" content=\"article\" \/>\n<meta property=\"og:title\" content=\"Klimaanlage Ultra Comfort 6000 - Bantam Camping AG\" \/>\n<meta property=\"og:description\" content=\"Die ULTRA COMFORT 6000 Klimaanlage besteht aus zwei Einheiten: Die Inneneinheit wird in das Armaturenbrett im Fahrzeuginneren eingesetzt. Die Au\u00dfeneinheit besteht aus zwei mit einem Schlauch verbundenen Teilen, die hinter der Sto\u00dfstange des Fahrzeugs installiert werden. Alle Einheiten sind durch Schl\u00e4uche verbunden und verf\u00fcgen \u00fcber automatische Anschl\u00fcsse. Das K\u00e4ltemittelgas ist bereits in der Klimaanlage eingef\u00fcllt [&hellip;]\" \/>\n<meta property=\"og:url\" content=\"https:\/\/shop.bantam.ch\/de\/produkt\/klimaanlage-ultra-comfort-6000\/\" \/>\n<meta property=\"og:site_name\" content=\"Bantam Camping AG\" \/>\n<meta property=\"article:modified_time\" content=\"2026-04-18T21:44:26+00:00\" \/>\n<meta name=\"twitter:card\" content=\"summary_large_image\" \/>\n<meta name=\"twitter:label1\" content=\"Gesch\u00e4tzte Lesezeit\" \/>\n\t<meta name=\"twitter:data1\" content=\"1\u00a0Minute\" \/>\n<script type=\"application\/ld+json\" class=\"yoast-schema-graph\">{\"@context\":\"https:\\\/\\\/schema.org\",\"@graph\":[{\"@type\":\"WebPage\",\"@id\":\"https:\\\/\\\/shop.bantam.ch\\\/de\\\/produkt\\\/klimaanlage-ultra-comfort-6000\\\/\",\"url\":\"https:\\\/\\\/shop.bantam.ch\\\/de\\\/produkt\\\/klimaanlage-ultra-comfort-6000\\\/\",\"name\":\"Klimaanlage Ultra Comfort 6000 - Bantam Camping AG\",\"isPartOf\":{\"@id\":\"https:\\\/\\\/shop.bantam.ch\\\/de\\\/#website\"},\"primaryImageOfPage\":{\"@id\":\"https:\\\/\\\/shop.bantam.ch\\\/de\\\/produkt\\\/klimaanlage-ultra-comfort-6000\\\/#primaryimage\"},\"image\":{\"@id\":\"https:\\\/\\\/shop.bantam.ch\\\/de\\\/produkt\\\/klimaanlage-ultra-comfort-6000\\\/#primaryimage\"},\"thumbnailUrl\":\"https:\\\/\\\/shop.bantam.ch\\\/wp-content\\\/uploads\\\/2025\\\/12\\\/Movera-L-9962644100.jpg\",\"datePublished\":\"2025-12-17T14:11:01+00:00\",\"dateModified\":\"2026-04-18T21:44:26+00:00\",\"breadcrumb\":{\"@id\":\"https:\\\/\\\/shop.bantam.ch\\\/de\\\/produkt\\\/klimaanlage-ultra-comfort-6000\\\/#breadcrumb\"},\"inLanguage\":\"de\",\"potentialAction\":[{\"@type\":\"ReadAction\",\"target\":[\"https:\\\/\\\/shop.bantam.ch\\\/de\\\/produkt\\\/klimaanlage-ultra-comfort-6000\\\/\"]}]},{\"@type\":\"ImageObject\",\"inLanguage\":\"de\",\"@id\":\"https:\\\/\\\/shop.bantam.ch\\\/de\\\/produkt\\\/klimaanlage-ultra-comfort-6000\\\/#primaryimage\",\"url\":\"https:\\\/\\\/shop.bantam.ch\\\/wp-content\\\/uploads\\\/2025\\\/12\\\/Movera-L-9962644100.jpg\",\"contentUrl\":\"https:\\\/\\\/shop.bantam.ch\\\/wp-content\\\/uploads\\\/2025\\\/12\\\/Movera-L-9962644100.jpg\",\"width\":640,\"height\":542},{\"@type\":\"BreadcrumbList\",\"@id\":\"https:\\\/\\\/shop.bantam.ch\\\/de\\\/produkt\\\/klimaanlage-ultra-comfort-6000\\\/#breadcrumb\",\"itemListElement\":[{\"@type\":\"ListItem\",\"position\":1,\"name\":\"Accueil\",\"item\":\"https:\\\/\\\/shop.bantam.ch\\\/de\\\/\"},{\"@type\":\"ListItem\",\"position\":2,\"name\":\"Shop\",\"item\":\"https:\\\/\\\/shop.bantam.ch\\\/de\\\/shop\\\/\"},{\"@type\":\"ListItem\",\"position\":3,\"name\":\"Klimaanlage Ultra Comfort 6000\"}]},{\"@type\":\"WebSite\",\"@id\":\"https:\\\/\\\/shop.bantam.ch\\\/de\\\/#website\",\"url\":\"https:\\\/\\\/shop.bantam.ch\\\/de\\\/\",\"name\":\"Bantam Camping AG\",\"description\":\"\",\"publisher\":{\"@id\":\"https:\\\/\\\/shop.bantam.ch\\\/de\\\/#organization\"},\"inLanguage\":\"de\"},{\"@type\":\"Organization\",\"@id\":\"https:\\\/\\\/shop.bantam.ch\\\/de\\\/#organization\",\"name\":\"Bantam Camping AG\",\"url\":\"https:\\\/\\\/shop.bantam.ch\\\/de\\\/\",\"logo\":{\"@type\":\"ImageObject\",\"inLanguage\":\"de\",\"@id\":\"https:\\\/\\\/shop.bantam.ch\\\/de\\\/#\\\/schema\\\/logo\\\/image\\\/\",\"url\":\"https:\\\/\\\/shop.bantam.ch\\\/wp-content\\\/uploads\\\/2022\\\/12\\\/bantam-logo.png\",\"contentUrl\":\"https:\\\/\\\/shop.bantam.ch\\\/wp-content\\\/uploads\\\/2022\\\/12\\\/bantam-logo.png\",\"width\":320,\"height\":71,\"caption\":\"Bantam Camping AG\"},\"image\":{\"@id\":\"https:\\\/\\\/shop.bantam.ch\\\/de\\\/#\\\/schema\\\/logo\\\/image\\\/\"}}]}<\/script>\n<!-- \/ Yoast SEO plugin. -->","yoast_head_json":{"title":"Klimaanlage Ultra Comfort 6000 - Bantam Camping AG","robots":{"index":"index","follow":"follow","max-snippet":"max-snippet:-1","max-image-preview":"max-image-preview:large","max-video-preview":"max-video-preview:-1"},"canonical":"https:\/\/shop.bantam.ch\/de\/produkt\/klimaanlage-ultra-comfort-6000\/","og_locale":"de_DE","og_type":"article","og_title":"Klimaanlage Ultra Comfort 6000 - Bantam Camping AG","og_description":"Die ULTRA COMFORT 6000 Klimaanlage besteht aus zwei Einheiten: Die Inneneinheit wird in das Armaturenbrett im Fahrzeuginneren eingesetzt. Die Au\u00dfeneinheit besteht aus zwei mit einem Schlauch verbundenen Teilen, die hinter der Sto\u00dfstange des Fahrzeugs installiert werden. Alle Einheiten sind durch Schl\u00e4uche verbunden und verf\u00fcgen \u00fcber automatische Anschl\u00fcsse. Das K\u00e4ltemittelgas ist bereits in der Klimaanlage eingef\u00fcllt [&hellip;]","og_url":"https:\/\/shop.bantam.ch\/de\/produkt\/klimaanlage-ultra-comfort-6000\/","og_site_name":"Bantam Camping AG","article_modified_time":"2026-04-18T21:44:26+00:00","twitter_card":"summary_large_image","twitter_misc":{"Gesch\u00e4tzte Lesezeit":"1\u00a0Minute"},"schema":{"@context":"https:\/\/schema.org","@graph":[{"@type":"WebPage","@id":"https:\/\/shop.bantam.ch\/de\/produkt\/klimaanlage-ultra-comfort-6000\/","url":"https:\/\/shop.bantam.ch\/de\/produkt\/klimaanlage-ultra-comfort-6000\/","name":"Klimaanlage Ultra Comfort 6000 - Bantam Camping AG","isPartOf":{"@id":"https:\/\/shop.bantam.ch\/de\/#website"},"primaryImageOfPage":{"@id":"https:\/\/shop.bantam.ch\/de\/produkt\/klimaanlage-ultra-comfort-6000\/#primaryimage"},"image":{"@id":"https:\/\/shop.bantam.ch\/de\/produkt\/klimaanlage-ultra-comfort-6000\/#primaryimage"},"thumbnailUrl":"https:\/\/shop.bantam.ch\/wp-content\/uploads\/2025\/12\/Movera-L-9962644100.jpg","datePublished":"2025-12-17T14:11:01+00:00","dateModified":"2026-04-18T21:44:26+00:00","breadcrumb":{"@id":"https:\/\/shop.bantam.ch\/de\/produkt\/klimaanlage-ultra-comfort-6000\/#breadcrumb"},"inLanguage":"de","potentialAction":[{"@type":"ReadAction","target":["https:\/\/shop.bantam.ch\/de\/produkt\/klimaanlage-ultra-comfort-6000\/"]}]},{"@type":"ImageObject","inLanguage":"de","@id":"https:\/\/shop.bantam.ch\/de\/produkt\/klimaanlage-ultra-comfort-6000\/#primaryimage","url":"https:\/\/shop.bantam.ch\/wp-content\/uploads\/2025\/12\/Movera-L-9962644100.jpg","contentUrl":"https:\/\/shop.bantam.ch\/wp-content\/uploads\/2025\/12\/Movera-L-9962644100.jpg","width":640,"height":542},{"@type":"BreadcrumbList","@id":"https:\/\/shop.bantam.ch\/de\/produkt\/klimaanlage-ultra-comfort-6000\/#breadcrumb","itemListElement":[{"@type":"ListItem","position":1,"name":"Accueil","item":"https:\/\/shop.bantam.ch\/de\/"},{"@type":"ListItem","position":2,"name":"Shop","item":"https:\/\/shop.bantam.ch\/de\/shop\/"},{"@type":"ListItem","position":3,"name":"Klimaanlage Ultra Comfort 6000"}]},{"@type":"WebSite","@id":"https:\/\/shop.bantam.ch\/de\/#website","url":"https:\/\/shop.bantam.ch\/de\/","name":"Bantam Camping AG","description":"","publisher":{"@id":"https:\/\/shop.bantam.ch\/de\/#organization"},"inLanguage":"de"},{"@type":"Organization","@id":"https:\/\/shop.bantam.ch\/de\/#organization","name":"Bantam Camping AG","url":"https:\/\/shop.bantam.ch\/de\/","logo":{"@type":"ImageObject","inLanguage":"de","@id":"https:\/\/shop.bantam.ch\/de\/#\/schema\/logo\/image\/","url":"https:\/\/shop.bantam.ch\/wp-content\/uploads\/2022\/12\/bantam-logo.png","contentUrl":"https:\/\/shop.bantam.ch\/wp-content\/uploads\/2022\/12\/bantam-logo.png","width":320,"height":71,"caption":"Bantam Camping AG"},"image":{"@id":"https:\/\/shop.bantam.ch\/de\/#\/schema\/logo\/image\/"}}]}},"_links":{"self":[{"href":"https:\/\/shop.bantam.ch\/de\/wp-json\/wp\/v2\/product\/225251","targetHints":{"allow":["GET"]}}],"collection":[{"href":"https:\/\/shop.bantam.ch\/de\/wp-json\/wp\/v2\/product"}],"about":[{"href":"https:\/\/shop.bantam.ch\/de\/wp-json\/wp\/v2\/types\/product"}],"wp:featuredmedia":[{"embeddable":true,"href":"https:\/\/shop.bantam.ch\/de\/wp-json\/wp\/v2\/media\/225243"}],"wp:attachment":[{"href":"https:\/\/shop.bantam.ch\/de\/wp-json\/wp\/v2\/media?parent=225251"}],"wp:term":[{"taxonomy":"product_featured_cat","embeddable":true,"href":"https:\/\/shop.bantam.ch\/de\/wp-json\/wp\/v2\/product_featured_cat?post=225251"},{"taxonomy":"product_brand","embeddable":true,"href":"https:\/\/shop.bantam.ch\/de\/wp-json\/wp\/v2\/product_brand?post=225251"},{"taxonomy":"product_cat","embeddable":true,"href":"https:\/\/shop.bantam.ch\/de\/wp-json\/wp\/v2\/product_cat?post=225251"},{"taxonomy":"product_tag","embeddable":true,"href":"https:\/\/shop.bantam.ch\/de\/wp-json\/wp\/v2\/product_tag?post=225251"}],"curies":[{"name":"wp","href":"https:\/\/api.w.org\/{rel}","templated":true}]}}