{"id":225189,"date":"2025-12-17T15:09:31","date_gmt":"2025-12-17T14:09:31","guid":{"rendered":"https:\/\/shop.bantam.ch\/produit\/klimaanlage-ausseneinheit-fjx7-3000\/"},"modified":"2026-05-06T02:09:02","modified_gmt":"2026-05-06T00:09:02","slug":"klimaanlage-ausseneinheit-fjx7-3000","status":"publish","type":"product","link":"https:\/\/shop.bantam.ch\/de\/produkt\/klimaanlage-ausseneinheit-fjx7-3000\/","title":{"rendered":"Klimaanlage Au\u00dfeneinheit FJX7 3000"},"content":{"rendered":"<p>Diese 3.000-Watt-Dachklimaanlage ist eine der coolsten, die DOMETIC je gebaut hat. Die elegante, wei\u00dfe Dacheinheit mit der exklusiven LED-Lichtkurve f\u00e4llt sofort ins Auge. Ausgestattet mit der neuesten drehzahlgeregelten Inverter-, Kompressor- und W\u00e4rmepumpentechnik, k\u00fchlt sie Ihr Fahrzeug schneller, leiser und effizienter als jede andere Wohnmobil-Klimaanlage auf dem Markt. Und bei Bedarf verf\u00fcgt sie au\u00dferdem \u00fcber eine Heizfunktion.<\/p>\n<p>WILLKOMMEN IN DER PREMIUM-KLASSE!<br \/>\nDiese Wohnmobil-Klimaanlage geh\u00f6rt zu den coolsten, die wir je gebaut haben. Die elegante, wei\u00dfe Dacheinheit mit der exklusiven LED-Lichtkurve f\u00e4llt auf der Stra\u00dfe und dem Campingplatz sofort ins Auge. Mit satten 3.000 Watt K\u00fchlleistung k\u00fchlt die Dometic FreshJet FJX7 3000 Ihren Wohnwagen oder Ihren Campingbus in Rekordzeit \u2013 schneller, leiser und effizienter als jede andere Wohnmobil-Klimaanlage auf dem Markt. Und bei Bedarf liefert sie au\u00dferdem 2.500 Watt Heizleistung. Das integrierte CleanAir System sorgt im Inneren Ihres Fahrzeugs stets f\u00fcr frische und saubere Luft. Intelligente<br \/>\nVerbindungsoptionen bieten Ihnen verschiedene praktische Steuerungsm\u00f6glichkeiten: per Fernbedienung, Smartphone App, Wandthermostat oder intuitiver Touch-Oberfl\u00e4che an der Luftverteilerbox.<\/p>\n<ul>\n<li>Aerodynamisch geformte Dacheinheit mit auff\u00e4lliger LED-Lichtkurve<\/li>\n<li>Mithilfe der Wechselrichtertechnik wird Ihr Wohnmobil, Wohnwagen oder Campingbus in Rekordzeit heruntergek\u00fchlt.<\/li>\n<li>Dank der variabel einstellbaren Kompressordrehzahl ist die FJX7 besonders leise und h\u00e4lt dennoch die gew\u00fcnschte Temperatur verl\u00e4sslich ein<\/li>\n<li>Geringerer Stromverbrauch dank moderner Kompressor- und W\u00e4rmepumpentechnik mit variabel einstellbarer Geschwindigkeit<\/li>\n<li>Reduziert wirksam Bakterien und Ger\u00fcche, damit Ihr Wohnmobil frisch und sauber riecht.<\/li>\n<\/ul>\n","protected":false},"excerpt":{"rendered":"<p>Diese 3.000-Watt-Dachklimaanlage ist eine der coolsten, die DOMETIC je gebaut hat. Die elegante, wei\u00dfe Dacheinheit mit der exklusiven LED-Lichtkurve f\u00e4llt sofort ins Auge. Ausgestattet mit der neuesten drehzahlgeregelten Inverter-, Kompressor- und W\u00e4rmepumpentechnik, k\u00fchlt sie Ihr Fahrzeug schneller, leiser und effizienter als jede andere Wohnmobil-Klimaanlage auf dem Markt. Und bei Bedarf verf\u00fcgt sie au\u00dferdem \u00fcber eine [&hellip;]<\/p>\n","protected":false},"featured_media":225185,"template":"","meta":{"_acf_changed":false},"product_featured_cat":[],"product_brand":[],"product_cat":[4090],"product_tag":[],"class_list":{"0":"post-225189","1":"product","2":"type-product","3":"status-publish","4":"has-post-thumbnail","6":"product_cat-klimaanlagen","8":"first","9":"instock","10":"taxable","11":"shipping-taxable","12":"purchasable","13":"product-type-variable"},"acf":[],"yoast_head":"<!-- This site is optimized with the Yoast SEO plugin v27.5 - https:\/\/yoast.com\/product\/yoast-seo-wordpress\/ -->\n<title>Klimaanlage Au\u00dfeneinheit FJX7 3000 - Bantam<\/title>\n<meta name=\"robots\" content=\"index, follow, max-snippet:-1, max-image-preview:large, max-video-preview:-1\" \/>\n<link rel=\"canonical\" href=\"https:\/\/shop.bantam.ch\/de\/produkt\/klimaanlage-ausseneinheit-fjx7-3000\/\" \/>\n<meta property=\"og:locale\" content=\"de_DE\" \/>\n<meta property=\"og:type\" content=\"article\" \/>\n<meta property=\"og:title\" content=\"Klimaanlage Au\u00dfeneinheit FJX7 3000 - Bantam\" \/>\n<meta property=\"og:description\" content=\"Diese 3.000-Watt-Dachklimaanlage ist eine der coolsten, die DOMETIC je gebaut hat. Die elegante, wei\u00dfe Dacheinheit mit der exklusiven LED-Lichtkurve f\u00e4llt sofort ins Auge. Ausgestattet mit der neuesten drehzahlgeregelten Inverter-, Kompressor- und W\u00e4rmepumpentechnik, k\u00fchlt sie Ihr Fahrzeug schneller, leiser und effizienter als jede andere Wohnmobil-Klimaanlage auf dem Markt. Und bei Bedarf verf\u00fcgt sie au\u00dferdem \u00fcber eine [&hellip;]\" \/>\n<meta property=\"og:url\" content=\"https:\/\/shop.bantam.ch\/de\/produkt\/klimaanlage-ausseneinheit-fjx7-3000\/\" \/>\n<meta property=\"og:site_name\" content=\"Bantam\" \/>\n<meta property=\"article:modified_time\" content=\"2026-05-06T00:09:02+00:00\" \/>\n<meta name=\"twitter:card\" content=\"summary_large_image\" \/>\n<meta name=\"twitter:label1\" content=\"Gesch\u00e4tzte Lesezeit\" \/>\n\t<meta name=\"twitter:data1\" content=\"1\u00a0Minute\" \/>\n<script type=\"application\/ld+json\" class=\"yoast-schema-graph\">{\"@context\":\"https:\\\/\\\/schema.org\",\"@graph\":[{\"@type\":\"WebPage\",\"@id\":\"https:\\\/\\\/shop.bantam.ch\\\/de\\\/produkt\\\/klimaanlage-ausseneinheit-fjx7-3000\\\/\",\"url\":\"https:\\\/\\\/shop.bantam.ch\\\/de\\\/produkt\\\/klimaanlage-ausseneinheit-fjx7-3000\\\/\",\"name\":\"Klimaanlage Au\u00dfeneinheit FJX7 3000 - Bantam\",\"isPartOf\":{\"@id\":\"https:\\\/\\\/shop.bantam.ch\\\/de\\\/#website\"},\"primaryImageOfPage\":{\"@id\":\"https:\\\/\\\/shop.bantam.ch\\\/de\\\/produkt\\\/klimaanlage-ausseneinheit-fjx7-3000\\\/#primaryimage\"},\"image\":{\"@id\":\"https:\\\/\\\/shop.bantam.ch\\\/de\\\/produkt\\\/klimaanlage-ausseneinheit-fjx7-3000\\\/#primaryimage\"},\"thumbnailUrl\":\"https:\\\/\\\/shop.bantam.ch\\\/wp-content\\\/uploads\\\/2025\\\/12\\\/Movera-L-9963252100.jpg\",\"datePublished\":\"2025-12-17T14:09:31+00:00\",\"dateModified\":\"2026-05-06T00:09:02+00:00\",\"breadcrumb\":{\"@id\":\"https:\\\/\\\/shop.bantam.ch\\\/de\\\/produkt\\\/klimaanlage-ausseneinheit-fjx7-3000\\\/#breadcrumb\"},\"inLanguage\":\"de\",\"potentialAction\":[{\"@type\":\"ReadAction\",\"target\":[\"https:\\\/\\\/shop.bantam.ch\\\/de\\\/produkt\\\/klimaanlage-ausseneinheit-fjx7-3000\\\/\"]}]},{\"@type\":\"ImageObject\",\"inLanguage\":\"de\",\"@id\":\"https:\\\/\\\/shop.bantam.ch\\\/de\\\/produkt\\\/klimaanlage-ausseneinheit-fjx7-3000\\\/#primaryimage\",\"url\":\"https:\\\/\\\/shop.bantam.ch\\\/wp-content\\\/uploads\\\/2025\\\/12\\\/Movera-L-9963252100.jpg\",\"contentUrl\":\"https:\\\/\\\/shop.bantam.ch\\\/wp-content\\\/uploads\\\/2025\\\/12\\\/Movera-L-9963252100.jpg\",\"width\":640,\"height\":640},{\"@type\":\"BreadcrumbList\",\"@id\":\"https:\\\/\\\/shop.bantam.ch\\\/de\\\/produkt\\\/klimaanlage-ausseneinheit-fjx7-3000\\\/#breadcrumb\",\"itemListElement\":[{\"@type\":\"ListItem\",\"position\":1,\"name\":\"Accueil\",\"item\":\"https:\\\/\\\/shop.bantam.ch\\\/de\\\/\"},{\"@type\":\"ListItem\",\"position\":2,\"name\":\"Shop\",\"item\":\"https:\\\/\\\/shop.bantam.ch\\\/de\\\/shop\\\/\"},{\"@type\":\"ListItem\",\"position\":3,\"name\":\"Klimaanlage Au\u00dfeneinheit FJX7 3000\"}]},{\"@type\":\"WebSite\",\"@id\":\"https:\\\/\\\/shop.bantam.ch\\\/de\\\/#website\",\"url\":\"https:\\\/\\\/shop.bantam.ch\\\/de\\\/\",\"name\":\"Bantam\",\"description\":\"\",\"publisher\":{\"@id\":\"https:\\\/\\\/shop.bantam.ch\\\/de\\\/#organization\"},\"inLanguage\":\"de\"},{\"@type\":\"Organization\",\"@id\":\"https:\\\/\\\/shop.bantam.ch\\\/de\\\/#organization\",\"name\":\"Bantam\",\"url\":\"https:\\\/\\\/shop.bantam.ch\\\/de\\\/\",\"logo\":{\"@type\":\"ImageObject\",\"inLanguage\":\"de\",\"@id\":\"https:\\\/\\\/shop.bantam.ch\\\/de\\\/#\\\/schema\\\/logo\\\/image\\\/\",\"url\":\"https:\\\/\\\/shop.bantam.ch\\\/wp-content\\\/uploads\\\/2022\\\/12\\\/bantam-logo.png\",\"contentUrl\":\"https:\\\/\\\/shop.bantam.ch\\\/wp-content\\\/uploads\\\/2022\\\/12\\\/bantam-logo.png\",\"width\":320,\"height\":71,\"caption\":\"Bantam\"},\"image\":{\"@id\":\"https:\\\/\\\/shop.bantam.ch\\\/de\\\/#\\\/schema\\\/logo\\\/image\\\/\"}}]}<\/script>\n<!-- \/ Yoast SEO plugin. -->","yoast_head_json":{"title":"Klimaanlage Au\u00dfeneinheit FJX7 3000 - Bantam","robots":{"index":"index","follow":"follow","max-snippet":"max-snippet:-1","max-image-preview":"max-image-preview:large","max-video-preview":"max-video-preview:-1"},"canonical":"https:\/\/shop.bantam.ch\/de\/produkt\/klimaanlage-ausseneinheit-fjx7-3000\/","og_locale":"de_DE","og_type":"article","og_title":"Klimaanlage Au\u00dfeneinheit FJX7 3000 - Bantam","og_description":"Diese 3.000-Watt-Dachklimaanlage ist eine der coolsten, die DOMETIC je gebaut hat. Die elegante, wei\u00dfe Dacheinheit mit der exklusiven LED-Lichtkurve f\u00e4llt sofort ins Auge. Ausgestattet mit der neuesten drehzahlgeregelten Inverter-, Kompressor- und W\u00e4rmepumpentechnik, k\u00fchlt sie Ihr Fahrzeug schneller, leiser und effizienter als jede andere Wohnmobil-Klimaanlage auf dem Markt. Und bei Bedarf verf\u00fcgt sie au\u00dferdem \u00fcber eine [&hellip;]","og_url":"https:\/\/shop.bantam.ch\/de\/produkt\/klimaanlage-ausseneinheit-fjx7-3000\/","og_site_name":"Bantam","article_modified_time":"2026-05-06T00:09:02+00:00","twitter_card":"summary_large_image","twitter_misc":{"Gesch\u00e4tzte Lesezeit":"1\u00a0Minute"},"schema":{"@context":"https:\/\/schema.org","@graph":[{"@type":"WebPage","@id":"https:\/\/shop.bantam.ch\/de\/produkt\/klimaanlage-ausseneinheit-fjx7-3000\/","url":"https:\/\/shop.bantam.ch\/de\/produkt\/klimaanlage-ausseneinheit-fjx7-3000\/","name":"Klimaanlage Au\u00dfeneinheit FJX7 3000 - Bantam","isPartOf":{"@id":"https:\/\/shop.bantam.ch\/de\/#website"},"primaryImageOfPage":{"@id":"https:\/\/shop.bantam.ch\/de\/produkt\/klimaanlage-ausseneinheit-fjx7-3000\/#primaryimage"},"image":{"@id":"https:\/\/shop.bantam.ch\/de\/produkt\/klimaanlage-ausseneinheit-fjx7-3000\/#primaryimage"},"thumbnailUrl":"https:\/\/shop.bantam.ch\/wp-content\/uploads\/2025\/12\/Movera-L-9963252100.jpg","datePublished":"2025-12-17T14:09:31+00:00","dateModified":"2026-05-06T00:09:02+00:00","breadcrumb":{"@id":"https:\/\/shop.bantam.ch\/de\/produkt\/klimaanlage-ausseneinheit-fjx7-3000\/#breadcrumb"},"inLanguage":"de","potentialAction":[{"@type":"ReadAction","target":["https:\/\/shop.bantam.ch\/de\/produkt\/klimaanlage-ausseneinheit-fjx7-3000\/"]}]},{"@type":"ImageObject","inLanguage":"de","@id":"https:\/\/shop.bantam.ch\/de\/produkt\/klimaanlage-ausseneinheit-fjx7-3000\/#primaryimage","url":"https:\/\/shop.bantam.ch\/wp-content\/uploads\/2025\/12\/Movera-L-9963252100.jpg","contentUrl":"https:\/\/shop.bantam.ch\/wp-content\/uploads\/2025\/12\/Movera-L-9963252100.jpg","width":640,"height":640},{"@type":"BreadcrumbList","@id":"https:\/\/shop.bantam.ch\/de\/produkt\/klimaanlage-ausseneinheit-fjx7-3000\/#breadcrumb","itemListElement":[{"@type":"ListItem","position":1,"name":"Accueil","item":"https:\/\/shop.bantam.ch\/de\/"},{"@type":"ListItem","position":2,"name":"Shop","item":"https:\/\/shop.bantam.ch\/de\/shop\/"},{"@type":"ListItem","position":3,"name":"Klimaanlage Au\u00dfeneinheit FJX7 3000"}]},{"@type":"WebSite","@id":"https:\/\/shop.bantam.ch\/de\/#website","url":"https:\/\/shop.bantam.ch\/de\/","name":"Bantam","description":"","publisher":{"@id":"https:\/\/shop.bantam.ch\/de\/#organization"},"inLanguage":"de"},{"@type":"Organization","@id":"https:\/\/shop.bantam.ch\/de\/#organization","name":"Bantam","url":"https:\/\/shop.bantam.ch\/de\/","logo":{"@type":"ImageObject","inLanguage":"de","@id":"https:\/\/shop.bantam.ch\/de\/#\/schema\/logo\/image\/","url":"https:\/\/shop.bantam.ch\/wp-content\/uploads\/2022\/12\/bantam-logo.png","contentUrl":"https:\/\/shop.bantam.ch\/wp-content\/uploads\/2022\/12\/bantam-logo.png","width":320,"height":71,"caption":"Bantam"},"image":{"@id":"https:\/\/shop.bantam.ch\/de\/#\/schema\/logo\/image\/"}}]}},"_links":{"self":[{"href":"https:\/\/shop.bantam.ch\/de\/wp-json\/wp\/v2\/product\/225189","targetHints":{"allow":["GET"]}}],"collection":[{"href":"https:\/\/shop.bantam.ch\/de\/wp-json\/wp\/v2\/product"}],"about":[{"href":"https:\/\/shop.bantam.ch\/de\/wp-json\/wp\/v2\/types\/product"}],"wp:featuredmedia":[{"embeddable":true,"href":"https:\/\/shop.bantam.ch\/de\/wp-json\/wp\/v2\/media\/225185"}],"wp:attachment":[{"href":"https:\/\/shop.bantam.ch\/de\/wp-json\/wp\/v2\/media?parent=225189"}],"wp:term":[{"taxonomy":"product_featured_cat","embeddable":true,"href":"https:\/\/shop.bantam.ch\/de\/wp-json\/wp\/v2\/product_featured_cat?post=225189"},{"taxonomy":"product_brand","embeddable":true,"href":"https:\/\/shop.bantam.ch\/de\/wp-json\/wp\/v2\/product_brand?post=225189"},{"taxonomy":"product_cat","embeddable":true,"href":"https:\/\/shop.bantam.ch\/de\/wp-json\/wp\/v2\/product_cat?post=225189"},{"taxonomy":"product_tag","embeddable":true,"href":"https:\/\/shop.bantam.ch\/de\/wp-json\/wp\/v2\/product_tag?post=225189"}],"curies":[{"name":"wp","href":"https:\/\/api.w.org\/{rel}","templated":true}]}}