{"id":225171,"date":"2025-12-17T15:09:04","date_gmt":"2025-12-17T14:09:04","guid":{"rendered":"https:\/\/shop.bantam.ch\/produit\/stuhl-cr-ap-740-tc-56-grau\/"},"modified":"2026-04-18T23:44:12","modified_gmt":"2026-04-18T21:44:12","slug":"stuhl-cr-ap-740-tc-56-grau","status":"publish","type":"product","link":"https:\/\/shop.bantam.ch\/de\/produkt\/stuhl-cr-ap-740-tc-56-grau\/","title":{"rendered":"Stuhl CR AP\/740-TC-56, grau"},"content":{"rendered":"<p>Ein sehr luxuri\u00f6ser, bequemer und stabiler verstellbarer Klappstuhl. Besonders komfortabel dank der luxuri\u00f6sen Tex-Comfort Polsterung. Der wasserresistente Stoff ist sehr pflegeleicht und besonders resistent gegen Sonnenverf\u00e4rbungen. Au\u00dferdem ist der Bezug abnehmbar und daher einfach zu waschen. Maximaler Komfort dank der 7-fach verstellbaren R\u00fcckenlehne und der stufenlos verstellbaren Kopfst\u00fctze. Sowohl die R\u00fcckenlehne als auch der Sitz und die Armlehnen sind ergonomisch geformt. Sein Design und die Fu\u00dfkappen machen den Klappstuhl besonders standfest. Zudem verf\u00fcgt dieser luxuri\u00f6se Klappstuhl \u00fcber eine Sicherheitsverriegelung f\u00fcr einen au\u00dfergew\u00f6hnlich sicheren und stabilen Stand. Sehr kompakt und einfach zu transportieren. Dieser Stuhl passt perfekt in die mitgelieferte Tragetasche. Hervorragende Qualit\u00e4t. Mit T\u00dcV-G\u00fctesiegel.<\/p>\n<p>Material:<\/p>\n<p>Bezug: 100 % Polyester<\/p>\n<p>Gestell: Aluminium<\/p>\n<p>&nbsp;<\/p>\n","protected":false},"excerpt":{"rendered":"<p>Ein sehr luxuri\u00f6ser, bequemer und stabiler verstellbarer Klappstuhl. Besonders komfortabel dank der luxuri\u00f6sen Tex-Comfort Polsterung. Der wasserresistente Stoff ist sehr pflegeleicht und besonders resistent gegen Sonnenverf\u00e4rbungen. Au\u00dferdem ist der Bezug abnehmbar und daher einfach zu waschen. Maximaler Komfort dank der 7-fach verstellbaren R\u00fcckenlehne und der stufenlos verstellbaren Kopfst\u00fctze. Sowohl die R\u00fcckenlehne als auch der Sitz [&hellip;]<\/p>\n","protected":false},"featured_media":225161,"template":"","meta":{"_acf_changed":false},"product_featured_cat":[],"product_brand":[],"product_cat":[4972],"product_tag":[],"class_list":{"0":"post-225171","1":"product","2":"type-product","3":"status-publish","4":"has-post-thumbnail","6":"product_cat-campingstuehle","8":"first","9":"instock","10":"taxable","11":"shipping-taxable","12":"purchasable","13":"product-type-simple"},"acf":[],"yoast_head":"<!-- This site is optimized with the Yoast SEO plugin v27.4 - https:\/\/yoast.com\/product\/yoast-seo-wordpress\/ -->\n<title>Stuhl CR AP\/740-TC-56, grau - Bantam Camping AG<\/title>\n<meta name=\"robots\" content=\"index, follow, max-snippet:-1, max-image-preview:large, max-video-preview:-1\" \/>\n<link rel=\"canonical\" href=\"https:\/\/shop.bantam.ch\/de\/produkt\/stuhl-cr-ap-740-tc-56-grau\/\" \/>\n<meta property=\"og:locale\" content=\"de_DE\" \/>\n<meta property=\"og:type\" content=\"article\" \/>\n<meta property=\"og:title\" content=\"Stuhl CR AP\/740-TC-56, grau - Bantam Camping AG\" \/>\n<meta property=\"og:description\" content=\"Ein sehr luxuri\u00f6ser, bequemer und stabiler verstellbarer Klappstuhl. Besonders komfortabel dank der luxuri\u00f6sen Tex-Comfort Polsterung. Der wasserresistente Stoff ist sehr pflegeleicht und besonders resistent gegen Sonnenverf\u00e4rbungen. Au\u00dferdem ist der Bezug abnehmbar und daher einfach zu waschen. Maximaler Komfort dank der 7-fach verstellbaren R\u00fcckenlehne und der stufenlos verstellbaren Kopfst\u00fctze. Sowohl die R\u00fcckenlehne als auch der Sitz [&hellip;]\" \/>\n<meta property=\"og:url\" content=\"https:\/\/shop.bantam.ch\/de\/produkt\/stuhl-cr-ap-740-tc-56-grau\/\" \/>\n<meta property=\"og:site_name\" content=\"Bantam Camping AG\" \/>\n<meta property=\"article:modified_time\" content=\"2026-04-18T21:44:12+00:00\" \/>\n<meta name=\"twitter:card\" content=\"summary_large_image\" \/>\n<meta name=\"twitter:label1\" content=\"Gesch\u00e4tzte Lesezeit\" \/>\n\t<meta name=\"twitter:data1\" content=\"1\u00a0Minute\" \/>\n<script type=\"application\/ld+json\" class=\"yoast-schema-graph\">{\"@context\":\"https:\\\/\\\/schema.org\",\"@graph\":[{\"@type\":\"WebPage\",\"@id\":\"https:\\\/\\\/shop.bantam.ch\\\/de\\\/produkt\\\/stuhl-cr-ap-740-tc-56-grau\\\/\",\"url\":\"https:\\\/\\\/shop.bantam.ch\\\/de\\\/produkt\\\/stuhl-cr-ap-740-tc-56-grau\\\/\",\"name\":\"Stuhl CR AP\\\/740-TC-56, grau - Bantam Camping AG\",\"isPartOf\":{\"@id\":\"https:\\\/\\\/shop.bantam.ch\\\/de\\\/#website\"},\"primaryImageOfPage\":{\"@id\":\"https:\\\/\\\/shop.bantam.ch\\\/de\\\/produkt\\\/stuhl-cr-ap-740-tc-56-grau\\\/#primaryimage\"},\"image\":{\"@id\":\"https:\\\/\\\/shop.bantam.ch\\\/de\\\/produkt\\\/stuhl-cr-ap-740-tc-56-grau\\\/#primaryimage\"},\"thumbnailUrl\":\"https:\\\/\\\/shop.bantam.ch\\\/wp-content\\\/uploads\\\/2025\\\/12\\\/Movera-L-9962419100.jpg\",\"datePublished\":\"2025-12-17T14:09:04+00:00\",\"dateModified\":\"2026-04-18T21:44:12+00:00\",\"breadcrumb\":{\"@id\":\"https:\\\/\\\/shop.bantam.ch\\\/de\\\/produkt\\\/stuhl-cr-ap-740-tc-56-grau\\\/#breadcrumb\"},\"inLanguage\":\"de\",\"potentialAction\":[{\"@type\":\"ReadAction\",\"target\":[\"https:\\\/\\\/shop.bantam.ch\\\/de\\\/produkt\\\/stuhl-cr-ap-740-tc-56-grau\\\/\"]}]},{\"@type\":\"ImageObject\",\"inLanguage\":\"de\",\"@id\":\"https:\\\/\\\/shop.bantam.ch\\\/de\\\/produkt\\\/stuhl-cr-ap-740-tc-56-grau\\\/#primaryimage\",\"url\":\"https:\\\/\\\/shop.bantam.ch\\\/wp-content\\\/uploads\\\/2025\\\/12\\\/Movera-L-9962419100.jpg\",\"contentUrl\":\"https:\\\/\\\/shop.bantam.ch\\\/wp-content\\\/uploads\\\/2025\\\/12\\\/Movera-L-9962419100.jpg\",\"width\":640,\"height\":807},{\"@type\":\"BreadcrumbList\",\"@id\":\"https:\\\/\\\/shop.bantam.ch\\\/de\\\/produkt\\\/stuhl-cr-ap-740-tc-56-grau\\\/#breadcrumb\",\"itemListElement\":[{\"@type\":\"ListItem\",\"position\":1,\"name\":\"Accueil\",\"item\":\"https:\\\/\\\/shop.bantam.ch\\\/de\\\/\"},{\"@type\":\"ListItem\",\"position\":2,\"name\":\"Shop\",\"item\":\"https:\\\/\\\/shop.bantam.ch\\\/de\\\/shop\\\/\"},{\"@type\":\"ListItem\",\"position\":3,\"name\":\"Stuhl CR AP\\\/740-TC-56, grau\"}]},{\"@type\":\"WebSite\",\"@id\":\"https:\\\/\\\/shop.bantam.ch\\\/de\\\/#website\",\"url\":\"https:\\\/\\\/shop.bantam.ch\\\/de\\\/\",\"name\":\"Bantam Camping AG\",\"description\":\"\",\"publisher\":{\"@id\":\"https:\\\/\\\/shop.bantam.ch\\\/de\\\/#organization\"},\"inLanguage\":\"de\"},{\"@type\":\"Organization\",\"@id\":\"https:\\\/\\\/shop.bantam.ch\\\/de\\\/#organization\",\"name\":\"Bantam Camping AG\",\"url\":\"https:\\\/\\\/shop.bantam.ch\\\/de\\\/\",\"logo\":{\"@type\":\"ImageObject\",\"inLanguage\":\"de\",\"@id\":\"https:\\\/\\\/shop.bantam.ch\\\/de\\\/#\\\/schema\\\/logo\\\/image\\\/\",\"url\":\"https:\\\/\\\/shop.bantam.ch\\\/wp-content\\\/uploads\\\/2022\\\/12\\\/bantam-logo.png\",\"contentUrl\":\"https:\\\/\\\/shop.bantam.ch\\\/wp-content\\\/uploads\\\/2022\\\/12\\\/bantam-logo.png\",\"width\":320,\"height\":71,\"caption\":\"Bantam Camping AG\"},\"image\":{\"@id\":\"https:\\\/\\\/shop.bantam.ch\\\/de\\\/#\\\/schema\\\/logo\\\/image\\\/\"}}]}<\/script>\n<!-- \/ Yoast SEO plugin. -->","yoast_head_json":{"title":"Stuhl CR AP\/740-TC-56, grau - Bantam Camping AG","robots":{"index":"index","follow":"follow","max-snippet":"max-snippet:-1","max-image-preview":"max-image-preview:large","max-video-preview":"max-video-preview:-1"},"canonical":"https:\/\/shop.bantam.ch\/de\/produkt\/stuhl-cr-ap-740-tc-56-grau\/","og_locale":"de_DE","og_type":"article","og_title":"Stuhl CR AP\/740-TC-56, grau - Bantam Camping AG","og_description":"Ein sehr luxuri\u00f6ser, bequemer und stabiler verstellbarer Klappstuhl. Besonders komfortabel dank der luxuri\u00f6sen Tex-Comfort Polsterung. Der wasserresistente Stoff ist sehr pflegeleicht und besonders resistent gegen Sonnenverf\u00e4rbungen. Au\u00dferdem ist der Bezug abnehmbar und daher einfach zu waschen. Maximaler Komfort dank der 7-fach verstellbaren R\u00fcckenlehne und der stufenlos verstellbaren Kopfst\u00fctze. Sowohl die R\u00fcckenlehne als auch der Sitz [&hellip;]","og_url":"https:\/\/shop.bantam.ch\/de\/produkt\/stuhl-cr-ap-740-tc-56-grau\/","og_site_name":"Bantam Camping AG","article_modified_time":"2026-04-18T21:44:12+00:00","twitter_card":"summary_large_image","twitter_misc":{"Gesch\u00e4tzte Lesezeit":"1\u00a0Minute"},"schema":{"@context":"https:\/\/schema.org","@graph":[{"@type":"WebPage","@id":"https:\/\/shop.bantam.ch\/de\/produkt\/stuhl-cr-ap-740-tc-56-grau\/","url":"https:\/\/shop.bantam.ch\/de\/produkt\/stuhl-cr-ap-740-tc-56-grau\/","name":"Stuhl CR AP\/740-TC-56, grau - Bantam Camping AG","isPartOf":{"@id":"https:\/\/shop.bantam.ch\/de\/#website"},"primaryImageOfPage":{"@id":"https:\/\/shop.bantam.ch\/de\/produkt\/stuhl-cr-ap-740-tc-56-grau\/#primaryimage"},"image":{"@id":"https:\/\/shop.bantam.ch\/de\/produkt\/stuhl-cr-ap-740-tc-56-grau\/#primaryimage"},"thumbnailUrl":"https:\/\/shop.bantam.ch\/wp-content\/uploads\/2025\/12\/Movera-L-9962419100.jpg","datePublished":"2025-12-17T14:09:04+00:00","dateModified":"2026-04-18T21:44:12+00:00","breadcrumb":{"@id":"https:\/\/shop.bantam.ch\/de\/produkt\/stuhl-cr-ap-740-tc-56-grau\/#breadcrumb"},"inLanguage":"de","potentialAction":[{"@type":"ReadAction","target":["https:\/\/shop.bantam.ch\/de\/produkt\/stuhl-cr-ap-740-tc-56-grau\/"]}]},{"@type":"ImageObject","inLanguage":"de","@id":"https:\/\/shop.bantam.ch\/de\/produkt\/stuhl-cr-ap-740-tc-56-grau\/#primaryimage","url":"https:\/\/shop.bantam.ch\/wp-content\/uploads\/2025\/12\/Movera-L-9962419100.jpg","contentUrl":"https:\/\/shop.bantam.ch\/wp-content\/uploads\/2025\/12\/Movera-L-9962419100.jpg","width":640,"height":807},{"@type":"BreadcrumbList","@id":"https:\/\/shop.bantam.ch\/de\/produkt\/stuhl-cr-ap-740-tc-56-grau\/#breadcrumb","itemListElement":[{"@type":"ListItem","position":1,"name":"Accueil","item":"https:\/\/shop.bantam.ch\/de\/"},{"@type":"ListItem","position":2,"name":"Shop","item":"https:\/\/shop.bantam.ch\/de\/shop\/"},{"@type":"ListItem","position":3,"name":"Stuhl CR AP\/740-TC-56, grau"}]},{"@type":"WebSite","@id":"https:\/\/shop.bantam.ch\/de\/#website","url":"https:\/\/shop.bantam.ch\/de\/","name":"Bantam Camping AG","description":"","publisher":{"@id":"https:\/\/shop.bantam.ch\/de\/#organization"},"inLanguage":"de"},{"@type":"Organization","@id":"https:\/\/shop.bantam.ch\/de\/#organization","name":"Bantam Camping AG","url":"https:\/\/shop.bantam.ch\/de\/","logo":{"@type":"ImageObject","inLanguage":"de","@id":"https:\/\/shop.bantam.ch\/de\/#\/schema\/logo\/image\/","url":"https:\/\/shop.bantam.ch\/wp-content\/uploads\/2022\/12\/bantam-logo.png","contentUrl":"https:\/\/shop.bantam.ch\/wp-content\/uploads\/2022\/12\/bantam-logo.png","width":320,"height":71,"caption":"Bantam Camping AG"},"image":{"@id":"https:\/\/shop.bantam.ch\/de\/#\/schema\/logo\/image\/"}}]}},"_links":{"self":[{"href":"https:\/\/shop.bantam.ch\/de\/wp-json\/wp\/v2\/product\/225171","targetHints":{"allow":["GET"]}}],"collection":[{"href":"https:\/\/shop.bantam.ch\/de\/wp-json\/wp\/v2\/product"}],"about":[{"href":"https:\/\/shop.bantam.ch\/de\/wp-json\/wp\/v2\/types\/product"}],"wp:featuredmedia":[{"embeddable":true,"href":"https:\/\/shop.bantam.ch\/de\/wp-json\/wp\/v2\/media\/225161"}],"wp:attachment":[{"href":"https:\/\/shop.bantam.ch\/de\/wp-json\/wp\/v2\/media?parent=225171"}],"wp:term":[{"taxonomy":"product_featured_cat","embeddable":true,"href":"https:\/\/shop.bantam.ch\/de\/wp-json\/wp\/v2\/product_featured_cat?post=225171"},{"taxonomy":"product_brand","embeddable":true,"href":"https:\/\/shop.bantam.ch\/de\/wp-json\/wp\/v2\/product_brand?post=225171"},{"taxonomy":"product_cat","embeddable":true,"href":"https:\/\/shop.bantam.ch\/de\/wp-json\/wp\/v2\/product_cat?post=225171"},{"taxonomy":"product_tag","embeddable":true,"href":"https:\/\/shop.bantam.ch\/de\/wp-json\/wp\/v2\/product_tag?post=225171"}],"curies":[{"name":"wp","href":"https:\/\/api.w.org\/{rel}","templated":true}]}}