{"id":225053,"date":"2025-12-17T15:06:02","date_gmt":"2025-12-17T14:06:02","guid":{"rendered":"https:\/\/shop.bantam.ch\/produit\/ausseneinheit-fjx4-1700\/"},"modified":"2026-05-06T02:08:15","modified_gmt":"2026-05-06T00:08:15","slug":"ausseneinheit-fjx4-1700","status":"publish","type":"product","link":"https:\/\/shop.bantam.ch\/de\/produkt\/ausseneinheit-fjx4-1700\/","title":{"rendered":"Au\u00dfeneinheit FJX4 1700"},"content":{"rendered":"<p>Modernes Design, h\u00f6chste Leistung: Diese neuartige Dachklimaanlage mit 1.700 W Leistung k\u00fchlt Ihr Wohnmobil, Ihren Wohnwagen oder Ihren Campingbus in Rekordzeit herunter \u2013 mit minimalem Energieverbrauch und geringem Ger\u00e4uschpegel. Das integrierte CleanAir System sorgt daf\u00fcr, dass Ihr Fahrzeug frisch und sauber riecht. Genie\u00dfen Sie nach einem erlebnisreichen Tag eine erholsame Nacht und starten Sie energiegeladen in den neuen Tag.<\/p>\n","protected":false},"excerpt":{"rendered":"<p>Modernes Design, h\u00f6chste Leistung: Diese neuartige Dachklimaanlage mit 1.700 W Leistung k\u00fchlt Ihr Wohnmobil, Ihren Wohnwagen oder Ihren Campingbus in Rekordzeit herunter \u2013 mit minimalem Energieverbrauch und geringem Ger\u00e4uschpegel. Das integrierte CleanAir System sorgt daf\u00fcr, dass Ihr Fahrzeug frisch und sauber riecht. Genie\u00dfen Sie nach einem erlebnisreichen Tag eine erholsame Nacht und starten Sie energiegeladen [&hellip;]<\/p>\n","protected":false},"featured_media":225049,"template":"","meta":{"_acf_changed":false},"product_featured_cat":[],"product_brand":[],"product_cat":[4090],"product_tag":[],"class_list":{"0":"post-225053","1":"product","2":"type-product","3":"status-publish","4":"has-post-thumbnail","6":"product_cat-klimaanlagen","8":"first","9":"instock","10":"taxable","11":"shipping-taxable","12":"purchasable","13":"product-type-variable"},"acf":[],"yoast_head":"<!-- This site is optimized with the Yoast SEO plugin v27.5 - https:\/\/yoast.com\/product\/yoast-seo-wordpress\/ -->\n<title>Au\u00dfeneinheit FJX4 1700 - Bantam<\/title>\n<meta name=\"robots\" content=\"index, follow, max-snippet:-1, max-image-preview:large, max-video-preview:-1\" \/>\n<link rel=\"canonical\" href=\"https:\/\/shop.bantam.ch\/de\/produkt\/ausseneinheit-fjx4-1700\/\" \/>\n<meta property=\"og:locale\" content=\"de_DE\" \/>\n<meta property=\"og:type\" content=\"article\" \/>\n<meta property=\"og:title\" content=\"Au\u00dfeneinheit FJX4 1700 - Bantam\" \/>\n<meta property=\"og:description\" content=\"Modernes Design, h\u00f6chste Leistung: Diese neuartige Dachklimaanlage mit 1.700 W Leistung k\u00fchlt Ihr Wohnmobil, Ihren Wohnwagen oder Ihren Campingbus in Rekordzeit herunter \u2013 mit minimalem Energieverbrauch und geringem Ger\u00e4uschpegel. Das integrierte CleanAir System sorgt daf\u00fcr, dass Ihr Fahrzeug frisch und sauber riecht. Genie\u00dfen Sie nach einem erlebnisreichen Tag eine erholsame Nacht und starten Sie energiegeladen [&hellip;]\" \/>\n<meta property=\"og:url\" content=\"https:\/\/shop.bantam.ch\/de\/produkt\/ausseneinheit-fjx4-1700\/\" \/>\n<meta property=\"og:site_name\" content=\"Bantam\" \/>\n<meta property=\"article:modified_time\" content=\"2026-05-06T00:08:15+00:00\" \/>\n<meta name=\"twitter:card\" content=\"summary_large_image\" \/>\n<script type=\"application\/ld+json\" class=\"yoast-schema-graph\">{\"@context\":\"https:\\\/\\\/schema.org\",\"@graph\":[{\"@type\":\"WebPage\",\"@id\":\"https:\\\/\\\/shop.bantam.ch\\\/de\\\/produkt\\\/ausseneinheit-fjx4-1700\\\/\",\"url\":\"https:\\\/\\\/shop.bantam.ch\\\/de\\\/produkt\\\/ausseneinheit-fjx4-1700\\\/\",\"name\":\"Au\u00dfeneinheit FJX4 1700 - Bantam\",\"isPartOf\":{\"@id\":\"https:\\\/\\\/shop.bantam.ch\\\/de\\\/#website\"},\"primaryImageOfPage\":{\"@id\":\"https:\\\/\\\/shop.bantam.ch\\\/de\\\/produkt\\\/ausseneinheit-fjx4-1700\\\/#primaryimage\"},\"image\":{\"@id\":\"https:\\\/\\\/shop.bantam.ch\\\/de\\\/produkt\\\/ausseneinheit-fjx4-1700\\\/#primaryimage\"},\"thumbnailUrl\":\"https:\\\/\\\/shop.bantam.ch\\\/wp-content\\\/uploads\\\/2025\\\/12\\\/Movera-L-0028130100.jpg\",\"datePublished\":\"2025-12-17T14:06:02+00:00\",\"dateModified\":\"2026-05-06T00:08:15+00:00\",\"breadcrumb\":{\"@id\":\"https:\\\/\\\/shop.bantam.ch\\\/de\\\/produkt\\\/ausseneinheit-fjx4-1700\\\/#breadcrumb\"},\"inLanguage\":\"de\",\"potentialAction\":[{\"@type\":\"ReadAction\",\"target\":[\"https:\\\/\\\/shop.bantam.ch\\\/de\\\/produkt\\\/ausseneinheit-fjx4-1700\\\/\"]}]},{\"@type\":\"ImageObject\",\"inLanguage\":\"de\",\"@id\":\"https:\\\/\\\/shop.bantam.ch\\\/de\\\/produkt\\\/ausseneinheit-fjx4-1700\\\/#primaryimage\",\"url\":\"https:\\\/\\\/shop.bantam.ch\\\/wp-content\\\/uploads\\\/2025\\\/12\\\/Movera-L-0028130100.jpg\",\"contentUrl\":\"https:\\\/\\\/shop.bantam.ch\\\/wp-content\\\/uploads\\\/2025\\\/12\\\/Movera-L-0028130100.jpg\",\"width\":640,\"height\":185},{\"@type\":\"BreadcrumbList\",\"@id\":\"https:\\\/\\\/shop.bantam.ch\\\/de\\\/produkt\\\/ausseneinheit-fjx4-1700\\\/#breadcrumb\",\"itemListElement\":[{\"@type\":\"ListItem\",\"position\":1,\"name\":\"Accueil\",\"item\":\"https:\\\/\\\/shop.bantam.ch\\\/de\\\/\"},{\"@type\":\"ListItem\",\"position\":2,\"name\":\"Shop\",\"item\":\"https:\\\/\\\/shop.bantam.ch\\\/de\\\/shop\\\/\"},{\"@type\":\"ListItem\",\"position\":3,\"name\":\"Au\u00dfeneinheit FJX4 1700\"}]},{\"@type\":\"WebSite\",\"@id\":\"https:\\\/\\\/shop.bantam.ch\\\/de\\\/#website\",\"url\":\"https:\\\/\\\/shop.bantam.ch\\\/de\\\/\",\"name\":\"Bantam\",\"description\":\"\",\"publisher\":{\"@id\":\"https:\\\/\\\/shop.bantam.ch\\\/de\\\/#organization\"},\"inLanguage\":\"de\"},{\"@type\":\"Organization\",\"@id\":\"https:\\\/\\\/shop.bantam.ch\\\/de\\\/#organization\",\"name\":\"Bantam\",\"url\":\"https:\\\/\\\/shop.bantam.ch\\\/de\\\/\",\"logo\":{\"@type\":\"ImageObject\",\"inLanguage\":\"de\",\"@id\":\"https:\\\/\\\/shop.bantam.ch\\\/de\\\/#\\\/schema\\\/logo\\\/image\\\/\",\"url\":\"https:\\\/\\\/shop.bantam.ch\\\/wp-content\\\/uploads\\\/2022\\\/12\\\/bantam-logo.png\",\"contentUrl\":\"https:\\\/\\\/shop.bantam.ch\\\/wp-content\\\/uploads\\\/2022\\\/12\\\/bantam-logo.png\",\"width\":320,\"height\":71,\"caption\":\"Bantam\"},\"image\":{\"@id\":\"https:\\\/\\\/shop.bantam.ch\\\/de\\\/#\\\/schema\\\/logo\\\/image\\\/\"}}]}<\/script>\n<!-- \/ Yoast SEO plugin. -->","yoast_head_json":{"title":"Au\u00dfeneinheit FJX4 1700 - Bantam","robots":{"index":"index","follow":"follow","max-snippet":"max-snippet:-1","max-image-preview":"max-image-preview:large","max-video-preview":"max-video-preview:-1"},"canonical":"https:\/\/shop.bantam.ch\/de\/produkt\/ausseneinheit-fjx4-1700\/","og_locale":"de_DE","og_type":"article","og_title":"Au\u00dfeneinheit FJX4 1700 - Bantam","og_description":"Modernes Design, h\u00f6chste Leistung: Diese neuartige Dachklimaanlage mit 1.700 W Leistung k\u00fchlt Ihr Wohnmobil, Ihren Wohnwagen oder Ihren Campingbus in Rekordzeit herunter \u2013 mit minimalem Energieverbrauch und geringem Ger\u00e4uschpegel. Das integrierte CleanAir System sorgt daf\u00fcr, dass Ihr Fahrzeug frisch und sauber riecht. Genie\u00dfen Sie nach einem erlebnisreichen Tag eine erholsame Nacht und starten Sie energiegeladen [&hellip;]","og_url":"https:\/\/shop.bantam.ch\/de\/produkt\/ausseneinheit-fjx4-1700\/","og_site_name":"Bantam","article_modified_time":"2026-05-06T00:08:15+00:00","twitter_card":"summary_large_image","schema":{"@context":"https:\/\/schema.org","@graph":[{"@type":"WebPage","@id":"https:\/\/shop.bantam.ch\/de\/produkt\/ausseneinheit-fjx4-1700\/","url":"https:\/\/shop.bantam.ch\/de\/produkt\/ausseneinheit-fjx4-1700\/","name":"Au\u00dfeneinheit FJX4 1700 - Bantam","isPartOf":{"@id":"https:\/\/shop.bantam.ch\/de\/#website"},"primaryImageOfPage":{"@id":"https:\/\/shop.bantam.ch\/de\/produkt\/ausseneinheit-fjx4-1700\/#primaryimage"},"image":{"@id":"https:\/\/shop.bantam.ch\/de\/produkt\/ausseneinheit-fjx4-1700\/#primaryimage"},"thumbnailUrl":"https:\/\/shop.bantam.ch\/wp-content\/uploads\/2025\/12\/Movera-L-0028130100.jpg","datePublished":"2025-12-17T14:06:02+00:00","dateModified":"2026-05-06T00:08:15+00:00","breadcrumb":{"@id":"https:\/\/shop.bantam.ch\/de\/produkt\/ausseneinheit-fjx4-1700\/#breadcrumb"},"inLanguage":"de","potentialAction":[{"@type":"ReadAction","target":["https:\/\/shop.bantam.ch\/de\/produkt\/ausseneinheit-fjx4-1700\/"]}]},{"@type":"ImageObject","inLanguage":"de","@id":"https:\/\/shop.bantam.ch\/de\/produkt\/ausseneinheit-fjx4-1700\/#primaryimage","url":"https:\/\/shop.bantam.ch\/wp-content\/uploads\/2025\/12\/Movera-L-0028130100.jpg","contentUrl":"https:\/\/shop.bantam.ch\/wp-content\/uploads\/2025\/12\/Movera-L-0028130100.jpg","width":640,"height":185},{"@type":"BreadcrumbList","@id":"https:\/\/shop.bantam.ch\/de\/produkt\/ausseneinheit-fjx4-1700\/#breadcrumb","itemListElement":[{"@type":"ListItem","position":1,"name":"Accueil","item":"https:\/\/shop.bantam.ch\/de\/"},{"@type":"ListItem","position":2,"name":"Shop","item":"https:\/\/shop.bantam.ch\/de\/shop\/"},{"@type":"ListItem","position":3,"name":"Au\u00dfeneinheit FJX4 1700"}]},{"@type":"WebSite","@id":"https:\/\/shop.bantam.ch\/de\/#website","url":"https:\/\/shop.bantam.ch\/de\/","name":"Bantam","description":"","publisher":{"@id":"https:\/\/shop.bantam.ch\/de\/#organization"},"inLanguage":"de"},{"@type":"Organization","@id":"https:\/\/shop.bantam.ch\/de\/#organization","name":"Bantam","url":"https:\/\/shop.bantam.ch\/de\/","logo":{"@type":"ImageObject","inLanguage":"de","@id":"https:\/\/shop.bantam.ch\/de\/#\/schema\/logo\/image\/","url":"https:\/\/shop.bantam.ch\/wp-content\/uploads\/2022\/12\/bantam-logo.png","contentUrl":"https:\/\/shop.bantam.ch\/wp-content\/uploads\/2022\/12\/bantam-logo.png","width":320,"height":71,"caption":"Bantam"},"image":{"@id":"https:\/\/shop.bantam.ch\/de\/#\/schema\/logo\/image\/"}}]}},"_links":{"self":[{"href":"https:\/\/shop.bantam.ch\/de\/wp-json\/wp\/v2\/product\/225053","targetHints":{"allow":["GET"]}}],"collection":[{"href":"https:\/\/shop.bantam.ch\/de\/wp-json\/wp\/v2\/product"}],"about":[{"href":"https:\/\/shop.bantam.ch\/de\/wp-json\/wp\/v2\/types\/product"}],"wp:featuredmedia":[{"embeddable":true,"href":"https:\/\/shop.bantam.ch\/de\/wp-json\/wp\/v2\/media\/225049"}],"wp:attachment":[{"href":"https:\/\/shop.bantam.ch\/de\/wp-json\/wp\/v2\/media?parent=225053"}],"wp:term":[{"taxonomy":"product_featured_cat","embeddable":true,"href":"https:\/\/shop.bantam.ch\/de\/wp-json\/wp\/v2\/product_featured_cat?post=225053"},{"taxonomy":"product_brand","embeddable":true,"href":"https:\/\/shop.bantam.ch\/de\/wp-json\/wp\/v2\/product_brand?post=225053"},{"taxonomy":"product_cat","embeddable":true,"href":"https:\/\/shop.bantam.ch\/de\/wp-json\/wp\/v2\/product_cat?post=225053"},{"taxonomy":"product_tag","embeddable":true,"href":"https:\/\/shop.bantam.ch\/de\/wp-json\/wp\/v2\/product_tag?post=225053"}],"curies":[{"name":"wp","href":"https:\/\/api.w.org\/{rel}","templated":true}]}}