{"id":225047,"date":"2025-12-17T15:05:53","date_gmt":"2025-12-17T14:05:53","guid":{"rendered":"https:\/\/shop.bantam.ch\/produit\/insektenschutz-ballistol-stichfrei-kids-tube-125-ml\/"},"modified":"2026-04-19T23:47:32","modified_gmt":"2026-04-19T21:47:32","slug":"insektenschutz-ballistol-stichfrei-kids-tube-125-ml","status":"publish","type":"product","link":"https:\/\/shop.bantam.ch\/de\/produkt\/insektenschutz-ballistol-stichfrei-kids-tube-125-ml\/","title":{"rendered":"Insektenschutz BALLISTOL Stichfrei Kids Tube, 125 ml"},"content":{"rendered":"<p>Zuverl\u00e4ssiger Schutz vor M\u00fccken und Zecken<\/p>\n<p>Anwendung \/ Praxistipps:<br \/>\nBei gleichzeitiger Anwendung von Sonnenschutz oder anderen kosmetischen Mitteln Stichfrei Kids erst 20 Minuten verz\u00f6gert auftragen. Nicht mit anderen Insektenschutzmitteln kombinieren.<\/p>\n<p>Anwendungsbeschreibung beachten. Kinderh\u00e4nde, Augen, Schleimh\u00e4ute, gereizte Haut und Wunden aussparen.<\/p>\n<ul>\n<li>Wirkt bis zu 8 Stunden<\/li>\n<li>F\u00fcr Kleinkinder ab 2 Monaten, Schwangere und bei empfindlicher Haut<\/li>\n<li>Enth\u00e4lt sehr vertr\u00e4gliches M\u00fcckenrepellent (IR3535)<\/li>\n<li>Dermatologisch mit \u201eSehr Gut\u201c getestet (Quelle: www.ballistol.de)<\/li>\n<li>Hautpflegend und feuchtigkeitsspendend<\/li>\n<li>Lotion mit angenehmem Pfirsich-Duft<\/li>\n<\/ul>\n","protected":false},"excerpt":{"rendered":"<p>Zuverl\u00e4ssiger Schutz vor M\u00fccken und Zecken Anwendung \/ Praxistipps: Bei gleichzeitiger Anwendung von Sonnenschutz oder anderen kosmetischen Mitteln Stichfrei Kids erst 20 Minuten verz\u00f6gert auftragen. Nicht mit anderen Insektenschutzmitteln kombinieren. Anwendungsbeschreibung beachten. Kinderh\u00e4nde, Augen, Schleimh\u00e4ute, gereizte Haut und Wunden aussparen. Wirkt bis zu 8 Stunden F\u00fcr Kleinkinder ab 2 Monaten, Schwangere und bei empfindlicher Haut [&hellip;]<\/p>\n","protected":false},"featured_media":225045,"template":"","meta":{"_acf_changed":false},"product_featured_cat":[],"product_brand":[],"product_cat":[4028],"product_tag":[],"class_list":{"0":"post-225047","1":"product","2":"type-product","3":"status-publish","4":"has-post-thumbnail","6":"product_cat-insektenschutz","8":"first","9":"instock","10":"taxable","11":"shipping-taxable","12":"purchasable","13":"product-type-simple"},"acf":[],"yoast_head":"<!-- This site is optimized with the Yoast SEO plugin v27.4 - https:\/\/yoast.com\/product\/yoast-seo-wordpress\/ -->\n<title>Insektenschutz BALLISTOL Stichfrei Kids Tube, 125 ml - Bantam Camping AG<\/title>\n<meta name=\"robots\" content=\"index, follow, max-snippet:-1, max-image-preview:large, max-video-preview:-1\" \/>\n<link rel=\"canonical\" href=\"https:\/\/shop.bantam.ch\/de\/produkt\/insektenschutz-ballistol-stichfrei-kids-tube-125-ml\/\" \/>\n<meta property=\"og:locale\" content=\"de_DE\" \/>\n<meta property=\"og:type\" content=\"article\" \/>\n<meta property=\"og:title\" content=\"Insektenschutz BALLISTOL Stichfrei Kids Tube, 125 ml - Bantam Camping AG\" \/>\n<meta property=\"og:description\" content=\"Zuverl\u00e4ssiger Schutz vor M\u00fccken und Zecken Anwendung \/ Praxistipps: Bei gleichzeitiger Anwendung von Sonnenschutz oder anderen kosmetischen Mitteln Stichfrei Kids erst 20 Minuten verz\u00f6gert auftragen. Nicht mit anderen Insektenschutzmitteln kombinieren. Anwendungsbeschreibung beachten. Kinderh\u00e4nde, Augen, Schleimh\u00e4ute, gereizte Haut und Wunden aussparen. Wirkt bis zu 8 Stunden F\u00fcr Kleinkinder ab 2 Monaten, Schwangere und bei empfindlicher Haut [&hellip;]\" \/>\n<meta property=\"og:url\" content=\"https:\/\/shop.bantam.ch\/de\/produkt\/insektenschutz-ballistol-stichfrei-kids-tube-125-ml\/\" \/>\n<meta property=\"og:site_name\" content=\"Bantam Camping AG\" \/>\n<meta property=\"article:modified_time\" content=\"2026-04-19T21:47:32+00:00\" \/>\n<meta name=\"twitter:card\" content=\"summary_large_image\" \/>\n<script type=\"application\/ld+json\" class=\"yoast-schema-graph\">{\"@context\":\"https:\\\/\\\/schema.org\",\"@graph\":[{\"@type\":\"WebPage\",\"@id\":\"https:\\\/\\\/shop.bantam.ch\\\/de\\\/produkt\\\/insektenschutz-ballistol-stichfrei-kids-tube-125-ml\\\/\",\"url\":\"https:\\\/\\\/shop.bantam.ch\\\/de\\\/produkt\\\/insektenschutz-ballistol-stichfrei-kids-tube-125-ml\\\/\",\"name\":\"Insektenschutz BALLISTOL Stichfrei Kids Tube, 125 ml - Bantam Camping AG\",\"isPartOf\":{\"@id\":\"https:\\\/\\\/shop.bantam.ch\\\/de\\\/#website\"},\"primaryImageOfPage\":{\"@id\":\"https:\\\/\\\/shop.bantam.ch\\\/de\\\/produkt\\\/insektenschutz-ballistol-stichfrei-kids-tube-125-ml\\\/#primaryimage\"},\"image\":{\"@id\":\"https:\\\/\\\/shop.bantam.ch\\\/de\\\/produkt\\\/insektenschutz-ballistol-stichfrei-kids-tube-125-ml\\\/#primaryimage\"},\"thumbnailUrl\":\"https:\\\/\\\/shop.bantam.ch\\\/wp-content\\\/uploads\\\/2025\\\/12\\\/Movera-L-9961753100.jpg\",\"datePublished\":\"2025-12-17T14:05:53+00:00\",\"dateModified\":\"2026-04-19T21:47:32+00:00\",\"breadcrumb\":{\"@id\":\"https:\\\/\\\/shop.bantam.ch\\\/de\\\/produkt\\\/insektenschutz-ballistol-stichfrei-kids-tube-125-ml\\\/#breadcrumb\"},\"inLanguage\":\"de\",\"potentialAction\":[{\"@type\":\"ReadAction\",\"target\":[\"https:\\\/\\\/shop.bantam.ch\\\/de\\\/produkt\\\/insektenschutz-ballistol-stichfrei-kids-tube-125-ml\\\/\"]}]},{\"@type\":\"ImageObject\",\"inLanguage\":\"de\",\"@id\":\"https:\\\/\\\/shop.bantam.ch\\\/de\\\/produkt\\\/insektenschutz-ballistol-stichfrei-kids-tube-125-ml\\\/#primaryimage\",\"url\":\"https:\\\/\\\/shop.bantam.ch\\\/wp-content\\\/uploads\\\/2025\\\/12\\\/Movera-L-9961753100.jpg\",\"contentUrl\":\"https:\\\/\\\/shop.bantam.ch\\\/wp-content\\\/uploads\\\/2025\\\/12\\\/Movera-L-9961753100.jpg\",\"width\":640,\"height\":960},{\"@type\":\"BreadcrumbList\",\"@id\":\"https:\\\/\\\/shop.bantam.ch\\\/de\\\/produkt\\\/insektenschutz-ballistol-stichfrei-kids-tube-125-ml\\\/#breadcrumb\",\"itemListElement\":[{\"@type\":\"ListItem\",\"position\":1,\"name\":\"Accueil\",\"item\":\"https:\\\/\\\/shop.bantam.ch\\\/de\\\/\"},{\"@type\":\"ListItem\",\"position\":2,\"name\":\"Shop\",\"item\":\"https:\\\/\\\/shop.bantam.ch\\\/de\\\/shop\\\/\"},{\"@type\":\"ListItem\",\"position\":3,\"name\":\"Insektenschutz BALLISTOL Stichfrei Kids Tube, 125 ml\"}]},{\"@type\":\"WebSite\",\"@id\":\"https:\\\/\\\/shop.bantam.ch\\\/de\\\/#website\",\"url\":\"https:\\\/\\\/shop.bantam.ch\\\/de\\\/\",\"name\":\"Bantam Camping AG\",\"description\":\"\",\"publisher\":{\"@id\":\"https:\\\/\\\/shop.bantam.ch\\\/de\\\/#organization\"},\"inLanguage\":\"de\"},{\"@type\":\"Organization\",\"@id\":\"https:\\\/\\\/shop.bantam.ch\\\/de\\\/#organization\",\"name\":\"Bantam Camping AG\",\"url\":\"https:\\\/\\\/shop.bantam.ch\\\/de\\\/\",\"logo\":{\"@type\":\"ImageObject\",\"inLanguage\":\"de\",\"@id\":\"https:\\\/\\\/shop.bantam.ch\\\/de\\\/#\\\/schema\\\/logo\\\/image\\\/\",\"url\":\"https:\\\/\\\/shop.bantam.ch\\\/wp-content\\\/uploads\\\/2022\\\/12\\\/bantam-logo.png\",\"contentUrl\":\"https:\\\/\\\/shop.bantam.ch\\\/wp-content\\\/uploads\\\/2022\\\/12\\\/bantam-logo.png\",\"width\":320,\"height\":71,\"caption\":\"Bantam Camping AG\"},\"image\":{\"@id\":\"https:\\\/\\\/shop.bantam.ch\\\/de\\\/#\\\/schema\\\/logo\\\/image\\\/\"}}]}<\/script>\n<!-- \/ Yoast SEO plugin. -->","yoast_head_json":{"title":"Insektenschutz BALLISTOL Stichfrei Kids Tube, 125 ml - Bantam Camping AG","robots":{"index":"index","follow":"follow","max-snippet":"max-snippet:-1","max-image-preview":"max-image-preview:large","max-video-preview":"max-video-preview:-1"},"canonical":"https:\/\/shop.bantam.ch\/de\/produkt\/insektenschutz-ballistol-stichfrei-kids-tube-125-ml\/","og_locale":"de_DE","og_type":"article","og_title":"Insektenschutz BALLISTOL Stichfrei Kids Tube, 125 ml - Bantam Camping AG","og_description":"Zuverl\u00e4ssiger Schutz vor M\u00fccken und Zecken Anwendung \/ Praxistipps: Bei gleichzeitiger Anwendung von Sonnenschutz oder anderen kosmetischen Mitteln Stichfrei Kids erst 20 Minuten verz\u00f6gert auftragen. Nicht mit anderen Insektenschutzmitteln kombinieren. Anwendungsbeschreibung beachten. Kinderh\u00e4nde, Augen, Schleimh\u00e4ute, gereizte Haut und Wunden aussparen. Wirkt bis zu 8 Stunden F\u00fcr Kleinkinder ab 2 Monaten, Schwangere und bei empfindlicher Haut [&hellip;]","og_url":"https:\/\/shop.bantam.ch\/de\/produkt\/insektenschutz-ballistol-stichfrei-kids-tube-125-ml\/","og_site_name":"Bantam Camping AG","article_modified_time":"2026-04-19T21:47:32+00:00","twitter_card":"summary_large_image","schema":{"@context":"https:\/\/schema.org","@graph":[{"@type":"WebPage","@id":"https:\/\/shop.bantam.ch\/de\/produkt\/insektenschutz-ballistol-stichfrei-kids-tube-125-ml\/","url":"https:\/\/shop.bantam.ch\/de\/produkt\/insektenschutz-ballistol-stichfrei-kids-tube-125-ml\/","name":"Insektenschutz BALLISTOL Stichfrei Kids Tube, 125 ml - Bantam Camping AG","isPartOf":{"@id":"https:\/\/shop.bantam.ch\/de\/#website"},"primaryImageOfPage":{"@id":"https:\/\/shop.bantam.ch\/de\/produkt\/insektenschutz-ballistol-stichfrei-kids-tube-125-ml\/#primaryimage"},"image":{"@id":"https:\/\/shop.bantam.ch\/de\/produkt\/insektenschutz-ballistol-stichfrei-kids-tube-125-ml\/#primaryimage"},"thumbnailUrl":"https:\/\/shop.bantam.ch\/wp-content\/uploads\/2025\/12\/Movera-L-9961753100.jpg","datePublished":"2025-12-17T14:05:53+00:00","dateModified":"2026-04-19T21:47:32+00:00","breadcrumb":{"@id":"https:\/\/shop.bantam.ch\/de\/produkt\/insektenschutz-ballistol-stichfrei-kids-tube-125-ml\/#breadcrumb"},"inLanguage":"de","potentialAction":[{"@type":"ReadAction","target":["https:\/\/shop.bantam.ch\/de\/produkt\/insektenschutz-ballistol-stichfrei-kids-tube-125-ml\/"]}]},{"@type":"ImageObject","inLanguage":"de","@id":"https:\/\/shop.bantam.ch\/de\/produkt\/insektenschutz-ballistol-stichfrei-kids-tube-125-ml\/#primaryimage","url":"https:\/\/shop.bantam.ch\/wp-content\/uploads\/2025\/12\/Movera-L-9961753100.jpg","contentUrl":"https:\/\/shop.bantam.ch\/wp-content\/uploads\/2025\/12\/Movera-L-9961753100.jpg","width":640,"height":960},{"@type":"BreadcrumbList","@id":"https:\/\/shop.bantam.ch\/de\/produkt\/insektenschutz-ballistol-stichfrei-kids-tube-125-ml\/#breadcrumb","itemListElement":[{"@type":"ListItem","position":1,"name":"Accueil","item":"https:\/\/shop.bantam.ch\/de\/"},{"@type":"ListItem","position":2,"name":"Shop","item":"https:\/\/shop.bantam.ch\/de\/shop\/"},{"@type":"ListItem","position":3,"name":"Insektenschutz BALLISTOL Stichfrei Kids Tube, 125 ml"}]},{"@type":"WebSite","@id":"https:\/\/shop.bantam.ch\/de\/#website","url":"https:\/\/shop.bantam.ch\/de\/","name":"Bantam Camping AG","description":"","publisher":{"@id":"https:\/\/shop.bantam.ch\/de\/#organization"},"inLanguage":"de"},{"@type":"Organization","@id":"https:\/\/shop.bantam.ch\/de\/#organization","name":"Bantam Camping AG","url":"https:\/\/shop.bantam.ch\/de\/","logo":{"@type":"ImageObject","inLanguage":"de","@id":"https:\/\/shop.bantam.ch\/de\/#\/schema\/logo\/image\/","url":"https:\/\/shop.bantam.ch\/wp-content\/uploads\/2022\/12\/bantam-logo.png","contentUrl":"https:\/\/shop.bantam.ch\/wp-content\/uploads\/2022\/12\/bantam-logo.png","width":320,"height":71,"caption":"Bantam Camping AG"},"image":{"@id":"https:\/\/shop.bantam.ch\/de\/#\/schema\/logo\/image\/"}}]}},"_links":{"self":[{"href":"https:\/\/shop.bantam.ch\/de\/wp-json\/wp\/v2\/product\/225047","targetHints":{"allow":["GET"]}}],"collection":[{"href":"https:\/\/shop.bantam.ch\/de\/wp-json\/wp\/v2\/product"}],"about":[{"href":"https:\/\/shop.bantam.ch\/de\/wp-json\/wp\/v2\/types\/product"}],"wp:featuredmedia":[{"embeddable":true,"href":"https:\/\/shop.bantam.ch\/de\/wp-json\/wp\/v2\/media\/225045"}],"wp:attachment":[{"href":"https:\/\/shop.bantam.ch\/de\/wp-json\/wp\/v2\/media?parent=225047"}],"wp:term":[{"taxonomy":"product_featured_cat","embeddable":true,"href":"https:\/\/shop.bantam.ch\/de\/wp-json\/wp\/v2\/product_featured_cat?post=225047"},{"taxonomy":"product_brand","embeddable":true,"href":"https:\/\/shop.bantam.ch\/de\/wp-json\/wp\/v2\/product_brand?post=225047"},{"taxonomy":"product_cat","embeddable":true,"href":"https:\/\/shop.bantam.ch\/de\/wp-json\/wp\/v2\/product_cat?post=225047"},{"taxonomy":"product_tag","embeddable":true,"href":"https:\/\/shop.bantam.ch\/de\/wp-json\/wp\/v2\/product_tag?post=225047"}],"curies":[{"name":"wp","href":"https:\/\/api.w.org\/{rel}","templated":true}]}}