{"id":225043,"date":"2025-12-17T15:05:47","date_gmt":"2025-12-17T14:05:47","guid":{"rendered":"https:\/\/shop.bantam.ch\/produit\/insektenschutz-ballistol-stichfrei-sensitive-pump-spray-100-ml\/"},"modified":"2026-04-19T23:47:31","modified_gmt":"2026-04-19T21:47:31","slug":"insektenschutz-ballistol-stichfrei-sensitive-pump-spray-100-ml","status":"publish","type":"product","link":"https:\/\/shop.bantam.ch\/de\/produkt\/insektenschutz-ballistol-stichfrei-sensitive-pump-spray-100-ml\/","title":{"rendered":"Insektenschutz BALLISTOL Stichfrei Sensitive Pump-Spray, 100 ml"},"content":{"rendered":"<p>Schutz vor M\u00fccken, Bremsen und Zecken f\u00fcr Menschen mit allergischer und empfindlicher Haut und Allergiker<\/p>\n<ul>\n<li>Wirkdauer: bis zu 6 Stunden<\/li>\n<li>Wirkstoff: 9,8 % Icardin<\/li>\n<li>Spezielle Weiterentwicklung des Ballistol Stichfrei f\u00fcr sensible Haut<\/li>\n<li>Auch geeignet f\u00fcr Kontaktallergiker und Asthmatiker<\/li>\n<li>Getestet und empfohlen vom DAAB (Deutscher Allergie- und Asthmaverbund e.V.)<\/li>\n<li>Frei von \u00e4therischen \u00d6len, Duft-, Farb-, Aroma- und Koservierungsstoffen<\/li>\n<li>Sehr unauff\u00e4lliger Geruch<\/li>\n<li>Macht ein angenehm leichtes Gef\u00fchl auf der Haut<\/li>\n<\/ul>\n<p>Produktvorteile:<\/p>\n<ul>\n<li>an den nat\u00fcrlichen, leicht sauren pH-Wert der Haut angepasst<\/li>\n<li>frei von \u00e4therischen \u00d6len<\/li>\n<li>Hinterl\u00e4sst keine Flecken auf Textilien und klebt nicht<\/li>\n<li>Sch\u00fctzt bis zu 6 Stunden<\/li>\n<li>Wirkt effektiv gegen M\u00fccken, Bremsen und Zecken<\/li>\n<li>Hochwertige, leicht abbaubare Inhaltsstoffe<\/li>\n<li>Frei von tierischen \u00d6len<\/li>\n<li>Silikon-, PTFE- und s\u00e4urefrei<\/li>\n<\/ul>\n<p>Anwendung \/ Praxistipp:<br \/>Aus ca. 15 cm Abstand l\u00fcckenlos auf die Haut aufspr\u00fchen, auch unter d\u00fcnner Kleidung. Bei Nachlassen der Wirkung wiederholen. Ber\u00fchrung mit den Augen vermeiden.<\/p>\n","protected":false},"excerpt":{"rendered":"<p>Schutz vor M\u00fccken, Bremsen und Zecken f\u00fcr Menschen mit allergischer und empfindlicher Haut und Allergiker Wirkdauer: bis zu 6 Stunden Wirkstoff: 9,8 % Icardin Spezielle Weiterentwicklung des Ballistol Stichfrei f\u00fcr sensible Haut Auch geeignet f\u00fcr Kontaktallergiker und Asthmatiker Getestet und empfohlen vom DAAB (Deutscher Allergie- und Asthmaverbund e.V.) Frei von \u00e4therischen \u00d6len, Duft-, Farb-, Aroma- [&hellip;]<\/p>\n","protected":false},"featured_media":225041,"template":"","meta":{"_acf_changed":false},"product_featured_cat":[],"product_brand":[],"product_cat":[4028],"product_tag":[],"class_list":{"0":"post-225043","1":"product","2":"type-product","3":"status-publish","4":"has-post-thumbnail","6":"product_cat-insektenschutz","8":"first","9":"instock","10":"taxable","11":"shipping-taxable","12":"purchasable","13":"product-type-simple"},"acf":[],"yoast_head":"<!-- This site is optimized with the Yoast SEO plugin v27.4 - https:\/\/yoast.com\/product\/yoast-seo-wordpress\/ -->\n<title>Insektenschutz BALLISTOL Stichfrei Sensitive Pump-Spray, 100 ml - Bantam Camping AG<\/title>\n<meta name=\"robots\" content=\"index, follow, max-snippet:-1, max-image-preview:large, max-video-preview:-1\" \/>\n<link rel=\"canonical\" href=\"https:\/\/shop.bantam.ch\/de\/produkt\/insektenschutz-ballistol-stichfrei-sensitive-pump-spray-100-ml\/\" \/>\n<meta property=\"og:locale\" content=\"de_DE\" \/>\n<meta property=\"og:type\" content=\"article\" \/>\n<meta property=\"og:title\" content=\"Insektenschutz BALLISTOL Stichfrei Sensitive Pump-Spray, 100 ml - Bantam Camping AG\" \/>\n<meta property=\"og:description\" content=\"Schutz vor M\u00fccken, Bremsen und Zecken f\u00fcr Menschen mit allergischer und empfindlicher Haut und Allergiker Wirkdauer: bis zu 6 Stunden Wirkstoff: 9,8 % Icardin Spezielle Weiterentwicklung des Ballistol Stichfrei f\u00fcr sensible Haut Auch geeignet f\u00fcr Kontaktallergiker und Asthmatiker Getestet und empfohlen vom DAAB (Deutscher Allergie- und Asthmaverbund e.V.) Frei von \u00e4therischen \u00d6len, Duft-, Farb-, Aroma- [&hellip;]\" \/>\n<meta property=\"og:url\" content=\"https:\/\/shop.bantam.ch\/de\/produkt\/insektenschutz-ballistol-stichfrei-sensitive-pump-spray-100-ml\/\" \/>\n<meta property=\"og:site_name\" content=\"Bantam Camping AG\" \/>\n<meta property=\"article:modified_time\" content=\"2026-04-19T21:47:31+00:00\" \/>\n<meta name=\"twitter:card\" content=\"summary_large_image\" \/>\n<meta name=\"twitter:label1\" content=\"Gesch\u00e4tzte Lesezeit\" \/>\n\t<meta name=\"twitter:data1\" content=\"1\u00a0Minute\" \/>\n<script type=\"application\/ld+json\" class=\"yoast-schema-graph\">{\"@context\":\"https:\\\/\\\/schema.org\",\"@graph\":[{\"@type\":\"WebPage\",\"@id\":\"https:\\\/\\\/shop.bantam.ch\\\/de\\\/produkt\\\/insektenschutz-ballistol-stichfrei-sensitive-pump-spray-100-ml\\\/\",\"url\":\"https:\\\/\\\/shop.bantam.ch\\\/de\\\/produkt\\\/insektenschutz-ballistol-stichfrei-sensitive-pump-spray-100-ml\\\/\",\"name\":\"Insektenschutz BALLISTOL Stichfrei Sensitive Pump-Spray, 100 ml - Bantam Camping AG\",\"isPartOf\":{\"@id\":\"https:\\\/\\\/shop.bantam.ch\\\/de\\\/#website\"},\"primaryImageOfPage\":{\"@id\":\"https:\\\/\\\/shop.bantam.ch\\\/de\\\/produkt\\\/insektenschutz-ballistol-stichfrei-sensitive-pump-spray-100-ml\\\/#primaryimage\"},\"image\":{\"@id\":\"https:\\\/\\\/shop.bantam.ch\\\/de\\\/produkt\\\/insektenschutz-ballistol-stichfrei-sensitive-pump-spray-100-ml\\\/#primaryimage\"},\"thumbnailUrl\":\"https:\\\/\\\/shop.bantam.ch\\\/wp-content\\\/uploads\\\/2025\\\/12\\\/Movera-L-9961752100.jpg\",\"datePublished\":\"2025-12-17T14:05:47+00:00\",\"dateModified\":\"2026-04-19T21:47:31+00:00\",\"breadcrumb\":{\"@id\":\"https:\\\/\\\/shop.bantam.ch\\\/de\\\/produkt\\\/insektenschutz-ballistol-stichfrei-sensitive-pump-spray-100-ml\\\/#breadcrumb\"},\"inLanguage\":\"de\",\"potentialAction\":[{\"@type\":\"ReadAction\",\"target\":[\"https:\\\/\\\/shop.bantam.ch\\\/de\\\/produkt\\\/insektenschutz-ballistol-stichfrei-sensitive-pump-spray-100-ml\\\/\"]}]},{\"@type\":\"ImageObject\",\"inLanguage\":\"de\",\"@id\":\"https:\\\/\\\/shop.bantam.ch\\\/de\\\/produkt\\\/insektenschutz-ballistol-stichfrei-sensitive-pump-spray-100-ml\\\/#primaryimage\",\"url\":\"https:\\\/\\\/shop.bantam.ch\\\/wp-content\\\/uploads\\\/2025\\\/12\\\/Movera-L-9961752100.jpg\",\"contentUrl\":\"https:\\\/\\\/shop.bantam.ch\\\/wp-content\\\/uploads\\\/2025\\\/12\\\/Movera-L-9961752100.jpg\",\"width\":282,\"height\":1000},{\"@type\":\"BreadcrumbList\",\"@id\":\"https:\\\/\\\/shop.bantam.ch\\\/de\\\/produkt\\\/insektenschutz-ballistol-stichfrei-sensitive-pump-spray-100-ml\\\/#breadcrumb\",\"itemListElement\":[{\"@type\":\"ListItem\",\"position\":1,\"name\":\"Accueil\",\"item\":\"https:\\\/\\\/shop.bantam.ch\\\/de\\\/\"},{\"@type\":\"ListItem\",\"position\":2,\"name\":\"Shop\",\"item\":\"https:\\\/\\\/shop.bantam.ch\\\/de\\\/shop\\\/\"},{\"@type\":\"ListItem\",\"position\":3,\"name\":\"Insektenschutz BALLISTOL Stichfrei Sensitive Pump-Spray, 100 ml\"}]},{\"@type\":\"WebSite\",\"@id\":\"https:\\\/\\\/shop.bantam.ch\\\/de\\\/#website\",\"url\":\"https:\\\/\\\/shop.bantam.ch\\\/de\\\/\",\"name\":\"Bantam Camping AG\",\"description\":\"\",\"publisher\":{\"@id\":\"https:\\\/\\\/shop.bantam.ch\\\/de\\\/#organization\"},\"inLanguage\":\"de\"},{\"@type\":\"Organization\",\"@id\":\"https:\\\/\\\/shop.bantam.ch\\\/de\\\/#organization\",\"name\":\"Bantam Camping AG\",\"url\":\"https:\\\/\\\/shop.bantam.ch\\\/de\\\/\",\"logo\":{\"@type\":\"ImageObject\",\"inLanguage\":\"de\",\"@id\":\"https:\\\/\\\/shop.bantam.ch\\\/de\\\/#\\\/schema\\\/logo\\\/image\\\/\",\"url\":\"https:\\\/\\\/shop.bantam.ch\\\/wp-content\\\/uploads\\\/2022\\\/12\\\/bantam-logo.png\",\"contentUrl\":\"https:\\\/\\\/shop.bantam.ch\\\/wp-content\\\/uploads\\\/2022\\\/12\\\/bantam-logo.png\",\"width\":320,\"height\":71,\"caption\":\"Bantam Camping AG\"},\"image\":{\"@id\":\"https:\\\/\\\/shop.bantam.ch\\\/de\\\/#\\\/schema\\\/logo\\\/image\\\/\"}}]}<\/script>\n<!-- \/ Yoast SEO plugin. -->","yoast_head_json":{"title":"Insektenschutz BALLISTOL Stichfrei Sensitive Pump-Spray, 100 ml - Bantam Camping AG","robots":{"index":"index","follow":"follow","max-snippet":"max-snippet:-1","max-image-preview":"max-image-preview:large","max-video-preview":"max-video-preview:-1"},"canonical":"https:\/\/shop.bantam.ch\/de\/produkt\/insektenschutz-ballistol-stichfrei-sensitive-pump-spray-100-ml\/","og_locale":"de_DE","og_type":"article","og_title":"Insektenschutz BALLISTOL Stichfrei Sensitive Pump-Spray, 100 ml - Bantam Camping AG","og_description":"Schutz vor M\u00fccken, Bremsen und Zecken f\u00fcr Menschen mit allergischer und empfindlicher Haut und Allergiker Wirkdauer: bis zu 6 Stunden Wirkstoff: 9,8 % Icardin Spezielle Weiterentwicklung des Ballistol Stichfrei f\u00fcr sensible Haut Auch geeignet f\u00fcr Kontaktallergiker und Asthmatiker Getestet und empfohlen vom DAAB (Deutscher Allergie- und Asthmaverbund e.V.) Frei von \u00e4therischen \u00d6len, Duft-, Farb-, Aroma- [&hellip;]","og_url":"https:\/\/shop.bantam.ch\/de\/produkt\/insektenschutz-ballistol-stichfrei-sensitive-pump-spray-100-ml\/","og_site_name":"Bantam Camping AG","article_modified_time":"2026-04-19T21:47:31+00:00","twitter_card":"summary_large_image","twitter_misc":{"Gesch\u00e4tzte Lesezeit":"1\u00a0Minute"},"schema":{"@context":"https:\/\/schema.org","@graph":[{"@type":"WebPage","@id":"https:\/\/shop.bantam.ch\/de\/produkt\/insektenschutz-ballistol-stichfrei-sensitive-pump-spray-100-ml\/","url":"https:\/\/shop.bantam.ch\/de\/produkt\/insektenschutz-ballistol-stichfrei-sensitive-pump-spray-100-ml\/","name":"Insektenschutz BALLISTOL Stichfrei Sensitive Pump-Spray, 100 ml - Bantam Camping AG","isPartOf":{"@id":"https:\/\/shop.bantam.ch\/de\/#website"},"primaryImageOfPage":{"@id":"https:\/\/shop.bantam.ch\/de\/produkt\/insektenschutz-ballistol-stichfrei-sensitive-pump-spray-100-ml\/#primaryimage"},"image":{"@id":"https:\/\/shop.bantam.ch\/de\/produkt\/insektenschutz-ballistol-stichfrei-sensitive-pump-spray-100-ml\/#primaryimage"},"thumbnailUrl":"https:\/\/shop.bantam.ch\/wp-content\/uploads\/2025\/12\/Movera-L-9961752100.jpg","datePublished":"2025-12-17T14:05:47+00:00","dateModified":"2026-04-19T21:47:31+00:00","breadcrumb":{"@id":"https:\/\/shop.bantam.ch\/de\/produkt\/insektenschutz-ballistol-stichfrei-sensitive-pump-spray-100-ml\/#breadcrumb"},"inLanguage":"de","potentialAction":[{"@type":"ReadAction","target":["https:\/\/shop.bantam.ch\/de\/produkt\/insektenschutz-ballistol-stichfrei-sensitive-pump-spray-100-ml\/"]}]},{"@type":"ImageObject","inLanguage":"de","@id":"https:\/\/shop.bantam.ch\/de\/produkt\/insektenschutz-ballistol-stichfrei-sensitive-pump-spray-100-ml\/#primaryimage","url":"https:\/\/shop.bantam.ch\/wp-content\/uploads\/2025\/12\/Movera-L-9961752100.jpg","contentUrl":"https:\/\/shop.bantam.ch\/wp-content\/uploads\/2025\/12\/Movera-L-9961752100.jpg","width":282,"height":1000},{"@type":"BreadcrumbList","@id":"https:\/\/shop.bantam.ch\/de\/produkt\/insektenschutz-ballistol-stichfrei-sensitive-pump-spray-100-ml\/#breadcrumb","itemListElement":[{"@type":"ListItem","position":1,"name":"Accueil","item":"https:\/\/shop.bantam.ch\/de\/"},{"@type":"ListItem","position":2,"name":"Shop","item":"https:\/\/shop.bantam.ch\/de\/shop\/"},{"@type":"ListItem","position":3,"name":"Insektenschutz BALLISTOL Stichfrei Sensitive Pump-Spray, 100 ml"}]},{"@type":"WebSite","@id":"https:\/\/shop.bantam.ch\/de\/#website","url":"https:\/\/shop.bantam.ch\/de\/","name":"Bantam Camping AG","description":"","publisher":{"@id":"https:\/\/shop.bantam.ch\/de\/#organization"},"inLanguage":"de"},{"@type":"Organization","@id":"https:\/\/shop.bantam.ch\/de\/#organization","name":"Bantam Camping AG","url":"https:\/\/shop.bantam.ch\/de\/","logo":{"@type":"ImageObject","inLanguage":"de","@id":"https:\/\/shop.bantam.ch\/de\/#\/schema\/logo\/image\/","url":"https:\/\/shop.bantam.ch\/wp-content\/uploads\/2022\/12\/bantam-logo.png","contentUrl":"https:\/\/shop.bantam.ch\/wp-content\/uploads\/2022\/12\/bantam-logo.png","width":320,"height":71,"caption":"Bantam Camping AG"},"image":{"@id":"https:\/\/shop.bantam.ch\/de\/#\/schema\/logo\/image\/"}}]}},"_links":{"self":[{"href":"https:\/\/shop.bantam.ch\/de\/wp-json\/wp\/v2\/product\/225043","targetHints":{"allow":["GET"]}}],"collection":[{"href":"https:\/\/shop.bantam.ch\/de\/wp-json\/wp\/v2\/product"}],"about":[{"href":"https:\/\/shop.bantam.ch\/de\/wp-json\/wp\/v2\/types\/product"}],"wp:featuredmedia":[{"embeddable":true,"href":"https:\/\/shop.bantam.ch\/de\/wp-json\/wp\/v2\/media\/225041"}],"wp:attachment":[{"href":"https:\/\/shop.bantam.ch\/de\/wp-json\/wp\/v2\/media?parent=225043"}],"wp:term":[{"taxonomy":"product_featured_cat","embeddable":true,"href":"https:\/\/shop.bantam.ch\/de\/wp-json\/wp\/v2\/product_featured_cat?post=225043"},{"taxonomy":"product_brand","embeddable":true,"href":"https:\/\/shop.bantam.ch\/de\/wp-json\/wp\/v2\/product_brand?post=225043"},{"taxonomy":"product_cat","embeddable":true,"href":"https:\/\/shop.bantam.ch\/de\/wp-json\/wp\/v2\/product_cat?post=225043"},{"taxonomy":"product_tag","embeddable":true,"href":"https:\/\/shop.bantam.ch\/de\/wp-json\/wp\/v2\/product_tag?post=225043"}],"curies":[{"name":"wp","href":"https:\/\/api.w.org\/{rel}","templated":true}]}}