{"id":224959,"date":"2025-12-17T15:03:49","date_gmt":"2025-12-17T14:03:49","guid":{"rendered":"https:\/\/shop.bantam.ch\/produit\/infotainer-z-n875-1-din-9-zoll-display-dab-apple-carplay-und-android-auto\/"},"modified":"2026-04-17T23:40:22","modified_gmt":"2026-04-17T21:40:22","slug":"infotainer-z-n875-1-din-9-zoll-display-dab-apple-carplay-und-android-auto","status":"publish","type":"product","link":"https:\/\/shop.bantam.ch\/de\/produkt\/infotainer-z-n875-1-din-9-zoll-display-dab-apple-carplay-und-android-auto\/","title":{"rendered":"Infotainer Z-N875 1-DIN 9 Zoll Display, DAB+, Apple Carplay und Android Auto"},"content":{"rendered":"<p>Das ZENEC Z-N875 ist ein top ausgestattetes Infotainment System f\u00fcr Fahrzeuge mit 1-DIN Ger\u00e4teeinbauschacht. F\u00fcr eine optimale Positionierung im Cockpit ist das edle rahmenlose Display des Z-N875 mit einem mechanischen Einstellmechanismus ausgestattet, der es erlaubt, den Neigungswinkel und die vertikale Display Position individuell anzupassen. Der kapazitive, ber\u00fchrungsempfindliche 22,9 cm\/9&#8243; TFT (1024 x 600 Pixel) Bildschirm mit Echtglasoberfl\u00e4che sorgt f\u00fcr kontrastreiche, scharfe und brillante Bilder.<\/p>\n<p>Der Z-N875 ist Apple CarPlay und Google Android AutoTM zertifiziert. Die speziell von Apple und Google entwickelten Systeme zur Konnektivit\u00e4t von Smartphones und Infotainment Systemen bieten h\u00f6chste Verkehrssicherheit und erm\u00f6glichen eine bequeme Nutzung der installierten Apps. Dockt man das Smartphone \u00fcber den USB-A 2.0 Port an den Infotainer an, werden die App Grafiken auf den Ger\u00e4tebildschirm skaliert. Bedient wird je nach eigener Pr\u00e4ferenz \u00fcber Touchscreen, Lenkradfernbedienung oder Sprachsteuerung via Apple Siri oder den Google Sprachassistenten. Routenplaner, Anruffunktion, Nachrichtenversand und -empfang oder Musik h\u00f6ren werden zum Kinderspiel. Wer ein Abo f\u00fcr aktuelle Streaming Dienste wie Apple Music, Spotify oder Amazon Music auf seinem Smartphone hat, kann dieses Abo somit auch auf dem Z-N875 nutzen.<\/p>\n<p>Die Routenf\u00fchrung \u00fcber die auf dem Smartphone nativ integrierten Google oder Apple Kartenapps ist sehr bequem. Wem dies nicht reicht, der kann seine Lieblings Offline-Navi-App auf dem Smartphone benutzen, wenn diese von Apple\/Google f\u00fcr die CarPlay oder Android Auto Nutzung freigegeben ist. Apple CarPlay und Android Auto werden von Apple und Google laufend weiter entwickelt und funktionell erg\u00e4nzt.<\/p>\n<p>Klassische Radio-Funktionen beherrscht der Z-N875 nat\u00fcrlich aus dem FF. Denn der Z-N875 verf\u00fcgt nicht nur \u00fcber einen empfangsstarken und einfach zu bedienenden UKW RDS Tuner, sondern auch \u00fcber einen topaktuellen DAB+ Twin-Tuner. Dieser deckt die komplette Programmvielfalt des Digitalradiostandards ab, inklusive wichtiger und gesch\u00e4tzter Komfortfunktionen wie dynamische Stationsliste (&#8222;Background Scan&#8220;), MOT Slideshow, DLS-Text und DABFM\/DABDAB Seamless Service-Following.<\/p>\n<p>Das Bluetooth 4.2 Modul bietet Freisprech-Funktionen in hoher Audioqualit\u00e4t und \u00fcberzeugt mit moderner Telefonbuchverwaltung, Kontaktsuchfunktion und optimierter einfacher Bedienung. Via A2DP Musikstreaming kann die Musiksammlung auf dem Smartphone drahtlos \u00fcber den Infotainer wiedergeben werden.<\/p>\n<p>Der Z-N875 steuert bis zu drei R\u00fcckfahrkameras. Die Favoritentaste kann mit der CAM-Funktion belegt werden, so dass eine direkte Bedienung der angeschlossenen Kamera(s) m\u00f6glich ist. Von gro\u00dfem Praxisnutzen sind die zus\u00e4tzlich einblendbaren, auf die jeweiligen Kamerasysteme einstellbaren Park-Hilfslinien zur einfacheren Distanzabsch\u00e4tzung.<\/p>\n<p>Seinen hohen Anspruch l\u00f6st das Ger\u00e4t auch bei den Audiofunktionen ein. Im Expert Modus erm\u00f6glicht der DSP Chip, die Front\/Rear sowie Subwoofer Ausg\u00e4nge mit konfigurierbaren Hoch- und Tiefpassfiltern anzupassen und aufeinander abzustimmen. Die individuell f\u00fcr jeden Kanal einstellbare 5-Kanal Laufzeitkorrektur erlaubt die Optimierung der Stereo-Abbildung f\u00fcr Fahrer- oder Beifahrersitz. Der Eingabe der Verz\u00f6gerung kann hierbei als Distanz in cm oder als Schalllaufzeit in mS erfolgen. Der graphische 10-Band Equalizer tunt den Frequenzgang im Fahrzeug auf pers\u00f6nlichen Vorlieben.<\/p>\n<p>Der Z-N875 unterst\u00fctzt die Wiedergabe der aktuellsten Audio- und Videoformate von USB-Datentr\u00e4gern \u00fcber seine USB-A 2.0 Ports.<\/p>\n<p>Fahrzeugkompatibilit\u00e4t<br \/>Das Z-N875 Ger\u00e4t passt in das Armaturenbrett von Fahrzeugen, die \u00fcber eine direkte 1-DIN Ger\u00e4teaufnahme bzw. \u00fcber ein fahrzeugspezifisches Montage-Kit f\u00fcr Ger\u00e4te mit 1-DIN Geh\u00e4use verf\u00fcgen.<\/p>\n<p>\u00a0HAUPTMERKMALE<\/p>\n<ul>\n<li>1-DIN Infotainment System mit 9&#8243; Display und DAB+ Tuner<\/li>\n<li>Ber\u00fchrungsempfindlicher, kapazitiver 9&#8243;\/22,9 cm LCD-TFT Bildschirm (1024 x 600 Pixel) mit Echtglasoberfl\u00e4che und einstellbarem Display<\/li>\n<li>OSD Men\u00fc in 15 unterschiedlichen EU Sprachen<\/li>\n<li>DAB+ Twin-Tuner mit dynamischer Stationsliste, DABFM und DABDAB Seamless Service-Following, MOT Slideshow und DLS-Text<\/li>\n<li>KW RDS Radio mit 18 Stationsspeicherpl\u00e4tzen<\/li>\n<li>Works with Google Android AutoTM<\/li>\n<li>Works with Apple CarPlay<\/li>\n<li>Made for iPod \/ iPhone<\/li>\n<li>Bluetooth 4.2 Freisprechmodul mit A2DP Musikstreaming<\/li>\n<li>Steuerung von drei Kamerasystemen mit automatischer Umschaltfunktion, anpassbare Hilfslinien<\/li>\n<li>SP-REM Fernbedienungs-App zur Steuerung von Audio-Quellen ab Smartphone (iOS\/Android)<\/li>\n<li>RGB Multicolor Sensortasten Bedienfeld<\/li>\n<li>4 x 50 W Endstufe<\/li>\n<\/ul>\n<p>BLUETOOTH<\/p>\n<ul>\n<li>Bluetooth 4.2 Modul mit Freisprechfunktion<\/li>\n<li>Import von 1000 Telefonbuchkontakten mit jeweils 3 Rufnummern<\/li>\n<li>Speicherresidentes Telefonbuch mit Sofortzugriff auf synchronisierte Kontakte<\/li>\n<li>Schnellwahl Funktion f\u00fcr Kontaktfavoriten<\/li>\n<li>Telefonbuchkontakt Suchfunktion per Tastatureingabe nach Vor- und Nachname<\/li>\n<li>A2DP 1.3 Smartphone Musik-Streaming mit AVRCP 1.6 und iD3-Tag Anzeige Modus (Interpret, Titel, Album)<\/li>\n<li>Internes Bluetooth Mikrofon, Eingang f\u00fcr externes Mikrofon<\/li>\n<\/ul>\n<p>MULTIMEDIA + AUDIO<\/p>\n<ul>\n<li>DAB+ Empf\u00e4nger mit Twin-Tuner f\u00fcr DAB+<\/li>\n<li>UKW RDS Radio mit 18 Stationsspeicherpl\u00e4tzen und DSP Rauschunterdr\u00fcckung<\/li>\n<li>USB-A(1) 2.0 Port f\u00fcr Apple MFi, Apple CarPlay, Google Android AutoTM, A\/V Medienwiedergabe*3, Software Updates, 1500 mA Smartphone Ladestrom<\/li>\n<li>USB-A(2) 2.0 Port f\u00fcr Apple MFi, A\/V Medienwiedergabe*3, Software Updates, 1500 mA Smartphone Ladestrom<\/li>\n<li>5CH Laufzeitkorrektur durch Audio-DSP (0 &#8211; 10 mS Verz\u00f6gerung)<\/li>\n<li>Grafischer 10-Band Equalizer mit 7 vordefinierten EQ-Presets<\/li>\n<li>Hoch- und Tiefpassfilter f\u00fcr Front\/Rear\/Sub mit 12 dB\/Okt. Flankensteilheit<\/li>\n<li>HDMI Eingang f\u00fcr Zubeh\u00f6r und kompatible Mobilger\u00e4te<\/li>\n<li>microSDHC Kartenleser an der Ger\u00e4tefront f\u00fcr A\/V Medienwiedergabe<\/li>\n<li>24 Bit D\/A Wandler<\/li>\n<\/ul>\n<p>ANSCHL\u00dcSSE<\/p>\n<ul>\n<li>4.2 Cinch Vorverst\u00e4rker Ausgang (3 V)<\/li>\n<li>3 x Cinch Eingang f\u00fcr Kamera Video Signale (CVBS) mit geschalteter Stromversorgung und Mikrofon-Eingang (Cam1)<\/li>\n<li>1 x DIN UKW Antenneneingang<\/li>\n<li>1 x SMB DAB Antenneneingang mit 12 V Phantom Stromversorgung<\/li>\n<li>1 x USB-A(1) 2.0 Port f\u00fcr iOS und Android Smartphones, ~1500 mA Ladestrom<\/li>\n<li>1 x USB-A(2) 2.0 Port f\u00fcr USB A\/V Medien-Dateiwiedergabe, ~1500 mA Ladestrom f\u00fcr Smartphones<\/li>\n<li>1 x microSDHC Kartenleser f\u00fcr A\/V Medienwiedergabe*3<\/li>\n<li>1 x Cinch A\/V Eingang f\u00fcr 2CH Audio und Video Signal (CVBS)<\/li>\n<li>1 x Cinch A\/V Ausgang f\u00fcr 2CH Audio- (Festpegel) und Video-Signal (CVBS)<\/li>\n<li>1 x Eingang f\u00fcr externes Bluetooth Mikrofon*2<\/li>\n<li>1 x Eingang f\u00fcr den Anschluss des anlernbaren Lenkradtasteninterfaces<\/li>\n<li>1 x IR-In Eingang f\u00fcr externes CAN\/SWC Interface<\/li>\n<li>1 x HDMI Eingang<\/li>\n<li>1 x Fakra Buchse f\u00fcr GPS Antenne (Google Android AutoTM)<\/li>\n<\/ul>\n","protected":false},"excerpt":{"rendered":"<p>Das ZENEC Z-N875 ist ein top ausgestattetes Infotainment System f\u00fcr Fahrzeuge mit 1-DIN Ger\u00e4teeinbauschacht. F\u00fcr eine optimale Positionierung im Cockpit ist das edle rahmenlose Display des Z-N875 mit einem mechanischen Einstellmechanismus ausgestattet, der es erlaubt, den Neigungswinkel und die vertikale Display Position individuell anzupassen. Der kapazitive, ber\u00fchrungsempfindliche 22,9 cm\/9&#8243; TFT (1024 x 600 Pixel) Bildschirm [&hellip;]<\/p>\n","protected":false},"featured_media":224953,"template":"","meta":{"_acf_changed":false},"product_featured_cat":[],"product_brand":[],"product_cat":[5000],"product_tag":[],"class_list":{"0":"post-224959","1":"product","2":"type-product","3":"status-publish","4":"has-post-thumbnail","6":"product_cat-monitore","8":"first","9":"instock","10":"taxable","11":"shipping-taxable","12":"purchasable","13":"product-type-simple"},"acf":[],"yoast_head":"<!-- This site is optimized with the Yoast SEO plugin v27.4 - https:\/\/yoast.com\/product\/yoast-seo-wordpress\/ -->\n<title>Infotainer Z-N875 1-DIN 9 Zoll Display, DAB+, Apple Carplay und Android Auto - Bantam Camping AG<\/title>\n<meta name=\"robots\" content=\"index, follow, max-snippet:-1, max-image-preview:large, max-video-preview:-1\" \/>\n<link rel=\"canonical\" href=\"https:\/\/shop.bantam.ch\/de\/produkt\/infotainer-z-n875-1-din-9-zoll-display-dab-apple-carplay-und-android-auto\/\" \/>\n<meta property=\"og:locale\" content=\"de_DE\" \/>\n<meta property=\"og:type\" content=\"article\" \/>\n<meta property=\"og:title\" content=\"Infotainer Z-N875 1-DIN 9 Zoll Display, DAB+, Apple Carplay und Android Auto - Bantam Camping AG\" \/>\n<meta property=\"og:description\" content=\"Das ZENEC Z-N875 ist ein top ausgestattetes Infotainment System f\u00fcr Fahrzeuge mit 1-DIN Ger\u00e4teeinbauschacht. F\u00fcr eine optimale Positionierung im Cockpit ist das edle rahmenlose Display des Z-N875 mit einem mechanischen Einstellmechanismus ausgestattet, der es erlaubt, den Neigungswinkel und die vertikale Display Position individuell anzupassen. Der kapazitive, ber\u00fchrungsempfindliche 22,9 cm\/9&#8243; TFT (1024 x 600 Pixel) Bildschirm [&hellip;]\" \/>\n<meta property=\"og:url\" content=\"https:\/\/shop.bantam.ch\/de\/produkt\/infotainer-z-n875-1-din-9-zoll-display-dab-apple-carplay-und-android-auto\/\" \/>\n<meta property=\"og:site_name\" content=\"Bantam Camping AG\" \/>\n<meta property=\"article:modified_time\" content=\"2026-04-17T21:40:22+00:00\" \/>\n<meta name=\"twitter:card\" content=\"summary_large_image\" \/>\n<meta name=\"twitter:label1\" content=\"Gesch\u00e4tzte Lesezeit\" \/>\n\t<meta name=\"twitter:data1\" content=\"5\u00a0Minuten\" \/>\n<script type=\"application\/ld+json\" class=\"yoast-schema-graph\">{\"@context\":\"https:\\\/\\\/schema.org\",\"@graph\":[{\"@type\":\"WebPage\",\"@id\":\"https:\\\/\\\/shop.bantam.ch\\\/de\\\/produkt\\\/infotainer-z-n875-1-din-9-zoll-display-dab-apple-carplay-und-android-auto\\\/\",\"url\":\"https:\\\/\\\/shop.bantam.ch\\\/de\\\/produkt\\\/infotainer-z-n875-1-din-9-zoll-display-dab-apple-carplay-und-android-auto\\\/\",\"name\":\"Infotainer Z-N875 1-DIN 9 Zoll Display, DAB+, Apple Carplay und Android Auto - Bantam Camping AG\",\"isPartOf\":{\"@id\":\"https:\\\/\\\/shop.bantam.ch\\\/de\\\/#website\"},\"primaryImageOfPage\":{\"@id\":\"https:\\\/\\\/shop.bantam.ch\\\/de\\\/produkt\\\/infotainer-z-n875-1-din-9-zoll-display-dab-apple-carplay-und-android-auto\\\/#primaryimage\"},\"image\":{\"@id\":\"https:\\\/\\\/shop.bantam.ch\\\/de\\\/produkt\\\/infotainer-z-n875-1-din-9-zoll-display-dab-apple-carplay-und-android-auto\\\/#primaryimage\"},\"thumbnailUrl\":\"https:\\\/\\\/shop.bantam.ch\\\/wp-content\\\/uploads\\\/2025\\\/12\\\/Movera-L-9958288100.jpg\",\"datePublished\":\"2025-12-17T14:03:49+00:00\",\"dateModified\":\"2026-04-17T21:40:22+00:00\",\"breadcrumb\":{\"@id\":\"https:\\\/\\\/shop.bantam.ch\\\/de\\\/produkt\\\/infotainer-z-n875-1-din-9-zoll-display-dab-apple-carplay-und-android-auto\\\/#breadcrumb\"},\"inLanguage\":\"de\",\"potentialAction\":[{\"@type\":\"ReadAction\",\"target\":[\"https:\\\/\\\/shop.bantam.ch\\\/de\\\/produkt\\\/infotainer-z-n875-1-din-9-zoll-display-dab-apple-carplay-und-android-auto\\\/\"]}]},{\"@type\":\"ImageObject\",\"inLanguage\":\"de\",\"@id\":\"https:\\\/\\\/shop.bantam.ch\\\/de\\\/produkt\\\/infotainer-z-n875-1-din-9-zoll-display-dab-apple-carplay-und-android-auto\\\/#primaryimage\",\"url\":\"https:\\\/\\\/shop.bantam.ch\\\/wp-content\\\/uploads\\\/2025\\\/12\\\/Movera-L-9958288100.jpg\",\"contentUrl\":\"https:\\\/\\\/shop.bantam.ch\\\/wp-content\\\/uploads\\\/2025\\\/12\\\/Movera-L-9958288100.jpg\",\"width\":640,\"height\":431},{\"@type\":\"BreadcrumbList\",\"@id\":\"https:\\\/\\\/shop.bantam.ch\\\/de\\\/produkt\\\/infotainer-z-n875-1-din-9-zoll-display-dab-apple-carplay-und-android-auto\\\/#breadcrumb\",\"itemListElement\":[{\"@type\":\"ListItem\",\"position\":1,\"name\":\"Accueil\",\"item\":\"https:\\\/\\\/shop.bantam.ch\\\/de\\\/\"},{\"@type\":\"ListItem\",\"position\":2,\"name\":\"Shop\",\"item\":\"https:\\\/\\\/shop.bantam.ch\\\/de\\\/shop\\\/\"},{\"@type\":\"ListItem\",\"position\":3,\"name\":\"Infotainer Z-N875 1-DIN 9 Zoll Display, DAB+, Apple Carplay und Android Auto\"}]},{\"@type\":\"WebSite\",\"@id\":\"https:\\\/\\\/shop.bantam.ch\\\/de\\\/#website\",\"url\":\"https:\\\/\\\/shop.bantam.ch\\\/de\\\/\",\"name\":\"Bantam Camping AG\",\"description\":\"\",\"publisher\":{\"@id\":\"https:\\\/\\\/shop.bantam.ch\\\/de\\\/#organization\"},\"inLanguage\":\"de\"},{\"@type\":\"Organization\",\"@id\":\"https:\\\/\\\/shop.bantam.ch\\\/de\\\/#organization\",\"name\":\"Bantam Camping AG\",\"url\":\"https:\\\/\\\/shop.bantam.ch\\\/de\\\/\",\"logo\":{\"@type\":\"ImageObject\",\"inLanguage\":\"de\",\"@id\":\"https:\\\/\\\/shop.bantam.ch\\\/de\\\/#\\\/schema\\\/logo\\\/image\\\/\",\"url\":\"https:\\\/\\\/shop.bantam.ch\\\/wp-content\\\/uploads\\\/2022\\\/12\\\/bantam-logo.png\",\"contentUrl\":\"https:\\\/\\\/shop.bantam.ch\\\/wp-content\\\/uploads\\\/2022\\\/12\\\/bantam-logo.png\",\"width\":320,\"height\":71,\"caption\":\"Bantam Camping AG\"},\"image\":{\"@id\":\"https:\\\/\\\/shop.bantam.ch\\\/de\\\/#\\\/schema\\\/logo\\\/image\\\/\"}}]}<\/script>\n<!-- \/ Yoast SEO plugin. -->","yoast_head_json":{"title":"Infotainer Z-N875 1-DIN 9 Zoll Display, DAB+, Apple Carplay und Android Auto - Bantam Camping AG","robots":{"index":"index","follow":"follow","max-snippet":"max-snippet:-1","max-image-preview":"max-image-preview:large","max-video-preview":"max-video-preview:-1"},"canonical":"https:\/\/shop.bantam.ch\/de\/produkt\/infotainer-z-n875-1-din-9-zoll-display-dab-apple-carplay-und-android-auto\/","og_locale":"de_DE","og_type":"article","og_title":"Infotainer Z-N875 1-DIN 9 Zoll Display, DAB+, Apple Carplay und Android Auto - Bantam Camping AG","og_description":"Das ZENEC Z-N875 ist ein top ausgestattetes Infotainment System f\u00fcr Fahrzeuge mit 1-DIN Ger\u00e4teeinbauschacht. F\u00fcr eine optimale Positionierung im Cockpit ist das edle rahmenlose Display des Z-N875 mit einem mechanischen Einstellmechanismus ausgestattet, der es erlaubt, den Neigungswinkel und die vertikale Display Position individuell anzupassen. Der kapazitive, ber\u00fchrungsempfindliche 22,9 cm\/9&#8243; TFT (1024 x 600 Pixel) Bildschirm [&hellip;]","og_url":"https:\/\/shop.bantam.ch\/de\/produkt\/infotainer-z-n875-1-din-9-zoll-display-dab-apple-carplay-und-android-auto\/","og_site_name":"Bantam Camping AG","article_modified_time":"2026-04-17T21:40:22+00:00","twitter_card":"summary_large_image","twitter_misc":{"Gesch\u00e4tzte Lesezeit":"5\u00a0Minuten"},"schema":{"@context":"https:\/\/schema.org","@graph":[{"@type":"WebPage","@id":"https:\/\/shop.bantam.ch\/de\/produkt\/infotainer-z-n875-1-din-9-zoll-display-dab-apple-carplay-und-android-auto\/","url":"https:\/\/shop.bantam.ch\/de\/produkt\/infotainer-z-n875-1-din-9-zoll-display-dab-apple-carplay-und-android-auto\/","name":"Infotainer Z-N875 1-DIN 9 Zoll Display, DAB+, Apple Carplay und Android Auto - Bantam Camping AG","isPartOf":{"@id":"https:\/\/shop.bantam.ch\/de\/#website"},"primaryImageOfPage":{"@id":"https:\/\/shop.bantam.ch\/de\/produkt\/infotainer-z-n875-1-din-9-zoll-display-dab-apple-carplay-und-android-auto\/#primaryimage"},"image":{"@id":"https:\/\/shop.bantam.ch\/de\/produkt\/infotainer-z-n875-1-din-9-zoll-display-dab-apple-carplay-und-android-auto\/#primaryimage"},"thumbnailUrl":"https:\/\/shop.bantam.ch\/wp-content\/uploads\/2025\/12\/Movera-L-9958288100.jpg","datePublished":"2025-12-17T14:03:49+00:00","dateModified":"2026-04-17T21:40:22+00:00","breadcrumb":{"@id":"https:\/\/shop.bantam.ch\/de\/produkt\/infotainer-z-n875-1-din-9-zoll-display-dab-apple-carplay-und-android-auto\/#breadcrumb"},"inLanguage":"de","potentialAction":[{"@type":"ReadAction","target":["https:\/\/shop.bantam.ch\/de\/produkt\/infotainer-z-n875-1-din-9-zoll-display-dab-apple-carplay-und-android-auto\/"]}]},{"@type":"ImageObject","inLanguage":"de","@id":"https:\/\/shop.bantam.ch\/de\/produkt\/infotainer-z-n875-1-din-9-zoll-display-dab-apple-carplay-und-android-auto\/#primaryimage","url":"https:\/\/shop.bantam.ch\/wp-content\/uploads\/2025\/12\/Movera-L-9958288100.jpg","contentUrl":"https:\/\/shop.bantam.ch\/wp-content\/uploads\/2025\/12\/Movera-L-9958288100.jpg","width":640,"height":431},{"@type":"BreadcrumbList","@id":"https:\/\/shop.bantam.ch\/de\/produkt\/infotainer-z-n875-1-din-9-zoll-display-dab-apple-carplay-und-android-auto\/#breadcrumb","itemListElement":[{"@type":"ListItem","position":1,"name":"Accueil","item":"https:\/\/shop.bantam.ch\/de\/"},{"@type":"ListItem","position":2,"name":"Shop","item":"https:\/\/shop.bantam.ch\/de\/shop\/"},{"@type":"ListItem","position":3,"name":"Infotainer Z-N875 1-DIN 9 Zoll Display, DAB+, Apple Carplay und Android Auto"}]},{"@type":"WebSite","@id":"https:\/\/shop.bantam.ch\/de\/#website","url":"https:\/\/shop.bantam.ch\/de\/","name":"Bantam Camping AG","description":"","publisher":{"@id":"https:\/\/shop.bantam.ch\/de\/#organization"},"inLanguage":"de"},{"@type":"Organization","@id":"https:\/\/shop.bantam.ch\/de\/#organization","name":"Bantam Camping AG","url":"https:\/\/shop.bantam.ch\/de\/","logo":{"@type":"ImageObject","inLanguage":"de","@id":"https:\/\/shop.bantam.ch\/de\/#\/schema\/logo\/image\/","url":"https:\/\/shop.bantam.ch\/wp-content\/uploads\/2022\/12\/bantam-logo.png","contentUrl":"https:\/\/shop.bantam.ch\/wp-content\/uploads\/2022\/12\/bantam-logo.png","width":320,"height":71,"caption":"Bantam Camping AG"},"image":{"@id":"https:\/\/shop.bantam.ch\/de\/#\/schema\/logo\/image\/"}}]}},"_links":{"self":[{"href":"https:\/\/shop.bantam.ch\/de\/wp-json\/wp\/v2\/product\/224959","targetHints":{"allow":["GET"]}}],"collection":[{"href":"https:\/\/shop.bantam.ch\/de\/wp-json\/wp\/v2\/product"}],"about":[{"href":"https:\/\/shop.bantam.ch\/de\/wp-json\/wp\/v2\/types\/product"}],"wp:featuredmedia":[{"embeddable":true,"href":"https:\/\/shop.bantam.ch\/de\/wp-json\/wp\/v2\/media\/224953"}],"wp:attachment":[{"href":"https:\/\/shop.bantam.ch\/de\/wp-json\/wp\/v2\/media?parent=224959"}],"wp:term":[{"taxonomy":"product_featured_cat","embeddable":true,"href":"https:\/\/shop.bantam.ch\/de\/wp-json\/wp\/v2\/product_featured_cat?post=224959"},{"taxonomy":"product_brand","embeddable":true,"href":"https:\/\/shop.bantam.ch\/de\/wp-json\/wp\/v2\/product_brand?post=224959"},{"taxonomy":"product_cat","embeddable":true,"href":"https:\/\/shop.bantam.ch\/de\/wp-json\/wp\/v2\/product_cat?post=224959"},{"taxonomy":"product_tag","embeddable":true,"href":"https:\/\/shop.bantam.ch\/de\/wp-json\/wp\/v2\/product_tag?post=224959"}],"curies":[{"name":"wp","href":"https:\/\/api.w.org\/{rel}","templated":true}]}}